
{"id":32266,"date":"2023-08-29T14:13:14","date_gmt":"2023-08-29T07:13:14","guid":{"rendered":"https:\/\/dalatreview.vn\/?p=32266"},"modified":"2025-01-16T12:26:17","modified_gmt":"2025-01-16T05:26:17","slug":"ve-nong-trai-cun-puppy-farm","status":"publish","type":"product","link":"https:\/\/dalatreview.vn\/en\/ve-nong-trai-cun-puppy-farm.html","title":{"rendered":"V\u00e9 N\u00f4ng Tr\u1ea1i C\u00fan &#8211; Puppy Farm"},"content":{"rendered":"<nav class=\"vietrick-auto-toc\">\n<div class=\"box-title\">\n<h3 class=\"toc-title\" id=\"select-menu\">Danh m\u1ee5c ch\u00ednh<\/h3>\n<div><ion-icon name=\"chevron-up-outline\"><\/ion-icon><\/div>\n<\/div>\n<ul class=\"toc-list\">\n<li><a href='https:\/\/dalatreview.vn\/en#ve-nong-trai-cun-puppy-farm' class='heading-h2 toc-link smooth-scroll'>V\u00e9 N\u00f4ng Tr\u1ea1i C\u00fan &#8211; Puppy Farm\u00a0<\/a>\n<li><a href='https:\/\/dalatreview.vn\/en#1-thong-tin-nong-trai-cun-puppy-farm' class='heading-h2 toc-link smooth-scroll'>1. Th\u00f4ng tin N\u00f4ng tr\u1ea1i c\u00fan &#8211; Puppy Farm\u00a0<\/a>\n<li><a href='https:\/\/dalatreview.vn\/en#2-tham-quan-nong-trai-cun-puppy-farm' class='heading-h2 toc-link smooth-scroll'>2. Tham quan N\u00f4ng tr\u1ea1i c\u00fan &#8211; puppy Farm\u00a0<\/a>\n<li><a href='https:\/\/dalatreview.vn\/en#3-thong-tin-dat-ve-nong-trai-cun-puppy-farm' class='heading-h2 toc-link smooth-scroll'>3. Th\u00f4ng tin \u0111\u1eb7t v\u00e9 N\u00f4ng tr\u1ea1i c\u00fan &#8211; Puppy Farm\u00a0<\/a><\/ul>\n<\/ul>\n<\/li>\n<\/ul>\n<\/nav>\n<h2 style=\"text-align: center;\" id=\"ve-nong-trai-cun-puppy-farm\"><strong>V\u00e9 N\u00f4ng Tr\u1ea1i C\u00fan &#8211; Puppy Farm\u00a0<\/strong><\/h2>\n<p>Puppy Farm ch\u00ednh l\u00e0 n\u01a1i \u0111\u00e1p \u1ee9ng \u0111\u01b0\u1ee3c r\u1ea5t nhi\u1ec1u t\u1ecda \u0111\u1ed9 check in d\u00e0nh cho nh\u1eefng t\u00edn \u0111\u1ed3 \u0111am m\u00ea s\u1ed1ng \u1ea3o. \u0110\u00e2y ch\u00ednh l\u00e0 m\u1ed9t thi\u00ean \u0111\u01b0\u1eddng hay c\u00f2n g\u1ecdi l\u00e0 \u201c\u0111\u1ea3o th\u00fa c\u01b0ng\u201d, \u1edf \u0111\u00e2y c\u00f3 v\u00f4 v\u00e0n nh\u1eefng ch\u00fa c\u00fan si\u00eau \u0111\u00e1ng y\u00eau v\u00e0 th\u00e2n thi\u1ec7n.<\/p>\n<p><img decoding=\"async\" class=\"aligncenter wp-image-32420 size-full\" src=\"https:\/\/dalatreview.vn\/wp-content\/uploads\/2023\/08\/369967299_2113606898970768_2045477140422493117_n.jpg\" alt=\"n\u00f4ng tr\u1ea1i c\u00fan puppy farm\" width=\"1364\" height=\"2047\" \/><\/p>\n<h2 id=\"1-thong-tin-nong-trai-cun-puppy-farm\"><span style=\"color: #003300;\"><strong>1. Th\u00f4ng tin N\u00f4ng tr\u1ea1i c\u00fan &#8211; Puppy Farm\u00a0<\/strong><\/span><\/h2>\n<p>Nh\u1eb1m ti\u1ebft ki\u1ec7m th\u1eddi gian, gi\u1ea3m thi\u1ec3u chi ph\u00ed du l\u1ecbch v\u00e0 \u0111\u01b0\u1ee3c tho\u1ea3i m\u00e1i tr\u1ea3i nghi\u1ec7m c\u00e1c d\u1ecbch v\u1ee5 b\u1ea1n c\u00f3 th\u1ec3 t\u1ea3i app v\u00e0 book v\u00e9 qua\u00a0<strong><a href=\"https:\/\/dalatreview.com\/nong-trai-cun-puppy-farm\" target=\"_blank\" rel=\"noopener\"><span style=\"color: #ff0000;\">\u1ee8ng d\u1ee5ng \u0110\u00e0 L\u1ea1t Review T\u1ea5t T\u1ea7n T\u1eadt<\/span><\/a><\/strong><span style=\"color: #ff0000;\">\u00a0<\/span>tr\u00ean Mobile<\/p>\n<p>Khi t\u1ea3i \u1ee9ng d\u1ee5ng \u0110\u00e0 L\u1ea1t Review T\u1ea5t T\u1ea7n T\u1eadt b\u1ea1n s\u1ebd nh\u1eadn \u0111\u01b0\u1ee3c\u00a0<span style=\"color: #ff0000;\"><strong>voucher mua h\u00e0ng 20k<\/strong><\/span>\u00a0(\u00c1p d\u1ee5ng cho h\u00f3a \u0111\u01a1n tr\u00ean 100.000\u0111) v\u00e0 r\u1ea5t nhi\u1ec1u \u01b0u \u0111\u00e3i h\u1ea5p d\u1eabn kh\u00e1c \u0111ang ch\u1edd \u0111\u00f3n b\u1ea1n.<\/p>\n<p>N\u00f4ng tr\u1ea1i c\u00fan Puppy Farm t\u1ecda l\u1ea1c t\u1ea1i Camly, th\u00f4ng M\u0103ng Lin, ph\u01b0\u1eddng 7 \u0110\u00e0 L\u1ea1t. N\u01a1i \u0111\u00e2y c\u00f3 s\u1ef1 h\u00f2a quy\u1ec7n c\u1ee7a v\u1ebb \u0111\u1eb9p thi\u00ean nhi\u00ean, hoa c\u1ecf v\u00e0 c\u1ea3 nh\u1eefng ch\u00fa c\u00fan v\u00f4 c\u00f9ng \u0111\u00e1ng y\u00eau d\u1ec5 th\u01b0\u01a1ng.<\/p>\n<p><img decoding=\"async\" class=\"aligncenter wp-image-32423 size-full\" src=\"https:\/\/dalatreview.vn\/wp-content\/uploads\/2023\/08\/354548555_1415422482585812_8796036962066288787_n.jpg\" alt=\"n\u00f4ng tr\u1ea1i c\u00fan puppy farm\" width=\"2048\" height=\"1364\" \/><\/p>\n<p>Puppy Farm \u0111\u01b0\u1ee3c m\u1ec7nh danh nh\u01b0 m\u1ed9t thi\u00ean \u0111\u01b0\u1eddng hay c\u00f2n g\u1ecdi l\u00e0 \u201c\u0111\u1ea3o th\u00fa c\u01b0ng\u201d, \u1edf \u0111\u00e2y c\u00f3 v\u00f4 v\u00e0n nh\u1eefng ch\u00fa c\u00fan si\u00eau \u0111\u00e1ng y\u00eau v\u00e0 th\u00e2n thi\u1ec7n.<\/p>\n<p><img decoding=\"async\" class=\"aligncenter wp-image-32422 size-full\" src=\"https:\/\/dalatreview.vn\/wp-content\/uploads\/2023\/08\/344724050_6277347458952732_6080474661253405354_n.jpg\" alt=\"n\u00f4ng tr\u1ea1i c\u00fan puppy farm\" width=\"2048\" height=\"1366\" \/><\/p>\n<p>\u0110\u1ebfn \u0111\u00e2y b\u1ea1n s\u1ebd \u0111\u01b0\u1ee3c th\u1ecfa s\u1ee9c vui \u0111\u00f9a ch\u1ee5p \u1ea3nh c\u00f9ng nh\u1eefng ch\u00fa c\u00fan v\u00f4 c\u00f9ng d\u1ec5 th\u01b0\u01a1ng nh\u01b0ng c\u0169ng kh\u00f4ng h\u1ec1 k\u00e9m ph\u1ea7n lanh l\u1ee3i v\u00e0 tinh ngh\u1ecbch mang \u0111\u1ebfn cho b\u1ea1n c\u1ea3m gi\u00e1c b\u00ecnh y\u00ean, y\u00eau \u0111\u1eddi.<\/p>\n<p><img decoding=\"async\" class=\"aligncenter wp-image-32421 size-full\" src=\"https:\/\/dalatreview.vn\/wp-content\/uploads\/2023\/08\/298098209_1115156902445418_3022274804674813295_n.jpg\" alt=\"n\u00f4ng tr\u1ea1i c\u00fan puppy farm\" width=\"1440\" height=\"1440\" \/><\/p>\n<p>T\u1ea1i \u0111\u00e2y c\u00f3 r\u1ea5t nhi\u1ec1u gi\u1ed1ng ch\u00f3 xinh x\u1eafn v\u00e0 \u0111\u1ec1u \u0111\u01b0\u1ee3c ch\u1ee7 nh\u00e2n ch\u0103m s\u00f3c m\u1ed9t c\u00e1ch c\u1ea9n th\u1eadn nh\u1ea5t v\u00e0 v\u00f4 c\u00f9ng s\u1ea1ch s\u1ebd, \u0111\u1eb7c bi\u1ec7t nh\u1eefng ch\u00fa c\u00fan \u1edf \u0111\u00e2y r\u1ea5t hi\u1ec1n l\u00e0nh v\u00e0 \u0111\u00e1ng y\u00eau.<\/p>\n<p><img decoding=\"async\" class=\"aligncenter wp-image-32424 size-full\" src=\"https:\/\/dalatreview.vn\/wp-content\/uploads\/2023\/08\/302533712_1243744239499749_358530574952417289_n.jpg\" alt=\"n\u00f4ng tr\u1ea1i c\u00fan puppy farm\" width=\"2048\" height=\"1364\" \/><\/p>\n<p>Nh\u1eefng ch\u00fa c\u00fan \u1edf \u0111\u00e2y s\u1ebd \u0111\u01b0\u1ee3c cho ra ch\u01a1i t\u1eeb 8h30 \u2013 11h30 v\u00e0 bu\u1ed5i chi\u1ec1u t\u1eeb 13h30 -16h30, b\u1ea1n n\u00ean ghi ch\u00fa l\u1ea1i khung gi\u1edd n\u00e0y \u0111\u1ec3 c\u00f3 th\u1ec3 gh\u00e9 \u0111\u1ebfn vui ch\u01a1i c\u00f9ng nh\u1eefng ng\u01b0\u1eddi b\u1ea1n \u0111\u00e1ng y\u00eau n\u00e0y nh\u00e9.<\/p>\n<h2 id=\"2-tham-quan-nong-trai-cun-puppy-farm\"><span style=\"color: #003300;\"><strong>2. Tham quan N\u00f4ng tr\u1ea1i c\u00fan &#8211; puppy Farm\u00a0<\/strong><\/span><\/h2>\n<p>Kh\u00f4ng gian t\u1ea1i \u0111\u00e2y \u0111\u01b0\u1ee3c ph\u00e2n th\u00e0nh nhi\u1ec1u khu v\u1ef1c kh\u00e1c nhau nh\u01b0: Khu c\u00fan c\u01b0ng, \u0111\u1ed3i hoa, v\u01b0\u1eddn sen \u0111\u00e1, v\u01b0\u1eddn d\u00e2u t\u00e2y. Khu n\u00e0o c\u0169ng \u0111\u1eb9p v\u00e0 tho\u00e1ng, \u0111\u1ebfn \u0111\u00e2y vui ch\u01a1i, ng\u1eafm c\u1ea3nh, check in c\u1ea3 ng\u00e0y c\u0169ng kh\u00f4ng th\u1ea5y ch\u00e1n \u0111\u00e2u nha.<\/p>\n<p><img decoding=\"async\" class=\"aligncenter wp-image-32425 size-full\" src=\"https:\/\/dalatreview.vn\/wp-content\/uploads\/2023\/08\/343429565_934675527780703_6004081783027156083_n.jpg\" alt=\"check in v\u01b0\u1eddn hoa t\u1ea1i n\u00f4ng tr\u1ea1i c\u00fan puppy farm\" width=\"1363\" height=\"2048\" \/><\/p>\n<p>Ngo\u00e0i l\u00e0 m\u1ed9t trang tr\u1ea1i c\u00fan, \u0111\u00e2y c\u00f2n l\u00e0 n\u01a1i th\u1ecfa s\u1ee9c s\u1ed1ng \u1ea3o d\u00e0nh cho h\u1ed9i ch\u1ecb em v\u1edbi nh\u1eefng v\u01b0\u1eddn hoa xinh \u0111\u1eb9p ng\u1ea5t ng\u00e2y, m\u1ed7i m\u00f9a s\u1ebd c\u00f3 nh\u1eefng lo\u00e0i hoa kh\u00e1c nhau thi nhau khoe s\u1eafc r\u1ef1c r\u1ee1.<\/p>\n<p><img decoding=\"async\" class=\"aligncenter wp-image-32426 size-full\" src=\"https:\/\/dalatreview.vn\/wp-content\/uploads\/2023\/08\/298455941_773027653898765_3871000028470962968_n.jpg\" alt=\"v\u01b0\u1eddn hoa c\u1ea9m t\u00fa c\u1ea7u t\u1ea1i n\u00f4ng tr\u1ea1i c\u00fan puppy farm\" width=\"2048\" height=\"1364\" \/><\/p>\n<p>N\u1ebfu nh\u01b0 b\u1ea1n \u0111\u1ebfm tham quan v\u00e0o \u0111\u00fang m\u00f9a hoa h\u01b0\u1edbng d\u01b0\u01a1ng hay hoa c\u1ea9m c\u1ea9m t\u00fa c\u1ea7u th\u00ec m\u00ecnh tin ch\u1eafc b\u1ea1n s\u1ebd c\u00f3 nh\u1eefng b\u1ee9c h\u00ecnh xinh lung linh lu\u00f4n nha.<\/p>\n<p><img decoding=\"async\" class=\"aligncenter wp-image-32428 size-full\" src=\"https:\/\/dalatreview.vn\/wp-content\/uploads\/2023\/08\/370365472_2113606788970779_7032596773764773204_n.jpg\" alt=\"tham quan v\u01b0\u1eddn sen \u0111\u00e1 t\u1ea1i n\u00f4ng tr\u1ea1i c\u00fan puppy farm\" width=\"2047\" height=\"1364\" \/><\/p>\n<p>M\u1ed9t \u0111i\u1ec3m \u0111\u1eb7c bi\u1ec7t kh\u00f4ng th\u1ec3 thi\u1ebfu m\u1ed7i khi nh\u1eafc \u0111\u1ebfn Puppy Farm \u0111\u00f3 ch\u00ednh l\u00e0 nh\u1eefng v\u01b0\u1eddn sen \u0111\u00e1 x\u1ecbn x\u00f2.\u00a0\u1ede \u0111\u00e2y c\u00f3 h\u01a1n 100 lo\u1ea1i sen \u0111\u00e1 v\u1edbi nh\u1eefng h\u00ecnh d\u00e1ng m\u00e0u s\u1eafc \u0111a d\u1ea1ng kh\u00e1c nhau v\u00e0 \u0111\u01b0\u1ee3c s\u1eafp x\u1ebfp theo t\u1eebng t\u1ea7ng, t\u1eebng h\u00e0ng si\u00eau d\u1ec5 th\u01b0\u01a1ng lun nh\u00e9, kh\u00f4ng gh\u00e9 qua tham quan l\u00e0 ti\u1ebfc h\u00f9i h\u1ee5i lu\u00f4n \u0111\u00f3 nha.<\/p>\n<p><img decoding=\"async\" class=\"aligncenter wp-image-32429 size-full\" src=\"https:\/\/dalatreview.vn\/wp-content\/uploads\/2023\/08\/321607543_1325627734915661_4823816069472877149_n.jpg\" alt=\"tham quan v\u01b0\u1eddn d\u00e2u n\u00f4ng tr\u1ea1i c\u00fan puppy farm\" width=\"1362\" height=\"2048\" \/><\/p>\n<p>T\u1ea1i Puppy Farm kh\u00f4ng ch\u1ec9 c\u00f3 nh\u1eefng ch\u00fa c\u00fan si\u00eau \u0111\u00e1ng y\u00eau hay nh\u1eefng v\u01b0\u1eddn hoa l\u00e0m say \u0111\u1eafm l\u00f2ng ng\u01b0\u1eddi, n\u01a1i \u0111\u00e2y c\u00f2n c\u00f3 nh\u1eefng v\u01b0\u1eddn d\u00e2u t\u00e2y \u00e1p d\u1ee5ng m\u00f4 h\u00ecnh canh t\u00e1c c\u00f4ng ngh\u1ec7 cao v\u00e0 hi\u1ec7n \u0111\u1ea1i nh\u1ea5t.<\/p>\n<p><img decoding=\"async\" class=\"aligncenter wp-image-32430 size-full\" src=\"https:\/\/dalatreview.vn\/wp-content\/uploads\/2023\/08\/352744089_2204582253085431_6432478453825975872_n.jpg\" alt=\"tham quan khu v\u01b0\u1eddn n\u00f4ng nghi\u1ec7p cao t\u1ea1i n\u00f4ng tr\u1ea1i c\u00fan puppy farm\" width=\"2048\" height=\"1364\" \/><\/p>\n<p>Khi t\u1edbi \u0111\u00e2y b\u1ea1n s\u1ebd \u0111\u01b0\u1ee3c t\u1eadn m\u1eaft chi\u00eam ng\u01b0\u1ee1ng quy tr\u00ecnh tr\u1ed3ng tr\u1ecdt v\u00e0 ch\u0103m s\u00f3c d\u00e2u t\u00e2y,\u00a0\u0111i tham quan th\u00eam r\u1ea5t nhi\u1ec1u khu v\u01b0\u1eddn n\u00f4ng nghi\u1ec7p cao nh\u01b0: c\u00e0 chua bi, d\u01b0a pepino,\u2026B\u1ea1n c\u00f3 th\u1ec3 tr\u1ea3i nghi\u1ec7m h\u00e1i ngay t\u1ea1i v\u01b0\u1eddn.<\/p>\n<h2 id=\"3-thong-tin-dat-ve-nong-trai-cun-puppy-farm\"><span style=\"color: #003300;\"><strong>3. Th\u00f4ng tin \u0111\u1eb7t v\u00e9 N\u00f4ng tr\u1ea1i c\u00fan &#8211; Puppy Farm\u00a0<\/strong><\/span><\/h2>\n<p dir=\"ltr\">\u0110\u1ec3 ti\u1ebft ki\u1ec7m th\u1eddi gian \u0111\u1eb7t v\u00e9 b\u1ea1n h\u00e3y t\u1ea3i ngay \u1ee9ng d\u1ee5ng sau \u0111\u00e2y:<span style=\"color: #993300;\">\u00a0<strong><a style=\"color: #993300;\" href=\"https:\/\/share.abphotos.link\/dePd\" target=\"_blank\" rel=\"noopener\">\u0110\u00e0 L\u1ea1t Review T\u1ea5t T\u1ea7n T\u1eadt<\/a><\/strong><\/span><\/p>\n<p>Ngo\u00e0i ra, qu\u00fd kh\u00e1ch c\u00f3 th\u1ec3 chat tr\u1ef1c ti\u1ebfp tr\u00ean App\/Website \u0111\u1ec3 nh\u00e2n vi\u00ean c\u1ee7a ch\u00fang t\u00f4i t\u01b0 v\u1ea5n th\u00eam v\u1ec1 s\u1ea3n ph\u1ea9m v\u00e0 d\u1ecbch v\u1ee5, ho\u1eb7c li\u00ean h\u1ec7<\/p>\n<p><span style=\"color: #ff0000;\"><strong>Hotline:<\/strong> <\/span>0983 249 297<\/p>","protected":false},"excerpt":{"rendered":"<p>Danh m\u1ee5c ch\u00ednh V\u00e9 N\u00f4ng Tr\u1ea1i C\u00fan &#8211; Puppy Farm\u00a0 1. Th\u00f4ng tin N\u00f4ng tr\u1ea1i c\u00fan &#8211; Puppy Farm\u00a0 2. Tham quan N\u00f4ng tr\u1ea1i c\u00fan &#8211; puppy Farm\u00a0 3. Th\u00f4ng tin \u0111\u1eb7t v\u00e9 N\u00f4ng tr\u1ea1i c\u00fan &#8211; Puppy Farm\u00a0 V\u00e9 N\u00f4ng Tr\u1ea1i C\u00fan &#8211; Puppy Farm\u00a0 Puppy Farm ch\u00ednh l\u00e0 n\u01a1i \u0111\u00e1p \u1ee9ng \u0111\u01b0\u1ee3c r\u1ea5t [&hellip;]<\/p>","protected":false},"featured_media":32431,"comment_status":"open","ping_status":"closed","template":"","meta":{"_acf_changed":false,"rank_math_lock_modified_date":false},"product_cat":[1187],"product_tag":[75],"acf":[],"_links":{"self":[{"href":"https:\/\/dalatreview.vn\/en\/wp-json\/wp\/v2\/product\/32266"}],"collection":[{"href":"https:\/\/dalatreview.vn\/en\/wp-json\/wp\/v2\/product"}],"about":[{"href":"https:\/\/dalatreview.vn\/en\/wp-json\/wp\/v2\/types\/product"}],"replies":[{"embeddable":true,"href":"https:\/\/dalatreview.vn\/en\/wp-json\/wp\/v2\/comments?post=32266"}],"wp:featuredmedia":[{"embeddable":true,"href":"https:\/\/dalatreview.vn\/en\/wp-json\/wp\/v2\/media\/32431"}],"wp:attachment":[{"href":"https:\/\/dalatreview.vn\/en\/wp-json\/wp\/v2\/media?parent=32266"}],"wp:term":[{"taxonomy":"product_cat","embeddable":true,"href":"https:\/\/dalatreview.vn\/en\/wp-json\/wp\/v2\/product_cat?post=32266"},{"taxonomy":"product_tag","embeddable":true,"href":"https:\/\/dalatreview.vn\/en\/wp-json\/wp\/v2\/product_tag?post=32266"}],"curies":[{"name":"wp","href":"https:\/\/api.w.org\/{rel}","templated":true}]}}