
{"id":32263,"date":"2023-08-29T11:26:42","date_gmt":"2023-08-29T04:26:42","guid":{"rendered":"https:\/\/dalatreview.vn\/?p=32263"},"modified":"2024-07-03T04:22:10","modified_gmt":"2024-07-03T04:22:10","slug":"ve-tham-quan-nui-langbiang","status":"publish","type":"product","link":"https:\/\/dalatreview.vn\/en\/ve-tham-quan-nui-langbiang.html","title":{"rendered":"V\u00e9 tham quan n\u00fai LangBiang"},"content":{"rendered":"<nav class=\"vietrick-auto-toc\">\n<div class=\"box-title\">\n<h3 class=\"toc-title\" id=\"select-menu\">Danh m\u1ee5c ch\u00ednh<\/h3>\n<div><ion-icon name=\"chevron-up-outline\"><\/ion-icon><\/div>\n<\/div>\n<ul class=\"toc-list\">\n<li><a href='https:\/\/dalatreview.vn\/en#ve-tham-quan-nui-langbiang' class='heading-h2 toc-link smooth-scroll'>V\u00e9 tham quan n\u00fai LangBiang\u00a0<\/a>\n<li><a href='https:\/\/dalatreview.vn\/en#1-gioi-thieu-khu-du-lich-nui-langbiang' class='heading-h2 toc-link smooth-scroll'>1. Gi\u1edbi thi\u1ec7u Khu du l\u1ecbch n\u00fai LangBiang\u00a0<\/a>\n<li><a href='https:\/\/dalatreview.vn\/en#2-tham-quan-khu-du-lich-nui-langbiang' class='heading-h2 toc-link smooth-scroll'>2. Tham quan Khu du l\u1ecbch n\u00fai LangBiang\u00a0<\/a>\n<li><a href='https:\/\/dalatreview.vn\/en#3-thong-tin-dat-ve-khu-du-lich-nui-langbiang' class='heading-h2 toc-link smooth-scroll'>3. Th\u00f4ng tin \u0111\u1eb7t v\u00e9 Khu du l\u1ecbch n\u00fai Langbiang\u00a0<\/a><\/ul>\n<\/ul>\n<\/li>\n<\/ul>\n<\/nav>\n<h2 style=\"text-align: center;\" id=\"ve-tham-quan-nui-langbiang\"><span style=\"color: #003300;\">V\u00e9 tham quan n\u00fai LangBiang\u00a0<\/span><\/h2>\n<p>Langbiang \u0111\u01b0\u1ee3c m\u1ec7nh danh l\u00e0 m\u1ed9t trong nh\u1eefng \u0111\u1ecba \u0111i\u1ec3m du l\u1ecbch n\u1ed5i ti\u1ebfng nh\u1ea5t t\u1ea1i \u0110\u00e0 L\u1ea1t. \u0110\u1ecba \u0111i\u1ec3m n\u00e0y \u0111\u01b0\u1ee3c v\u00ed nh\u01b0 &#8220;n\u00f3c nh\u00e0&#8221; c\u1ee7a \u0110\u00e0 L\u1ea1t v\u00e0 \u0111\u1ebfn \u0111\u00e2y b\u1ea1n s\u1ebd c\u00f3 nh\u1eefng tr\u1ea3i nghi\u1ec7m v\u00f4 c\u00f9ng tuy\u1ec7t v\u1eddi nh\u01b0: s\u0103n m\u00e2y, c\u00e1c tr\u00f2 ch\u01a1i l\u00fd th\u00fa, kh\u00e1m ph\u00e1 r\u1eebng T\u00e2y Nguy\u00ean,\u2026<\/p>\n<p><img decoding=\"async\" class=\"aligncenter wp-image-32388 size-full\" src=\"https:\/\/dalatreview.vn\/wp-content\/uploads\/2023\/08\/353644428_585297443782732_2437847555613556178_n.jpg\" alt=\"n\u00fai langbiang\" width=\"2048\" height=\"1536\" \/><\/p>\n<h2 id=\"1-gioi-thieu-khu-du-lich-nui-langbiang\"><span style=\"color: #003300;\"><strong>1. Gi\u1edbi thi\u1ec7u Khu du l\u1ecbch n\u00fai LangBiang\u00a0<\/strong><\/span><\/h2>\n<p>Nh\u1eb1m ti\u1ebft ki\u1ec7m th\u1eddi gian, gi\u1ea3m thi\u1ec3u chi ph\u00ed du l\u1ecbch v\u00e0 \u0111\u01b0\u1ee3c tho\u1ea3i m\u00e1i tr\u1ea3i nghi\u1ec7m c\u00e1c d\u1ecbch v\u1ee5 b\u1ea1n c\u00f3 th\u1ec3 t\u1ea3i app v\u00e0 book v\u00e9 qua\u00a0<strong><a href=\"https:\/\/dalatreview.com\/tham-quan-nui-langbiang\" target=\"_blank\" rel=\"noopener\"><span style=\"color: #ff0000;\">\u1ee8ng d\u1ee5ng \u0110\u00e0 L\u1ea1t Review T\u1ea5t T\u1ea7n T\u1eadt<\/span><\/a><\/strong>\u00a0tr\u00ean Mobile<\/p>\n<p>Khi t\u1ea3i \u1ee9ng d\u1ee5ng \u0110\u00e0 L\u1ea1t Review T\u1ea5t T\u1ea7n T\u1eadt b\u1ea1n s\u1ebd nh\u1eadn \u0111\u01b0\u1ee3c\u00a0<span style=\"color: #ff0000;\"><strong>voucher mua h\u00e0ng 20k<\/strong>\u00a0<\/span>(\u00c1p d\u1ee5ng cho h\u00f3a \u0111\u01a1n tr\u00ean 100.000\u0111) v\u00e0 r\u1ea5t nhi\u1ec1u \u01b0u \u0111\u00e3i h\u1ea5p d\u1eabn kh\u00e1c \u0111ang ch\u1edd \u0111\u00f3n b\u1ea1n.<\/p>\n<p>Khu du l\u1ecbch n\u00fai Langbiang l\u00e0 m\u1ed9t trong nh\u1eefng \u0111i\u1ec3m \u0111\u1ebfn g\u00e2y \u1ea5n t\u01b0\u1ee3ng khi s\u1edf h\u1eefu v\u1ebb \u0111\u1eb9p n\u00ean th\u01a1, huy\u1ec1n \u1ea3o v\u1edbi view c\u1ef1c \u0111\u1eb9p v\u00e0 r\u1ea5t nhi\u1ec1u c\u00e1c tr\u00f2 ch\u01a1i h\u1ea5p d\u1eabn. \u0110\u00e2y l\u00e0 m\u1ed9t \u0111\u1ec9nh n\u00fai cao nh\u1ea5t t\u1ea1i \u0110\u00e0 L\u1ea1t v\u1edbi chi\u1ec1u cao 2167m (so v\u1edbi m\u1ef1c n\u01b0\u1edbc bi\u1ec3n), c\u00f3 l\u1ebd v\u00ec v\u1eady m\u00e0 n\u01a1i \u0111\u00e2y c\u00f2n \u0111\u01b0\u1ee3c m\u1ec7nh danh l\u00e0 n\u00f3c nh\u00e0 c\u1ee7a \u0110\u00e0 L\u1ea1t.<\/p>\n<p><img decoding=\"async\" class=\"aligncenter wp-image-32389 size-full\" src=\"https:\/\/dalatreview.vn\/wp-content\/uploads\/2023\/08\/351314966_646872443507425_6276694740864391959_n.jpg\" alt=\"n\u00fai langbiang\" width=\"2048\" height=\"1536\" \/><\/p>\n<p>\u0110\u1ec9nh n\u00fai n\u00e0y bao g\u1ed3m 2 ng\u1ecdn n\u00fai l\u00e0 N\u00fai \u00d4ng v\u00e0 N\u00fai B\u00e0 v\u1edbi c\u00e1i t\u00ean l\u1ea1 \u0111\u01b0\u1ee3c gh\u00e9p b\u1edfi 2 t\u1eeb \u201cLang\u201d v\u00e0 \u201cBiang\u201d. C\u00e1i t\u00ean n\u00e0y \u0111\u01b0\u1ee3c gh\u00e9p c\u00e2u chuy\u1ec7n t\u00ecnh y\u00eau v\u0129 \u0111\u1ea1i c\u1ee7a ch\u00e0ng K\u2019lang v\u00e0 n\u00e0ng H\u2019biang.<\/p>\n<p><img decoding=\"async\" class=\"aligncenter wp-image-32390 size-full\" src=\"https:\/\/dalatreview.vn\/wp-content\/uploads\/2023\/08\/1691657230_51VFjm4nWTt8Xcd0_1691665480-phptfwz6m.jpg\" alt=\"gi\u1edd tham quan n\u00fai langbiang \" width=\"1024\" height=\"1024\" \/><\/p>\n<p>Khu du l\u1ecbch n\u00fai Langbiang b\u1eaft \u0111\u1ea7u m\u1edf c\u1eeda \u0111\u00f3n kh\u00e1ch tham quan v\u00e0o 7 gi\u1edd s\u00e1ng v\u00e0 \u0111\u00f3ng c\u1eeda v\u00e0o l\u00fac 17 gi\u1edd h\u00e0ng ng\u00e0y. C\u00e1ch trung t\u00e2m th\u00e0nh ph\u1ed1 \u0110\u00e0 L\u1ea1t kho\u1ea3ng 12km v\u1ec1 ph\u00eda B\u1eafc, khu du l\u1ecbch n\u00fai Langbiang l\u00e0 m\u1ed9t \u0111\u1ecba \u0111i\u1ec3m du l\u1ecbch n\u1ed5i ti\u1ebfng c\u1ee7a \u0110\u00e0 L\u1ea1t thu h\u00fat h\u00e0ng ngh\u00ecn l\u01b0\u1ee3t kh\u00e1ch m\u1ed7i ng\u00e0y.<\/p>\n<h2 id=\"2-tham-quan-khu-du-lich-nui-langbiang\"><span style=\"color: #003300;\"><strong>2. Tham quan Khu du l\u1ecbch n\u00fai LangBiang\u00a0<\/strong><\/span><\/h2>\n<p>Khu v\u1ef1c ph\u00eda d\u01b0\u1edbi ch\u00e2n n\u00fai Langbiang c\u00f3 v\u00f4 s\u1ed1 c\u00e1c tr\u00f2 ch\u01a1i, c\u00e1c \u0111i\u1ec3m \u0111\u1ebfn \u0111\u1ec3 b\u1ea1n c\u00f3 th\u1ec3 tr\u1ea3i nghi\u1ec7m nh\u01b0: \u0111\u1ed1t l\u1eeda tr\u1ea1i, u\u1ed1ng r\u01b0\u1ee3u c\u1ea7n v\u1edbi \u0111\u1ed3ng b\u00e0o d\u00e2n t\u1ed9c, l\u1eafng nghe nh\u1eefng c\u00e2u chuy\u1ec7n v\u0103n ho\u00e1 v\u1ec1 d\u00e2n t\u1ed9c v\u00e0 truy\u1ec1n thuy\u1ebft v\u1ec1 \u0111\u1ec9nh n\u00fai Langbiang,&#8230;<\/p>\n<p><img decoding=\"async\" class=\"aligncenter wp-image-32391 size-full\" src=\"https:\/\/dalatreview.vn\/wp-content\/uploads\/2023\/08\/343071633_922055595676458_6201345568908764461_n.jpg\" alt=\"qu\u1ea7y l\u01b0u ni\u1ec7m n\u00fai langbiang\" width=\"1080\" height=\"1350\" \/><\/p>\n<p>Ngo\u00e0i ra, \u1edf ph\u00eda d\u01b0\u1edbi n\u00e0y c\u0169ng c\u00f3 r\u1ea5t nhi\u1ec1u nh\u00e0 h\u00e0ng, qu\u00e1n \u0103n v\u00e0 c\u1eeda h\u00e0ng l\u01b0u ni\u1ec7m \u1edf \u0111\u00e2y \u0111\u1ec3 b\u1ea1n c\u00f3 th\u1ec3 vui ch\u01a1i, \u0103n u\u1ed1ng v\u00e0 ch\u1ecdn mua \u0111\u1ed3 v\u1ec1 l\u00e0m qu\u00e0 cho b\u1ea1n b\u00e8, ng\u01b0\u1eddi th\u00e2n n\u1eefa \u0111\u00f3.<\/p>\n<p><img decoding=\"async\" class=\"aligncenter wp-image-32392 size-full\" src=\"https:\/\/dalatreview.vn\/wp-content\/uploads\/2023\/08\/341263826_3052928705008790_4123991725987578634_n.jpg\" alt=\"tr\u1ea3i nghi\u1ec7m \u1ea9m th\u1ef1c n\u00fai langbiang \" width=\"2048\" height=\"1365\" \/><\/p>\n<p>M\u1ecdi chuy\u1ebfn \u0111i du l\u1ecbch \u0111\u1ec1u s\u1ebd k\u00e9m h\u1ea5p d\u1eabn n\u1ebfu thi\u1ebfu \u0111i h\u00e0nh tr\u00ecnh kh\u00e1m ph\u00e1 \u1ea9m th\u1ef1c. \u0110\u1ebfn v\u1edbi Langbiang, b\u1ea1n s\u1ebd c\u00f3 c\u01a1 h\u1ed9i th\u01b0\u1edfng th\u1ee9c \u1ea9m th\u1ef1c \u0111\u1eadm n\u00e9t T\u00e2y Nguy\u00ean n\u00e0o l\u00e0 c\u01a1m lam, r\u01b0\u1ee3u c\u1ea7n, g\u00e0 quay, heo n\u01b0\u1edbng&#8230;<\/p>\n<p><img decoding=\"async\" class=\"aligncenter wp-image-32393 size-full\" src=\"https:\/\/dalatreview.vn\/wp-content\/uploads\/2023\/08\/329666825_595037048714323_227516769466023961_n.jpg\" alt=\"khu du l\u1ecbch langbiang\" width=\"2048\" height=\"1366\" \/><\/p>\n<p>N\u00fai Langbiang n\u1ed5i b\u1eadt v\u1edbi background l\u00e0 khung c\u1ea3nh h\u00f9ng v\u0129 c\u1ee7a cao nguy\u00ean L\u00e2m Vi\u00ean hay thung l\u0169ng m\u00e2y tr\u1eafng x\u00f3a s\u1ebd gi\u00fap mang \u0111\u1ebfn cho b\u1ea1n nh\u1eefng b\u1ee9c h\u00ecnh th\u1eadt \u0111\u1eb9p t\u1ea1i \u0111\u00e2y.<\/p>\n<p><img decoding=\"async\" class=\"aligncenter wp-image-32394 size-full\" src=\"https:\/\/dalatreview.vn\/wp-content\/uploads\/2023\/08\/313409860_1459234574564350_1921268667446357260_n.jpg\" alt=\"check in khu du l\u1ecbch langbiang\" width=\"1440\" height=\"960\" \/><\/p>\n<p>Ngo\u00e0i khung c\u1ea3nh thi\u00ean nhi\u00ean \u0111\u1eb9p nh\u01b0 tranh v\u1ebd th\u00ec n\u01a1i \u0111\u00e2y c\u00f2n b\u1ed1 tr\u00ed th\u00eam r\u1ea5t nhi\u1ec1u ti\u1ec3u c\u1ea3nh nh\u01b0: x\u00edch \u0111u, t\u1ed5 chim, tr\u00e1i tim t\u00ecnh y\u00eau,\u2026 gi\u00fap cho b\u1ea1n th\u1ecfa ni\u1ec1m \u0111am m\u00ea ch\u1ee5p h\u00ecnh.<\/p>\n<p><img decoding=\"async\" class=\"aligncenter wp-image-32395 size-full\" src=\"https:\/\/dalatreview.vn\/wp-content\/uploads\/2023\/08\/317606383_1485387421949065_7750025237762133951_n.jpg\" alt=\"giao l\u01b0u v\u0103n h\u00f3a c\u1ed3ng chi\u00eang\" width=\"2048\" height=\"1365\" \/><\/p>\n<p>Ngo\u00e0i vi\u1ec7c \u0111\u01b0\u1ee3c chi\u00eam ng\u01b0\u1ee1ng khung c\u1ea3nh n\u00fai r\u1eebng h\u00f9ng v\u0129 c\u1ee7a n\u01a1i \u0111\u00e2y b\u1ea1n s\u1ebd \u0111\u01b0\u1ee3c t\u00ecm hi\u1ec3u giao l\u01b0u v\u0103n h\u00f3a c\u1ed3ng chi\u00ean\u00a0T\u00e2y Nguy\u00ean v\u00e0 \u0111\u00e2y\u00a0s\u1ebd l\u00e0 m\u1ed9t trong nh\u1eefng tr\u1ea3i nghi\u1ec7m th\u00fa v\u1ecb nh\u1ea5t khi \u0111\u1ebfn v\u1edbi khu du l\u1ecbch n\u00fai LangBiang \u0110\u00e0 L\u1ea1t.<\/p>\n<p><img decoding=\"async\" class=\"aligncenter wp-image-32396 size-full\" src=\"https:\/\/dalatreview.vn\/wp-content\/uploads\/2023\/08\/305400441_1420399141781227_5776013787794279294_n.jpg\" alt=\"khu du l\u1ecbch langbiang\" width=\"2048\" height=\"1536\" \/><\/p>\n<p>\u0110\u00e2y l\u00e0 m\u1ed9t ho\u1ea1t \u0111\u1ed9ng v\u0103n h\u00f3a \u0111\u1ea7y \u00fd ngh\u0129a s\u1ebd gi\u00fap b\u1ea1n hi\u1ec3u h\u01a1n v\u1ec1 \u0111\u1eddi s\u1ed1ng, v\u0103n h\u00f3a c\u1ee7a ng\u01b0\u1eddi \u0111\u1ed3ng b\u00e0o n\u01a1i \u0111\u00e2y h\u00f2a m\u00ecnh v\u00e0o nh\u1eefng giai \u0111i\u1ec7u c\u1ed3ng chi\u00eang ng\u00e2n vang, \u0111\u01b0\u1ee3c nh\u1ea3y m\u00faa, ca h\u00e1t v\u00e0 th\u01b0\u1edfng th\u1ee9c m\u00f3n \u0103n \u0111\u1eb7c s\u1ea3n.<\/p>\n<h2 id=\"3-thong-tin-dat-ve-khu-du-lich-nui-langbiang\"><span style=\"color: #003300;\"><strong>3. Th\u00f4ng tin \u0111\u1eb7t v\u00e9 Khu du l\u1ecbch n\u00fai Langbiang\u00a0<\/strong><\/span><\/h2>\n<p dir=\"ltr\">\u0110\u1ec3 ti\u1ebft ki\u1ec7m th\u1eddi gian \u0111\u1eb7t v\u00e9 b\u1ea1n h\u00e3y t\u1ea3i ngay \u1ee9ng d\u1ee5ng sau \u0111\u00e2y:\u00a0<span style=\"color: #993300;\"><strong><a style=\"color: #993300;\" href=\"https:\/\/share.abphotos.link\/dePd\" target=\"_blank\" rel=\"noopener\">\u0110\u00e0 L\u1ea1t Review T\u1ea5t T\u1ea7n T\u1eadt<\/a><\/strong><\/span><\/p>\n<p>Ngo\u00e0i ra, qu\u00fd kh\u00e1ch c\u00f3 th\u1ec3 chat tr\u1ef1c ti\u1ebfp tr\u00ean App\/Website \u0111\u1ec3 nh\u00e2n vi\u00ean c\u1ee7a ch\u00fang t\u00f4i t\u01b0 v\u1ea5n th\u00eam v\u1ec1 s\u1ea3n ph\u1ea9m v\u00e0 d\u1ecbch v\u1ee5, ho\u1eb7c li\u00ean h\u1ec7<\/p>\n<p><span style=\"color: #ff0000;\"><strong>Hotline:<\/strong>\u00a0<\/span>0983 249 297<\/p>","protected":false},"excerpt":{"rendered":"<p>Danh m\u1ee5c ch\u00ednh V\u00e9 tham quan n\u00fai LangBiang\u00a0 1. Gi\u1edbi thi\u1ec7u Khu du l\u1ecbch n\u00fai LangBiang\u00a0 2. Tham quan Khu du l\u1ecbch n\u00fai LangBiang\u00a0 3. Th\u00f4ng tin \u0111\u1eb7t v\u00e9 Khu du l\u1ecbch n\u00fai Langbiang\u00a0 V\u00e9 tham quan n\u00fai LangBiang\u00a0 Langbiang \u0111\u01b0\u1ee3c m\u1ec7nh danh l\u00e0 m\u1ed9t trong nh\u1eefng \u0111\u1ecba \u0111i\u1ec3m du l\u1ecbch n\u1ed5i ti\u1ebfng nh\u1ea5t t\u1ea1i [&hellip;]<\/p>","protected":false},"featured_media":32397,"comment_status":"open","ping_status":"closed","template":"","meta":{"_acf_changed":false,"rank_math_lock_modified_date":false},"product_cat":[1187],"product_tag":[],"acf":[],"_links":{"self":[{"href":"https:\/\/dalatreview.vn\/en\/wp-json\/wp\/v2\/product\/32263"}],"collection":[{"href":"https:\/\/dalatreview.vn\/en\/wp-json\/wp\/v2\/product"}],"about":[{"href":"https:\/\/dalatreview.vn\/en\/wp-json\/wp\/v2\/types\/product"}],"replies":[{"embeddable":true,"href":"https:\/\/dalatreview.vn\/en\/wp-json\/wp\/v2\/comments?post=32263"}],"wp:featuredmedia":[{"embeddable":true,"href":"https:\/\/dalatreview.vn\/en\/wp-json\/wp\/v2\/media\/32397"}],"wp:attachment":[{"href":"https:\/\/dalatreview.vn\/en\/wp-json\/wp\/v2\/media?parent=32263"}],"wp:term":[{"taxonomy":"product_cat","embeddable":true,"href":"https:\/\/dalatreview.vn\/en\/wp-json\/wp\/v2\/product_cat?post=32263"},{"taxonomy":"product_tag","embeddable":true,"href":"https:\/\/dalatreview.vn\/en\/wp-json\/wp\/v2\/product_tag?post=32263"}],"curies":[{"name":"wp","href":"https:\/\/api.w.org\/{rel}","templated":true}]}}