
{"id":32260,"date":"2023-08-29T11:08:00","date_gmt":"2023-08-29T04:08:00","guid":{"rendered":"https:\/\/dalatreview.vn\/?p=32260"},"modified":"2024-07-03T04:22:47","modified_gmt":"2024-07-03T04:22:47","slug":"ve-zipline-1000m-xuyen-rung","status":"publish","type":"product","link":"https:\/\/dalatreview.vn\/en\/ve-zipline-1000m-xuyen-rung.html","title":{"rendered":"V\u00e9 zipline 1000m xuy\u00ean r\u1eebng"},"content":{"rendered":"<nav class=\"vietrick-auto-toc\">\n<div class=\"box-title\">\n<h3 class=\"toc-title\" id=\"select-menu\">Danh m\u1ee5c ch\u00ednh<\/h3>\n<div><ion-icon name=\"chevron-up-outline\"><\/ion-icon><\/div>\n<\/div>\n<ul class=\"toc-list\">\n<li><a href='https:\/\/dalatreview.vn\/en#ve-zipline-1000m-xuyen-rung' class='heading-h2 toc-link smooth-scroll'>V\u00e9 Zipline 1000m xuy\u00ean r\u1eebng\u00a0<\/a>\n<li><a href='https:\/\/dalatreview.vn\/en#1-thong-tin-truot-zipline-1000m-xuyen-rung' class='heading-h2 toc-link smooth-scroll'>1. Th\u00f4ng tin tr\u01b0\u1ee3t Zipline 1000m xuy\u00ean r\u1eebng\u00a0<\/a>\n<li><a href='https:\/\/dalatreview.vn\/en#2-nhung-luu-y-khi-tham-gia-zipline-1000m-xuyen-rung' class='heading-h2 toc-link smooth-scroll'>2. Nh\u1eefng l\u01b0u \u00fd khi tham gia Zipline 1000m xuy\u00ean r\u1eebng\u00a0<\/a>\n<li><a href='https:\/\/dalatreview.vn\/en#3-thong-tin-dat-ve-zipline-1000m-xuyen-rung' class='heading-h2 toc-link smooth-scroll'>3. Th\u00f4ng tin \u0111\u1eb7t v\u00e9 Zipline 1000m xuy\u00ean r\u1eebng\u00a0<\/a><\/ul>\n<\/ul>\n<\/li>\n<\/ul>\n<\/nav>\n<h2 style=\"text-align: center;\" id=\"ve-zipline-1000m-xuyen-rung\"><span style=\"color: #003300;\"><strong>V\u00e9 Zipline 1000m xuy\u00ean r\u1eebng\u00a0<\/strong><\/span><\/h2>\n<p>B\u1ea1n y\u00eau th\u00edch s\u1ef1 m\u1ea1o hi\u1ec3m, \u0111am m\u00ea c\u1ea3m gi\u00e1c m\u1ea1nh v\u00e0 mu\u1ed1n chinh ph\u1ee5c b\u1ea3n th\u00e2n? Zipline l\u00e0 m\u1ed9t \u0111\u01b0\u1eddng tr\u01b0\u1ee3t v\u1edbi chi\u1ec1u d\u00e0i l\u00ean \u0111\u1ebfn 1km, ng\u01b0\u1eddi ch\u01a1i s\u1ebd tr\u01b0\u1ee3t b\u0103ng qua thung l\u0169ng Datanla chi\u00eam ng\u01b0\u1ee1ng v\u1ebb \u0111\u1eb9p t\u1eeb tr\u00ean cao c\u1ee7a th\u00e1c 01 v\u00e0 th\u00e1c 03.<\/p>\n<p><img decoding=\"async\" class=\"alignnone wp-image-32363 size-full\" src=\"https:\/\/dalatreview.vn\/wp-content\/uploads\/2023\/08\/369970000_812482544003267_5935608375555904514_n.jpg\" alt=\"zipline xuy\u00ean r\u1eebng d\u00e0i nh\u1ea5t \u0111\u00f4ng nam \u00e1\" width=\"2048\" height=\"1365\" \/><\/p>\n<h2 id=\"1-thong-tin-truot-zipline-1000m-xuyen-rung\"><span style=\"color: #003300;\"><strong>1. Th\u00f4ng tin tr\u01b0\u1ee3t Zipline 1000m xuy\u00ean r\u1eebng\u00a0<\/strong><\/span><\/h2>\n<p>Nh\u1eb1m ti\u1ebft ki\u1ec7m th\u1eddi gian, gi\u1ea3m thi\u1ec3u chi ph\u00ed du l\u1ecbch v\u00e0 \u0111\u01b0\u1ee3c tho\u1ea3i m\u00e1i tr\u1ea3i nghi\u1ec7m c\u00e1c d\u1ecbch v\u1ee5 b\u1ea1n c\u00f3 th\u1ec3 t\u1ea3i app v\u00e0 book v\u00e9 qua\u00a0<span style=\"color: #ff0000;\"><strong><a style=\"color: #ff0000;\" href=\"https:\/\/dalatreview.com\/zipline-1000m-xuyen-rung\" target=\"_blank\" rel=\"noopener\">\u1ee8ng d\u1ee5ng \u0110\u00e0 L\u1ea1t Review T\u1ea5t T\u1ea7n T\u1eadt<\/a><\/strong><\/span>\u00a0tr\u00ean Mobile<\/p>\n<p>Khi t\u1ea3i \u1ee9ng d\u1ee5ng \u0110\u00e0 L\u1ea1t Review T\u1ea5t T\u1ea7n T\u1eadt b\u1ea1n s\u1ebd nh\u1eadn \u0111\u01b0\u1ee3c\u00a0<span style=\"color: #ff0000;\"><strong>voucher mua h\u00e0ng 20k<\/strong><\/span>\u00a0(\u00c1p d\u1ee5ng cho h\u00f3a \u0111\u01a1n tr\u00ean 100.000\u0111) v\u00e0 r\u1ea5t nhi\u1ec1u \u01b0u \u0111\u00e3i h\u1ea5p d\u1eabn kh\u00e1c \u0111ang ch\u1edd \u0111\u00f3n b\u1ea1n.<\/p>\n<p>Tr\u1ea3i nghi\u1ec7m \u0111u d\u00e2y zipline 1000m xuy\u00ean r\u1eebng s\u1ebd l\u00e0 m\u1ed9t tr\u1ea3i nghi\u1ec7m gi\u00fap b\u1ea1n v\u01b0\u1ee3t qua n\u1ed7i s\u1ee3 h\u00e3i, b\u00f9ng n\u1ed5 c\u1ea3m x\u00fac v\u00e0 ch\u1ea1m \u0111\u1ebfn ch\u00e2n tr\u1eddi m\u1edbi, khai ph\u00e1 th\u00eam nhi\u1ec1u c\u1ea3m x\u00fac gi\u00fap b\u1ea3n th\u00e2n tr\u1edf tr\u00ean t\u1ef1 tin h\u01a1n.<\/p>\n<p><img decoding=\"async\" class=\"aligncenter wp-image-32364 size-full\" src=\"https:\/\/dalatreview.vn\/wp-content\/uploads\/2023\/08\/367493727_812482867336568_8457205612320693300_n.jpg\" alt=\"zipline xuy\u00ean r\u1eebng d\u00e0i nh\u1ea5t \u0111\u00f4ng nam \u00e1\" width=\"2048\" height=\"1365\" \/><\/p>\n<p>B\u1ea1n s\u1ebd \u0111\u01b0\u1ee3c t\u1eadn h\u01b0\u1edfng nh\u1eefng gi\u00e2y ph\u00fat tuy\u1ec7t v\u1eddi tr\u00ean \u0111\u01b0\u1eddng d\u00e2y zipline d\u00e0i nh\u1ea5t ch\u00e2u \u00c1 (1000m), vi vu phi\u00eau l\u01b0u d\u01b0\u1edbi b\u1ea7u tr\u1eddi chi\u00eam ng\u01b0\u1ee1ng c\u1ea3nh r\u1eebng th\u00f4ng b\u1ea1t ng\u00e0n v\u00e0 ng\u1eafm th\u00e1c Datanla tuy\u1ec7t \u0111\u1eb9p \u1edf \u0111\u1ed9 cao 130m.<\/p>\n<p><img decoding=\"async\" class=\"aligncenter wp-image-32365 size-full\" src=\"https:\/\/dalatreview.vn\/wp-content\/uploads\/2023\/08\/368028050_810393694212152_2917866230615659012_n-2.jpg\" alt=\"zipline xuy\u00ean r\u1eebng d\u00e0i nh\u1ea5t \u0111\u00f4ng nam \u00e1\" width=\"2048\" height=\"1365\" \/><\/p>\n<p>Sau khi chinh ph\u1ee5c \u0111\u01b0\u1eddng zipline li\u1ec1n m\u1ea1ch d\u00e0i 1000m, b\u1ea1n s\u1ebd trekking m\u1ed9t \u0111o\u1ea1n xuy\u00ean r\u1eebng, tham quan th\u00e1c Datanla hoang s\u01a1 v\u00e0 ng\u1ed3i xe tr\u01b0\u1ee3t d\u00e0i nh\u1ea5t \u0110\u00f4ng Nam \u00c1 \u0111\u1ec3 tr\u1edf v\u1ec1.<\/p>\n<p><img decoding=\"async\" class=\"aligncenter wp-image-32366 size-full\" src=\"https:\/\/dalatreview.vn\/wp-content\/uploads\/2023\/08\/367444301_808209717763883_2912422101448092481_n.jpg\" alt=\"zipline xuy\u00ean r\u1eebng d\u00e0i nh\u1ea5t \u0111\u00f4ng nam \u00e1\" width=\"2048\" height=\"1365\" \/><\/p>\n<p>Nh\u1eefng trang thi\u1ebft b\u1ecb c\u1ea7n thi\u1ebft khi tham gia tr\u00f2 ch\u01a1i: Gi\u00e0y \u0111\u1ebf m\u1ec1m, v\u1edb, qu\u1ea7n \u00e1o g\u1ecdn nh\u1eb9 d\u1ec5 di chuy\u1ec3n, g\u0103ng tay len.<\/p>\n<h2 id=\"2-nhung-luu-y-khi-tham-gia-zipline-1000m-xuyen-rung\"><span style=\"color: #003300;\"><strong>2. Nh\u1eefng l\u01b0u \u00fd khi tham gia Zipline 1000m xuy\u00ean r\u1eebng\u00a0<\/strong><\/span><\/h2>\n<p>T\u1ea5t c\u1ea3 c\u00e1c kh\u00e1ch ch\u01a1i ph\u1ea3i \u1edf trong t\u00ecnh tr\u1ea1ng s\u1ee9c kh\u1ecfe t\u1ed1t v\u00e0 kh\u00f4ng b\u1ecb huy\u1ebft \u00e1p cao, c\u00e1c v\u1ea5n \u0111\u1ec1 v\u1ec1 tim m\u1ea1ch( b\u1ecb tim m\u1ea1ch\/ ti\u1ec3u s\u1eed tim m\u1ea1ch), c\u1ed5 ho\u1eb7c l\u01b0ng; b\u1ecb say t\u00e0u xe; ho\u1eb7c c\u00e1c t\u00ecnh tr\u1ea1ng kh\u00e1c c\u00f3 th\u1ec3 tr\u1ea7m tr\u1ecdng h\u01a1n khi tham gia tr\u00f2 m\u1ea1o hi\u1ec3m n\u00e0y. B\u1ea1n ph\u1ea3i th\u00f4ng b\u00e1o cho nh\u00e2n vi\u00ean v\u1ec1 b\u1ea5t c\u1ee9 v\u1ea5n \u0111\u1ec1 s\u1ee9c kh\u1ecfe n\u00e0o b\u1ea1n \u0111ang c\u00f3 tr\u01b0\u1edbc khi tr\u01b0\u1ee3t zipline.<\/p>\n<p><img decoding=\"async\" class=\"aligncenter wp-image-32367 size-full\" src=\"https:\/\/dalatreview.vn\/wp-content\/uploads\/2023\/08\/320894269_703921181196346_3435212479950351658_n.jpg\" alt=\"zipline xuy\u00ean r\u1eebng d\u00e0i nh\u1ea5t \u0111\u00f4ng nam \u00e1\" width=\"2048\" height=\"1366\" \/><\/p>\n<p>L\u01b0u \u00fd tr\u01b0\u1ee3t Zipline kh\u00f4ng ph\u00f9 h\u1ee3p cho nh\u1eefng ph\u1ee5 n\u1eef mang thai. N\u1ebfu b\u1ea1n \u0111ang mang thai, b\u1ea1n ph\u1ea3i th\u00f4ng b\u00e1o v\u1edbi nh\u00e2n vi\u00ean tr\u01b0\u1edbc khi tham gia.<\/p>\n<p><img decoding=\"async\" class=\"aligncenter wp-image-32368 size-full\" src=\"https:\/\/dalatreview.vn\/wp-content\/uploads\/2023\/08\/323160664_1097652240930245_5388770952059486668_n.jpg\" alt=\"zipline xuy\u00ean r\u1eebng d\u00e0i nh\u1ea5t \u0111\u00f4ng nam \u00e1\" width=\"2048\" height=\"1364\" \/><\/p>\n<p>T\u00f3c d\u00e0i v\u00e0 nh\u1eefng v\u1eadt d\u1ee5ng v\u01b0\u1edbng v\u00edu, bao g\u1ed3m m\u0169, \u0111i\u1ec7n tho\u1ea1i v\u00e0 m\u00e1y \u1ea3nh c\u1ea7n ph\u1ea3i \u0111\u01b0\u1ee3c c\u1ea5t trong khi tr\u01b0\u1ee3t zipline b\u1edfi v\u00ec b\u1ea1n c\u1ea7n ph\u1ea3i dung hai tay trong qu\u00e1 tr\u00ecnh \u0111\u00e1p. Kh\u00f4ng c\u1ea5t gi\u1eef nh\u1eefng \u0111\u1ed3 \u0111\u1ea1c linh tinh s\u1ebd khi\u1ebfn cho b\u1ea1n v\u00e0 nh\u1eefng kh\u00e1ch kh\u00e1c g\u1eb7p r\u1ee7i ro, v\u00e0 \u0111\u1ed3 c\u1ee7a b\u1ea1n c\u00f3 th\u1ec3 b\u1ecb m\u1ea5t.<\/p>\n<p><img decoding=\"async\" class=\"aligncenter wp-image-32369 size-full\" src=\"https:\/\/dalatreview.vn\/wp-content\/uploads\/2023\/08\/364072005_802712151646973_3426461154589374451_n.jpg\" alt=\"zipline xuy\u00ean r\u1eebng d\u00e0i nh\u1ea5t \u0111\u00f4ng nam \u00e1\" width=\"2048\" height=\"1365\" \/><\/p>\n<p>C\u1ea5m h\u00fat thu\u1ed1c, \u0103n u\u1ed1ng v\u00e0 s\u1eed d\u1ee5ng \u0111i\u1ec7n tho\u1ea1i trong su\u1ed1t qu\u00e1 tr\u00ecnh tr\u01b0\u1ee3t zipline.<\/p>\n<h2 id=\"3-thong-tin-dat-ve-zipline-1000m-xuyen-rung\"><span style=\"color: #003300;\"><strong>3. Th\u00f4ng tin \u0111\u1eb7t v\u00e9 Zipline 1000m xuy\u00ean r\u1eebng\u00a0<\/strong><\/span><\/h2>\n<p dir=\"ltr\">\u0110\u1ec3 ti\u1ebft ki\u1ec7m th\u1eddi gian \u0111\u1eb7t v\u00e9 b\u1ea1n h\u00e3y t\u1ea3i ngay \u1ee9ng d\u1ee5ng sau \u0111\u00e2y:\u00a0<span style=\"color: #993300;\"><strong><a style=\"color: #993300;\" href=\"https:\/\/share.abphotos.link\/dePd\" target=\"_blank\" rel=\"noopener\">\u0110\u00e0 L\u1ea1t Review T\u1ea5t T\u1ea7n T\u1eadt<\/a><\/strong><\/span><\/p>\n<p>Ngo\u00e0i ra, qu\u00fd kh\u00e1ch c\u00f3 th\u1ec3 chat tr\u1ef1c ti\u1ebfp tr\u00ean App\/Website \u0111\u1ec3 nh\u00e2n vi\u00ean c\u1ee7a ch\u00fang t\u00f4i t\u01b0 v\u1ea5n th\u00eam v\u1ec1 s\u1ea3n ph\u1ea9m v\u00e0 d\u1ecbch v\u1ee5, ho\u1eb7c li\u00ean h\u1ec7<\/p>\n<p><span style=\"color: #ff0000;\"><strong>Hotline:<\/strong><\/span>\u00a00983 249 297<\/p>","protected":false},"excerpt":{"rendered":"<p>Danh m\u1ee5c ch\u00ednh V\u00e9 Zipline 1000m xuy\u00ean r\u1eebng\u00a0 1. Th\u00f4ng tin tr\u01b0\u1ee3t Zipline 1000m xuy\u00ean r\u1eebng\u00a0 2. Nh\u1eefng l\u01b0u \u00fd khi tham gia Zipline 1000m xuy\u00ean r\u1eebng\u00a0 3. Th\u00f4ng tin \u0111\u1eb7t v\u00e9 Zipline 1000m xuy\u00ean r\u1eebng\u00a0 V\u00e9 Zipline 1000m xuy\u00ean r\u1eebng\u00a0 B\u1ea1n y\u00eau th\u00edch s\u1ef1 m\u1ea1o hi\u1ec3m, \u0111am m\u00ea c\u1ea3m gi\u00e1c m\u1ea1nh v\u00e0 mu\u1ed1n chinh [&hellip;]<\/p>","protected":false},"featured_media":32370,"comment_status":"open","ping_status":"closed","template":"","meta":{"_acf_changed":false,"rank_math_lock_modified_date":false},"product_cat":[1187],"product_tag":[],"acf":[],"_links":{"self":[{"href":"https:\/\/dalatreview.vn\/en\/wp-json\/wp\/v2\/product\/32260"}],"collection":[{"href":"https:\/\/dalatreview.vn\/en\/wp-json\/wp\/v2\/product"}],"about":[{"href":"https:\/\/dalatreview.vn\/en\/wp-json\/wp\/v2\/types\/product"}],"replies":[{"embeddable":true,"href":"https:\/\/dalatreview.vn\/en\/wp-json\/wp\/v2\/comments?post=32260"}],"wp:featuredmedia":[{"embeddable":true,"href":"https:\/\/dalatreview.vn\/en\/wp-json\/wp\/v2\/media\/32370"}],"wp:attachment":[{"href":"https:\/\/dalatreview.vn\/en\/wp-json\/wp\/v2\/media?parent=32260"}],"wp:term":[{"taxonomy":"product_cat","embeddable":true,"href":"https:\/\/dalatreview.vn\/en\/wp-json\/wp\/v2\/product_cat?post=32260"},{"taxonomy":"product_tag","embeddable":true,"href":"https:\/\/dalatreview.vn\/en\/wp-json\/wp\/v2\/product_tag?post=32260"}],"curies":[{"name":"wp","href":"https:\/\/api.w.org\/{rel}","templated":true}]}}