
{"id":32258,"date":"2023-08-29T10:50:16","date_gmt":"2023-08-29T03:50:16","guid":{"rendered":"https:\/\/dalatreview.vn\/?p=32258"},"modified":"2024-07-03T04:24:33","modified_gmt":"2024-07-03T04:24:33","slug":"ve-canyoning-tour-vuot-vuot-thac","status":"publish","type":"product","link":"https:\/\/dalatreview.vn\/en\/ve-canyoning-tour-vuot-vuot-thac.html","title":{"rendered":"V\u00e9 Canyoning tour v\u01b0\u1ee3t v\u01b0\u1ee3t th\u00e1c"},"content":{"rendered":"<nav class=\"vietrick-auto-toc\">\n<div class=\"box-title\">\n<h3 class=\"toc-title\" id=\"select-menu\">Danh m\u1ee5c ch\u00ednh<\/h3>\n<div><ion-icon name=\"chevron-up-outline\"><\/ion-icon><\/div>\n<\/div>\n<ul class=\"toc-list\">\n<li><a href='https:\/\/dalatreview.vn\/en#ve-canyoning-tour-vuot-vuot-thac' class='heading-h2 toc-link smooth-scroll'>V\u00e9 Canyoning tour v\u01b0\u1ee3t v\u01b0\u1ee3t th\u00e1c<\/a>\n<li><a href='https:\/\/dalatreview.vn\/en#1-thong-tin-tour-vuot-thac-canyoning' class='heading-h2 toc-link smooth-scroll'>1. Th\u00f4ng tin tour v\u01b0\u1ee3t th\u00e1c Canyoning\u00a0<\/a>\n<li><a href='https:\/\/dalatreview.vn\/en#2-lich-trinh-tour-vuot-thac-canyoning' class='heading-h2 toc-link smooth-scroll'>2. L\u1ecbch tr\u00ecnh tour v\u01b0\u1ee3t th\u00e1c Canyoning\u00a0<\/a>\n<li><a href='https:\/\/dalatreview.vn\/en#3-thong-tin-dat-ve-canyoning-tour-vuot-thac' class='heading-h2 toc-link smooth-scroll'>3. Th\u00f4ng tin \u0111\u1eb7t v\u00e9 Canyoning tour v\u01b0\u1ee3t th\u00e1c\u00a0<\/a><\/ul>\n<\/ul>\n<\/li>\n<\/ul>\n<\/nav>\n<h2 style=\"text-align: center;\" id=\"ve-canyoning-tour-vuot-vuot-thac\"><span style=\"color: #003300;\"><strong>V\u00e9 Canyoning tour v\u01b0\u1ee3t v\u01b0\u1ee3t th\u00e1c<\/strong><\/span><\/h2>\n<p>\u0110\u00e0 L\u1ea1t l\u00e0 n\u01a1i c\u00f3 \u0111\u1ecba h\u00ecnh \u0111\u1ed3i n\u00fai kh\u00e1 \u0111a d\u1ea1ng, v\u1eady n\u00ean n\u01a1i \u0111\u00e2y r\u1ea5t ph\u00f9 h\u1ee3p cho c\u00e1c ho\u1ea1t \u0111\u1ed9ng tr\u1ea3i nghi\u1ec7m m\u1ea1o hi\u1ec3m, c\u00e1c tr\u00f2 ch\u01a1i c\u1ea3m gi\u00e1c m\u1ea1nh nh\u01b0 v\u01b0\u1ee3t th\u00e1c, \u0111u d\u00e2y, trekking\u2026 lu\u00f4n l\u00e0 nh\u1eefng tr\u00f2 ch\u01a1i thu h\u00fat du kh\u00e1ch \u0111\u1ebfn tr\u1ea3i nghi\u1ec7m. \u0110u d\u00e2y v\u01b0\u1ee3t th\u00e1c hay c\u00f2n g\u1ecdi l\u00e0 Canyoning ch\u00ednh l\u00e0 \u201cc\u1ea3nh gi\u1edbi\u201d th\u1eed th\u00e1ch cao nh\u1ea5t trong s\u1ed1 nh\u1eefng tr\u00f2 ch\u01a1i m\u1ea1o hi\u1ec3m \u1edf th\u00e1c Datanla.<\/p>\n<p><img decoding=\"async\" class=\"aligncenter wp-image-32336 size-full\" src=\"https:\/\/dalatreview.vn\/wp-content\/uploads\/2023\/08\/279493589_2630992357033629_7404733430170393251_n.jpg\" alt=\"Canyoning tour v\u01b0\u1ee3t v\u01b0\u1ee3t th\u00e1c\" width=\"1848\" height=\"1228\" \/><\/p>\n<h2 id=\"1-thong-tin-tour-vuot-thac-canyoning\"><span style=\"color: #003300;\"><strong>1. Th\u00f4ng tin tour v\u01b0\u1ee3t th\u00e1c Canyoning\u00a0<\/strong><\/span><\/h2>\n<p>Nh\u1eb1m ti\u1ebft ki\u1ec7m th\u1eddi gian, gi\u1ea3m thi\u1ec3u chi ph\u00ed du l\u1ecbch v\u00e0 \u0111\u01b0\u1ee3c tho\u1ea3i m\u00e1i tr\u1ea3i nghi\u1ec7m c\u00e1c d\u1ecbch v\u1ee5 b\u1ea1n c\u00f3 th\u1ec3 t\u1ea3i app v\u00e0 book v\u00e9 qua\u00a0<strong><a href=\"https:\/\/dalatreview.com\/canyoning-tour-vuot-thac\" target=\"_blank\" rel=\"noopener\"><span style=\"color: #ff0000;\">\u1ee8ng d\u1ee5ng \u0110\u00e0 L\u1ea1t Review T\u1ea5t T\u1ea7n T\u1eadt<\/span><\/a><\/strong>\u00a0tr\u00ean Mobile<\/p>\n<p>Khi t\u1ea3i \u1ee9ng d\u1ee5ng \u0110\u00e0 L\u1ea1t Review T\u1ea5t T\u1ea7n T\u1eadt b\u1ea1n s\u1ebd nh\u1eadn \u0111\u01b0\u1ee3c\u00a0<span style=\"color: #ff0000;\"><strong>voucher mua h\u00e0ng 20k<\/strong><\/span>\u00a0(\u00c1p d\u1ee5ng cho h\u00f3a \u0111\u01a1n tr\u00ean 100.000\u0111) v\u00e0 r\u1ea5t nhi\u1ec1u \u01b0u \u0111\u00e3i h\u1ea5p d\u1eabn kh\u00e1c \u0111ang ch\u1edd \u0111\u00f3n b\u1ea1n.<\/p>\n<p>Khi tham gia Canyoning tour v\u01b0\u1ee3t th\u00e1c b\u1ea1n s\u1ebd ph\u1ea3i lao m\u00ecnh gi\u1eefa d\u00f2ng n\u01b0\u1edbc x\u1ed1i x\u1ea3 v\u00e0 tr\u00e8o l\u00ean nh\u1eefng v\u00e1ch \u0111\u00e1 d\u1ef1ng \u0111\u1ee9ng \u0111\u1ec3 chinh ph\u1ee5c ng\u1ecdn th\u00e1c.<\/p>\n<p><img decoding=\"async\" class=\"aligncenter wp-image-32337 size-full\" src=\"https:\/\/dalatreview.vn\/wp-content\/uploads\/2023\/08\/279030206_2630992400366958_6284018797301211635_n.jpg\" alt=\"Canyoning tour v\u01b0\u1ee3t v\u01b0\u1ee3t th\u00e1c\" width=\"1848\" height=\"1228\" \/><\/p>\n<p>\u0110\u00e2y l\u00e0 tr\u1ea3i nghi\u1ec7m \u0111\u01b0\u1ee3c r\u1ea5t nhi\u1ec1u b\u1ea1n tr\u1ebb ch\u1ecdn l\u1ef1a kh\u00e1m ph\u00e1 \u0111\u1ec3 th\u1eed th\u00e1ch b\u1ea3n th\u00e2n khi \u0111\u1eb7t ch\u00e2n \u0111\u1ebfn \u0110\u00e0 L\u1ea1t.<\/p>\n<p><img decoding=\"async\" class=\"aligncenter wp-image-32338 size-full\" src=\"https:\/\/dalatreview.vn\/wp-content\/uploads\/2023\/08\/279502414_2630992147033650_8417875097487344300_n.jpg\" alt=\"Canyoning tour v\u01b0\u1ee3t v\u01b0\u1ee3t th\u00e1c\" width=\"1360\" height=\"2048\" \/><\/p>\n<p>Khi b\u1ea1n tham gia tour v\u01b0\u1ee3t th\u00e1c ph\u1ea3i tr\u1ea3i qua nhi\u1ec1u th\u1eed th\u00e1ch nh\u01b0: \u0111u d\u00e2y tr\u00ean v\u00e1ch \u0111\u00e1, nh\u1ea3y t\u1ef1 do (cliff diving) xu\u1ed1ng n\u01b0\u1edbc t\u1eeb \u0111\u1ed9 cao 3,7 v\u00e0 11m, tr\u01b0\u1ee3t theo th\u00e1c n\u01b0\u1edbc (sliding), \u0111i b\u1ed9 trekking qua r\u1eebng, l\u1ed9i qua su\u1ed1i.<\/p>\n<p><img decoding=\"async\" class=\"aligncenter wp-image-32339 size-full\" src=\"https:\/\/dalatreview.vn\/wp-content\/uploads\/2023\/08\/279273333_2630992567033608_3777653646341989466_n.jpg\" alt=\"Canyoning tour v\u01b0\u1ee3t v\u01b0\u1ee3t th\u00e1c\" width=\"1365\" height=\"2048\" \/><\/p>\n<p>Nh\u1eefng trang thi\u1ebft b\u1ecb c\u1ea7n thi\u1ebft khi tham gia Canyoning tour v\u01b0\u1ee3t th\u00e1c: gi\u00e0y \u0111\u1ebf m\u1ec1m, v\u1edb, kem ch\u1ed1ng n\u1eafng, qu\u1ea7n \u00e1o ch\u1ed1ng th\u1ea5m n\u01b0\u1edbc.<\/p>\n<h2 id=\"2-lich-trinh-tour-vuot-thac-canyoning\"><span style=\"color: #003300;\"><strong>2. L\u1ecbch tr\u00ecnh tour v\u01b0\u1ee3t th\u00e1c Canyoning\u00a0<\/strong><\/span><\/h2>\n<p>&#8211; Xe \u0111\u00f3n kh\u00e1ch t\u1eeb kh\u00e1ch s\u1ea1n m\u1ea5t kho\u1ea3ng 15 ph\u00fat \u0111\u01b0a ch\u00fang ta t\u1edbi ph\u00eda nam c\u1ee7a th\u00e0nh ph\u1ed1, d\u1ecdc theo nh\u1eefng con \u0111\u01b0\u1eddng quanh co ph\u1ee7 \u0111\u1ea7y th\u00f4ng xanh \u0111\u1eb9p nh\u01b0 tranh v\u1ebd.<\/p>\n<p>&#8211; T\u1ea1i Base Camp, b\u1ea1n s\u1ebd \u0111\u01b0\u1ee3c h\u1ecdc v\u00e0 l\u00e0m quen v\u1edbi nh\u1eefng k\u1ef9 thu\u1eadt c\u01a1 b\u1ea3n v\u1ec1 c\u00e1ch th\u1eaft n\u00fat, mang \u0111ai, v\u00e0 k\u1ef9 thu\u1eadt \u0111i d\u00e2y xu\u1ed1ng v\u00e1ch \u0111\u00fang c\u00e1ch.<\/p>\n<p>&#8211; \u1ede th\u1eed th\u00e1ch \u0111\u1ea7u ti\u00ean, b\u1ea1n s\u1ebd \u0111i d\u00e2y xu\u1ed1ng v\u00e1ch \u0111\u00e1 kh\u00f4 cao 18 m\u00e9t n\u1eb1m c\u1ea1nh th\u00e1c n\u01b0\u1edbc tr\u1eafng x\u00f3a v\u1edbi \u0111\u1ed9 cao 30 m\u00e9t.<\/p>\n<p>&#8211; \u0110i xa h\u01a1n xu\u1ed1ng h\u1ebbm n\u00fai, v\u1edbi th\u00e1c cao 14m v\u1edbi tr\u00f2 ch\u01a1i k\u1ebf ti\u1ebfp l\u00e0 Tyrolean Traverse (zipline d\u00e0i 40m).<\/p>\n<p><img decoding=\"async\" class=\"alignnone wp-image-32340 size-full\" src=\"https:\/\/dalatreview.vn\/wp-content\/uploads\/2023\/08\/279480503_2630992203700311_834340304848974861_n.jpg\" alt=\"Canyoning tour v\u01b0\u1ee3t v\u01b0\u1ee3t th\u00e1c\" width=\"1848\" height=\"1228\" \/><\/p>\n<p>&#8211; Ngay k\u1ebf \u0111\u00f3 l\u00e0 m\u00e1ng tr\u01b0\u1ee3t t\u1ef1 nhi\u00ean, b\u1ea1n s\u1ebd \u0111\u01b0\u1ee3c th\u1eed c\u1ea3m gi\u00e1c r\u1ea5t th\u00fa v\u1ecb khi tr\u01b0\u1ee3t tr\u00ean gh\u1ec1nh \u0111\u00e1 t\u1ef1 nhi\u00ean v\u00e0 tung m\u00ecnh xu\u1ed1ng d\u00f2ng su\u1ed1i. N\u1ed1i ti\u1ebfp h\u00e0nh tr\u00ecnh, ch\u00fang ta s\u1ebd \u0111i d\u1ecdc theo d\u00f2ng su\u1ed1i \u1ea9n m\u00ecnh trong r\u1eebng c\u00e2y nhi\u1ec7t \u0111\u1edbi. M\u1ed9t s\u1ed1 \u0111i\u1ec3m, b\u1ea1n c\u1ea7n ph\u1ea3i l\u1ed9i, b\u01a1i, tr\u00e8o qua v\u00e0 ti\u1ebfp t\u1ee5c chuy\u1ebfn \u0111i.<\/p>\n<p>&#8211; B\u0103ng qua c\u00e1nh r\u1eebng gi\u00e0, b\u1ea1n s\u1ebd chinh ph\u1ee5c th\u00e1c n\u01b0\u1edbc cao 25m C\u00f9ng v\u1edbi nh\u1eefng k\u1ef9 thu\u1eadt \u0111\u01b0\u1ee3c ch\u1ec9 d\u1eabn b\u1edfi nh\u1eefng h\u01b0\u1edbng d\u1eabn vi\u00ean chuy\u00ean nghi\u1ec7p, c\u00e1c b\u1ea1n s\u1ebd v\u01b0\u1ee3t qua th\u00e1c n\u01b0\u1edbc l\u1edbn nh\u1ea5t, kh\u00f3 nh\u1ea5t sau \u0111\u00f3 b\u00fang ng\u01b0\u1eddi th\u1ea3 t\u1ef1 do xu\u1ed1ng n\u01b0\u1edbc. B\u1ea3o \u0111\u1ea3m r\u1eb1ng \u0111\u00e2y s\u1ebd l\u00e0 c\u1ea3m gi\u00e1c tuy\u1ec7t v\u1eddi v\u00e0 kh\u00f3 qu\u00ean m\u00e0 b\u1ea1n ch\u1ec9 c\u00f3 th\u1ec3 tr\u1ea3i nghi\u1ec7m t\u1ea1i th\u00e1c Datanla.<\/p>\n<p>&#8211; C\u00f3 2 ho\u1ea1t \u0111\u1ed9ng n\u1eefa \u0111ang ch\u1edd \u0111\u1ee3i b\u1ea1n chinh ph\u1ee5c l\u00e0 v\u00e1ch nh\u1ea3y 7 m\u00e9t v\u00e0 cu\u1ed1i c\u00f9ng l\u00e0 th\u00e1c n\u01b0\u1edbc 14 m\u00e9t \u0111\u01b0\u1ee3c m\u1ec7nh danh l\u00e0 M\u00e1y Gi\u1eb7t.<\/p>\n<p><img decoding=\"async\" class=\"aligncenter wp-image-32341 size-full\" src=\"https:\/\/dalatreview.vn\/wp-content\/uploads\/2023\/08\/307379582_3308198449464840_3147392529750896563_n.jpg\" alt=\"Canyoning tour v\u01b0\u1ee3t v\u01b0\u1ee3t th\u00e1c\" width=\"1152\" height=\"2048\" \/><\/p>\n<p>&#8211; K\u1ebft th\u00fac chuy\u1ebfn \u0111i tuy\u1ec7t v\u1eddi n\u00e0y, ch\u00fang ta c\u00f9ng \u0111i b\u1ed9 40 ph\u00fat ra kh\u1ecfi h\u1ebbm n\u00fai v\u00e0 \u0111\u1ebfn n\u01a1i m\u00e0 xe \u0111\u01b0a \u0111\u00f3n \u0111ang \u0111\u1ee3i \u0111\u1ec3 ch\u1edf b\u1ea1n v\u1ec1 \u0110\u00e0 L\u1ea1t. B\u1ea1n \u0111\u00e3 chinh ph\u1ee5c c\u00e1c th\u1eed th\u00e1ch c\u1ee7a ch\u00fang t\u00f4i v\u00e0 quan tr\u1ecdng nh\u1ea5t \u0111\u00f3 l\u00e0 ch\u00ednh b\u1ea1n.<\/p>\n<h2 id=\"3-thong-tin-dat-ve-canyoning-tour-vuot-thac\"><span style=\"color: #003300;\"><strong>3. Th\u00f4ng tin \u0111\u1eb7t v\u00e9 Canyoning tour v\u01b0\u1ee3t th\u00e1c\u00a0<\/strong><\/span><\/h2>\n<p dir=\"ltr\">\u0110\u1ec3 ti\u1ebft ki\u1ec7m th\u1eddi gian \u0111\u1eb7t v\u00e9 b\u1ea1n h\u00e3y t\u1ea3i ngay \u1ee9ng d\u1ee5ng sau \u0111\u00e2y:\u00a0<span style=\"color: #993300;\"><strong><a style=\"color: #993300;\" href=\"https:\/\/share.abphotos.link\/dePd\" target=\"_blank\" rel=\"noopener\">\u0110\u00e0 L\u1ea1t Review T\u1ea5t T\u1ea7n T\u1eadt<\/a><\/strong><\/span><\/p>\n<p>Ngo\u00e0i ra, qu\u00fd kh\u00e1ch c\u00f3 th\u1ec3 chat tr\u1ef1c ti\u1ebfp tr\u00ean App\/Website \u0111\u1ec3 nh\u00e2n vi\u00ean c\u1ee7a ch\u00fang t\u00f4i t\u01b0 v\u1ea5n th\u00eam v\u1ec1 s\u1ea3n ph\u1ea9m v\u00e0 d\u1ecbch v\u1ee5, ho\u1eb7c li\u00ean h\u1ec7<\/p>\n<p><span style=\"color: #ff0000;\"><strong>Hotline:<\/strong>\u00a0<\/span>0983 249 297<\/p>","protected":false},"excerpt":{"rendered":"<p>Danh m\u1ee5c ch\u00ednh V\u00e9 Canyoning tour v\u01b0\u1ee3t v\u01b0\u1ee3t th\u00e1c 1. Th\u00f4ng tin tour v\u01b0\u1ee3t th\u00e1c Canyoning\u00a0 2. L\u1ecbch tr\u00ecnh tour v\u01b0\u1ee3t th\u00e1c Canyoning\u00a0 3. Th\u00f4ng tin \u0111\u1eb7t v\u00e9 Canyoning tour v\u01b0\u1ee3t th\u00e1c\u00a0 V\u00e9 Canyoning tour v\u01b0\u1ee3t v\u01b0\u1ee3t th\u00e1c \u0110\u00e0 L\u1ea1t l\u00e0 n\u01a1i c\u00f3 \u0111\u1ecba h\u00ecnh \u0111\u1ed3i n\u00fai kh\u00e1 \u0111a d\u1ea1ng, v\u1eady n\u00ean n\u01a1i \u0111\u00e2y r\u1ea5t [&hellip;]<\/p>","protected":false},"featured_media":32342,"comment_status":"open","ping_status":"closed","template":"","meta":{"_acf_changed":false,"rank_math_lock_modified_date":false},"product_cat":[1187],"product_tag":[],"acf":[],"_links":{"self":[{"href":"https:\/\/dalatreview.vn\/en\/wp-json\/wp\/v2\/product\/32258"}],"collection":[{"href":"https:\/\/dalatreview.vn\/en\/wp-json\/wp\/v2\/product"}],"about":[{"href":"https:\/\/dalatreview.vn\/en\/wp-json\/wp\/v2\/types\/product"}],"replies":[{"embeddable":true,"href":"https:\/\/dalatreview.vn\/en\/wp-json\/wp\/v2\/comments?post=32258"}],"wp:featuredmedia":[{"embeddable":true,"href":"https:\/\/dalatreview.vn\/en\/wp-json\/wp\/v2\/media\/32342"}],"wp:attachment":[{"href":"https:\/\/dalatreview.vn\/en\/wp-json\/wp\/v2\/media?parent=32258"}],"wp:term":[{"taxonomy":"product_cat","embeddable":true,"href":"https:\/\/dalatreview.vn\/en\/wp-json\/wp\/v2\/product_cat?post=32258"},{"taxonomy":"product_tag","embeddable":true,"href":"https:\/\/dalatreview.vn\/en\/wp-json\/wp\/v2\/product_tag?post=32258"}],"curies":[{"name":"wp","href":"https:\/\/api.w.org\/{rel}","templated":true}]}}