
{"id":32256,"date":"2023-08-28T16:46:35","date_gmt":"2023-08-28T09:46:35","guid":{"rendered":"https:\/\/dalatreview.vn\/?p=32256"},"modified":"2024-10-17T11:11:02","modified_gmt":"2024-10-17T04:11:02","slug":"ve-tham-quan-suoi-mo","status":"publish","type":"product","link":"https:\/\/dalatreview.vn\/en\/ve-tham-quan-suoi-mo.html","title":{"rendered":"V\u00e9 tham quan Su\u1ed1i M\u01a1"},"content":{"rendered":"<nav class=\"vietrick-auto-toc\">\n<div class=\"box-title\">\n<h3 class=\"toc-title\" id=\"select-menu\">Danh m\u1ee5c ch\u00ednh<\/h3>\n<div><ion-icon name=\"chevron-up-outline\"><\/ion-icon><\/div>\n<\/div>\n<ul class=\"toc-list\">\n<li><a href='https:\/\/dalatreview.vn\/en#ve-tham-quan-suoi-mo' class='heading-h2 toc-link smooth-scroll'>V\u00e9 tham quan Su\u1ed1i M\u01a1\u00a0<\/a>\n<li><a href='https:\/\/dalatreview.vn\/en#1-thong-tin-ve-suoi-mo' class='heading-h2 toc-link smooth-scroll'>1. Th\u00f4ng tin v\u1ec1 Su\u1ed1i M\u01a1\u00a0<\/a>\n<li><a href='https:\/\/dalatreview.vn\/en#2-check-in-suoi-mo-dap-tran-7-tang-cuc-tho' class='heading-h2 toc-link smooth-scroll'>2. Check in Su\u1ed1i M\u01a1 &#8211; \u0110\u1eadp tr\u00e0n 7 t\u1ea7ng c\u1ef1c th\u01a1<\/a>\n<li><a href='https:\/\/dalatreview.vn\/en#3-thong-tin-dat-ve-suoi-mo' class='heading-h2 toc-link smooth-scroll'>3. Th\u00f4ng tin \u0111\u1eb7t v\u00e9 Su\u1ed1i M\u01a1\u00a0<\/a><\/ul>\n<\/ul>\n<\/li>\n<\/ul>\n<\/nav>\n<h2 style=\"text-align: center;\" id=\"ve-tham-quan-suoi-mo\"><span style=\"color: #003300;\"><strong>V\u00e9 tham quan Su\u1ed1i M\u01a1\u00a0<\/strong><\/span><\/h2>\n<p>Kh\u00f4ng qu\u00e1 kh\u00f3 t\u00ecm khi b\u1ea1n bi\u1ebft \u0111\u01b0\u1eddng \u0111\u1ebfn H\u1ed3 Tuy\u1ec1n L\u00e2m, k\u1ebf b\u00ean \u0111\u1eadp tr\u00e0n hot hit ch\u00ednh l\u00e0 Su\u1ed1i M\u01a1. M\u1ed9t ti\u1ec7m c\u00e0 ph\u00ea chill c\u00f9ng thi\u00ean nhi\u00ean ch\u1eb3ng v\u01b0\u01a1ng v\u1ea5n \u1ed3n \u00e3, kh\u00f3i b\u1ee5i v\u1edbi th\u1eadt nhi\u1ec1u s\u1ef1 an y\u00ean v\u00e0 \u0111\u01b0\u1ee3c bao b\u1ecdc xung quan b\u1edfi nh\u1eefng r\u1eebng c\u00e2y xanh m\u00e1t c\u00f9ng d\u00f2ng su\u1ed1i trong v\u1eaft, t\u1eadn h\u01b0\u1edfng c\u00e1i kh\u00ed tr\u1eddi m\u00e0 ch\u1ec9 n\u01a1i c\u00e2y c\u1ed1i t\u01b0\u01a1i t\u1ed1t m\u1edbi c\u00f3 \u0111\u01b0\u1ee3c.<\/p>\n<div class=\"article\">\n<p><img decoding=\"async\" class=\"aligncenter wp-image-32300 size-full\" src=\"https:\/\/dalatreview.vn\/wp-content\/uploads\/2023\/08\/308996034_1866160947070317_8751497977668307551_n.jpg\" alt=\"su\u1ed1i m\u01a1\" width=\"2048\" height=\"1388\" \/><\/p>\n<h2 id=\"1-thong-tin-ve-suoi-mo\"><span style=\"color: #003300;\"><strong>1. Th\u00f4ng tin v\u1ec1 Su\u1ed1i M\u01a1\u00a0<\/strong><\/span><\/h2>\n<p>Nh\u1eb1m ti\u1ebft ki\u1ec7m th\u1eddi gian, gi\u1ea3m thi\u1ec3u chi ph\u00ed du l\u1ecbch v\u00e0 \u0111\u01b0\u1ee3c tho\u1ea3i m\u00e1i tr\u1ea3i nghi\u1ec7m c\u00e1c d\u1ecbch v\u1ee5 b\u1ea1n c\u00f3 th\u1ec3 t\u1ea3i app v\u00e0 book v\u00e9 qua\u00a0<strong><a href=\"https:\/\/dalatreview.com\/suoi-mo\" target=\"_blank\" rel=\"noopener\"><span style=\"color: #ff0000;\">\u1ee8ng d\u1ee5ng \u0110\u00e0 L\u1ea1t Review T\u1ea5t T\u1ea7n T\u1eadt<\/span><\/a><\/strong>\u00a0tr\u00ean Mobile<\/p>\n<p>Khi t\u1ea3i \u1ee9ng d\u1ee5ng \u0110\u00e0 L\u1ea1t Review T\u1ea5t T\u1ea7n T\u1eadt b\u1ea1n s\u1ebd nh\u1eadn r\u1ea5t nhi\u1ec1u \u01b0u \u0111\u00e3i h\u1ea5p d\u1eabn kh\u00e1c \u0111ang ch\u1edd \u0111\u00f3n.<\/p>\n<p>N\u1ebfu nh\u01b0 m\u1ed7i ng\u00e0y b\u1ea1n \u0111\u1ec1u nghe 1 b\u1ea3n nh\u1ea1c quen thu\u1ed9c \u201cB\u00edp b\u00edp! Nh\u1eefng ti\u1ebfng c\u00f2i xe h\u00f2a c\u00f9ng d\u00f2ng ng\u01b0\u1eddi h\u1ed1i h\u1ea3\u201d, v\u1eady th\u00ec h\u00f4m nay b\u1ea1n h\u00e3y thay \u0111\u1ed5i m\u1ed9t ch\u00fat, l\u1eafng nghe b\u1ea3n nh\u1ea1c v\u1edbi \u201cTi\u1ebfng chim h\u00f3t, ti\u1ebfng su\u1ed1i ch\u1ea3y r\u00f3c r\u00e1ch c\u00f9ng m\u1ed9t khu v\u01b0\u1eddn m\u01a1 m\u1ed9ng xem c\u1ea3m gi\u00e1c n\u00e0y s\u1ebd c\u00f3 g\u00ec kh\u00e1c bi\u1ec7t kh\u00f4ng nh\u00e9!<\/p>\n<p><img decoding=\"async\" class=\"aligncenter wp-image-32301 size-full\" src=\"https:\/\/dalatreview.vn\/wp-content\/uploads\/2023\/08\/350506885_1292700544985788_3704815221037308073_n.jpg\" alt=\"su\u1ed1i m\u01a1 \" width=\"1080\" height=\"1440\" \/><\/p>\n<p>Cafe Su\u1ed1i M\u01a1 t\u1ecda l\u1ea1c \u1edf \u0111\u01b0\u1eddng Hoa C\u1ea9m T\u00fa C\u1ea7u, Ph\u01b0\u1eddng 3, Th\u00e0nh ph\u1ed1 \u0110\u00e0 L\u1ea1t. R\u1eddi xa ph\u1ed1 th\u1ecb n\u00e1o nhi\u1ec7t t\u1ea5p n\u1eadp, Su\u1ed1i M\u01a1 nh\u1eb9 nh\u00e0ng, b\u00ecnh y\u00ean \u0111\u1ebfn l\u1ea1 l\u00f9ng. N\u01a1i \u0111\u00e2y c\u00e1ch trung t\u00e2m th\u00e0nh ph\u1ed1 h\u01a1n 6 km v\u1ec1 ph\u00eda h\u1ed3 Tuy\u1ec1n L\u00e2m. M\u1ea5t kho\u1ea3ng 15 ph\u00fat di chuy\u1ec3n l\u00e0 b\u1ea1n s\u1ebd \u0111\u1ebfn \u0111\u01b0\u1ee3c khu v\u01b0\u1eddn \u0111\u1eadm ch\u1ea5t th\u01a1 n\u00e0y.<\/p>\n<p><img decoding=\"async\" class=\"aligncenter wp-image-32302 size-full\" src=\"https:\/\/dalatreview.vn\/wp-content\/uploads\/2023\/08\/372687084_262309539973435_3092160358230043697_n.jpg\" alt=\"su\u1ed1i m\u01a1 \u0111\u00e0 l\u1ea1t \" width=\"2048\" height=\"2048\" \/><\/p>\n<p>Cafe Su\u1ed1i M\u01a1 b\u1eaft \u0111\u1ea7u m\u1edf c\u1eeda t\u1eeb 7h s\u00e1ng \u0111\u1ebfn 5h30 chi\u1ec1u v\u00e0 th\u1eddi \u0111i\u1ec3m ch\u1ee5p \u1ea3nh \u0111\u1eb9p nh\u1ea5t t\u1ea1i \u0111\u00e2y s\u1ebd l\u00e0 l\u00fac s\u00e1ng s\u1edbm n\u1eafng \u0111\u1eb9p v\u00e0 n\u1eafng chi\u1ec1u khi ho\u00e0ng h\u00f4n ch\u01b0a bu\u00f4ng xu\u1ed1ng.<\/p>\n<p><img decoding=\"async\" class=\"alignnone wp-image-32303 size-full\" src=\"https:\/\/dalatreview.vn\/wp-content\/uploads\/2023\/08\/370600270_262309393306783_6143497272789556732_n.jpg\" alt=\"check in su\u1ed1i m\u01a1\" width=\"2048\" height=\"1364\" \/><\/p>\n<p>\u0110\u1ebfn v\u1edbi Su\u1ed1i M\u01a1 b\u1ea1n s\u1ebd \u0111\u01b0\u1ee3c th\u1ea3 h\u1ed3n v\u00e0o thi\u00ean nhi\u00ean m\u1ed9t c\u00e1ch \u0111\u00fang ngh\u0129a. L\u1eafng nghe ti\u1ebfng n\u01b0\u1edbc ch\u1ea3y qua \u0111\u1eadp. Hay h\u00edt m\u1ed9t h\u01a1i th\u1eadt s\u00e2u \u0111\u1ec3 c\u1ea3m nh\u1eadn m\u00f9i th\u01a1m hoa c\u1ecf c\u1ee7a c\u00e1nh r\u1eebng.<\/p>\n<h2 id=\"2-check-in-suoi-mo-dap-tran-7-tang-cuc-tho\"><span style=\"color: #003300;\"><strong>2. Check in Su\u1ed1i M\u01a1 &#8211; \u0110\u1eadp tr\u00e0n 7 t\u1ea7ng c\u1ef1c th\u01a1<\/strong><\/span><\/h2>\n<p>D\u00f2ng n\u01b0\u1edbc t\u1eeb th\u00e1c 7 t\u1ea7ng \u0111\u1ed5 d\u00e0i ch\u1ea3y qua, \u0111i s\u00e2u v\u00e0o b\u00ean trong khu r\u1eebng ti\u1ebfng n\u01b0\u1edbc ch\u1ea3y r\u00f3c r\u00e1ch kh\u00f4ng ng\u1eebng t\u1ea1o n\u00ean khung c\u1ea3nh thi\u00ean nhi\u00ean v\u1eeba b\u00ecnh y\u00ean v\u1eeba h\u00f9ng v\u0129.<\/p>\n<p><img decoding=\"async\" class=\"aligncenter wp-image-32306 size-full\" src=\"https:\/\/dalatreview.vn\/wp-content\/uploads\/2023\/08\/370424072_262309833306739_6778078469621487138_n.jpg\" alt=\"su\u1ed1i m\u01a1\" width=\"1928\" height=\"2048\" \/><\/p>\n<p>\u0110\u1eadp tr\u00e0n s\u1ebd l\u00e0 khung h\u00ecnh ph\u00f9 h\u1ee3p cho m\u1ecdi trang ph\u1ee5c, m\u1ecdi phong c\u00e1ch. C\u00f2n n\u1ebfu b\u1ea1n mu\u1ed1n h\u00f3a th\u00e2n th\u00e0nh n\u00e0ng th\u01a1 gi\u1eefa khu r\u1eebng gi\u00e0. Th\u00ec h\u00e3y m\u1eb7c nh\u1eefng trang ph\u1ee5c nh\u1eb9 nh\u00e0ng.<\/p>\n<p><img decoding=\"async\" class=\"aligncenter wp-image-32307 size-full\" src=\"https:\/\/dalatreview.vn\/wp-content\/uploads\/2023\/08\/370597672_262307066640349_4730441879134560676_n.jpg\" alt=\"su\u1ed1i m\u01a1 \" width=\"2048\" height=\"1382\" \/><\/p>\n<p>V\u00ec qu\u00e1n \u0111\u01b0\u1ee3c thi\u1ebft k\u1ebf n\u1eb1m b\u00ean chi\u1ebfc \u0111\u1eadp tr\u00e0n n\u00ean b\u1ea1n c\u00f3 th\u1ec3 ng\u1eafm to\u00e0n c\u1ea3nh t\u1eeb \u0111\u00e2y. Tr\u01b0\u1edbc m\u1eaft l\u00e0 th\u00e1c n\u01b0\u1edbc, xa h\u01a1n l\u00e0 c\u00e1nh r\u1eebng th\u00f4ng. T\u1ea5t c\u1ea3 t\u1ea1o n\u00ean m\u1ed9t b\u1ee9c tranh thi\u00ean nhi\u00ean s\u1ed1ng \u0111\u1ed9ng.<\/p>\n<p><img decoding=\"async\" class=\"alignnone wp-image-32308 size-full\" src=\"https:\/\/dalatreview.vn\/wp-content\/uploads\/2023\/08\/362951078_248638184673904_5372517840553646465_n.jpg\" alt=\"su\u1ed1i m\u01a1\" width=\"1901\" height=\"1365\" \/><\/p>\n<p>Nh\u1eefng chi\u1ebfc c\u1ea7u g\u1ed7 b\u1eafc ngang con su\u1ed1i c\u00e0ng khi\u1ebfn cho khung c\u1ea3nh n\u01a1i \u0111\u00e2y th\u00eam ph\u1ea7n n\u00ean th\u01a1. Ch\u1ec9 c\u1ea7n th\u1ea3 d\u00e1ng nh\u1eb9 nh\u00e0ng, trong chi\u1ebfc v\u00e1y d\u00e0i th\u01b0\u1edbt tha, sau l\u01b0ng l\u00e0 khung c\u1ea3nh r\u1eebng n\u00fai hoang s\u01a1, ch\u1eafc ch\u1eafn s\u1ebd t\u1ea1o ra m\u1ed9t b\u1ee9c \u1ea3nh c\u00f3 m\u1ed9t kh\u00f4ng hai.<\/p>\n<p><img decoding=\"async\" class=\"aligncenter wp-image-32310 size-full\" src=\"https:\/\/dalatreview.vn\/wp-content\/uploads\/2023\/08\/360106095_239701715567551_7975658621434369341_n.jpg\" alt=\"su\u1ed1i m\u01a1\" width=\"962\" height=\"1440\" \/><\/p>\n<p>Ngo\u00e0i tr\u1ea3i nghi\u1ec7m h\u00f3a th\u00e0nh n\u00e0ng th\u01a1, t\u1ea1i Su\u1ed1i M\u01a1 b\u1ea1n c\u0169ng c\u00f3 th\u1ec3 ch\u1ee5p cho m\u00ecnh nh\u1eefng b\u1ed9 \u1ea3nh theo concept ma m\u1ecb huy\u1ec1n \u1ea3o.<\/p>\n<p><img decoding=\"async\" class=\"alignnone wp-image-32311 size-full\" src=\"https:\/\/dalatreview.vn\/wp-content\/uploads\/2023\/08\/353675856_219269384277451_8761560640450769958_n.jpg\" alt=\"khu r\u1eebng l\u00e1 phong t\u1ea1i su\u1ed1i m\u01a1 \" width=\"1440\" height=\"960\" \/><\/p>\n<p>Ngo\u00e0i m\u1ed9t kh\u00f4ng gian xanh m\u00e1t, t\u1ea1i \u0111\u00e2y c\u00f2n c\u00f3 m\u1ed9t con \u0111\u01b0\u1eddng l\u00e1 phong \u0111\u1ecf r\u1ef1c v\u00f4 c\u00f9ng r\u1ef1c r\u1ee1 v\u00e0 b\u1eaft m\u1eaft. Gi\u1eefa nh\u1eefng c\u00e1nh r\u1eebng xanh th\u1eb3m \u0111i\u1ec3m xuy\u1ebfn hai h\u00e0ng l\u00e1 phong \u0111\u1ecf r\u1ef1c m\u1ed9t g\u00f3c tr\u1eddi, khung c\u1ea3nh v\u1eeba n\u00ean th\u01a1 v\u1eeba v\u00f4 c\u00f9ng m\u1edbi l\u1ea1 s\u1ebd l\u00e0 background ho\u00e0n h\u1ea3o d\u00e0nh cho b\u1ea1n \u0111\u00f3.<\/p>\n<h2 id=\"3-thong-tin-dat-ve-suoi-mo\"><span style=\"color: #003300;\"><strong>3. Th\u00f4ng tin \u0111\u1eb7t v\u00e9 Su\u1ed1i M\u01a1\u00a0<\/strong><\/span><\/h2>\n<p dir=\"ltr\">\u0110\u1ec3 ti\u1ebft ki\u1ec7m th\u1eddi gian \u0111\u1eb7t v\u00e9 b\u1ea1n h\u00e3y t\u1ea3i ngay \u1ee9ng d\u1ee5ng sau \u0111\u00e2y:\u00a0<span style=\"color: #993300;\"><strong><a style=\"color: #993300;\" href=\"https:\/\/share.abphotos.link\/dePd\" target=\"_blank\" rel=\"noopener\">\u0110\u00e0 L\u1ea1t Review T\u1ea5t T\u1ea7n T\u1eadt<\/a><\/strong><\/span><\/p>\n<p>Ngo\u00e0i ra, qu\u00fd kh\u00e1ch c\u00f3 th\u1ec3 chat tr\u1ef1c ti\u1ebfp tr\u00ean App\/Website \u0111\u1ec3 nh\u00e2n vi\u00ean c\u1ee7a ch\u00fang t\u00f4i t\u01b0 v\u1ea5n th\u00eam v\u1ec1 s\u1ea3n ph\u1ea9m v\u00e0 d\u1ecbch v\u1ee5, ho\u1eb7c li\u00ean h\u1ec7<\/p>\n<p><span style=\"color: #ff0000;\"><strong>Hotline:<\/strong><\/span> 0989 249 297<\/p>\n<\/div>","protected":false},"excerpt":{"rendered":"<p>Danh m\u1ee5c ch\u00ednh V\u00e9 tham quan Su\u1ed1i M\u01a1\u00a0 1. Th\u00f4ng tin v\u1ec1 Su\u1ed1i M\u01a1\u00a0 2. Check in Su\u1ed1i M\u01a1 &#8211; \u0110\u1eadp tr\u00e0n 7 t\u1ea7ng c\u1ef1c th\u01a1 3. Th\u00f4ng tin \u0111\u1eb7t v\u00e9 Su\u1ed1i M\u01a1\u00a0 V\u00e9 tham quan Su\u1ed1i M\u01a1\u00a0 Kh\u00f4ng qu\u00e1 kh\u00f3 t\u00ecm khi b\u1ea1n bi\u1ebft \u0111\u01b0\u1eddng \u0111\u1ebfn H\u1ed3 Tuy\u1ec1n L\u00e2m, k\u1ebf b\u00ean \u0111\u1eadp tr\u00e0n hot [&hellip;]<\/p>","protected":false},"featured_media":32309,"comment_status":"open","ping_status":"closed","template":"","meta":{"_acf_changed":false,"rank_math_lock_modified_date":false},"product_cat":[1187],"product_tag":[],"acf":[],"_links":{"self":[{"href":"https:\/\/dalatreview.vn\/en\/wp-json\/wp\/v2\/product\/32256"}],"collection":[{"href":"https:\/\/dalatreview.vn\/en\/wp-json\/wp\/v2\/product"}],"about":[{"href":"https:\/\/dalatreview.vn\/en\/wp-json\/wp\/v2\/types\/product"}],"replies":[{"embeddable":true,"href":"https:\/\/dalatreview.vn\/en\/wp-json\/wp\/v2\/comments?post=32256"}],"wp:featuredmedia":[{"embeddable":true,"href":"https:\/\/dalatreview.vn\/en\/wp-json\/wp\/v2\/media\/32309"}],"wp:attachment":[{"href":"https:\/\/dalatreview.vn\/en\/wp-json\/wp\/v2\/media?parent=32256"}],"wp:term":[{"taxonomy":"product_cat","embeddable":true,"href":"https:\/\/dalatreview.vn\/en\/wp-json\/wp\/v2\/product_cat?post=32256"},{"taxonomy":"product_tag","embeddable":true,"href":"https:\/\/dalatreview.vn\/en\/wp-json\/wp\/v2\/product_tag?post=32256"}],"curies":[{"name":"wp","href":"https:\/\/api.w.org\/{rel}","templated":true}]}}