
{"id":32253,"date":"2023-08-28T16:11:22","date_gmt":"2023-08-28T09:11:22","guid":{"rendered":"https:\/\/dalatreview.vn\/?p=32253"},"modified":"2024-10-23T14:47:03","modified_gmt":"2024-10-23T07:47:03","slug":"ve-tham-quan-duong-ham-dieu-khac","status":"publish","type":"product","link":"https:\/\/dalatreview.vn\/en\/ve-tham-quan-duong-ham-dieu-khac.html","title":{"rendered":"V\u00e9 tham quan \u0110\u01b0\u1eddng H\u1ea7m \u0110i\u00eau Kh\u1eafc"},"content":{"rendered":"<nav class=\"vietrick-auto-toc\">\n<div class=\"box-title\">\n<h3 class=\"toc-title\" id=\"select-menu\">Danh m\u1ee5c ch\u00ednh<\/h3>\n<div><ion-icon name=\"chevron-up-outline\"><\/ion-icon><\/div>\n<\/div>\n<ul class=\"toc-list\">\n<li><a href='https:\/\/dalatreview.vn\/en#ve-tham-quan-duong-ham-dieu-khac' class='heading-h2 toc-link smooth-scroll'>V\u00e9 tham quan \u0110\u01b0\u1eddng H\u1ea7m \u0110i\u00eau Kh\u1eafc<\/a>\n<li><a href='https:\/\/dalatreview.vn\/en#1-thong-tin-duong-ham-dieu-khac' class='heading-h2 toc-link smooth-scroll'>1. Th\u00f4ng tin \u0110\u01b0\u1eddng H\u1ea7m \u0110i\u00eau Kh\u1eafc\u00a0<\/a>\n<li><a href='https:\/\/dalatreview.vn\/en#2-kham-pha-kien-truc-duong-ham-dieu-khac' class='heading-h2 toc-link smooth-scroll'>2. Kh\u00e1m ph\u00e1 ki\u1ebfn tr\u00fac \u0110\u01b0\u1eddng H\u1ea7m \u0110i\u00eau Kh\u1eafc\u00a0<\/a>\n<li><a href='https:\/\/dalatreview.vn\/en#3-thong-tin-dat-ve-tham-quan-duong-ham-dieu-khac' class='heading-h2 toc-link smooth-scroll'>3. Th\u00f4ng tin \u0111\u1eb7t v\u00e9 tham quan \u0110\u01b0\u1eddng H\u1ea7m \u0110i\u00eau Kh\u1eafc\u00a0<\/a><\/ul>\n<\/ul>\n<\/li>\n<\/ul>\n<\/nav>\n<h2 style=\"text-align: center;\" id=\"ve-tham-quan-duong-ham-dieu-khac\"><span style=\"color: #003300;\"><strong>V\u00e9 tham quan \u0110\u01b0\u1eddng H\u1ea7m \u0110i\u00eau Kh\u1eafc<\/strong><\/span><\/h2>\n<p>Nh\u1eafc \u0111\u1ebfn nh\u1eefng \u0111\u1ecba \u0111i\u1ec3m tham quan \u0111\u1ed9c \u0111\u00e1o t\u1ea1i \u0110\u00e0 L\u1ea1t th\u00ec ch\u1eafc ch\u1eafn kh\u00f4ng th\u1ec3 b\u1ecf qua \u0110\u01b0\u1eddng h\u1ea7m \u0111i\u00eau kh\u1eafc. \u0110\u1ecba \u0111i\u1ec3m du l\u1ecbch n\u00e0y n\u1ed5i ti\u1ebfng v\u1edbi nh\u1eefng c\u00f4ng tr\u00ecnh ki\u1ebfn tr\u00fac ho\u00e0n to\u00e0n \u0111\u01b0\u1ee3c l\u00e0m b\u1eb1ng \u0111\u1ea5t s\u00e9t. \u0110\u01b0\u1eddng H\u1ea7m \u0110i\u00eau Kh\u1eafc h\u1ee9a h\u1eb9n mang \u0111\u1ebfn cho b\u1ea1n nh\u1eefng kho\u1ea3nh kh\u1eafc m\u00e3n nh\u00e3n c\u00f9ng nh\u1eefng b\u1ee9c \u1ea3nh check &#8211; in s\u1ed1ng \u1ea3o x\u1ecbn s\u00f2.<\/p>\n<p><img decoding=\"async\" class=\"aligncenter wp-image-32275 size-full\" src=\"https:\/\/dalatreview.vn\/wp-content\/uploads\/2023\/08\/343407383_272934265160593_3873739928482882185_n.jpg\" alt=\"\u0111\u01b0\u1eddng h\u1ea7m \u0111i\u00eau kh\u1eafc \" width=\"2048\" height=\"1536\" \/><\/p>\n<h2 id=\"1-thong-tin-duong-ham-dieu-khac\"><span style=\"color: #003300;\"><strong>1. Th\u00f4ng tin \u0110\u01b0\u1eddng H\u1ea7m \u0110i\u00eau Kh\u1eafc\u00a0<\/strong><\/span><\/h2>\n<p>Nh\u1eb1m ti\u1ebft ki\u1ec7m th\u1eddi gian, gi\u1ea3m thi\u1ec3u chi ph\u00ed du l\u1ecbch v\u00e0 \u0111\u01b0\u1ee3c tho\u1ea3i m\u00e1i tr\u1ea3i nghi\u1ec7m c\u00e1c d\u1ecbch v\u1ee5 b\u1ea1n c\u00f3 th\u1ec3 t\u1ea3i app v\u00e0 book v\u00e9 qua\u00a0<span style=\"color: #ff0000;\"><strong><a style=\"color: #ff0000;\" href=\"https:\/\/dalatreview.com\/duong-ham-dieu-khac\" target=\"_blank\" rel=\"noopener\">\u1ee8ng d\u1ee5ng \u0110\u00e0 L\u1ea1t Review T\u1ea5t T\u1ea7n T\u1eadt<\/a><\/strong><\/span>\u00a0tr\u00ean Mobile<\/p>\n<p>Khi t\u1ea3i \u1ee9ng d\u1ee5ng \u0110\u00e0 L\u1ea1t Review T\u1ea5t T\u1ea7n T\u1eadt b\u1ea1n s\u1ebd nh\u1eadn \u0111\u01b0\u1ee3c\u00a0<span style=\"color: #ff0000;\"><strong>voucher mua h\u00e0ng 20k<\/strong><\/span>\u00a0(\u00c1p d\u1ee5ng cho h\u00f3a \u0111\u01a1n tr\u00ean 100.000\u0111) v\u00e0 r\u1ea5t nhi\u1ec1u \u01b0u \u0111\u00e3i h\u1ea5p d\u1eabn kh\u00e1c \u0111ang ch\u1edd \u0111\u00f3n b\u1ea1n.<\/p>\n<p>\u0110\u01b0\u1eddng H\u1ea7m \u0110i\u00eau Kh\u1eafc hay c\u00f2n g\u1ecdi l\u00e0 \u0110\u01b0\u1eddng H\u1ea7m \u0110\u1ea5t S\u00e9t l\u00e0 c\u00f4ng tr\u00ecnh ki\u1ebfn tr\u00fac \u0111\u1ed9c \u0111\u00e1o \u0111\u01b0\u1ee3c x\u00e2y d\u1ef1ng t\u1eeb n\u0103m 2010 v\u00e0 nay \u0111\u00e3 tr\u1edf th\u00e0nh \u0111\u1ecba \u0111i\u1ec3m du l\u1ecbch n\u1ed5i ti\u1ebfng c\u1ee7a \u0110\u00e0 L\u1ea1t.<\/p>\n<p><img decoding=\"async\" class=\"aligncenter wp-image-32276 size-full\" src=\"https:\/\/dalatreview.vn\/wp-content\/uploads\/2023\/08\/343418636_563866015816087_8545505448110974716_n.jpg\" alt=\"\u0111\u01b0\u1eddng h\u1ea7m \u0111i\u00eau kh\u1eafc \u0111\u00e0 l\u1ea1t\" width=\"2048\" height=\"1536\" \/><\/p>\n<p>\u0110\u1ecba \u0111i\u1ec3m tham quan n\u00e0y t\u1ecda l\u1ea1c \u1edf v\u00f9ng ngo\u1ea1i \u00f4 th\u00e0nh ph\u1ed1 \u0110\u00e0 L\u1ea1t, n\u1eb1m trong qu\u1ea7n th\u1ec3 khu du l\u1ecbch H\u1ed3 Tuy\u1ec1n L\u00e2m v\u00e0 c\u00e1ch trung t\u00e2m th\u00e0nh ph\u1ed1 kho\u1ea3ng 14km v\u1ec1 ph\u00eda Nam.<\/p>\n<p><img decoding=\"async\" class=\"alignnone size-full wp-image-32277\" src=\"http:\/\/localhost\/wordpress\/wp-content\/uploads\/2023\/08\/355862542_6072788756176675_4303644009044316314_n.jpg\" alt=\"\u0111\u01b0\u1eddng h\u1ea7m \u0111i\u00eau kh\u1eafc\" width=\"2048\" height=\"1536\" \/><\/p>\n<p>V\u1edbi chi\u1ec1u d\u00e0i g\u1ea7n 2km \u0111\u00e2y l\u00e0 1 c\u00f4ng tr\u00ecnh ki\u1ebfn tr\u00fac \u0111\u1eb7c bi\u1ec7t t\u00e1i hi\u1ec7n l\u1ea1i ngu\u1ed3n g\u1ed1c, l\u1ecbch s\u1eed h\u00ecnh th\u00e0nh v\u00e0 ph\u00e1t tri\u1ec3n c\u1ee7a th\u00e0nh ph\u1ed1 \u0110\u00e0 L\u1ea1t. T\u1ea1i \u0111\u00e2y c\u00f3 r\u1ea5t nhi\u1ec1u t\u00e1c ph\u1ea9m ngh\u1ec7 thu\u1eadt n\u1ed5i ti\u1ebfng, l\u00e0 bi\u1ec3u t\u01b0\u1ee3ng c\u1ee7a \u0110\u00e0 L\u1ea1t nh\u01b0: Langbiang, Nh\u00e0 h\u00e0ng Th\u1ee7y T\u1ea1, h\u1ed3 Xu\u00e2n H\u01b0\u01a1ng, nh\u00e0 ga Xe L\u1eeda,nh\u00e0 th\u1edd con g\u00e0,\u2026 du kh\u00e1ch c\u00f3 th\u1ec3 tha h\u1ed3 tham quan v\u00e0 check in s\u1ed1ng \u1ea3o m\u1ecdi ng\u00f3c ng\u00e1ch.<\/p>\n<p><img decoding=\"async\" class=\"aligncenter wp-image-32278 size-full\" src=\"https:\/\/dalatreview.vn\/wp-content\/uploads\/2023\/08\/354442980_2395821937246667_5258030826990007564_n.jpg\" alt=\"\u0111\u01b0\u1eddng h\u1ea7m \u0111i\u00eau kh\u1eafc \" width=\"1276\" height=\"956\" \/><\/p>\n<p>\u0110\u01b0\u1eddng H\u1ea7m \u0110\u1ea5t S\u00e9t m\u1edf c\u1eeda v\u00e0o t\u1ea5t c\u1ea3 c\u00e1c ng\u00e0y trong tu\u1ea7n \u0111\u1ec3 b\u1ea1n c\u00f3 th\u1ec3 gh\u00e9 \u0111\u1ebfn tham quan v\u00e0 tr\u1ea3i nghi\u1ec7m.\u00a0Th\u1eddi gian m\u1edf c\u1eeda b\u1eaft \u0111\u1ea7u t\u1eeb 7h s\u00e1ng v\u00e0 \u0111\u00f3ng c\u1eeda v\u00e0o l\u00fac 17h chi\u1ec1u h\u1eb1ng ng\u00e0y.<\/p>\n<h2 id=\"2-kham-pha-kien-truc-duong-ham-dieu-khac\"><span style=\"color: #003300;\"><strong>2. Kh\u00e1m ph\u00e1 ki\u1ebfn tr\u00fac \u0110\u01b0\u1eddng H\u1ea7m \u0110i\u00eau Kh\u1eafc\u00a0<\/strong><\/span><\/h2>\n<p>Khi \u0111\u1ebfn tham quan \u0110\u01b0\u1eddng H\u1ea7m \u0110i\u00eau Kh\u1eafc, b\u1ea1n s\u1ebd \u0111\u01b0\u1ee3c \u0111i t\u1eeb ng\u1ea1c nhi\u00ean n\u00e0y \u0111\u1ebfn ng\u1ea1c nhi\u00ean b\u1edfi nh\u1eefng kh\u1ed1i \u0111\u1ea5t s\u00e9t v\u00f4 tri v\u00f4 gi\u00e1c sau khi qua \u0111\u00f4i b\u00e0n tay t\u00e0i n\u0103ng c\u1ee7a nh\u1eefng ngh\u1ec7 nh\u00e2n \u0111\u00e3 t\u1ea1o n\u00ean c\u00e1c c\u00f4ng tr\u00ecnh ki\u1ebfn tr\u00fac sinh \u0111\u1ed9ng \u0111\u1ea7y s\u1ee9c s\u1ed1ng.<\/p>\n<p><img decoding=\"async\" class=\"aligncenter wp-image-32279 size-full\" src=\"https:\/\/dalatreview.vn\/wp-content\/uploads\/2023\/08\/1691637314_OBZ8W9cnXgYdoiLV_1691646836-phpntj8jg.jpg\" alt=\"\u0111\u01b0\u1eddng h\u1ea7m \u0111i\u00eau kh\u1eafc\" width=\"1024\" height=\"1024\" \/><\/p>\n<p>Qu\u00e1 tr\u00ecnh x\u00e2y d\u1ef1ng \u0110\u01b0\u1eddng H\u1ea7m \u0110\u1ea5t S\u00e9t \u0111\u01b0\u1ee3c chia ra l\u00e0 2 giai \u0111o\u1ea1n. Hai giai \u0111o\u1ea1n \u0111\u00f3 c\u0169ng l\u00e0 hai qu\u00e1 tr\u00ecnh x\u00e2y d\u1ef1ng ch\u1ee7 \u0111\u1ec1 c\u1ee7a \u0111i\u1ec3m du l\u1ecbch n\u00e0y.<\/p>\n<p><img decoding=\"async\" class=\"aligncenter wp-image-32280 size-full\" src=\"https:\/\/dalatreview.vn\/wp-content\/uploads\/2023\/08\/1691053186_cMYyCzfO6pw5Rq7r_1691058816-phpsh1eq2.jpg\" alt=\"\u0111\u01b0\u1eddng h\u1ea7m \u0111i\u00eau kh\u1eafc\" width=\"2048\" height=\"1366\" \/><\/p>\n<p>Ch\u1ee7 \u0111\u1ec1 \u0111\u1ea7u ti\u00ean c\u1ee7a \u0110\u01b0\u1eddng H\u1ea7m \u0110\u1ea5t S\u00e9t \u0111\u00f3 l\u00e0 kh\u1eafc h\u1ecda to\u00e0n b\u1ed9 l\u1ecbch s\u1eed h\u00ecnh th\u00e0nh c\u1ee7a th\u00e0nh ph\u1ed1 \u0110\u00e0 L\u1ea1t khi v\u1ecb b\u00e1c s\u0129 yersin kh\u00e1m ph\u00e1 \u0111\u1ebfn khi t\u00ecm ra \u0111\u01b0\u1ee3c cao nguy\u00ean l\u00e2m vi\u00ean t\u1eeb thu\u1edf c\u00f2n hoang s\u01a1.<\/p>\n<p><img decoding=\"async\" class=\"alignnone wp-image-32281 size-full\" src=\"https:\/\/dalatreview.vn\/wp-content\/uploads\/2023\/08\/1691054230_iHzSvxTFCt0MfBVW_1691058302-php1y3kvi.jpg\" alt=\"\u0111\u01b0\u1eddng h\u1ea7m \u0111i\u00eau kh\u1eafc \" width=\"2048\" height=\"1152\" \/><\/p>\n<p>Ch\u1ee7 \u0111\u1ec1 ti\u1ebfp theo c\u1ee7a \u0110\u01b0\u1eddng H\u1ea7m \u0110\u1ea5t S\u00e9t l\u00e0 t\u00e1i hi\u1ec7n l\u1ea1i t\u1ea5t c\u1ea3 nh\u1eefng c\u00f4ng tr\u00ecnh ki\u1ebfn tr\u00fac, v\u0103n h\u00f3a n\u1ed5i ti\u1ebfng c\u1ee7a \u0110\u00e0 L\u1ea1t nh\u01b0: Kh\u00e1ch s\u1ea1n Palace, Vi\u1ec7n pasteur, nh\u00e0 th\u1edd Con G\u00e0, Tr\u01b0\u1eddng \u0111\u1ea1i h\u1ecdc \u0110\u00e0 L\u1ea1t, Ch\u1ee3 \u0110\u00e0 L\u1ea1t,\u2026.<\/p>\n<p><img decoding=\"async\" class=\"aligncenter wp-image-32282 size-full\" src=\"https:\/\/dalatreview.vn\/wp-content\/uploads\/2023\/08\/1691054428_Zz8NMW1kU9QmyDlS_1691055438-phpxjvsmo.jpg\" alt=\"\u0111\u01b0\u1eddng h\u1ea7m \u0111i\u00eau kh\u1eafc\" width=\"2048\" height=\"1152\" \/><\/p>\n<p>Khi nh\u1eafc \u0111\u1ebfn \u0110\u01b0\u1eddng H\u1ea7m \u0110i\u00eau Kh\u1eafc ch\u1eafc ch\u1eafn kh\u00f4ng th\u1ec3 kh\u00f4ng k\u1ec3 \u0111\u1ebfn 2 ng\u00f4i nh\u00e0 l\u00e0m b\u1eb1ng \u0111\u1ea5t s\u00e9t \u0111\u1ea1t k\u1ef7 l\u1ee5c t\u1ea1i Vi\u1ec7t Nam. T\u1ea1i \u0111\u00e2y c\u00f3 m\u1ed9t ng\u00f4i nh\u00e0 \u0111\u01b0\u1ee3c l\u00e0m ho\u00e0n to\u00e0n b\u1eb1ng \u0111\u1ea5t s\u00e9t l\u1edbn nh\u1ea5t Vi\u1ec7t Nam. Ph\u00eda tr\u00ean m\u00e1i nh\u00e0 c\u00f2n c\u00f3 h\u00ecnh b\u1ea3n \u0111\u1ed3 \u0111\u1ea5t n\u01b0\u1edbc Vi\u1ec7t Nam r\u1ea5t l\u1edbn v\u00e0 c\u1ea3 hai ng\u00f4i nh\u00e0 n\u00e0y \u0111\u1ec1u mang \u0111\u1ebfn m\u1ed9t c\u1ea3m gi\u00e1c m\u1ed9c m\u1ea1c, \u1ea5m trong trong di\u1ec7n m\u1ea1o b\u1eaft m\u1eaft, \u0111\u1ea7y ph\u00e1 c\u00e1ch.<\/p>\n<h2 id=\"3-thong-tin-dat-ve-tham-quan-duong-ham-dieu-khac\"><strong>3. Th\u00f4ng tin \u0111\u1eb7t v\u00e9 tham quan \u0110\u01b0\u1eddng H\u1ea7m \u0110i\u00eau Kh\u1eafc\u00a0<\/strong><\/h2>\n<p dir=\"ltr\">\u0110\u1ec3 ti\u1ebft ki\u1ec7m th\u1eddi gian \u0111\u1eb7t v\u00e9 b\u1ea1n h\u00e3y t\u1ea3i ngay \u1ee9ng d\u1ee5ng sau \u0111\u00e2y:\u00a0<span style=\"color: #993300;\"><strong><a style=\"color: #993300;\" href=\"https:\/\/share.abphotos.link\/dePd\" target=\"_blank\" rel=\"noopener\">\u0110\u00e0 L\u1ea1t Review T\u1ea5t T\u1ea7n T\u1eadt<\/a><\/strong><\/span><\/p>\n<p>Ngo\u00e0i ra, qu\u00fd kh\u00e1ch c\u00f3 th\u1ec3 chat tr\u1ef1c ti\u1ebfp tr\u00ean App\/Website \u0111\u1ec3 nh\u00e2n vi\u00ean c\u1ee7a ch\u00fang t\u00f4i t\u01b0 v\u1ea5n th\u00eam v\u1ec1 s\u1ea3n ph\u1ea9m v\u00e0 d\u1ecbch v\u1ee5, ho\u1eb7c li\u00ean h\u1ec7<\/p>\n<p><span style=\"color: #ff0000;\"><strong>Hotline:<\/strong><\/span>\u00a00983 249 297<\/p>","protected":false},"excerpt":{"rendered":"<p>Danh m\u1ee5c ch\u00ednh V\u00e9 tham quan \u0110\u01b0\u1eddng H\u1ea7m \u0110i\u00eau Kh\u1eafc 1. Th\u00f4ng tin \u0110\u01b0\u1eddng H\u1ea7m \u0110i\u00eau Kh\u1eafc\u00a0 2. Kh\u00e1m ph\u00e1 ki\u1ebfn tr\u00fac \u0110\u01b0\u1eddng H\u1ea7m \u0110i\u00eau Kh\u1eafc\u00a0 3. Th\u00f4ng tin \u0111\u1eb7t v\u00e9 tham quan \u0110\u01b0\u1eddng H\u1ea7m \u0110i\u00eau Kh\u1eafc\u00a0 V\u00e9 tham quan \u0110\u01b0\u1eddng H\u1ea7m \u0110i\u00eau Kh\u1eafc Nh\u1eafc \u0111\u1ebfn nh\u1eefng \u0111\u1ecba \u0111i\u1ec3m tham quan \u0111\u1ed9c \u0111\u00e1o t\u1ea1i \u0110\u00e0 [&hellip;]<\/p>","protected":false},"featured_media":32297,"comment_status":"open","ping_status":"closed","template":"","meta":{"_acf_changed":false,"rank_math_lock_modified_date":false},"product_cat":[1187],"product_tag":[],"acf":[],"_links":{"self":[{"href":"https:\/\/dalatreview.vn\/en\/wp-json\/wp\/v2\/product\/32253"}],"collection":[{"href":"https:\/\/dalatreview.vn\/en\/wp-json\/wp\/v2\/product"}],"about":[{"href":"https:\/\/dalatreview.vn\/en\/wp-json\/wp\/v2\/types\/product"}],"replies":[{"embeddable":true,"href":"https:\/\/dalatreview.vn\/en\/wp-json\/wp\/v2\/comments?post=32253"}],"wp:featuredmedia":[{"embeddable":true,"href":"https:\/\/dalatreview.vn\/en\/wp-json\/wp\/v2\/media\/32297"}],"wp:attachment":[{"href":"https:\/\/dalatreview.vn\/en\/wp-json\/wp\/v2\/media?parent=32253"}],"wp:term":[{"taxonomy":"product_cat","embeddable":true,"href":"https:\/\/dalatreview.vn\/en\/wp-json\/wp\/v2\/product_cat?post=32253"},{"taxonomy":"product_tag","embeddable":true,"href":"https:\/\/dalatreview.vn\/en\/wp-json\/wp\/v2\/product_tag?post=32253"}],"curies":[{"name":"wp","href":"https:\/\/api.w.org\/{rel}","templated":true}]}}