
{"id":32045,"date":"2023-08-26T17:00:06","date_gmt":"2023-08-26T10:00:06","guid":{"rendered":"https:\/\/dalatreview.vn\/?p=32045"},"modified":"2024-07-03T04:28:36","modified_gmt":"2024-07-03T04:28:36","slug":"ve-tham-quan-thac-datanla","status":"publish","type":"product","link":"https:\/\/dalatreview.vn\/en\/ve-tham-quan-thac-datanla.html","title":{"rendered":"V\u00e9 tham quan Th\u00e1c Datanla"},"content":{"rendered":"<nav class=\"vietrick-auto-toc\">\n<div class=\"box-title\">\n<h3 class=\"toc-title\" id=\"select-menu\">Danh m\u1ee5c ch\u00ednh<\/h3>\n<div><ion-icon name=\"chevron-up-outline\"><\/ion-icon><\/div>\n<\/div>\n<ul class=\"toc-list\">\n<li><a href='https:\/\/dalatreview.vn\/en#ve-tham-quan-thac-datanla' class='heading-h2 toc-link smooth-scroll'>V\u00e9 tham quan Th\u00e1c Datanla\u00a0<\/a>\n<li><a href='https:\/\/dalatreview.vn\/en#1-thong-tin-thac-datanla' class='heading-h2 toc-link smooth-scroll'>1. Th\u00f4ng tin Th\u00e1c Datanla\u00a0<\/a>\n<li><a href='https:\/\/dalatreview.vn\/en#2-tham-quan-thac-datanla' class='heading-h2 toc-link smooth-scroll'>2. Tham quan Th\u00e1c Datanla\u00a0<\/a>\n<li><a href='https:\/\/dalatreview.vn\/en#3-thong-tin-dat-ve-tham-quan-thac-datanla' class='heading-h2 toc-link smooth-scroll'>3. Th\u00f4ng tin \u0111\u1eb7t v\u00e9 tham quan Th\u00e1c Datanla\u00a0<\/a><\/ul>\n<\/ul>\n<\/li>\n<\/ul>\n<\/nav>\n<h2 style=\"text-align: center;\" id=\"ve-tham-quan-thac-datanla\"><strong>V\u00e9 tham quan Th\u00e1c Datanla\u00a0<\/strong><\/h2>\n<p>N\u1ebfu b\u1ea1n \u0111ang \u00e1p l\u1ef1c v\u00ec m\u1ed7i ng\u00e0y ph\u1ea3i ch\u1ea1y deadline qu\u00e1 nhi\u1ec1u th\u00ec h\u00e3y alo cho \u0111\u1ee9a b\u1ea1n th\u00e2n v\u00e0 x\u00e1ch ba l\u00f4 l\u00ean l\u00e0m li\u1ec1n m\u1ed9t chuy\u1ebfn du l\u1ecbch \u0110\u00e0 L\u1ea1t. \u0110\u1ebfn v\u1edbi Datanla l\u00e0m m\u1ed9t v\u00e0i \u0111\u01b0\u1eddng xe tr\u01b0\u1ee3t c\u01a1 b\u1ea3n l\u00e0 \u0111\u00e3 \u0111\u00e1 bay \u0111\u01b0\u1ee3c m\u1ecdi \u00e1p l\u1ef1c c\u00f4ng vi\u1ec7c h\u1eb1ng ng\u00e0y r\u1ed3i.<\/p>\n<p><img decoding=\"async\" class=\"aligncenter wp-image-32215 size-full\" src=\"https:\/\/dalatreview.vn\/wp-content\/uploads\/2023\/08\/366734893_810393624212159_3770988577611404045_n.jpg\" alt=\"th\u00e1c datanla\" width=\"2048\" height=\"1365\" \/><\/p>\n<h2 id=\"1-thong-tin-thac-datanla\"><span style=\"color: #003300;\"><strong>1. Th\u00f4ng tin Th\u00e1c Datanla\u00a0<\/strong><\/span><\/h2>\n<p>Nh\u1eb1m ti\u1ebft ki\u1ec7m th\u1eddi gian, gi\u1ea3m thi\u1ec3u chi ph\u00ed du l\u1ecbch v\u00e0 \u0111\u01b0\u1ee3c tho\u1ea3i m\u00e1i tr\u1ea3i nghi\u1ec7m c\u00e1c d\u1ecbch v\u1ee5 b\u1ea1n c\u00f3 th\u1ec3 t\u1ea3i app v\u00e0 book v\u00e9 qua\u00a0<strong><a href=\"https:\/\/dalatreview.com\/tham-quan-thac-datanla\" target=\"_blank\" rel=\"noopener\"><span style=\"color: #ff0000;\">\u1ee8ng d\u1ee5ng \u0110\u00e0 L\u1ea1t Review T\u1ea5t T\u1ea7n T\u1eadt<\/span><\/a><\/strong>\u00a0tr\u00ean Mobile<\/p>\n<p>Khi t\u1ea3i \u1ee9ng d\u1ee5ng \u0110\u00e0 L\u1ea1t Review T\u1ea5t T\u1ea7n T\u1eadt b\u1ea1n s\u1ebd nh\u1eadn \u0111\u01b0\u1ee3c\u00a0<span style=\"color: #ff0000;\"><strong>voucher mua h\u00e0ng 20k<\/strong><\/span>\u00a0(\u00c1p d\u1ee5ng cho h\u00f3a \u0111\u01a1n tr\u00ean 100.000\u0111) v\u00e0 r\u1ea5t nhi\u1ec1u \u01b0u \u0111\u00e3i h\u1ea5p d\u1eabn kh\u00e1c \u0111ang ch\u1edd \u0111\u00f3n b\u1ea1n.<\/p>\n<p>Th\u00e1c Datanla t\u1ecda l\u1ea1c gi\u1eefa \u0111\u00e8o Prenn n\u1eb1m tr\u00ean \u0111\u01b0\u1eddng qu\u1ed1c l\u1ed9 21 c\u00e1ch trung t\u00e2m th\u00e0nh ph\u1ed1 \u0110\u00e0 L\u1ea1t 5km di chuy\u1ec3n, \u0111\u00e2y l\u00e0 m\u1ed9t trong nh\u1eefng cung \u0111\u01b0\u1eddng \u0111\u00e8o th\u01a1 m\u1ed9ng v\u1edbi nh\u1eefng c\u00e1nh r\u1eebng th\u00f4ng xanh th\u1eb3m.<\/p>\n<p><img decoding=\"async\" class=\"aligncenter wp-image-32216 size-full\" src=\"https:\/\/dalatreview.vn\/wp-content\/uploads\/2023\/08\/368028050_810393694212152_2917866230615659012_n.jpg\" alt=\"tr\u1ea3i nghi\u1ec7m tr\u00f2 ch\u01a1i m\u1ea1o hi\u1ec3m t\u1ea1i th\u00e1c datanla \" width=\"2048\" height=\"1365\" \/><\/p>\n<p>\u0110\u1ecba \u0111i\u1ec3m \u0111\u01b0\u1ee3c m\u1ec7nh danh l\u00e0 thi\u00ean \u0111\u01b0\u1eddng c\u1ea3m gi\u00e1c m\u1ea1nh v\u1edbi nh\u1eefng tr\u00f2 ch\u01a1i m\u1ea1o hi\u1ec3m nh\u01b0ng lu\u00f4n \u0111\u01b0\u1ee3c b\u1ea3o \u0111\u1ea3m s\u1ef1 an to\u00e0n tuy\u1ec7t \u0111\u1ed1i cho b\u1ea1n. N\u1ebfu \u0111\u1ebfn \u0110\u00e0 L\u1ea1t v\u00e0 mu\u1ed1n c\u00f3 m\u1ed9t chuy\u1ebfn du l\u1ecbch tr\u1ecdn v\u1eb9n ch\u00e1y h\u1ebft m\u00ecnh b\u00ean nh\u1eefng ng\u01b0\u1eddi th\u00e2n, b\u1ea1n b\u00e8 th\u00ec Datanla l\u00e0 m\u1ed9t s\u1ef1 l\u1ef1a ch\u1ecdn h\u1ee3p l\u00fd \u0111\u00f3 nha b\u1ea1n \u01a1i!<\/p>\n<p><img decoding=\"async\" class=\"aligncenter wp-image-32217 size-full\" src=\"https:\/\/dalatreview.vn\/wp-content\/uploads\/2023\/08\/368233681_810393440878844_2533626895596535320_n.jpg\" alt=\"tr\u1ea3i nghi\u1ec7m tr\u00f2 ch\u01a1i m\u1ea1o hi\u1ec3m th\u00e1c datanla\" width=\"2048\" height=\"1536\" \/><\/p>\n<p>\u0110\u1ebfn v\u1edbi th\u00e1c Datanla b\u1ea1n s\u1ebd \u0111\u01b0\u1ee3c t\u1eadn m\u1eaft chi\u00eam ng\u01b0\u1ee1ng v\u1ebb \u0111\u1eb9p hoang s\u01a1 th\u01a1 m\u1ed9ng c\u1ee7a \u0111\u1ea1i ng\u00e0n T\u00e2y Nguy\u00ean v\u1edbi nh\u1eefng d\u00f2ng su\u1ed1i trong veo c\u00f9ng v\u1edbi \u00e1nh n\u1eafng chi\u1ebfu qua nh\u1eefng t\u00e1n r\u1eebng th\u00f4ng b\u1ea1t ng\u00e0n c\u1ea3m nh\u1eadn ti\u1ebfng chim h\u00f3t, ti\u1ebfng th\u00e1c \u0111\u1ed5 r\u00f3c r\u00e1ch t\u1ea1o n\u00ean m\u1ed9t khung c\u1ea3nh b\u00ecnh y\u00ean.<\/p>\n<h2 id=\"2-tham-quan-thac-datanla\"><span style=\"color: #003300;\"><strong>2. Tham quan Th\u00e1c Datanla\u00a0<\/strong><\/span><\/h2>\n<p>B\u1ea1n kh\u00f4ng th\u1ec3 t\u1eadn m\u1eaft chi\u00eam ng\u01b0\u1ee1ng \u0111\u01b0\u1ee3c 7 t\u1ea7ng th\u00e1c \u1edf DATANLA n\u1ebfu kh\u00f4ng \u0111i h\u1ebft 200 b\u1eadc thang b\u1ed9 d\u00e0i 1km xuy\u00ean qua r\u1eebng th\u00f4ng, c\u1ea3m nh\u1eadn ti\u1ebfng chim h\u00f3t, ti\u1ebfng th\u00e1c \u0111\u1ed5 l\u00fac nh\u1eb9 nh\u00e0ng, l\u00fac d\u1eef d\u1ed9i lu\u1ed3n qua c\u00e1c gh\u1ec1nh \u0111\u00e1 tung b\u1ecdt tr\u1eafng x\u00f3a.<\/p>\n<p><img decoding=\"async\" class=\"aligncenter wp-image-32218 size-full\" src=\"https:\/\/dalatreview.vn\/wp-content\/uploads\/2023\/08\/364087295_802711844980337_3044455958120949158_n.jpg\" alt=\"xe tr\u01b0\u1ee3t th\u00e1c datanla\" width=\"2048\" height=\"1678\" \/><\/p>\n<p>M\u1ed9t c\u00e1ch kh\u00e1c \u0111\u1ec3 \u0111i \u0111\u01b0\u1ee3c xu\u1ed1ng khu v\u1ef1c th\u00e1c l\u00e0 phi\u00eau l\u01b0u c\u00f9ng Xe tr\u01b0\u1ee3t th\u00e1c (Th\u00e1c 1 &amp; Th\u00e1c 3) v\u1edbi t\u1ed1c \u0111\u1ed9 20 \u2013 40km\/h do ch\u00ednh b\u1ea1n \u0111i\u1ec1u khi\u1ec3n l\u01b0\u1edbt c\u00f9ng thi\u00ean nhi\u00ean, xuy\u00ean qua r\u1eebng nguy\u00ean sinh \u0111\u1ebfn v\u1edbi v\u1ebb \u0111\u1eb9p h\u00f9ng v\u0129 c\u1ee7a n\u00fai r\u1eebng T\u00e2y Nguy\u00ean v\u00e0 d\u00f2ng th\u00e1c DATANLA h\u00f9ng v\u0129 v\u1edbi c\u00e1c th\u00e1c \u0111\u00e1 kh\u00f4, th\u00e1c tr\u1eddi cao 25m, h\u00f2a m\u00ecnh v\u00e0o d\u00f2ng su\u1ed1i T\u00eda.<\/p>\n<p><img decoding=\"async\" class=\"alignnone wp-image-32219 size-full\" src=\"https:\/\/dalatreview.vn\/wp-content\/uploads\/2023\/08\/363345282_798900935361428_2898090741280414237_n.jpg\" alt=\"tr\u1ea3i nghi\u1ec7m tr\u00f2 ch\u01a1i m\u1ea1o hi\u1ec3m t\u1ea1i th\u00e1c datanla \" width=\"2048\" height=\"1152\" \/><\/p>\n<p>V\u1edbi r\u1ea5t nhi\u1ec1u cung b\u1eadc c\u1ea3m x\u00fac, y\u00ean b\u00ecnh tr\u01b0\u1edbc thi\u00ean nhi\u00ean, s\u1ee3 h\u00e3i \u0111\u1ed1i m\u1eb7t v\u1edbi nhi\u1ec1u th\u1eed th\u00e1ch v\u00e0 r\u1ed3i l\u00e0 c\u1ea3m gi\u00e1c t\u1ef1 h\u00e0o khi chi\u1ebfn th\u1eafng b\u1ea3n th\u00e2n \u0111\u1ec3 v\u01b0\u1ee3t qua s\u1ef1 h\u00f9ng v\u0129 \u1ea5y th\u00f4ng qua tour v\u01b0\u1ee3t th\u00e1c (Datanla Canyoning), Zipline hay H\u00e0nh tr\u00ecnh tr\u00ean cao (High Rope Course) v\u1edbi c\u00e1c thi\u1ebft b\u1ecb h\u1ed7 tr\u1ee3 chuy\u00ean nghi\u1ec7p \u0111\u1ea1t chu\u1ea9n qu\u1ed1c t\u1ebf.<\/p>\n<p><img decoding=\"async\" class=\"aligncenter wp-image-32220 size-full\" src=\"https:\/\/dalatreview.vn\/wp-content\/uploads\/2023\/08\/362694943_794686475782874_5038823441579034204_n.jpg\" alt=\"tr\u1ea3i nghi\u1ec7m tr\u00f2 ch\u01a1i m\u1ea1o hi\u1ec3m th\u00e1c datanla \" width=\"2048\" height=\"1481\" \/><\/p>\n<p>\u0110\u1ebfn v\u1edbi khu du l\u1ecbch th\u00e1c DATANLA \u0110\u00e0 L\u1ea1t, b\u1ea1n kh\u00f4ng th\u1ec3 b\u1ecf qua nh\u1eefng tr\u00f2 ch\u01a1i h\u1ea5p d\u1eabn v\u00e0 c\u1ef1c k\u00ec \u1ea5n t\u01b0\u1ee3ng c\u00f3 m\u1ed9t kh\u00f4ng hai t\u1ea1i \u201cx\u1ee9 s\u1edf s\u01b0\u01a1ng m\u00f9\u201d n\u00e0y.<\/p>\n<h2 id=\"3-thong-tin-dat-ve-tham-quan-thac-datanla\"><span style=\"color: #003300;\"><strong>3. Th\u00f4ng tin \u0111\u1eb7t v\u00e9 tham quan Th\u00e1c Datanla\u00a0<\/strong><\/span><\/h2>\n<p dir=\"ltr\">\u0110\u1ec3 ti\u1ebft ki\u1ec7m th\u1eddi gian \u0111\u1eb7t v\u00e9 b\u1ea1n h\u00e3y t\u1ea3i ngay \u1ee9ng d\u1ee5ng sau \u0111\u00e2y:\u00a0<span style=\"color: #993300;\"><strong><a style=\"color: #993300;\" href=\"https:\/\/share.abphotos.link\/dePd\" target=\"_blank\" rel=\"noopener\">\u0110\u00e0 L\u1ea1t Review T\u1ea5t T\u1ea7n T\u1eadt<\/a><\/strong><\/span><\/p>\n<p>Ngo\u00e0i ra, qu\u00fd kh\u00e1ch c\u00f3 th\u1ec3 chat tr\u1ef1c ti\u1ebfp tr\u00ean App\/Website \u0111\u1ec3 nh\u00e2n vi\u00ean c\u1ee7a ch\u00fang t\u00f4i t\u01b0 v\u1ea5n th\u00eam v\u1ec1 s\u1ea3n ph\u1ea9m v\u00e0 d\u1ecbch v\u1ee5, ho\u1eb7c li\u00ean h\u1ec7<\/p>\n<p><span style=\"color: #ff0000;\"><strong>Hotline:<\/strong>\u00a0<\/span>0983 249 297<\/p>","protected":false},"excerpt":{"rendered":"<p>Danh m\u1ee5c ch\u00ednh V\u00e9 tham quan Th\u00e1c Datanla\u00a0 1. Th\u00f4ng tin Th\u00e1c Datanla\u00a0 2. Tham quan Th\u00e1c Datanla\u00a0 3. Th\u00f4ng tin \u0111\u1eb7t v\u00e9 tham quan Th\u00e1c Datanla\u00a0 V\u00e9 tham quan Th\u00e1c Datanla\u00a0 N\u1ebfu b\u1ea1n \u0111ang \u00e1p l\u1ef1c v\u00ec m\u1ed7i ng\u00e0y ph\u1ea3i ch\u1ea1y deadline qu\u00e1 nhi\u1ec1u th\u00ec h\u00e3y alo cho \u0111\u1ee9a b\u1ea1n th\u00e2n v\u00e0 x\u00e1ch ba [&hellip;]<\/p>","protected":false},"featured_media":32232,"comment_status":"open","ping_status":"closed","template":"","meta":{"_acf_changed":false,"rank_math_lock_modified_date":false},"product_cat":[1187],"product_tag":[],"acf":[],"_links":{"self":[{"href":"https:\/\/dalatreview.vn\/en\/wp-json\/wp\/v2\/product\/32045"}],"collection":[{"href":"https:\/\/dalatreview.vn\/en\/wp-json\/wp\/v2\/product"}],"about":[{"href":"https:\/\/dalatreview.vn\/en\/wp-json\/wp\/v2\/types\/product"}],"replies":[{"embeddable":true,"href":"https:\/\/dalatreview.vn\/en\/wp-json\/wp\/v2\/comments?post=32045"}],"wp:featuredmedia":[{"embeddable":true,"href":"https:\/\/dalatreview.vn\/en\/wp-json\/wp\/v2\/media\/32232"}],"wp:attachment":[{"href":"https:\/\/dalatreview.vn\/en\/wp-json\/wp\/v2\/media?parent=32045"}],"wp:term":[{"taxonomy":"product_cat","embeddable":true,"href":"https:\/\/dalatreview.vn\/en\/wp-json\/wp\/v2\/product_cat?post=32045"},{"taxonomy":"product_tag","embeddable":true,"href":"https:\/\/dalatreview.vn\/en\/wp-json\/wp\/v2\/product_tag?post=32045"}],"curies":[{"name":"wp","href":"https:\/\/api.w.org\/{rel}","templated":true}]}}