
{"id":32041,"date":"2023-08-26T16:50:33","date_gmt":"2023-08-26T09:50:33","guid":{"rendered":"https:\/\/dalatreview.vn\/?p=32041"},"modified":"2024-10-17T11:20:07","modified_gmt":"2024-10-17T04:20:07","slug":"ve-tham-quan-loi-cua-gio","status":"publish","type":"product","link":"https:\/\/dalatreview.vn\/en\/ve-tham-quan-loi-cua-gio.html","title":{"rendered":"V\u00e9 tham quan L\u1eddi c\u1ee7a gi\u00f3"},"content":{"rendered":"<nav class=\"vietrick-auto-toc\">\n<div class=\"box-title\">\n<h3 class=\"toc-title\" id=\"select-menu\">Danh m\u1ee5c ch\u00ednh<\/h3>\n<div><ion-icon name=\"chevron-up-outline\"><\/ion-icon><\/div>\n<\/div>\n<ul class=\"toc-list\">\n<li><a href='https:\/\/dalatreview.vn\/en#ve-tham-quan-loi-cua-gio' class='heading-h2 toc-link smooth-scroll'>V\u00e9 tham quan L\u1eddi c\u1ee7a gi\u00f3<\/a>\n<li><a href='https:\/\/dalatreview.vn\/en#1-thong-tin-loi-cua-gio' class='heading-h2 toc-link smooth-scroll'>1. Th\u00f4ng tin L\u1eddi c\u1ee7a gi\u00f3\u00a0<\/a>\n<li><a href='https:\/\/dalatreview.vn\/en#2-tham-quan-khong-gian-day-me-hoac-tai-loi-cua-gio' class='heading-h2 toc-link smooth-scroll'>2. Tham quan kh\u00f4ng gian \u0111\u1ea7y m\u00ea ho\u1eb7c t\u1ea1i L\u1eddi c\u1ee7a Gi\u00f3\u00a0<\/a>\n<li><a href='https:\/\/dalatreview.vn\/en#3-thong-tin-dat-ve-loi-cua-gio' class='heading-h2 toc-link smooth-scroll'>3. Th\u00f4ng tin \u0111\u1eb7t v\u00e9 L\u1eddi c\u1ee7a Gi\u00f3\u00a0<\/a><\/ul>\n<\/ul>\n<\/li>\n<\/ul>\n<\/nav>\n<h2 style=\"text-align: center;\" id=\"ve-tham-quan-loi-cua-gio\"><span style=\"color: #003300;\"><strong>V\u00e9 tham quan L\u1eddi c\u1ee7a gi\u00f3<\/strong><\/span><\/h2>\n<p>\u1ede b\u00ean r\u00eca th\u00e0nh ph\u1ed1 nh\u01b0ng v\u1eabn \u00f4m tr\u1ecdn khung tr\u1eddi \u0110\u00e0 L\u1ea1t xinh, ti\u1ec7m c\u00e0 ph\u00ea L\u1eddi c\u1ee7a gi\u00f3 nh\u01b0 m\u1ed9t b\u1ea3n nh\u1ea1c h\u00f2a ca d\u1ecbu d\u00e0ng, ca l\u00ean kh\u00fac nh\u1ea1c b\u00ecnh y\u00ean. H\u00f2a c\u00f9ng \u00e2m s\u1eafc T\u00e2y B\u1eafc, n\u1ec1n nh\u1ea1c x\u1ee9 th\u00f4ng reo, b\u00ecnh d\u1ecb m\u1ed9c m\u1ea1c v\u1edbi c\u0103n nh\u00e0 g\u1ed7, kh\u00f3m c\u00fac h\u1ecda mi, nh\u1eefng b\u1ee9c t\u01b0\u1eddng v\u00e1ch \u0111\u00e1, v\u00e0 \u0111\u1eb7c bi\u1ec7t nh\u1eefng bu\u1ed5i chi\u1ec1u \u0111\u00f3n ho\u00e0ng h\u00f4n r\u1ef1c r\u00f5 \u01b0\u01a1m v\u00e0ng.<\/p>\n<p><img decoding=\"async\" class=\"alignnone wp-image-32184 size-full\" src=\"https:\/\/dalatreview.vn\/wp-content\/uploads\/2023\/08\/367982440_189247104163111_8096712978642415713_n.jpg\" alt=\"l\u1eddi c\u1ee7a gi\u00f3 \" width=\"2047\" height=\"1364\" \/><\/p>\n<h2 id=\"1-thong-tin-loi-cua-gio\"><span style=\"color: #003300;\"><strong>1. Th\u00f4ng tin L\u1eddi c\u1ee7a gi\u00f3\u00a0<\/strong><\/span><\/h2>\n<p>Nh\u1eb1m ti\u1ebft ki\u1ec7m th\u1eddi gian, gi\u1ea3m thi\u1ec3u chi ph\u00ed du l\u1ecbch v\u00e0 \u0111\u01b0\u1ee3c tho\u1ea3i m\u00e1i tr\u1ea3i nghi\u1ec7m c\u00e1c d\u1ecbch v\u1ee5 b\u1ea1n c\u00f3 th\u1ec3 t\u1ea3i app v\u00e0 book v\u00e9 qua<span style=\"color: #ff0000;\">\u00a0<strong><a style=\"color: #ff0000;\" href=\"https:\/\/dalatreview.com\/loi-cua-gio\" target=\"_blank\" rel=\"noopener\">\u1ee8ng d\u1ee5ng \u0110\u00e0 L\u1ea1t Review T\u1ea5t T\u1ea7n T\u1eadt<\/a><\/strong><\/span>\u00a0tr\u00ean Mobile<\/p>\n<p>Khi t\u1ea3i \u1ee9ng d\u1ee5ng \u0110\u00e0 L\u1ea1t Review T\u1ea5t T\u1ea7n T\u1eadt b\u1ea1n s\u1ebd nh\u1eadn \u0111\u01b0\u1ee3c r\u1ea5t nhi\u1ec1u \u01b0u \u0111\u00e3i h\u1ea5p d\u1eabn kh\u00e1c \u0111ang ch\u1edd \u0111\u00f3n.<\/p>\n<p>L\u1eddi c\u1ee7a gi\u00f3 l\u00e0 m\u1ed9t \u0111\u1ecba \u0111i\u1ec3m check in m\u1edbi g\u00f3p m\u1eb7t tr\u00ean b\u1ea3n \u0111\u1ed3 s\u1ed1ng \u1ea3o v\u00e0 \u0111ang g\u00e2y s\u1ed1t trong c\u1ed9ng \u0111\u1ed9ng du l\u1ecbch \u0110\u00e0 L\u1ea1t nh\u1eefng ng\u00e0y qua.<\/p>\n<p><img decoding=\"async\" class=\"aligncenter wp-image-32185 size-full\" src=\"https:\/\/dalatreview.vn\/wp-content\/uploads\/2023\/08\/366344645_185095867911568_1951425696970571884_n.jpg\" alt=\"check in l\u1eddi c\u1ee7a gi\u00f3 \u0111\u00e0 l\u1ea1t \" width=\"2048\" height=\"1365\" \/><\/p>\n<p>D\u1ecba \u0111i\u1ec3m check in n\u00e0y g\u00e2y \u1ea5n t\u01b0\u1ee3ng b\u1edfi phong c\u00e1ch thi\u1ebft k\u1ebf \u0111\u1ed9c \u0111\u00e1o, to\u00e0n b\u1ed9 kh\u00f4ng gian \u0111\u01b0\u1ee3c thi\u1ebft k\u1ebf v\u1edbi phong c\u00e1ch Cao Nguy\u00ean \u0110\u00e1 H\u00e0 Giang v\u00e0 qu\u00e1n c\u0169ng ch\u00fa tr\u1ecdng v\u00e0o trong nh\u1eefng g\u00f3c view xoay 360 \u0111\u1ed9, \u0111\u1ec3 b\u1ea1n c\u00f3 th\u1ec3 nh\u00ecn \u0111\u01b0\u1ee3c to\u00e0n b\u1ed9 c\u1ea3 quang c\u1ea3nh tr\u1eddi xanh.<\/p>\n<p><img decoding=\"async\" class=\"aligncenter wp-image-32186 size-full\" src=\"https:\/\/dalatreview.vn\/wp-content\/uploads\/2023\/08\/367980633_189246534163168_1789549028850417487_n.jpg\" alt=\"ng\u1eafm ho\u00e0ng h\u00f4n t\u1ea1i l\u1eddi c\u1ee7a gi\u00f3 \" width=\"2048\" height=\"1537\" \/><\/p>\n<p>Qu\u00e1n cafe L\u1eddi c\u1ee7a gi\u00f3 t\u1ecda l\u1ea1c t\u1ea1i khu v\u1ef1c Tr\u1ea1i M\u00e1t ( X\u00f3m L\u00e8o), m\u1ed9t trong nh\u1eefng \u0111\u1ecba \u0111i\u1ec3m ng\u1eafm ho\u00e0ng h\u00f4n n\u1ed5i ti\u1ebfng nh\u1ea5t c\u1ee7a \u0110\u00e0 L\u1ea1t.<\/p>\n<p><img decoding=\"async\" class=\"aligncenter wp-image-32187 size-full\" src=\"https:\/\/dalatreview.vn\/wp-content\/uploads\/2023\/08\/366192584_183819114705910_7585626939924957679_n.jpg\" alt=\"l\u1eddi c\u1ee7a gi\u00f3 \u0111\u00e0 l\u1ea1t \" width=\"1080\" height=\"1350\" \/><\/p>\n<p>N\u1ebfu \u0111\u00e2y l\u00e0 l\u1ea7n \u0111\u1ea7u b\u1ea1n \u0111i tham quan \u0110\u00e0 L\u1ea1t, v\u1eady th\u00ec h\u00e3y search google maps \u201cKhu quy ho\u1ea1ch \u0111\u01b0\u1eddng Hu\u1ef3nh T\u1ea5n Ph\u00e1t \u2013 Tr\u1ea1i M\u00e1t\u201d v\u00e0 \u0111i theo h\u01b0\u1edbng d\u1eabn ch\u1ec9 \u0111\u01b0\u1eddng \u0111\u1ec3 \u0111\u1ebfn L\u1eddi c\u1ee7a Gi\u00f3 m\u1ed9t c\u00e1ch nhanh ch\u00f3ng nh\u1ea5t.<\/p>\n<h2 id=\"2-tham-quan-khong-gian-day-me-hoac-tai-loi-cua-gio\"><strong>2. Tham quan kh\u00f4ng gian \u0111\u1ea7y m\u00ea ho\u1eb7c t\u1ea1i L\u1eddi c\u1ee7a Gi\u00f3\u00a0<\/strong><\/h2>\n<p>V\u00ec ti\u1ec7m n\u1eb1m n\u00e9p m\u00ecnh\u00a0b\u00ean c\u1ea1nh s\u01b0\u1eddn \u0111\u1ed3i tuy\u1ec7t \u0111\u1eb9p, v\u1eady n\u00ean khi \u0111\u1ebfn \u0111\u00e2y b\u1ea1n c\u00f3 th\u1ec3 v\u1eeba nh\u00e2m nhi cafe v\u1eeba ng\u1eafm nh\u00ecn khung c\u1ea3nh bao la \u0111\u1ea7y m\u1ed9ng m\u01a1 c\u1ee7a \u0110\u00e0 L\u1ea1t ngay\u00a0tr\u01b0\u1edbc m\u1eaft. \u00d4m tr\u1ecdn tr\u01b0\u1edbc m\u1eaft l\u00e0 b\u1ea7u tr\u1eddi xanh th\u1eb3m, nh\u1eefng tri\u1ec1n n\u00fai v\u00f4 t\u1eadn v\u00e0 khung c\u1ea3nh nh\u1ed9n nh\u1ecbp c\u1ee7a th\u00e0nh ph\u1ed1 d\u01b0\u1edbi kia.<\/p>\n<p><img decoding=\"async\" class=\"alignnone wp-image-32188 size-full\" src=\"https:\/\/dalatreview.vn\/wp-content\/uploads\/2023\/08\/361637965_171912405896581_1409947308092076342_n.jpg\" alt=\"check in v\u01b0\u1eddn c\u00fac h\u1ecda mi t\u1ea1i l\u1eddi c\u1ee7a gi\u00f3 \" width=\"1440\" height=\"1920\" \/><\/p>\n<p>L\u1eddi c\u1ee7a gi\u00f3 l\u00e0 khu nh\u00e0 g\u1ed7 nh\u1ecf nh\u1eafn \u0111\u01b0\u1ee3c b\u1ecdc xung quanh l\u00e0 b\u1ee9c t\u01b0\u1eddng \u0111\u00e1 mang phong c\u00e1ch H\u00e0 Giang, c\u00f3 v\u01b0\u1eddn c\u00fac h\u1ecda mi e \u1ea5p d\u01b0\u1edbi \u00e1nh chi\u1ec1u t\u00e0. Nh\u00ecn ph\u00eda xa l\u00e0 thung l\u0169ng xanh tr\u1ea3i b\u1ea1t ng\u1ea1t, nh\u00ecn l\u00ean l\u00e0 b\u1ea7u tr\u1eddi nhu\u1ed9m \u0111\u1ecf chi\u1ec1u ho\u00e0ng h\u00f4n.<\/p>\n<p><img decoding=\"async\" class=\"aligncenter wp-image-32190 size-full\" src=\"https:\/\/dalatreview.vn\/wp-content\/uploads\/2023\/08\/358609542_165211529900002_6066327975702223379_n.jpg\" alt=\"check in l\u1eddi c\u1ee7a gi\u00f3 \" width=\"2048\" height=\"1365\" \/><\/p>\n<p>Khi \u0111\u1ebfn \u0111\u00e2y v\u00e0o bu\u1ed5i s\u00e1ng, b\u1ea1n c\u00f3 th\u1ec3 ng\u1eafm nh\u00ecn to\u00e0n c\u1ea3nh X\u00f3m L\u00e8o \u1ea9n hi\u1ec7n d\u01b0\u1edbi l\u1edbp s\u01b0\u01a1ng m\u00f9 d\u00e0y \u0111\u1eb7c. C\u00f2n gh\u00e9 \u0111\u1ebfn \u0111\u00e2y v\u00e0o bu\u1ed5i chi\u1ec1u b\u1ea1n s\u1ebd c\u00f3 c\u01a1 h\u1ed9i ng\u1eafm nh\u1eefng bu\u1ed5i chi\u1ec1u ho\u00e0ng h\u00f4n r\u1ef1c r\u1ee1.<\/p>\n<p><img decoding=\"async\" class=\"alignnone wp-image-32189 size-full\" src=\"https:\/\/dalatreview.vn\/wp-content\/uploads\/2023\/08\/361338233_171911389230016_2884631173212808032_n.jpg\" alt=\"l\u1eddi c\u1ee7a gi\u00f3 \" width=\"2048\" height=\"1536\" \/><\/p>\n<p>M\u1ed7i khung gi\u1edd \u1edf \u0111\u00e2y \u0111\u1ec1u b\u00ecnh y\u00ean, s\u00e1ng nh\u00e2m nhi c\u00e0 ph\u00ea ng\u1eafm nh\u00ecn m\u00e2y tr\u00f4i, tr\u01b0a ng\u1ea9n ng\u01a1 b\u00ean khung c\u1eeda m\u00e2n m\u00ea t\u1eebng trang s\u00e1ch, chi\u1ec1u r\u1ea3o b\u01b0\u1edbc tr\u00ean con \u0111\u01b0\u1eddng h\u1ecda mi \u0111\u00f3n ch\u1edd ho\u00e0ng h\u00f4n bu\u00f4ng xu\u1ed1ng.<\/p>\n<p><img decoding=\"async\" class=\"aligncenter wp-image-32191 size-full\" src=\"https:\/\/dalatreview.vn\/wp-content\/uploads\/2023\/08\/355908048_1266564060731292_6560651198846875143_n.jpg\" alt=\"ti\u1ec7m n\u01b0\u1edbng l\u1eddi c\u1ee7a gi\u00f3\" width=\"2048\" height=\"1364\" \/><\/p>\n<p>L\u1eddi C\u1ee7a Gi\u00f3 \u0111i m\u1ed9t m\u00e0 \u0111\u01b0\u1ee3c hai, m\u1ed9t l\u00e0 check in b\u1ee9c t\u01b0\u1eddng \u0111\u00e1 t\u1ef1a H\u00e0 Giang c\u00f3 th\u00eam v\u01b0\u1eddn c\u00fac h\u1ecda mi \u0111ang n\u1edf si\u00eau xinh. Hai l\u00e0 th\u01b0\u1edfng th\u1ee9c m\u00f3n \u0103n \u0111\u01b0\u1ee3c \u01b0\u1edbp b\u1eb1ng gia v\u1ecb T\u00e2y B\u1eafc si\u00eau h\u1ea5p d\u1eabn.<\/p>\n<p><img decoding=\"async\" class=\"aligncenter wp-image-32192 size-full\" src=\"https:\/\/dalatreview.vn\/wp-content\/uploads\/2023\/08\/347561725_2068443366820455_5457355712104361785_n.jpg\" alt=\"ti\u1ec7m n\u01b0\u1edbng l\u1eddi c\u1ee7a gi\u00f3 \" width=\"2048\" height=\"1364\" \/><\/p>\n<p>Ti\u1ec7m n\u01b0\u1edbng\u00a0c\u00f3 kh\u00f4ng gian tho\u00e1ng \u0111\u00e3ng v\u00e0 view s\u00e2n v\u01b0\u1eddn ng\u1eafm tr\u1ecdn ho\u00e0ng h\u00f4n, t\u1ea1o \u0111i\u1ec1u ki\u1ec7n l\u00fd t\u01b0\u1edfng \u0111\u1ec3 b\u1ea1n, th\u01b0\u1edfng th\u1ee9c cafe v\u00e0 ch\u1ee5p \u1ea3nh s\u1ed1ng \u1ea3o. \u0110\u1ed3ng th\u1eddi, \u0111\u00e2y c\u0169ng l\u00e0 \u0111\u1ecba \u0111i\u1ec3m ph\u00f9 h\u1ee3p \u0111\u1ec3 t\u1ed5 ch\u1ee9c c\u00e1c bu\u1ed5i \u0103n u\u1ed1ng c\u00f9ng gia \u0111\u00ecnh v\u00e0 b\u1ea1n b\u00e8.<\/p>\n<h2 id=\"3-thong-tin-dat-ve-loi-cua-gio\"><strong>3. Th\u00f4ng tin \u0111\u1eb7t v\u00e9 L\u1eddi c\u1ee7a Gi\u00f3\u00a0<\/strong><\/h2>\n<p dir=\"ltr\">\u0110\u1ec3 ti\u1ebft ki\u1ec7m th\u1eddi gian \u0111\u1eb7t v\u00e9 b\u1ea1n h\u00e3y t\u1ea3i ngay \u1ee9ng d\u1ee5ng sau \u0111\u00e2y:\u00a0<span style=\"color: #993300;\"><strong><a style=\"color: #993300;\" href=\"https:\/\/share.abphotos.link\/dePd\" target=\"_blank\" rel=\"noopener\">\u0110\u00e0 L\u1ea1t Review T\u1ea5t T\u1ea7n T\u1eadt<\/a><\/strong><\/span><\/p>\n<p>Ngo\u00e0i ra, qu\u00fd kh\u00e1ch c\u00f3 th\u1ec3 chat tr\u1ef1c ti\u1ebfp tr\u00ean App\/Website \u0111\u1ec3 nh\u00e2n vi\u00ean c\u1ee7a ch\u00fang t\u00f4i t\u01b0 v\u1ea5n th\u00eam v\u1ec1 s\u1ea3n ph\u1ea9m v\u00e0 d\u1ecbch v\u1ee5, ho\u1eb7c li\u00ean h\u1ec7<\/p>\n<p><span style=\"color: #ff0000;\"><strong>Hotline:<\/strong>\u00a0<\/span>0989 249 297<\/p>","protected":false},"excerpt":{"rendered":"<p>Danh m\u1ee5c ch\u00ednh V\u00e9 tham quan L\u1eddi c\u1ee7a gi\u00f3 1. Th\u00f4ng tin L\u1eddi c\u1ee7a gi\u00f3\u00a0 2. Tham quan kh\u00f4ng gian \u0111\u1ea7y m\u00ea ho\u1eb7c t\u1ea1i L\u1eddi c\u1ee7a Gi\u00f3\u00a0 3. Th\u00f4ng tin \u0111\u1eb7t v\u00e9 L\u1eddi c\u1ee7a Gi\u00f3\u00a0 V\u00e9 tham quan L\u1eddi c\u1ee7a gi\u00f3 \u1ede b\u00ean r\u00eca th\u00e0nh ph\u1ed1 nh\u01b0ng v\u1eabn \u00f4m tr\u1ecdn khung tr\u1eddi \u0110\u00e0 L\u1ea1t xinh, [&hellip;]<\/p>","protected":false},"featured_media":32213,"comment_status":"open","ping_status":"closed","template":"","meta":{"_acf_changed":false,"rank_math_lock_modified_date":false},"product_cat":[1187],"product_tag":[],"acf":[],"_links":{"self":[{"href":"https:\/\/dalatreview.vn\/en\/wp-json\/wp\/v2\/product\/32041"}],"collection":[{"href":"https:\/\/dalatreview.vn\/en\/wp-json\/wp\/v2\/product"}],"about":[{"href":"https:\/\/dalatreview.vn\/en\/wp-json\/wp\/v2\/types\/product"}],"replies":[{"embeddable":true,"href":"https:\/\/dalatreview.vn\/en\/wp-json\/wp\/v2\/comments?post=32041"}],"wp:featuredmedia":[{"embeddable":true,"href":"https:\/\/dalatreview.vn\/en\/wp-json\/wp\/v2\/media\/32213"}],"wp:attachment":[{"href":"https:\/\/dalatreview.vn\/en\/wp-json\/wp\/v2\/media?parent=32041"}],"wp:term":[{"taxonomy":"product_cat","embeddable":true,"href":"https:\/\/dalatreview.vn\/en\/wp-json\/wp\/v2\/product_cat?post=32041"},{"taxonomy":"product_tag","embeddable":true,"href":"https:\/\/dalatreview.vn\/en\/wp-json\/wp\/v2\/product_tag?post=32041"}],"curies":[{"name":"wp","href":"https:\/\/api.w.org\/{rel}","templated":true}]}}