
{"id":32039,"date":"2023-08-26T16:32:42","date_gmt":"2023-08-26T09:32:42","guid":{"rendered":"https:\/\/dalatreview.vn\/?p=32039"},"modified":"2024-07-03T04:37:31","modified_gmt":"2024-07-03T04:37:31","slug":"ve-tham-quan-kdl-la-phong-kokoro-cafe","status":"publish","type":"product","link":"https:\/\/dalatreview.vn\/en\/ve-tham-quan-kdl-la-phong-kokoro-cafe.html","title":{"rendered":"V\u00e9 tham quan KDL L\u00e1 Phong &#8211; Kokoro Cafe"},"content":{"rendered":"<nav class=\"vietrick-auto-toc\">\n<div class=\"box-title\">\n<h3 class=\"toc-title\" id=\"select-menu\">Danh m\u1ee5c ch\u00ednh<\/h3>\n<div><ion-icon name=\"chevron-up-outline\"><\/ion-icon><\/div>\n<\/div>\n<ul class=\"toc-list\">\n<li><a href='https:\/\/dalatreview.vn\/en#ve-tham-quan-kdl-la-phong-kokoro-cafe' class='heading-h2 toc-link smooth-scroll'>V\u00e9 tham quan KDL L\u00e1 Phong &#8211; Kokoro Cafe<\/a>\n<li><a href='https:\/\/dalatreview.vn\/en#1-thong-tin-kdl-la-phong-kokoro-cafe' class='heading-h2 toc-link smooth-scroll'>1. Th\u00f4ng tin KDL L\u00e1 Phong &#8211; Kokoro Cafe\u00a0<\/a>\n<li><a href='https:\/\/dalatreview.vn\/en#2-tham-quan-kdl-la-phong-kokoro-cafe' class='heading-h2 toc-link smooth-scroll'>2. Tham quan KDL L\u00e1 Phong &#8211; Kokoro Cafe\u00a0<\/a>\n<li><a href='https:\/\/dalatreview.vn\/en#3-thong-tin-dat-ve-tham-quan-kdl-la-phong-kokoro-cafe' class='heading-h2 toc-link smooth-scroll'>3. Th\u00f4ng tin \u0111\u1eb7t v\u00e9 tham quan KDL L\u00e1 Phong &#8211; Kokoro Cafe\u00a0<\/a><\/ul>\n<\/ul>\n<\/li>\n<\/ul>\n<\/nav>\n<h2 style=\"text-align: center;\" id=\"ve-tham-quan-kdl-la-phong-kokoro-cafe\"><span style=\"color: #003300;\"><strong>V\u00e9 tham quan KDL L\u00e1 Phong &#8211; Kokoro Cafe<\/strong><\/span><\/h2>\n<p>KDL L\u00e1 Phong hay c\u00f2n g\u1ecdi l\u00e0 Kokoro cafe l\u00e0 m\u1ed9t ti\u1ec7m cafe mang phong c\u00e1ch Nh\u1eadt B\u1ea3n n\u1eb1m trong l\u00f2ng \u0110\u00e0 L\u1ea1t, nho nh\u1ecf, xinh \u0111\u1eb9p, \u0111\u1ed3 u\u1ed1ng ngon v\u00e0 check in s\u1ed1ng \u1ea3o r\u1ea5t \u0111\u1eb9p m\u00e0 b\u1ea1n kh\u00f4ng n\u00ean b\u1ecf qua khi \u0111\u1ebfn v\u1edbi \u0110\u00e0 L\u1ea1t.<\/p>\n<p><img decoding=\"async\" class=\"alignnone wp-image-32146 size-full\" src=\"https:\/\/dalatreview.vn\/wp-content\/uploads\/2023\/08\/51472152_2421974348034278_529757183437438976_n.jpg\" alt=\"kokoro cafe \" width=\"2048\" height=\"1364\" \/><\/p>\n<h2 id=\"1-thong-tin-kdl-la-phong-kokoro-cafe\"><span style=\"color: #003300;\"><strong>1. Th\u00f4ng tin KDL L\u00e1 Phong &#8211; Kokoro Cafe\u00a0<\/strong><\/span><\/h2>\n<p>Nh\u1eb1m ti\u1ebft ki\u1ec7m th\u1eddi gian, gi\u1ea3m thi\u1ec3u chi ph\u00ed du l\u1ecbch v\u00e0 \u0111\u01b0\u1ee3c tho\u1ea3i m\u00e1i tr\u1ea3i nghi\u1ec7m c\u00e1c d\u1ecbch v\u1ee5 b\u1ea1n c\u00f3 th\u1ec3 t\u1ea3i app v\u00e0 book v\u00e9 qua\u00a0<span style=\"color: #ff0000;\"><strong><a style=\"color: #ff0000;\" href=\"https:\/\/dalatreview.com\/kokoro-cafe\" target=\"_blank\" rel=\"noopener\">\u1ee8ng d\u1ee5ng \u0110\u00e0 L\u1ea1t Review T\u1ea5t T\u1ea7n T\u1eadt<\/a><\/strong><\/span>\u00a0tr\u00ean Mobile<\/p>\n<p>Khi t\u1ea3i \u1ee9ng d\u1ee5ng \u0110\u00e0 L\u1ea1t Review T\u1ea5t T\u1ea7n T\u1eadt b\u1ea1n s\u1ebd nh\u1eadn \u0111\u01b0\u1ee3c\u00a0<span style=\"color: #ff0000;\"><strong>voucher mua h\u00e0ng 20k<\/strong><\/span>\u00a0(\u00c1p d\u1ee5ng cho h\u00f3a \u0111\u01a1n tr\u00ean 100.000\u0111) v\u00e0 r\u1ea5t nhi\u1ec1u \u01b0u \u0111\u00e3i h\u1ea5p d\u1eabn kh\u00e1c \u0111ang ch\u1edd \u0111\u00f3n b\u1ea1n.<\/p>\n<p>N\u1ebfu \u0111\u1ebfn \u0110\u00e0 L\u1ea1t v\u00e0 b\u1ea1n \u0111ang mu\u1ed1n t\u00ecm ki\u1ebfm m\u1ed9t \u0111\u1ecba \u0111i\u1ec3m check in m\u1ed9ng m\u01a1 c\u1ee7a m\u1ed9t khung c\u1ea3nh Nh\u1eadt B\u1ea3n thu nh\u1ecf th\u00ec nh\u1ea5t \u0111\u1ecbnh ph\u1ea3i l\u01b0u l\u1ea1i ngay \u0111\u1ecba ch\u1ec9 c\u1ee7a Kokoro Coffee nh\u00e9!<\/p>\n<p><img decoding=\"async\" class=\"aligncenter wp-image-32147 size-full\" src=\"https:\/\/dalatreview.vn\/wp-content\/uploads\/2023\/08\/335468697_168529085618130_4570325951521356638_n.jpg\" alt=\"kokoro cafe\" width=\"2048\" height=\"1365\" \/><\/p>\n<p>Kokoro Cafe l\u00e0 m\u1ed9t trong nh\u1eefng \u0111\u1ecba \u0111i\u1ec3m du l\u1ecbch \u0111ang l\u00e0m m\u01b0a l\u00e0m gi\u00f3 c\u1ed9ng \u0111\u1ed3ng du l\u1ecbch \u0110\u00e0 L\u1ea1t kh\u00f4ng ch\u1ec9 b\u1edfi phong c\u1ea3nh thi\u00ean nhi\u00ean tuy\u1ec7t \u0111\u1eb9p m\u00e0 c\u00f2n l\u00e0 nh\u1eefng c\u00f4ng tr\u00ecnh ki\u1ebfn tr\u00fac \u0111\u1ed9c \u0111\u00e1o v\u1edbi m\u1ed9t Nh\u1eadt B\u1ea3n thu nh\u1ecf gi\u1eefa l\u00f2ng \u0110\u00e0 L\u1ea1t.<\/p>\n<p><img decoding=\"async\" class=\"alignnone wp-image-32148 size-full\" src=\"https:\/\/dalatreview.vn\/wp-content\/uploads\/2023\/08\/326328228_1326021457967560_31417545006130363_n.jpg\" alt=\"\u0111\u1ecba ch\u1ec9 kokoro cafe\" width=\"2048\" height=\"1536\" \/><\/p>\n<p>\u0110\u1ecba \u0111i\u1ec3m check in n\u00e0y n\u1eb1m trong Khu du l\u1ecbch l\u00e1 phong t\u1ecda l\u1ea1c t\u1ea1i s\u1ed1 45 \u0111\u01b0\u1eddng \u0110\u1eb7ng Th\u00e1i Th\u00e2n, ph\u01b0\u1eddng 3, \u0110\u00e0 L\u1ea1t. Ngo\u00e0i ra, \u0111\u1ecba \u0111i\u1ec3m tham quan\u00a0n\u00e0y c\u00f2n\u00a0n\u1eb1m g\u1ea7n c\u00e1c \u0111\u1ecba \u0111i\u1ec3m du l\u1ecbch n\u1ed5i ti\u1ebfng kh\u00e1c nh\u01b0: Dinh 3, H\u1ed3 Tuy\u1ec1n L\u00e2m, Th\u00e1c Datanla,\u2026 v\u00e0 m\u1ed9t s\u1ed1 qu\u00e1n c\u00e0 ph\u00ea c\u00f3 view check in s\u1ed1ng \u1ea3o xinh \u0111\u1eb9p.<\/p>\n<h2 id=\"2-tham-quan-kdl-la-phong-kokoro-cafe\"><strong>2. Tham quan KDL L\u00e1 Phong &#8211; Kokoro Cafe\u00a0<\/strong><\/h2>\n<p>Kokoro Cafe \u0111\u01b0\u1ee3c x\u00e2y d\u1ef1ng thi\u1ebft k\u1ebf theo phong c\u00e1ch c\u1ee7a x\u1ee9 s\u1edf hoa anh \u0111\u00e0o \u2013 Nh\u1eadt B\u1ea3n, n\u1ebfu \u0111\u1ebfn \u0110\u00e0 L\u1ea1t m\u00e0 b\u1ecf l\u1ee1 c\u01a1 h\u1ed9i kh\u00e1m ph\u00e1 \u0111\u1ecba \u0111i\u1ec3m n\u00e0y th\u00ec s\u1ebd l\u00e0 m\u1ed9t ti\u1ebfc nu\u1ed1i l\u1edbn trong chuy\u1ebfn tham quan th\u00e0nh ph\u1ed1 s\u01b0\u01a1ng m\u00f9 \u0111\u00f3 nha.<\/p>\n<p><img decoding=\"async\" class=\"aligncenter wp-image-32150 size-full\" src=\"https:\/\/dalatreview.vn\/wp-content\/uploads\/2023\/08\/365860031_299825839369352_3427609527533456096_n.jpg\" alt=\"kokoro cafe \" width=\"1365\" height=\"2048\" \/><\/p>\n<p>\u0110\u1ecba \u0111i\u1ec3m tham quan n\u00e0y c\u00f3 di\u1ec7n t\u00edch si\u00eau r\u1ed9ng l\u00ean \u0111\u1ebfn\u00a04,48ha ch\u00ednh th\u1ee9c ch\u00e0o s\u00e2n \u0111\u00f3n du kh\u00e1ch n\u0103m 2017, kh\u00f4ng gi\u1ed1ng nh\u01b0 nh\u1eefng qu\u00e1n cafe theo phong c\u00e1ch Nh\u1eadt B\u1ea3n kh\u00e1c, Kokoro Cafe l\u00e0 s\u1ef1 k\u1ebft h\u1ee3p h\u00e0i h\u00f2a \u0111\u1ed9c \u0111\u00e1o c\u1ee7a c\u00e2y c\u1ed1i, c\u1ea3nh quan v\u00e0 s\u00f4ng n\u01b0\u1edbc.<\/p>\n<p><img decoding=\"async\" class=\"aligncenter wp-image-32149 size-full\" src=\"https:\/\/dalatreview.vn\/wp-content\/uploads\/2023\/08\/339320040_940514684066223_784976338335831923_n.jpg\" alt=\"c\u00e1c g\u00f3c check in t\u1ea1i kokoro cafe\" width=\"2048\" height=\"1366\" \/><\/p>\n<p>Khi \u0111\u1ebfn \u0111\u00e2y b\u1ea1n\u00a0ch\u1ec9 c\u1ea7n di\u1ec7n m\u1ed9t b\u1ed9 \u0111\u1ed3 \u0111\u01a1n gi\u1ea3n, tinh t\u1ebf, nh\u1eb9 nh\u00e0ng v\u00e0 \u0111\u1ee9ng \u1edf b\u1ea5t k\u1ef3 v\u1ecb tr\u00ed n\u00e0o c\u1ee7a qu\u00e1n b\u1ea1n \u0111\u1ec1u c\u00f3 th\u1ec3 c\u00f3 \u0111\u01b0\u1ee3c nh\u1eefng t\u1ea5m h\u00ecnh \u0111\u1eb9p.<\/p>\n<p><img decoding=\"async\" class=\"aligncenter wp-image-32151 size-full\" src=\"https:\/\/dalatreview.vn\/wp-content\/uploads\/2023\/08\/364808842_299824866036116_5398349479063621431_n.jpg\" alt=\"kh\u00f4ng gian kokoro cafe \" width=\"2048\" height=\"1366\" \/><\/p>\n<p>To\u00e0n b\u1ed9 kh\u00f4ng gian qu\u00e1n \u0111\u1ec1u \u0111\u01b0\u1ee3c thi\u1ebft k\u1ebf m\u1edf kh\u00f4ng b\u00f3 h\u1eb9p cho kho\u1ea3ng n\u00e0o c\u1ea3. T\u1eeb tr\u1ea3i s\u00e0n \u0111\u1ebfn ngo\u00e0i v\u01b0\u1eddn \u0111\u1ebfn trong nh\u00e0, \u0111\u00e2u \u0111\u00e2u c\u0169ng \u0111\u01b0\u1ee3c k\u00ea 1 v\u00e0i b\u1ed9 b\u00e0n gh\u1ebf g\u1ed7 \u0111\u1ec3 t\u1ea1o n\u00ean \u0111a d\u1ea1ng c\u00e1c g\u00f3c ng\u1ed3i.<\/p>\n<p><img decoding=\"async\" class=\"aligncenter wp-image-32152 size-full\" src=\"https:\/\/dalatreview.vn\/wp-content\/uploads\/2023\/08\/371033422_309514191733850_8038826006655635027_n.jpg\" alt=\"g\u00f3c check in t\u1ea1i kokoro cafe\" width=\"1408\" height=\"2048\" \/><\/p>\n<p>M\u1ed9t g\u00f3c check in c\u1ef1c k\u1ef3 x\u1ecbn s\u00f2 t\u1ea1i \u0111\u00e2y m\u00e0 b\u1ea5t c\u1ee9 du kh\u00e1ch khi \u0111\u1ebfn \u0111\u00e2y \u0111\u1ec1u mu\u1ed1n ch\u1ee5p \u0111\u00f3 ch\u00ednh l\u00e0 g\u00f3c t\u01b0\u1eddng tr\u1eafng v\u1edbi d\u00f2ng ch\u1eef Nh\u1eadt m\u00e0u \u0111en v\u00f4 c\u00f9ng \u1ea5n t\u01b0\u1ee3ng.<\/p>\n<p><img decoding=\"async\" class=\"aligncenter wp-image-32153 size-full\" src=\"https:\/\/dalatreview.vn\/wp-content\/uploads\/2023\/08\/365191903_299824239369512_952928123864296140_n.jpg\" alt=\"check in h\u1ed3 c\u00e1 koi t\u1ea1i kokoro cafe \" width=\"2048\" height=\"1364\" \/><\/p>\n<p>\u0110i\u1ec3m nh\u1ea5n t\u1ea1o n\u00ean \u0111i\u1ec1u \u0111\u1eb7c bi\u1ec7t cho KoKoro cafe ch\u00ednh l\u00e0 h\u1ed3 c\u00e1 Koi r\u1ed9ng l\u1edbn. Khi t\u1edbi \u0111\u00e2y b\u1ea1n s\u1ebd \u0111\u01b0\u1ee3c chi\u00eam ng\u01b0\u1ee1ng m\u1ed9t h\u1ed3 c\u00e1 Koi si\u00eau r\u1ed9ng \u1edf b\u00ean ngo\u00e0i v\u1edbi 230 ch\u00fa c\u00e1 Koi v\u00f4 c\u00f9ng \u0111\u1ed9c \u0111\u00e1o.<\/p>\n<p><img decoding=\"async\" class=\"aligncenter wp-image-32154 size-full\" src=\"https:\/\/dalatreview.vn\/wp-content\/uploads\/2023\/08\/365142165_299823842702885_6491283506778694927_n.jpg\" alt=\"thu\u00ea trang ph\u1ee5c check in t\u1ea1i kokoro cafe\" width=\"1366\" height=\"2048\" \/><\/p>\n<p>Ngo\u00e0i ra, t\u1ea1i Kokoro Cafe c\u00f2n cho thu\u00ea trang ph\u1ee5c \u0111\u1ec3 b\u1ea1n th\u1ea3o s\u1ee9c s\u1ed1ng \u1ea3o th\u1ea3 d\u00e1ng rinh v\u1ec1 cho m\u00ecnh nh\u1eefng b\u1ee9c \u1ea3nh xinh nh\u1ea5t \u0111\u00f3.<\/p>\n<h2 id=\"3-thong-tin-dat-ve-tham-quan-kdl-la-phong-kokoro-cafe\"><span style=\"color: #003300;\"><strong>3. Th\u00f4ng tin \u0111\u1eb7t v\u00e9 tham quan KDL L\u00e1 Phong &#8211; Kokoro Cafe\u00a0<\/strong><\/span><\/h2>\n<p dir=\"ltr\">\u0110\u1ec3 ti\u1ebft ki\u1ec7m th\u1eddi gian \u0111\u1eb7t v\u00e9 b\u1ea1n h\u00e3y t\u1ea3i ngay \u1ee9ng d\u1ee5ng sau \u0111\u00e2y:<span style=\"color: #993300;\">\u00a0<strong><a style=\"color: #993300;\" href=\"https:\/\/share.abphotos.link\/dePd\" target=\"_blank\" rel=\"noopener\">\u0110\u00e0 L\u1ea1t Review T\u1ea5t T\u1ea7n T\u1eadt<\/a><\/strong><\/span><\/p>\n<p>Ngo\u00e0i ra, qu\u00fd kh\u00e1ch c\u00f3 th\u1ec3 chat tr\u1ef1c ti\u1ebfp tr\u00ean App\/Website \u0111\u1ec3 nh\u00e2n vi\u00ean c\u1ee7a ch\u00fang t\u00f4i t\u01b0 v\u1ea5n th\u00eam v\u1ec1 s\u1ea3n ph\u1ea9m v\u00e0 d\u1ecbch v\u1ee5, ho\u1eb7c li\u00ean h\u1ec7<\/p>\n<p><span style=\"color: #ff0000;\"><strong>Hotline:<\/strong><\/span>\u00a00983 249 297<\/p>","protected":false},"excerpt":{"rendered":"<p>Danh m\u1ee5c ch\u00ednh V\u00e9 tham quan KDL L\u00e1 Phong &#8211; Kokoro Cafe 1. Th\u00f4ng tin KDL L\u00e1 Phong &#8211; Kokoro Cafe\u00a0 2. Tham quan KDL L\u00e1 Phong &#8211; Kokoro Cafe\u00a0 3. Th\u00f4ng tin \u0111\u1eb7t v\u00e9 tham quan KDL L\u00e1 Phong &#8211; Kokoro Cafe\u00a0 V\u00e9 tham quan KDL L\u00e1 Phong &#8211; Kokoro Cafe KDL L\u00e1 Phong [&hellip;]<\/p>","protected":false},"featured_media":32174,"comment_status":"open","ping_status":"closed","template":"","meta":{"_acf_changed":false,"rank_math_lock_modified_date":false},"product_cat":[1187],"product_tag":[],"acf":[],"_links":{"self":[{"href":"https:\/\/dalatreview.vn\/en\/wp-json\/wp\/v2\/product\/32039"}],"collection":[{"href":"https:\/\/dalatreview.vn\/en\/wp-json\/wp\/v2\/product"}],"about":[{"href":"https:\/\/dalatreview.vn\/en\/wp-json\/wp\/v2\/types\/product"}],"replies":[{"embeddable":true,"href":"https:\/\/dalatreview.vn\/en\/wp-json\/wp\/v2\/comments?post=32039"}],"wp:featuredmedia":[{"embeddable":true,"href":"https:\/\/dalatreview.vn\/en\/wp-json\/wp\/v2\/media\/32174"}],"wp:attachment":[{"href":"https:\/\/dalatreview.vn\/en\/wp-json\/wp\/v2\/media?parent=32039"}],"wp:term":[{"taxonomy":"product_cat","embeddable":true,"href":"https:\/\/dalatreview.vn\/en\/wp-json\/wp\/v2\/product_cat?post=32039"},{"taxonomy":"product_tag","embeddable":true,"href":"https:\/\/dalatreview.vn\/en\/wp-json\/wp\/v2\/product_tag?post=32039"}],"curies":[{"name":"wp","href":"https:\/\/api.w.org\/{rel}","templated":true}]}}