
{"id":32035,"date":"2023-08-26T14:55:12","date_gmt":"2023-08-26T07:55:12","guid":{"rendered":"https:\/\/dalatreview.vn\/?p=32035"},"modified":"2024-07-03T04:43:58","modified_gmt":"2024-07-03T04:43:58","slug":"ve-tham-quan-vuon-hoa-thanh-pho-da-lat","status":"publish","type":"product","link":"https:\/\/dalatreview.vn\/en\/ve-tham-quan-vuon-hoa-thanh-pho-da-lat.html","title":{"rendered":"V\u00e9 tham quan V\u01b0\u1eddn hoa th\u00e0nh ph\u1ed1 \u0110\u00e0 L\u1ea1t"},"content":{"rendered":"<nav class=\"vietrick-auto-toc\">\n<div class=\"box-title\">\n<h3 class=\"toc-title\" id=\"select-menu\">Danh m\u1ee5c ch\u00ednh<\/h3>\n<div><ion-icon name=\"chevron-up-outline\"><\/ion-icon><\/div>\n<\/div>\n<ul class=\"toc-list\">\n<li><a href='https:\/\/dalatreview.vn\/en#ve-tham-quan-vuon-hoa-thanh-pho-da-lat' class='heading-h2 toc-link smooth-scroll'>V\u00e9 tham quan V\u01b0\u1eddn hoa th\u00e0nh ph\u1ed1 \u0110\u00e0 L\u1ea1t<\/a>\n<li><a href='https:\/\/dalatreview.vn\/en#1-thong-tin-vuon-hoa-thanh-pho-da-lat' class='heading-h2 toc-link smooth-scroll'>1. Th\u00f4ng tin V\u01b0\u1eddn hoa th\u00e0nh ph\u1ed1 \u0110\u00e0 L\u1ea1t\u00a0<\/a>\n<li><a href='https:\/\/dalatreview.vn\/en#2-tham-quan-vuon-hoa-thanh-pho' class='heading-h2 toc-link smooth-scroll'>2. Tham quan V\u01b0\u1eddn hoa th\u00e0nh ph\u1ed1\u00a0<\/a>\n<li><a href='https:\/\/dalatreview.vn\/en#3-thong-tin-dat-ve-tham-quan-vuon-hoa-thanh-pho-da-lat' class='heading-h2 toc-link smooth-scroll'>3. Th\u00f4ng tin \u0111\u1eb7t v\u00e9 tham quan V\u01b0\u1eddn hoa th\u00e0nh ph\u1ed1 \u0110\u00e0 L\u1ea1t\u00a0<\/a><\/ul>\n<\/ul>\n<\/li>\n<\/ul>\n<\/nav>\n<h2 style=\"text-align: center;\" id=\"ve-tham-quan-vuon-hoa-thanh-pho-da-lat\"><span style=\"color: #003300;\"><strong>V\u00e9 tham quan V\u01b0\u1eddn hoa th\u00e0nh ph\u1ed1 \u0110\u00e0 L\u1ea1t<\/strong><\/span><\/h2>\n<p>M\u1ed9t trong nh\u1eefng \u0111i\u1ec1u t\u1ea1o n\u00ean n\u00e9t \u0111\u1eb7c tr\u01b0ng ri\u00eang c\u1ee7a \u0110\u00e0 L\u1ea1t \u0111\u00f3 ch\u00ednh l\u00e0 c\u00e1c lo\u00e0i hoa. V\u00e0 V\u01b0\u1eddn hoa th\u00e0nh ph\u1ed1 l\u00e0 m\u1ed9t \u0111\u1ecba \u0111i\u1ec3m s\u1ed1ng \u1ea3o local n\u1ed5i ti\u1ebfng t\u1ea1i th\u00e0nh ph\u1ed1 s\u01b0\u01a1ng m\u00f9 v\u1edbi di\u1ec7n t\u00edch l\u00ean t\u1edbi 14ha m\u00e0 b\u1ea1n kh\u00f4ng th\u1ec3 b\u1ecf qua khi \u0111\u1ebfn v\u1edbi \u0110\u00e0 L\u1ea1t.<\/p>\n<p><img decoding=\"async\" class=\"alignnone wp-image-32120 size-full\" src=\"https:\/\/dalatreview.vn\/wp-content\/uploads\/2023\/08\/347578815_1377810696406953_6062504380851663313_n.jpg\" alt=\"v\u01b0\u1eddn hoa th\u00e0nh ph\u1ed1 \u0111\u00e0 l\u1ea1t\" width=\"2048\" height=\"1366\" \/><\/p>\n<h2 id=\"1-thong-tin-vuon-hoa-thanh-pho-da-lat\"><strong>1. Th\u00f4ng tin V\u01b0\u1eddn hoa th\u00e0nh ph\u1ed1 \u0110\u00e0 L\u1ea1t\u00a0<\/strong><\/h2>\n<p>Nh\u1eb1m ti\u1ebft ki\u1ec7m th\u1eddi gian, gi\u1ea3m thi\u1ec3u chi ph\u00ed du l\u1ecbch v\u00e0 \u0111\u01b0\u1ee3c tho\u1ea3i m\u00e1i tr\u1ea3i nghi\u1ec7m c\u00e1c d\u1ecbch v\u1ee5 b\u1ea1n c\u00f3 th\u1ec3 t\u1ea3i app v\u00e0 book v\u00e9 qua\u00a0<strong><a href=\"https:\/\/dalatreview.com\/vuon-hoa-thanh-pho-da-lat\" target=\"_blank\" rel=\"noopener\"><span style=\"color: #ff0000;\">\u1ee8ng d\u1ee5ng \u0110\u00e0 L\u1ea1t Review T\u1ea5t T\u1ea7n T\u1eadt<\/span><\/a><\/strong>\u00a0tr\u00ean Mobile<\/p>\n<p>Khi t\u1ea3i \u1ee9ng d\u1ee5ng \u0110\u00e0 L\u1ea1t Review T\u1ea5t T\u1ea7n T\u1eadt b\u1ea1n s\u1ebd nh\u1eadn \u0111\u01b0\u1ee3c\u00a0<span style=\"color: #ff0000;\"><strong>voucher mua h\u00e0ng 20k<\/strong>\u00a0<\/span>(\u00c1p d\u1ee5ng cho h\u00f3a \u0111\u01a1n tr\u00ean 100.000\u0111) v\u00e0 r\u1ea5t nhi\u1ec1u \u01b0u \u0111\u00e3i h\u1ea5p d\u1eabn kh\u00e1c \u0111ang ch\u1edd \u0111\u00f3n b\u1ea1n.<\/p>\n<p>V\u01b0\u1eddn hoa th\u00e0nh ph\u1ed1 t\u1ecda l\u1ea1c ngay t\u1ea1i trung t\u00e2m, v\u00ec v\u1eady \u0111\u01b0\u1eddng \u0111\u1ebfn \u0111\u00e2y r\u1ea5t d\u1ec5 di chuy\u1ec3n. N\u1eb1m cu\u1ed1i h\u1ed3 Xu\u00e2n H\u01b0\u01a1ng, b\u1ea1n s\u1ebd ch\u1ec9 m\u1ea5t kho\u1ea3ng 10 ph\u00fat \u0111\u1ec3 di chuy\u1ec3n t\u1eeb ch\u1ee3 \u0110\u00e0 L\u1ea1t \u0111\u1ebfn V\u01b0\u1eddn hoa th\u00e0nh ph\u1ed1.<\/p>\n<p><img decoding=\"async\" class=\"aligncenter wp-image-32121 size-full\" src=\"https:\/\/dalatreview.vn\/wp-content\/uploads\/2023\/08\/344573090_1208224193228511_7189275452659111403_n.jpg\" alt=\"tham quan v\u01b0\u1eddn hoa th\u00e0nh ph\u1ed1 \u0111\u00e0 l\u1ea1t\" width=\"2048\" height=\"1394\" \/><\/p>\n<p>\u0110\u1ecba \u0111i\u1ec3m du l\u1ecbch n\u00e0y s\u1ebd b\u1eaft \u0111\u1ea7u m\u1edf c\u1eeda \u0111\u00f3n nh\u1eefng v\u1ecb kh\u00e1ch \u0111\u1ea7u ti\u00ean tham quan t\u1eeb r\u1ea5t s\u1edbm (6h30 \u2013 18h) m\u1ed7i ng\u00e0y. \u0110\u1ec3 c\u00f3 \u0111\u01b0\u1ee3c nh\u1eefng b\u1ee9c \u1ea3nh xinh \u0111\u1eb9p t\u1ea1i \u0111\u00e2y b\u1ea1n n\u00ean \u0111\u1ebfn v\u00e0o bu\u1ed5i s\u00e1ng ho\u1eb7c x\u1ebf chi\u1ec1u nh\u1eefng l\u00fac n\u1eafng kh\u00f4ng qu\u00e1 g\u1eaft \u0111\u1ec3 c\u00f3 th\u1ec3 c\u00f3 \u0111\u01b0\u1ee3c cho m\u00ecnh nh\u1eefng b\u1ee9c \u1ea3nh lung linh nh\u00e9!<\/p>\n<p><img decoding=\"async\" class=\"aligncenter wp-image-32122 size-full\" src=\"https:\/\/dalatreview.vn\/wp-content\/uploads\/2023\/08\/346312774_254763743625894_4613817678120743091_n.jpg\" alt=\"tham quan v\u01b0\u1eddn hoa th\u00e0nh ph\u1ed1 \u0111\u00e0 l\u1ea1t \" width=\"2048\" height=\"1380\" \/><\/p>\n<p>Hi\u1ec7n t\u1ea1i, gi\u00e1 v\u00e9 tham quan t\u1ea1i V\u01b0\u1eddn hoa th\u00e0nh ph\u1ed1\u00a0s\u1ebd ch\u1ec9 \u00e1p d\u1ee5ng 1 chi\u1ec1u v\u00e0o, trong tr\u01b0\u1eddng h\u1ee3p c\u00f3 vi\u1ec7c ra ngo\u00e0i khu du l\u1ecbch b\u1ea1n s\u1ebd ph\u1ea3i mua l\u1ea1i v\u00e9 m\u1edbi khi v\u00e0o \u0111\u1ea5y nh\u00e9!<\/p>\n<h2 id=\"2-tham-quan-vuon-hoa-thanh-pho\"><strong>2. Tham quan V\u01b0\u1eddn hoa th\u00e0nh ph\u1ed1\u00a0<\/strong><\/h2>\n<p>V\u01b0\u1eddn hoa th\u00e0nh ph\u1ed1 \u0111\u01b0\u1ee3c xem nh\u01b0 l\u00e0 n\u01a1i b\u1ea3o t\u1ed3n c\u00e1c gi\u1ed1ng hoa qu\u00fd. L\u00e0 n\u01a1i \u0111\u1ec3 cho h\u00e0ng tr\u0103m h\u00e0ng ng\u00e0n c\u00e1c lo\u00e0i hoa thi nhau khoe s\u1eafc th\u1eafm m\u1ed7i m\u00f9a.<\/p>\n<p><img decoding=\"async\" class=\"aligncenter wp-image-32123 size-full\" src=\"https:\/\/dalatreview.vn\/wp-content\/uploads\/2023\/08\/346962096_222779737145788_8557503731734244857_n.jpg\" alt=\"v\u01b0\u1eddn hoa th\u00e0nh ph\u1ed1 \u0111\u00e0 l\u1ea1t\" width=\"2048\" height=\"1365\" \/><\/p>\n<p>N\u01a1i \u0111\u00e2y quy t\u1ee5 h\u01a1n 200 lo\u00e0i hoa kh\u00e1c nhau c\u00f3 c\u1ea3 hoa trong n\u01b0\u1edbc v\u00e0 hoa ngo\u1ea1i nh\u1eadp nh\u01b0: c\u00e1c gi\u1ed1ng hoa h\u1ed3ng, c\u1ea9m t\u00fa c\u1ea7u, mimosa, \u0111\u1ed7 quy\u00ean, \u0111\u1ed3ng ti\u1ec1n,\u2026<\/p>\n<p><img decoding=\"async\" class=\"aligncenter wp-image-32124 size-full\" src=\"https:\/\/dalatreview.vn\/wp-content\/uploads\/2023\/08\/348947501_603084471798754_1145974915054187688_n.jpg\" alt=\"nh\u1eefng g\u00f3c check in t\u1ea1i v\u01b0\u1eddn hoa th\u00e0nh ph\u1ed1 \" width=\"2048\" height=\"1364\" \/><\/p>\n<p>M\u1ed9t \u0111i\u1ec3m \u0111\u1eb7c bi\u1ec7t gi\u00fap cho v\u01b0\u1eddn hoa th\u00e0nh ph\u1ed1 lu\u00f4n l\u00e0 \u0111\u1ecba \u0111i\u1ec3m s\u1ed1ng \u1ea3o \u0111\u01b0\u1ee3c nhi\u1ec1u ng\u01b0\u1eddi y\u00eau th\u00edch \u0111\u00f3 ch\u00ednh l\u00e0 nh\u1eefng b\u00f4ng hoa t\u1ea1i \u0111\u00e2y \u0111\u1ec1u \u0111\u01b0\u1ee3c t\u1ea1o h\u00ecnh r\u1ea5t \u0111\u1eb9p m\u1eaft v\u1edbi nh\u1eefng h\u00ecnh th\u00f9 nh\u01b0 l\u00e2u \u0111\u00e0i, c\u1ed7 xe ng\u1ef1a hay nh\u1eefng \u1ea5m tr\u00e0 kh\u1ed5ng l\u1ed3 v\u00f4 c\u00f9ng th\u00fa v\u1ecb.<\/p>\n<p><img decoding=\"async\" class=\"aligncenter wp-image-32126 size-full\" src=\"https:\/\/dalatreview.vn\/wp-content\/uploads\/2023\/08\/346303290_151214381094419_2927695240736674903_n-1.jpg\" alt=\"v\u01b0\u1eddn hoa th\u00e0nh ph\u1ed1\" width=\"2048\" height=\"1388\" \/><\/p>\n<p>\u0110\u1eb7c bi\u1ec7t, n\u01a1i \u0111\u00e2y c\u00f3 di\u1ec7n t\u00edch si\u00eau r\u1ed9ng l\u00ean t\u1edbi h\u01a1n 14ha c\u00f9ng nhi\u1ec1u khu &#8220;s\u1ed1ng \u1ea3o&#8221; c\u1ef1c x\u1ecbn,\u00a0khi gh\u00e9 \u0111\u1ebfn \u0111\u00e2y b\u1ea1n c\u00f3 th\u1ec3 th\u1ecfa s\u1ee9c \u0111i tham quan check in c\u1ea3 ng\u00e0y c\u0169ng kh\u00f4ng ch\u00e1n \u0111\u00e2u nh\u00e9!!!<\/p>\n<p><img decoding=\"async\" class=\"alignnone wp-image-32125 size-full\" src=\"https:\/\/dalatreview.vn\/wp-content\/uploads\/2023\/08\/346303290_151214381094419_2927695240736674903_n.jpg\" alt=\"v\u01b0\u1eddn hoa th\u00e0nh ph\u1ed1 \u0111\u00e0 l\u1ea1t\" width=\"2048\" height=\"1388\" \/><\/p>\n<p>M\u1ed7i n\u0103m t\u1ea1i \u0111\u00e2y \u0111\u1ec1u \u0111\u1ec1u c\u00f3 ch\u01b0\u01a1ng tr\u00ecnh Festival hoa \u0110\u00e0 L\u1ea1t, c\u00e1c lo\u00e0i hoa \u0111\u01b0\u1ee3c gh\u00e9p l\u1ea1i v\u00e0 trang tr\u00ed v\u1edbi nh\u1eefng ch\u1ee7 \u0111\u1ec1 v\u00f4 c\u00f9ng \u1ea5n t\u01b0\u1ee3ng, \u0111\u1ed9c \u0111\u00e1o.<\/p>\n<h2 id=\"3-thong-tin-dat-ve-tham-quan-vuon-hoa-thanh-pho-da-lat\"><strong>3. Th\u00f4ng tin \u0111\u1eb7t v\u00e9 tham quan V\u01b0\u1eddn hoa th\u00e0nh ph\u1ed1 \u0110\u00e0 L\u1ea1t\u00a0<\/strong><\/h2>\n<p dir=\"ltr\">\u0110\u1ec3 ti\u1ebft ki\u1ec7m th\u1eddi gian \u0111\u1eb7t v\u00e9 b\u1ea1n h\u00e3y t\u1ea3i ngay \u1ee9ng d\u1ee5ng sau \u0111\u00e2y:\u00a0<span style=\"color: #993300;\"><strong><a style=\"color: #993300;\" href=\"https:\/\/share.abphotos.link\/dePd\" target=\"_blank\" rel=\"noopener\">\u0110\u00e0 L\u1ea1t Review T\u1ea5t T\u1ea7n T\u1eadt<\/a><\/strong><\/span><\/p>\n<p>Ngo\u00e0i ra, qu\u00fd kh\u00e1ch c\u00f3 th\u1ec3 chat tr\u1ef1c ti\u1ebfp tr\u00ean App\/Website \u0111\u1ec3 nh\u00e2n vi\u00ean c\u1ee7a ch\u00fang t\u00f4i t\u01b0 v\u1ea5n th\u00eam v\u1ec1 s\u1ea3n ph\u1ea9m v\u00e0 d\u1ecbch v\u1ee5, ho\u1eb7c li\u00ean h\u1ec7<\/p>\n<p><span style=\"color: #ff0000;\"><strong>Hotline:<\/strong><\/span>\u00a00983 249 297<\/p>","protected":false},"excerpt":{"rendered":"<p>Danh m\u1ee5c ch\u00ednh V\u00e9 tham quan V\u01b0\u1eddn hoa th\u00e0nh ph\u1ed1 \u0110\u00e0 L\u1ea1t 1. Th\u00f4ng tin V\u01b0\u1eddn hoa th\u00e0nh ph\u1ed1 \u0110\u00e0 L\u1ea1t\u00a0 2. Tham quan V\u01b0\u1eddn hoa th\u00e0nh ph\u1ed1\u00a0 3. Th\u00f4ng tin \u0111\u1eb7t v\u00e9 tham quan V\u01b0\u1eddn hoa th\u00e0nh ph\u1ed1 \u0110\u00e0 L\u1ea1t\u00a0 V\u00e9 tham quan V\u01b0\u1eddn hoa th\u00e0nh ph\u1ed1 \u0110\u00e0 L\u1ea1t M\u1ed9t trong nh\u1eefng \u0111i\u1ec1u t\u1ea1o [&hellip;]<\/p>","protected":false},"featured_media":32144,"comment_status":"open","ping_status":"closed","template":"","meta":{"_acf_changed":false,"rank_math_lock_modified_date":false},"product_cat":[1187],"product_tag":[],"acf":[],"_links":{"self":[{"href":"https:\/\/dalatreview.vn\/en\/wp-json\/wp\/v2\/product\/32035"}],"collection":[{"href":"https:\/\/dalatreview.vn\/en\/wp-json\/wp\/v2\/product"}],"about":[{"href":"https:\/\/dalatreview.vn\/en\/wp-json\/wp\/v2\/types\/product"}],"replies":[{"embeddable":true,"href":"https:\/\/dalatreview.vn\/en\/wp-json\/wp\/v2\/comments?post=32035"}],"wp:featuredmedia":[{"embeddable":true,"href":"https:\/\/dalatreview.vn\/en\/wp-json\/wp\/v2\/media\/32144"}],"wp:attachment":[{"href":"https:\/\/dalatreview.vn\/en\/wp-json\/wp\/v2\/media?parent=32035"}],"wp:term":[{"taxonomy":"product_cat","embeddable":true,"href":"https:\/\/dalatreview.vn\/en\/wp-json\/wp\/v2\/product_cat?post=32035"},{"taxonomy":"product_tag","embeddable":true,"href":"https:\/\/dalatreview.vn\/en\/wp-json\/wp\/v2\/product_tag?post=32035"}],"curies":[{"name":"wp","href":"https:\/\/api.w.org\/{rel}","templated":true}]}}