
{"id":32029,"date":"2023-08-26T14:38:02","date_gmt":"2023-08-26T07:38:02","guid":{"rendered":"https:\/\/dalatreview.vn\/?p=32029"},"modified":"2024-07-03T04:48:10","modified_gmt":"2024-07-03T04:48:10","slug":"ve-cap-treo-doi-robin","status":"publish","type":"product","link":"https:\/\/dalatreview.vn\/en\/ve-cap-treo-doi-robin.html","title":{"rendered":"V\u00e9 c\u00e1p treo \u0110\u1ed3i Robin"},"content":{"rendered":"<nav class=\"vietrick-auto-toc\">\n<div class=\"box-title\">\n<h3 class=\"toc-title\" id=\"select-menu\">Danh m\u1ee5c ch\u00ednh<\/h3>\n<div><ion-icon name=\"chevron-up-outline\"><\/ion-icon><\/div>\n<\/div>\n<ul class=\"toc-list\">\n<li><a href='https:\/\/dalatreview.vn\/en#ve-cap-treo-doi-robin' class='heading-h2 toc-link smooth-scroll'>V\u00e9 c\u00e1p treo \u0110\u1ed3i Robin<\/a>\n<li><a href='https:\/\/dalatreview.vn\/en#1-thong-tin-cap-treo-doi-robin' class='heading-h2 toc-link smooth-scroll'>1. Th\u00f4ng tin c\u00e1p treo \u0110\u1ed3i Robin<\/a>\n<li><a href='https:\/\/dalatreview.vn\/en#2-trai-nghiem-di-cap-treo-doi-robin' class='heading-h2 toc-link smooth-scroll'>2. Tr\u1ea3i nghi\u1ec7m \u0111i c\u00e1p treo \u0110\u1ed3i Robin<\/a>\n<li><a href='https:\/\/dalatreview.vn\/en#3-thong-tin-dat-ve-cap-treo-doi-robin' class='heading-h2 toc-link smooth-scroll'>3. Th\u00f4ng tin \u0111\u1eb7t v\u00e9 c\u00e1p treo \u0110\u1ed3i Robin\u00a0<\/a><\/ul>\n<\/ul>\n<\/li>\n<\/ul>\n<\/nav>\n<h2 style=\"text-align: center;\" id=\"ve-cap-treo-doi-robin\"><span style=\"color: #003300;\"><strong>V\u00e9 c\u00e1p treo \u0110\u1ed3i Robin<\/strong><\/span><\/h2>\n<p>Ng\u1eafm nh\u00ecn tr\u1ecdn v\u1ebb \u0111\u1eb9p c\u1ee7a \u0110\u00e0 L\u1ea1t t\u1eeb tr\u00ean cao s\u1ebd mang \u0111\u1ebfn cho b\u1ea1n c\u00e1i nh\u00ecn \u1ea5n t\u01b0\u1ee3ng v\u1ec1 n\u01a1i \u0111\u00e2y. V\u00e0 vi\u1ec7c l\u1ef1a ch\u1ecdn \u0111i c\u00e1p treo s\u1ebd gi\u00fap b\u1ea1n ng\u1eafm nh\u00ecn to\u00e0n b\u1ed9 quang c\u1ea3nh th\u00e0nh ph\u1ed1 m\u1ed9t c\u00e1ch d\u1ec5 d\u00e0ng nh\u1ea5t.<\/p>\n<p><img decoding=\"async\" class=\"aligncenter wp-image-32098 size-full\" src=\"https:\/\/dalatreview.vn\/wp-content\/uploads\/2023\/08\/322710222_534547811951814_2110161146073443533_n.jpg\" alt=\"c\u00e1p treo \u0111\u1ed3i robin\" width=\"2048\" height=\"1365\" \/><\/p>\n<h2 id=\"1-thong-tin-cap-treo-doi-robin\"><strong>1. Th\u00f4ng tin c\u00e1p treo \u0110\u1ed3i Robin<\/strong><\/h2>\n<p>Nh\u1eb1m ti\u1ebft ki\u1ec7m th\u1eddi gian, gi\u1ea3m thi\u1ec3u chi ph\u00ed du l\u1ecbch v\u00e0 \u0111\u01b0\u1ee3c tho\u1ea3i m\u00e1i tr\u1ea3i nghi\u1ec7m c\u00e1c d\u1ecbch v\u1ee5 b\u1ea1n c\u00f3 th\u1ec3 t\u1ea3i app v\u00e0 book v\u00e9 qua\u00a0<span style=\"color: #ff0000;\"><strong><a style=\"color: #ff0000;\" href=\"https:\/\/dalatreview.com\/cap-treo-doi-robin\" target=\"_blank\" rel=\"noopener\">\u1ee8ng d\u1ee5ng \u0110\u00e0 L\u1ea1t Review T\u1ea5t T\u1ea7n T\u1eadt<\/a><\/strong><\/span> tr\u00ean Mobile.<\/p>\n<p>Khi t\u1ea3i \u1ee9ng d\u1ee5ng \u0110\u00e0 L\u1ea1t Review T\u1ea5t T\u1ea7n T\u1eadt b\u1ea1n s\u1ebd nh\u1eadn \u0111\u01b0\u1ee3c\u00a0<span style=\"color: #ff0000;\"><strong>voucher mua h\u00e0ng 20k<\/strong><\/span>\u00a0(\u00c1p d\u1ee5ng cho h\u00f3a \u0111\u01a1n tr\u00ean 100.000\u0111) v\u00e0 r\u1ea5t nhi\u1ec1u \u01b0u \u0111\u00e3i h\u1ea5p d\u1eabn kh\u00e1c \u0111ang ch\u1edd \u0111\u00f3n b\u1ea1n.<\/p>\n<p>Khu du l\u1ecbch c\u00e1p treo \u0110\u1ed3i Robin n\u1eb1m t\u1ea1i S\u1ed1 1 \u0110\u01b0\u1eddng \u0110\u1ed1ng \u0110a, ph\u01b0\u1eddng 3, \u0110\u00e0 L\u1ea1t. Ngay \u0111\u1ea7u \u0111\u00e8o Prenn con \u0111\u01b0\u1eddng c\u1eeda ng\u00f5 v\u00e0o th\u00e0nh ph\u1ed1 \u0110\u00e0 L\u1ea1t.<\/p>\n<p><img decoding=\"async\" class=\"alignnone size-full wp-image-32099\" src=\"http:\/\/localhost\/wordpress\/wp-content\/uploads\/2023\/08\/320749723_1495370804285157_6730558416693290081_n.jpg\" alt=\"c\u00e1p treo \u0111\u1ed3i robin\" width=\"2048\" height=\"1365\" \/><\/p>\n<p>\u0110\u01b0\u1ee3c x\u00e2y d\u1ef1ng tr\u00ean \u0111\u1ed3i Robin n\u1eb1m tr\u00ean \u0111\u00e8o Prenn th\u01a1 m\u1ed9ng c\u1ee7a th\u00e0nh ph\u1ed1 \u0110\u00e0 L\u1ea1t, khu du l\u1ecbch c\u00e1p treo \u0110\u1ed3i Robin c\u00f3 t\u1ea7m nh\u00ecn tho\u00e1ng, gi\u00fap b\u1ea1n c\u00f3 th\u1ec3 ph\u00f3ng t\u1ea7m m\u1eaft ra xa v\u00e0 thu tr\u1ecdn v\u1ebb \u0111\u1eb9p c\u1ea3 th\u00e0nh ph\u1ed1.<\/p>\n<p><img decoding=\"async\" class=\"aligncenter wp-image-32100 size-full\" src=\"https:\/\/dalatreview.vn\/wp-content\/uploads\/2023\/08\/323162339_1647660212326150_3848301099638868264_n.jpg\" alt=\"th\u00f4ng tin c\u00e1p treo \u0111\u1ed3i robin\" width=\"2048\" height=\"1365\" \/><\/p>\n<p>H\u1ec7 th\u1ed1ng c\u00e1p treo n\u00e0y \u0111\u01b0\u1ee3c x\u00e2y d\u1ef1ng v\u00e0o n\u0103m 2002 v\u1edbi l\u1ed9 tr\u00ecnh k\u00e9o d\u00e0i 12 ph\u00fat t\u1eeb \u0111\u1ed3i Robin \u0111\u1ebfn Thi\u1ec1n vi\u1ec7n Tr\u00fac L\u00e2m.\u00a0C\u00e1p treo n\u00e0y c\u00f3 t\u1ed5ng chi\u1ec1u d\u00e0i l\u00e0 2.267m g\u1ed3m 10 tr\u1ee5 \u0111\u1ee1 v\u1edbi t\u1ed1c \u0111\u1ed9 di chuy\u1ec3n c\u1ee7a m\u1ed7i cabin l\u00e0 5m\/s tr\u00ean \u0111\u1ed9 cao 1.517m so v\u1edbi m\u1ef1c n\u01b0\u1edbc bi\u1ec3n.<\/p>\n<h2 id=\"2-trai-nghiem-di-cap-treo-doi-robin\"><span style=\"color: #003300;\"><strong>2. Tr\u1ea3i nghi\u1ec7m \u0111i c\u00e1p treo \u0110\u1ed3i Robin<\/strong><\/span><\/h2>\n<p>Khi \u0111i tr\u00ean c\u00e1p treo \u0110\u00e0 L\u1ea1t, b\u1ea1n s\u1ebd \u0111\u01b0\u1ee3c chi\u00eam ng\u01b0\u1ee1ng b\u1ee9c tranh thi\u00ean nhi\u00ean v\u1edbi m\u1ea3ng m\u00e0u r\u1ea5t kh\u00e1c c\u1ee7a m\u1ed9t v\u00f9ng ph\u1ed1 n\u00fai.\u00a0C\u1ea3m gi\u00e1c ng\u1ed3i trong cabin v\u1edbi b\u1ed1n m\u1eb7t k\u00ednh, xung quanh l\u00fac n\u00e0y l\u00e0 m\u1ed9t m\u00e0u xanh th\u1eb3m c\u1ee7a r\u1eebng th\u00f4ng b\u1ea1t ng\u00e0n. Ph\u00f3ng t\u1ea7m m\u1eaft\u00a0 ra ph\u00eda xa l\u00e0 tr\u00f9ng \u0111i\u1ec7p n\u00fai \u0111\u1ed3i tho\u1eaft \u1ea9n tho\u1eaft hi\u1ec7n gi\u1eefa nh\u1eefng \u0111\u00e1m m\u00e2y tr\u1eafng b\u1ed3ng b\u1ec1nh.<\/p>\n<p><img decoding=\"async\" class=\"aligncenter wp-image-32101 size-full\" src=\"https:\/\/dalatreview.vn\/wp-content\/uploads\/2023\/08\/354469999_280842824462473_6830489949165145165_n.jpg\" alt=\"tr\u1ea3i nghi\u1ec7m \u0111i c\u00e1p treo \u0111\u1ed3i robin\" width=\"2048\" height=\"1365\" \/><\/p>\n<p>Ngo\u00e0i ra, tr\u00ean \u0111o\u1ea1n \u0111\u01b0\u1eddng c\u00e1p treo \u0111i qua b\u1ea1n c\u00f2n c\u00f3 th\u1ec3 th\u1ea5y \u0111\u01b0\u1ee3c khu nh\u00e0 v\u00f2m tr\u1ed3ng rau, nh\u1eefng m\u00e1i nh\u00e0 nh\u1ecf nh\u1ea5p nh\u00f4 hay v\u00e0i ba c\u0103n bi\u1ec7t th\u1ef1 c\u1ed5 k\u00ednh th\u1eddi k\u1ef3 Ph\u00e1p n\u1ed5i b\u1eadt trong m\u00e0n s\u01b0\u01a1ng.<\/p>\n<p><img decoding=\"async\" class=\"aligncenter wp-image-32102 size-full\" src=\"https:\/\/dalatreview.vn\/wp-content\/uploads\/2023\/08\/301541644_942220710035537_4726696064347691008_n.jpg\" alt=\"c\u00e1p treo \u0111\u1ed3i robin\" width=\"1536\" height=\"2048\" \/><\/p>\n<p>\u0110i\u0309nh \u0111\u00f4\u0300i Robin s\u1ebd chi\u0301nh la\u0300 vi\u0323 tri\u0301 \u201cva\u0300ng\u201d \u0111\u00ea\u0309 b\u1ea1n c\u00f3 th\u1ec3 cho ra t\u00e2\u0301m a\u0309nh \u0111\u0103\u0301t gia\u0301 cu\u0300ng v\u01a1\u0301i m\u00e2y tr\u01a1\u0300i, a\u0301nh bi\u0300nh minh s\u01a1\u0301m cu\u0309a tha\u0300nh ph\u00f4\u0301. H\u00ecnh \u1ea3nh nh\u1eefng \u0111\u00e1m m\u00e2y b\u00f4\u0300ng b\u00ea\u0300nh tr\u00f4i, n\u00f4 \u0111u\u0300a cu\u0300ng nhau va\u0300o sa\u0301ng s\u01a1\u0301m \u0111e\u0323p t\u01b0\u0323a tranh ve\u0303.<\/p>\n<p><img decoding=\"async\" class=\"aligncenter wp-image-32103 size-full\" src=\"https:\/\/dalatreview.vn\/wp-content\/uploads\/2023\/08\/349144792_1367261467462296_2329976168144427882_n.jpg\" alt=\"c\u00e1p treo \u0111\u1ed3i robin\" width=\"2048\" height=\"1365\" \/><\/p>\n<p>Ngo\u00e0i vi\u1ec7c ng\u1eafm nh\u00ecn tr\u1ecdn v\u1eb9n \u0111\u1eb9p c\u1ee7a th\u00e0nh ph\u1ed1, b\u1ea1n s\u1ebd \u0111\u01b0\u1ee3c \u0111i tham quan th\u00eam r\u1ea5t nhi\u1ec1u \u0111\u1ecba \u0111i\u1ec3m n\u1ed5i ti\u1ebfng kh\u00e1c nh\u01b0: Thi\u1ec1n Vi\u1ec7n Tr\u00fac L\u00e2m, C\u1ed5ng tr\u1eddi Bali, H\u1ed3 Tuy\u1ec1n L\u00e2m,&#8230;.<\/p>\n<h2 id=\"3-thong-tin-dat-ve-cap-treo-doi-robin\"><span style=\"color: #003300;\"><strong>3. Th\u00f4ng tin \u0111\u1eb7t v\u00e9 c\u00e1p treo \u0110\u1ed3i Robin\u00a0<\/strong><\/span><\/h2>\n<p dir=\"ltr\">\u0110\u1ec3 ti\u1ebft ki\u1ec7m th\u1eddi gian \u0111\u1eb7t v\u00e9 b\u1ea1n h\u00e3y t\u1ea3i ngay \u1ee9ng d\u1ee5ng sau \u0111\u00e2y:<span style=\"color: #993300;\">\u00a0<strong><a style=\"color: #993300;\" href=\"https:\/\/share.abphotos.link\/dePd\" target=\"_blank\" rel=\"noopener\">\u0110\u00e0 L\u1ea1t Review T\u1ea5t T\u1ea7n T\u1eadt<\/a><\/strong><\/span><\/p>\n<p>Ngo\u00e0i ra, qu\u00fd kh\u00e1ch c\u00f3 th\u1ec3 chat tr\u1ef1c ti\u1ebfp tr\u00ean App\/Website \u0111\u1ec3 nh\u00e2n vi\u00ean c\u1ee7a ch\u00fang t\u00f4i t\u01b0 v\u1ea5n th\u00eam v\u1ec1 s\u1ea3n ph\u1ea9m v\u00e0 d\u1ecbch v\u1ee5, ho\u1eb7c li\u00ean h\u1ec7<\/p>\n<p><span style=\"color: #ff0000;\"><strong>Hotline:<\/strong><\/span>\u00a00983 249 297<\/p>","protected":false},"excerpt":{"rendered":"<p>Danh m\u1ee5c ch\u00ednh V\u00e9 c\u00e1p treo \u0110\u1ed3i Robin 1. Th\u00f4ng tin c\u00e1p treo \u0110\u1ed3i Robin 2. Tr\u1ea3i nghi\u1ec7m \u0111i c\u00e1p treo \u0110\u1ed3i Robin 3. Th\u00f4ng tin \u0111\u1eb7t v\u00e9 c\u00e1p treo \u0110\u1ed3i Robin\u00a0 V\u00e9 c\u00e1p treo \u0110\u1ed3i Robin Ng\u1eafm nh\u00ecn tr\u1ecdn v\u1ebb \u0111\u1eb9p c\u1ee7a \u0110\u00e0 L\u1ea1t t\u1eeb tr\u00ean cao s\u1ebd mang \u0111\u1ebfn cho b\u1ea1n c\u00e1i nh\u00ecn [&hellip;]<\/p>","protected":false},"featured_media":32104,"comment_status":"open","ping_status":"closed","template":"","meta":{"_acf_changed":false,"rank_math_lock_modified_date":false},"product_cat":[1187],"product_tag":[],"acf":[],"_links":{"self":[{"href":"https:\/\/dalatreview.vn\/en\/wp-json\/wp\/v2\/product\/32029"}],"collection":[{"href":"https:\/\/dalatreview.vn\/en\/wp-json\/wp\/v2\/product"}],"about":[{"href":"https:\/\/dalatreview.vn\/en\/wp-json\/wp\/v2\/types\/product"}],"replies":[{"embeddable":true,"href":"https:\/\/dalatreview.vn\/en\/wp-json\/wp\/v2\/comments?post=32029"}],"wp:featuredmedia":[{"embeddable":true,"href":"https:\/\/dalatreview.vn\/en\/wp-json\/wp\/v2\/media\/32104"}],"wp:attachment":[{"href":"https:\/\/dalatreview.vn\/en\/wp-json\/wp\/v2\/media?parent=32029"}],"wp:term":[{"taxonomy":"product_cat","embeddable":true,"href":"https:\/\/dalatreview.vn\/en\/wp-json\/wp\/v2\/product_cat?post=32029"},{"taxonomy":"product_tag","embeddable":true,"href":"https:\/\/dalatreview.vn\/en\/wp-json\/wp\/v2\/product_tag?post=32029"}],"curies":[{"name":"wp","href":"https:\/\/api.w.org\/{rel}","templated":true}]}}