
{"id":32026,"date":"2023-08-26T14:06:37","date_gmt":"2023-08-26T07:06:37","guid":{"rendered":"https:\/\/dalatreview.vn\/?p=32026"},"modified":"2026-04-12T19:14:26","modified_gmt":"2026-04-12T12:14:26","slug":"ve-xe-truot-thac-datanla-1","status":"publish","type":"product","link":"https:\/\/dalatreview.vn\/en\/ve-xe-truot-thac-datanla-1.html","title":{"rendered":"V\u00e9 xe tr\u01b0\u1ee3t th\u00e1c Datanla 1"},"content":{"rendered":"<nav class=\"vietrick-auto-toc\">\n<div class=\"box-title\">\n<h3 class=\"toc-title\" id=\"select-menu\">Danh m\u1ee5c ch\u00ednh<\/h3>\n<div><ion-icon name=\"chevron-up-outline\"><\/ion-icon><\/div>\n<\/div>\n<ul class=\"toc-list\">\n<li><a href='https:\/\/dalatreview.vn\/en#ve-xe-truot-thac-datanla-1' class='heading-h2 toc-link smooth-scroll'>V\u00e9 xe tr\u01b0\u1ee3t th\u00e1c Datanla 1<\/a>\n<li><a href='https:\/\/dalatreview.vn\/en#1-gioi-thieu-thac-datanla' class='heading-h2 toc-link smooth-scroll'>1. Gi\u1edbi thi\u1ec7u th\u00e1c Datanla<\/a>\n<li><a href='https:\/\/dalatreview.vn\/en#2-ve-xe-truot-thac-datanla-1' class='heading-h2 toc-link smooth-scroll'>2. V\u00e9 xe tr\u01b0\u1ee3t th\u00e1c Datanla 1<\/a>\n<li><a href='https:\/\/dalatreview.vn\/en#3-thong-tin-dat-ve-xe-truot-thac-datanla-1' class='heading-h2 toc-link smooth-scroll'>3. Th\u00f4ng tin \u0111\u1eb7t v\u00e9 xe tr\u01b0\u1ee3t th\u00e1c Datanla 1\u00a0<\/a><\/ul>\n<\/ul>\n<\/li>\n<\/ul>\n<\/nav>\n<h2 style=\"text-align: center;\" id=\"ve-xe-truot-thac-datanla-1\"><span style=\"color: #003300;\"><strong>V\u00e9 xe tr\u01b0\u1ee3t th\u00e1c Datanla 1<\/strong><\/span><\/h2>\n<p>\u0110\u1ebfn v\u1edbi th\u00e1c Datanla b\u1ea1n s\u1ebd \u0111\u01b0\u1ee3c t\u1eadn m\u1eaft chi\u00eam ng\u01b0\u1ee1ng v\u1ebb \u0111\u1eb9p hoang s\u01a1 th\u01a1 m\u1ed9ng c\u1ee7a \u0111\u1ea1i ng\u00e0n T\u00e2y Nguy\u00ean v\u1edbi nh\u1eefng d\u00f2ng su\u1ed1i trong veo c\u00f9ng v\u1edbi \u00e1nh n\u1eafng chi\u1ebfu qua nh\u1eefng t\u00e1n r\u1eebng th\u00f4ng b\u1ea1t ng\u00e0n c\u1ea3m nh\u1eadn ti\u1ebfng chim h\u00f3t, ti\u1ebfng th\u00e1c \u0111\u1ed5 r\u00f3c r\u00e1ch t\u1ea1o n\u00ean m\u1ed9t khung c\u1ea3nh b\u00ecnh y\u00ean.<\/p>\n<p><img decoding=\"async\" class=\"aligncenter wp-image-32051 size-full\" src=\"https:\/\/dalatreview.vn\/wp-content\/uploads\/2023\/08\/355867431_285374750675947_4659488266278036783_n.jpg\" alt=\"xe tr\u01b0\u1ee3t th\u00e1c datanla 1\" width=\"2048\" height=\"1364\" \/><\/p>\n<p>C\u00f3 c\u01a1 h\u1ed9i du l\u1ecbch Th\u00e1c Dalanta \u0110\u00e0 L\u1ea1t, b\u1ea1n s\u1ebd kh\u00f3 l\u00f2ng \u201cng\u00f3 ng\u01a1\u201d tr\u01b0\u1edbc nh\u1eefng tr\u1ea3i nghi\u1ec7m th\u00e1ch th\u1ee9c \u0111\u1ed9 d\u1ebbo dai v\u00e0 l\u00f2ng d\u0169ng c\u1ea3m c\u1ee7a nh\u1eefng tr\u00f2 ch\u01a1i m\u1ea1o hi\u1ec3m nh\u01b0: \u0111i xe tr\u01b0\u1ee3t v\u01b0\u1ee3t \u0111\u1ecba h\u00ecnh, \u0111u d\u00e2y zipline hay canyoning v\u01b0\u1ee3t th\u00e1c, zipline 1000m xuy\u00ean r\u1eebng,&#8230;.<\/p>\n<h2 id=\"1-gioi-thieu-thac-datanla\">1. Gi\u1edbi thi\u1ec7u th\u00e1c Datanla<\/h2>\n<p>Nh\u1eb1m ti\u1ebft ki\u1ec7m th\u1eddi gian, gi\u1ea3m thi\u1ec3u chi ph\u00ed du l\u1ecbch v\u00e0 \u0111\u01b0\u1ee3c tho\u1ea3i m\u00e1i tr\u1ea3i nghi\u1ec7m c\u00e1c d\u1ecbch v\u1ee5 b\u1ea1n c\u00f3 th\u1ec3 t\u1ea3i app v\u00e0 book v\u00e9 qua\u00a0<span style=\"color: #ff0000;\"><strong><a style=\"color: #ff0000;\" href=\"https:\/\/dalatreview.com\/xe-truot-thac-dantala.1\" target=\"_blank\" rel=\"noopener\">\u1ee8ng d\u1ee5ng \u0110\u00e0 L\u1ea1t Review T\u1ea5t T\u1ea7n T\u1eadt<\/a><\/strong><\/span>\u00a0tr\u00ean Mobile<\/p>\n<p>Khi t\u1ea3i \u1ee9ng d\u1ee5ng \u0110\u00e0 L\u1ea1t Review T\u1ea5t T\u1ea7n T\u1eadt b\u1ea1n s\u1ebd nh\u1eadn \u0111\u01b0\u1ee3c\u00a0<span style=\"color: #ff0000;\"><strong>voucher mua h\u00e0ng 20k<\/strong><\/span>\u00a0(\u00c1p d\u1ee5ng cho h\u00f3a \u0111\u01a1n tr\u00ean 100.000\u0111) v\u00e0 r\u1ea5t nhi\u1ec1u \u01b0u \u0111\u00e3i h\u1ea5p d\u1eabn kh\u00e1c \u0111ang ch\u1edd \u0111\u00f3n b\u1ea1n.<\/p>\n<p>Th\u00e1c Datanla t\u1ecda l\u1ea1c gi\u1eefa \u0111\u00e8o Prenn n\u1eb1m tr\u00ean \u0111\u01b0\u1eddng qu\u1ed1c l\u1ed9 21 c\u00e1ch trung t\u00e2m th\u00e0nh ph\u1ed1 \u0110\u00e0 L\u1ea1t 5km di chuy\u1ec3n, \u0111\u00e2y l\u00e0 m\u1ed9t trong nh\u1eefng cung \u0111\u01b0\u1eddng \u0111\u00e8o th\u01a1 m\u1ed9ng v\u1edbi nh\u1eefng c\u00e1nh r\u1eebng th\u00f4ng xanh th\u1eb3m.<\/p>\n<p><img decoding=\"async\" class=\"aligncenter wp-image-32052 size-full\" src=\"https:\/\/dalatreview.vn\/wp-content\/uploads\/2023\/08\/257604557_591892751771876_5035313293758092235_n.jpg\" alt=\"tr\u1ea3i nghi\u1ec7m xe tr\u01b0\u1ee3t th\u00e1c 1 dattanla\" width=\"2048\" height=\"1363\" \/><\/p>\n<p>\u0110\u1ecba \u0111i\u1ec3m n\u00e0y\u00a0\u0111\u01b0\u1ee3c m\u1ec7nh danh l\u00e0 thi\u00ean \u0111\u01b0\u1eddng c\u1ea3m gi\u00e1c m\u1ea1nh v\u1edbi nh\u1eefng tr\u00f2 ch\u01a1i m\u1ea1o hi\u1ec3m nh\u01b0ng lu\u00f4n \u0111\u01b0\u1ee3c b\u1ea3o \u0111\u1ea3m s\u1ef1 an to\u00e0n tuy\u1ec7t \u0111\u1ed1i cho b\u1ea1n.<\/p>\n<p><img decoding=\"async\" class=\"aligncenter wp-image-32054 size-full\" src=\"https:\/\/dalatreview.vn\/wp-content\/uploads\/2023\/08\/301577042_158315073537673_9120698799952344942_n.jpg\" alt=\"xe tr\u01b0\u1ee3t th\u00e1c datanla 1\" width=\"2048\" height=\"1365\" \/><\/p>\n<p>\u0110\u1ebfn v\u1edbi th\u00e1c Datanla b\u1ea1n s\u1ebd \u0111\u01b0\u1ee3c t\u1eadn m\u1eaft chi\u00eam ng\u01b0\u1ee1ng v\u1ebb \u0111\u1eb9p hoang s\u01a1 th\u01a1 m\u1ed9ng c\u1ee7a \u0111\u1ea1i ng\u00e0n T\u00e2y Nguy\u00ean v\u1edbi nh\u1eefng d\u00f2ng su\u1ed1i trong veo c\u00f9ng v\u1edbi \u00e1nh n\u1eafng chi\u1ebfu qua nh\u1eefng t\u00e1n r\u1eebng th\u00f4ng b\u1ea1t ng\u00e0n c\u1ea3m nh\u1eadn ti\u1ebfng chim h\u00f3t, ti\u1ebfng th\u00e1c \u0111\u1ed5 r\u00f3c r\u00e1ch t\u1ea1o n\u00ean m\u1ed9t khung c\u1ea3nh b\u00ecnh y\u00ean.<\/p>\n<p><img decoding=\"async\" class=\"aligncenter wp-image-32055 size-full\" src=\"https:\/\/dalatreview.vn\/wp-content\/uploads\/2023\/08\/370045249_812482497336605_2650568449366730348_n.jpg\" alt=\"xe tr\u01b0\u1ee3t th\u00e1c datanla 1\" width=\"2048\" height=\"1365\" \/><\/p>\n<p>C\u00f3 c\u01a1 h\u1ed9i du l\u1ecbch Th\u00e1c Dalanta \u0110\u00e0 L\u1ea1t, b\u1ea1n s\u1ebd kh\u00f3 l\u00f2ng \u201cng\u00f3 ng\u01a1\u201d tr\u01b0\u1edbc nh\u1eefng tr\u1ea3i nghi\u1ec7m th\u00e1ch th\u1ee9c \u0111\u1ed9 d\u1ebbo dai v\u00e0 l\u00f2ng d\u0169ng c\u1ea3m c\u1ee7a nh\u1eefng tr\u00f2 ch\u01a1i m\u1ea1o hi\u1ec3m t\u1ea1i \u0111\u00e2y.<\/p>\n<h2 id=\"2-ve-xe-truot-thac-datanla-1\"><strong>2. V\u00e9 xe tr\u01b0\u1ee3t th\u00e1c Datanla 1<\/strong><\/h2>\n<p>V\u1edbi chi\u1ec1u d\u00e0i h\u01a1n 1000m, xe tr\u01b0\u1ee3t th\u00e1c 1 s\u1ebd \u0111\u01b0a b\u1ea1n d\u1eebng ch\u00e2n ngay t\u1ea1i Th\u00e1c 1 \u2013 ng\u1ecdn th\u00e1c \u0111\u1eb9p b\u1eadc nh\u1ea5t t\u1ea1i Datanla.<\/p>\n<p><img decoding=\"async\" class=\"aligncenter wp-image-32053 size-full\" src=\"https:\/\/dalatreview.vn\/wp-content\/uploads\/2023\/08\/366975975_808235944427927_1245956980052510567_n.jpg\" alt=\"vi vu tr\u00ean xe tr\u01b0\u1ee3t th\u00e1c 1\" width=\"2048\" height=\"1365\" \/><\/p>\n<p>Ng\u1ed3i tr\u00ean xe tr\u01b0\u1ee3t 1, b\u1ea1n s\u1ebd \u0111\u01b0\u1ee3c vi vu tr\u00ean kh\u00f4ng v\u00e0 ng\u1eafm nh\u00ecn tr\u1ecdn khung c\u1ea3nh n\u00fai r\u1eebng, ch\u1ee5p h\u00ecnh l\u01b0u ni\u1ec7m, h\u00f2a m\u00ecnh v\u00e0o kh\u00f4ng kh\u00ed trong l\u00e0nh, m\u00e1t m\u1ebb nh\u01b0 \u0111ang s\u1ed1ng gi\u1eefa thi\u00ean nhi\u00ean.<\/p>\n<p><img decoding=\"async\" class=\"aligncenter wp-image-32056 size-full\" src=\"https:\/\/dalatreview.vn\/wp-content\/uploads\/2023\/08\/368244742_318472254032863_2070680155033129173_n.jpg\" alt=\"xe tr\u01b0\u1ee3t th\u00e1c datanla 1 \" width=\"2048\" height=\"1366\" \/><\/p>\n<p>Ng\u1ed3i tr\u00ean xe tr\u01b0\u1ee3t 1, b\u1ea1n s\u1ebd \u0111\u01b0\u1ee3c vi vu tr\u00ean kh\u00f4ng ng\u1eafm nh\u00ecn khung c\u1ea3nh n\u00fai r\u1eebng, ch\u1ee5p h\u00ecnh l\u01b0u ni\u1ec7m, h\u00f2a m\u00ecnh v\u00e0o kh\u00f4ng kh\u00ed trong l\u00e0nh, m\u00e1t m\u1ebb nh\u01b0 \u0111ang s\u1ed1ng gi\u1eefa thi\u00ean nhi\u00ean. Xe tr\u01b0\u1ee3t th\u00e1c 1 th\u1eadt s\u1ef1 d\u00e0nh cho nh\u1eefng ai m\u00ea t\u1ed1c \u0111\u1ed9 v\u00e0 mu\u1ed1n tr\u1ea3i nghi\u1ec7m c\u1ea3m gi\u00e1c m\u1ea1nh tr\u00ean cao, t\u1ea1o c\u1ea3m gi\u00e1c s\u1ea3ng kho\u00e1i v\u00e0 t\u01b0\u01a1i m\u1edbi, mang l\u1ea1i cho b\u1ea1n ngu\u1ed3n n\u0103ng l\u01b0\u1ee3ng t\u00edch c\u1ef1c cho nh\u1eefng tu\u1ea7n l\u00e0m vi\u1ec7c hi\u1ec7u qu\u1ea3.<\/p>\n<h2 id=\"3-thong-tin-dat-ve-xe-truot-thac-datanla-1\"><span style=\"color: #003300;\"><strong>3. Th\u00f4ng tin \u0111\u1eb7t v\u00e9 xe tr\u01b0\u1ee3t th\u00e1c Datanla 1\u00a0<\/strong><\/span><\/h2>\n<p dir=\"ltr\">\u0110\u1ec3 ti\u1ebft ki\u1ec7m th\u1eddi gian \u0111\u1eb7t v\u00e9 b\u1ea1n h\u00e3y t\u1ea3i ngay \u1ee9ng d\u1ee5ng sau \u0111\u00e2y:<span style=\"color: #993300;\">\u00a0<strong><a style=\"color: #993300;\" href=\"https:\/\/share.abphotos.link\/dePd\" target=\"_blank\" rel=\"noopener\">\u0110\u00e0 L\u1ea1t Review T\u1ea5t T\u1ea7n T\u1eadt<\/a><\/strong><\/span><\/p>\n<p>Ngo\u00e0i ra, qu\u00fd kh\u00e1ch c\u00f3 th\u1ec3 chat tr\u1ef1c ti\u1ebfp tr\u00ean App\/Website \u0111\u1ec3 nh\u00e2n vi\u00ean c\u1ee7a ch\u00fang t\u00f4i t\u01b0 v\u1ea5n th\u00eam v\u1ec1 s\u1ea3n ph\u1ea9m v\u00e0 d\u1ecbch v\u1ee5, ho\u1eb7c li\u00ean h\u1ec7<\/p>\n<p><span style=\"color: #ff0000;\"><strong>Hotline:<\/strong><\/span>\u00a00983 249 297<\/p>","protected":false},"excerpt":{"rendered":"<p>Danh m\u1ee5c ch\u00ednh V\u00e9 xe tr\u01b0\u1ee3t th\u00e1c Datanla 1 1. Gi\u1edbi thi\u1ec7u th\u00e1c Datanla 2. V\u00e9 xe tr\u01b0\u1ee3t th\u00e1c Datanla 1 3. Th\u00f4ng tin \u0111\u1eb7t v\u00e9 xe tr\u01b0\u1ee3t th\u00e1c Datanla 1\u00a0 V\u00e9 xe tr\u01b0\u1ee3t th\u00e1c Datanla 1 \u0110\u1ebfn v\u1edbi th\u00e1c Datanla b\u1ea1n s\u1ebd \u0111\u01b0\u1ee3c t\u1eadn m\u1eaft chi\u00eam ng\u01b0\u1ee1ng v\u1ebb \u0111\u1eb9p hoang s\u01a1 th\u01a1 m\u1ed9ng c\u1ee7a [&hellip;]<\/p>","protected":false},"featured_media":32074,"comment_status":"open","ping_status":"closed","template":"","meta":{"_acf_changed":false,"rank_math_lock_modified_date":false},"product_cat":[1187],"product_tag":[],"acf":[],"_links":{"self":[{"href":"https:\/\/dalatreview.vn\/en\/wp-json\/wp\/v2\/product\/32026"}],"collection":[{"href":"https:\/\/dalatreview.vn\/en\/wp-json\/wp\/v2\/product"}],"about":[{"href":"https:\/\/dalatreview.vn\/en\/wp-json\/wp\/v2\/types\/product"}],"replies":[{"embeddable":true,"href":"https:\/\/dalatreview.vn\/en\/wp-json\/wp\/v2\/comments?post=32026"}],"wp:featuredmedia":[{"embeddable":true,"href":"https:\/\/dalatreview.vn\/en\/wp-json\/wp\/v2\/media\/32074"}],"wp:attachment":[{"href":"https:\/\/dalatreview.vn\/en\/wp-json\/wp\/v2\/media?parent=32026"}],"wp:term":[{"taxonomy":"product_cat","embeddable":true,"href":"https:\/\/dalatreview.vn\/en\/wp-json\/wp\/v2\/product_cat?post=32026"},{"taxonomy":"product_tag","embeddable":true,"href":"https:\/\/dalatreview.vn\/en\/wp-json\/wp\/v2\/product_tag?post=32026"}],"curies":[{"name":"wp","href":"https:\/\/api.w.org\/{rel}","templated":true}]}}