
{"id":32023,"date":"2023-08-26T14:19:39","date_gmt":"2023-08-26T07:19:39","guid":{"rendered":"https:\/\/dalatreview.vn\/?p=32023"},"modified":"2024-07-03T04:53:54","modified_gmt":"2024-07-03T04:53:54","slug":"ve-xe-truot-thac-datanla-3","status":"publish","type":"product","link":"https:\/\/dalatreview.vn\/en\/ve-xe-truot-thac-datanla-3.html","title":{"rendered":"V\u00e9 xe tr\u01b0\u1ee3t th\u00e1c Datanla 3"},"content":{"rendered":"<nav class=\"vietrick-auto-toc\">\n<div class=\"box-title\">\n<h3 class=\"toc-title\" id=\"select-menu\">Danh m\u1ee5c ch\u00ednh<\/h3>\n<div><ion-icon name=\"chevron-up-outline\"><\/ion-icon><\/div>\n<\/div>\n<ul class=\"toc-list\">\n<li><a href='https:\/\/dalatreview.vn\/en#ve-xe-truot-thac-datanla-3' class='heading-h2 toc-link smooth-scroll'>V\u00e9 xe tr\u01b0\u1ee3t th\u00e1c Datanla 3<\/a>\n<li><a href='https:\/\/dalatreview.vn\/en#1-gioi-thieu-thac-datanla' class='heading-h2 toc-link smooth-scroll'>1. Gi\u1edbi thi\u1ec7u th\u00e1c Datanla\u00a0<\/a>\n<li><a href='https:\/\/dalatreview.vn\/en#2-ve-xe-truot-thac-datanla-3' class='heading-h2 toc-link smooth-scroll'>2. V\u00e9 xe tr\u01b0\u1ee3t th\u00e1c Datanla 3<\/a>\n<li><a href='https:\/\/dalatreview.vn\/en#3-thong-tin-dat-ve-xe-truot-thac-datanla-3' class='heading-h2 toc-link smooth-scroll'>3. Th\u00f4ng tin \u0111\u1eb7t v\u00e9 xe tr\u01b0\u1ee3t th\u00e1c Datanla 3\u00a0<\/a><\/ul>\n<\/ul>\n<\/li>\n<\/ul>\n<\/nav>\n<h2 style=\"text-align: center;\" id=\"ve-xe-truot-thac-datanla-3\"><span style=\"color: #003300;\"><strong>V\u00e9 xe tr\u01b0\u1ee3t th\u00e1c Datanla 3<\/strong><\/span><\/h2>\n<p>\u0110\u00e0 L\u1ea1t l\u00e0 n\u01a1i c\u00f3 \u0111\u1ecba h\u00ecnh \u0111\u1ed3i n\u00fai kh\u00e1 \u0111a d\u1ea1ng, v\u1eady n\u00ean n\u01a1i \u0111\u00e2y r\u1ea5t ph\u00f9 h\u1ee3p cho c\u00e1c ho\u1ea1t \u0111\u1ed9ng tr\u1ea3i nghi\u1ec7m m\u1ea1o hi\u1ec3m, c\u00e1c tr\u00f2 ch\u01a1i c\u1ea3m gi\u00e1c m\u1ea1nh nh\u01b0 xe tr\u01b0\u1ee3t th\u00e1c, v\u01b0\u1ee3t th\u00e1c, \u0111u d\u00e2y, trekking\u2026 lu\u00f4n l\u00e0 nh\u1eefng tr\u00f2 ch\u01a1i thu h\u00fat du kh\u00e1ch \u0111\u1ebfn tr\u1ea3i nghi\u1ec7m.<\/p>\n<p><img decoding=\"async\" class=\"aligncenter wp-image-32076 size-full\" src=\"https:\/\/dalatreview.vn\/wp-content\/uploads\/2023\/08\/337421866_883817802699368_8576422488988366301_n.jpg\" alt=\"xe tr\u01b0\u1ee3t th\u00e1c 3\" width=\"2048\" height=\"1536\" \/><\/p>\n<h2 id=\"1-gioi-thieu-thac-datanla\"><span style=\"color: #003300;\"><strong>1. Gi\u1edbi thi\u1ec7u th\u00e1c Datanla\u00a0<\/strong><\/span><\/h2>\n<p>Nh\u1eb1m ti\u1ebft ki\u1ec7m th\u1eddi gian, gi\u1ea3m thi\u1ec3u chi ph\u00ed du l\u1ecbch v\u00e0 \u0111\u01b0\u1ee3c tho\u1ea3i m\u00e1i tr\u1ea3i nghi\u1ec7m c\u00e1c d\u1ecbch v\u1ee5 b\u1ea1n c\u00f3 th\u1ec3 t\u1ea3i app v\u00e0 book v\u00e9 qua\u00a0<span style=\"color: #ff0000;\"><strong><a style=\"color: #ff0000;\" href=\"https:\/\/dalatreview.com\/xe-truot-thac-dantala.3\" target=\"_blank\" rel=\"noopener\">\u1ee8ng d\u1ee5ng \u0110\u00e0 L\u1ea1t Review T\u1ea5t T\u1ea7n T\u1eadt<\/a><\/strong>\u00a0<\/span>tr\u00ean Mobile<\/p>\n<p>Khi t\u1ea3i \u1ee9ng d\u1ee5ng \u0110\u00e0 L\u1ea1t Review T\u1ea5t T\u1ea7n T\u1eadt b\u1ea1n s\u1ebd nh\u1eadn \u0111\u01b0\u1ee3c\u00a0<span style=\"color: #ff0000;\"><strong>voucher mua h\u00e0ng 20k<\/strong><\/span>\u00a0(\u00c1p d\u1ee5ng cho h\u00f3a \u0111\u01a1n tr\u00ean 100.000\u0111) v\u00e0 r\u1ea5t nhi\u1ec1u \u01b0u \u0111\u00e3i h\u1ea5p d\u1eabn kh\u00e1c \u0111ang ch\u1edd \u0111\u00f3n b\u1ea1n.<\/p>\n<p>Th\u00e1c Datanla t\u1ecda l\u1ea1c gi\u1eefa \u0111\u00e8o Prenn n\u1eb1m tr\u00ean \u0111\u01b0\u1eddng qu\u1ed1c l\u1ed9 21 c\u00e1ch trung t\u00e2m th\u00e0nh ph\u1ed1 \u0110\u00e0 L\u1ea1t 5km di chuy\u1ec3n, \u0111\u00e2y l\u00e0 m\u1ed9t trong nh\u1eefng cung \u0111\u01b0\u1eddng \u0111\u00e8o th\u01a1 m\u1ed9ng v\u1edbi nh\u1eefng c\u00e1nh r\u1eebng th\u00f4ng xanh th\u1eb3m.<\/p>\n<p><img decoding=\"async\" class=\"aligncenter wp-image-32077 size-full\" src=\"https:\/\/dalatreview.vn\/wp-content\/uploads\/2023\/08\/321855586_877479076771853_4525474831747734099_n.jpg\" alt=\"xe tr\u01b0\u1ee3t th\u00e1c 3\" width=\"2048\" height=\"1364\" \/><\/p>\n<p>\u0110\u1ecba \u0111i\u1ec3m n\u00e0y\u00a0\u0111\u01b0\u1ee3c m\u1ec7nh danh l\u00e0 thi\u00ean \u0111\u01b0\u1eddng c\u1ea3m gi\u00e1c m\u1ea1nh v\u1edbi nh\u1eefng tr\u00f2 ch\u01a1i m\u1ea1o hi\u1ec3m nh\u01b0ng lu\u00f4n \u0111\u01b0\u1ee3c b\u1ea3o \u0111\u1ea3m s\u1ef1 an to\u00e0n tuy\u1ec7t \u0111\u1ed1i cho b\u1ea1n.<\/p>\n<p><img decoding=\"async\" class=\"aligncenter wp-image-32078 size-full\" src=\"https:\/\/dalatreview.vn\/wp-content\/uploads\/2023\/08\/258758162_4567295976670782_1115071378198244360_n.jpg\" alt=\"xe tr\u01b0\u1ee3t th\u00e1c 3\" width=\"2048\" height=\"1365\" \/><\/p>\n<p>\u0110\u1ebfn v\u1edbi th\u00e1c Datanla b\u1ea1n s\u1ebd \u0111\u01b0\u1ee3c t\u1eadn m\u1eaft chi\u00eam ng\u01b0\u1ee1ng v\u1ebb \u0111\u1eb9p hoang s\u01a1 th\u01a1 m\u1ed9ng c\u1ee7a \u0111\u1ea1i ng\u00e0n T\u00e2y Nguy\u00ean v\u1edbi nh\u1eefng d\u00f2ng su\u1ed1i trong veo c\u00f9ng v\u1edbi \u00e1nh n\u1eafng chi\u1ebfu qua nh\u1eefng t\u00e1n r\u1eebng th\u00f4ng b\u1ea1t ng\u00e0n c\u1ea3m nh\u1eadn ti\u1ebfng chim h\u00f3t, ti\u1ebfng th\u00e1c \u0111\u1ed5 r\u00f3c r\u00e1ch t\u1ea1o n\u00ean m\u1ed9t khung c\u1ea3nh b\u00ecnh y\u00ean.<\/p>\n<p><img decoding=\"async\" class=\"alignnone size-full wp-image-32080\" src=\"http:\/\/localhost\/wordpress\/wp-content\/uploads\/2023\/08\/299232550_186640243822503_6341533497087323017_n.jpg\" alt=\"xe tr\u01b0\u1ee3t th\u00e1c datanla 1\" width=\"2048\" height=\"1365\" \/><\/p>\n<p>C\u00f3 c\u01a1 h\u1ed9i du l\u1ecbch Th\u00e1c Dalanta \u0110\u00e0 L\u1ea1t, b\u1ea1n s\u1ebd kh\u00f3 l\u00f2ng \u201cng\u00f3 ng\u01a1\u201d tr\u01b0\u1edbc nh\u1eefng tr\u1ea3i nghi\u1ec7m th\u00e1ch th\u1ee9c \u0111\u1ed9 d\u1ebbo dai v\u00e0 l\u00f2ng d\u0169ng c\u1ea3m c\u1ee7a nh\u1eefng tr\u00f2 ch\u01a1i m\u1ea1o hi\u1ec3m t\u1ea1i \u0111\u00e2y.<\/p>\n<h2 id=\"2-ve-xe-truot-thac-datanla-3\"><span style=\"color: #003300;\"><strong>2. V\u00e9 xe tr\u01b0\u1ee3t th\u00e1c Datanla 3<\/strong><\/span><\/h2>\n<p>Xe tr\u01b0\u1ee3t th\u00e1c 3 (Alpine Coaster 3) t\u1ea1i khu du l\u1ecbch th\u00e1c Datanla \u0110\u00e0 L\u1ea1t c\u00f3 \u0111\u01b0\u1eddng tr\u01b0\u1ee3t d\u00e0i nh\u1ea5t \u0110\u00f4ng Nam \u00c1 v\u1edbi \u0111\u1ed9 d\u00e0i ~2400m c\u00f9ng h\u1ec7 th\u1ed1ng phanh c\u1ea3m \u1ee9ng v\u1edbi nh\u1eefng \u0111\u01b0\u1eddng tr\u01b0\u1ee3t u\u1ed1n l\u01b0\u1ee3n v\u1edbi nhi\u1ec1u kh\u00fac cua kh\u00fac kh\u1ee7y, tr\u1ea3i nghi\u1ec7m n\u00e0y h\u1ee9a h\u1eb9n s\u1ebd mang \u0111\u1ebfn cho b\u1ea1n nh\u1eefng c\u1ea3m gi\u00e1c kh\u00f3 qu\u00ean.<\/p>\n<p><img decoding=\"async\" class=\"aligncenter wp-image-32082 size-full\" src=\"https:\/\/dalatreview.vn\/wp-content\/uploads\/2023\/08\/1691147461_dg8KC6W4zr1VGYBb_1691150481-phpomo7ef.jpg\" alt=\"tr\u1ea3i nghi\u1ec7m xe tr\u01b0\u1ee3t th\u00e1c 3\" width=\"1024\" height=\"1024\" \/><\/p>\n<p>Xe tr\u01b0\u1ee3t n\u00e0y c\u00f3 th\u1ec3 ng\u1ed3i \u0111\u01b0\u1ee3c 2 ng\u01b0\u1eddi v\u00e0 \u0111\u1ec1u \u0111\u01b0\u1ee3c trang b\u1ecb h\u1ec7 th\u1ed1ng phanh c\u1ea3m bi\u1ebfn gi\u00fap \u0111\u1ea3m b\u1ea3o kho\u1ea3ng c\u00e1ch gi\u1eefa c\u00e1c m\u00e1ng tr\u01b0\u1ee3t v\u1edbi nhau v\u00e0 v\u1eabn duy tr\u00ec \u0111\u01b0\u1ee3c t\u1ed1c \u0111\u1ed9 an to\u00e0n, v\u1edbi t\u1ed1c \u0111\u1ed9 t\u1ed1i \u0111a l\u00e0 40km\/h.<\/p>\n<p><img decoding=\"async\" class=\"alignnone wp-image-32081 size-full\" src=\"https:\/\/dalatreview.vn\/wp-content\/uploads\/2023\/08\/290798905_5251930691540637_6284628585550915575_n.jpg\" alt=\"xe tr\u01b0\u1ee3t th\u00e1c 3\" width=\"1080\" height=\"1080\" \/><\/p>\n<p>Tr\u01b0\u1edbc khi tham gia tr\u1ea3i nghi\u1ec7m xe tr\u01b0\u1ee3t th\u00e1c 3, b\u1ea1n n\u00ean chu\u1ea9n b\u1ecb cho m\u00ecnh m\u1ed9t tinh th\u1ea7n th\u00e9p v\u00e0 m\u1ed9t c\u1ed5 h\u1ecdng th\u1eadt kh\u1ecfe \u0111\u1ec3 c\u00f3 th\u1ec3 t\u1ef1 tin b\u01b0\u1edbc v\u00e0o cu\u1ed9c chi\u1ebfn c\u1ee7a nh\u1eefng ti\u1ebfng h\u00e9t n\u01a1i r\u1eebng th\u00f4ng hoang d\u00e3 n\u00e0y nh\u00e9!<\/p>\n<h2 id=\"3-thong-tin-dat-ve-xe-truot-thac-datanla-3\"><span style=\"color: #003300;\"><strong>3. Th\u00f4ng tin \u0111\u1eb7t v\u00e9 xe tr\u01b0\u1ee3t th\u00e1c Datanla 3\u00a0<\/strong><\/span><\/h2>\n<article class=\"post-content\">\n<div class=\"anh_wtm_m\">\n<div class=\"mws_content\">\n<p dir=\"ltr\">\u0110\u1ec3 ti\u1ebft ki\u1ec7m th\u1eddi gian \u0111\u1eb7t v\u00e9 b\u1ea1n h\u00e3y t\u1ea3i ngay \u1ee9ng d\u1ee5ng sau \u0111\u00e2y:\u00a0<span style=\"color: #993300;\"><strong><a style=\"color: #993300;\" href=\"https:\/\/share.abphotos.link\/dePd\" target=\"_blank\" rel=\"noopener\">\u0110\u00e0 L\u1ea1t Review T\u1ea5t T\u1ea7n T\u1eadt<\/a><\/strong><\/span><\/p>\n<p>Ngo\u00e0i ra, qu\u00fd kh\u00e1ch c\u00f3 th\u1ec3 chat tr\u1ef1c ti\u1ebfp tr\u00ean App\/Website \u0111\u1ec3 nh\u00e2n vi\u00ean c\u1ee7a ch\u00fang t\u00f4i t\u01b0 v\u1ea5n th\u00eam v\u1ec1 s\u1ea3n ph\u1ea9m v\u00e0 d\u1ecbch v\u1ee5, ho\u1eb7c li\u00ean h\u1ec7<\/p>\n<p><span style=\"color: #ff0000;\"><strong>Hotline:<\/strong><\/span> 0983 249 297<\/p>\n<\/div>\n<\/div>\n<\/article>","protected":false},"excerpt":{"rendered":"<p>Danh m\u1ee5c ch\u00ednh V\u00e9 xe tr\u01b0\u1ee3t th\u00e1c Datanla 3 1. Gi\u1edbi thi\u1ec7u th\u00e1c Datanla\u00a0 2. V\u00e9 xe tr\u01b0\u1ee3t th\u00e1c Datanla 3 3. Th\u00f4ng tin \u0111\u1eb7t v\u00e9 xe tr\u01b0\u1ee3t th\u00e1c Datanla 3\u00a0 V\u00e9 xe tr\u01b0\u1ee3t th\u00e1c Datanla 3 \u0110\u00e0 L\u1ea1t l\u00e0 n\u01a1i c\u00f3 \u0111\u1ecba h\u00ecnh \u0111\u1ed3i n\u00fai kh\u00e1 \u0111a d\u1ea1ng, v\u1eady n\u00ean n\u01a1i \u0111\u00e2y r\u1ea5t ph\u00f9 [&hellip;]<\/p>","protected":false},"featured_media":32092,"comment_status":"open","ping_status":"closed","template":"","meta":{"_acf_changed":false,"rank_math_lock_modified_date":false},"product_cat":[1187],"product_tag":[],"acf":[],"_links":{"self":[{"href":"https:\/\/dalatreview.vn\/en\/wp-json\/wp\/v2\/product\/32023"}],"collection":[{"href":"https:\/\/dalatreview.vn\/en\/wp-json\/wp\/v2\/product"}],"about":[{"href":"https:\/\/dalatreview.vn\/en\/wp-json\/wp\/v2\/types\/product"}],"replies":[{"embeddable":true,"href":"https:\/\/dalatreview.vn\/en\/wp-json\/wp\/v2\/comments?post=32023"}],"wp:featuredmedia":[{"embeddable":true,"href":"https:\/\/dalatreview.vn\/en\/wp-json\/wp\/v2\/media\/32092"}],"wp:attachment":[{"href":"https:\/\/dalatreview.vn\/en\/wp-json\/wp\/v2\/media?parent=32023"}],"wp:term":[{"taxonomy":"product_cat","embeddable":true,"href":"https:\/\/dalatreview.vn\/en\/wp-json\/wp\/v2\/product_cat?post=32023"},{"taxonomy":"product_tag","embeddable":true,"href":"https:\/\/dalatreview.vn\/en\/wp-json\/wp\/v2\/product_tag?post=32023"}],"curies":[{"name":"wp","href":"https:\/\/api.w.org\/{rel}","templated":true}]}}