
{"id":31979,"date":"2023-08-25T16:56:27","date_gmt":"2023-08-25T09:56:27","guid":{"rendered":"https:\/\/dalatreview.vn\/?p=31979"},"modified":"2024-10-18T09:32:29","modified_gmt":"2024-10-18T02:32:29","slug":"cong-troi-bali-greenhills","status":"publish","type":"product","link":"https:\/\/dalatreview.vn\/en\/cong-troi-bali-greenhills.html","title":{"rendered":"C\u1ed5ng tr\u1eddi Bali &#8211; GreenHills"},"content":{"rendered":"<nav class=\"vietrick-auto-toc\">\n<div class=\"box-title\">\n<h3 class=\"toc-title\" id=\"select-menu\">Danh m\u1ee5c ch\u00ednh<\/h3>\n<div><ion-icon name=\"chevron-up-outline\"><\/ion-icon><\/div>\n<\/div>\n<ul class=\"toc-list\"><\/ul>\n<li><a href='https:\/\/dalatreview.vn\/en#ve-tham-quan-cong-troi-bali-greenhills' class='heading-h1 toc-link smooth-scroll'>V\u00e9 tham quan C\u1ed5ng tr\u1eddi Bali &#8211; GreenHills\u00a0<\/a>\n<ul>\n<li><a href='https:\/\/dalatreview.vn\/en#1-gioi-thieu-cong-troi-bali' class='heading-h2 toc-link smooth-scroll'>1. Gi\u1edbi thi\u1ec7u C\u1ed5ng tr\u1eddi Bali\u00a0<\/a>\n<li><a href='https:\/\/dalatreview.vn\/en#2-tham-quan-cong-troi-bali-xem-co-gi-hot' class='heading-h2 toc-link smooth-scroll'>2. Tham quan C\u1ed5ng tr\u1eddi Bali xem c\u00f3 g\u00ec hot!\u00a0<\/a>\n<li><a href='https:\/\/dalatreview.vn\/en#3-thong-tin-dat-ve-tham-quan-cong-troi-bali' class='heading-h2 toc-link smooth-scroll'>3. Th\u00f4ng tin \u0111\u1eb7t v\u00e9 tham quan C\u1ed5ng tr\u1eddi Bali\u00a0<\/a><\/ul>\n<\/ul>\n<\/li>\n<\/ul>\n<\/nav>\n<h1 style=\"text-align: center;\" id=\"ve-tham-quan-cong-troi-bali-greenhills\"><span style=\"color: #003300;\"><strong>Tickets <\/strong>C\u1ed5ng tr\u1eddi Bali &#8211; GreenHills\u00a0<\/span><\/h1>\n<div class=\"article\">\u00a0<\/div>\n<p>C\u1ed5ng tr\u1eddi Bali GrennHills l\u00e0 m\u1ed9 trong nh\u1eefng \u0111\u1ecba \u0111i\u1ec3m check lu\u00f4n n\u1eb1m trong top \u0111\u1ea7u \u0111\u01b0\u1ee3c du kh\u00e1ch s\u0103n \u0111\u00f3n m\u1ed7i khi \u0111\u1ebfn \u0110\u00e0 L\u1ea1t. N\u1ebfu b\u1ea1n l\u00e0 m\u1ed9t t\u00edn \u0111\u1ed3 \u01b0a th\u00edch check in s\u1ed1ng \u1ea3o th\u00ec \u0111\u00e2y nh\u1ea5t \u0111\u1ecbnh s\u1ebd l\u00e0 \u0111\u1ecba \u0111i\u1ec3m check in kh\u00f3 l\u00f2ng c\u00f3 th\u1ec3 b\u1ecf qua.\u00a0<\/p>\n<div class=\"wysiwyg\"><img decoding=\"async\" class=\"aligncenter wp-image-31980 size-full\" src=\"https:\/\/dalatreview.vn\/wp-content\/uploads\/2023\/08\/1692849735_BCcDg7d1kl4exQNa_1692853139-phpl3mbay.jpg\" alt=\"c\u1ed3ng tr\u1eddi bali\" width=\"1536\" height=\"2048\" \/><\/div>\n<h2 id=\"1-gioi-thieu-cong-troi-bali\"><span style=\"color: #003300;\"><strong>1. Gi\u1edbi thi\u1ec7u C\u1ed5ng tr\u1eddi Bali\u00a0<\/strong><\/span><\/h2>\n<p>Nh\u1eb1m ti\u1ebft ki\u1ec7m th\u1eddi gian, gi\u1ea3m thi\u1ec3u chi ph\u00ed du l\u1ecbch v\u00e0 \u0111\u01b0\u1ee3c tho\u1ea3i m\u00e1i tr\u1ea3i nghi\u1ec7m c\u00e1c d\u1ecbch v\u1ee5 b\u1ea1n c\u00f3 th\u1ec3 t\u1ea3i app v\u00e0 book v\u00e9 qua\u00a0<strong><a href=\"https:\/\/dalatreview.com\/cong-troi-bali\" target=\"_blank\" rel=\"noopener\"><span style=\"color: #ff0000;\">\u1ee8ng d\u1ee5ng \u0110\u00e0 L\u1ea1t Review T\u1ea5t T\u1ea7n T\u1eadt<\/span><\/a><\/strong>\u00a0tr\u00ean Mobile<\/p>\n<p>Khi t\u1ea3i \u1ee9ng d\u1ee5ng \u0110\u00e0 L\u1ea1t Review T\u1ea5t T\u1ea7n T\u1eadt b\u1ea1n s\u1ebd nh\u1eadn \u0111\u01b0\u1ee3c r\u1ea5t nhi\u1ec1u \u01b0u \u0111\u00e3i h\u1ea5p d\u1eabn kh\u00e1c \u0111ang ch\u1edd \u0111\u00f3n.<\/p>\n<p>C\u1ed5ng tr\u1eddi Bali thu\u1ed9c khu ngh\u1ec9 d\u01b0\u1ee1ng Grennland II v\u00e0 ch\u1ec9 c\u00e1ch trung t\u00e2m th\u00e0nh ph\u1ed1 t\u1eeb 2 \u0111\u1ebfn 5 ph\u00fat xe m\u00e1y v\u00e0 c\u00f2n n\u1eb1m tr\u00ean tuy\u1ebfn \u0111\u01b0\u1eddng nhi\u1ec1u \u0111\u1ecba \u0111i\u1ec3m du l\u1ecbch n\u1eefa \u0111\u1ea5y nh\u00e9.<\/p>\n<p><img decoding=\"async\" class=\"alignnone wp-image-31981 size-full\" src=\"https:\/\/dalatreview.vn\/wp-content\/uploads\/2023\/08\/292006810_1064624270852596_7835453669307778795_n.jpg\" alt=\"c\u1ed5ng tr\u1eddi bali\" width=\"2048\" height=\"2034\" \/><\/p>\n<p>\u0110\u1ecba \u0111i\u1ec3m check in n\u00e0y n\u1eb1m ngay tr\u00ean \u0111\u1ed3i Robin hay c\u00f2n g\u1ecdi l\u00e0 \u0111\u1ed3i c\u00e1p treo. Ngay \u0111\u1ea7u \u0111\u00e8o c\u1eeda ng\u00f5 v\u00e0o th\u00e0nh ph\u1ed1, b\u1ea1n ch\u1ec9 c\u1ea7n gh\u00e9 qu\u00e1 nh\u00ecn v\u00e0o con d\u1ed1c ch\u1ea1y th\u1eb3ng l\u00ean kho\u1ea3ng t\u1ea7m 100m l\u00e0 s\u1ebd t\u1edbi.<\/p>\n<p><img decoding=\"async\" class=\"aligncenter wp-image-31982 size-full\" src=\"https:\/\/dalatreview.vn\/wp-content\/uploads\/2023\/08\/362686898_253097907522964_8210171094570871108_n.jpg\" alt=\"c\u1ed5ng tr\u1eddi bali \u0111\u00e0 l\u1ea1t\" width=\"1080\" height=\"1440\" \/><\/p>\n<p>V\u00ec t\u1ecda l\u1ea1c tr\u00ean m\u1ed9t ng\u1ecdn \u0111\u1ed3i cao c\u00f3 gi\u00f3 th\u1ed5i quanh n\u0103m, v\u00e0 khi \u0111\u1ee9ng t\u1eeb tr\u00ean cao c\u00f3 th\u1ec3 bao qu\u00e1t \u0111\u01b0\u1ee3c m\u1ed9t kho\u1ea3ng tr\u1eddi th\u01a1 m\u1ed9ng ph\u00eda xa l\u00e0 nh\u1eefng ng\u1ecdn \u0111\u1ed3i, nh\u1eefng c\u00e1nh r\u1eebng th\u00f4ng b\u1ea1t ng\u00e0n.<\/p>\n<p><img decoding=\"async\" class=\"alignnone wp-image-31984 size-full\" src=\"https:\/\/dalatreview.vn\/wp-content\/uploads\/2023\/08\/278076420_963899874265329_4374364070542816020_n.jpg\" alt=\"c\u1ed5ng tr\u1eddi bali\" width=\"1519\" height=\"1973\" \/><\/p>\n<p>T\u1eeb l\u00e2u C\u1ed5ng tr\u1eddi Bali \u0111\u01b0\u1ee3c bi\u1ebft \u0111\u1ebfn l\u00e0 m\u1ed9t \u0111\u1ecba danh n\u1ed5i ti\u1ebfng t\u1ea1i Indonesia. V\u00e0 b\u00e2y gi\u1edd b\u1ea1n kh\u00f4ng ph\u1ea3i \u0111\u1ebfn Bali xa x\u00f4i, t\u1ea5t c\u1ea3 \u0111\u00e3 c\u00f3 t\u1ea1i \u0110\u00e0 L\u1ea1t. Phi\u00ean b\u1ea3n n\u00e0y \u0111\u1eb9p kh\u00f4ng k\u00e9m g\u00ec t\u1ea1i b\u1ea3n ch\u00ednh ng\u00f4i \u0111\u1ec1n Lura Lempuyang Lulur \u0111\u00e2u nha.<\/p>\n<p><img decoding=\"async\" class=\"aligncenter wp-image-31985 size-full\" src=\"https:\/\/dalatreview.vn\/wp-content\/uploads\/2023\/08\/368255479_263207666511988_8585858620411763959_n.jpg\" alt=\"c\u1ed5ng tr\u1eddi bali \u0111\u00e0 l\u1ea1t\" width=\"2048\" height=\"1365\" \/><\/p>\n<p>\u0110\u1eb7c bi\u1ec7t, \u0111\u00e2y l\u00e0 m\u1ed9t m\u00f4 h\u00ecnh k\u1ebft h\u1ee3p gi\u1eefa qu\u00e1n cafe v\u00e0 khu ngh\u1ec9 d\u01b0\u1ee1ng. Qu\u00e1n n\u1eb1m trong khu ngh\u1ec9 d\u01b0\u1ee1ng Greeen Land II v\u1edbi c\u00e1c m\u1ee9c gi\u00e1 ph\u00f2ng kh\u00e1 l\u00e0 ph\u1ea3i ch\u0103ng, m\u1ed9t \u01b0u \u0111\u00e3i d\u00e0nh ri\u00eang khi b\u1ea1n l\u1ef1a ch\u1ecdn ngh\u1ec9 d\u01b0\u1ee1ng t\u1ea1i \u0111\u00e2y \u0111\u00f3 l\u00e0 b\u1ea1n s\u1ebd \u0111\u01b0\u1ee3c mi\u1ec5n ph\u00ed v\u00e9 v\u00e0o qu\u00e1n check in, ch\u1ee5p h\u00ecnh.<\/p>\n<h2 id=\"2-tham-quan-cong-troi-bali-xem-co-gi-hot\"><span style=\"color: #003300;\"><strong>2. Tham quan C\u1ed5ng tr\u1eddi Bali xem c\u00f3 g\u00ec hot!\u00a0<\/strong><\/span><\/h2>\n<p>C\u1ed5ng tr\u1eddi Bali \u0110\u00e0 L\u1ea1t \u0111\u01b0\u1ee3c thi\u1ebft k\u1ebf l\u1ea5y c\u1ea3m h\u1ee9ng t\u1eeb C\u1ed5ng tr\u1eddi Bali Indonesia. C\u1ed5ng tr\u1eddi phi\u00ean b\u1ea3n \u0110\u00e0 L\u1ea1t n\u00e0y c\u00f2n c\u00f3 nh\u1eefng \u0111i\u1ec3m c\u1ed9ng th\u00fa v\u1ecb h\u01a1n, \u0111\u00f3 ch\u00ednh l\u00e0 nh\u1edd kh\u00f4ng gian thi\u00ean nhi\u00ean trong l\u00e0nh m\u00e1t m\u1ebb n\u01a1i \u0111\u00e2y \u0111em \u0111\u1ebfn.<\/p>\n<p><img decoding=\"async\" class=\"aligncenter wp-image-31986 size-full\" src=\"https:\/\/dalatreview.vn\/wp-content\/uploads\/2023\/08\/262427937_441789457359026_3781873407454543250_n.jpg\" alt=\"c\u1ed5ng tr\u1eddi bali\" width=\"2048\" height=\"1367\" \/><\/p>\n<p>S\u1ef1 k\u1ebft h\u1ee3p ho\u00e0n h\u1ea3o gi\u1eefa khung c\u1ea3nh thi\u00ean nhi\u00ean t\u1eeb \u0111\u1ed3i Robin v\u1edbi n\u1ec1n tr\u1eddi xanh m\u00e2y tr\u1eafng khi\u1ebfn cho C\u1ed5ng tr\u1eddi Bali \u0110\u00e0 L\u1ea1t l\u00e0 n\u01a1i l\u00fd t\u01b0\u1edfng cho b\u1ea1n th\u1ecfa s\u1ee9c \u0111am m\u00ea s\u1ed1ng \u1ea3o.<\/p>\n<p><img decoding=\"async\" class=\"aligncenter wp-image-31987 size-full\" src=\"https:\/\/dalatreview.vn\/wp-content\/uploads\/2023\/08\/362664716_253098147522940_8884131942329955079_n.jpg\" alt=\"c\u1ed5ng tr\u1eddi bali\" width=\"1536\" height=\"2048\" \/><\/p>\n<p>K\u1ec3 t\u1eeb khi m\u1edbi xu\u1ea5t hi\u1ec7n C\u1ed5ng tr\u1eddi Bali \u0110\u00e0 L\u1ea1t \u0111\u00e3 \u0111\u01b0\u1ee3c r\u1ea5t nhi\u1ec1u c\u00e1c b\u1ea1n tr\u1ebb s\u0103n l\u00f9ng. B\u1ea1n kh\u00f4ng c\u1ea7n \u0111\u1ebfn Bali xa x\u00f4i, v\u00ec t\u1ea5t c\u1ea3 nh\u1eefng c\u1ea3nh \u0111\u1eb9p n\u00e0y \u0111\u1ec1u \u0111\u00e3 c\u00f3 t\u1ea1i \u0110\u00e0 L\u1ea1t. Vi\u1ec7c c\u1ea7n l\u00e0m l\u00e0 t\u00ecm cho m\u00ecnh m\u1ed9t ng\u01b0\u1eddi b\u1ea1n ch\u1ee5p \u1ea3nh c\u00f3 t\u00e2m th\u00f4i nh\u00e9!<\/p>\n<p><img decoding=\"async\" class=\"aligncenter wp-image-31988 size-full\" src=\"https:\/\/dalatreview.vn\/wp-content\/uploads\/2023\/08\/111217892_2668277490096585_2090489691244140197_n.jpg\" alt=\"check in t\u1ea1i c\u1ed5ng tr\u1eddi bali\" width=\"1536\" height=\"2048\" \/><\/p>\n<p>Khu v\u1ef1c check in c\u1ee7a n\u01a1i \u0111\u00e2y kh\u00f4ng qu\u00e1 l\u1edbn, bao g\u1ed3m 2 khu v\u1ef1c ch\u00ednh.: khu d\u01b0\u1edbi l\u00e0 g\u1ed3m n\u1ea5c thang l\u00ean tr\u1eddi, c\u1ed5ng tr\u1eddi, t\u1ed5 chim, \u2026 khi \u0111i l\u00ean t\u1ea7ng tr\u00ean th\u00ec c\u00f3 th\u00eam 1 s\u1ed1 ti\u1ec3u c\u1ea3nh nh\u1ecf v\u00e0 \u1edf \u0111\u00e2y m\u1ecdi ng\u01b0\u1eddi c\u00f3 th\u1ec3 th\u1ea3 t\u1ea7m m\u1eaft ra \u0111\u1ec3 tha h\u1ed3 ng\u1eafm thung l\u0169ng v\u1edbi r\u1eebng th\u00f4ng v\u00e0 m\u00e2y tr\u1eddi.<\/p>\n<p><img decoding=\"async\" class=\"aligncenter wp-image-31989 size-full\" src=\"https:\/\/dalatreview.vn\/wp-content\/uploads\/2023\/08\/348873594_719912219819724_6681745115715870216_n.jpg\" alt=\"check in c\u1ed5ng tr\u1eddi bali\" width=\"1536\" height=\"2048\" \/><\/p>\n<p>Nh\u1eefng b\u1ee9c h\u00ecnh nh\u01b0 \u0111\u01b0\u1ee3c ph\u1ea3n chi\u1ebfu tr\u00ean m\u1eb7t h\u1ed3 \u0111\u1eb9p kh\u00f4ng kh\u00e1c g\u00ec phi\u00ean b\u1ea3n g\u1ed1c. Th\u00edch h\u1ee3p cho nh\u1eefng ai y\u00eau th\u00edch v\u1ebb \u0111\u1eb9p ki\u1ebfn tr\u00fac, \u1ea3o di\u1ec7u\u2026<\/p>\n<p><img decoding=\"async\" class=\"aligncenter wp-image-31990 size-full\" src=\"https:\/\/dalatreview.vn\/wp-content\/uploads\/2023\/08\/258763022_441787000692605_7226176612999706403_n.jpg\" alt=\"check in n\u1ea5c thang l\u00ean thi\u00ean \u0111\u01b0\u1eddng t\u1ea1i c\u1ed5ng tr\u1eddi bali\" width=\"1349\" height=\"2021\" \/><\/p>\n<p>Ngo\u00e0i nh\u1eefng \u0111\u1ecba \u0111i\u1ec3m check in ch\u00ednh, t\u1ea1i \u0111\u00e2y c\u00f2n v\u00f4 s\u1ed1 ti\u1ec3u c\u1ea3nh kh\u00f4ng th\u1ec3 b\u1ecf qua. Nh\u1eefng khu v\u1ef1c b\u1ea1n n\u00ean checkin bao g\u1ed3m: H\u1ed3 tr\u00ean n\u00fai, v\u00f2ng xo\u00e1y t\u00ecnh y\u00eau, tr\u00e1i tim t\u00ecnh y\u00eau, n\u1ea5c thang l\u00ean thi\u00ean \u0111\u01b0\u1eddng,\u2026<\/p>\n<p><img decoding=\"async\" class=\"aligncenter wp-image-31991 size-full\" src=\"https:\/\/dalatreview.vn\/wp-content\/uploads\/2023\/08\/344269312_3599488530295737_7213161808326291848_n.jpg\" alt=\"check in c\u1ed5ng tr\u1eddi bali\" width=\"986\" height=\"1440\" \/><\/p>\n<p>Ngo\u00e0i ra, t\u1ea1i C\u1ed5ng tr\u1eddi Bali c\u00f2n cho thu\u00ea \u0111\u1ed3 trang ph\u1ee5c v\u1edbi nhi\u1ec1u ki\u1ec3u d\u00e1ng m\u1eabu m\u00e3 kh\u00e1c nhau \u0111\u1ec3 b\u1ea1n th\u1ecfa s\u1ee9c th\u1ea3 d\u00e1ng rinh v\u1ec1 cho m\u00ecnh nh\u1eefng b\u1ed9 \u1ea3nh x\u1ecbn s\u00f2.<\/p>\n<p><img decoding=\"async\" class=\"aligncenter wp-image-31992 size-full\" src=\"https:\/\/dalatreview.vn\/wp-content\/uploads\/2023\/08\/278606642_968541393801177_263538706653565729_n.jpg\" alt=\"thu\u00ea trang ph\u1ee5c check in t\u1ea1i c\u1ed5ng tr\u1eddi bali\" width=\"1238\" height=\"1856\" \/><\/p>\n<p>B\u1ea1n c\u00f3 th\u1ec3 thu\u00ea m\u1eb7c v\u00e0 ch\u1ee5p h\u00ecnh \u1edf \u0111\u00e2y c\u1ef1c k\u00ec ti\u1ec7n l\u1ee3i nh\u00e9. Ngo\u00e0i ra c\u00f3 r\u1ea5t nhi\u1ec1u b\u1ea1n nh\u00e2n vi\u00ean kh\u00e1 l\u00e0 nhi\u1ec7t t\u00ecnh h\u1ed7 tr\u1ee3 b\u1ea1n ch\u1ee5p 1 t\u1ea5m h\u00ecnh l\u00e0m sao cho \u0111\u1eb9p nh\u1ea5t n\u1eefa \u0111\u1ea5y.<\/p>\n<p><img decoding=\"async\" class=\"aligncenter wp-image-31993 size-full\" src=\"https:\/\/dalatreview.vn\/wp-content\/uploads\/2023\/08\/133781986_148401263723584_2228589710816605379_n.jpg\" alt=\"th\u1eddi gian check in c\u1ed5ng tr\u1eddi bali\" width=\"1536\" height=\"2048\" \/><\/p>\n<p>C\u1ed5ng tr\u1eddi Bali b\u1eaft \u0111\u1ea7u m\u1edf c\u1eeda tham quan t\u1eeb 7h00 &#8211; 18h00 t\u1ed1i h\u1eb1ng ng\u00e0y, b\u1ea1n h\u00e3y ch\u00fa \u00fd th\u1eddi gian m\u1edf c\u1eeda v\u00e0 \u0111\u1ebfn \u0111\u00e2y rinh v\u1ec1 cho m\u00ecnh nh\u1eefng b\u1ed9 \u1ea3nh th\u1eadt l\u1ed9ng l\u1eaby nh\u00e9.<\/p>\n<h2 id=\"3-thong-tin-dat-ve-tham-quan-cong-troi-bali\"><span style=\"color: #003300;\"><strong>3. Th\u00f4ng tin \u0111\u1eb7t v\u00e9 tham quan C\u1ed5ng tr\u1eddi Bali\u00a0<\/strong><\/span><\/h2>\n<p dir=\"ltr\">\u0110\u1ec3 ti\u1ebft ki\u1ec7m th\u1eddi gian \u0111\u1eb7t v\u00e9 b\u1ea1n h\u00e3y t\u1ea3i ngay \u1ee9ng d\u1ee5ng sau \u0111\u00e2y:\u00a0<strong><span style=\"color: #993300;\"><a style=\"color: #993300;\" href=\"https:\/\/share.abphotos.link\/dePd\" target=\"_blank\" rel=\"noopener\">\u0110\u00e0 L\u1ea1t Review T\u1ea5t T\u1ea7n T\u1eadt<\/a><\/span><\/strong><\/p>\n<p>Ngo\u00e0i ra, qu\u00fd kh\u00e1ch c\u00f3 th\u1ec3 chat tr\u1ef1c ti\u1ebfp tr\u00ean App\/Website \u0111\u1ec3 nh\u00e2n vi\u00ean c\u1ee7a ch\u00fang t\u00f4i t\u01b0 v\u1ea5n th\u00eam v\u1ec1 s\u1ea3n ph\u1ea9m v\u00e0 d\u1ecbch v\u1ee5, ho\u1eb7c li\u00ean h\u1ec7<\/p>\n<p><strong><span style=\"color: #ff0000;\">Hotline:<\/span><\/strong> 0989 249 297<\/p>","protected":false},"excerpt":{"rendered":"<p>Danh m\u1ee5c ch\u00ednh V\u00e9 tham quan C\u1ed5ng tr\u1eddi Bali &#8211; GreenHills\u00a0 1. Gi\u1edbi thi\u1ec7u C\u1ed5ng tr\u1eddi Bali\u00a0 2. Tham quan C\u1ed5ng tr\u1eddi Bali xem c\u00f3 g\u00ec hot!\u00a0 3. Th\u00f4ng tin \u0111\u1eb7t v\u00e9 tham quan C\u1ed5ng tr\u1eddi Bali\u00a0 V\u00e9 tham quan C\u1ed5ng tr\u1eddi Bali &#8211; GreenHills\u00a0 \u00a0 C\u1ed5ng tr\u1eddi Bali GrennHills l\u00e0 m\u1ed9 trong nh\u1eefng \u0111\u1ecba [&hellip;]<\/p>","protected":false},"featured_media":31994,"comment_status":"open","ping_status":"closed","template":"","meta":{"_acf_changed":false,"rank_math_lock_modified_date":false},"product_cat":[1187],"product_tag":[],"acf":[],"_links":{"self":[{"href":"https:\/\/dalatreview.vn\/en\/wp-json\/wp\/v2\/product\/31979"}],"collection":[{"href":"https:\/\/dalatreview.vn\/en\/wp-json\/wp\/v2\/product"}],"about":[{"href":"https:\/\/dalatreview.vn\/en\/wp-json\/wp\/v2\/types\/product"}],"replies":[{"embeddable":true,"href":"https:\/\/dalatreview.vn\/en\/wp-json\/wp\/v2\/comments?post=31979"}],"wp:featuredmedia":[{"embeddable":true,"href":"https:\/\/dalatreview.vn\/en\/wp-json\/wp\/v2\/media\/31994"}],"wp:attachment":[{"href":"https:\/\/dalatreview.vn\/en\/wp-json\/wp\/v2\/media?parent=31979"}],"wp:term":[{"taxonomy":"product_cat","embeddable":true,"href":"https:\/\/dalatreview.vn\/en\/wp-json\/wp\/v2\/product_cat?post=31979"},{"taxonomy":"product_tag","embeddable":true,"href":"https:\/\/dalatreview.vn\/en\/wp-json\/wp\/v2\/product_tag?post=31979"}],"curies":[{"name":"wp","href":"https:\/\/api.w.org\/{rel}","templated":true}]}}