
{"id":31954,"date":"2023-08-25T16:03:27","date_gmt":"2023-08-25T09:03:27","guid":{"rendered":"https:\/\/dalatreview.vn\/?p=31954"},"modified":"2024-07-04T08:51:28","modified_gmt":"2024-07-04T01:51:28","slug":"ve-xe-len-nui-langbiang","status":"publish","type":"product","link":"https:\/\/dalatreview.vn\/en\/ve-xe-len-nui-langbiang.html","title":{"rendered":"V\u00e9 xe l\u00ean n\u00fai LangBiang"},"content":{"rendered":"<nav class=\"vietrick-auto-toc\">\n<div class=\"box-title\">\n<h3 class=\"toc-title\" id=\"select-menu\">Danh m\u1ee5c ch\u00ednh<\/h3>\n<div><ion-icon name=\"chevron-up-outline\"><\/ion-icon><\/div>\n<\/div>\n<ul class=\"toc-list\">\n<li><a href='https:\/\/dalatreview.vn\/en#ve-xe-len-nui-langbiang' class='heading-h2 toc-link smooth-scroll'>V\u00e9 xe l\u00ean n\u00fai LangBiang<\/a>\n<li><a href='https:\/\/dalatreview.vn\/en#1-gioi-thieu-khu-du-lich-nui-langbiang' class='heading-h2 toc-link smooth-scroll'>1. Gi\u1edbi thi\u1ec7u khu du l\u1ecbch n\u00fai LangBiang\u00a0<\/a>\n<li><a href='https:\/\/dalatreview.vn\/en#2-chinh-phuc-dinh-nui-langbiang' class='heading-h2 toc-link smooth-scroll'>2. Chinh ph\u1ee5c \u0111\u1ec9nh n\u00fai LangBiang\u00a0<\/a>\n<li><a href='https:\/\/dalatreview.vn\/en#3-thong-tin-dat-ve-xe-len-nui-langbiang' class='heading-h2 toc-link smooth-scroll'>3. Th\u00f4ng tin \u0111\u1eb7t v\u00e9 xe l\u00ean n\u00fai LangBiang\u00a0<\/a><\/ul>\n<\/ul>\n<\/li>\n<\/ul>\n<\/nav>\n<h2 style=\"text-align: center;\" id=\"ve-xe-len-nui-langbiang\"><span style=\"color: #003300;\"><strong>V\u00e9 xe l\u00ean n\u00fai LangBiang<\/strong><\/span><\/h2>\n<p>Khu du l\u1ecbch n\u00fai Langbiang \u0111\u01b0\u1ee3c m\u1ec7nh danh l\u00e0 m\u1ed9t trong nh\u1eefng \u0111\u1ecba \u0111i\u1ec3m du l\u1ecbch n\u1ed5i ti\u1ebfng nh\u1ea5t t\u1ea1i \u0110\u00e0 L\u1ea1t. \u0110\u1ecba \u0111i\u1ec3m n\u00e0y \u0111\u01b0\u1ee3c v\u00ed nh\u01b0 &#8220;n\u00f3c nh\u00e0&#8221; c\u1ee7a \u0110\u00e0 L\u1ea1t v\u00e0 \u0111\u1ebfn \u0111\u00e2y b\u1ea1n s\u1ebd c\u00f3 nh\u1eefng tr\u1ea3i nghi\u1ec7m v\u00f4 c\u00f9ng tuy\u1ec7t v\u1eddi nh\u01b0: s\u0103n m\u00e2y, c\u00e1c tr\u00f2 ch\u01a1i l\u00fd th\u00fa, kh\u00e1m ph\u00e1 r\u1eebng T\u00e2y Nguy\u00ean,\u2026.<\/p>\n<p><img decoding=\"async\" class=\"aligncenter wp-image-31955 size-full\" src=\"https:\/\/dalatreview.vn\/wp-content\/uploads\/2023\/08\/257817870_593117881649363_5677257476975387717_n.jpg\" alt=\"xe l\u00ean n\u00fai langbiang\" width=\"2048\" height=\"1365\" \/><\/p>\n<h2 id=\"1-gioi-thieu-khu-du-lich-nui-langbiang\"><span style=\"color: #003300;\"><strong>1. Gi\u1edbi thi\u1ec7u khu du l\u1ecbch n\u00fai LangBiang\u00a0<\/strong><\/span><\/h2>\n<p>Nh\u1eb1m ti\u1ebft ki\u1ec7m th\u1eddi gian, gi\u1ea3m thi\u1ec3u chi ph\u00ed du l\u1ecbch v\u00e0 \u0111\u01b0\u1ee3c tho\u1ea3i m\u00e1i tr\u1ea3i nghi\u1ec7m c\u00e1c d\u1ecbch v\u1ee5 b\u1ea1n c\u00f3 th\u1ec3 t\u1ea3i app book v\u00e9 qua\u00a0<span style=\"color: #ff0000;\"><strong><a style=\"color: #ff0000;\" href=\"https:\/\/dalatreview.com\/xe-len-nui-langbiang\" target=\"_blank\" rel=\"noopener\">\u1ee8ng d\u1ee5ng \u0110\u00e0 L\u1ea1t Review T\u1ea5t T\u1ea7n T\u1eadt<\/a><\/strong>\u00a0<\/span><\/p>\n<p>Khi t\u1ea3i \u1ee9ng d\u1ee5ng \u0110\u00e0 L\u1ea1t Review T\u1ea5t T\u1ea7n T\u1eadt b\u1ea1n s\u1ebd nh\u1eadn \u0111\u01b0\u1ee3c<span style=\"color: #ff0000;\">\u00a0<strong>voucher mua h\u00e0ng 20k<\/strong><\/span>\u00a0(\u00c1p d\u1ee5ng cho h\u00f3a \u0111\u01a1n tr\u00ean 100.000\u0111) v\u00e0 r\u1ea5t nhi\u1ec1u \u01b0u \u0111\u00e3i h\u1ea5p d\u1eabn kh\u00e1c \u0111ang ch\u1edd \u0111\u00f3n b\u1ea1n.<\/p>\n<p><img decoding=\"async\" class=\"aligncenter wp-image-31956 size-full\" src=\"https:\/\/dalatreview.vn\/wp-content\/uploads\/2023\/08\/332770370_546591497452993_2186377517778567650_n.jpg\" alt=\"khu du l\u1ecbch n\u00fai langbiang\" width=\"2048\" height=\"1365\" \/><\/p>\n<p>Khu du l\u1ecbch n\u00fai Langbiang l\u00e0 m\u1ed9t trong nh\u1eefng \u0111i\u1ec3m \u0111\u1ebfn g\u00e2y\u00a0\u1ea5n t\u01b0\u1ee3ng khi s\u1edf h\u1eefu v\u1ebb \u0111\u1eb9p n\u00ean th\u01a1, huy\u1ec1n \u1ea3o v\u1edbi view c\u1ef1c \u0111\u1eb9p v\u00e0 r\u1ea5t nhi\u1ec1u c\u00e1c tr\u00f2 ch\u01a1i h\u1ea5p d\u1eabn.\u00a0\u0110\u00e2y l\u00e0 m\u1ed9t \u0111\u1ec9nh n\u00fai cao nh\u1ea5t t\u1ea1i \u0110\u00e0 L\u1ea1t v\u1edbi chi\u1ec1u cao 2167m (so v\u1edbi m\u1ef1c n\u01b0\u1edbc bi\u1ec3n).<\/p>\n<p><img decoding=\"async\" class=\"aligncenter wp-image-31957 size-full\" src=\"https:\/\/dalatreview.vn\/wp-content\/uploads\/2023\/08\/322105680_542554397926171_8372789297277415011_n.jpg\" alt=\"khu du l\u1ecbch n\u00fai langbiang\" width=\"2048\" height=\"1365\" \/><\/p>\n<p>\u0110\u1ec9nh n\u00fai n\u00e0y bao g\u1ed3m 2 ng\u1ecdn n\u00fai l\u00e0 N\u00fai \u00d4ng v\u00e0 N\u00fai B\u00e0 v\u1edbi c\u00e1i t\u00ean l\u1ea1 \u0111\u01b0\u1ee3c gh\u00e9p b\u1edfi 2 t\u1eeb \u201cLang\u201d v\u00e0 \u201cBiang\u201d. C\u00e1i t\u00ean n\u00e0y \u0111\u01b0\u1ee3c gh\u00e9p c\u00e2u chuy\u1ec7n t\u00ecnh y\u00eau v\u0129 \u0111\u1ea1i c\u1ee7a ch\u00e0ng K\u2019lang v\u00e0 n\u00e0ng H\u2019biang.<\/p>\n<p><img decoding=\"async\" class=\"alignnone size-full wp-image-31958\" src=\"http:\/\/localhost\/wordpress\/wp-content\/uploads\/2023\/08\/349100562_929695141658160_7182563857843946909_n.jpg\" alt=\"khu du l\u1ecbch n\u00fai langbiang\" width=\"2048\" height=\"1363\" \/><\/p>\n<p>Khu du l\u1ecbch n\u00fai Langbiang b\u1eaft \u0111\u1ea7u m\u1edf c\u1eeda \u0111\u00f3n kh\u00e1ch tham quan v\u00e0o 7 gi\u1edd s\u00e1ng v\u00e0 \u0111\u00f3ng c\u1eeda v\u00e0o l\u00fac 17 gi\u1edd h\u00e0ng ng\u00e0y.<\/p>\n<h2 id=\"2-chinh-phuc-dinh-nui-langbiang\"><span style=\"color: #003300;\"><strong>2. Chinh ph\u1ee5c \u0111\u1ec9nh n\u00fai LangBiang\u00a0<\/strong><\/span><\/h2>\n<p>V\u1edbi \u0111\u1ecba h\u00ecnh nhi\u1ec1u \u0111\u01b0\u1eddng d\u1ed1c g\u1eadp gh\u1ec1nh Khu du l\u1ecbch Langbiang \u0111\u00e3 trang b\u1ecb d\u00e0n xe s\u1eb5n s\u00e0ng \u0111\u01b0a du kh\u00e1ch \u0111\u1ebfn \u0111\u1ec9nh Radar m\u1ed9t c\u00e1ch an to\u00e0n v\u00e0 tho\u1ea3i m\u00e1i nh\u1ea5t.<\/p>\n<p><img decoding=\"async\" class=\"aligncenter wp-image-31959 size-full\" src=\"https:\/\/dalatreview.vn\/wp-content\/uploads\/2023\/08\/349103922_6347122525331127_3519831514034947654_n.jpg\" alt=\"xe jeep l\u00ean n\u00fai langbiang \" width=\"1276\" height=\"956\" \/><\/p>\n<p>N\u1ebfu mu\u1ed1n chinh ph\u1ee5c \u0111\u1ec9nh n\u00fai n\u00e0y b\u1ea1n s\u1ebd ph\u1ea3i mua v\u00e9 \u0111i xe Jeep l\u00ean v\u00e0 qu\u00e3ng \u0111\u01b0\u1eddng t\u1eeb c\u1ed5ng khu du l\u1ecbch l\u00ean \u0111\u1ec9nh n\u00fai kho\u1ea3ng 3km, ch\u00ednh v\u00ec v\u1eady \u0111i xe Jeep l\u00e0 m\u1ed9t l\u1ef1a ch\u1ecdn t\u1ed1t nh\u1ea5t cho b\u1ea1n.<\/p>\n<p><img decoding=\"async\" class=\"aligncenter wp-image-31960 size-full\" src=\"https:\/\/dalatreview.vn\/wp-content\/uploads\/2023\/08\/340949491_201380345944063_2228476052336960343_n.jpg\" alt=\"xe jeep l\u00ean n\u00fai langbiang\" width=\"2048\" height=\"1536\" \/><\/p>\n<p>Nh\u1eefng chi\u1ebfc xe Jeep t\u1ea1i \u0111\u00e2y \u0111\u01b0\u1ee3c v\u00ed nh\u01b0 nh\u1eefng ch\u00fa ng\u1ef1a chi\u1ebfn b\u0103ng b\u0103ng tr\u00ean ch\u1eb7ng \u0111\u01b0\u1eddng chinh ph\u1ee5c n\u00fai LangBiang.<\/p>\n<p><img decoding=\"async\" class=\"aligncenter wp-image-31961 size-full\" src=\"https:\/\/dalatreview.vn\/wp-content\/uploads\/2023\/08\/340003380_1477068942700897_3291989704878693671_n.jpg\" alt=\"\u0111\u01b0\u1eddng l\u00ean n\u00fai langbiang\" width=\"2048\" height=\"1280\" \/><\/p>\n<p>B\u1ea1n s\u1ebd \u0111\u01b0\u1ee3c vi vu qua nh\u1eefng t\u00e1n r\u1eebng th\u00f4ng v\u00e0 m\u1ed9t ch\u00fat c\u1ea3m gi\u00e1c m\u1ea1nh khi b\u0103ng qua d\u00f2ng su\u1ed1i, con \u0111\u01b0\u1eddng m\u00f2n g\u1eadp gh\u1ec1nh. \u0110\u1eb7c bi\u1ec7t, \u0111i xe Jeep s\u1ebd gi\u00fap b\u1ea1n gi\u1eef s\u1ee9c cho r\u1ea5t nhi\u1ec1u ho\u1ea1t \u0111\u1ed9ng \u1edf tr\u00ean \u0111\u1ec9nh n\u00fai.<\/p>\n<h2 id=\"3-thong-tin-dat-ve-xe-len-nui-langbiang\"><span style=\"color: #003300;\"><strong>3. Th\u00f4ng tin \u0111\u1eb7t v\u00e9 xe l\u00ean n\u00fai LangBiang\u00a0<\/strong><\/span><\/h2>\n<p>\u0110\u1ec3 ti\u1ebft ki\u1ec7m th\u1eddi gian \u0111\u1eb7t v\u00e9 b\u1ea1n h\u00e3y t\u1ea3i ngay \u1ee9ng d\u1ee5ng sau \u0111\u00e2y:\u00a0<span style=\"color: #993300;\"><strong><a style=\"color: #993300;\" href=\"https:\/\/share.abphotos.link\/dePd\" target=\"_blank\" rel=\"noopener\">\u0110\u00e0 L\u1ea1t Review T\u1ea5t T\u1ea7n T\u1eadt<\/a><\/strong><\/span><\/p>\n<p>Ngo\u00e0i ra, qu\u00fd kh\u00e1ch c\u00f3 th\u1ec3 chat tr\u1ef1c ti\u1ebfp tr\u00ean App\/Website \u0111\u1ec3 nh\u00e2n vi\u00ean c\u1ee7a ch\u00fang t\u00f4i t\u01b0 v\u1ea5n th\u00eam v\u1ec1 s\u1ea3n ph\u1ea9m v\u00e0 d\u1ecbch v\u1ee5, ho\u1eb7c li\u00ean h\u1ec7<\/p>\n<p><span style=\"color: #ff0000;\"><strong>Hotline:<\/strong><\/span>\u00a00983 249 297<\/p>","protected":false},"excerpt":{"rendered":"<p>Danh m\u1ee5c ch\u00ednh V\u00e9 xe l\u00ean n\u00fai LangBiang 1. Gi\u1edbi thi\u1ec7u khu du l\u1ecbch n\u00fai LangBiang\u00a0 2. Chinh ph\u1ee5c \u0111\u1ec9nh n\u00fai LangBiang\u00a0 3. Th\u00f4ng tin \u0111\u1eb7t v\u00e9 xe l\u00ean n\u00fai LangBiang\u00a0 V\u00e9 xe l\u00ean n\u00fai LangBiang Khu du l\u1ecbch n\u00fai Langbiang \u0111\u01b0\u1ee3c m\u1ec7nh danh l\u00e0 m\u1ed9t trong nh\u1eefng \u0111\u1ecba \u0111i\u1ec3m du l\u1ecbch n\u1ed5i ti\u1ebfng nh\u1ea5t [&hellip;]<\/p>","protected":false},"featured_media":31962,"comment_status":"open","ping_status":"closed","template":"","meta":{"_acf_changed":false,"rank_math_lock_modified_date":false},"product_cat":[1187],"product_tag":[],"acf":[],"_links":{"self":[{"href":"https:\/\/dalatreview.vn\/en\/wp-json\/wp\/v2\/product\/31954"}],"collection":[{"href":"https:\/\/dalatreview.vn\/en\/wp-json\/wp\/v2\/product"}],"about":[{"href":"https:\/\/dalatreview.vn\/en\/wp-json\/wp\/v2\/types\/product"}],"replies":[{"embeddable":true,"href":"https:\/\/dalatreview.vn\/en\/wp-json\/wp\/v2\/comments?post=31954"}],"wp:featuredmedia":[{"embeddable":true,"href":"https:\/\/dalatreview.vn\/en\/wp-json\/wp\/v2\/media\/31962"}],"wp:attachment":[{"href":"https:\/\/dalatreview.vn\/en\/wp-json\/wp\/v2\/media?parent=31954"}],"wp:term":[{"taxonomy":"product_cat","embeddable":true,"href":"https:\/\/dalatreview.vn\/en\/wp-json\/wp\/v2\/product_cat?post=31954"},{"taxonomy":"product_tag","embeddable":true,"href":"https:\/\/dalatreview.vn\/en\/wp-json\/wp\/v2\/product_tag?post=31954"}],"curies":[{"name":"wp","href":"https:\/\/api.w.org\/{rel}","templated":true}]}}