
{"id":31819,"date":"2023-08-25T15:01:29","date_gmt":"2023-08-25T08:01:29","guid":{"rendered":"https:\/\/dalatreview.vn\/?p=31819"},"modified":"2024-07-03T13:11:22","modified_gmt":"2024-07-03T06:11:22","slug":"ve-tham-quan-san-may-cau-go-binh-minh","status":"publish","type":"product","link":"https:\/\/dalatreview.vn\/en\/ve-tham-quan-san-may-cau-go-binh-minh.html","title":{"rendered":"V\u00e9 tham quan S\u0103n M\u00e2y C\u1ea7u G\u1ed7 &#8211; B\u00ecnh Minh"},"content":{"rendered":"<nav class=\"vietrick-auto-toc\">\n<div class=\"box-title\">\n<h3 class=\"toc-title\" id=\"select-menu\">Danh m\u1ee5c ch\u00ednh<\/h3>\n<div><ion-icon name=\"chevron-up-outline\"><\/ion-icon><\/div>\n<\/div>\n<ul class=\"toc-list\">\n<li><a href='https:\/\/dalatreview.vn\/en#ve-tham-quan-san-may-cau-go-binh-minh' class='heading-h2 toc-link smooth-scroll'>V\u00e9 tham quan S\u0103n M\u00e2y C\u1ea7u G\u1ed7 &#8211; B\u00ecnh Minh<\/a>\n<li><a href='https:\/\/dalatreview.vn\/en#1-ve-tham-quan-san-may-cau-go-binh-minh' class='heading-h2 toc-link smooth-scroll'>1. V\u00e9 tham quan s\u0103n m\u00e2y C\u1ea7u G\u1ed7 B\u00ecnh Minh\u00a0<\/a>\n<li><a href='https:\/\/dalatreview.vn\/en#2-thoi-diem-ly-tuong-de-ghe-tham-san-may-cau-go-binh-minh' class='heading-h2 toc-link smooth-scroll'>2. Th\u1eddi \u0111i\u1ec3m l\u00fd t\u01b0\u1edfng \u0111\u1ec3 gh\u00e9 th\u0103m S\u0103n m\u00e2y C\u1ea7u G\u1ed7 &#8211; B\u00ecnh Minh\u00a0<\/a>\n<li><a href='https:\/\/dalatreview.vn\/en#3-kinh-nghiem-tham-quan-san-may-cau-go-binh-minh' class='heading-h2 toc-link smooth-scroll'>3. Kinh nghi\u1ec7m tham quan S\u0103n m\u00e2y C\u1ea7u G\u1ed7 &#8211; B\u00ecnh Minh\u00a0<\/a>\n<li><a href='https:\/\/dalatreview.vn\/en#4-thong-tin-dat-ve-tham-quan-san-may-cau-go-binh-minh' class='heading-h2 toc-link smooth-scroll'>4. Th\u00f4ng tin \u0111\u1eb7t v\u00e9 tham quan s\u0103n m\u00e2y C\u1ea7u G\u1ed7 B\u00ecnh Minh\u00a0<\/a><\/ul>\n<\/ul>\n<\/li>\n<\/ul>\n<\/nav>\n<h2 style=\"text-align: center;\" id=\"ve-tham-quan-san-may-cau-go-binh-minh\"><span style=\"color: #003300;\"><strong>V\u00e9 tham quan S\u0103n M\u00e2y C\u1ea7u G\u1ed7 &#8211; B\u00ecnh Minh<\/strong><\/span><\/h2>\n<p>\u0110\u00e0 L\u1ea1t m\u00f9a n\u00e0o c\u0169ng \u0111\u1eb9p! \u0110\u1ebfn v\u1edbi \u0110\u00e0 L\u1ea1t v\u00e0o b\u1ea5t c\u1ee9 th\u1eddi \u0111i\u1ec3m n\u00e0o trong n\u0103m, b\u1ea1n c\u0169ng s\u1ebd y\u00eau m\u1ebfn m\u1ea3nh \u0111\u1ea5t n\u00e0y. V\u00e0 n\u1ebfu nh\u01b0 v\u1eabn \u0111ang ph\u00e2n v\u00e2n kh\u00f4ng bi\u1ebft \u0111i \u0111\u00e2u, ng\u1eafm g\u00ec trong m\u00f9a h\u00e8 \u0110\u00e0 L\u1ea1t!? V\u1eady h\u00e3y \u0111\u1ec3 ch\u00fang\u00a0d\u1eabn b\u1ea1n \u0111i tr\u1ea3i nghi\u1ec7m Tour s\u0103n m\u00e2y \u0110\u00e0 L\u1ea1t 2023 \u2013 S\u0103n m\u00e2y C\u1ea7u G\u1ed7 B\u00ecnh Minh\u00a0d\u01b0\u1edbi \u0111\u00e2y nh\u00e9!<\/p>\n<p><img decoding=\"async\" src=\"https:\/\/cdn.abphotos.link\/photos\/resized\/x\/2023\/08\/31\/1693446232_AX9Q6zWdJKSRBiuj_1693449892-phpvxbys9.png\" alt=\"s\u0103n m\u00e2y c\u1ea7u g\u1ed7 b\u00ecnh minh\" \/><\/p>\n<h2 id=\"1-ve-tham-quan-san-may-cau-go-binh-minh\"><strong>1. <\/strong><strong>V\u00e9 tham quan s\u0103n m\u00e2y C\u1ea7u G\u1ed7 B\u00ecnh Minh\u00a0<\/strong><\/h2>\n<p>Nh\u1eb1m ti\u1ebft ki\u1ec7m th\u1eddi gian, gi\u1ea3m thi\u1ec3u chi ph\u00ed du l\u1ecbch v\u00e0 \u0111\u01b0\u1ee3c tho\u1ea3i m\u00e1i tr\u1ea3i nghi\u1ec7m c\u00e1c d\u1ecbch v\u1ee5 b\u1ea1n c\u00f3 th\u1ec3 t\u1ea3i app book tour s\u0103n m\u00e2y qua <span style=\"color: #ff0000;\"><strong><a style=\"color: #ff0000;\" href=\"https:\/\/dalatreview.com\/tour-san-may-cau-dat-thien-duong-san-may\" target=\"_blank\" rel=\"noopener\">\u1ee8ng d\u1ee5ng \u0110\u00e0 L\u1ea1t Review T\u1ea5t T\u1ea7n T\u1eadt<\/a><\/strong><\/span> tr\u00ean Moblie<\/p>\n<p>Khi t\u1ea3i \u1ee9ng d\u1ee5ng \u0110\u00e0 L\u1ea1t Review T\u1ea5t T\u1ea7n T\u1eadt b\u1ea1n s\u1ebd nh\u1eadn \u0111\u01b0\u1ee3c\u00a0<span style=\"color: #ff0000;\"><strong>voucher mua h\u00e0ng 20k<\/strong><\/span>\u00a0(\u00c1p d\u1ee5ng cho h\u00f3a \u0111\u01a1n tr\u00ean 100.000\u0111) v\u00e0 r\u1ea5t nhi\u1ec1u \u01b0u \u0111\u00e3i h\u1ea5p d\u1eabn kh\u00e1c \u0111ang ch\u1edd \u0111\u00f3n b\u1ea1n.<\/p>\n<p>\u0110\u00e0 L\u1ea1t kh\u00f4ng ch\u1ec9 g\u00e2y \u1ea5n t\u01b0\u1ee3ng b\u1edfi nh\u1eefng r\u1eebng th\u00f4ng tr\u1ea7m m\u1eb7c\u00a0lung linh, h\u00ecnh \u1ea3nh\u00a0th\u00e0nh ph\u1ed1 l\u00ean \u0111\u00e8n l\u1ed9n l\u1eaby\u00a0m\u00e0 c\u00f2n b\u1edfi nh\u1eefng thung l\u0169ng cu\u1ed3n cu\u1ed9n bi\u1ec3n m\u00e2y tr\u1eafng. N\u1ebfu l\u00e0 m\u1ed9t t\u00edn \u0111\u1ed3 \u01b0a x\u00ea d\u1ecbch v\u00e0 th\u00edch ng\u1eafm bi\u1ec3n m\u00e2y b\u1ed3ng b\u1ec1nh, du kh\u00e1ch kh\u00f4ng n\u00ean b\u1ecf l\u1ee1 S\u0103n m\u00e2y C\u1ea7u G\u1ed7 &#8211; B\u00ecnh Minh, n\u01a1i \u0111\u01b0\u1ee3c v\u00ed nh\u01b0 &#8220;thi\u00ean \u0111\u01b0\u1eddng s\u0103n m\u00e2y&#8221; t\u1ea1i \u0110\u00e0 L\u1ea1t.<\/p>\n<p><img decoding=\"async\" class=\"alignnone wp-image-32496 size-full\" src=\"https:\/\/dalatreview.vn\/wp-content\/uploads\/2023\/08\/331436564_3472336193092858_2160065583665315665_n.jpg\" alt=\"s\u0103n m\u00e2y c\u1ea7u g\u1ed7 b\u00ecnh minh\" width=\"2048\" height=\"1365\" \/><\/p>\n<p>\u0110\u01b0\u1ee3c t\u1eadn m\u1eaft m\u00ecnh ng\u1eafm nh\u00ecn nh\u1eefng bi\u1ec3n m\u00e2y b\u1ed3ng b\u1ec1nh ngay s\u00e1t d\u01b0\u1edbi ch\u00e2n. C\u1ea3m nh\u1eadn t\u1eebng tia n\u1eafng xuy\u00ean qua \u0111\u00e1m m\u00e2y tr\u1eafng th\u00ec c\u00f2n g\u00ec b\u1eb1ng n\u1eefa \u0111\u00fang kh\u00f4ng n\u00e0o?<\/p>\n<p><img decoding=\"async\" class=\"aligncenter wp-image-32491 size-full\" src=\"https:\/\/dalatreview.vn\/wp-content\/uploads\/2023\/08\/330841858_880589796483280_3353796001530814926_n-1.jpg\" alt=\"s\u0103n m\u00e2y c\u1ea7u g\u1ed7 b\u00ecnh minh \" width=\"2048\" height=\"1365\" \/><\/p>\n<p>S\u0103n m\u00e2y C\u1ea7u G\u1ed7 &#8211; B\u00ecnh Minh\u00a0l\u00e0 \u0111\u1ecba \u0111i\u1ec3m check in\u00a0\u0111\u00ecnh \u0111\u00e1m t\u1ea1i \u0110\u00e0 L\u1ea1t\u00a0v\u1edbi nh\u1eefng \u0111\u1ed3i ch\u00e8 xanh m\u00e1t, nh\u1eefng c\u1ed9t \u0111i\u1ec7n gi\u00f3 cao v\u00f3t, \u0111\u1eb9p y\u00ean b\u00ecnh. Khi \u0111\u1ebfn \u0111\u00e2y ch\u1eafc ch\u1eafn b\u1ea1n s\u1ebd kh\u00f4ng kh\u1ecfi tho\u1ea3ng th\u1ed1t tr\u01b0\u1edbc c\u1ea3nh s\u1eafc t\u1ef1a ch\u1ed1n b\u1ed3ng lai ti\u00ean c\u1ea3nh n\u00e0y.<\/p>\n<p><img decoding=\"async\" class=\"aligncenter wp-image-32501 size-full\" src=\"https:\/\/dalatreview.vn\/wp-content\/uploads\/2023\/08\/339126523_146540978361160_6648518630151172182_n-1.jpg\" alt=\"\u0111\u1ed3i ch\u00e8 c\u1ea7u \u0111\u1ea5t\" width=\"2048\" height=\"1364\" \/><\/p>\n<p>B\u1ea7u tr\u1eddi s\u00e1ng mai n\u01a1i \u0111\u00e2y \u0111\u1eb9p t\u1ef1a m\u1ed9t b\u1ee9c tranh thu\u1ef7 m\u1eb7c v\u1edbi s\u1eafc tr\u1eafng tinh kh\u00f4i t\u1eeb m\u00e2y tr\u1eddi, xanh ng\u00e1t c\u1ee7a nh\u1eefng \u0111\u1ed3i ch\u00e8, \u0111i\u1ec3m xuy\u1ebft th\u00eam m\u00e0u v\u00e0ng \u01b0\u01a1m c\u1ee7a nh\u1eefng b\u00f4ng hoa d\u1ea1i v\u00e0 xa xa l\u00e0 nh\u1eefng h\u00e0ng th\u00f4ng t\u00edt t\u1eafp \u0111\u1ebfn khu\u1ea5t t\u1ea7m nh\u00ecn.<\/p>\n<p><img decoding=\"async\" class=\"aligncenter wp-image-32507 size-full\" src=\"https:\/\/dalatreview.vn\/wp-content\/uploads\/2023\/08\/347434368_761376578994556_7438196031634895701_n.jpg\" alt=\"s\u0103n m\u00e2y c\u1ea7u g\u1ed7\" width=\"2048\" height=\"1366\" \/><\/p>\n<p>B\u1ea1n c\u00f3 th\u1ec3 ng\u1ed3i thong dong, th\u01b0\u1edfng th\u1ee9c nh\u1eefng t\u00e1ch cafe n\u00f3ng v\u00e0 chi\u00eam ng\u01b0\u1ee1ng c\u1ea3nh gi\u00f3 tr\u1eddi ho\u1eb7c c\u00f3 th\u1ec3 t\u1ea3n b\u1ed9 xu\u1ed1ng khu v\u1ef1c \u0111\u1ed3i ch\u00e8, men theo c\u1ea7u g\u1ed7 \u0111\u1ec3 ho\u00e0 m\u00ecnh v\u00e0o thi\u00ean nhi\u00ean, h\u00edt h\u00e0 b\u1ea7u kh\u00f4ng kh\u00ed m\u00e1t l\u00e0nh pha l\u1eabn h\u01b0\u01a1ng th\u01a1m d\u1ecbu t\u1eeb ch\u00e8 t\u01b0\u01a1i.<\/p>\n<p><img decoding=\"async\" src=\"https:\/\/cdn.abphotos.link\/photos\/resized\/x\/2023\/08\/31\/1693446363_3MF6mKR8AVtHPjDS_1693454905-phpwxwand.png\" alt=\"s\u0103n m\u00e2y c\u1ea7u g\u1ed7 b\u00ecnh minh\" \/><\/p>\n<h2 id=\"2-thoi-diem-ly-tuong-de-ghe-tham-san-may-cau-go-binh-minh\"><strong>2. Th\u1eddi \u0111i\u1ec3m l\u00fd t\u01b0\u1edfng \u0111\u1ec3 gh\u00e9 th\u0103m S\u0103n m\u00e2y C\u1ea7u G\u1ed7 &#8211; B\u00ecnh Minh\u00a0<\/strong><\/h2>\n<p>M\u00f9a m\u01b0a v\u00e0 ch\u1edbm \u0111\u00f4ng t\u1eeb th\u00e1ng 5 &#8211; 11 l\u00e0 kho\u1ea3ng th\u1eddi gian s\u0103n m\u00e2y \u1edf C\u1ea7u G\u1ed7 \u0111\u1eb9p nh\u1ea5t trong n\u0103m. Trong khi \u0111\u00f3, th\u1eddi \u0111i\u1ec3m m\u00e2y d\u00e0y v\u00e0 \u0111\u1eb9p nh\u1ea5t trong ng\u00e0y l\u00e0 t\u1eeb 5:30 &#8211; 6:15h s\u00e1ng.\u00a0L\u00fac n\u00e0y n\u1eafng ch\u01b0a l\u00ean, m\u00e2y d\u00e0y v\u00e0 b\u1ed3ng b\u1ec1nh v\u1eddn \u0111u\u1ed5i nhau t\u1ea1o n\u00ean m\u1ed9t bi\u1ec3n m\u00e2y v\u00f4 t\u1eadn.<\/p>\n<p><img decoding=\"async\" class=\"aligncenter wp-image-32486 size-full\" src=\"https:\/\/dalatreview.vn\/wp-content\/uploads\/2023\/08\/312378993_134723542686589_2171405031141372027_n.jpg\" alt=\"s\u0103n m\u00e2y c\u1ea7u g\u1ed7 b\u00ecnh minh \" width=\"2048\" height=\"1536\" \/><\/p>\n<p>\u0110\u00e0 L\u1ea1t c\u00f3 m\u00e2y m\u00f9 quanh n\u0103m, nh\u01b0ng \u0111\u1eb9p v\u00e0 th\u01a1 m\u1ed9ng nh\u1ea5t th\u01b0\u1eddng l\u00e0 v\u00e0o m\u00f9a m\u01b0a t\u1eeb th\u00e1ng 5 &#8211; 7 ho\u1eb7c ch\u1edbm \u0111\u00f4ng (th\u00e1ng 10 &#8211; 11). L\u00fac n\u00e0y \u0111\u1ed9 \u1ea9m trong kh\u00f4ng kh\u00ed kh\u00e1 cao, cho nh\u1eefng t\u1ea7ng m\u00e2y d\u00e0y, cu\u1ed9n tr\u00f2n l\u1ea5p \u0111\u1ea7y ch\u00e2n thung l\u0169ng.<\/p>\n<p><img decoding=\"async\" class=\"alignnone size-full wp-image-32508\" src=\"http:\/\/localhost\/wordpress\/wp-content\/uploads\/2023\/08\/313204162_133216682837275_3230921140401404353_n.jpg\" alt=\"tr\u1ea3i nghi\u1ec7m s\u0103n m\u00e2y c\u1ea7u g\u1ed7 b\u00ecnh minh \" width=\"1536\" height=\"2048\" \/><\/p>\n<p>\u0110\u1eb7c bi\u1ec7t, m\u1ed9t kinh nghi\u1ec7m s\u0103n m\u00e2y m\u00e0 \u0110\u00e0 L\u1ea1t Review mu\u1ed1n g\u1eedi \u0111\u1ebfn b\u1ea1n \u0111\u00f3 l\u00e0\u00a0v\u00e0o nh\u1eefng ng\u00e0y m\u00e0 h\u00f4m tr\u01b0\u1edbc c\u00f3 m\u01b0a, th\u1eddi ti\u1ebft \u1ea9m \u01b0\u1edbt v\u00e0 \u0111\u1eb7c bi\u1ec7t l\u00e0 \u00edt gi\u00f3 th\u00ec s\u00e1ng h\u00f4m sau 90% s\u1ebd c\u00f3 m\u00e2y \u0111\u1eb9p.<\/p>\n<p><img decoding=\"async\" src=\"https:\/\/cdn.abphotos.link\/photos\/resized\/x\/2023\/08\/31\/1693446467_eqRSnJmQYNrCFTkB_1693456370-phpkjn1gx.png\" alt=\"s\u0103n m\u00e2y c\u1ea7u g\u1ed7 b\u00ecnh minh \u0111\u00e0 l\u1ea1t\" \/><\/p>\n<h2 id=\"3-kinh-nghiem-tham-quan-san-may-cau-go-binh-minh\"><strong>3. Kinh nghi\u1ec7m tham quan S\u0103n m\u00e2y C\u1ea7u G\u1ed7 &#8211; B\u00ecnh Minh\u00a0<\/strong><\/h2>\n<p>Th\u1eddi \u0111i\u1ec3m \u0111\u1eb9p nh\u1ea5t \u0111\u1ec3 b\u1ea1n c\u00f3 th\u1ec3 chi\u00eam ng\u01b0\u1ee1ng nh\u1eefng bi\u1ec3n m\u00e2y b\u1ed3ng b\u1ec1nh l\u00e0\u00a0t\u1eeb 5 &#8211; 6h s\u00e1ng v\u00e0 tan d\u1ea7n khi n\u1eafng l\u00ean. Do \u0111\u00f3, b\u1ea1n c\u1ea7n\u00a0ph\u1ea3i d\u1eady s\u1edbm t\u1eeb 3 &#8211; 4h \u0111\u1ec3 chu\u1ea9n b\u1ecb v\u00e0 di chuy\u1ec3n \u0111\u1ebfn n\u01a1i tr\u01b0\u1edbc khi m\u00e2y tan.<\/p>\n<p><img decoding=\"async\" class=\"aligncenter wp-image-32503 size-full\" src=\"https:\/\/dalatreview.vn\/wp-content\/uploads\/2023\/08\/339297519_2463036767186382_3202542227567690005_n-1.jpg\" alt=\"s\u0103n m\u00e2y c\u1ea7u g\u1ed7 \" width=\"2048\" height=\"1364\" \/><\/p>\n<p>V\u00ec\u00a0cung \u0111\u01b0\u1eddng kh\u00e1 x\u1ea5u, th\u1eddi ti\u1ebft l\u1ea1nh gi\u00e1 v\u00e0 tr\u1eddi t\u1ed1i n\u00ean vi\u1ec7c di chuy\u1ec3n b\u1eb1ng xe m\u00e1y ch\u1ec9 ph\u00f9 h\u1ee3p v\u1edbi nh\u1eefng nh\u00f3m b\u1ea1n tr\u1ebb, bi\u1ebft r\u00f5 \u0111\u01b0\u1eddng \u0111i v\u00e0 c\u00f3 tay l\u00e1i v\u1eefng ch\u1eafc.<\/p>\n<p><img decoding=\"async\" class=\"aligncenter wp-image-32509 size-full\" src=\"https:\/\/dalatreview.vn\/wp-content\/uploads\/2023\/08\/310272921_126533676838909_7747658136844057032_n.jpg\" alt=\"check in s\u0103n m\u00e2y c\u1ea7u g\u1ed7 b\u00ecnh minh\" width=\"1536\" height=\"2048\" \/><\/p>\n<p>N\u1ebfu du l\u1ecbch c\u00f9ng gia \u0111\u00ecnh, hay nh\u00f3m ch\u1ec9 to\u00e0n n\u1eef th\u00ec thu\u00ea xe taxi ch\u00ednh l\u00e0 l\u1ef1a ch\u1ecdn ph\u00f9 h\u1ee3p cho m\u1ed9t chuy\u1ebfn \u0111i an to\u00e0n v\u00e0 thu\u1eadn ti\u1ec7n h\u01a1n.<\/p>\n<p><img decoding=\"async\" class=\"aligncenter wp-image-32502 size-full\" src=\"https:\/\/dalatreview.vn\/wp-content\/uploads\/2023\/08\/339245410_1221709612048924_2476305087895947915_n-2.jpg\" alt=\"trang ph\u1ee5c khi \u0111i s\u0103n m\u00e2y c\u1ea7u g\u1ed7 b\u00ecnh minh \" width=\"2048\" height=\"1364\" \/><\/p>\n<p>Th\u1eddi ti\u1ebft \u0110\u00e0 l\u1ea1t bu\u1ed5i s\u00e1ng s\u1ebd kh\u00e1 l\u1ea1nh, \u0111\u00f4i khi\u00a0ch\u1ec9 c\u00f2n 8-10 \u0111\u1ed9 C. V\u00ec v\u1eady b\u1ea1n c\u1ea7n ph\u1ea3i ch\u00fa \u00fd m\u1eb7c th\u00eam \u00e1o gi\u1eef nhi\u1ec7t b\u00ean trong v\u00e0 kho\u00e1c th\u00eam \u00e1o phao \u1ea5m \u00e1p. N\u1ebfu di chuy\u1ec3n b\u1eb1ng xe m\u00e1y th\u00ec c\u00e1c ph\u1ee5 ki\u1ec7n nh\u01b0 m\u0169 len, g\u0103ng tay, \u00e1o m\u01b0a l\u00e0 v\u00f4 c\u00f9ng c\u1ea7n thi\u1ebft \u0111\u1ec3 ch\u1ed1ng gi\u00f3 v\u00e0 gi\u1eef \u1ea5m c\u01a1 th\u1ec3.<\/p>\n<p><img decoding=\"async\" src=\"https:\/\/cdn.abphotos.link\/photos\/resized\/x\/2023\/08\/31\/1693446521_ALXouviRrYtdTsIP_1693453597-phpajhgnn.png\" alt=\"s\u0103n m\u00e2y c\u1ea7u g\u1ed7 b\u00ecnh minh\" \/><\/p>\n<h2 id=\"4-thong-tin-dat-ve-tham-quan-san-may-cau-go-binh-minh\"><span style=\"color: #003300;\"><strong>4. Th\u00f4ng tin \u0111\u1eb7t v\u00e9 tham quan s\u0103n m\u00e2y C\u1ea7u G\u1ed7 B\u00ecnh Minh\u00a0<\/strong><\/span><\/h2>\n<p>\u0110\u1ec3 ti\u1ebft ki\u1ec7m th\u1eddi gian \u0111\u1eb7t v\u00e9 b\u1ea1n h\u00e3y t\u1ea3i ngay \u1ee9ng d\u1ee5ng sau \u0111\u00e2y:\u00a0<strong><span style=\"color: #993300;\"><a style=\"color: #993300;\" href=\"https:\/\/share.abphotos.link\/dePd\" target=\"_blank\" rel=\"noopener\">\u0110\u00e0 L\u1ea1t Review T\u1ea5t T\u1ea7n T\u1eadt<\/a><\/span><\/strong><\/p>\n<p>Ngo\u00e0i ra, qu\u00fd kh\u00e1ch c\u00f3 th\u1ec3 chat tr\u1ef1c ti\u1ebfp tr\u00ean App\/Website \u0111\u1ec3 nh\u00e2n vi\u00ean c\u1ee7a ch\u00fang t\u00f4i t\u01b0 v\u1ea5n th\u00eam v\u1ec1 s\u1ea3n ph\u1ea9m v\u00e0 d\u1ecbch v\u1ee5, ho\u1eb7c li\u00ean h\u1ec7<\/p>\n<p><strong><span style=\"color: #ff0000;\">Hotline:<\/span><\/strong> 0983 249 297<\/p>","protected":false},"excerpt":{"rendered":"<p>Danh m\u1ee5c ch\u00ednh V\u00e9 tham quan S\u0103n M\u00e2y C\u1ea7u G\u1ed7 &#8211; B\u00ecnh Minh 1. V\u00e9 tham quan s\u0103n m\u00e2y C\u1ea7u G\u1ed7 B\u00ecnh Minh\u00a0 2. Th\u1eddi \u0111i\u1ec3m l\u00fd t\u01b0\u1edfng \u0111\u1ec3 gh\u00e9 th\u0103m S\u0103n m\u00e2y C\u1ea7u G\u1ed7 &#8211; B\u00ecnh Minh\u00a0 3. Kinh nghi\u1ec7m tham quan S\u0103n m\u00e2y C\u1ea7u G\u1ed7 &#8211; B\u00ecnh Minh\u00a0 4. Th\u00f4ng tin \u0111\u1eb7t v\u00e9 [&hellip;]<\/p>","protected":false},"featured_media":32489,"comment_status":"open","ping_status":"closed","template":"","meta":{"_acf_changed":false,"rank_math_lock_modified_date":false},"product_cat":[1187],"product_tag":[],"acf":[],"_links":{"self":[{"href":"https:\/\/dalatreview.vn\/en\/wp-json\/wp\/v2\/product\/31819"}],"collection":[{"href":"https:\/\/dalatreview.vn\/en\/wp-json\/wp\/v2\/product"}],"about":[{"href":"https:\/\/dalatreview.vn\/en\/wp-json\/wp\/v2\/types\/product"}],"replies":[{"embeddable":true,"href":"https:\/\/dalatreview.vn\/en\/wp-json\/wp\/v2\/comments?post=31819"}],"wp:featuredmedia":[{"embeddable":true,"href":"https:\/\/dalatreview.vn\/en\/wp-json\/wp\/v2\/media\/32489"}],"wp:attachment":[{"href":"https:\/\/dalatreview.vn\/en\/wp-json\/wp\/v2\/media?parent=31819"}],"wp:term":[{"taxonomy":"product_cat","embeddable":true,"href":"https:\/\/dalatreview.vn\/en\/wp-json\/wp\/v2\/product_cat?post=31819"},{"taxonomy":"product_tag","embeddable":true,"href":"https:\/\/dalatreview.vn\/en\/wp-json\/wp\/v2\/product_tag?post=31819"}],"curies":[{"name":"wp","href":"https:\/\/api.w.org\/{rel}","templated":true}]}}