
{"id":31800,"date":"2023-08-25T14:27:19","date_gmt":"2023-08-25T07:27:19","guid":{"rendered":"https:\/\/dalatreview.vn\/?p=31800"},"modified":"2024-05-30T09:20:48","modified_gmt":"2024-05-30T09:20:48","slug":"tour-san-may-cau-go-binh-minh-da-lat","status":"publish","type":"product","link":"https:\/\/dalatreview.vn\/en\/tour-san-may-cau-go-binh-minh-da-lat.html","title":{"rendered":"Tour hunting clouds Wooden Bridge \u2013 dawn Da Lat"},"content":{"rendered":"<nav class=\"vietrick-auto-toc\">\n<div class=\"box-title\">\n<h3 class=\"toc-title\" id=\"select-menu\">Danh m\u1ee5c ch\u00ednh<\/h3>\n<div><ion-icon name=\"chevron-up-outline\"><\/ion-icon><\/div>\n<\/div>\n<ul class=\"toc-list\">\n<li><a href='https:\/\/dalatreview.vn\/en#tour-san-may-cau-go-binh-minh-da-lat' class='heading-h2 toc-link smooth-scroll'>Tour s\u0103n m\u00e2y C\u1ea7u G\u1ed7 &#8211; B\u00ecnh Minh \u0110\u00e0 L\u1ea1t<\/a>\n<li><a href='https:\/\/dalatreview.vn\/en#1-tour-san-may-cau-go-binh-minh' class='heading-h2 toc-link smooth-scroll'>1. Tour s\u0103n m\u00e2y C\u1ea7u g\u1ed7 b\u00ecnh minh<\/a>\n<li><a href='https:\/\/dalatreview.vn\/en#2-lich-trinh-tour-san-may-cau-go-binh-minh' class='heading-h2 toc-link smooth-scroll'>2. L\u1ecbch tr\u00ecnh tour s\u0103n m\u00e2y c\u1ea7u g\u1ed7 b\u00ecnh minh\u00a0<\/a>\n<li><a href='https:\/\/dalatreview.vn\/en#3-dich-vu-tour-san-may-cau-go-binh-minh' class='heading-h2 toc-link smooth-scroll'>3. D\u1ecbch v\u1ee5 tour s\u0103n m\u00e2y c\u1ea7u g\u1ed7 b\u00ecnh minh<\/a>\n<li><a href='https:\/\/dalatreview.vn\/en#4-thong-tin-dat-ve-san-may-cau-go-binh-minh' class='heading-h2 toc-link smooth-scroll'>4. Th\u00f4ng tin \u0111\u1eb7t v\u00e9 s\u0103n m\u00e2y c\u1ea7u g\u1ed7 b\u00ecnh minh\u00a0<\/a><\/ul>\n<\/ul>\n<\/li>\n<\/ul>\n<\/nav>\n<h2 style=\"text-align: center;\" id=\"tour-san-may-cau-go-binh-minh-da-lat\">Tour s\u0103n m\u00e2y C\u1ea7u G\u1ed7 &#8211; B\u00ecnh Minh \u0110\u00e0 L\u1ea1t<\/h2>\n<p>M\u1ed9t trong nh\u1eefng tr\u1ea3i nghi\u1ec7m th\u00fa v\u1ecb nh\u1ea5t khi \u0111\u1ebfn v\u1edbi \u0110\u00e0 L\u1ea1t m\u00e0 b\u1ea1n kh\u00f4ng n\u00ean b\u1ecf qua \u0111\u00f3 \u0111\u00f3 l\u00e0 s\u0103n m\u00e2y. V\u00e0 \u0111\u1ecba \u0111i\u1ec3m \u0111\u01b0\u1ee3c nhi\u1ec1u ng\u01b0\u1eddi l\u1ef1a ch\u1ecdn ch\u00ednh l\u00e0 S\u0103n M\u00e2y C\u1ea7u G\u1ed7 \u2013 B\u00ecnh Minh. Tr\u1ea3i nghi\u1ec7m s\u0103n m\u00e2y t\u1ea1i \u0111\u00e2y s\u1ebd \u0111em l\u1ea1i cho b\u1ea1n nhi\u1ec1u c\u1ea3m x\u00fac m\u1edbi m\u1ebb.<\/p>\n<p><img decoding=\"async\" class=\"alignnone wp-image-31802 size-full\" src=\"https:\/\/dalatreview.vn\/wp-content\/uploads\/2023\/08\/329083810_9541247382568163_5502776968528779368_n.jpg\" alt=\"s\u0103n m\u00e2y c\u1ea7u g\u1ed7 b\u00ecnh minh \" width=\"2048\" height=\"1364\" \/><\/p>\n<h2 id=\"1-tour-san-may-cau-go-binh-minh\"><span style=\"color: #003300;\"><strong>1. Tour s\u0103n m\u00e2y C\u1ea7u g\u1ed7 b\u00ecnh minh<\/strong><\/span><\/h2>\n<p>Nh\u1eb1m ti\u1ebft ki\u1ec7m th\u1eddi gian, gi\u1ea3m thi\u1ec3u chi ph\u00ed du l\u1ecbch v\u00e0 \u0111\u01b0\u1ee3c tho\u1ea3i m\u00e1i tr\u1ea3i nghi\u1ec7m c\u00e1c d\u1ecbch v\u1ee5 b\u1ea1n c\u00f3 th\u1ec3 t\u1ea3i app book tour s\u0103n m\u00e2y qua<span style=\"color: #ff0000;\"> <strong><a style=\"color: #ff0000;\" href=\"https:\/\/dalatreview.com\/tour-san-may-cau-dat-san-may-cau-go-binh-minh\" target=\"_blank\" rel=\"noopener\">\u1ee8ng d\u1ee5ng \u0110\u00e0 L\u1ea1t Review T\u1ea5t T\u1ea7n T\u1eadt<\/a> <\/strong><\/span>tr\u00ean Mobile<\/p>\n<p>Khi t\u1ea3i \u1ee9ng d\u1ee5ng \u0110\u00e0 L\u1ea1t Review T\u1ea5t T\u1ea7n T\u1eadt b\u1ea1n s\u1ebd nh\u1eadn \u0111\u01b0\u1ee3c <span style=\"color: #ff0000;\"><strong>voucher mua h\u00e0ng 20k<\/strong> <\/span>(\u00c1p d\u1ee5ng cho h\u00f3a \u0111\u01a1n tr\u00ean 100.000\u0111) v\u00e0 r\u1ea5t nhi\u1ec1u \u01b0u \u0111\u00e3i h\u1ea5p d\u1eabn kh\u00e1c \u0111ang ch\u1edd \u0111\u00f3n b\u1ea1n.<\/p>\n<p>\u0110\u1ed1i v\u1edbi nh\u1eefng b\u1ea1n l\u1ea7n \u0111\u1ea7u ti\u00ean \u0111\u1ebfn \u0110\u00e0 L\u1ea1t v\u00e0 mu\u1ed1n tr\u1ea3i nghi\u1ec7m ho\u1ea1t \u0111\u1ed9ng s\u0103n m\u00e2y nh\u01b0ng l\u1ea1i kh\u00f4ng r\u00e0nh \u0111\u01b0\u1eddng, ho\u1eb7c lo ng\u1ea1i m\u00ecnh kh\u00f4ng th\u1ec3 r\u1eddi kh\u1ecfi chi\u1ebfc ch\u0103n \u1ea5m \u00e1p bu\u1ed5i s\u00e1ng \u0111\u1ec3 \u0111i s\u0103n m\u00e2y v\u1eady th\u00ec vi\u1ec7c book tour s\u0103n m\u00e2y s\u1ebd l\u00e0 m\u1ed9t gi\u1ea3i ph\u00e1p v\u00f4 c\u00f9ng th\u00edch h\u1ee3p.<\/p>\n<p><img decoding=\"async\" class=\"alignleft wp-image-31803 size-full\" src=\"https:\/\/dalatreview.vn\/wp-content\/uploads\/2023\/08\/331526899_722349642725956_1227605668192369907_n.jpg\" alt=\"s\u0103n m\u00e2y c\u1ea7u g\u1ed7 b\u00ecnh minh \" width=\"2048\" height=\"1365\" \/><\/p>\n<p>N\u1ebfu chuy\u1ebfn \u0111i du l\u1ecbch \u0110\u00e0 L\u1ea1t s\u1eafp t\u1edbi b\u1ea1n mu\u1ed1n m\u1ed9t l\u1ea7n \u0111\u01b0\u1ee3c tr\u1ea3i nghi\u1ec7m ho\u1ea1t \u0111\u1ed9ng s\u0103n m\u00e2y v\u1eady th\u00ec \u0111\u1eebng b\u1ecf qua tr\u1ea3i nghi\u1ec7m Tour s\u0103n m\u00e2y c\u1ea7u g\u1ed7 b\u00ecnh minh si\u00eau hot d\u01b0\u1edbi \u0111\u00e2y nh\u00e9!<\/p>\n<p><img decoding=\"async\" class=\"aligncenter wp-image-31804 size-full\" src=\"https:\/\/dalatreview.vn\/wp-content\/uploads\/2023\/08\/339245410_1221709612048924_2476305087895947915_n.jpg\" alt=\"s\u0103n m\u00e2y c\u1ea7u g\u1ed7 b\u00ecnh minh \" width=\"2048\" height=\"1364\" \/><\/p>\n<p>\u0110\u01b0\u1ee3c t\u1eadn m\u1eaft m\u00ecnh ng\u1eafm nh\u00ecn nh\u1eefng bi\u1ec3n m\u00e2y b\u1ed3ng b\u1ec1nh ngay s\u00e1t d\u01b0\u1edbi ch\u00e2n. C\u1ea3m nh\u1eadn t\u1eebng tia n\u1eafng xuy\u00ean qua \u0111\u00e1m m\u00e2y tr\u1eafng th\u00ec c\u00f2n g\u00ec b\u1eb1ng n\u1eefa \u0111\u00fang kh\u00f4ng n\u00e0o?<\/p>\n<p><img decoding=\"async\" class=\"aligncenter wp-image-31805 size-full\" src=\"https:\/\/dalatreview.vn\/wp-content\/uploads\/2023\/08\/366976857_668980761818567_1298413472966707908_n.jpg\" alt=\"s\u0103n m\u00e2y c\u1ea7u g\u1ed7 b\u00ecnh minh\" width=\"2048\" height=\"1534\" \/><\/p>\n<h2 id=\"2-lich-trinh-tour-san-may-cau-go-binh-minh\"><strong>2. L\u1ecbch tr\u00ecnh tour s\u0103n m\u00e2y c\u1ea7u g\u1ed7 b\u00ecnh minh\u00a0<\/strong><\/h2>\n<p><strong>L\u1ecbch tr\u00ecnh c\u1ee5 th\u1ec3 tour s\u0103n m\u00e2y c\u1ea7u g\u1ed7 b\u00ecnh minh:<\/strong><\/p>\n<p>\u0110\u00f3n b\u00ecnh m\u00ecnh tr\u00ean c\u00e2y c\u1ea7u g\u1ed7 th\u01a1 m\u1ed9ng, ng\u1eafm \u0111\u1ed3i ch\u00e8 xanh ng\u00e1t, tr\u1ea3i nghi\u1ec7m h\u00e1i nh\u1eefng l\u00e1 ch\u00e8 non c\u00f2n \u0111\u1ecdng nh\u1eefng gi\u1ecdt s\u01b0\u01a1ng mai<\/p>\n<p>\u0110\u1eafm ch\u00ecm trong bi\u1ec3n m\u00e2y \u0111\u1ea1i ng\u00e0n, h\u00edt th\u1edf b\u1ea7u kh\u00f4ng kh\u00ed tinh s\u01b0\u01a1ng tr\u00ean c\u00e2y c\u1ea7u g\u1ed7 \u0111\u1ed9c m\u1ed9c, \u0111i\u1ec3m nh\u1ea5n kh\u00f4ng th\u1ec3 b\u1ecf qua khi \u0111\u1ebfn v\u1edbi \u0110\u1ed3i ch\u00e8 C\u1ea7u \u0110\u1ea5t<\/p>\n<p>Th\u01b0\u1edfng th\u1ee9c tr\u00e0 \u2013 c\u00e0 ph\u00ea c\u1ea7u \u0111\u1ea5t \u1ea5m n\u00f3ng gi\u1eefa c\u00e1i se l\u1ea1nh \u0111\u1eb7c tr\u01b0ng c\u1ee7a \u0110\u00e0 L\u1ea1t, \u0111i\u1ec3m t\u00e2m ng\u1eafm nh\u00ecn khung c\u1ea3nh n\u00fai r\u1eebng m\u00e0 \u1edf d\u01b0\u1edbi xu\u00f4i ch\u00fang m\u00ecnh g\u1ecdi view n\u00e0y l\u00e0 view tri\u1ec7u \u0111\u00f4.<\/p>\n<p dir=\"auto\">Check in nh\u1eefng c\u00e1nh qu\u1ea1t gi\u00f3 kh\u1ed5ng l\u1ed3 gi\u1eefa \u0111\u1ed3i ch\u00e8 xanh m\u00e1t b\u1ea1t ng\u00e0n.<\/p>\n<p dir=\"auto\">Check in \u0111\u1ed3i c\u1ecf ch\u00e1y, n\u01a1i m\u00e0 nh\u1eefng ng\u01b0\u1eddi y\u00eau thi\u00ean nhi\u00ean kh\u00f4ng th\u1ec3 b\u1ecf qua hay con \u0111\u01b0\u1eddng mang t\u00ean T\u0103ng Thanh H\u00e0 b\u1edfi t\u1ea5m h\u00ecnh tri\u1ec7u view c\u1ee7a n\u1eef ca s\u0129<\/p>\n<p>Tham quan v\u01b0\u1eddn h\u1ed3ng treo gi\u00f3 \u0111\u1ecba ph\u01b0\u01a1ng, th\u01b0\u1edfng th\u1ee9c c\u00e1c m\u00f3n \u0111\u1eb7c s\u1ea3n \u0110\u00e0 L\u1ea1t mi\u1ec5n ph\u00ed.<\/p>\n<p><img decoding=\"async\" class=\"size-full wp-image-31806 aligncenter\" src=\"https:\/\/dalatreview.vn\/wp-content\/uploads\/2023\/08\/Thiet-ke-chua-co-ten.jpg\" alt=\"tour s\u0103n m\u00e2y c\u1ea7u g\u1ed7 b\u00ecnh minh\" width=\"1200\" height=\"900\" \/><\/p>\n<p>\u0110\u1ecba \u0111i\u1ec3m \u0111\u1ea7u ti\u00ean trong tour s\u0103n m\u00e2y l\u00e0 \u0111\u00f3n b\u00ecnh minh tr\u00ean c\u00e2y c\u1ea7u g\u1ed7 th\u01a1 m\u1ed9ng, \u0111\u00e2y \u0111\u01b0\u1ee3c xem l\u00e0 \u0111\u1ecba \u0111i\u1ec3m s\u0103n bi\u1ec3n m\u00e2y l\u00fd t\u01b0\u1edfng nh\u1ea5t \u0110\u00e0 L\u1ea1t. N\u01a1i \u0111\u00e2y c\u00f3 thi\u00ean nhi\u00ean h\u00f9ng v\u0129, xung quanh l\u00e0 \u0111\u1ed3i n\u00fai xanh ng\u00e1t. S\u00e1ng s\u1edbm ng\u1eafm bi\u1ec3n m\u00e2y chen ch\u00fac qua c\u00e1c d\u00e3y n\u00fai bay l\u1eefng l\u1edd tr\u01b0\u1edbc m\u1eb7t b\u1ea1n th\u00ec c\u00f2n g\u00ec b\u1eb1ng.<\/p>\n<p><img decoding=\"async\" class=\"alignnone wp-image-31807 size-full\" src=\"https:\/\/dalatreview.vn\/wp-content\/uploads\/2023\/08\/339093196_230772649522167_7621008525083541219_n.jpg\" alt=\"check in \u0111\u1ed3i ch\u00e8 c\u1ea7u \u0111\u1ea5t\" width=\"2048\" height=\"1364\" \/><\/p>\n<p dir=\"auto\">Ho\u1ea1t \u0111\u1ed9ng ti\u1ebfp theo tour s\u0103n m\u00e2y l\u00e0 \u0111i check in \u0111\u1ed3i ch\u00e8 C\u1ea7u \u0110\u1ea5t, b\u1ea1n s\u1ebd cho\u00e1ng ng\u1ee3p b\u1edfi c\u00e1nh \u0111\u1ed3ng ch\u00e8 xanh b\u00e1t ng\u00e1t. C\u1ed9ng th\u00eam view ng\u1eafm m\u00e2y tr\u1eafng s\u00e1ng s\u1edbm. \u0110\u00e2y h\u1ee9a h\u1eb9n l\u00e0 \u0111i\u1ec3m ng\u1eafm c\u1ea3nh checkin kh\u00f4ng l\u00e0m b\u1ea1n th\u1ea5t v\u1ecdng \u0111\u00e2u nh\u00e9!<\/p>\n<p dir=\"auto\"><img decoding=\"async\" class=\"alignnone wp-image-31808 size-full\" src=\"https:\/\/dalatreview.vn\/wp-content\/uploads\/2023\/08\/330841858_880589796483280_3353796001530814926_n.jpg\" alt=\"s\u0103n m\u00e2y c\u1ea7u g\u1ed7 b\u00ecnh minh \" width=\"2048\" height=\"1365\" \/><\/p>\n<p>Nh\u00e2m nhi ly tr\u00e0 n\u00f3ng hay cafe th\u01a1m ngon v\u00e0 th\u01b0\u1edfng ngo\u1ea1n v\u1ebb \u0111\u1eb9p m\u01a1 m\u1ed9ng c\u1ee7a nh\u1eefng \u0111\u00e1m m\u00e2y tr\u1eafng x\u00f3a l\u01a1 l\u1eedng tr\u00ean b\u1ea7u tr\u1eddi l\u00fac s\u00e1ng s\u1edbm hay m\u00e3n nh\u00e3n ng\u1eafm nh\u00ecn to\u00e0n c\u1ea3nh th\u00e0nh ph\u1ed1 lung linh d\u01b0\u1edbi \u00e1nh \u0111\u00e8n\u2026 c\u00f2n g\u00ec tuy\u1ec7t v\u1eddi h\u01a1n.<\/p>\n<p><img decoding=\"async\" class=\"alignnone wp-image-31814 size-full\" src=\"https:\/\/dalatreview.vn\/wp-content\/uploads\/2023\/08\/309893705_1829865280687813_2218878707499048711_n.jpg\" alt=\"check in \u0111\u1ed3i c\u1ecf ch\u00e1y \u0111\u00e0 l\u1ea1t\" width=\"1536\" height=\"2048\" \/><\/p>\n<p>Ngo\u00e0i vi\u1ec7c chi\u00eam ng\u1eafm nh\u1eefng bi\u1ec3n m\u00e2y b\u1ed3ng b\u1ec1nh, check in c\u00e1nh \u0111\u1ed3ng \u0111\u1ed3i ch\u00e8 xanh ng\u00e1t, ho\u1ea1t \u0111\u1ed9ng ti\u1ebfp theo trong tour s\u0103n m\u00e2y m\u00e0 b\u1ea1n s\u1ebd \u0111\u01b0\u1ee3c tr\u1ea3i nghi\u1ec7m \u0111\u00f3 l\u00e0 check in nh\u1eefng c\u00e1nh qu\u1ea1t gi\u00f3 kh\u1ed5ng l\u1ed3, check in \u0111\u1ed3i c\u1ecf ch\u00e1y, n\u01a1i m\u00e0 nh\u1eefng ng\u01b0\u1eddi y\u00eau thi\u00ean nhi\u00ean kh\u00f4ng th\u1ec3 b\u1ecf qua hay con \u0111\u01b0\u1eddng mang t\u00ean T\u0103ng Thanh H\u00e0 b\u1edfi t\u1ea5m h\u00ecnh tri\u1ec7u view c\u1ee7a n\u1eef ca s\u0129.<\/p>\n<p><img decoding=\"async\" class=\"alignnone wp-image-31815 size-full\" src=\"https:\/\/dalatreview.vn\/wp-content\/uploads\/2023\/08\/74638426_580118439406918_1020533913711280128_n.jpg\" alt=\"v\u01b0\u1eddn h\u1ed3ng treo\" width=\"2048\" height=\"1364\" \/><\/p>\n<p>\u0110\u1ecba \u0111i\u1ec3m cu\u1ed1i c\u00f9ng trong tour s\u0103n m\u00e2y b\u1ea1n s\u1ebd \u0111\u01b0\u1ee3c tr\u1ea3i nghi\u1ec7m \u0111\u00f3 l\u00e0 \u0111i tham quan v\u01b0\u1eddn h\u1ed3ng treo gi\u00f3. Sau khi s\u0103n bi\u1ec3n m\u00e2y t\u1ea1i thi\u00ean \u0111\u01b0\u1eddng s\u0103n m\u00e2y v\u00e0 \u0111\u1ed3i ch\u00e8 C\u1ea7u \u0110\u1ea5t. B\u1ea1n \u0111\u01b0\u1ee3c h\u01b0\u1edbng d\u1eabn vi\u00ean \u0111\u01b0a \u0111\u1ebfn v\u01b0\u1eddn h\u1ed3ng treo n\u1ed5i ti\u1ebfng t\u1ea1i \u0110\u00e0 L\u1ea1t.<\/p>\n<h2 dir=\"auto\" id=\"3-dich-vu-tour-san-may-cau-go-binh-minh\"><strong>3. D\u1ecbch v\u1ee5 tour s\u0103n m\u00e2y c\u1ea7u g\u1ed7 b\u00ecnh minh<\/strong><\/h2>\n<p>Tour s\u1ebd kh\u1edfi h\u00e0nh h\u00e0nh ng\u00e0y 4h00 \u0111\u1ebfn 8h30 m\u1ed7i ng\u00e0y<\/p>\n<p>\u0110\u1ebfn v\u1edbi tour s\u0103n m\u00e2y b\u1ea1n v\u1eeba \u0111\u01b0\u1ee3c tr\u1ea3i nghi\u1ec7m v\u1eeba vui ch\u01a1i v\u00e0 check in th\u1ecfa th\u00edch<\/p>\n<p>C\u00f3 xe \u0111\u01b0a \u0111\u00f3n \u0111\u1ebfn \u0111\u1ecba \u0111i\u1ec3m s\u0103n m\u00e2y t\u1eadn n\u01a1i trong n\u1ed9i th\u00e0nh \u0110\u00e0 L\u1ea1t<\/p>\n<p>Kh\u00f4ng ph\u00e1t sinh th\u00eam chi ph\u00ed<\/p>\n<p>C\u00f3 h\u01b0\u1edbng d\u1eabn vi\u00ean h\u1ed7 tr\u1ee3 ch\u1ee5p \u1ea3nh l\u01b0u gi\u1eef kho\u1ea3nh kh\u1eafc \u0111\u1eb9p nh\u1ea5t.<\/p>\n<p>Ti\u1ebft ki\u1ec7m \u0111\u01b0\u1ee3c th\u1eddi gian v\u00e0 chi ph\u00ed<\/p>\n<p>Ngo\u00e0i ra, b\u1ea1n s\u1ebd \u0111\u01b0\u1ee3c t\u00ecm hi\u1ec3u quy tr\u00ecnh l\u00e0m h\u1ed3ng s\u1ea5y, mua \u0111\u1eb7c s\u1ea3n l\u00e0m qu\u00e0,\u2026<\/p>\n<p><img decoding=\"async\" class=\"size-full wp-image-31816 aligncenter\" src=\"https:\/\/dalatreview.vn\/wp-content\/uploads\/2023\/08\/hinh-1-2.jpg\" alt=\"tour s\u0103n m\u00e2y c\u1ea7u g\u1ed7 b\u00ecnh minh\" width=\"1200\" height=\"900\" \/><\/p>\n<h2 id=\"4-thong-tin-dat-ve-san-may-cau-go-binh-minh\"><strong>4. Th\u00f4ng tin \u0111\u1eb7t v\u00e9 s\u0103n m\u00e2y c\u1ea7u g\u1ed7 b\u00ecnh minh\u00a0<\/strong><\/h2>\n<p>\u0110\u1ec3 ti\u1ebft ki\u1ec7m th\u1eddi gian \u0111\u1eb7t v\u00e9 b\u1ea1n h\u00e3y t\u1ea3i ngay \u1ee9ng d\u1ee5ng sau \u0111\u00e2y: <span style=\"color: #993300;\"><a style=\"color: #993300;\" href=\"https:\/\/share.abphotos.link\/dePd\" target=\"_blank\" rel=\"noopener\">\u0110\u00e0 L\u1ea1t Review T\u1ea5t T\u1ea7n T\u1eadt<\/a><\/span><\/p>\n<p>Ngo\u00e0i ra, qu\u00fd kh\u00e1ch c\u00f3 th\u1ec3 chat tr\u1ef1c ti\u1ebfp tr\u00ean App\/Website \u0111\u1ec3 nh\u00e2n vi\u00ean c\u1ee7a ch\u00fang t\u00f4i t\u01b0 v\u1ea5n th\u00eam v\u1ec1 s\u1ea3n ph\u1ea9m v\u00e0 d\u1ecbch v\u1ee5, ho\u1eb7c li\u00ean h\u1ec7:<\/p>\n<p><span style=\"color: #ff0000;\"><strong> Hotline:<\/strong><\/span> 0983 249 297<\/p>","protected":false},"excerpt":{"rendered":"<p>Danh m\u1ee5c ch\u00ednh Tour s\u0103n m\u00e2y C\u1ea7u G\u1ed7 &#8211; B\u00ecnh Minh \u0110\u00e0 L\u1ea1t 1. Tour s\u0103n m\u00e2y C\u1ea7u g\u1ed7 b\u00ecnh minh 2. L\u1ecbch tr\u00ecnh tour s\u0103n m\u00e2y c\u1ea7u g\u1ed7 b\u00ecnh minh\u00a0 3. D\u1ecbch v\u1ee5 tour s\u0103n m\u00e2y c\u1ea7u g\u1ed7 b\u00ecnh minh 4. Th\u00f4ng tin \u0111\u1eb7t v\u00e9 s\u0103n m\u00e2y c\u1ea7u g\u1ed7 b\u00ecnh minh\u00a0 Tour s\u0103n m\u00e2y [&hellip;]<\/p>","protected":false},"featured_media":31876,"comment_status":"open","ping_status":"closed","template":"","meta":{"_acf_changed":false,"rank_math_lock_modified_date":false},"product_cat":[26,27],"product_tag":[],"acf":[],"_links":{"self":[{"href":"https:\/\/dalatreview.vn\/en\/wp-json\/wp\/v2\/product\/31800"}],"collection":[{"href":"https:\/\/dalatreview.vn\/en\/wp-json\/wp\/v2\/product"}],"about":[{"href":"https:\/\/dalatreview.vn\/en\/wp-json\/wp\/v2\/types\/product"}],"replies":[{"embeddable":true,"href":"https:\/\/dalatreview.vn\/en\/wp-json\/wp\/v2\/comments?post=31800"}],"wp:featuredmedia":[{"embeddable":true,"href":"https:\/\/dalatreview.vn\/en\/wp-json\/wp\/v2\/media\/31876"}],"wp:attachment":[{"href":"https:\/\/dalatreview.vn\/en\/wp-json\/wp\/v2\/media?parent=31800"}],"wp:term":[{"taxonomy":"product_cat","embeddable":true,"href":"https:\/\/dalatreview.vn\/en\/wp-json\/wp\/v2\/product_cat?post=31800"},{"taxonomy":"product_tag","embeddable":true,"href":"https:\/\/dalatreview.vn\/en\/wp-json\/wp\/v2\/product_tag?post=31800"}],"curies":[{"name":"wp","href":"https:\/\/api.w.org\/{rel}","templated":true}]}}