
{"id":31552,"date":"2023-07-27T15:22:41","date_gmt":"2023-07-27T08:22:41","guid":{"rendered":"https:\/\/dalatreview.vn\/?p=31552"},"modified":"2024-05-20T08:48:24","modified_gmt":"2024-05-20T08:48:24","slug":"tour-san-may-cau-go-binh-minh","status":"publish","type":"product","link":"https:\/\/dalatreview.vn\/en\/tour-san-may-cau-go-binh-minh.html","title":{"rendered":"Tour hunting clouds wooden bridge dawn"},"content":{"rendered":"<nav class=\"vietrick-auto-toc\">\n<div class=\"box-title\">\n<h3 class=\"toc-title\" id=\"select-menu\">Danh m\u1ee5c ch\u00ednh<\/h3>\n<div><ion-icon name=\"chevron-up-outline\"><\/ion-icon><\/div>\n<\/div>\n<ul class=\"toc-list\">\n<li><a href='https:\/\/dalatreview.vn\/en#tour-san-may-cau-go-binh-minh' class='heading-h2 toc-link smooth-scroll'>Tour hunting clouds wooden bridge dawn<\/a>\n<li><a href='https:\/\/dalatreview.vn\/en#1-tour-san-may-cau-go-binh-minh' class='heading-h2 toc-link smooth-scroll'>1. Tour s\u0103n m\u00e2y C\u1ea7u g\u1ed7 b\u00ecnh minh<\/a>\n<li><a href='https:\/\/dalatreview.vn\/en#2-lich-trinh-tour-san-may-cau-go-binh-minh' class='heading-h2 toc-link smooth-scroll'>2. L\u1ecbch tr\u00ecnh tour s\u0103n m\u00e2y c\u1ea7u g\u1ed7 b\u00ecnh minh\u00a0<\/a>\n<li><a href='https:\/\/dalatreview.vn\/en#3-dich-vu-tour-san-may-cau-go-binh-minh' class='heading-h2 toc-link smooth-scroll'>3. D\u1ecbch v\u1ee5 tour s\u0103n m\u00e2y c\u1ea7u g\u1ed7 b\u00ecnh minh<\/a>\n<li><a href='https:\/\/dalatreview.vn\/en#4-gia-tour-san-may-cau-go-binh-minh' class='heading-h2 toc-link smooth-scroll'>4. Gi\u00e1 tour s\u0103n m\u00e2y c\u1ea7u g\u1ed7 b\u00ecnh minh\u00a0<\/a><\/ul>\n<\/ul>\n<\/li>\n<\/ul>\n<\/nav>\n<h2 style=\"text-align: center;\" id=\"tour-san-may-cau-go-binh-minh\"><span style=\"color: #003300;\"><strong>Tour hunting clouds wooden bridge dawn<\/strong><\/span><\/h2>\n<p>Ch\u1eb3ng bi\u1ebft t\u1eeb khi n\u00e0o, ho\u1ea1t \u0111\u1ed9ng s\u0103n m\u00e2y \u0110\u00e0 L\u1ea1t \u0111\u00e3 tr\u1edf th\u00e0nh \u201c\u0111\u1eb7c s\u1ea3n\u201d c\u1ee7a th\u00e0nh ph\u1ed1 ng\u00e0n hoa, b\u1edfi ai khi \u0111\u1ebfn \u0111\u00e2y c\u0169ng \u0111\u1ec1u m\u1ed9t l\u1ea7n mu\u1ed1n tr\u1ea3i nghi\u1ec7m ng\u1eafm nh\u1eefng bi\u1ec3n m\u00e2y b\u1ed3ng b\u1ec1nh huy\u1ec1n \u1ea3o.<\/p>\n<p><img decoding=\"async\" class=\"aligncenter wp-image-31553 size-full\" src=\"https:\/\/dalatreview.vn\/wp-content\/uploads\/2023\/07\/347014865_1145485980178487_8544436315583971697_n.jpg\" alt=\"s\u0103n m\u00e2y c\u1ea7u g\u1ed7 b\u00ecnh minh\" width=\"2048\" height=\"1402\" \/><\/p>\n<h2 id=\"1-tour-san-may-cau-go-binh-minh\"><span style=\"color: #003300;\"><strong>1. Tour s\u0103n m\u00e2y C\u1ea7u g\u1ed7 b\u00ecnh minh<\/strong><\/span><\/h2>\n<p>\u0110\u1ed1i v\u1edbi nh\u1eefng b\u1ea1n l\u1ea7n \u0111\u1ea7u ti\u00ean \u0111\u1ebfn \u0110\u00e0 L\u1ea1t v\u00e0 mu\u1ed1n tr\u1ea3i nghi\u1ec7m ho\u1ea1t \u0111\u1ed9ng s\u0103n m\u00e2y nh\u01b0ng l\u1ea1i kh\u00f4ng r\u00e0nh \u0111\u01b0\u1eddng, v\u1eady th\u00ec vi\u1ec7c book tour s\u0103n m\u00e2y s\u1ebd l\u00e0 m\u1ed9t gi\u1ea3i ph\u00e1p v\u00f4 c\u00f9ng th\u00edch h\u1ee3p.<\/p>\n<p><img decoding=\"async\" class=\"aligncenter wp-image-31556 size-full\" src=\"https:\/\/dalatreview.vn\/wp-content\/uploads\/2023\/07\/331302145_518156120467538_3600396285412945000_n.jpg\" alt=\"s\u0103n m\u00e2y c\u1ea7u g\u1ed7 b\u00ecnh minh\" width=\"2048\" height=\"1364\" \/><\/p>\n<p><span style=\"font-weight: 400;\">N\u1ebfu s\u1eafp t\u1edbi b\u1ea1n quy\u1ebft \u0111\u1ecbnh \u0111i du l\u1ecbch \u0110\u00e0 L\u1ea1t v\u1eady th\u00ec \u0111\u1eebng b\u1ecf qua tr\u1ea3i nghi\u1ec7m Tour s\u0103n bi\u1ec3n m\u00e2y \u0110\u00e0 L\u1ea1t si\u00eau hot d\u01b0\u1edbi \u0111\u00e2y nh\u00e9!<\/span><img decoding=\"async\" class=\"aligncenter wp-image-31557 size-full\" src=\"https:\/\/dalatreview.vn\/wp-content\/uploads\/2023\/07\/339126523_146540978361160_6648518630151172182_n.jpg\" alt=\"s\u0103n m\u00e2y c\u1ea7u g\u1ed7 b\u00ecnh minh\" width=\"2048\" height=\"1364\" \/><\/p>\n<p><span style=\"font-weight: 400;\">\u0110\u01b0\u1ee3c t\u1eadn m\u1eaft m\u00ecnh ng\u1eafm nh\u00ecn nh\u1eefng bi\u1ec3n m\u00e2y b\u1ed3ng b\u1ec1nh ngay s\u00e1t d\u01b0\u1edbi ch\u00e2n. C\u1ea3m nh\u1eadn t\u1eebng tia n\u1eafng xuy\u00ean qua \u0111\u00e1m m\u00e2y tr\u1eafng th\u00ec c\u00f2n g\u00ec b\u1eb1ng.<\/span><\/p>\n<h2 id=\"2-lich-trinh-tour-san-may-cau-go-binh-minh\"><span style=\"color: #003300;\"><strong>2. L\u1ecbch tr\u00ecnh tour s\u0103n m\u00e2y c\u1ea7u g\u1ed7 b\u00ecnh minh\u00a0<\/strong><\/span><\/h2>\n<p><strong><img decoding=\"async\" id=\"thepasted-7\" src=\"https:\/\/static.xx.fbcdn.net\/images\/emoji.php\/v9\/tac\/1\/16\/1f4cc.png\" alt=\"\ud83d\udccc\" width=\"16\" height=\"16\" \/>\u00a0 L\u1ecbch tr\u00ecnh c\u1ee5 th\u1ec3 tour s\u0103n m\u00e2y c\u1ea7u g\u1ed7 b\u00ecnh minh:<\/strong><\/p>\n<div class=\"x11i5rnm xat24cr x1mh8g0r x1vvkbs xtlvy1s x126k92a\"><span style=\"font-size: 16px;\"><img decoding=\"async\" id=\"thepasted-1\" class=\"\" src=\"https:\/\/static.xx.fbcdn.net\/images\/emoji.php\/v9\/t51\/1\/16\/1f449.png\" alt=\"\ud83d\udc49\" width=\"17\" height=\"17\" \/> \u0110\u00f3n b\u00ecnh m\u00ecnh tr\u00ean c\u00e2y c\u1ea7u g\u1ed7 th\u01a1 m\u1ed9ng, ng\u1eafm \u0111\u1ed3i ch\u00e8 xanh ng\u00e1t, tr\u1ea3i nghi\u1ec7m h\u00e1i nh\u1eefng l\u00e1 ch\u00e8 non c\u00f2n \u0111\u1ecdng nh\u1eefng gi\u1ecdt s\u01b0\u01a1ng mai<\/span><span style=\"font-size: 16px;\"><img decoding=\"async\" id=\"thepasted-2\" src=\"https:\/\/static.xx.fbcdn.net\/images\/emoji.php\/v9\/t51\/1\/16\/1f449.png\" alt=\"\ud83d\udc49\" width=\"16\" height=\"16\" \/> \u0110\u1eafm ch\u00ecm trong bi\u1ec3n m\u00e2y \u0111\u1ea1i ng\u00e0n, h\u00edt th\u1edf b\u1ea7u kh\u00f4ng kh\u00ed tinh s\u01b0\u01a1ng tr\u00ean c\u00e2y c\u1ea7u g\u1ed7 \u0111\u1ed9c m\u1ed9c, \u0111i\u1ec3m nh\u1ea5n kh\u00f4ng th\u1ec3 b\u1ecf qua khi \u0111\u1ebfn v\u1edbi \u0110\u1ed3i ch\u00e8 C\u1ea7u \u0110\u1ea5t<\/span><\/div>\n<div dir=\"auto\"><span style=\"font-size: 16px;\"><img decoding=\"async\" id=\"thepasted-3\" src=\"https:\/\/static.xx.fbcdn.net\/images\/emoji.php\/v9\/t51\/1\/16\/1f449.png\" alt=\"\ud83d\udc49\" width=\"16\" height=\"16\" \/> Th\u01b0\u1edfng th\u1ee9c tr\u00e0 &#8211; c\u00e0 ph\u00ea c\u1ea7u \u0111\u1ea5t \u1ea5m n\u00f3ng gi\u1eefa c\u00e1i se l\u1ea1nh \u0111\u1eb7c tr\u01b0ng c\u1ee7a \u0110\u00e0 L\u1ea1t, \u0111i\u1ec3m t\u00e2m ng\u1eafm nh\u00ecn khung c\u1ea3nh n\u00fai r\u1eebng m\u00e0 \u1edf d\u01b0\u1edbi xu\u00f4i ch\u00fang m\u00ecnh g\u1ecdi view n\u00e0y l\u00e0 view tri\u1ec7u \u0111\u00f4.<\/span><\/div>\n<div dir=\"auto\"><\/div>\n<div dir=\"auto\"><span style=\"font-size: 16px;\"><img decoding=\"async\" id=\"thepasted-4\" src=\"https:\/\/static.xx.fbcdn.net\/images\/emoji.php\/v9\/t51\/1\/16\/1f449.png\" alt=\"\ud83d\udc49\" width=\"16\" height=\"16\" \/> Check in nh\u1eefng c\u00e1nh qu\u1ea1t gi\u00f3 kh\u1ed5ng l\u1ed3 gi\u1eefa \u0111\u1ed3i ch\u00e8 xanh m\u00e1t b\u1ea1t ng\u00e0n.<\/span><\/div>\n<div dir=\"auto\"><\/div>\n<div dir=\"auto\"><span style=\"font-size: 16px;\"><img decoding=\"async\" id=\"thepasted-5\" src=\"https:\/\/static.xx.fbcdn.net\/images\/emoji.php\/v9\/t51\/1\/16\/1f449.png\" alt=\"\ud83d\udc49\" width=\"16\" height=\"16\" \/> Check in \u0111\u1ed3i c\u1ecf ch\u00e1y, n\u01a1i m\u00e0 nh\u1eefng ng\u01b0\u1eddi y\u00eau thi\u00ean nhi\u00ean kh\u00f4ng th\u1ec3 b\u1ecf qua hay con \u0111\u01b0\u1eddng mang t\u00ean T\u0103ng Thanh H\u00e0 b\u1edfi t\u1ea5m h\u00ecnh tri\u1ec7u view c\u1ee7a n\u1eef ca s\u0129<\/span><\/div>\n<p><span style=\"font-size: 16px;\"><img decoding=\"async\" id=\"thepasted-6\" src=\"https:\/\/static.xx.fbcdn.net\/images\/emoji.php\/v9\/t51\/1\/16\/1f449.png\" alt=\"\ud83d\udc49\" width=\"16\" height=\"16\" \/> Tham quan v\u01b0\u1eddn h\u1ed3ng treo gi\u00f3 \u0111\u1ecba ph\u01b0\u01a1ng, th\u01b0\u1edfng th\u1ee9c c\u00e1c m\u00f3n \u0111\u1eb7c s\u1ea3n \u0110\u00e0 L\u1ea1t mi\u1ec5n ph\u00ed.<\/span><img decoding=\"async\" class=\"size-full wp-image-31561 aligncenter\" src=\"https:\/\/dalatreview.vn\/wp-content\/uploads\/2023\/07\/hinh-1-2.jpg\" alt=\"to\u1ee7 s\u0103n m\u00e2y c\u1ea7u g\u1ed7 b\u00ecnh minh \" width=\"1200\" height=\"900\" \/><\/p>\n<p>\u0110\u1ecba \u0111i\u1ec3m \u0111\u1ea7u ti\u00ean trong tour s\u0103n m\u00e2y l\u00e0 \u0111\u00f3n b\u00ecnh minh tr\u00ean c\u00e2y c\u1ea7u g\u1ed7 th\u01a1 m\u1ed9ng, \u0111\u00e2y \u0111\u01b0\u1ee3c xem l\u00e0 \u0111\u1ecba \u0111i\u1ec3m s\u0103n bi\u1ec3n m\u00e2y l\u00fd t\u01b0\u1edfng nh\u1ea5t \u0110\u00e0 L\u1ea1t. N\u01a1i \u0111\u00e2y c\u00f3 thi\u00ean nhi\u00ean h\u00f9ng v\u0129, xung quanh l\u00e0 \u0111\u1ed3i n\u00fai xanh ng\u00e1t. S\u00e1ng s\u1edbm ng\u1eafm bi\u1ec3n m\u00e2y chen ch\u00fac qua c\u00e1c d\u00e3y n\u00fai bay l\u1eefng l\u1edd tr\u01b0\u1edbc m\u1eb7t b\u1ea1n th\u00ec c\u00f2n g\u00ec b\u1eb1ng.<\/p>\n<p><img decoding=\"async\" class=\"aligncenter wp-image-31562 size-full\" src=\"https:\/\/dalatreview.vn\/wp-content\/uploads\/2023\/07\/336155862_1172744213432536_5314556960688461393_n.jpg\" alt=\"check in tour s\u0103n m\u00e2y c\u1ea7u g\u1ed7 b\u00ecnh minh\" width=\"2048\" height=\"1364\" \/><\/p>\n<p dir=\"auto\">Ho\u1ea1t \u0111\u1ed9ng ti\u1ebfp theo tour s\u0103n m\u00e2y l\u00e0 \u0111i check in \u0111\u1ed3i ch\u00e8 C\u1ea7u \u0110\u1ea5t, b\u1ea1n s\u1ebd cho\u00e1ng ng\u1ee3p b\u1edfi c\u00e1nh \u0111\u1ed3ng ch\u00e8 xanh b\u00e1t ng\u00e1t. C\u1ed9ng th\u00eam view ng\u1eafm m\u00e2y tr\u1eafng s\u00e1ng s\u1edbm. \u0110\u00e2y h\u1ee9a h\u1eb9n l\u00e0 \u0111i\u1ec3m ng\u1eafm c\u1ea3nh checkin kh\u00f4ng l\u00e0m b\u1ea1n th\u1ea5t v\u1ecdng \u0111\u00e2u nh\u00e9!<\/p>\n<p dir=\"auto\"><img decoding=\"async\" class=\"aligncenter wp-image-31563 size-full\" src=\"https:\/\/dalatreview.vn\/wp-content\/uploads\/2023\/07\/332499698_1257509281821990_3972547621335208180_n.jpg\" alt=\"s\u0103n m\u00e2y c\u1ea7u g\u1ed7 b\u00ecnh minh \u0111\u00e0 l\u1ea1t\" width=\"2048\" height=\"1365\" \/><\/p>\n<p dir=\"auto\">Nh\u00e2m nhi ly tr\u00e0 n\u00f3ng hay cafe th\u01a1m ngon v\u00e0 th\u01b0\u1edfng ngo\u1ea1n v\u1ebb \u0111\u1eb9p m\u01a1 m\u1ed9ng c\u1ee7a nh\u1eefng \u0111\u00e1m m\u00e2y tr\u1eafng x\u00f3a l\u01a1 l\u1eedng tr\u00ean b\u1ea7u tr\u1eddi l\u00fac s\u00e1ng s\u1edbm hay m\u00e3n nh\u00e3n ng\u1eafm nh\u00ecn to\u00e0n c\u1ea3nh th\u00e0nh ph\u1ed1 lung linh d\u01b0\u1edbi \u00e1nh \u0111\u00e8n&#8230; c\u00f2n g\u00ec tuy\u1ec7t v\u1eddi h\u01a1n.<\/p>\n<p dir=\"auto\"><img decoding=\"async\" class=\"aligncenter wp-image-31564 size-full\" src=\"https:\/\/dalatreview.vn\/wp-content\/uploads\/2023\/07\/336892591_923216285466772_5014110671970059657_n.jpg\" alt=\"\u0111i\u1ec7n gi\u00f3 \u0111\u1ed3i ch\u00e8 c\u1ea7u \u0111\u1ea5t\" width=\"1364\" height=\"2048\" \/><\/p>\n<p dir=\"auto\"><span style=\"font-weight: 400;\">Ngo\u00e0i vi\u1ec7c chi\u00eam ng\u1eafm nh\u1eefng bi\u1ec3n m\u00e2y b\u1ed3ng b\u1ec1nh, check in c\u00e1nh \u0111\u1ed3ng \u0111\u1ed3i ch\u00e8 xanh ng\u00e1t, ho\u1ea1t \u0111\u1ed9ng ti\u1ebfp theo trong tour s\u0103n m\u00e2y m\u00e0 b\u1ea1n s\u1ebd \u0111\u01b0\u1ee3c tr\u1ea3i nghi\u1ec7m \u0111\u00f3 l\u00e0 check in nh\u1eefng c\u00e1nh qu\u1ea1t gi\u00f3 kh\u1ed5ng l\u1ed3, check in \u0111\u1ed3i c\u1ecf ch\u00e1y, n\u01a1i m\u00e0 nh\u1eefng ng\u01b0\u1eddi y\u00eau thi\u00ean nhi\u00ean kh\u00f4ng th\u1ec3 b\u1ecf qua hay con \u0111\u01b0\u1eddng mang t\u00ean T\u0103ng Thanh H\u00e0 b\u1edfi t\u1ea5m h\u00ecnh tri\u1ec7u view c\u1ee7a n\u1eef ca s\u0129.<\/span><\/p>\n<p dir=\"auto\"><img decoding=\"async\" class=\"alignnone size-full wp-image-31565\" src=\"http:\/\/localhost\/wordpress\/wp-content\/uploads\/2023\/07\/305324127_5480558158659159_327457876022224158_n.jpg\" alt=\"v\u01b0\u1eddn h\u1ed3ng treo gi\u00f3\" width=\"1536\" height=\"2048\" \/><\/p>\n<p dir=\"auto\">\u0110\u1ecba \u0111i\u1ec3m cu\u1ed1i c\u00f9ng trong tour s\u0103n m\u00e2y b\u1ea1n s\u1ebd \u0111\u01b0\u1ee3c tr\u1ea3i nghi\u1ec7m \u0111\u00f3 l\u00e0 \u0111i tham quan v\u01b0\u1eddn h\u1ed3ng treo gi\u00f3. Sau khi s\u0103n bi\u1ec3n m\u00e2y t\u1ea1i thi\u00ean \u0111\u01b0\u1eddng s\u0103n m\u00e2y v\u00e0 \u0111\u1ed3i ch\u00e8 C\u1ea7u \u0110\u1ea5t. B\u1ea1n \u0111\u01b0\u1ee3c h\u01b0\u1edbng d\u1eabn vi\u00ean \u0111\u01b0a \u0111\u1ebfn v\u01b0\u1eddn h\u1ed3ng treo n\u1ed5i ti\u1ebfng t\u1ea1i \u0110\u00e0 L\u1ea1t.<\/p>\n<h2 dir=\"auto\" id=\"3-dich-vu-tour-san-may-cau-go-binh-minh\"><span style=\"color: #003300;\"><strong>3. D\u1ecbch v\u1ee5 tour s\u0103n m\u00e2y c\u1ea7u g\u1ed7 b\u00ecnh minh<\/strong><\/span><\/h2>\n<p class=\"xdj266r x11i5rnm xat24cr x1mh8g0r x1vvkbs x126k92a\"><span style=\"font-size: 16px;\"><span class=\"x3nfvp2 x1j61x8r x1fcty0u xdj266r xhhsvwb xat24cr xgzva0m xxymvpz xlup9mm x1kky2od\"><img decoding=\"async\" src=\"https:\/\/static.xx.fbcdn.net\/images\/emoji.php\/v9\/t33\/1\/16\/2705.png\" alt=\"\u2705\" width=\"16\" height=\"16\" \/><\/span> Tour s\u1ebd kh\u1edfi h\u00e0nh h\u00e0nh ng\u00e0y 4h00 \u0111\u1ebfn 8h30 m\u1ed7i ng\u00e0y<span class=\"x3nfvp2 x1j61x8r x1fcty0u xdj266r xhhsvwb xat24cr xgzva0m xxymvpz xlup9mm x1kky2od\"><img decoding=\"async\" src=\"https:\/\/static.xx.fbcdn.net\/images\/emoji.php\/v9\/t33\/1\/16\/2705.png\" alt=\"\u2705\" width=\"16\" height=\"16\" \/> <\/span>\u0110\u1ebfn v\u1edbi tour s\u0103n m\u00e2y b\u1ea1n v\u1eeba \u0111\u01b0\u1ee3c tr\u1ea3i nghi\u1ec7m v\u1eeba vui ch\u01a1i v\u00e0 check in th\u1ecfa th\u00edch<\/span><\/p>\n<p dir=\"auto\"><span style=\"font-size: 16px;\"><span class=\"x3nfvp2 x1j61x8r x1fcty0u xdj266r xhhsvwb xat24cr xgzva0m xxymvpz xlup9mm x1kky2od\"><img decoding=\"async\" src=\"https:\/\/static.xx.fbcdn.net\/images\/emoji.php\/v9\/t33\/1\/16\/2705.png\" alt=\"\u2705\" width=\"16\" height=\"16\" \/><\/span> C\u00f3 xe \u0111\u01b0a \u0111\u00f3n \u0111\u1ebfn \u0111\u1ecba \u0111i\u1ec3m s\u0103n m\u00e2y t\u1eadn n\u01a1i trong n\u1ed9i th\u00e0nh \u0110\u00e0 L\u1ea1t<\/span><\/p>\n<p class=\"x11i5rnm xat24cr x1mh8g0r x1vvkbs xtlvy1s x126k92a\"><span style=\"font-size: 16px;\"><span class=\"x3nfvp2 x1j61x8r x1fcty0u xdj266r xhhsvwb xat24cr xgzva0m xxymvpz xlup9mm x1kky2od\"><img decoding=\"async\" src=\"https:\/\/static.xx.fbcdn.net\/images\/emoji.php\/v9\/t33\/1\/16\/2705.png\" alt=\"\u2705\" width=\"16\" height=\"16\" \/><\/span> Kh\u00f4ng ph\u00e1t sinh th\u00eam chi ph\u00ed<\/span><\/p>\n<p><span style=\"font-size: 16px;\"><span class=\"x3nfvp2 x1j61x8r x1fcty0u xdj266r xhhsvwb xat24cr xgzva0m xxymvpz xlup9mm x1kky2od\"><img decoding=\"async\" src=\"https:\/\/static.xx.fbcdn.net\/images\/emoji.php\/v9\/t33\/1\/16\/2705.png\" alt=\"\u2705\" width=\"16\" height=\"16\" \/><\/span> <\/span>C\u00f3 h\u01b0\u1edbng d\u1eabn vi\u00ean h\u1ed7 tr\u1ee3 ch\u1ee5p \u1ea3nh l\u01b0u gi\u1eef kho\u1ea3nh kh\u1eafc \u0111\u1eb9p nh\u1ea5t.<\/p>\n<p class=\"x11i5rnm xat24cr x1mh8g0r x1vvkbs xtlvy1s x126k92a\"><span style=\"font-size: 16px;\"><span class=\"x3nfvp2 x1j61x8r x1fcty0u xdj266r xhhsvwb xat24cr xgzva0m xxymvpz xlup9mm x1kky2od\"><img decoding=\"async\" src=\"https:\/\/static.xx.fbcdn.net\/images\/emoji.php\/v9\/t33\/1\/16\/2705.png\" alt=\"\u2705\" width=\"16\" height=\"16\" \/><\/span> <\/span>Ti\u1ebft ki\u1ec7m \u0111\u01b0\u1ee3c th\u1eddi gian v\u00e0 chi ph\u00ed<\/p>\n<p><span style=\"font-size: 16px;\"><span class=\"x3nfvp2 x1j61x8r x1fcty0u xdj266r xhhsvwb xat24cr xgzva0m xxymvpz xlup9mm x1kky2od\"><img decoding=\"async\" src=\"https:\/\/static.xx.fbcdn.net\/images\/emoji.php\/v9\/t33\/1\/16\/2705.png\" alt=\"\u2705\" width=\"16\" height=\"16\" \/><\/span> Ngo\u00e0i ra, b\u1ea1n s\u1ebd \u0111\u01b0\u1ee3c t\u00ecm hi\u1ec3u quy tr\u00ecnh l\u00e0m h\u1ed3ng s\u1ea5y, mua \u0111\u1eb7c s\u1ea3n l\u00e0m qu\u00e0,\u2026<\/span><\/p>\n<p><img decoding=\"async\" class=\"size-full wp-image-31566 aligncenter\" src=\"https:\/\/dalatreview.vn\/wp-content\/uploads\/2023\/07\/Thiet-ke-chua-co-ten-16.jpg\" alt=\"tour s\u0103n m\u00e2y c\u1ea7u g\u1ed7 b\u00ecnh minh\" width=\"1200\" height=\"900\" \/><\/p>\n<h2 dir=\"auto\" id=\"4-gia-tour-san-may-cau-go-binh-minh\"><span style=\"color: #003300;\"><strong>4. Gi\u00e1 tour s\u0103n m\u00e2y c\u1ea7u g\u1ed7 b\u00ecnh minh\u00a0<\/strong><\/span><\/h2>\n<p><span style=\"font-size: 16px;\"><span class=\"x3nfvp2 x1j61x8r x1fcty0u xdj266r xhhsvwb xat24cr xgzva0m xxymvpz xlup9mm x1kky2od\"><img decoding=\"async\" src=\"https:\/\/static.xx.fbcdn.net\/images\/emoji.php\/v9\/t33\/1\/16\/2705.png\" alt=\"\u2705\" width=\"16\" height=\"16\" \/> <\/span>Gi\u00e1 tour: 299.000\u0111\/ng\u01b0\u1eddi<\/span><\/p>\n<p><span style=\"font-size: 16px;\"><span class=\"x3nfvp2 x1j61x8r x1fcty0u xdj266r xhhsvwb xat24cr xgzva0m xxymvpz xlup9mm x1kky2od\"><img decoding=\"async\" src=\"https:\/\/static.xx.fbcdn.net\/images\/emoji.php\/v9\/t33\/1\/16\/2705.png\" alt=\"\u2705\" width=\"16\" height=\"16\" \/> <\/span>Gi\u00e1 tr\u00ean \u0111\u00e3 bao g\u1ed3m xe \u0111\u01b0a \u0111\u00f3n t\u1ea1i trung t\u00e2m<\/span><\/p>\n<p>5. Th\u00f4ng tin li\u00ean h\u1ec7<\/p>\n<p dir=\"auto\"><span style=\"font-size: 16px;\"><span class=\"x3nfvp2 x1j61x8r x1fcty0u xdj266r xhhsvwb xat24cr xgzva0m xxymvpz xlup9mm x1kky2od\"><img decoding=\"async\" src=\"https:\/\/static.xx.fbcdn.net\/images\/emoji.php\/v9\/t33\/1\/16\/2705.png\" alt=\"\u2705\" width=\"16\" height=\"16\" \/><\/span><\/span>\u00a0Book Tour S\u0103n M\u00e2y \u0110\u00e0 L\u1ea1t:<\/p>\n<p dir=\"auto\"><span style=\"font-size: 16px;\"><span class=\"x3nfvp2 x1j61x8r x1fcty0u xdj266r xhhsvwb xat24cr xgzva0m xxymvpz xlup9mm x1kky2od\"><img decoding=\"async\" src=\"https:\/\/static.xx.fbcdn.net\/images\/emoji.php\/v9\/t33\/1\/16\/2705.png\" alt=\"\u2705\" width=\"16\" height=\"16\" \/><\/span><\/span>\u00a0Fanpage:\u00a0 <a href=\"http:\/\/m.me\/toursanmay\" target=\"_blank\" rel=\"noopener\">Tour S\u0103n M\u00e2y<\/a><\/p>\n<div dir=\"auto\">\n<p><span style=\"font-size: 16px;\"><span class=\"x3nfvp2 x1j61x8r x1fcty0u xdj266r xhhsvwb xat24cr xgzva0m xxymvpz xlup9mm x1kky2od\"><img decoding=\"async\" src=\"https:\/\/static.xx.fbcdn.net\/images\/emoji.php\/v9\/t33\/1\/16\/2705.png\" alt=\"\u2705\" width=\"16\" height=\"16\" \/><\/span><\/span> Hotline t\u01b0 v\u1ea5n: 0989 249 297<\/p>\n<\/div>","protected":false},"excerpt":{"rendered":"<p>Danh m\u1ee5c ch\u00ednh Tour s\u0103n m\u00e2y c\u1ea7u g\u1ed7 b\u00ecnh minh 1. Tour s\u0103n m\u00e2y C\u1ea7u g\u1ed7 b\u00ecnh minh 2. L\u1ecbch tr\u00ecnh tour s\u0103n m\u00e2y c\u1ea7u g\u1ed7 b\u00ecnh minh\u00a0 3. D\u1ecbch v\u1ee5 tour s\u0103n m\u00e2y c\u1ea7u g\u1ed7 b\u00ecnh minh 4. Gi\u00e1 tour s\u0103n m\u00e2y c\u1ea7u g\u1ed7 b\u00ecnh minh\u00a0 Tour s\u0103n m\u00e2y c\u1ea7u g\u1ed7 b\u00ecnh minh Ch\u1eb3ng [&hellip;]<\/p>","protected":false},"featured_media":31563,"comment_status":"open","ping_status":"closed","template":"","meta":{"_acf_changed":false,"rank_math_lock_modified_date":false},"product_cat":[26,27],"product_tag":[],"acf":[],"_links":{"self":[{"href":"https:\/\/dalatreview.vn\/en\/wp-json\/wp\/v2\/product\/31552"}],"collection":[{"href":"https:\/\/dalatreview.vn\/en\/wp-json\/wp\/v2\/product"}],"about":[{"href":"https:\/\/dalatreview.vn\/en\/wp-json\/wp\/v2\/types\/product"}],"replies":[{"embeddable":true,"href":"https:\/\/dalatreview.vn\/en\/wp-json\/wp\/v2\/comments?post=31552"}],"wp:featuredmedia":[{"embeddable":true,"href":"https:\/\/dalatreview.vn\/en\/wp-json\/wp\/v2\/media\/31563"}],"wp:attachment":[{"href":"https:\/\/dalatreview.vn\/en\/wp-json\/wp\/v2\/media?parent=31552"}],"wp:term":[{"taxonomy":"product_cat","embeddable":true,"href":"https:\/\/dalatreview.vn\/en\/wp-json\/wp\/v2\/product_cat?post=31552"},{"taxonomy":"product_tag","embeddable":true,"href":"https:\/\/dalatreview.vn\/en\/wp-json\/wp\/v2\/product_tag?post=31552"}],"curies":[{"name":"wp","href":"https:\/\/api.w.org\/{rel}","templated":true}]}}