
{"id":30998,"date":"2023-07-11T12:41:13","date_gmt":"2023-07-11T05:41:13","guid":{"rendered":"https:\/\/dalatreview.vn\/?p=30998"},"modified":"2026-03-20T03:03:02","modified_gmt":"2026-03-19T20:03:02","slug":"the-camp-inn-da-lat","status":"publish","type":"product","link":"https:\/\/dalatreview.vn\/en\/the-camp-inn-da-lat.html","title":{"rendered":"The Camp Inn \u0110\u00e0 L\u1ea1t"},"content":{"rendered":"<nav class=\"vietrick-auto-toc\">\n<div class=\"box-title\">\n<h3 class=\"toc-title\" id=\"select-menu\">Danh m\u1ee5c ch\u00ednh<\/h3>\n<div><ion-icon name=\"chevron-up-outline\"><\/ion-icon><\/div>\n<\/div>\n<ul class=\"toc-list\">\n<li><a href='https:\/\/dalatreview.vn\/en#the-camp-inn-da-lat' class='heading-h2 toc-link smooth-scroll'>The Camp Inn \u0110\u00e0 L\u1ea1t<\/a>\n<li><a href='https:\/\/dalatreview.vn\/en#1-nhung-diem-dac-biet-cua-the-camp-inn' class='heading-h2 toc-link smooth-scroll'>1. Nh\u1eefng \u0111i\u1ec3m \u0111\u1eb7c bi\u1ec7t c\u1ee7a The Camp Inn<\/a>\n<li><a href='https:\/\/dalatreview.vn\/en#2-trai-nghiem-camping-tai-the-camp-inn' class='heading-h2 toc-link smooth-scroll'>2. Tr\u1ea3i nghi\u1ec7m camping t\u1ea1i The Camp Inn\u00a0<\/a>\n<li><a href='https:\/\/dalatreview.vn\/en#3-gia-tour-camping-the-camp-inn' class='heading-h2 toc-link smooth-scroll'>3. Gi\u00e1 tour camping The Camp Inn<\/a>\n<li><a href='https:\/\/dalatreview.vn\/en#4-thong-tin-lien-he-book-tour-the-camp-inn' class='heading-h2 toc-link smooth-scroll'>4. Th\u00f4ng tin li\u00ean h\u1ec7 book tour The Camp Inn\u00a0<\/a><\/ul>\n<\/ul>\n<\/li>\n<\/ul>\n<\/nav>\n<h2 style=\"text-align: center;\" id=\"the-camp-inn-da-lat\"><span style=\"color: #003300;\">The Camp Inn \u0110\u00e0 L\u1ea1t<\/span><\/h2>\n<p>\u0110i \u0110\u00e0 L\u1ea1t n\u1ebfu nh\u01b0 \u0111\u00e3 qu\u00e1 quen thu\u1ed9c v\u1edbi tr\u1ea3i nghi\u1ec7m c\u1eafm tr\u1ea1i trong nh\u1eefng c\u00e1nh r\u1eebng th\u00f4ng, tr\u00ean nh\u1eefng khu \u0111\u1ed3i cao, v\u1eady t\u1ea1i sao b\u1ea1n kh\u00f4ng th\u1eed m\u1ed9t l\u1ea7n tr\u1ea3i nghi\u1ec7m c\u1eafm tr\u1ea1i qua \u0111\u00eam trong&#8230; xe van?<\/p>\n<p><img decoding=\"async\" class=\"aligncenter wp-image-31000 size-full\" src=\"https:\/\/dalatreview.vn\/wp-content\/uploads\/2023\/07\/355489916_2410467875789700_6594413167867064446_n.jpg\" alt=\"khu c\u1eafm tr\u1ea1i the camp inn\" width=\"2048\" height=\"1536\" \/><\/p>\n<p>V\u00e0 n\u1ebfu nh\u01b0 b\u1ea1n mu\u1ed1n bi\u1ebft tr\u1ea3i nghi\u1ec7m c\u1ea3m gi\u00e1c c\u1eafm tr\u1ea1i qua \u0111\u00eam trong chi\u1ebfc xe van n\u00e0y s\u1ebd nh\u01b0 th\u1ebf n\u00e0o v\u1eady th\u00ec h\u00e3y v\u1edbi \u0110\u00e0 L\u1ea1t Review kh\u00e1m ph\u00e1 tour c\u1eafm tr\u1ea1i The Camp Inn \u0110\u00e0 L\u1ea1t ngay d\u01b0\u1edbi b\u00e0i vi\u1ebft n\u00e0y nh\u00e9!!!<\/p>\n<h2 id=\"1-nhung-diem-dac-biet-cua-the-camp-inn\"><span style=\"color: #003300;\"><strong>1. Nh\u1eefng \u0111i\u1ec3m \u0111\u1eb7c bi\u1ec7t c\u1ee7a The Camp Inn<\/strong><\/span><\/h2>\n<p><span style=\"color: #003300;\">M\u1ed9t chi\u1ebfc khu camp m\u1edbi toanh d\u00e0nh cho nh\u1eefng t\u00edn \u0111\u1ed3 \u0111am m\u00ea \u0111i \u0110\u00e0 L\u1ea1t m\u1ed9t n\u0103m 12 l\u1ea7n, v\u1eeba ra l\u00f2 \u0111\u01b0\u1ee3c chuy\u1ec3n m\u00ecnh t\u1eeb Kombiland v\u00e0 nay m\u1eb7c l\u1ea1i m\u1ed9t chi\u1ebfc \u00e1o m\u1edbi mang t\u00ean The Camp Inn &#8211; \u0111\u00e2y l\u00e0 m\u1ed9t khu c\u1eafm tr\u1ea1i ngh\u1ec9 d\u01b0\u1ee1ng theo d\u1ea1ng mobihome camping.<\/span><\/p>\n<p><img decoding=\"async\" class=\"aligncenter wp-image-31016 size-full\" src=\"https:\/\/dalatreview.vn\/wp-content\/uploads\/2023\/07\/8d75db02ebe94863b36694ef121ba173-scaled-1.jpg\" alt=\"the camp inn \u0111\u00e0 l\u1ea1t\" width=\"2560\" height=\"1707\" \/><\/p>\n<p><span style=\"font-weight: 400;\">Thay v\u00ec ph\u1ea3i d\u1ef1ng tr\u1ea1i, d\u1ef1ng m\u00e1i che nh\u01b0 ki\u1ec3u c\u1eafm tr\u1ea1i truy\u1ec1n th\u1ed1ng, d\u1ea1ng c\u1eafm tr\u1ea1i <\/span><span style=\"font-weight: 400;\">mobihome camping l\u00e0 <\/span><span style=\"font-weight: 400;\">d\u00f2ng xe \u0111\u01b0\u1ee3c t\u00edch h\u1ee3p t\u0103ng b\u1ea1t \u0111i\u1ec7n th\u00f4ng minh.\u00a0<\/span><\/p>\n<p><img decoding=\"async\" class=\"aligncenter wp-image-31005 size-full\" src=\"https:\/\/dalatreview.vn\/wp-content\/uploads\/2023\/07\/355881025_821143559366887_8207786980514583868_n.jpg\" alt=\"nogjc trinh t\u1ea1i the camp inn\" width=\"1536\" height=\"2048\" \/><\/p>\n<p><span style=\"font-weight: 400;\">M\u1ed7i khi c\u00f3 nhu c\u1ea7u sinh ho\u1ea1t ngo\u00e0i tr\u1eddi, b\u1ea1n c\u00f3 th\u1ec3 \u0111i\u1ec1u khi\u1ec3n b\u1eb1ng \u0111i\u1ec7n\/tay quay, v\u00f4 c\u00f9ng d\u1ec5 d\u00e0ng v\u00e0 ti\u1ec7n l\u1ee3i.<\/span><\/p>\n<p><img decoding=\"async\" class=\"aligncenter wp-image-31006 size-full\" src=\"https:\/\/dalatreview.vn\/wp-content\/uploads\/2023\/07\/356365477_6299715956814742_5044335979137589050_n.jpg\" alt=\"kh\u00e1ch t\u1ea1i the camp inn\" width=\"1536\" height=\"2048\" \/><\/p>\n<p><span style=\"font-weight: 400; font-size: 16px;\">The Camp Inn \u0110\u00e0 L\u1ea1t n\u1eb1m l\u1ecdt th\u1ecfm gi\u1eefa nh\u1eefng c\u00e1nh r\u1eebng th\u00f4ng xanh ng\u00e1t t\u1ecda l\u1ea1c t\u1ea1i \u0111\u00e8o Mimosa, khi \u0111\u1eb7t ph\u00f2ng t\u1ea1i \u0111\u00e2y b\u1ea1n s\u1ebd \u0111\u01b0\u1ee3c k\u00e8m theo su\u1ea5t \u0103n t\u1ed1i + \u0103n s\u00e1ng theo chu\u1ea9n \u00c2u, \u0111\u1ea7y \u0111\u1ee7 t\u1ea5t t\u1ea7n t\u1eadt t\u1eeb m\u00f3n khai v\u1ecb, m\u00f3n ch\u00ednh cho t\u1edbi tr\u00e1ng mi\u1ec7ng.<\/span><\/p>\n<p><img decoding=\"async\" class=\"aligncenter wp-image-31010 size-full\" src=\"https:\/\/dalatreview.vn\/wp-content\/uploads\/2023\/07\/355387156_2410467989123022_8948453120975604884_n.jpg\" alt=\"n\u1ed9i th\u1ea5t trong xe bu\u00fdt c\u1eafm tr\u1ea1i the camp inn\" width=\"2048\" height=\"1536\" \/><\/p>\n<div class=\"x11i5rnm xat24cr x1mh8g0r x1vvkbs xtlvy1s x126k92a\">\n<p dir=\"auto\"><span style=\"font-size: 16px;\">V\u00ec t\u1ecda l\u1ea1c t\u1ea1i \u0111\u00e8o Mimosa v\u00e0 c\u00e1ch ly v\u1edbi th\u1ebf gi\u1edbi ngo\u00e0i kia h\u1eb3n lu\u00f4n, v\u1eady n\u00ean khu\u00f4n vi\u00ean c\u1ee7a n\u01a1i \u0111\u00e2y th\u00ec c\u1ef1c k\u1ef3 r\u1ed9ng v\u00e0 \u0111\u01b0\u1ee3c set up v\u00f4 c\u00f9ng ch\u1ec9nh chu, khi \u0111\u1ebfn \u0111\u00e2y ch\u1ec9 c\u1ea7n b\u1ea1n gi\u01a1 m\u00e1y l\u00ean l\u00e0 c\u00f3 h\u00ecnh, 1m2 ch\u1ee5p \u0111\u01b0\u1ee3c 100 ki\u1ec3u \u1ea3nh l\u00e0 c\u00f3 th\u1eadt \u0111\u00f3 nha.<\/span><\/p>\n<div dir=\"auto\"><img decoding=\"async\" class=\"alignnone wp-image-31014 size-full\" src=\"https:\/\/dalatreview.vn\/wp-content\/uploads\/2023\/07\/349511281_266394849245680_2879639945037558313_n.jpg\" alt=\"the camp in \u0111\u00e0 l\u1ea1t\" width=\"2048\" height=\"1365\" \/><\/div>\n<\/div>\n<p dir=\"auto\"><span style=\"font-size: 16px;\">The Camp Inn mang h\u00ecnh th\u00f9 c\u1ee7a m\u1ed9t chi\u1ebfc xe bu\u00fdt \u0111\u01b0\u1ee3c s\u01a1n v\u1edbi gam m\u00e0u xanh l\u00e0 ch\u1ee7 \u0111\u1ea1o v\u00e0 pha m\u1ed9t ch\u00fat m\u00e0u kem \u0111em \u0111\u1ebfn cho b\u1ea1n c\u1ea3m gi\u00e1c nh\u1eb9 nh\u00e0ng t\u01b0\u01a1i m\u00e1t h\u00f2a c\u00f9ng b\u1ee9c tranh thi\u00ean nhi\u00ean l\u00e3ng m\u1ea1n c\u1ee7a \u0110\u00e0 L\u1ea1t.<\/span><\/p>\n<div dir=\"auto\"><img decoding=\"async\" class=\"aligncenter wp-image-31012 size-full\" src=\"https:\/\/dalatreview.vn\/wp-content\/uploads\/2023\/07\/z4506416484466_f6596046f523837369fb90669f0bf3c6.jpg\" alt=\"the camp inn \u0111\u00e0 l\u1ea1t\" width=\"2048\" height=\"1536\" \/><\/div>\n<div class=\"x11i5rnm xat24cr x1mh8g0r x1vvkbs xtlvy1s x126k92a\">\n<p dir=\"auto\"><span style=\"font-size: 16px;\">B\u00ean ngo\u00e0i, chi\u1ebfc xe trong nh\u01b0 m\u1ed9t chi\u1ebfc xe bu\u00fdt b\u00ecnh th\u01b0\u1eddng nh\u01b0ng khi v\u00e0o b\u00ean trong, n\u01a1i n\u00e0y d\u1ec5 th\u01b0\u01a1ng v\u00e0 xinh x\u1eafn nh\u01b0ng r\u1ea5t \u0111\u1ea7y \u0111\u1ee7 ti\u1ec7n nghi v\u00e0 ch\u1eb3ng h\u1ec1 k\u00e9m c\u1ea1nh b\u1ea5t k\u1ef3 m\u1ed9t khu camping n\u00e0o \u0110\u00e0 L\u1ea1t h\u1ebft.<\/span><\/p>\n<div dir=\"auto\"><img decoding=\"async\" class=\"aligncenter wp-image-31013 size-full\" src=\"https:\/\/dalatreview.vn\/wp-content\/uploads\/2023\/07\/8dea9a21a73547a7915ca6b78cf424cd-scaled-1.jpg\" alt=\"the camp inn \u0111\u00e0 l\u1ea1t\" width=\"2560\" height=\"1707\" \/><\/div>\n<\/div>\n<p dir=\"auto\"><span style=\"font-size: 16px;\">H\u1ea7u h\u1ebft t\u1ea5t c\u1ea3 m\u1ecdi n\u1ed9t th\u1ea5t b\u00ean trong c\u1ee7a The Camp Inn \u0111\u1ec1u \u0111\u01b0\u1ee3c l\u00e0m b\u1eb1ng g\u1ed7 c\u00f9ng m\u1ed9t chi\u1ebfc\u00a0gi\u01b0\u1eddng n\u1ec7m tr\u1eafng \u0111\u01b0\u1ee3c \u0111\u1eb7t tr\u00ean b\u1eadc g\u1ed7 cao h\u01a1n. Ph\u00eda b\u00ean d\u01b0\u1edbi l\u00e0 chi\u1ebfc gh\u1ebf sofa nh\u1ecf xinh \u0111\u1ed1i di\u1ec7n v\u1edbi m\u1ed9t chi\u1ebfc t\u1ee7 g\u1ed7.<\/span><\/p>\n<div dir=\"auto\"><img decoding=\"async\" class=\"size-full wp-image-31017 aligncenter\" src=\"https:\/\/dalatreview.vn\/wp-content\/uploads\/2023\/07\/Thiet-ke-chua-co-ten-5.jpg\" alt=\"the camp inn \u0111\u00e0 l\u1ea1t\" width=\"1200\" height=\"900\" \/><span style=\"font-size: 16px;\">\u0110\u01b0\u1ee3c tr\u1ea3i nghi\u1ec7m c\u1ea3m gi\u00e1c ng\u1ee7 trong m\u1ed9t kh\u00f4ng gian l\u00e3ng m\u1ea1n tuy\u1ec7t \u0111\u1eb9p gi\u1eefa m\u00eanh m\u00f4ng thi\u00ean nhi\u00ean \u0111\u1ea5t tr\u1eddi. S\u00e1ng s\u1edbm th\u1ee9c gi\u1ea5c, ch\u1ec9 c\u1ea7n k\u00e9o nh\u1eb9 r\u00e8m c\u1eeda l\u00e0 c\u00f3 th\u1ec3 chi\u00eam ng\u01b0\u1ee1ng kho\u1ea3nh s\u1eafc gi\u01b0\u01a1ng m\u00f9 gi\u0103ng tr\u1eafng kh\u1eafp th\u00e0nh ph\u1ed1 th\u00ec c\u00f2n g\u00ec tuy\u1ec7t v\u1eddi h\u01a1n n\u1eefa nh\u1ec9!<\/span><\/div>\n<h2 dir=\"auto\" id=\"2-trai-nghiem-camping-tai-the-camp-inn\"><span style=\"color: #003300;\"><strong>2. Tr\u1ea3i nghi\u1ec7m camping t\u1ea1i The Camp Inn\u00a0<\/strong><\/span><\/h2>\n<p>The Camp Inn t\u1ecda l\u1ea1c t\u1ea1i m\u1ed9t v\u1ecb tr\u00ed \u0111\u1eafc \u0111\u1ecba, ban ng\u00e0y th\u00ec th\u01a1 m\u1ed9ng nh\u01b0 m\u1ed9t b\u1ee9c tranh, t\u1ed1i \u0111\u1ebfn n\u01a1i \u0111\u00e2y l\u00ean \u0111\u00e8n v\u00f4 c\u00f9ng lung linh. \u0110\u1eb7c bi\u1ec7t, bu\u1ed5i t\u1ed1i \u1edf \u0111\u00e2y c\u00f2n c\u00f3 chi\u1ebfu phim r\u1ea5t l\u00e0 chill lu\u00f4n nha.<\/p>\n<p><img decoding=\"async\" class=\"aligncenter wp-image-31019 size-full\" src=\"https:\/\/dalatreview.vn\/wp-content\/uploads\/2023\/07\/1cb54b0b3bd849aa8acb5f17ba357cba-scaled-1.jpg\" alt=\"c\u1eafm tr\u1ea1i sang ch\u1ea3nh t\u1ea1i the camp inn\" width=\"2560\" height=\"1707\" \/><\/p>\n<p>C\u1eafm tr\u1ea1i tr\u00ean m\u1ed9t chi\u1ebfc xe bu\u00fdt, s\u00e1ng s\u1edbm \u0111\u1ecdc s\u00e1ch, nh\u00e2m nhi ly tr\u00e0. Chi\u1ec1u t\u00e0 ng\u1ed3i ng\u1eafm ho\u00e0ng h\u00f4n, m\u01a1 m\u00e0ng t\u01b0\u01a1ng t\u01b0 v\u00e0 khi t\u1ed1i \u0111\u1ebfn \u00e1nh \u0111\u00e8n lung linh, m\u1edd m\u1edd h\u01a1i s\u01b0\u01a1ng, th\u00eam ch\u00fat se l\u1ea1nh th\u1eadt tuy\u1ec7t.<\/p>\n<p><img decoding=\"async\" class=\"aligncenter wp-image-31020 size-full\" src=\"https:\/\/dalatreview.vn\/wp-content\/uploads\/2023\/07\/e47de8b7e0be4151a75f246a0c9b8905-scaled-1.jpg\" alt=\"the camp inn view nh\u00ecn ra h\u1ed3\" width=\"2560\" height=\"1707\" \/><\/p>\n<p>Khu camp n\u00e0y n\u1eb1m trong thung l\u0169ng r\u1ed9ng 10.000m2 v\u1edbi hai khu view h\u1ed3 v\u00e0 n\u00f4ng tr\u1ea1i. N\u01a1i \u0111\u00e2y c\u00e1ch trung t\u00e2m th\u00e0nh ph\u1ed1 10km v\u00e0 n\u1ebfu nh\u01b0 b\u1ea1n \u0111ang mu\u1ed1n r\u1eddi xa t\u00ecm m\u1ed9t ch\u1ed1n b\u00ecnh y\u00ean v\u1eady h\u00e3y gh\u00e9 \u0111\u1ebfn v\u1edbi The Camp Inn.<\/p>\n<p><img decoding=\"async\" class=\"aligncenter wp-image-31021 size-full\" src=\"https:\/\/dalatreview.vn\/wp-content\/uploads\/2023\/07\/915b05fd575b40f2b94421a3b8b91230-scaled-1.jpg\" alt=\"nh\u00e0 v\u1ec7 sinh trong t\u1ea1i the camp inn\" width=\"2560\" height=\"1707\" \/><\/p>\n<p>Nh\u1eefng chi\u1ebfc xe bus t\u1ea1i The Camp Inn \u0111\u01b0\u1ee3c trang b\u1ecb \u0111\u1ea7y \u0111\u1ee7 c\u00e1c v\u1eadt d\u1ee5ng sinh ho\u1ea1t thi\u1ebft y\u1ebfu nh\u01b0 gi\u01b0\u1eddng ng\u1ee7, gh\u1ebf sofa, b\u1ebfp n\u1ea5u, WC,\u2026 kh\u00f4ng kh\u00e1c g\u00ec m\u1ed9t c\u0103n nh\u00e0 th\u1ef1c th\u1ee5.<\/p>\n<p><img decoding=\"async\" class=\"aligncenter wp-image-31022 size-full\" src=\"https:\/\/dalatreview.vn\/wp-content\/uploads\/2023\/07\/z4506467325614_99776005d2b6656a2e77c034d16b846d.jpg\" alt=\"the camp inn \u0111\u00e0 l\u1ea1t\" width=\"2048\" height=\"2048\" \/><\/p>\n<p>\u1ede khu\u00f4n vi\u00ean b\u00ean ngo\u00e0i The Camp Inn \u0110\u00e0 L\u1ea1t l\u00e0 m\u1ed9t m\u1eb7t s\u00e0n b\u1eb1ng g\u1ed7 \u0111\u01b0\u1ee3c \u0111\u1eb7t s\u00e1t chi\u1ebfc xe van. B\u00ean tr\u00ean c\u00f3 gi\u0103ng th\u00eam m\u1ed9t chi\u1ebfc l\u1ec1u \u0111\u1ec3 tr\u00e1nh n\u1eafng m\u01b0a v\u00e0 t\u1ea1o c\u1ea3m gi\u00e1c nh\u01b0 b\u1ea1n \u0111ang \u0111i camping \u1edf ngo\u00e0i tr\u1eddi. Kho\u1ea3ng s\u00e2n nh\u1ecf n\u00e0y r\u1ea5t l\u00fd t\u01b0\u1edfng \u0111\u1ec3 chill, ng\u1eafm ho\u00e0ng h\u00f4n ho\u1eb7c ch\u1ee5p v\u00e0i ki\u1ec3u \u1ea3nh s\u1ed1ng \u1ea3o.<\/p>\n<p><img decoding=\"async\" class=\"aligncenter wp-image-31024 size-full\" src=\"https:\/\/dalatreview.vn\/wp-content\/uploads\/2023\/07\/349359334_983181783042236_7493061982877018527_n.jpg\" alt=\"the camp inn \u0111\u00e0 l\u1ea1t\" width=\"2048\" height=\"1365\" \/><\/p>\n<p><span style=\"font-weight: 400;\">Khu v\u1ef1c nh\u00e0 ta\u0306\u0301m na\u0306\u0300m ngay s\u00e1t b\u00ean ngo\u00e0i xe, c\u00f3 \u0111\u1ea7y \u0111\u1ee7 n\u01b0\u1edbc n\u00f3ng v\u00e0 ti\u1ec7n nghi cho m\u1ecdi ng\u01b0\u1eddi tr\u1ea3i nghi\u1ec7m.\u00a0<\/span><\/p>\n<p><img decoding=\"async\" class=\"aligncenter wp-image-31025 size-full\" src=\"https:\/\/dalatreview.vn\/wp-content\/uploads\/2023\/07\/349944318_1655334351546504_3600797110266435872_n.jpg\" alt=\"the camp inn \u0111\u00e0 l\u1ea1t\" width=\"2048\" height=\"1365\" \/><\/p>\n<p>Khi ngh\u1ec9 d\u01b0\u1ee1ng t\u1ea1i The Camp Inn \u0110\u00e0 L\u1ea1t b\u1ea1n s\u1ebd \u0111\u01b0\u1ee3c s\u1ed1ng trong m\u1ed9t kh\u00f4ng gian v\u00f4 c\u00f9ng l\u00e3ng m\u1ea1n.<\/p>\n<p><img decoding=\"async\" class=\"aligncenter wp-image-31026 size-full\" src=\"https:\/\/dalatreview.vn\/wp-content\/uploads\/2023\/07\/356252280_6299714690148202_5196467845783152578_n.jpg\" alt=\"the camp inn \" width=\"1580\" height=\"2048\" \/><\/p>\n<p>B\u00ean trong m\u1ed7i g\u00f3c \u0111\u1ec1u \u0111\u01b0\u1ee3c set up kh\u00e1 xinh x\u1eafn, g\u00f3c n\u00e0o l\u00ean h\u00ecnh c\u0169ng lung linh. Ph\u00eda b\u00ean ngo\u00e0i l\u00e0 c\u1ea3 m\u1ed9t b\u1ea7u trong v\u1eaft, b\u1ea1n c\u00f3 th\u1ec3 n\u1eb1m d\u01b0\u1edbi m\u00e1i hi\u00ean \u0111\u1ecdc s\u00e1ch, nghe nh\u1ea1c, ch\u01a1i game hay \u0111\u01a1n gi\u1ea3n l\u00e0 t\u1ef1 do nh\u00ecn ng\u1eafm b\u1ea7u tr\u1eddi \u0110\u00e0 L\u1ea1t t\u1eadn h\u01b0\u1edfng m\u1ed9t khung tr\u1eddi ri\u00eang.<\/p>\n<p><img decoding=\"async\" class=\"size-full wp-image-31027 aligncenter\" src=\"https:\/\/dalatreview.vn\/wp-content\/uploads\/2023\/07\/Thiet-ke-chua-co-ten-1-1.jpg\" alt=\"the camp inn \u0111\u00e0 l\u1ea1t\" width=\"1200\" height=\"900\" \/><\/p>\n<p>\u0110\u1ebfn v\u1edbi The Camp Inn ch\u1eafc ch\u1eafn b\u1ea1n s\u1ebd c\u00f3 nh\u1eefng k\u1ef7 ni\u1ec7m \u0111\u00e1ng nh\u1edb b\u00ean c\u1ea1nh nh\u1eefng ng\u01b0\u1eddi th\u00e2n y\u00eau c\u1ee7a m\u00ecnh.<\/p>\n<h2 id=\"3-gia-tour-camping-the-camp-inn\"><span style=\"color: #003300;\">3. Gi\u00e1 tour camping The Camp Inn<\/span><\/h2>\n<p><strong>Xe Camp View H\u1ed3:\u00a0<\/strong><\/p>\n<p>\ud83d\udc49 <strong>Catus<\/strong>( C\u00f3 nh\u00e0 v\u1ec7 sinh trong xe) view nh\u00ecn ra h\u1ed3: 3.400.00 VN\u0110\/2 ng\u01b0\u1eddi<\/p>\n<p>\ud83d\udc49 <strong>H\u1ea3i \u00c2u 1<\/strong>( S\u1eed d\u1ee5ng nh\u00e0 v\u1ec7 sinh chung) view nh\u00ecn ra h\u1ed3: 3.400.00 VN\u0110\/2 ng\u01b0\u1eddi<\/p>\n<p><span style=\"font-size: 16px;\">\ud83d\udc49 <strong>Sunliner<\/strong>( S\u1eed d\u1ee5ng nh\u00e0 v\u1ec7 sinh chung) view nh\u00ecn ra h\u1ed3: 3.000.00 VN\u0110\/2 ng\u01b0\u1eddi<\/span><\/p>\n<p dir=\"auto\"><strong>Xe Camp View V\u01b0\u1eddn:\u00a0<\/strong><\/p>\n<p dir=\"auto\">\ud83d\udc49 <strong>Airstream<\/strong>( S\u1eed d\u1ee5ng nh\u00e0 v\u1ec7 sinh chung) view nh\u00ecn ra v\u01b0\u1eddn: 3.400.000VN\u0110\/ 2 ng\u01b0\u1eddi<\/p>\n<p dir=\"auto\">\ud83d\udc49 <strong>H\u1ea3i \u00c2u 2<\/strong>( C\u00f3 nh\u00e0 v\u1ec7 sinh ri\u00eang trong xe) view nh\u00ecn ra v\u01b0\u1eddn: 3.400.000 VN\u0110\/ 2 ng\u01b0\u1eddi<\/p>\n<p dir=\"auto\">&#8211; Gi\u00e1 xe camp \u00e1p d\u1ee5ng cho 2 ng\u01b0\u1eddi l\u1edbn\/\u0111\u00eam. \u0110\u00e3 bao g\u1ed3m \u0103n t\u1ed1i menu \u00c2u v\u00e0 \u0103n s\u00e1ng.<\/p>\n<p dir=\"auto\">&#8211; M\u1ed7i xe \u1edf \u0111\u01b0\u1ee3c th\u00eam t\u1ed1i \u0111a 1 tr\u1ebb em 6-12 tu\u1ed5i (ph\u1ee5 thu 600k\/b\u00e9 v\u00e0 c\u00f3 ph\u1ea7n \u0103n s\u00e1ng v\u00e0 t\u1ed1i nh\u01b0 ng\u01b0\u1eddi l\u1edbn) ho\u1eb7c 2 b\u00e9 d\u01b0\u1edbi 6 tu\u1ed5i kh\u00f4ng ph\u1ee5 thu (d\u00f9ng chung ph\u1ea7n \u0103n v\u1edbi gia \u0111\u00ecnh).<\/p>\n<p dir=\"auto\">&#8211; B\u00e9 tr\u00ean 12 tu\u1ed5i t\u00ednh nh\u01b0 1 ng\u01b0\u1eddi l\u1edbn.<\/p>\n<p dir=\"auto\">&#8211; Gi\u00e1 ng\u00e0y l\u1ec5, cu\u1ed1i tu\u1ea7n, trong tu\u1ea7n kh\u00f4ng thay \u0111\u1ed5i (\u0111\u1ebfn khi c\u00f3 c\u00e1c ch\u01b0\u01a1ng tr\u00ecnh khuy\u1ebfn m\u00e3i)<\/p>\n<p dir=\"auto\">&#8211; Xe \u1edf \u0111\u01b0\u1ee3c 3 ng\u01b0\u1eddi l\u1edbn (s\u1eed d\u1ee5ng topper):<\/p>\n<p><strong>Ch\u00ednh S\u00e1ch Ph\u1ee5 Thu: <\/strong><\/p>\n<p>&#8211; Set up \u0103n t\u1ed1i t\u1ea1i ph\u00f2ng: 150.000 VN\u0110<\/p>\n<p>&#8211; R\u01b0\u1ee3u, bia mang t\u1eeb ngo\u00e0i v\u00e0o Camp: 200.000 VN\u0110\/1 th\u00f9ng, chai.<\/p>\n<p>&#8211; H\u1ea3i \u00e2u 1, Airstream. Ph\u1ee5 thu ng\u01b0\u1eddi th\u1ee9 3 l\u00e0 1.360.000 VN\u0110 bao g\u1ed3m \u0103n s\u00e1ng v\u00e0 \u0103n t\u1ed1i.<\/p>\n<p><strong>Ch\u00ednh s\u00e1ch tr\u1ebb em:<\/strong><\/p>\n<p>&#8211; Tr\u1ebb em tr\u00ean 12 tu\u1ed5i: \u00e1p d\u1ee5ng gi\u00e1 nh\u01b0 ng\u01b0\u1eddi l\u1edbn<\/p>\n<p>&#8211; Tr\u1ebb em t\u1eeb 6 &#8211; 12 tu\u1ed5i: 600.000\u0111<\/p>\n<p>&#8211; Tr\u1ebb em d\u01b0\u1edbi 6 tu\u1ed5i: mi\u1ec5n ph\u00ed ( kh\u00f4ng bao g\u1ed3m ph\u1ea7n \u0103n)<\/p>\n<p>Ch\u00ednh s\u00e1ch h\u1ee7y: Kh\u00e1ch h\u00e0ng \u0111\u01b0\u1ee3c h\u1ee7y mi\u1ec5n ph\u00ed n\u1ebfu h\u1ee7y tr\u01b0\u1edbc 7 ng\u00e0y tr\u01b0\u1edbc khi t\u1edbi nh\u1eadn ph\u00f2ng, n\u1ebfu h\u1ee7y \u0111\u1eb7t ph\u00f2ng trong v\u00f2ng 7 ng\u00e0y tr\u01b0\u1edbc khi t\u1edbi nh\u1eadn ph\u00f2ng kh\u00e1ch h\u00e0ng s\u1ebd ph\u1ea3i ch\u1ecbu ph\u00ed h\u1ee7y l\u00e0 100% gi\u00e1 tr\u1ecb \u0111\u1eb7t ph\u00f2ng.<\/p>\n<p><strong>Ch\u00ednh s\u00e1ch kh\u00e1c:\u00a0<\/strong><\/p>\n<p>&#8211; Th\u1eddi gian ph\u1ee5c v\u1ee5 b\u1eefa s\u00e1ng: 7h &#8211; 9h<\/p>\n<p>&#8211; Th\u1eddi gian ph\u1ee5c v\u1ee5 b\u1eefa t\u1ed1i: 18h-20h<\/p>\n<p>&#8211; Kh\u00f4ng mang r\u01b0\u1ee3u, bia, ch\u1ea5t k\u00edch th\u00edch, loa c\u00f4ng su\u1ea5t l\u1edbn v\u00e0o khu c\u1eafm tr\u1ea1i.<\/p>\n<p><strong>Set Menu \u0103n t\u1ed1i 1:\u00a0<\/strong><\/p>\n<p>&#8211; Pomelo Salad\/ G\u1ecfi B\u01b0\u1edfi<\/p>\n<p>&#8211; Pan seared Salmon\/ C\u00e1 H\u1ed3i \u00c1p Ch\u1ea3o<\/p>\n<p>&#8211; Hawaii Pizza \/ Pizza Th\u1ecbt Ngu\u1ed9i v\u00e0 D\u1ee9a<\/p>\n<p>&#8211; Chocolate Cake\/ B\u00e1nh Kem S\u00f4-C\u00f4-La<\/p>\n<p>*Set \u0103n bao g\u1ed3m trong g\u00f3i l\u01b0u tr\u00fa*<\/p>\n<p><strong>Set Menu \u0103n t\u1ed1i 2:\u00a0<\/strong><\/p>\n<p>&#8211; Caesar Salad\/ Salad Rau Di\u1ebfp Pho Mai<\/p>\n<p>&#8211; American Top-Blade of Beef\/ L\u00f5i Vai B\u00f2 M\u1ef9<\/p>\n<p>&#8211; Magarrita Pizza\/ Pizza C\u00e0 Chua v\u00e0 Pho M\u00e1t<\/p>\n<p>&#8211; Mulberry Chocolate Cream Brulee\/ Kem Ch\u00e1y D\u00e2u T\u1eb1m v\u00e0 Chocolate<\/p>\n<p>*Set \u0103n bao g\u1ed3m trong g\u00f3i l\u01b0u tr\u00fa*<\/p>\n<p><strong>Set \u0102n s\u00e1ng:\u00a0<\/strong><\/p>\n<p>&#8211; B\u00e1nh m\u00ec \u1ed1p la, x\u00fac x\u00edch<\/p>\n<p>&#8211; M\u00ec g\u00f3i tr\u1ee9ng, x\u00fac x\u00edch<\/p>\n<p>&#8211; Tr\u00e1i c\u00e2y<\/p>\n<p>&#8211; Yaourt<\/p>\n<p>*Set \u0103n bao g\u1ed3m trong g\u00f3i l\u01b0u tr\u00fa*<\/p>\n<h2 id=\"4-thong-tin-lien-he-book-tour-the-camp-inn\"><span style=\"color: #003300;\"><strong>4. Th\u00f4ng tin li\u00ean h\u1ec7 book tour The Camp Inn\u00a0<\/strong><\/span><\/h2>\n<p>Hotline t\u01b0 v\u1ea5n: 0986 978 394<\/p>\n<p>Fanpage book tour:\u00a0<a title=\"The Camp Inn\" href=\"https:\/\/www.facebook.com\/CampingArtDaLat\" target=\"_blank\" rel=\"noopener\">The Camp Inn<\/a><\/p>\n<p>Xem th\u00eam b\u00e0i vi\u1ebft kh\u00e1c t\u1ea1i :\u00a0<a href=\"https:\/\/dalatreview.vn\/en\/tour\/\">\u0110\u00e0 L\u1ea1t Review<\/a><\/p>","protected":false},"excerpt":{"rendered":"<p>Danh m\u1ee5c ch\u00ednh The Camp Inn \u0110\u00e0 L\u1ea1t 1. Nh\u1eefng \u0111i\u1ec3m \u0111\u1eb7c bi\u1ec7t c\u1ee7a The Camp Inn 2. Tr\u1ea3i nghi\u1ec7m camping t\u1ea1i The Camp Inn\u00a0 3. Gi\u00e1 tour camping The Camp Inn 4. Th\u00f4ng tin li\u00ean h\u1ec7 book tour The Camp Inn\u00a0 The Camp Inn \u0110\u00e0 L\u1ea1t \u0110i \u0110\u00e0 L\u1ea1t n\u1ebfu nh\u01b0 \u0111\u00e3 qu\u00e1 quen [&hellip;]<\/p>","protected":false},"featured_media":31039,"comment_status":"open","ping_status":"closed","template":"","meta":{"_acf_changed":false,"rank_math_lock_modified_date":false},"product_cat":[28,2346],"product_tag":[],"acf":[],"_links":{"self":[{"href":"https:\/\/dalatreview.vn\/en\/wp-json\/wp\/v2\/product\/30998"}],"collection":[{"href":"https:\/\/dalatreview.vn\/en\/wp-json\/wp\/v2\/product"}],"about":[{"href":"https:\/\/dalatreview.vn\/en\/wp-json\/wp\/v2\/types\/product"}],"replies":[{"embeddable":true,"href":"https:\/\/dalatreview.vn\/en\/wp-json\/wp\/v2\/comments?post=30998"}],"wp:featuredmedia":[{"embeddable":true,"href":"https:\/\/dalatreview.vn\/en\/wp-json\/wp\/v2\/media\/31039"}],"wp:attachment":[{"href":"https:\/\/dalatreview.vn\/en\/wp-json\/wp\/v2\/media?parent=30998"}],"wp:term":[{"taxonomy":"product_cat","embeddable":true,"href":"https:\/\/dalatreview.vn\/en\/wp-json\/wp\/v2\/product_cat?post=30998"},{"taxonomy":"product_tag","embeddable":true,"href":"https:\/\/dalatreview.vn\/en\/wp-json\/wp\/v2\/product_tag?post=30998"}],"curies":[{"name":"wp","href":"https:\/\/api.w.org\/{rel}","templated":true}]}}