
{"id":30117,"date":"2023-06-08T17:30:52","date_gmt":"2023-06-08T10:30:52","guid":{"rendered":"https:\/\/dalatreview.vn\/?p=30117"},"modified":"2025-02-14T13:13:04","modified_gmt":"2025-02-14T06:13:04","slug":"dia-diem-teambuilding-da-lat-hot-nhat-he-2023","status":"publish","type":"product","link":"https:\/\/dalatreview.vn\/en\/dia-diem-teambuilding-da-lat-hot-nhat-he-2023.html","title":{"rendered":"\u0110\u1ecba \u0111i\u1ec3m TEAMBUILDING \u0110\u00e0 L\u1ea1t hot nh\u1ea5t h\u00e8 2023"},"content":{"rendered":"<p style=\"text-align: center;\"><span style=\"color: #003366;\"><strong><span style=\"font-size: 32px;\">H\u00e8 n\u00e0y ngh\u1ec9 m\u00e1t k\u1ebft h\u1ee3p teambuilding c\u1ee7a c\u00f4ng ty, \u0111i \u0111\u00e2u ph\u00f9 h\u1ee3p?<\/span><\/strong><\/span><\/p>\n<p><strong>M\u00f9a h\u00e8 l\u00e0 th\u1eddi \u0111i\u1ec3m c\u00e1c c\u00f4ng ty, doanh nghi\u1ec7p t\u1ed5 ch\u1ee9c cho nh\u00e2n vi\u00ean tham gia ngh\u1ec9 m\u00e1t k\u1ebft h\u1ee3p teambuilding. M\u1ed7i n\u0103m c\u00e1c doanh nghi\u1ec7p l\u1ea1i ch\u1ecdn 1 \u0111\u1ecba \u0111i\u1ec3m kh\u00e1c nhau n\u00ean qu\u1ef9 \u0111\u1ecba danh s\u1ebd thu h\u1eb9p d\u1ea7n. N\u1ebfu doanh nghi\u1ec7p c\u1ee7a b\u1ea1n v\u1eabn ch\u01b0a c\u00f3 l\u1ef1a ch\u1ecdn cho m\u00f9a h\u00e8 n\u00e0y, h\u00e3y tham kh\u1ea3o c\u00e1c \u0111\u1ecba \u0111i\u1ec3m d\u01b0\u1edbi \u0111\u00e2y nh\u00e9.<\/strong><\/p>\n<nav class=\"vietrick-auto-toc\">\n<div class=\"box-title\">\n<h3 class=\"toc-title\" id=\"select-menu\">Danh m\u1ee5c ch\u00ednh<\/h3>\n<div><ion-icon name=\"chevron-up-outline\"><\/ion-icon><\/div>\n<\/div>\n<ul class=\"toc-list\"><\/ul>\n<li><a href='https:\/\/dalatreview.vn\/en#3_Ho_Tuyen_Lam_8211_Dia_Diem_Team_Building_Da_Lat' class='heading-h1 toc-link smooth-scroll'>1. H\u1ed3 Tuy\u1ec1n L\u00e2m\u00a0<\/a>\n<li><a href='https:\/\/dalatreview.vn\/en#2-doi-che-cau-dat' class='heading-h1 toc-link smooth-scroll'>2. \u0110\u1ed3i ch\u00e8 C\u1ea7u \u0110\u1ea5t<\/a>\n<li><a href='https:\/\/dalatreview.vn\/en#3-da-quy-xa-xuan-tho' class='heading-h1 toc-link smooth-scroll'>3. \u0110a Qu\u00fd &#8211; X\u00e3 Xu\u00e2n Th\u1ecd<\/a>\n<li><a href='https:\/\/dalatreview.vn\/en#kinh-nghiem-to-chuc-teambuilding-da-lat' class='heading-h1 toc-link smooth-scroll'>Kinh nghi\u1ec7m t\u1ed5 ch\u1ee9c teambuilding \u0110\u00e0 L\u1ea1t<\/a>\n<ul>\n<li><a href='https:\/\/dalatreview.vn\/en#mot-so-luu-y-de-co-cho-minh-nhung-buoi-teambuilding-da-lat-thuc-su-y-nghia' class='heading-h2 toc-link smooth-scroll'>M\u1ed9t s\u1ed1 l\u01b0u \u00fd \u0111\u1ec3 c\u00f3 cho m\u00ecnh nh\u1eefng bu\u1ed5i teambuilding \u0110\u00e0 L\u1ea1t th\u1ef1c s\u1ef1 \u00fd ngh\u0129a<\/a>\n<li><a href='https:\/\/dalatreview.vn\/en#' class='heading-h2 toc-link smooth-scroll'><\/a>\n<li><a href='https:\/\/dalatreview.vn\/en#loi-ich-khi-to-chuc-teambuilding-o-da-lat' class='heading-h2 toc-link smooth-scroll'>L\u1ee3i \u00edch khi t\u1ed5 ch\u1ee9c teambuilding \u1edf \u0110\u00e0 L\u1ea1t<\/a>\n<li><a href='https:\/\/dalatreview.vn\/en#thoi-gian-tuyet-nhat-de-to-chuc-teambuilding-da-lat' class='heading-h2 toc-link smooth-scroll'>Th\u1eddi gian tuy\u1ec7t nh\u1ea5t \u0111\u1ec3 t\u1ed5 ch\u1ee9c teambuilding \u0110\u00e0 L\u1ea1t?<\/a>\n<li><a href='https:\/\/dalatreview.vn\/en#gia-khi-tham-gia-chuong-trinh-teambuiding-da-lat' class='heading-h2 toc-link smooth-scroll'>Gi\u00e1 khi tham gia ch\u01b0\u01a1ng tr\u00ecnh teambuiding \u0110\u00e0 L\u1ea1t\u00a0<\/a><\/ul>\n<li><a href='https:\/\/dalatreview.vn\/en#thong-tin-lien-he' class='heading-h1 toc-link smooth-scroll'>Contact information<\/a><\/ul>\n<\/li>\n<\/ul>\n<\/nav>\n<h1><span style=\"font-size: 24px; color: #003366;\"><strong><span id=\"3_Ho_Tuyen_Lam_8211_Dia_Diem_Team_Building_Da_Lat\">1. H\u1ed3 Tuy\u1ec1n L\u00e2m\u00a0<\/span><\/strong><\/span><\/h1>\n<ul>\n<li><strong>\u0110\u1ecba ch\u1ec9:\u00a0Ph\u01b0\u1eddng 4, Th\u00e0nh ph\u1ed1 \u0110\u00e0 L\u1ea1t<\/strong><\/li>\n<\/ul>\n<div style=\"width: 852px;\" class=\"wp-video\"><!--[if lt IE 9]><script>document.createElement('video');<\/script><![endif]-->\n<video class=\"wp-video-shortcode\" id=\"video-30117-1\" width=\"852\" height=\"384\" loop=\"1\" autoplay=\"1\" preload=\"metadata\" controls=\"controls\"><source type=\"video\/mp4\" src=\"https:\/\/dalatreview.vn\/wp-content\/uploads\/2023\/06\/4374874319128.mp4?_=1\" \/><a href=\"https:\/\/dalatreview.vn\/wp-content\/uploads\/2023\/06\/4374874319128.mp4\">https:\/\/dalatreview.vn\/wp-content\/uploads\/2023\/06\/4374874319128.mp4<\/a><\/video><\/div>\n<p><img decoding=\"async\" class=\"aligncenter wp-image-30122 size-full\" src=\"https:\/\/dalatreview.vn\/wp-content\/uploads\/2023\/06\/z4129187825088_33e4c2dde900c20d743addbdf55cdb6e.jpg\" alt=\"TeamBuilding\" width=\"2560\" height=\"1704\" \/><\/p>\n<p><img decoding=\"async\" class=\"aligncenter wp-image-30123 size-full\" src=\"https:\/\/dalatreview.vn\/wp-content\/uploads\/2023\/06\/z4374874408778_d3bf69ce487070297cb5444c25b23c4e.jpg\" alt=\"TeamBuilding\" width=\"2560\" height=\"1920\" \/><\/p>\n<p>M\u1ed9t \u0111\u1ecba ch\u1ec9 du l\u1ecbch kh\u00f4ng c\u00f2n qu\u00e1 xa l\u1ea1 v\u1edbi du kh\u00e1ch khi \u0111\u1ebfn v\u1edbi \u0110\u00e0 L\u1ea1t. H\u1ed3 Tuy\u1ec1n L\u00e2m c\u00f3 di\u1ec7n t\u00edch kh\u00e1 l\u1edbn v\u1edbi h\u01a1n 360ha.<\/p>\n<p>V\u00e0 ch\u1ec9 c\u00e1ch th\u00e0nh ph\u1ed1 \u0110\u00e0 L\u1ea1t h\u01a1n 5 km. R\u1ea5t thu\u1eadn ti\u1ec7n cho vi\u1ec7c di chuy\u1ec3n c\u1ee7a nh\u1eefng tour du l\u1ecbch \u0111\u00f4ng th\u00e0nh vi\u00ean tham gia.<\/p>\n<p>T\u1ea1i \u0111\u00e2y kh\u00f4ng ch\u1ec9 c\u00f3 phong c\u1ea3nh h\u1eefu t\u00ecnh th\u01a1 m\u1ed9ng, kh\u00f4ng gian tho\u00e1ng \u0111\u00e3ng m\u00e0 c\u00f2n c\u00f3 nh\u1eefng tr\u00f2 ch\u01a1i v\u1eadn \u0111\u1ed9ng th\u00fa v\u1ecb nh\u01b0: ch\u00e8o thuy\u1ec1n, nh\u1eefng m\u00f4n v\u1eadn \u0111\u1ed9ng th\u1ec3 ch\u1ea5t kh\u00e1c,\u2026<\/p>\n<p>Du kh\u00e1ch c\u00f3 th\u1ec3 l\u1ef1a ch\u1ecdn khu v\u1ef1c ven h\u1ed3, d\u01b0\u1edbi \u0111\u1ed3i th\u00f4ng \u0111\u1ec3 t\u1ed5 ch\u1ee9c Team Building \u0110\u00e0 L\u1ea1t cho h\u1ed9i nh\u00f3m c\u1ee7a m\u00ecnh.<\/p>\n<p>Kh\u00f4ng kh\u00ed trong l\u00e0nh v\u00e0 m\u00e1t m\u1ebb s\u1ebd c\u1ef1c k\u00ec ph\u00f9 h\u1ee3p cho nh\u1eefng m\u00f4n v\u1eadn \u0111\u1ed9ng th\u1ec3 ch\u1ea5t.<\/p>\n<p>Khi \u0111\u00eam xu\u1ed1ng du kh\u00e1ch c\u00f3 th\u1ec3 \u0111\u1ed1t l\u1eeda tr\u1ea1i c\u0169ng l\u00e0 m\u1ed9t l\u1ef1a ch\u1ecdn h\u1ee3p l\u00ed.<\/p>\n<p><img decoding=\"async\" class=\"aligncenter wp-image-30127 size-full\" src=\"https:\/\/dalatreview.vn\/wp-content\/uploads\/2023\/06\/z4147225945311_a297c34cd8546233b87c5e393ead95c2-scaled-1.jpg\" alt=\"teambuilding\" width=\"2560\" height=\"1920\" \/><\/p>\n<p><img decoding=\"async\" class=\"aligncenter wp-image-30129 size-full\" src=\"https:\/\/dalatreview.vn\/wp-content\/uploads\/2023\/06\/z4374887020779_cf922f2d3933b530dacb23c9dc67183a-scaled-1.jpg\" alt=\"teambuilding\" width=\"2560\" height=\"1920\" \/><\/p>\n<h1 id=\"2-doi-che-cau-dat\"><span style=\"font-size: 24px; color: #003366;\"><strong>2. \u0110\u1ed3i ch\u00e8 C\u1ea7u \u0110\u1ea5t<\/strong><\/span><\/h1>\n<ul>\n<li><strong>\u0110\u1ecba ch\u1ec9: Xu\u00e2n Tr\u01b0\u1eddng, Th\u00e0nh ph\u1ed1 \u0110\u00e0 L\u1ea1t, L\u00e2m \u0110\u1ed3ng<\/strong><\/li>\n<\/ul>\n<p><img decoding=\"async\" class=\"aligncenter wp-image-30131 size-full\" src=\"https:\/\/dalatreview.vn\/wp-content\/uploads\/2023\/06\/z4415340149649_c98194e12eefe31065333610451d521d.jpg\" alt=\"teambuilding\" width=\"1034\" height=\"632\" \/><\/p>\n<p>C\u00e1ch trung t\u00e2m th\u00e0nh ph\u1ed1 \u0110\u00e0 L\u1ea1t 20km, \u0111\u1ed3i ch\u00e8 C\u1ea7u \u0110\u1ea5t l\u00e0 \u0111\u1ecba \u0111i\u1ec3m n\u1ed5i ti\u1ebfng m\u00e0 b\u1ea5t k\u00ec ai \u0111\u1ebfn \u0110\u00e0 L\u1ea1t\u00a0\u0111\u1ec1u kh\u00f4ng th\u1ec3 b\u1ecf qua.<\/p>\n<p>\u0110\u1eb7c bi\u1ec7t l\u00e0 s\u1ef1 ki\u1ec7n teambuilding c\u1ee7a nhi\u1ec1u c\u00f4ng ty. C\u00e1c tr\u00f2 ch\u01a1i ho\u1ea1t \u0111\u1ed9ng ban ng\u00e0y ngo\u00e0i tr\u1eddi nh\u01b0 Tr\u01b0\u1ee3t Zipline, B\u1eafn s\u00fang s\u01a1n, banh \u0111\u1ee5ng,\u2026<\/p>\n<p>Kh\u00f4ng gian t\u1ea1i h\u1ed3 r\u1ea5t r\u1ed9ng v\u00e0 tho\u00e1ng. Th\u1ef1c s\u1ef1 ph\u00f9 h\u1ee3p v\u1edbi nh\u1eefng bu\u1ed5i d\u00e3 ngo\u1ea1i c\u00f3 nhi\u1ec1u th\u00e0nh vi\u00ean. T\u1eeb \u0111\u00f3 m\u1ecdi ng\u01b0\u1eddi c\u00f3 c\u01a1 h\u1ed9i \u0111\u1ec3 g\u1eafn k\u1ebft v\u1edbi nhau nhi\u1ec1u h\u01a1n.<\/p>\n<p>V\u1edbi di\u1ec7n t\u00edch r\u1ed9ng l\u1edbn, \u0111\u1ecba \u0111i\u1ec3m th\u00edch h\u1ee3p cho ho\u1ea1t \u0111\u1ed9ng th\u1ec3 ch\u1ea5t mang t\u00ednh t\u1eadp th\u1ec3, tr\u00f2 ch\u01a1i \u0111\u1ed3ng \u0111\u1ed9i nh\u01b0 k\u00e9o co, ch\u1ea1y \u0111ua, truy t\u00ecm kho b\u00e1u,\u2026<\/p>\n<p>Hay nh\u1eefng ho\u1ea1t \u0111\u1ed9ng picnic, n\u01b0\u1edbng BBQ ngo\u00e0i tr\u1eddi.<\/p>\n<p>V\u1edbi kh\u00f4ng kh\u00ed trong l\u00e0nh gi\u00fap b\u1ea1n gi\u1ea3i t\u1ecfa stress, g\u00e1nh n\u1eb7ng cu\u1ed9c s\u1ed1ng sau gi\u1edd l\u00e0m vi\u1ec7c. C\u00f9ng c\u00f4ng ty l\u00ean chuy\u1ebfn \u0111i du l\u1ecbch t\u1ea1i \u0110\u00e0 L\u1ea1t\u00a0n\u00e0o!<\/p>\n<p><img decoding=\"async\" class=\"aligncenter wp-image-30133 size-full\" src=\"https:\/\/dalatreview.vn\/wp-content\/uploads\/2023\/06\/z4415340143922_940245471fa9b565f07f2c678b268789.jpg\" alt=\"teambuilding\" width=\"1011\" height=\"657\" \/><\/p>\n<h1 id=\"3-da-quy-xa-xuan-tho\"><span style=\"font-size: 24px; color: #003366;\"><strong>3. \u0110a Qu\u00fd &#8211; X\u00e3 Xu\u00e2n Th\u1ecd<\/strong><\/span><\/h1>\n<p><img decoding=\"async\" class=\"aligncenter wp-image-30136 size-full\" src=\"https:\/\/dalatreview.vn\/wp-content\/uploads\/2023\/06\/338356436_606761444644774_333626831255348099_n.jpg\" alt=\"teambuilding\" width=\"2048\" height=\"1536\" \/><\/p>\n<p>T\u1ecda l\u1ea1c t\u1ea1i m\u1ed9t v\u1ecb tr\u00ed \u0111\u1eafc \u0111\u1ecba, n\u01a1i b\u1ea1n c\u00f3 th\u1ec3 ng\u1eafm c\u1ea3 b\u00ecnh minh v\u00e0 ho\u00e0ng h\u00f4n, \u0111\u1eb7c bi\u1ec7t bu\u1ed5i t\u1ed1i n\u01a1i c\u00f2n c\u00f3 c\u1ea3 view ng\u1eafm nh\u00e0 l\u1ed3ng si\u00eau lung linh.<\/p>\n<p>\u0110\u1eb7c bi\u1ec7t, The Camp Ville Dalat ch\u1ec9 c\u00e1ch trung t\u00e2m th\u00e0nh ph\u1ed1 10km (15 ph\u00fat \u0111i xe) v\u00e0 \u0111\u01b0\u1eddng d\u1ec5 di chuy\u1ec3n.<\/p>\n<p>M\u1ed9t \u0111\u1ecba \u0111i\u1ec3m m\u1edbi toanh nh\u01b0ng c\u0169ng kh\u00f4ng k\u00e9m ph\u1ea7n x\u1ecbn x\u00f2 v\u1edbi khu t\u1ed5 h\u1ee3p glamping sang ch\u1ea3nh.<\/p>\n<p>Glamping \u1edf \u0111\u00e2y th\u01b0\u1eddng \u0111\u01b0\u1ee3c c\u00e1c c\u00f4ng ty c\u00f3 &#8220;budget cao&#8221; l\u1ef1a ch\u1ecdn teambuilding v\u00ec l\u1ec1u ti\u1ec7n nghi kh\u00f4ng k\u00e9m g\u00ec resort, \u0111\u01b0\u1ee3c trang b\u1ecb b\u1ed3n t\u1eafm, gi\u01b0\u1eddng kingsize, wc ri\u00eang m\u1ed7i l\u1ec1u v\u00e0 ti\u1ec7n nghi \u0111\u1ea7y \u0111\u1ee7 trong l\u1ec1u.<\/p>\n<p>\u2714\ufe0f Th\u01b0\u1edfng th\u1ee9c nh\u1eefng b\u1eefa ti\u1ec7c BBQ bu\u1ed5i t\u1ed1i c\u00f9ng SET MENU 9 M\u00d3N<\/p>\n<p>\u2714\ufe0f T\u1eadn h\u01b0\u1edfng m\u1ecdi d\u1ecbch v\u1ee5 theo chu\u1ea9n kh\u00e1ch s\u1ea1n.<\/p>\n<p dir=\"auto\">\u2714\ufe0f T\u1ea1i \u0111\u00e2y c\u00f3 c\u1ea3 m\u1ed9t kh\u00f4ng gian c\u1ef1c r\u1ed9ng \u0111\u1ec3 b\u1ea1n v\u00e0 gia \u0111\u00ecnh c\u00f3 m\u1ed9t k\u00ec ngh\u1ec9 d\u01b0\u1ee1ng tho\u1ea3i m\u00e1i, h\u00f2a m\u00ecnh c\u00f9ng thi\u00ean nhi\u00ean.<\/p>\n<p dir=\"auto\">\u2714\ufe0f Ngo\u00e0i ra, t\u1ea1i \u0111\u00e2y c\u00f2n c\u00f3 c\u1ea3 m\u1ed9t qu\u00e1n c\u00e0 ph\u00ea \u0111\u1ec3 b\u1ea1n c\u00f3 th\u1ec3 ng\u1ed3i nh\u00e2m nhi ng\u1eafm c\u1ea3nh v\u00e0 chill c\u00f9ng thi\u00ean nhi\u00ean<\/p>\n<p dir=\"auto\"><img decoding=\"async\" id=\"thepasted-5\" class=\"aligncenter wp-image-30137 size-full\" src=\"https:\/\/dalatreview.vn\/wp-content\/uploads\/2023\/06\/338506265_177930515053671_5894909758262351773_n.jpg\" alt=\"teambuilding\" width=\"2048\" height=\"1536\" \/><\/p>\n<p dir=\"auto\"><img decoding=\"async\" id=\"thepasted-4\" class=\"aligncenter wp-image-30135 size-full\" src=\"https:\/\/dalatreview.vn\/wp-content\/uploads\/2023\/06\/338339054_933104621214874_4880706234793348743_n.jpg\" alt=\"teambuilding\" width=\"2048\" height=\"1364\" \/><\/p>\n<h1 id=\"kinh-nghiem-to-chuc-teambuilding-da-lat\"><strong><span style=\"color: #003366; font-size: 24px;\">Kinh nghi\u1ec7m t\u1ed5 ch\u1ee9c teambuilding \u0110\u00e0 L\u1ea1t<\/span><\/strong><\/h1>\n<p>R\u1ea5t nhi\u1ec1u c\u00f4ng ty, tr\u01b0\u1eddng h\u1ecdc v\u00e0 nh\u1eefng t\u1eadp th\u1ec3 kh\u00e1c l\u1ef1a ch\u1ecdn \u0110\u00e0 L\u1ea1t l\u00e0 \u0111\u1ecba \u0111i\u1ec3m t\u1ed5 ch\u1ee9c nh\u1eefng bu\u1ed5i TeamBuilding \u0110\u00e0 L\u1ea1t cho m\u00ecnh, v\u00ec n\u01a1i \u0111\u00e2y c\u00f3 kh\u00f4ng kh\u00ed m\u00e1t m\u1ebb v\u00e0 kh\u00f4ng gian tho\u00e1ng \u0111\u00e3ng.<\/p>\n<p>Kh\u00f4ng kh\u00ed trong l\u00e0nh l\u00e0 \u0111i\u1ec3m m\u1ea5u ch\u1ed1t \u0111\u1ec3 t\u1ea1o n\u00ean m\u1ed9t bu\u1ed5i teambuilding h\u1ea5p d\u1eabn, v\u1edbi \u0111\u1ecba h\u00ecnh \u0111\u1ed3i cao v\u00e0 nh\u1eefng c\u00e1nh r\u1eebng th\u00f4ng tr\u1ea3i d\u00e0i, mang l\u1ea1i cho du kh\u00e1ch m\u1ed9t tr\u1ea3i nghi\u1ec7m teambuilding c\u1ef1c tho\u1ea3i m\u00e1i.<\/p>\n<p>Nh\u1eefng bu\u1ed5i teambuilding v\u1edbi ti\u00eau ch\u00ed v\u1eeba ph\u1ea3i v\u1ec1 t\u00ednh th\u1ec3 ch\u1ea5t, vui nh\u01b0ng v\u1eabn \u0111\u1ea3m b\u1ea3o s\u1ee9c kh\u1ecfe cho ng\u01b0\u1eddi tham gia. G\u1eafn k\u1ebft \u0111\u01b0\u1ee3c nh\u1eefng th\u00e0nh vi\u00ean trong nh\u00f3m, t\u1ea1o \u0111\u01b0\u1ee3c s\u1ef1 tho\u1ea3i m\u00e1i v\u00e0 ti\u1ebfng c\u01b0\u1eddi cho t\u1ea5t c\u1ea3 m\u1ecdi ng\u01b0\u1eddi th\u00ec \u0111\u00f3 l\u00e0 m\u1ed9t bu\u1ed5i sinh ho\u1ea1t c\u00f3 ch\u1ea5t l\u01b0\u1ee3ng.<\/p>\n<div style=\"width: 852px;\" class=\"wp-video\"><video class=\"wp-video-shortcode\" id=\"video-30117-2\" width=\"852\" height=\"384\" preload=\"metadata\" controls=\"controls\"><source type=\"video\/mp4\" src=\"https:\/\/dalatreview.vn\/wp-content\/uploads\/2023\/06\/4374874346929.mp4?_=2\" \/><a href=\"https:\/\/dalatreview.vn\/wp-content\/uploads\/2023\/06\/4374874346929.mp4\">https:\/\/dalatreview.vn\/wp-content\/uploads\/2023\/06\/4374874346929.mp4<\/a><\/video><\/div>\n<p><img decoding=\"async\" class=\"aligncenter wp-image-30140 size-full\" src=\"https:\/\/dalatreview.vn\/wp-content\/uploads\/2023\/06\/z4374874530740_073acb35710cab3193ed276d98b008be.jpg\" alt=\"teambuilding\" width=\"2560\" height=\"1920\" \/><\/p>\n<h2 id=\"mot-so-luu-y-de-co-cho-minh-nhung-buoi-teambuilding-da-lat-thuc-su-y-nghia\"><span style=\"font-size: 20px;\"><strong><span style=\"color: #003366;\">M\u1ed9t s\u1ed1 l\u01b0u \u00fd \u0111\u1ec3 c\u00f3 cho m\u00ecnh nh\u1eefng bu\u1ed5i teambuilding \u0110\u00e0 L\u1ea1t th\u1ef1c s\u1ef1 \u00fd ngh\u0129a<\/span><\/strong><\/span><\/h2>\n<p>Tr\u01b0\u1edbc ti\u00ean ch\u00fang ta n\u00ean c\u1eadp nh\u1eadt th\u1eddi ti\u1ebft t\u1ea1i khu v\u1ef1c m\u00e0 m\u00ecnh mu\u1ed1n t\u1ed5 ch\u1ee9c. M\u1ed9t bu\u1ed5i s\u00e1ng n\u1eafng \u0111\u1eb9p \u00edt m\u00e2y l\u00e0 ho\u00e0n h\u1ea3o nh\u1ea5t. Kh\u00f4ng kh\u00ed kh\u00f4 r\u00e1o \u00edt \u0111\u1ed9 \u1ea9m mang l\u1ea1i cho ch\u00fang ta m\u1ed9t tr\u1ea3i nghi\u1ec7m t\u1ed1t h\u01a1n.<\/p>\n<p>M\u1ed9t bu\u1ed5i teambuilding \u0110\u00e0 L\u1ea1t th\u1ef1c s\u1ef1 s\u00f4i n\u1ed5i c\u1ea7n thi\u1ebft nh\u1ea5t l\u00e0 m\u1ed9t ng\u01b0\u1eddi d\u1eabn ch\u01b0\u01a1ng tr\u00ecnh h\u00f3m h\u1ec9nh v\u00e0 c\u00f3 s\u1ef1 chu\u1ea9n b\u1ecb tr\u01b0\u1edbc t\u1eeb k\u1ecbch b\u1ea3n, c\u01a1 c\u1ea5u tr\u00f2 ch\u01a1i v\u00e0 gi\u1ea3i th\u01b0\u1edfng. T\u1eeb \u0111\u00f3 bu\u1ed5i sinh ho\u1ea1t s\u1ebd di\u1ec5n ra d\u1ec5 d\u00e0ng v\u00e0 mang l\u1ea1i hi\u1ec7u qu\u1ea3 t\u1ed1t nh\u1ea5t c\u00f3 th\u1ec3.<\/p>\n<p>Ngo\u00e0i ra, khi tham gia nh\u1eefng bu\u1ed5i teambuilding ch\u00fang ta n\u00ean l\u00ean k\u1ebf ho\u1ea1ch v\u00e0 chu\u1ea9n b\u1ecb nh\u1eefng v\u1eadt d\u1ee5ng c\u1ea7n thi\u1ebft.<\/p>\n<ul>\n<li>Trang ph\u1ee5c d\u00e3 ngo\u1ea1i, qu\u1ea7n co gi\u00e3n \u0111\u01b0\u1ee3c, \u00e1o thun, n\u00f3n, gi\u00e0y th\u1ec3 thao.<\/li>\n<li>Mang th\u00eam m\u1ed9t b\u1ed9 \u0111\u1ed3 \u0111\u1ec3 thay<\/li>\n<li>K\u00ednh m\u00e1t, kem ch\u1ed1ng n\u1eafng<\/li>\n<li>\u00c1o kho\u00e1c, b\u00ecnh x\u1ecbt c\u00f4n tr\u00f9ng.<\/li>\n<li>T\u00fai s\u01a1 c\u1ee9u y t\u1ebf.<\/li>\n<\/ul>\n<h2><img decoding=\"async\" id=\"thepasted-6\" class=\"aligncenter wp-image-30143 size-full\" src=\"https:\/\/dalatreview.vn\/wp-content\/uploads\/2023\/06\/z4374887107181_3783352dab9e89e2bb591125c5a41eaa.jpg\" alt=\"teambuilding\" width=\"2560\" height=\"1440\" \/><\/h2>\n<h2 id=\"loi-ich-khi-to-chuc-teambuilding-o-da-lat\"><span style=\"font-size: 20px;\"><strong>L\u1ee3i \u00edch khi t\u1ed5 ch\u1ee9c teambuilding \u1edf \u0110\u00e0 L\u1ea1t<\/strong><\/span><\/h2>\n<p>C\u00f3 th\u1ec3 th\u1ea5y t<strong>eambuilding \u0110\u00e0 L\u1ea1t<\/strong> l\u00e0 m\u1ed9t ho\u1ea1t \u0111\u1ed9ng mang l\u1ea1i r\u1ea5t nhi\u1ec1u l\u1ee3i \u00edch cho doanh nghi\u1ec7p n\u00f3i chung v\u00e0 c\u00e1 nh\u00e2n n\u00f3i ri\u00eang. T\u1eeb vi\u1ec7c tham gia chung v\u1edbi nhau nh\u1eefng ho\u1ea1t \u0111\u1ed9ng t\u1eadp th\u1ec3 s\u1ebd gi\u00fap ch\u00fang ta g\u1ea7n g\u0169i v\u00e0 th\u00e2n thu\u1ed9c v\u1edbi nhau h\u01a1n.<\/p>\n<p>T\u1ea1o n\u00ean s\u1ef1 g\u1eafn k\u1ebft l\u00e2u d\u00e0i c\u1ee7a m\u1ed9t t\u1eadp th\u1ec3, s\u1ee9c m\u1ea1nh t\u1eeb \u0111\u00f3 s\u1ebd \u0111\u01b0\u1ee3c gia t\u0103ng v\u00e0 mang l\u1ea1i nh\u1eefng gi\u00e1 tr\u1ecb c\u1ed1t l\u00f5i \u0111\u1ebfn v\u1edbi doanh nghi\u1ec7p v\u00e0 t\u1eebng c\u00e1 nh\u00e2n. Ch\u1ea7n ch\u1eeb g\u00ec n\u1ebfu ch\u00fang ta \u0111ang c\u00f3 \u00fd \u0111\u1ecbnh cho chuy\u1ebfn d\u00e3 ngo\u1ea1i c\u1ee7a c\u00f4ng ty m\u00ecnh.<\/p>\n<p><img decoding=\"async\" id=\"thepasted-7\" class=\"aligncenter wp-image-30144 size-full\" src=\"https:\/\/dalatreview.vn\/wp-content\/uploads\/2023\/06\/z4374888993538_0bae70a60d08794c1cabc96aea56eead.jpg\" alt=\"teambuilding\" width=\"2048\" height=\"1536\" \/><\/p>\n<h2 id=\"thoi-gian-tuyet-nhat-de-to-chuc-teambuilding-da-lat\"><span style=\"font-size: 20px;\"><strong class=\"schema-faq-question\">Th\u1eddi gian tuy\u1ec7t nh\u1ea5t \u0111\u1ec3 t\u1ed5 ch\u1ee9c teambuilding \u0110\u00e0 L\u1ea1t?<\/strong><\/span><\/h2>\n<p>Th\u1eddi gian \u0111\u1eb9p nh\u1ea5t trong n\u0103m \u0111\u1ec3 t\u1ed5 ch\u1ee9c c\u00e1c ch\u01b0\u01a1ng tr\u00ecnh teambuilding \u1edf \u0110\u00e0 L\u1ea1t l\u00e0 t\u1eeb th\u00e1ng 6 \u0111\u1ebfn th\u00e1ng 9.<\/p>\n<h2 id=\"gia-khi-tham-gia-chuong-trinh-teambuiding-da-lat\"><span style=\"font-size: 20px;\"><strong class=\"schema-faq-question\"><strong>Gi\u00e1 khi tham gia ch\u01b0\u01a1ng tr\u00ecnh teambuiding \u0110\u00e0 L\u1ea1t\u00a0<\/strong><\/strong><\/span><\/h2>\n<p>Gi\u00e1 c\u1ee7a ch\u01b0\u01a1ng tr\u00ecnh s\u1ebd t\u00f9y thu\u1ed9c v\u00e0o y\u00eau c\u1ee7a c\u1ee7a du kh\u00e1ch. Khi mu\u1ed1n \u0111\u1eb7t ch\u01b0\u01a1ng tr\u00ecnh b\u1ea1n ch\u1ec9 c\u1ea7n th\u00f4ng b\u00e1o s\u1ed1 \u0111i\u1ec7n tho\u1ea1i. Ch\u00fang t\u00f4i s\u1ebd cho nh\u00e2n vi\u00ean l\u00e0m ch\u01b0\u01a1ng tr\u00ecnh v\u00e0 b\u00e1o gi\u00e1 chi ti\u1ebft cho du kh\u00e1ch. \u0110o\u00e0n c\u00e0ng \u0111\u00f4ng gi\u00e1 s\u1ebd c\u00e0ng r\u1ebb.<\/p>\n<h1 id=\"thong-tin-lien-he\"><span style=\"font-size: 24px; color: #003366;\"><strong>Contact information<\/strong><\/span><\/h1>\n<p class=\"row\">\ud83d\udcde Hotline: 0968.249.297<\/p>\n<p class=\"row\"><a href=\"https:\/\/zalo.me\/0968249297\" target=\"_blank\" rel=\"noopener\">Li\u00ean h\u1ec7 t\u01b0 v\u1ea5n \u0111\u1eb7t tour ngay<\/a><\/p>\n<p class=\"row\">Xem th\u00eam b\u00e0i vi\u1ebft kh\u00e1c t\u1ea1i:\u00a0<a href=\"https:\/\/dalatreview.vn\/en\/tour\/tour-camping-da-lat\/\">Camping Da Lat<\/a><\/p>\n<p>&nbsp;<\/p>","protected":false},"excerpt":{"rendered":"<p>H\u00e8 n\u00e0y ngh\u1ec9 m\u00e1t k\u1ebft h\u1ee3p teambuilding c\u1ee7a c\u00f4ng ty, \u0111i \u0111\u00e2u ph\u00f9 h\u1ee3p? M\u00f9a h\u00e8 l\u00e0 th\u1eddi \u0111i\u1ec3m c\u00e1c c\u00f4ng ty, doanh nghi\u1ec7p t\u1ed5 ch\u1ee9c cho nh\u00e2n vi\u00ean tham gia ngh\u1ec9 m\u00e1t k\u1ebft h\u1ee3p teambuilding. M\u1ed7i n\u0103m c\u00e1c doanh nghi\u1ec7p l\u1ea1i ch\u1ecdn 1 \u0111\u1ecba \u0111i\u1ec3m kh\u00e1c nhau n\u00ean qu\u1ef9 \u0111\u1ecba danh s\u1ebd thu h\u1eb9p [&hellip;]<\/p>","protected":false},"featured_media":30122,"comment_status":"open","ping_status":"closed","template":"","meta":{"_acf_changed":false,"rank_math_lock_modified_date":false},"product_cat":[28,2344],"product_tag":[],"acf":[],"_links":{"self":[{"href":"https:\/\/dalatreview.vn\/en\/wp-json\/wp\/v2\/product\/30117"}],"collection":[{"href":"https:\/\/dalatreview.vn\/en\/wp-json\/wp\/v2\/product"}],"about":[{"href":"https:\/\/dalatreview.vn\/en\/wp-json\/wp\/v2\/types\/product"}],"replies":[{"embeddable":true,"href":"https:\/\/dalatreview.vn\/en\/wp-json\/wp\/v2\/comments?post=30117"}],"wp:featuredmedia":[{"embeddable":true,"href":"https:\/\/dalatreview.vn\/en\/wp-json\/wp\/v2\/media\/30122"}],"wp:attachment":[{"href":"https:\/\/dalatreview.vn\/en\/wp-json\/wp\/v2\/media?parent=30117"}],"wp:term":[{"taxonomy":"product_cat","embeddable":true,"href":"https:\/\/dalatreview.vn\/en\/wp-json\/wp\/v2\/product_cat?post=30117"},{"taxonomy":"product_tag","embeddable":true,"href":"https:\/\/dalatreview.vn\/en\/wp-json\/wp\/v2\/product_tag?post=30117"}],"curies":[{"name":"wp","href":"https:\/\/api.w.org\/{rel}","templated":true}]}}