
{"id":29925,"date":"2023-06-02T23:29:02","date_gmt":"2023-06-02T16:29:02","guid":{"rendered":"https:\/\/dalatreview.vn\/?p=29925"},"modified":"2025-12-27T16:03:59","modified_gmt":"2025-12-27T09:03:59","slug":"cam-trai-san-may-doi-thien-phuc-duc","status":"publish","type":"product","link":"https:\/\/dalatreview.vn\/en\/cam-trai-san-may-doi-thien-phuc-duc.html","title":{"rendered":"C\u1eafm tr\u1ea1i &#8211; s\u0103n m\u00e2y \u0111\u1ed3i Thi\u00ean Ph\u00fac \u0110\u1ee9c"},"content":{"rendered":"<nav class=\"vietrick-auto-toc\">\n<div class=\"box-title\">\n<h3 class=\"toc-title\" id=\"select-menu\">Danh m\u1ee5c ch\u00ednh<\/h3>\n<div><ion-icon name=\"chevron-up-outline\"><\/ion-icon><\/div>\n<\/div>\n<ul class=\"toc-list\"><\/ul>\n<li><a href='https:\/\/dalatreview.vn\/en#cam-trai-san-may-doi-thien-phuc-duc' class='heading-h1 toc-link smooth-scroll'>C\u1eafm Tr\u1ea1i &#8211; S\u0103n M\u00e2y \u0110\u1ed3i Thi\u00ean Ph\u00fac \u0110\u1ee9c<\/a>\n<ul>\n<li><a href='https:\/\/dalatreview.vn\/en#1-tour-cam-trai-san-may-doi-thien-phuc-duc' class='heading-h2 toc-link smooth-scroll'>1. Tour C\u1eafm Tr\u1ea1i &#8211; S\u0103n M\u00e2y \u0110\u1ed3i Thi\u00ean Ph\u00fac \u0110\u1ee9c<\/a>\n<li><a href='https:\/\/dalatreview.vn\/en#2-lich-trinh-tour-cam-trai-doi-thien-phuc-duc' class='heading-h2 toc-link smooth-scroll'>2. L\u1ecbch tr\u00ecnh Tour c\u1eafm tr\u1ea1i \u0110\u1ed3i Thi\u00ean Ph\u00fac \u0110\u1ee9c <\/a>\n<li><a href='https:\/\/dalatreview.vn\/en#3-tien-nghi-tour-cam-trai-san-may-doi-thien-phuc-duc' class='heading-h2 toc-link smooth-scroll'> 3. Ti\u1ec7n nghi Tour c\u1eafm tr\u1ea1i s\u0103n m\u00e2y \u0110\u1ed3i Thi\u00ean Ph\u00fac \u0110\u1ee9c<\/a>\n<li><a href='https:\/\/dalatreview.vn\/en#4-gia-tour-cam-trai-san-may-doi-thien-phuc-duc' class='heading-h2 toc-link smooth-scroll'>4. Gi\u00e1 Tour c\u1eafm tr\u1ea1i s\u0103n m\u00e2y \u0110\u1ed3i Thi\u00ean Ph\u00fac \u0110\u1ee9c\u00a0<\/a>\n<li><a href='https:\/\/dalatreview.vn\/en#5-thong-tin-lien-he' class='heading-h2 toc-link smooth-scroll'>5. Th\u00f4ng tin li\u00ean h\u1ec7\u00a0<\/a><\/ul>\n<\/ul>\n<\/li>\n<\/ul>\n<\/nav>\n<h1 style=\"text-align: center;\" id=\"cam-trai-san-may-doi-thien-phuc-duc\"><strong><span style=\"color: #003300;\">C\u1eafm Tr\u1ea1i &#8211; S\u0103n M\u00e2y \u0110\u1ed3i Thi\u00ean Ph\u00fac \u0110\u1ee9c<\/span><\/strong><\/h1>\n<p>B\u1ea1n l\u00e0 m\u1ed9t ng\u01b0\u1eddi th\u00edch \u0111i du l\u1ecbch, th\u00edch \u0110\u00e0 L\u1ea1t. Nh\u01b0ng b\u1ea1n kh\u00f4ng th\u00edch s\u1ef1 \u1ed3n \u00e0o, \u0111\u00f4ng \u0111\u00fac v\u00e0 x\u00f4 b\u1ed3. Thay v\u00e0o \u0111\u00f3, b\u1ea1n \u0111ang t\u00ecm m\u1ed9t n\u01a1i th\u1eadt b\u00ecnh y\u00ean, g\u1ea7n g\u0169i v\u1edbi thi\u00ean nhi\u00ean. H\u00f4m nay, \u0110\u00e0 L\u1ea1t review t\u1ea5t t\u1ea7n t\u1eadt m\u00e1ch cho b\u1ea1n m\u1ed9t \u0111\u1ecba \u0111i\u1ec3m m\u00e0 \u1edf \u0111\u00e2y b\u1ea1n c\u00f3 th\u1ec3 t\u00ecm l\u1ea1i \u0111\u01b0\u1ee3c nh\u1eefng c\u1ea3m x\u00fac cho ri\u00eang m\u00ecnh.<\/p>\n<p><img decoding=\"async\" class=\"size-full wp-image-43297 aligncenter\" src=\"https:\/\/dalatreview.vn\/wp-content\/uploads\/2023\/06\/448305436_485308250693360_3105873513733354480_n.jpg\" alt=\"lonton campart\" width=\"2048\" height=\"1536\" srcset=\"https:\/\/dalatreview.vn\/wp-content\/uploads\/2023\/06\/448305436_485308250693360_3105873513733354480_n.jpg 2048w, https:\/\/dalatreview.vn\/wp-content\/uploads\/2023\/06\/448305436_485308250693360_3105873513733354480_n-600x450.jpg 600w, https:\/\/dalatreview.vn\/wp-content\/uploads\/2023\/06\/448305436_485308250693360_3105873513733354480_n-1024x768.jpg 1024w, https:\/\/dalatreview.vn\/wp-content\/uploads\/2023\/06\/448305436_485308250693360_3105873513733354480_n-768x576.jpg 768w, https:\/\/dalatreview.vn\/wp-content\/uploads\/2023\/06\/448305436_485308250693360_3105873513733354480_n-1536x1152.jpg 1536w\" sizes=\"(max-width: 2048px) 100vw, 2048px\" \/><\/p>\n<h2 id=\"1-tour-cam-trai-san-may-doi-thien-phuc-duc\"><span style=\"color: #003300;\"><strong>1. Tour C\u1eafm Tr\u1ea1i &#8211; S\u0103n M\u00e2y \u0110\u1ed3i Thi\u00ean Ph\u00fac \u0110\u1ee9c<\/strong><\/span><\/h2>\n<p>\u0110\u1ed3i Thi\u00ean Ph\u00fac \u0110\u1ee9c m\u1ed9t \u0111\u1ecba \u0111i\u1ec3m c\u1eafm tr\u1ea1i hot \u0110\u00e0 L\u1ea1t m\u00e0 b\u1ea1n kh\u00f4ng th\u1ec3 b\u1ecf l\u1ee1. \u0110\u1ed3i Thi\u00ean Ph\u00fac \u0110\u1ee9c c\u00e1ch trung t\u00e2m th\u00e0nh ph\u1ed1 t\u1ea7m 8km n\u00ean b\u1ea1n c\u00f3 th\u1ec3 d\u1ec5 d\u00e0ng di chuy\u1ec3n t\u1edbi \u0111\u00e2y. M\u1ed9t v\u1ebb \u0111\u1eb9p hoang s\u01a1, h\u00f9ng v\u0129 ch\u00ednh l\u00e0 nh\u1eefng m\u00f3n qu\u00e0 m\u00e0 m\u1eb9 thi\u00ean nhi\u00ean \u0111\u00e3 \u01b0u \u0111\u00e3i d\u00e0nh ri\u00eang cho Thi\u00ean Ph\u00fac \u0110\u1ee9c.<\/p>\n<p><img decoding=\"async\" class=\"aligncenter wp-image-36581 size-full\" src=\"https:\/\/dalatreview.vn\/wp-content\/uploads\/2023\/06\/409797855_376495944907925_6646537779004386842_n.jpg\" alt=\"lonton campart\" width=\"1548\" height=\"2048\" srcset=\"https:\/\/dalatreview.vn\/wp-content\/uploads\/2023\/06\/409797855_376495944907925_6646537779004386842_n.jpg 1548w, https:\/\/dalatreview.vn\/wp-content\/uploads\/2023\/06\/409797855_376495944907925_6646537779004386842_n-600x794.jpg 600w\" sizes=\"(max-width: 1548px) 100vw, 1548px\" \/><\/p>\n<p>N\u1ebfu b\u1ea1n mu\u1ed1n c\u00f3 nh\u1eefng tr\u1ea3i nghi\u1ec7m th\u00fa v\u1ecb h\u01a1n t\u1ea1i \u0111\u00e2y th\u00ec n\u00ean \u0111\u1ebfn v\u00e0o l\u00fac bu\u1ed5i chi\u1ec1u \u0111\u1ec3 c\u00f3 th\u1ec3 ng\u1eafm ho\u00e0ng h\u00f4n, c\u1eafm tr\u1ea1i qua \u0111\u00eam ng\u1eafm \u0111\u00e8n l\u1ed3ng v\u00e0 th\u1ee9c d\u1eady v\u00e0o bu\u1ed5i s\u00e1ng s\u1edbm ng\u00e0y h\u00f4m sau \u0111\u1ec3 s\u0103n m\u00e2y ngay tr\u00ean \u0111\u1ec9nh \u0111\u1ed3i.<\/p>\n<p><img decoding=\"async\" class=\"wp-image-30007 size-full aligncenter\" src=\"https:\/\/dalatreview.vn\/wp-content\/uploads\/2023\/06\/The-Camp-Vlle-Dalat-22.png\" alt=\"\" width=\"1200\" height=\"900\">V\u1edbi v\u1ebb \u0111\u1eb9p hoang s\u01a1 c\u00f2n nguy\u00ean v\u1eb9n, \u0111\u1ed3i Thi\u00ean Ph\u00fac \u0110\u1ee9c l\u00e0 m\u1ed9t \u0111\u1ecba \u0111i\u1ec3m cho nh\u1eefng b\u1ea1n \u0111am m\u00ea x\u00ea d\u1ecbch, c\u1eafm tr\u1ea1i, d\u00e2n ph\u01b0\u1ee3t kh\u00f4ng n\u00ean b\u1ecf l\u1ee1.<\/p>\n<p><img decoding=\"async\" class=\"alignnone wp-image-29970 size-full\" src=\"https:\/\/dalatreview.vn\/wp-content\/uploads\/2023\/06\/312348442_184962457394609_1716432772203138076_n-1.jpg\" alt=\"\" width=\"1242\" height=\"1656\"><\/p>\n<h2 id=\"2-lich-trinh-tour-cam-trai-doi-thien-phuc-duc\"><span style=\"color: #003300;\">2. L\u1ecbch tr\u00ecnh Tour c\u1eafm tr\u1ea1i \u0110\u1ed3i Thi\u00ean Ph\u00fac \u0110\u1ee9c <\/span><\/h2>\n<p><strong>Gi\u1edd check in:\u00a0<\/strong><\/p>\n<p>+ 16h00: \u0110\u1ebfn h\u1eb9n ch\u00fang ta c\u00f9ng g\u1eb7p nhau t\u1ea1i Lon Ton CampArt \u0111\u1ec3 tr\u1ea3i nghi\u1ec7m ho\u1ea1t \u0111\u1ed9ng c\u1eafm tr\u1ea1i (b\u1ea1n ch\u1ec9 c\u1ea7n mang theo v\u1eadt d\u1ee5ng c\u00e1 nh\u00e2n). Qu\u00fd kh\u00e1ch s\u1ebd t\u1ef1 t\u00fac di chuy\u1ec3n \u0111\u1ebfn khu c\u1eafm tr\u1ea1i<\/p>\n<p><strong>Gi\u1edd t\u1ef1 do sinh ho\u1ea1t: (19h00- 22h00)\u00a0<\/strong><\/p>\n<p>+ 16h30 &#8211; 18h30: B\u1ea1n t\u1ef1 do check in, l\u00ean \u0111\u1ed3i Thi\u00ean Ph\u00fac \u0110\u1ee9c ng\u1eafm ho\u00e0ng h\u00f4n,&#8230;.<\/p>\n<p><strong>Ng\u1eafm view \u0111\u00e8n l\u1ed3ng + \u0111\u1ed1t l\u1eeda tr\u1ea1i + \u0103n t\u1ed1i BBQ\u00a0<\/strong><\/p>\n<p>+ 19h00: Ng\u1eafm view \u0111\u00e8n nh\u00e0 l\u1ed3ng, \u0103n t\u1ed1i BBQ, \u0111\u1ed1t l\u1eeda tr\u1ea1i<\/p>\n<p>+ 21h00: Th\u1eddi gian chill<\/p>\n<p>+ 22h00: Gi\u1edd ng\u1ee7 \u0111\u00e3 t\u1edbi, b\u1ea1n c\u0169ng c\u00f3 th\u1ee9c ng\u1ed3i ng\u1eafm c\u1ea3nh khung c\u1ea3nh chill c\u1ee7a khu tr\u1ea1i (Sau 23h00 qu\u00fd kh\u00e1ch vui l\u00f2ng gi\u1ea3m nh\u1ecf \u00e2m l\u01b0\u1ee3ng)<\/p>\n<p><strong>S\u0103n m\u00e2y + ng\u1eafm b\u00ecnh minh\u00a0<\/strong><\/p>\n<p>+ 4h30: \u0110\u1eb7c bi\u1ec7t t\u1ea1i Lon Ton CampArt d\u1eady s\u0103n m\u00e2y \u0111\u00f3n b\u00ecnh minh b\u1ea1n nh\u00e9!<\/p>\n<p>+ Ch\u1ee5p \u1ea3nh c\u00f9ng b\u00ecnh minh<\/p>\n<p>+ 6h00: \u0102n s\u00e1ng, u\u1ed1ng tr\u00e0<\/p>\n<p><strong>Gi\u1edd check out:\u00a0<\/strong><\/p>\n<p>+ Ch\u1ee5p \u1ea3nh c\u00f9ng \u0111\u1ed3i th\u00f4ng, d\u1ea1o quanh \u0111\u1ee9ng tr\u00ean \u0111\u1ed3i ng\u1eafm th\u00e0nh ph\u1ed1<\/p>\n<p>+ 12h00: Check out&#8230;.<\/p>\n<p><img decoding=\"async\" class=\"aligncenter wp-image-35802 size-full\" src=\"https:\/\/dalatreview.vn\/wp-content\/uploads\/2024\/01\/z5089848091246_8935427134f5afa9b4bf625774245ac7.jpg\" alt=\"l\u1ecbch tr\u00ecnh tr\u1ea3i nghi\u1ec7m tour c\u1eafm tr\u1ea1i lon ton campart\" width=\"2560\" height=\"1412\" srcset=\"https:\/\/dalatreview.vn\/wp-content\/uploads\/2024\/01\/z5089848091246_8935427134f5afa9b4bf625774245ac7.jpg 2560w, https:\/\/dalatreview.vn\/wp-content\/uploads\/2024\/01\/z5089848091246_8935427134f5afa9b4bf625774245ac7-600x331.jpg 600w\" sizes=\"(max-width: 2560px) 100vw, 2560px\" \/><\/p>\n<h2 id=\"3-tien-nghi-tour-cam-trai-san-may-doi-thien-phuc-duc\"><span style=\"color: #003300;\"> 3. Ti\u1ec7n nghi Tour c\u1eafm tr\u1ea1i s\u0103n m\u00e2y \u0110\u1ed3i Thi\u00ean Ph\u00fac \u0110\u1ee9c<\/span><\/h2>\n<p>&#8211; Nh\u00f3m \u0111i bao nhi\u00eau ng\u01b0\u1eddi b\u00ean Camp s\u1ebd s\u1eafp x\u1ebfp l\u1ec1u tr\u1ea1i size l\u1ec1u ph\u00f9 h\u1ee3p.<\/p>\n<p>&#8211; C\u1eafm tr\u1ea1i t\u1ea1i thi\u00ean nhi\u00ean, ng\u1eafm nh\u00ecn to\u00e0n th\u00e0nh ph\u1ed1 \u0110\u00e0 L\u1ea1t v\u1ec1 \u0111\u00eam.<\/p>\n<p>&#8211; Nh\u00e0 t\u1eafm n\u01b0\u1edbc n\u00f3ng &amp; Toliet g\u1ea7n l\u1ec1u.<\/p>\n<p>&#8211; Setup l\u1ec1u v\u1edbi \u0111\u1ea7y \u0111\u1ee7 gi\u01b0\u1eddng, n\u1ec7m, m\u1ec1n, g\u1ed1i bao \u1ea5m \u00e1p.<\/p>\n<p><img decoding=\"async\" class=\"wp-image-30009 size-full aligncenter\" src=\"https:\/\/dalatreview.vn\/wp-content\/uploads\/2023\/06\/The-Camp-Vlle-Dalat-22-1.png\" alt=\"\" width=\"1200\" height=\"900\"><\/p>\n<h2 id=\"4-gia-tour-cam-trai-san-may-doi-thien-phuc-duc\"><span style=\"color: #003300;\"><strong>4. Gi\u00e1 Tour c\u1eafm tr\u1ea1i s\u0103n m\u00e2y \u0110\u1ed3i Thi\u00ean Ph\u00fac \u0110\u1ee9c\u00a0<\/strong><\/span><\/h2>\n<p><span style=\"font-size: 16px;\">\ud83d\udcb5 Gi\u00e1 tour: 750.000k\/ ng\u01b0\u1eddi \/ \u0111\u00eam\u00a0<\/span><\/p>\n<p><strong>\u0110\u1eb7c bi\u1ec7t:<\/strong> Lon Ton CampArt kh\u00f4ng ph\u1ee5 thu t\u0103ng gi\u00e1 T\u1ebft \u00c2m L\u1ecbch<\/p>\n<p><strong>Gi\u00e1 tour tr\u00ean \u0111\u00e3 bao g\u1ed3m:\u00a0<\/strong><\/p>\n<p>Set \u0111\u1ed3 \u0103n chu\u1ea9n b\u1ecb s\u1eb5n<\/p>\n<p>+ Xi\u00ean que BBQ<\/p>\n<p>+ Beefsteak<\/p>\n<p>+ Ba r\u1ecdi heo n\u01b0\u1edbng<\/p>\n<p>+ X\u00fac x\u00edch<\/p>\n<p>+ Rau c\u1ee7 \u0103n k\u00e8m ( x\u00e0 l\u00e1ch, c\u00e0 chua, c\u00e0 r\u1ed1t, \u0111\u1eadu b\u1eafp, h\u00e0nh t\u00e2y)<\/p>\n<p>+ N\u01b0\u1edbc u\u1ed1ng<\/p>\n<p>Set \u0103n s\u00e1ng buffet<\/p>\n<p>+ M\u00ec g\u00f3i<\/p>\n<p>+ Tr\u1ee9ng chi\u00ean<\/p>\n<p>+ Sandwich v\u00e0 b\u01a1<\/p>\n<p>+ Tr\u00e0, cafe<\/p>\n<p><strong>L\u01b0u \u00fd:<\/strong> Lonton CampArt kh\u00f4ng ph\u1ee5 thu gi\u00e1 l\u1ec5<\/p>\n<h2 id=\"5-thong-tin-lien-he\"><span style=\"color: #003300;\"><strong>5. Th\u00f4ng tin li\u00ean h\u1ec7\u00a0<\/strong><\/span><\/h2>\n<p><span style=\"color: #003300;\">Hotline t\u01b0 v\u1ea5n: 0986 978 394<\/span><\/p>\n<p><span style=\"color: #003300;\">Li\u00ean h\u1ec7 book tour: <span style=\"color: #ff0000;\"><a style=\"color: #ff0000;\" href=\"https:\/\/zalo.me\/dalatreview\" target=\"_blank\" rel=\"noopener\">\u0110\u00e0 L\u1ea1t Review T\u1ea5t T\u1ea7n T\u1eadt<\/a><\/span><\/span><\/p>\n<p><span style=\"color: #003300;\">Xem th\u00eam b\u00e0i vi\u1ebft kh\u00e1c t\u1ea1i :<span style=\"color: #ff0000;\">\u00a0<a style=\"color: #ff0000;\" href=\"https:\/\/dalatreview.vn\/en\/tour\/\">\u0110\u00e0 L\u1ea1t Review<\/a><\/span><\/span><\/p>","protected":false},"excerpt":{"rendered":"<p>Danh m\u1ee5c ch\u00ednh C\u1eafm Tr\u1ea1i &#8211; S\u0103n M\u00e2y \u0110\u1ed3i Thi\u00ean Ph\u00fac \u0110\u1ee9c 1. Tour C\u1eafm Tr\u1ea1i &#8211; S\u0103n M\u00e2y \u0110\u1ed3i Thi\u00ean Ph\u00fac \u0110\u1ee9c 2. L\u1ecbch tr\u00ecnh Tour c\u1eafm tr\u1ea1i \u0110\u1ed3i Thi\u00ean Ph\u00fac \u0110\u1ee9c 3. Ti\u1ec7n nghi Tour c\u1eafm tr\u1ea1i s\u0103n m\u00e2y \u0110\u1ed3i Thi\u00ean Ph\u00fac \u0110\u1ee9c 4. Gi\u00e1 Tour c\u1eafm tr\u1ea1i s\u0103n m\u00e2y \u0110\u1ed3i Thi\u00ean Ph\u00fac [&hellip;]<\/p>","protected":false},"featured_media":36582,"comment_status":"open","ping_status":"closed","template":"","meta":{"_acf_changed":false,"rank_math_lock_modified_date":false},"product_cat":[28,2347],"product_tag":[],"acf":[],"_links":{"self":[{"href":"https:\/\/dalatreview.vn\/en\/wp-json\/wp\/v2\/product\/29925"}],"collection":[{"href":"https:\/\/dalatreview.vn\/en\/wp-json\/wp\/v2\/product"}],"about":[{"href":"https:\/\/dalatreview.vn\/en\/wp-json\/wp\/v2\/types\/product"}],"replies":[{"embeddable":true,"href":"https:\/\/dalatreview.vn\/en\/wp-json\/wp\/v2\/comments?post=29925"}],"wp:featuredmedia":[{"embeddable":true,"href":"https:\/\/dalatreview.vn\/en\/wp-json\/wp\/v2\/media\/36582"}],"wp:attachment":[{"href":"https:\/\/dalatreview.vn\/en\/wp-json\/wp\/v2\/media?parent=29925"}],"wp:term":[{"taxonomy":"product_cat","embeddable":true,"href":"https:\/\/dalatreview.vn\/en\/wp-json\/wp\/v2\/product_cat?post=29925"},{"taxonomy":"product_tag","embeddable":true,"href":"https:\/\/dalatreview.vn\/en\/wp-json\/wp\/v2\/product_tag?post=29925"}],"curies":[{"name":"wp","href":"https:\/\/api.w.org\/{rel}","templated":true}]}}