
{"id":29820,"date":"2023-05-23T22:08:32","date_gmt":"2023-05-23T15:08:32","guid":{"rendered":"https:\/\/dalatreview.vn\/?p=29820"},"modified":"2026-03-17T11:05:57","modified_gmt":"2026-03-17T04:05:57","slug":"new-century-hotel-da-lat","status":"publish","type":"product","link":"https:\/\/dalatreview.vn\/en\/new-century-hotel-da-lat.html","title":{"rendered":"New Century Hotel \u0110\u00e0 L\u1ea1t"},"content":{"rendered":"<div class=\"xdj266r x11i5rnm xat24cr x1mh8g0r x1vvkbs x126k92a\">\n<p dir=\"auto\" style=\"text-align: center;\"><span style=\"color: #003300; font-size: 28px;\"><strong>NEW CENTURY HOTEL | C\u00d3 H\u1eb8N C\u00d9NG NG\u01af\u1edcI TH\u01af\u01a0NG NG\u00c0Y H\u1ea0 V\u00c0NG \u0110\u00c0 L\u1ea0T <span class=\"x3nfvp2 x1j61x8r x1fcty0u xdj266r xhhsvwb xat24cr xgzva0m xxymvpz xlup9mm x1kky2od\"><img decoding=\"async\" src=\"https:\/\/static.xx.fbcdn.net\/images\/emoji.php\/v9\/tea\/1\/16\/1f332.png\" alt=\"\ud83c\udf32\" width=\"16\" height=\"16\" \/><\/span><span class=\"x3nfvp2 x1j61x8r x1fcty0u xdj266r xhhsvwb xat24cr xgzva0m xxymvpz xlup9mm x1kky2od\"><img decoding=\"async\" src=\"https:\/\/static.xx.fbcdn.net\/images\/emoji.php\/v9\/tea\/1\/16\/1f332.png\" alt=\"\ud83c\udf32\" width=\"16\" height=\"16\" \/><\/span><\/strong><\/span><span class=\"x3nfvp2 x1j61x8r x1fcty0u xdj266r xhhsvwb xat24cr xgzva0m xxymvpz xlup9mm x1kky2od\"><span style=\"color: #003300; font-size: 28px;\"><strong><img decoding=\"async\" src=\"https:\/\/static.xx.fbcdn.net\/images\/emoji.php\/v9\/tea\/1\/16\/1f332.png\" alt=\"\ud83c\udf32\" width=\"16\" height=\"16\" \/><\/strong><\/span><br \/>\n<\/span><\/p>\n<div dir=\"auto\">\n<div>\n<div dir=\"auto\"><em><img decoding=\"async\" src=\"https:\/\/static.xx.fbcdn.net\/images\/emoji.php\/v9\/t68\/1\/16\/1f495.png\" alt=\"\ud83d\udc95\" width=\"16\" height=\"16\" \/> &#8220;Mong b\u1ea3n th\u00e2n c\u1ed1 g\u1eafng th\u00eam m\u1ed9t ch\u00fat, m\u1ed9t ch\u00fat n\u1eefa. V\u00ec th\u1ee9 mu\u1ed1n mua, v\u00ec n\u01a1i mu\u1ed1n \u0111\u1ebfn, v\u00ec ng\u01b0\u1eddi mu\u1ed1n \u1edf b\u00ean.<\/em><\/div>\n<div dir=\"auto\"><em>&#8220;\u01af\u1edbc m\u1ed9t l\u1ea7n \u0111\u01b0a em \u0111\u1ebfn \u0110\u00e0 L\u1ea1t, d\u1ea1o quanh nh\u1eefng con \u0111\u01b0\u1eddng r\u1ea5t \u0111\u1ed7i n\u00ean th\u01a1. L\u1eafng nghe bu\u1ed5i s\u1edbm mai, n\u1eafng v\u00e0ng g\u00f5 c\u1eeda. M\u00ecnh g\u1ecdi nhau khe kh\u1ebd, \u00f4m tr\u1ecdn t\u00ecnh n\u1ed3ng. <img decoding=\"async\" src=\"https:\/\/static.xx.fbcdn.net\/images\/emoji.php\/v9\/t68\/1\/16\/1f495.png\" alt=\"\ud83d\udc95\" width=\"16\" height=\"16\" \/><\/em><\/div>\n<\/div>\n<div>\n<div dir=\"auto\"><em><img decoding=\"async\" src=\"https:\/\/static.xx.fbcdn.net\/images\/emoji.php\/v9\/t6c\/1\/16\/2764.png\" alt=\"\u2764\" width=\"16\" height=\"16\" \/> Ch\u1ecdn kh\u00e1ch s\u1ea1n new century \u0110\u00e0 L\u1ea1t \u0111\u1ec3 th\u0103ng hoa t\u00ecnh y\u00eau \u0111\u00f4i l\u1ee9a\u2026 <img decoding=\"async\" src=\"https:\/\/static.xx.fbcdn.net\/images\/emoji.php\/v9\/t6c\/1\/16\/2764.png\" alt=\"\u2764\" width=\"16\" height=\"16\" \/><\/em><\/div>\n<\/div>\n<div>\n<div dir=\"auto\"><em><img decoding=\"async\" src=\"https:\/\/static.xx.fbcdn.net\/images\/emoji.php\/v9\/t4c\/1\/16\/25aa.png\" alt=\"\u25aa\ufe0f\" width=\"16\" height=\"16\" \/> To\u00e0n b\u1ed9 ph\u00f2ng \u0111\u01b0\u1ee3c tr\u1ea3i th\u1ea3m sang tr\u1ecdng, kh\u00f4ng gian \u1ea5m c\u00fang mang l\u1ea1i c\u1ea3m gi\u00e1c n\u00e2ng niu.<\/em><\/div>\n<div dir=\"auto\"><em><img decoding=\"async\" src=\"https:\/\/static.xx.fbcdn.net\/images\/emoji.php\/v9\/t4c\/1\/16\/25aa.png\" alt=\"\u25aa\ufe0f\" width=\"16\" height=\"16\" \/> \u0110\u1eafm m\u00ecnh th\u01b0 gi\u00e3n t\u00ecnh t\u1ee9 trong nh\u1eefng chi\u1ebfc b\u1ed3n t\u1eafm massage\/ b\u1ed3n t\u1eafm \u0111\u00f4i Jacuzzi.<\/em><\/div>\n<div dir=\"auto\"><em><img decoding=\"async\" src=\"https:\/\/static.xx.fbcdn.net\/images\/emoji.php\/v9\/t4c\/1\/16\/25aa.png\" alt=\"\u25aa\ufe0f\" width=\"16\" height=\"16\" \/> Ng\u1eafm nh\u00ecn \u0110\u00e0 L\u1ea1t tr\u00ean cao v\u1edbi view ph\u00f2ng bao tr\u1ecdn t\u1ea7m nh\u00ecn &#8211; Th\u1ebf K\u1ef7 M\u1edbi New Century Hotel \u0110\u00e0 L\u1ea1t.<\/em><\/div>\n<div dir=\"auto\"><em><img decoding=\"async\" src=\"https:\/\/static.xx.fbcdn.net\/images\/emoji.php\/v9\/t4c\/1\/16\/25aa.png\" alt=\"\u25aa\ufe0f\" width=\"16\" height=\"16\" \/> Th\u00eam m\u1ed9t ch\u00fat chill v\u1edbi nh\u1eefng b\u1ea3n t\u00ecnh ca m\u00e0 n\u00e0ng y\u00eau th\u00edch v\u1edbi h\u1ec7 th\u1ed1ng g\u01b0\u01a1ng soi t\u00edch h\u1ee3p loa nghe nh\u1ea1c bluetooth hi\u1ec7n \u0111\u1ea1i.<\/em><\/div>\n<div dir=\"auto\"><em><img decoding=\"async\" src=\"https:\/\/static.xx.fbcdn.net\/images\/emoji.php\/v9\/t4c\/1\/16\/25aa.png\" alt=\"\u25aa\ufe0f\" width=\"16\" height=\"16\" \/> Em c\u00f3 mu\u1ed1n n\u1eb1m l\u01b0\u1eddi, c\u00f9ng nhau th\u01b0\u1edfng th\u1ee9c m\u1ed9t b\u1ed9 phim hay? \u0110\u1eebng lo, NewCentury \u0111\u00e3 k\u1ebft n\u1ed1i Youtube, Netflix s\u1eb5n s\u00e0ng tr\u00ean Smart TV 55in\u2026<\/em><\/div>\n<\/div>\n<div>\n<div dir=\"auto\"><em>New Century Hotel Dalat h\u00e2n h\u1ea1nh ph\u1ee5c v\u1ee5 c\u00e1c b\u1ea1n n\u01a1i d\u1eebng ch\u00e2n cho t\u00ecnh y\u00eau th\u00eam tr\u1ecdn v\u1eb9n! <img decoding=\"async\" src=\"https:\/\/static.xx.fbcdn.net\/images\/emoji.php\/v9\/tea\/1\/16\/1f970.png\" alt=\"\ud83e\udd70\" width=\"16\" height=\"16\" \/><img decoding=\"async\" src=\"https:\/\/static.xx.fbcdn.net\/images\/emoji.php\/v9\/tea\/1\/16\/1f970.png\" alt=\"\ud83e\udd70\" width=\"16\" height=\"16\" \/><img decoding=\"async\" src=\"https:\/\/static.xx.fbcdn.net\/images\/emoji.php\/v9\/tea\/1\/16\/1f970.png\" alt=\"\ud83e\udd70\" width=\"16\" height=\"16\" \/><\/em><\/div>\n<\/div>\n<div>\n<div dir=\"auto\"><em><img decoding=\"async\" src=\"https:\/\/static.xx.fbcdn.net\/images\/emoji.php\/v9\/t51\/1\/16\/1f449.png\" alt=\"\ud83d\udc49\" width=\"16\" height=\"16\" \/> \u0110\u1eebng ch\u1ea7n ch\u1eeb! Li\u00ean h\u1ec7 ngay cho NewCentury! <img decoding=\"async\" src=\"https:\/\/static.xx.fbcdn.net\/images\/emoji.php\/v9\/td0\/1\/16\/1f448.png\" alt=\"\ud83d\udc48\" width=\"16\" height=\"16\" \/><\/em><\/div>\n<div dir=\"auto\">\u00a0<\/div>\n<div dir=\"auto\"><img decoding=\"async\" class=\"alignnone wp-image-29838 size-full\" src=\"https:\/\/dalatreview.vn\/wp-content\/uploads\/2023\/05\/342181906_744006497511907_791087583707618150_n.jpg\" alt=\"\" width=\"2048\" height=\"1536\"><\/div>\n<\/div>\n<\/div>\n<div dir=\"auto\">\n<nav class=\"vietrick-auto-toc\">\n<div class=\"box-title\">\n<h3 class=\"toc-title\" id=\"select-menu\">Danh m\u1ee5c ch\u00ednh<\/h3>\n<div><ion-icon name=\"chevron-up-outline\"><\/ion-icon><\/div>\n<\/div>\n<ul class=\"toc-list\">\n<ul>\n<li><a href='https:\/\/dalatreview.vn\/en#1-vi-tri' class='heading-h3 toc-link smooth-scroll'>1. V\u1ecb tr\u00ed<\/a>\n<li><a href='https:\/\/dalatreview.vn\/en#2-decor' class='heading-h3 toc-link smooth-scroll'>2. Decor<\/a>\n<li><a href='https:\/\/dalatreview.vn\/en#3-dich-vu-tien-nghi' class='heading-h3 toc-link smooth-scroll'>3. D\u1ecbch v\u1ee5 &amp; Ti\u1ec7n nghi<\/a>\n<li><a href='https:\/\/dalatreview.vn\/en#4-cac-hang-phong-va-gia-phong' class='heading-h3 toc-link smooth-scroll'>4. C\u00e1c h\u1ea1ng ph\u00f2ng v\u00e0 gi\u00e1 ph\u00f2ng\u00a0<\/a>\n<li><a href='https:\/\/dalatreview.vn\/en#5-lien-he' class='heading-h3 toc-link smooth-scroll'>5. Li\u00ean h\u1ec7<\/a><\/ul>\n<\/ul>\n<\/ul>\n<\/li>\n<\/ul>\n<\/nav>\n<h3 id=\"1-vi-tri\"><span style=\"color: #003300; font-size: 20px;\"><strong>1. V\u1ecb tr\u00ed<\/strong><\/span><\/h3>\n<div dir=\"auto\"><img decoding=\"async\" src=\"https:\/\/static.xx.fbcdn.net\/images\/emoji.php\/v9\/tb\/1\/16\/1f388.png\" alt=\"\ud83c\udf88\" width=\"16\" height=\"16\" \/>\u0110\u1ecba ch\u1ec9: 14B \u0110\u1ed1ng \u0110a, c\u00e1ch ch\u1ee3 2km (g\u1ea7n cafe Lululola)<\/div>\n<div dir=\"auto\"><img decoding=\"async\" id=\"thepasted-1\" src=\"https:\/\/static.xx.fbcdn.net\/images\/emoji.php\/v9\/tb\/1\/16\/1f388.png\" alt=\"\ud83c\udf88\" width=\"16\" height=\"16\" \/> V\u1ecb tr\u00ed New Century \u0110\u00e0 L\u1ea1t thu\u1eadn l\u1ee3i, ch\u1ec9 m\u1ea5t 5 ph\u00fat \u0111\u1ec3 \u0111\u1ebfn Ch\u1ee3 \u0110\u00e0 L\u1ea1t v\u00e0 khu v\u1ef1c trung t\u00e2m th\u00e0nh ph\u1ed1.<\/div>\n<div dir=\"auto\"><img decoding=\"async\" src=\"https:\/\/static.xx.fbcdn.net\/images\/emoji.php\/v9\/tb\/1\/16\/1f388.png\" alt=\"\ud83c\udf88\" width=\"16\" height=\"16\" \/> T\u1ea7m nh\u00ecn tr\u1ecdn v\u1eb9n v\u1edbi c\u00e1c ph\u00f2ng view th\u00e0nh ph\u1ed1 ho\u1eb7c view \u0111\u1ed3i<\/div>\n<div dir=\"auto\"><img decoding=\"async\" src=\"https:\/\/static.xx.fbcdn.net\/images\/emoji.php\/v9\/tb\/1\/16\/1f388.png\" alt=\"\ud83c\udf88\" width=\"16\" height=\"16\" \/> N\u1ed9i th\u1ea5t \u0111\u01b0\u1ee3c thi\u1ebft k\u1ebf sang tr\u1ecdng, ti\u1ec7n nghi.<\/div>\n<div dir=\"auto\"><img decoding=\"async\" src=\"https:\/\/static.xx.fbcdn.net\/images\/emoji.php\/v9\/tb\/1\/16\/1f388.png\" alt=\"\ud83c\udf88\" width=\"16\" height=\"16\" \/> \u0110i\u1ec3m \u201ccheck-in l\u00fd t\u01b0\u1edfng\u201d \u0111\u1ec3 s\u1edf h\u1eefu nh\u1eefng b\u1ee9c \u1ea3nh s\u1ed1ng \u1ea3o \u0111\u1eb7c s\u1eafc nh\u1ea5t<\/div>\n<div dir=\"auto\">\u00a0<\/div>\n<div dir=\"auto\"><img decoding=\"async\" class=\"aligncenter size-full wp-image-29831\" src=\"https:\/\/dalatreview.vn\/wp-content\/uploads\/2023\/05\/New-Century-Hotel-Da-Lat-7.jpg\" alt=\"\" width=\"2048\" height=\"1354\"><\/div>\n<div dir=\"auto\">\u00a0<\/div>\n<div dir=\"auto\">\n<div style=\"width: 720px;\" class=\"wp-video\"><!--[if lt IE 9]><script>document.createElement('video');<\/script><![endif]-->\n<video class=\"wp-video-shortcode\" id=\"video-29820-1\" width=\"720\" height=\"1280\" preload=\"metadata\" controls=\"controls\"><source type=\"video\/mp4\" src=\"https:\/\/dalatreview.vn\/wp-content\/uploads\/2023\/05\/video1.mp4?_=1\" \/><a href=\"https:\/\/dalatreview.vn\/wp-content\/uploads\/2023\/05\/video1.mp4\">https:\/\/dalatreview.vn\/wp-content\/uploads\/2023\/05\/video1.mp4<\/a><\/video><\/div>\n<\/div>\n<\/div>\n<\/div>\n<div class=\"x11i5rnm xat24cr x1mh8g0r x1vvkbs xtlvy1s x126k92a\">\n<div dir=\"auto\">\n<h3 id=\"2-decor\"><span style=\"color: #003300; font-size: 20px;\"><strong>2. Decor<\/strong><\/span><\/h3>\n<div dir=\"auto\">\n<div dir=\"auto\"><img decoding=\"async\" src=\"https:\/\/static.xx.fbcdn.net\/images\/emoji.php\/v9\/t4c\/1\/16\/25aa.png\" alt=\"\u25aa\ufe0f\" width=\"16\" height=\"16\" \/> To\u00e0n b\u1ed9 ph\u00f2ng Century Hotel Dalat \u0111\u01b0\u1ee3c tr\u1ea3i th\u1ea3m sang tr\u1ecdng, kh\u00f4ng gian \u1ea5m c\u00fang mang l\u1ea1i c\u1ea3m gi\u00e1c n\u00e2ng niu.<\/div>\n<div dir=\"auto\"><img decoding=\"async\" src=\"https:\/\/static.xx.fbcdn.net\/images\/emoji.php\/v9\/t4c\/1\/16\/25aa.png\" alt=\"\u25aa\ufe0f\" width=\"16\" height=\"16\" \/> \u0110\u1eafm m\u00ecnh th\u01b0 gi\u00e3n t\u00ecnh t\u1ee9 trong nh\u1eefng chi\u1ebfc b\u1ed3n t\u1eafm massage\/b\u1ed3n t\u1eafm \u0111\u00f4i Jacuzzi.<\/div>\n<div dir=\"auto\"><img decoding=\"async\" src=\"https:\/\/static.xx.fbcdn.net\/images\/emoji.php\/v9\/t4c\/1\/16\/25aa.png\" alt=\"\u25aa\ufe0f\" width=\"16\" height=\"16\" \/> The New Century \u0110\u00e0 L\u1ea1t Ng\u1eafm nh\u00ecn \u0110\u00e0 L\u1ea1t tr\u00ean cao v\u1edbi view ph\u00f2ng bao tr\u1ecdn t\u1ea7m nh\u00ecn.<\/div>\n<div dir=\"auto\"><img decoding=\"async\" src=\"https:\/\/static.xx.fbcdn.net\/images\/emoji.php\/v9\/t4c\/1\/16\/25aa.png\" alt=\"\u25aa\ufe0f\" width=\"16\" height=\"16\" \/> Th\u00eam m\u1ed9t ch\u00fat chill v\u1edbi nh\u1eefng b\u1ea3n t\u00ecnh ca m\u00e0 n\u00e0ng y\u00eau th\u00edch v\u1edbi h\u1ec7 th\u1ed1ng g\u01b0\u01a1ng soi t\u00edch h\u1ee3p loa nghe nh\u1ea1c bluetooth hi\u1ec7n \u0111\u1ea1i.<\/div>\n<div dir=\"auto\"><img decoding=\"async\" src=\"https:\/\/static.xx.fbcdn.net\/images\/emoji.php\/v9\/t4c\/1\/16\/25aa.png\" alt=\"\u25aa\ufe0f\" width=\"16\" height=\"16\" \/> Em c\u00f3 mu\u1ed1n n\u1eb1m l\u01b0\u1eddi, c\u00f9ng nhau th\u01b0\u1edfng th\u1ee9c m\u1ed9t b\u1ed9 phim hay? \u0110\u1eebng lo, Khach San New Century Da Lat \u0111\u00e3 k\u1ebft n\u1ed1i Youtube, Netflix s\u1eb5n s\u00e0ng tr\u00ean Smart TV 55inch \u2026<\/div>\n<div dir=\"auto\">\u00a0<\/div>\n<div dir=\"auto\"><img decoding=\"async\" class=\"aligncenter size-full wp-image-29844\" src=\"https:\/\/dalatreview.vn\/wp-content\/uploads\/2023\/05\/New-Century-Hotel-Da-Lat-5-1.jpg\" alt=\"\" width=\"2048\" height=\"1354\"><\/div>\n<\/div>\n<h3 id=\"3-dich-vu-tien-nghi\"><span style=\"color: #003300; font-size: 20px;\"><strong>3. D\u1ecbch v\u1ee5 &amp; Ti\u1ec7n nghi<\/strong><\/span><\/h3>\n<div dir=\"auto\"><span class=\"x3nfvp2 x1j61x8r x1fcty0u xdj266r xhhsvwb xat24cr xgzva0m xxymvpz xlup9mm x1kky2od\"><img decoding=\"async\" src=\"https:\/\/static.xx.fbcdn.net\/images\/emoji.php\/v9\/t4c\/1\/16\/25aa.png\" alt=\"\u25aa\ufe0f\" width=\"16\" height=\"16\" \/><\/span> To\u00e0n b\u1ed9 ph\u00f2ng KS\u00a0New Century Da Lat \u0111\u1ec1u \u0111\u01b0\u1ee3c l\u00f3t th\u1ea3m sang tr\u1ecdng.<\/div>\n<div dir=\"auto\"><span class=\"x3nfvp2 x1j61x8r x1fcty0u xdj266r xhhsvwb xat24cr xgzva0m xxymvpz xlup9mm x1kky2od\"><img decoding=\"async\" src=\"https:\/\/static.xx.fbcdn.net\/images\/emoji.php\/v9\/t4c\/1\/16\/25aa.png\" alt=\"\u25aa\ufe0f\" width=\"16\" height=\"16\" \/><\/span> G\u01b0\u01a1ng th\u00f4ng minh k\u1ebft n\u1ed1i Bluetooth nghe nh\u1ea1c.<\/div>\n<div dir=\"auto\"><span class=\"x3nfvp2 x1j61x8r x1fcty0u xdj266r xhhsvwb xat24cr xgzva0m xxymvpz xlup9mm x1kky2od\"><img decoding=\"async\" src=\"https:\/\/static.xx.fbcdn.net\/images\/emoji.php\/v9\/t4c\/1\/16\/25aa.png\" alt=\"\u25aa\ufe0f\" width=\"16\" height=\"16\" \/><\/span> B\u1ed3n v\u1ec7 sinh th\u00f4ng minh c\u1ea3m bi\u1ebfn t\u1ef1 \u0111\u1ed9ng.<\/div>\n<div dir=\"auto\"><span class=\"x3nfvp2 x1j61x8r x1fcty0u xdj266r xhhsvwb xat24cr xgzva0m xxymvpz xlup9mm x1kky2od\"><img decoding=\"async\" src=\"https:\/\/static.xx.fbcdn.net\/images\/emoji.php\/v9\/t4c\/1\/16\/25aa.png\" alt=\"\u25aa\ufe0f\" width=\"16\" height=\"16\" \/><\/span> Ph\u00f2ng b\u1ed3n t\u1eafm t\u1ea1o s\u00f3ng massage v\u00e0 b\u1ed3n t\u1eafm \u0111\u00f4i Jacuzzi.<\/div>\n<div dir=\"auto\"><span class=\"x3nfvp2 x1j61x8r x1fcty0u xdj266r xhhsvwb xat24cr xgzva0m xxymvpz xlup9mm x1kky2od\"><img decoding=\"async\" src=\"https:\/\/static.xx.fbcdn.net\/images\/emoji.php\/v9\/t4c\/1\/16\/25aa.png\" alt=\"\u25aa\ufe0f\" width=\"16\" height=\"16\" \/><\/span> B\u00e0n tr\u00e0 trang tr\u00ed c\u00f3 ch\u1ebf \u0111\u1ed9 s\u1ea1c kh\u00f4ng d\u00e2y v\u00e0 k\u1ebft n\u1ed1i loa nghe nh\u1ea1c.<\/div>\n<div dir=\"auto\"><span class=\"x3nfvp2 x1j61x8r x1fcty0u xdj266r xhhsvwb xat24cr xgzva0m xxymvpz xlup9mm x1kky2od\"><img decoding=\"async\" src=\"https:\/\/static.xx.fbcdn.net\/images\/emoji.php\/v9\/t4c\/1\/16\/25aa.png\" alt=\"\u25aa\ufe0f\" width=\"16\" height=\"16\" \/><\/span> Qu\u1ea1t th\u00e1p s\u01b0\u1edfi 2 chi\u1ec1u.<\/div>\n<div dir=\"auto\"><span class=\"x3nfvp2 x1j61x8r x1fcty0u xdj266r xhhsvwb xat24cr xgzva0m xxymvpz xlup9mm x1kky2od\"><img decoding=\"async\" src=\"https:\/\/static.xx.fbcdn.net\/images\/emoji.php\/v9\/t4c\/1\/16\/25aa.png\" alt=\"\u25aa\ufe0f\" width=\"16\" height=\"16\" \/><\/span> M\u00e1y \u0111i\u1ec1u h\u00f2a di d\u1ed9ng.<\/div>\n<div dir=\"auto\"><span class=\"x3nfvp2 x1j61x8r x1fcty0u xdj266r xhhsvwb xat24cr xgzva0m xxymvpz xlup9mm x1kky2od\"><img decoding=\"async\" src=\"https:\/\/static.xx.fbcdn.net\/images\/emoji.php\/v9\/t4c\/1\/16\/25aa.png\" alt=\"\u25aa\ufe0f\" width=\"16\" height=\"16\" \/><\/span> Smart TV 55 inch c\u00f3 Youtube , Netflix,&#8230;<\/div>\n<div dir=\"auto\"><span class=\"x3nfvp2 x1j61x8r x1fcty0u xdj266r xhhsvwb xat24cr xgzva0m xxymvpz xlup9mm x1kky2od\"><img decoding=\"async\" src=\"https:\/\/static.xx.fbcdn.net\/images\/emoji.php\/v9\/t4c\/1\/16\/25aa.png\" alt=\"\u25aa\ufe0f\" width=\"16\" height=\"16\" \/><\/span> Mi\u1ec5n ph\u00ed tr\u00e0 , c\u00e0 ph\u00ea trong ph\u00f2ng .<\/div>\n<div dir=\"auto\"><span class=\"x3nfvp2 x1j61x8r x1fcty0u xdj266r xhhsvwb xat24cr xgzva0m xxymvpz xlup9mm x1kky2od\"><img decoding=\"async\" src=\"https:\/\/static.xx.fbcdn.net\/images\/emoji.php\/v9\/t4c\/1\/16\/25aa.png\" alt=\"\u25aa\ufe0f\" width=\"16\" height=\"16\" \/><\/span> C\u00f3 \u0111\u1ea7y \u0111\u1ee7 n\u01b0\u1edbc n\u00f3ng , wifi mi\u1ec5n ph\u00ed.<\/div>\n<div dir=\"auto\"><span class=\"x3nfvp2 x1j61x8r x1fcty0u xdj266r xhhsvwb xat24cr xgzva0m xxymvpz xlup9mm x1kky2od\"><img decoding=\"async\" src=\"https:\/\/static.xx.fbcdn.net\/images\/emoji.php\/v9\/t4c\/1\/16\/25aa.png\" alt=\"\u25aa\ufe0f\" width=\"16\" height=\"16\" \/><\/span> Century Hotel \u0110\u00e0 L\u1ea1t C\u00f3 thang m\u00e1y thu\u1eadn ti\u1ec7n di chuy\u1ec3n.<\/div>\n<div dir=\"auto\"><span class=\"x3nfvp2 x1j61x8r x1fcty0u xdj266r xhhsvwb xat24cr xgzva0m xxymvpz xlup9mm x1kky2od\"><img decoding=\"async\" src=\"https:\/\/static.xx.fbcdn.net\/images\/emoji.php\/v9\/t4c\/1\/16\/25aa.png\" alt=\"\u25aa\ufe0f\" width=\"16\" height=\"16\" \/><\/span> C\u00f3 d\u1ecbch v\u1ee5 gi\u1eb7t s\u1ea5y ngay t\u1ea1i kh\u00e1ch s\u1ea1n.<\/div>\n<div dir=\"auto\"><span class=\"x3nfvp2 x1j61x8r x1fcty0u xdj266r xhhsvwb xat24cr xgzva0m xxymvpz xlup9mm x1kky2od\"><img decoding=\"async\" src=\"https:\/\/static.xx.fbcdn.net\/images\/emoji.php\/v9\/t4c\/1\/16\/25aa.png\" alt=\"\u25aa\ufe0f\" width=\"16\" height=\"16\" \/>Xe \u0111\u01b0a, \u0111\u00f3n s\u00e2n bay<\/span><\/div>\n<div dir=\"auto\"><span class=\"x3nfvp2 x1j61x8r x1fcty0u xdj266r xhhsvwb xat24cr xgzva0m xxymvpz xlup9mm x1kky2od\"><img decoding=\"async\" src=\"https:\/\/static.xx.fbcdn.net\/images\/emoji.php\/v9\/t4c\/1\/16\/25aa.png\" alt=\"\u25aa\ufe0f\" width=\"16\" height=\"16\" \/> Cung c\u1ea5p xe d\u1ecbch v\u1ee5 tham quan th\u00e0nh ph\u1ed1 du l\u1ecbch \u0110\u00e0 L\u1ea1t<\/span><\/div>\n<div dir=\"auto\">\u00a0<\/div>\n<div dir=\"auto\"><img decoding=\"async\" class=\"aligncenter size-full wp-image-29828\" src=\"https:\/\/dalatreview.vn\/wp-content\/uploads\/2023\/05\/New-Century-Hotel-Da-Lat-4.jpg\" alt=\"\" width=\"2048\" height=\"1354\"><\/div>\n<div dir=\"auto\">\u00a0<\/div>\n<div dir=\"auto\">\n<div style=\"width: 720px;\" class=\"wp-video\"><video class=\"wp-video-shortcode\" id=\"video-29820-2\" width=\"720\" height=\"1280\" preload=\"metadata\" controls=\"controls\"><source type=\"video\/mp4\" src=\"https:\/\/dalatreview.vn\/wp-content\/uploads\/2023\/05\/video2.mp4?_=2\" \/><a href=\"https:\/\/dalatreview.vn\/wp-content\/uploads\/2023\/05\/video2.mp4\">https:\/\/dalatreview.vn\/wp-content\/uploads\/2023\/05\/video2.mp4<\/a><\/video><\/div>\n<\/div>\n<h3 id=\"4-cac-hang-phong-va-gia-phong\"><span style=\"color: #003300; font-size: 20px;\"><strong>4. C\u00e1c h\u1ea1ng ph\u00f2ng v\u00e0 gi\u00e1 ph\u00f2ng\u00a0<\/strong><\/span><\/h3>\n<p><img decoding=\"async\" class=\"aligncenter wp-image-29911 size-full\" src=\"https:\/\/dalatreview.vn\/wp-content\/uploads\/2023\/05\/BANG-GIA-NGAY-THUONG.jpg\" alt=\"\" width=\"861\" height=\"1064\"><\/p>\n<h3 id=\"5-lien-he\"><span style=\"color: #003300; font-size: 20px;\"><strong>5. Li\u00ean h\u1ec7<\/strong><\/span><\/h3>\n<p><span style=\"color: #003300;\"><strong>Fanpage:<\/strong><\/span>\u00a0<a href=\"https:\/\/www.facebook.com\/booking.dalatreview.vn\/\">Booking \u0110\u00e0 L\u1ea1t \u2013 www.dalatreview.vn<\/a><\/p>\n<p><span style=\"color: #003300;\"><strong>S\u0110T\/Zalo:<\/strong><\/span> <a href=\"https:\/\/zalo.me\/0968249297\" target=\"_blank\" rel=\"noopener\">0968 249 297<\/a><\/p>\n<p>Xem th\u00eam c\u00e1c kh\u00e1ch s\u1ea1n xinh \u0111\u1eb9p kh\u00e1c t\u1ea1i \u0110\u00e0 L\u1ea1t: <a href=\"https:\/\/dalatreview.vn\/en\/cho-nghi\/khach-san-cho-nghi\/\">Kh\u00e1ch s\u1ea1n \u0110\u00e0 L\u1ea1t<\/a><\/p>\n<\/div>\n<\/div>","protected":false},"excerpt":{"rendered":"<p>NEW CENTURY HOTEL | C\u00d3 H\u1eb8N C\u00d9NG NG\u01af\u1edcI TH\u01af\u01a0NG NG\u00c0Y H\u1ea0 V\u00c0NG \u0110\u00c0 L\u1ea0T &#8220;Mong b\u1ea3n th\u00e2n c\u1ed1 g\u1eafng th\u00eam m\u1ed9t ch\u00fat, m\u1ed9t ch\u00fat n\u1eefa. V\u00ec th\u1ee9 mu\u1ed1n mua, v\u00ec n\u01a1i mu\u1ed1n \u0111\u1ebfn, v\u00ec ng\u01b0\u1eddi mu\u1ed1n \u1edf b\u00ean. &#8220;\u01af\u1edbc m\u1ed9t l\u1ea7n \u0111\u01b0a em \u0111\u1ebfn \u0110\u00e0 L\u1ea1t, d\u1ea1o quanh nh\u1eefng con \u0111\u01b0\u1eddng r\u1ea5t \u0111\u1ed7i n\u00ean th\u01a1. [&hellip;]<\/p>","protected":false},"featured_media":29914,"comment_status":"open","ping_status":"closed","template":"","meta":{"_acf_changed":false,"rank_math_lock_modified_date":false},"product_cat":[46,29],"product_tag":[],"acf":[],"_links":{"self":[{"href":"https:\/\/dalatreview.vn\/en\/wp-json\/wp\/v2\/product\/29820"}],"collection":[{"href":"https:\/\/dalatreview.vn\/en\/wp-json\/wp\/v2\/product"}],"about":[{"href":"https:\/\/dalatreview.vn\/en\/wp-json\/wp\/v2\/types\/product"}],"replies":[{"embeddable":true,"href":"https:\/\/dalatreview.vn\/en\/wp-json\/wp\/v2\/comments?post=29820"}],"wp:featuredmedia":[{"embeddable":true,"href":"https:\/\/dalatreview.vn\/en\/wp-json\/wp\/v2\/media\/29914"}],"wp:attachment":[{"href":"https:\/\/dalatreview.vn\/en\/wp-json\/wp\/v2\/media?parent=29820"}],"wp:term":[{"taxonomy":"product_cat","embeddable":true,"href":"https:\/\/dalatreview.vn\/en\/wp-json\/wp\/v2\/product_cat?post=29820"},{"taxonomy":"product_tag","embeddable":true,"href":"https:\/\/dalatreview.vn\/en\/wp-json\/wp\/v2\/product_tag?post=29820"}],"curies":[{"name":"wp","href":"https:\/\/api.w.org\/{rel}","templated":true}]}}