
{"id":29569,"date":"2023-05-20T18:06:21","date_gmt":"2023-05-20T11:06:21","guid":{"rendered":"https:\/\/dalatreview.vn\/?p=29569"},"modified":"2024-08-12T10:15:25","modified_gmt":"2024-08-12T03:15:25","slug":"cam-trai-doi-co-hong","status":"publish","type":"product","link":"https:\/\/dalatreview.vn\/en\/cam-trai-doi-co-hong.html","title":{"rendered":"C\u1eaeM TR\u1ea0I \u0110\u1ed2I C\u1ece H\u1ed2NG"},"content":{"rendered":"<hr \/>\n<nav class=\"vietrick-auto-toc\">\n<div class=\"box-title\">\n<h3 class=\"toc-title\" id=\"select-menu\">Danh m\u1ee5c ch\u00ednh<\/h3>\n<div><ion-icon name=\"chevron-up-outline\"><\/ion-icon><\/div>\n<\/div>\n<ul class=\"toc-list\"><\/ul>\n<li><a href='https:\/\/dalatreview.vn\/en#cam-trai-doi-co-hong' class='heading-h1 toc-link smooth-scroll'>C\u1eaeM TR\u1ea0I \u0110\u1ed2I C\u1ece H\u1ed2NG<\/a>\n<ul>\n<li><a href='https:\/\/dalatreview.vn\/en#1-lich-trinh-tour-cam-trai-doi-co-hong' class='heading-h2 toc-link smooth-scroll'>1. L\u1ecbch tr\u00ecnh Tour c\u1eafm tr\u1ea1i \u0111\u1ed3i c\u1ecf h\u1ed3ng<\/a>\n<ul>\n<li><a href='https:\/\/dalatreview.vn\/en#ngay-1' class='heading-h3 toc-link smooth-scroll'>Ng\u00e0y 1:<\/a>\n<li><a href='https:\/\/dalatreview.vn\/en#' class='heading-h3 toc-link smooth-scroll'>\u00a0<\/a>\n<li><a href='https:\/\/dalatreview.vn\/en#ngay-2' class='heading-h3 toc-link smooth-scroll'>Ng\u00e0y 2:<\/a><\/ul>\n<li><a href='https:\/\/dalatreview.vn\/en#2-tour-da-bao-gom' class='heading-h2 toc-link smooth-scroll'>2. Tour \u0111\u00e3 bao g\u1ed3m<\/a>\n<ul>\n<li><a href='https:\/\/dalatreview.vn\/en#' class='heading-h3 toc-link smooth-scroll'>\u00a0<\/a>\n<li><a href='https:\/\/dalatreview.vn\/en#menu-bbq-toi' class='heading-h3 toc-link smooth-scroll'>MENU BBQ T\u1ed0I<\/a><\/ul>\n<li><a href='https:\/\/dalatreview.vn\/en#3-gia-tour' class='heading-h2 toc-link smooth-scroll'>3. Gi\u00e1 tour<\/a>\n<li><a href='https:\/\/dalatreview.vn\/en#4-thong-tin-lien-he' class='heading-h2 toc-link smooth-scroll'>4. Th\u00f4ng tin li\u00ean h\u1ec7<\/a><\/ul>\n<\/ul>\n<\/li>\n<\/ul>\n<\/nav>\n<h1 id=\"cam-trai-doi-co-hong\"><span style=\"color: #003300;\">C\u1eaeM TR\u1ea0I \u0110\u1ed2I C\u1ece H\u1ed2NG<\/span><\/h1>\n<p>Th\u1eddi gian g\u1ea7n \u0111\u00e2y nh\u1eefng \u0111i\u1ec3m camping \u0110\u00e0 L\u1ea1t tr\u1edf th\u00e0nh \u0111i\u1ec3m hot hit \u0111\u01b0\u1ee3c nhi\u1ec1u ng\u01b0\u1eddi y\u00eau th\u00edch v\u00e0 t\u00ecm ki\u1ebfm. C\u1eafm tr\u1ea1i \u0111\u1ed3i c\u1ecf h\u1ed3ng l\u00e0 m\u1ed9t tr\u1ea3i nghi\u1ec7m \u0111\u1ea7y h\u1ea5p d\u1eabn kh\u00f3 qu\u00ean cho nh\u1eefng ai y\u00eau thi\u00ean nhi\u00ean v\u00e0 mu\u1ed1n chinh ph\u1ee5c, kh\u00e1m ph\u00e1 \u0110\u00e0 L\u1ea1t. H\u00e3y c\u00f9ng \u0110\u00e0 L\u1ea1t Review t\u00ecm hi\u1ec3u xem c\u1eafm tr\u1ea1i \u0111\u1ed3i c\u1ecf h\u1ed3ng \u0110\u00e0 L\u1ea1t c\u00f3 g\u00ec th\u00fa v\u1ecb nh\u00e9!<\/p>\n<p><img decoding=\"async\" class=\"aligncenter wp-image-29573 size-full\" src=\"https:\/\/dalatreview.vn\/wp-content\/uploads\/2023\/05\/CAM-TRAI-DOI-CO-HONG-DA-LAT.jpg\" alt=\"c\u1eafm tr\u1ea1i \u0111\u1ed3i c\u1ecf h\u1ed3ng\" width=\"2560\" height=\"1536\" \/><br \/>\n\u0110\u1ed3i c\u1ecf h\u1ed3ng hay c\u00f2n c\u00f3 t\u00ean g\u1ecdi kh\u00e1c l\u00e0 \u0111\u1ed3i tr\u1ecdc, \u0111\u1ed3i c\u00f4 d\u00e2u v\u00e0 \u0111\u00e2y l\u00e0 m\u1ed9t trong nh\u1eefng \u0111i\u1ec3m \u0111\u1ebfn l\u00e3ng m\u1ea1n b\u1eadc nh\u1ea5t c\u1ee7a \u0110\u00e0 L\u1ea1t m\u1ed9ng m\u01a1. N\u01a1i \u0111\u00e2y v\u1eeba c\u00f3 r\u1eebng th\u00f4ng b\u1ea1t ng\u00e0n l\u1ea1i v\u1eeba c\u00f3 \u0111\u1ed3i c\u1ecf h\u1ed3ng r\u1ef1c r\u1ee1 t\u1ea1o n\u00ean m\u1ed9t khung c\u1ea3nh c\u00f3 s\u1ee9c h\u00fat m\u1ea1nh \u0111\u1ebfn l\u1ea1 k\u00ec.<\/p>\n<p><img decoding=\"async\" class=\"alignnone wp-image-29622 size-full\" src=\"https:\/\/dalatreview.vn\/wp-content\/uploads\/2023\/05\/132503723559130403-anh-cuoi-doi-co-hong-1.jpg\" alt=\"c\u1eafm tr\u1ea1i \u0111\u1ed3i c\u1ecf h\u1ed3ng\" width=\"1400\" height=\"1004\" \/><\/p>\n<p>C\u1eafm tr\u1ea1i \u0111\u1ed3i c\u1ecf h\u1ed3ng l\u00e0 m\u1ed9t tr\u1ea3i nghi\u1ec7m \u0111\u00e1ng nh\u1edb cho chuy\u1ebfn du l\u1ecbch kh\u00e1m ph\u00e1 \u0110\u00e0 L\u1ea1t. \u1ede n\u01a1i \u0111\u00e2y, b\u1ea1n s\u1ebd b\u1eaft tr\u1ecdn \u0111\u01b0\u1ee3c c\u1ea3nh ho\u00e0ng h\u00f4n tuy\u1ec7t \u0111\u1eb9p \u1edf tr\u00ean \u0111\u1ec9nh \u0111\u1ed3i v\u00e0 s\u1ebd c\u00f3 nh\u1eefng gi\u00e2y ph\u00fat \u0111\u00e0n h\u00e1t, th\u01b0\u1edfng th\u1ee9c ti\u1ec7c n\u01b0\u1edbng d\u00e3 ngo\u1ea1i c\u00f9ng b\u1ea1n b\u00e8 ch\u1eafc h\u1eb3n s\u1ebd l\u00e0 m\u1ed9t k\u1ef7 ni\u1ec7m ghi d\u1ea5u \u1ea5n c\u1ee7a thanh xu\u00e2n.<\/p>\n<p>&nbsp;<\/p>\n<p><img decoding=\"async\" class=\"aligncenter wp-image-29572 size-full\" src=\"https:\/\/dalatreview.vn\/wp-content\/uploads\/2023\/05\/The-Camp-Vlle-Dalat-22-1.png\" alt=\"c\u1eafm tr\u1ea1i \u0111\u1ed3i c\u1ecf h\u1ed3ng\" width=\"1200\" height=\"900\" \/><\/p>\n<p>C\u1eafm tr\u1ea1i \u0111\u00eam \u0110\u00e0 L\u1ea1t t\u1ea1i \u0111\u1ed3i c\u1ecf h\u1ed3ng b\u1ea1n s\u1ebd \u0111\u01b0\u1ee3c t\u1eadn h\u01b0\u1edfng bu\u1ed5i t\u1ed1i vui v\u1ebb h\u00e1t h\u00f2 b\u00ean l\u1eeda tr\u1ea1i. Kh\u00f4ng nh\u1eefng v\u1eady, b\u1ea1n c\u00f2n c\u00f3 th\u1ec3 t\u1ef1 do t\u1eadn h\u01b0\u1edfng v\u1ebb \u0111\u1eb9p th\u01a1 m\u1ed9ng v\u00e0 l\u00e3ng m\u1ea1n c\u1ee7a \u0111\u1ed3i c\u1ecf h\u1ed3ng n\u1eefa.<\/p>\n<p><img decoding=\"async\" class=\"alignnone wp-image-29583 size-full\" src=\"https:\/\/dalatreview.vn\/wp-content\/uploads\/2023\/05\/182503885_1338073623259982_4261989273455374650_n.jpg\" alt=\"c\u1eafm tr\u1ea1i \u0111\u1ed3i c\u1ecf h\u1ed3ng\" width=\"1560\" height=\"1040\" \/><\/p>\n<p>\u0110\u1eb7c bi\u1ec7t h\u01a1n, khi c\u1eafm tr\u1ea1i qua \u0111\u00eam, s\u00e1ng s\u1edbm l\u00e0 b\u1ea1n \u0111\u00e3 c\u00f3 th\u1ec3 nh\u00ecn th\u1ea5y m\u1ed9t b\u1ee9c tranh \u0110\u00e0 L\u1ea1t t\u01b0\u01a1i m\u1edbi, \u0111\u01b0\u1ee3c s\u0103n m\u00e2y, \u0111\u00f3n b\u00ecnh minh ngay khi v\u1eeba th\u1ee9c gi\u1ea5c. \u0110i\u1ec1u \u0111\u00f3 th\u1eadt tuy\u1ec7t ph\u1ea3i kh\u00f4ng n\u00e0o.<br \/>\nN\u1ebfu b\u1ea1n mu\u1ed1n c\u00f3 nh\u1eefng k\u1ec9 ni\u1ec7m \u0111\u1ec3 \u0111\u1eddi th\u00ec kh\u00f4ng th\u1ec3 b\u1ecf qua tr\u1ea3i nghi\u1ec7m c\u1eafm tr\u1ea1i \u0111\u1ed3i C\u1ecf H\u1ed3ng.<br \/>\n\u1ede \u0111\u00e2y ch\u00fang t\u00f4i \u0111\u00e3 thi\u1ebft k\u1ebf ri\u00eang cho b\u1ea1n tour tr\u1ecdn g\u00f3i 2 ng\u00e0y 1 \u0111\u00eam, b\u1ea1n ch\u1ec9 c\u1ea7n li\u00ean h\u1ec7 v\u00e0 x\u00e1ch balo l\u00ean v\u00e0 \u0111i th\u00f4i. C\u00f9ng t\u00ecm hi\u1ec3u k\u1ef9 h\u01a1n v\u1ec1 tour c\u1eafm tr\u1ea1i n\u00e0y nh\u00e9!<\/p>\n<div style=\"width: 1270px;\" class=\"wp-video\"><!--[if lt IE 9]><script>document.createElement('video');<\/script><![endif]-->\n<video class=\"wp-video-shortcode\" id=\"video-29569-1\" width=\"1270\" height=\"720\" poster=\"https:\/\/dalatreview.vn\/wp-content\/uploads\/2023\/05\/CAM-TRAI-DOI-CO-HONG-DA-LAT.jpg\" preload=\"metadata\" controls=\"controls\"><source type=\"video\/mp4\" src=\"https:\/\/dalatreview.vn\/wp-content\/uploads\/2023\/05\/337273093_1004286263875997_6919366608525144549_n.mp4?_=1\" \/><a href=\"https:\/\/dalatreview.vn\/wp-content\/uploads\/2023\/05\/337273093_1004286263875997_6919366608525144549_n.mp4\">https:\/\/dalatreview.vn\/wp-content\/uploads\/2023\/05\/337273093_1004286263875997_6919366608525144549_n.mp4<\/a><\/video><\/div>\n<p><img decoding=\"async\" class=\"aligncenter wp-image-29574 size-full\" src=\"https:\/\/dalatreview.vn\/wp-content\/uploads\/2023\/05\/The-Camp-Vlle-Dalat-22-2.png\" alt=\"c\u1eafm tr\u1ea1i \u0111\u1ed3i c\u1ecf h\u1ed3ng\" width=\"1200\" height=\"900\" \/><\/p>\n<h2 id=\"1-lich-trinh-tour-cam-trai-doi-co-hong\"><span style=\"color: #003300;\">1. L\u1ecbch tr\u00ecnh Tour c\u1eafm tr\u1ea1i \u0111\u1ed3i c\u1ecf h\u1ed3ng<\/span><\/h2>\n<h3 id=\"ngay-1\">Ng\u00e0y 1:<\/h3>\n<p>-14h30: Xe s\u1ebd \u0111\u00f3n kh\u00e1ch t\u1ea1i n\u1ed9i th\u00e0nh \u0110\u00e0 L\u1ea1t v\u00e0 di chuy\u1ec3n \u0111\u1ebfn \u0111\u1ecba \u0111i\u1ec3m c\u1eafm tr\u1ea1i &#8211; \u0110\u1ed3i c\u1ecf H\u1ed3ng<br \/>\n-16h30: Ng\u1eafm ho\u00e0ng h\u00f4n cu\u1ed1i ng\u00e0y c\u1ef1c chill, b\u1ea1n c\u00f3 th\u1ec3 c\u00f9ng HDV tr\u1ea3i nghi\u1ec7m d\u1ef1ng l\u1ec1u tr\u1ea1i v\u00e0 chu\u1ea9n b\u1ecb cho b\u1eefa t\u1ed1i BBQ<br \/>\n-19h30: C\u00f9ng nhau th\u01b0\u1edfng th\u01b0\u1edbc BBQ, h\u00e1t cho nhau nghe, chia s\u1ebb v\u1edbi nhau nh\u1eefng c\u00e2u chuy\u1ec7n bu\u1ed3n vui trong cu\u1ed9c s\u1ed1ng<\/p>\n<p>&nbsp;<\/p>\n<p><img decoding=\"async\" class=\"aligncenter wp-image-29576 size-full\" src=\"https:\/\/dalatreview.vn\/wp-content\/uploads\/2023\/05\/The-Camp-Vlle-Dalat-22-3.png\" alt=\"c\u1eafm tr\u1ea1i \u0111\u1ed3i c\u1ecf h\u1ed3ng\" width=\"1200\" height=\"900\" \/><\/p>\n<h3 id=\"\">\u00a0<\/h3>\n<h3 id=\"ngay-2\">Ng\u00e0y 2:<\/h3>\n<p>-5h30: B\u1ea1n th\u1ee9c d\u1eady \u0111\u00f3n \u00e1nh b\u00ecnh minh, s\u01b0\u01a1ng s\u1edbm, t\u1eadn h\u01b0\u1edfng c\u1ea3m gi\u00e1c se se l\u1ea1nh bu\u1ed5i s\u1edbm mai \u1edf \u0110\u00e0 L\u1ea1t. Th\u01b0\u1edfng th\u1ee9c ly c\u00e0 ph\u00ea n\u00f3ng, tr\u00e0 g\u1eebng, tr\u00e0 Atiso v\u00e0 d\u00f9ng b\u1eefa s\u00e1ng b\u1eb1ng m\u1ef3 ly, nui h\u1ea7m x\u01b0\u01a1ng.<br \/>\n-8h30: K\u1ebft th\u00fac h\u00e0nh tr\u00ecnh, xe \u0111\u01b0a b\u1ea1n v\u1ec1 th\u00e0nh ph\u1ed1. H\u1eb9n g\u1eb7p b\u1ea1n trong nh\u1eefng h\u00e0nh tr\u00ecnh ti\u1ebfp theo.<\/p>\n<p>&nbsp;<\/p>\n<p><img decoding=\"async\" class=\"aligncenter wp-image-29577 size-full\" src=\"https:\/\/dalatreview.vn\/wp-content\/uploads\/2023\/05\/6-10-700x466-1.jpg\" alt=\"c\u1eafm tr\u1ea1i \u0111\u1ed3i c\u1ecf h\u1ed3ng\" width=\"700\" height=\"466\" \/><\/p>\n<h2 id=\"2-tour-da-bao-gom\"><span style=\"color: #003300;\">2. Tour \u0111\u00e3 bao g\u1ed3m<\/span><\/h2>\n<p>&#8211; L\u1ec1u m\u00f4ng c\u1ed5, ch\u0103n, ra, g\u1ed1i, n\u1ec7m, \u0111\u00e8n ng\u1ee7,\u2026<br \/>\n&#8211; C\u00e1c b\u1eefa \u0103n theo ch\u01b0\u01a1ng tr\u00ecnh: \u0103n t\u1ed1i BBQ, \u0103n s\u00e1ng nh\u1eb9 v\u00e0 c\u00e0 ph\u00ea<br \/>\n&#8211; Xe \u0111\u01b0a \u0111\u00f3n t\u1eeb trung t\u00e2m th\u00e0nh ph\u1ed1<\/p>\n<p>&nbsp;<\/p>\n<p><img decoding=\"async\" class=\"alignnone wp-image-29578 size-full\" src=\"https:\/\/dalatreview.vn\/wp-content\/uploads\/2023\/05\/279434953_1577134186020590_5237693687797676107_n.jpg\" alt=\"\u0111\u1ed3i c\u1ecf h\u1ed3ng\" width=\"1536\" height=\"2048\" \/><\/p>\n<h3 id=\"\">\u00a0<\/h3>\n<h3 id=\"menu-bbq-toi\">MENU BBQ T\u1ed0I<\/h3>\n<p>&#8211; G\u00e0 n\u01b0\u1edbng<br \/>\n&#8211; C\u01a1m lam<br \/>\n&#8211; Heo t\u00e2y nguy\u00ean n\u01b0\u1edbng<br \/>\n&#8211; Salat tr\u1ed9n<br \/>\n&#8211; Khoai lang, b\u1eafp n\u01b0\u1edbng<br \/>\n&#8211; Ch\u00e1o g\u00e0<br \/>\n&#8211; Tr\u00e1i c\u00e2y tr\u00e1ng mi\u1ec7ng<br \/>\n&#8211; R\u01b0\u1ee3u c\u1ea7n\/vang \u0110\u00e0 L\u1ea1t<\/p>\n<p>&nbsp;<\/p>\n<p><img decoding=\"async\" class=\"aligncenter wp-image-29580 size-full\" src=\"https:\/\/dalatreview.vn\/wp-content\/uploads\/2023\/05\/The-Camp-Vlle-Dalat-22-4.png\" alt=\"\" width=\"1200\" height=\"900\"><\/p>\n<h2 id=\"3-gia-tour\"><span style=\"color: #003300;\">3. Gi\u00e1 tour<\/span><\/h2>\n<p>&#8211; 650.000 vn\u0111\/ng\u01b0\u1eddi<br \/>\n&#8211; Chi ph\u00ed \u0111\u00e3 bao g\u1ed3m tr\u1ecdn g\u00f3i, kh\u00f4ng ph\u00e1t sinh th\u00eam<br \/>\n&#8211; \u0110\u1eb7c bi\u1ec7t, b\u1ea1n \u0111\u01b0\u1ee3c mang th\u00eam \u0111\u1ed3 \u0103n, \u0111\u1ed3 u\u1ed1ng ngo\u00e0i v\u00e0 kh\u00f4ng ph\u1ee5 thu.<\/p>\n<p><img decoding=\"async\" class=\"alignnone wp-image-29581 size-full\" src=\"https:\/\/dalatreview.vn\/wp-content\/uploads\/2023\/05\/321557868_661965298735768_995089188980087632_n.jpg\" alt=\"c\u1eafm tr\u1ea1i \u0111\u1ed3i c\u1ecf h\u1ed3ng\" width=\"2048\" height=\"1536\" \/><\/p>\n<h2 id=\"4-thong-tin-lien-he\"><span style=\"color: #003300;\">4. Th\u00f4ng tin li\u00ean h\u1ec7<\/span><\/h2>\n<p>Hotline\/Zalo: 0968 249 297<br \/>\nFacebook: <a href=\"https:\/\/www.facebook.com\/CampingArtDaLat\" target=\"_blank\" rel=\"noopener\">Camping Art \u0110\u00e0 L\u1ea1t<\/a><\/p>\n<p>&nbsp;<\/p>","protected":false},"excerpt":{"rendered":"<p>Danh m\u1ee5c ch\u00ednh C\u1eaeM TR\u1ea0I \u0110\u1ed2I C\u1ece H\u1ed2NG 1. L\u1ecbch tr\u00ecnh Tour c\u1eafm tr\u1ea1i \u0111\u1ed3i c\u1ecf h\u1ed3ng Ng\u00e0y 1: \u00a0 Ng\u00e0y 2: 2. Tour \u0111\u00e3 bao g\u1ed3m \u00a0 MENU BBQ T\u1ed0I 3. Gi\u00e1 tour 4. Th\u00f4ng tin li\u00ean h\u1ec7 C\u1eaeM TR\u1ea0I \u0110\u1ed2I C\u1ece H\u1ed2NG Th\u1eddi gian g\u1ea7n \u0111\u00e2y nh\u1eefng \u0111i\u1ec3m camping \u0110\u00e0 L\u1ea1t tr\u1edf th\u00e0nh [&hellip;]<\/p>","protected":false},"featured_media":29593,"comment_status":"open","ping_status":"closed","template":"","meta":{"_acf_changed":false,"rank_math_lock_modified_date":false},"product_cat":[28,2347],"product_tag":[],"acf":[],"_links":{"self":[{"href":"https:\/\/dalatreview.vn\/en\/wp-json\/wp\/v2\/product\/29569"}],"collection":[{"href":"https:\/\/dalatreview.vn\/en\/wp-json\/wp\/v2\/product"}],"about":[{"href":"https:\/\/dalatreview.vn\/en\/wp-json\/wp\/v2\/types\/product"}],"replies":[{"embeddable":true,"href":"https:\/\/dalatreview.vn\/en\/wp-json\/wp\/v2\/comments?post=29569"}],"wp:featuredmedia":[{"embeddable":true,"href":"https:\/\/dalatreview.vn\/en\/wp-json\/wp\/v2\/media\/29593"}],"wp:attachment":[{"href":"https:\/\/dalatreview.vn\/en\/wp-json\/wp\/v2\/media?parent=29569"}],"wp:term":[{"taxonomy":"product_cat","embeddable":true,"href":"https:\/\/dalatreview.vn\/en\/wp-json\/wp\/v2\/product_cat?post=29569"},{"taxonomy":"product_tag","embeddable":true,"href":"https:\/\/dalatreview.vn\/en\/wp-json\/wp\/v2\/product_tag?post=29569"}],"curies":[{"name":"wp","href":"https:\/\/api.w.org\/{rel}","templated":true}]}}