
{"id":29417,"date":"2023-05-18T17:38:00","date_gmt":"2023-05-18T10:38:00","guid":{"rendered":"https:\/\/dalatreview.vn\/?p=29417"},"modified":"2025-08-11T15:41:05","modified_gmt":"2025-08-11T08:41:05","slug":"tour-cheo-sup-ho-tuyen-lam","status":"publish","type":"product","link":"https:\/\/dalatreview.vn\/en\/tour-cheo-sup-ho-tuyen-lam.html","title":{"rendered":"Tour ch\u00e8o Sup H\u1ed3 Tuy\u1ec1n L\u00e2m"},"content":{"rendered":"<nav class=\"vietrick-auto-toc\">\n<div class=\"box-title\">\n<h3 class=\"toc-title\" id=\"select-menu\">Danh m\u1ee5c ch\u00ednh<\/h3>\n<div><ion-icon name=\"chevron-up-outline\"><\/ion-icon><\/div>\n<\/div>\n<ul class=\"toc-list\"><\/ul>\n<li><a href='https:\/\/dalatreview.vn\/en#tour-cheo-sup-ho-tuyen-lam' class='heading-h1 toc-link smooth-scroll'>TOUR CH\u00c8O SUP H\u1ed2 TUY\u1ec0N L\u00c2M<\/a>\n<ul>\n<li><a href='https:\/\/dalatreview.vn\/en#1-cac-khung-gio-vang-ban-nhat-dinh-phai-biet-de-co-nhung-trai-nghiem-tot-khi-cheo-sup-tai-ho-tuyen-lam' class='heading-h2 toc-link smooth-scroll'>1. C\u00e1c khung gi\u1edd v\u00e0ng b\u1ea1n nh\u1ea5t \u0111\u1ecbnh ph\u1ea3i bi\u1ebft \u0111\u1ec3 c\u00f3 nh\u1eefng tr\u1ea3i nghi\u1ec7m t\u1ed1t khi ch\u00e8o sup t\u1ea1i h\u1ed3 Tuy\u1ec1n L\u00e2m<\/a>\n<li><a href='https:\/\/dalatreview.vn\/en#2-tour-da-bao-gom' class='heading-h2 toc-link smooth-scroll'>2. Tour \u0111\u00e3 bao g\u1ed3m<\/a>\n<li><a href='https:\/\/dalatreview.vn\/en#3-tour-khong-bao-gom' class='heading-h2 toc-link smooth-scroll'>3. Tour kh\u00f4ng bao g\u1ed3m<\/a>\n<li><a href='https:\/\/dalatreview.vn\/en#4-gia-tour-cheo-sup-ho-tuyen-lam' class='heading-h2 toc-link smooth-scroll'>4. Gi\u00e1 tour ch\u00e8o sup h\u1ed3 Tuy\u1ec1n L\u00e2m<\/a>\n<li><a href='https:\/\/dalatreview.vn\/en#5-thong-tin-lien-he' class='heading-h2 toc-link smooth-scroll'>5. Th\u00f4ng tin li\u00ean h\u1ec7<\/a><\/ul>\n<\/ul>\n<\/li>\n<\/ul>\n<\/nav>\n<h1 id=\"tour-cheo-sup-ho-tuyen-lam\"><span style=\"color: #003300;\"><strong>TOUR CH\u00c8O SUP H\u1ed2 TUY\u1ec0N L\u00c2M<\/strong><\/span><\/h1>\n<p>H\u1ed3 Tuy\u1ec1n L\u00e2m \u0110\u00e0 L\u1ea1t l\u00e0 m\u1ed9t trong nh\u1eefng \u0111\u1ecba \u0111i\u1ec3m du l\u1ecbch n\u1ed5i ti\u1ebfng m\u00e0 b\u1ea1n kh\u00f4ng th\u1ec3 b\u1ecf l\u1ee1 khi \u0111\u1ebfn th\u00e0nh ph\u1ed1 ng\u00e0n hoa. Khung c\u1ea3nh thi\u00ean nhi\u00ean n\u01a1i \u0111\u00e2y s\u1ebd gi\u00fap b\u1ea1n \u201ctr\u1ed1n \u0111i\u201d s\u1ef1 \u1ed3n \u00e0o, n\u00e1o nhi\u1ec7t c\u1ee7a th\u00e0nh ph\u1ed1. N\u01a1i n\u00e0y \u0111\u00e3 \u0111\u01b0\u1ee3c b\u00ecnh ch\u1ecdn l\u00e0 m\u1ed9t trong m\u01b0\u1eddi \u0111\u1ecba \u0111i\u1ec3m th\u1eafng c\u1ea3nh h\u1ea5p d\u1eabn nh\u1ea5t c\u1ee7a \u0110\u00e0 L\u1ea1t. \u0110\u1ec3 \u0111\u1ebfn H\u1ed3 Tuy\u1ec1n L\u00e2m \u0110\u00e0 L\u1ea1t, b\u1ea1n c\u00f3 th\u1ec3 thu\u00ea xe \u00f4 t\u00f4 ri\u00eang ho\u1eb7c xe m\u00e1y v\u00e0 tho\u1ea3 th\u00edch vi vu tr\u00ean nh\u1eefng cung \u0111\u01b0\u1eddng \u0111\u00e8o \u0111\u1eb9p t\u1ef1a tranh v\u1ebd.<\/p>\n<p><img decoding=\"async\" class=\"alignnone wp-image-29461 size-full\" src=\"http:\/\/localhost\/wordpress\/wp-content\/uploads\/2023\/05\/z4318825777916_b6f793d6bc3cc093b089f91d3dfef171.jpg\" alt=\"Ho\u00e0ng h\u00f4n ch\u00e8o Sup H\u1ed3 Tuy\u1ec1n L\u00e2m\" width=\"1920\" height=\"2560\" \/><\/p>\n<p>N\u1ebfu b\u1ea1n l\u00e0 ng\u01b0\u1eddi \u0111am m\u00ea ch\u00e8o sup th\u00ec \u0111\u00e2y ch\u00ednh l\u00e0 \u0111\u1ecba \u0111i\u1ec3m l\u00fd t\u01b0\u1edfng nh\u1ea5t. B\u1edfi kh\u00f4ng ch\u1ec9 g\u1ea7n v\u1edbi trung t\u00e2m m\u00e0 s\u1ef1 hoang d\u00e3 c\u1ee7a H\u1ed3 Tuy\u1ec1n L\u00e2m c\u00f2n mang l\u1ea1i b\u1ea7u kh\u00f4ng kh\u00ed trong l\u00e0nh \u0111\u1ec3 t\u00e2m h\u1ed3n b\u1ea1n \u0111\u01b0\u1ee3c h\u00f2a quy\u1ec7n v\u00e0o thi\u00ean nhi\u00ean.<\/p>\n<h2 id=\"1-cac-khung-gio-vang-ban-nhat-dinh-phai-biet-de-co-nhung-trai-nghiem-tot-khi-cheo-sup-tai-ho-tuyen-lam\"><span style=\"color: #003300;\"><strong>1. C\u00e1c khung gi\u1edd v\u00e0ng b\u1ea1n nh\u1ea5t \u0111\u1ecbnh ph\u1ea3i bi\u1ebft \u0111\u1ec3 c\u00f3 nh\u1eefng tr\u1ea3i nghi\u1ec7m t\u1ed1t khi ch\u00e8o sup t\u1ea1i h\u1ed3 Tuy\u1ec1n L\u00e2m<\/strong><\/span><\/h2>\n<p>&#8211; Khung gi\u1edd ch\u00e8o sup s\u0103n s\u01b0\u01a1ng l\u00e0 5h30<\/p>\n<p><img decoding=\"async\" class=\"wp-image-29451 size-full aligncenter\" src=\"https:\/\/dalatreview.vn\/wp-content\/uploads\/2023\/05\/335308273_173462985437174_1376517311852040508_n.jpg\" alt=\"\" width=\"960\" height=\"720\"><br \/>\n&#8211; Khung gi\u1edd c\u00f3 n\u1eafng \u0111\u1eb9p nh\u1ea5t l\u00e0 7h00 \u2013 9h30<\/p>\n<p><img decoding=\"async\" class=\"alignnone wp-image-29447 size-full\" src=\"https:\/\/dalatreview.vn\/wp-content\/uploads\/2023\/05\/168437539_112252094303243_6707991321695469865_n.jpg\" alt=\"\" width=\"2048\" height=\"1536\"><br \/>\n&#8211; N\u1ebfu b\u1ea1n l\u00e0 m\u1ed9t ng\u01b0\u1eddi th\u00edch ho\u00e0ng h\u00f4n th\u00ec kh\u00f4ng th\u1ec3 b\u1ecf l\u1ee1 khung gi\u1edd 14h30 \u2013 17h30<\/p>\n<p><img decoding=\"async\" class=\"alignnone wp-image-29455 size-full\" src=\"https:\/\/dalatreview.vn\/wp-content\/uploads\/2023\/05\/341897277_228167273227881_5053502341026869383_n.jpg\" alt=\"ch\u00e8o Sup ho\u00e0ng h\u00f4n\" width=\"720\" height=\"960\" \/><\/p>\n<h2 id=\"2-tour-da-bao-gom\"><span style=\"color: #003300;\"><strong>2. Tour \u0111\u00e3 bao g\u1ed3m<\/strong><\/span><\/h2>\n<p>&#8211; H\u01b0\u1edbng d\u1eabn vi\u00ean vui v\u1ebb nhi\u1ec7t t\u00ecnh ki\u00eam photographer<br \/>\n&#8211; Thuy\u1ec1n sup, \u00e1o phao, b\u1ea3o hi\u1ec3m du l\u1ecbch, c\u00e1c v\u1eadt d\u1ee5ng c\u1ea7n thi\u1ebft,\u2026<br \/>\n&#8211; M\u1ed9t ph\u1ea7n \u0103n nh\u1eb9 g\u1ed3m M\u1ef3 ly v\u00e0 c\u00e0 ph\u00ea<br \/>\n&#8211; Nh\u00e0 v\u1ec7 sinh, nh\u00e0 t\u0103m<\/p>\n<h2 id=\"3-tour-khong-bao-gom\"><span style=\"color: #003300;\"><strong>3. Tour kh\u00f4ng bao g\u1ed3m<\/strong><\/span><\/h2>\n<p>&#8211; Xe \u0111\u01b0a \u0111\u00f3n. Nh\u01b0ng trong tr\u01b0\u1eddng team b\u1ea1n tr\u00ean 4 ng\u01b0\u1eddi v\u00e0 mu\u1ed1n s\u1eed d\u1ee5ng xe \u0111\u01b0a \u0111\u00f3n th\u00ec Camp s\u1ebd h\u1ed7 tr\u1ee3 cho team m\u00ecnh nh\u00e9<br \/>\n&#8211; C\u00e1c chi ph\u00ed kh\u00e1c ngo\u00e0i ch\u01b0\u01a1ng tr\u00ecnh<\/p>\n<p><img decoding=\"async\" class=\"alignnone wp-image-29460 size-full\" src=\"https:\/\/dalatreview.vn\/wp-content\/uploads\/2023\/05\/z4266778955051_064404993bfdd38b7a53af042ea6a28f.jpg\" alt=\"\" width=\"1920\" height=\"2560\"><\/p>\n<h2 id=\"4-gia-tour-cheo-sup-ho-tuyen-lam\"><span style=\"color: #003300;\"><strong>4. Gi\u00e1 tour ch\u00e8o sup h\u1ed3 Tuy\u1ec1n L\u00e2m<\/strong><\/span><\/h2>\n<p>&#8211; Kh\u00f4ng s\u1eed d\u1ee5ng BBQ: 400.000 vn\u0111\/ng\u01b0\u1eddi<br \/>\n&#8211; S\u1eed d\u1ee5ng BBQ: 650.000 vn\u0111\/ng\u01b0\u1eddi<br \/>\nMenu BBQ g\u1ed3m:<br \/>\n&#8211; C\u01a1m lam<br \/>\n&#8211; Heo n\u01b0\u1edbng t\u00e2y nguy\u00ean<br \/>\n&#8211; G\u00e0 n\u01b0\u1edbng<br \/>\n&#8211; Salat tr\u1ed9n<br \/>\n&#8211; Ch\u00e1o g\u00e0<br \/>\n&#8211; Khoai Lang<br \/>\n&#8211; B\u1eafp n\u01b0\u1edbng<br \/>\n&#8211; R\u01b0\u1ee3u c\u1ea7n\/vang \u0110\u00e0 L\u1ea1t<br \/>\n&#8211; Tr\u00e1i c\u00e2y tr\u00e1ng mi\u1ec7ng<\/p>\n<p><img decoding=\"async\" class=\"alignnone wp-image-29465 size-full\" src=\"https:\/\/dalatreview.vn\/wp-content\/uploads\/2023\/05\/z4355921579750_77cd95a34a16daaafbe2168ae6a3746a.jpg\" alt=\"\" width=\"1279\" height=\"736\"><\/p>\n<h2 id=\"5-thong-tin-lien-he\"><span style=\"color: #003300;\"><strong>5. Th\u00f4ng tin li\u00ean h\u1ec7<\/strong><\/span><\/h2>\n<p>Hotline\/Zalo: 0968 249 297<br \/>\nFacebook: <a href=\"https:\/\/www.facebook.com\/CampingArtDaLat\" target=\"_blank\" rel=\"noopener\">Camping Art \u0110\u00e0 L\u1ea1t<\/a><\/p>","protected":false},"excerpt":{"rendered":"<p>Danh m\u1ee5c ch\u00ednh TOUR CH\u00c8O SUP H\u1ed2 TUY\u1ec0N L\u00c2M 1. C\u00e1c khung gi\u1edd v\u00e0ng b\u1ea1n nh\u1ea5t \u0111\u1ecbnh ph\u1ea3i bi\u1ebft \u0111\u1ec3 c\u00f3 nh\u1eefng tr\u1ea3i nghi\u1ec7m t\u1ed1t khi ch\u00e8o sup t\u1ea1i h\u1ed3 Tuy\u1ec1n L\u00e2m 2. Tour \u0111\u00e3 bao g\u1ed3m 3. Tour kh\u00f4ng bao g\u1ed3m 4. Gi\u00e1 tour ch\u00e8o sup h\u1ed3 Tuy\u1ec1n L\u00e2m 5. Th\u00f4ng tin li\u00ean h\u1ec7 [&hellip;]<\/p>","protected":false},"featured_media":29446,"comment_status":"open","ping_status":"closed","template":"","meta":{"_acf_changed":false,"rank_math_lock_modified_date":false},"product_cat":[28,2344],"product_tag":[],"acf":[],"_links":{"self":[{"href":"https:\/\/dalatreview.vn\/en\/wp-json\/wp\/v2\/product\/29417"}],"collection":[{"href":"https:\/\/dalatreview.vn\/en\/wp-json\/wp\/v2\/product"}],"about":[{"href":"https:\/\/dalatreview.vn\/en\/wp-json\/wp\/v2\/types\/product"}],"replies":[{"embeddable":true,"href":"https:\/\/dalatreview.vn\/en\/wp-json\/wp\/v2\/comments?post=29417"}],"wp:featuredmedia":[{"embeddable":true,"href":"https:\/\/dalatreview.vn\/en\/wp-json\/wp\/v2\/media\/29446"}],"wp:attachment":[{"href":"https:\/\/dalatreview.vn\/en\/wp-json\/wp\/v2\/media?parent=29417"}],"wp:term":[{"taxonomy":"product_cat","embeddable":true,"href":"https:\/\/dalatreview.vn\/en\/wp-json\/wp\/v2\/product_cat?post=29417"},{"taxonomy":"product_tag","embeddable":true,"href":"https:\/\/dalatreview.vn\/en\/wp-json\/wp\/v2\/product_tag?post=29417"}],"curies":[{"name":"wp","href":"https:\/\/api.w.org\/{rel}","templated":true}]}}