
{"id":27858,"date":"2023-03-30T16:55:10","date_gmt":"2023-03-30T09:55:10","guid":{"rendered":"https:\/\/dalatreview.vn\/?p=27858"},"modified":"2024-07-11T08:47:36","modified_gmt":"2024-07-11T01:47:36","slug":"villa-ho-tuyen-lam-da-lat-06-phong","status":"publish","type":"product","link":"https:\/\/dalatreview.vn\/en\/villa-ho-tuyen-lam-da-lat-06-phong.html","title":{"rendered":"Villa H\u1ed3 Tuy\u1ec1n L\u00e2m \u0110\u00e0 L\u1ea1t 06 Ph\u00f2ng"},"content":{"rendered":"<nav class=\"vietrick-auto-toc\">\n<div class=\"box-title\">\n<h3 class=\"toc-title\" id=\"select-menu\">Danh m\u1ee5c ch\u00ednh<\/h3>\n<div><ion-icon name=\"chevron-up-outline\"><\/ion-icon><\/div>\n<\/div>\n<ul class=\"toc-list\"><\/ul>\n<li><a href='https:\/\/dalatreview.vn\/en#villa-ho-tuyen-lam-da-lat-06-phong' class='heading-h1 toc-link smooth-scroll'>Villa H\u1ed3 Tuy\u1ec1n L\u00e2m \u0110\u00e0 L\u1ea1t 06 Ph\u00f2ng<\/a>\n<ul>\n<li><a href='https:\/\/dalatreview.vn\/en#1-vi-tri' class='heading-h2 toc-link smooth-scroll'>1. V\u1ecb tr\u00ed<\/a>\n<li><a href='https:\/\/dalatreview.vn\/en#2-decor' class='heading-h2 toc-link smooth-scroll'>2. Decor<\/a>\n<li><a href='https:\/\/dalatreview.vn\/en#3-dich-vu-tien-nghi' class='heading-h2 toc-link smooth-scroll'>3. D\u1ecbch v\u1ee5 &amp; Ti\u1ec7n nghi<\/a>\n<li><a href='https:\/\/dalatreview.vn\/en#4-gia-phong' class='heading-h2 toc-link smooth-scroll'>4.\u00a0Gi\u00e1 ph\u00f2ng<\/a>\n<li><a href='https:\/\/dalatreview.vn\/en#5-lien-he' class='heading-h2 toc-link smooth-scroll'>5. Li\u00ean h\u1ec7<\/a><\/ul>\n<\/ul>\n<\/li>\n<\/ul>\n<\/nav>\n<h1 style=\"text-align: center;\" id=\"villa-ho-tuyen-lam-da-lat-06-phong\"><span style=\"color: #003300;\"><strong>Villa H\u1ed3 Tuy\u1ec1n L\u00e2m \u0110\u00e0 L\u1ea1t 06 Ph\u00f2ng<\/strong><\/span><\/h1>\n<h2 id=\"1-vi-tri\"><span style=\"color: #003300;\"><strong>1. V\u1ecb tr\u00ed<\/strong><\/span><\/h2>\n<p>Villa t\u1ecda l\u1ea1c t\u1ea1i \u0111\u01b0\u1eddng Hoa H\u1ed3ng, khu H\u1ed3 Tuy\u1ec1n L\u00e2m, TP \u0110\u00e0 L\u1ea1t.<\/p>\n<p>C\u00e1ch ch\u1ee3 7-10 ph\u00fat ch\u1ea1y xe, c\u00e1ch xa trung t\u00e2m kho\u1ea3ng 6km, y\u00ean t\u0129nh, v\u1eafng v\u1ebb, th\u00edch h\u1ee3p \u0111\u1ec3 c\u00e1c gia \u0111\u00ecnh l\u1ef1a ch\u1ecdn l\u00e0m chuy\u1ebfn ngh\u1ec9 d\u01b0\u1ee1ng, F5 l\u1ea1i n\u0103ng l\u01b0\u1ee3ng.<\/p>\n<p>Xung quanh h\u1ed3 Tuy\u1ec1n L\u00e2m c\u0169ng c\u00f3 nhi\u1ec1u \u0111\u1ecba \u0111i\u1ec3m check in \u0111\u1eb9p, cafe, \u0103n u\u1ed1ng nh\u00e0 h\u00e0ng BBQ qu\u00e1n n\u01b0\u1edbng view h\u1ed3 \u0111\u1eb9p th\u01a1 m\u1ed9ng.<\/p>\n<p>\u1ede \u0111\u00e2y giao th\u00f4ng thu\u1eadn ti\u1ec7n, con ng\u01b0\u1eddi hi\u1ebfu kh\u00e1ch, thi\u00ean nhi\u00ean l\u1ea1i nao \u0111\u1ed9ng l\u00f2ng ng\u01b0\u1eddi n\u1eefa \u0111\u1ea5y.<\/p>\n<p><img decoding=\"async\" class=\"aligncenter wp-image-27863 size-full\" src=\"https:\/\/dalatreview.vn\/wp-content\/uploads\/2023\/03\/2611f5d6ae9f72c12b8e.jpg\" alt=\"Villa H\u1ed3 Tuy\u1ec1n L\u00e2m \u0110\u00e0 L\u1ea1t 06 Ph\u00f2ng\" width=\"1536\" height=\"2048\" \/><\/p>\n<h2 id=\"2-decor\"><span style=\"color: #003300;\"><strong><span class=\"_4yxo _4yxp\">2. Decor<\/span><\/strong><\/span><\/h2>\n<p>Villa H\u1ed3 Tuy\u1ec1n L\u00e2m c\u00f3 view cao r\u1ea5t \u0111\u1eb9p, t\u1eeb ban c\u00f4ng m\u1ed7i ph\u00f2ng b\u1ea1n c\u00f3 th\u1ec3 ng\u1eafm nh\u00ecn b\u00ecnh minh v\u00e0 ho\u00e0ng h\u00f4n tr\u00ean m\u1eb7t h\u1ed3, th\u01b0\u1edfng th\u1ee9c c\u00e1i \u0111\u1eb9p trong l\u00e0nh c\u1ee7a thi\u00ean nhi\u00ean. \u0110\u1eb7c bi\u1ec7t v\u1ec1 \u0111\u00eam s\u1ebd th\u1ea5y 1 khung c\u1ea3nh th\u01a1 m\u1ed9ng hi\u1ec7n l\u00ean \u0111\u1eb9p v\u00e0 l\u00e3ng m\u1ea1n \u0111\u1ebfn nao l\u00f2ng.<\/p>\n<p>Villa H\u1ed3 Tuy\u1ec1n L\u00e2m c\u00f3 thi\u1ebft k\u1ebf hi\u1ec7n \u0111\u1ea1i, ti\u1ec7n \u00edch \u0111\u1ea7y \u0111\u1ee7. V\u1edbi kh\u00f4ng gian m\u1edf r\u1ed9ng r\u00e3i, \u0111\u00f3n \u00e1nh sang t\u1ef1 nhi\u00ean \u1ea5m \u00e1p t\u1ea1o c\u1ea3m gi\u00e1c quen thu\u1ed9c khi b\u1ea1n \u0111\u1ebfn \u0111\u00e2y l\u1ea7n \u0111\u1ea7u. Ngo\u00e0i ra, villa c\u00f2n \u0111\u01b0\u1ee3c trang b\u1ecb b\u1ed9 n\u1ed9i th\u1ea5t cao c\u1ea5p r\u1ea5t sang tr\u1ecdng. Nhi\u1ec1u g\u00f3c s\u1ed1ng \u1ea3o cho b\u1ea1n v\u00e0 gia \u0111\u00ecnh l\u01b0u l\u1ea1i k\u1ec9 ni\u1ec7m b\u00ean nhau khi \u0111\u1ebfn \u0111\u00e2y ngh\u1ec9 d\u01b0\u1ee1ng.<\/p>\n<p><img decoding=\"async\" class=\"aligncenter wp-image-27866 size-full\" src=\"https:\/\/dalatreview.vn\/wp-content\/uploads\/2023\/03\/b639c1b099f945a71ce897.jpg\" alt=\"Villa H\u1ed3 Tuy\u1ec1n L\u00e2m \u0110\u00e0 L\u1ea1t 06 Ph\u00f2ng\" width=\"2048\" height=\"1536\" \/><\/p>\n<p><img decoding=\"async\" class=\"aligncenter wp-image-27865 size-full\" src=\"https:\/\/dalatreview.vn\/wp-content\/uploads\/2023\/03\/068447a31feac3b49afb110.jpg\" alt=\"Villa H\u1ed3 Tuy\u1ec1n L\u00e2m \u0110\u00e0 L\u1ea1t 06 Ph\u00f2ng\" width=\"2048\" height=\"1536\" \/><\/p>\n<h2 id=\"3-dich-vu-tien-nghi\"><span style=\"color: #003300;\"><strong>3. D\u1ecbch v\u1ee5 &amp; Ti\u1ec7n nghi<\/strong><\/span><\/h2>\n<div class=\"x11i5rnm xat24cr x1mh8g0r x1vvkbs xtlvy1s x126k92a\">\n<p dir=\"auto\">V\u1edbi thi\u1ebft k\u1ebf hi\u1ec7n \u0111\u1ea1i \u0111\u1ed9c \u0111\u00e1o, b\u1eaft m\u1eaft to\u1ea1 l\u1ea1c t\u1ea1i v\u1ecb tr\u00ed trung t\u00e2m Tp. \u0110\u00e0 L\u1ea1t r\u1ea5t thu\u1eadn ti\u1ec7n cho du kh\u00e1ch \u0111i \u0111\u1ebfn ch\u1ee3 \u0111\u00eam hay c\u00e1c \u0111i\u1ec3m check in, th\u01b0\u1edfng th\u1ee9c \u1ea9m th\u1ef1c n\u1ed5i ti\u1ebfng t\u1ea1i Th\u00e0nh Ph\u1ed1 ng\u00e0n th\u00f4ng.<\/p>\n<\/div>\n<div class=\"x11i5rnm xat24cr x1mh8g0r x1vvkbs xtlvy1s x126k92a\">\n<p class=\"x1e56ztr\"><span class=\"x193iq5w xeuugli x13faqbe x1vvkbs x1xmvt09 x6prxxf xvq8zen xo1l8bm xzsf02u\">Villa H\u1ed3 Tuy\u1ec1n L\u00e2m c\u00f3 6 ph\u00f2ng \u0111\u01a1n (12 &#8211; 16 kh\u00e1ch), wc ri\u00eang t\u1eebng ph\u00f2ng.<\/span><\/p>\n<p class=\"x1e56ztr\"><span class=\"x193iq5w xeuugli x13faqbe x1vvkbs x1xmvt09 x6prxxf xvq8zen xo1l8bm xzsf02u\"><span class=\"x3nfvp2 x1j61x8r x1fcty0u xdj266r xhhsvwb xat24cr xgzva0m xxymvpz xlup9mm x1kky2od\"><img decoding=\"async\" src=\"https:\/\/static.xx.fbcdn.net\/images\/emoji.php\/v9\/t85\/1.5\/16\/1f356.png\" alt=\"\ud83c\udf56\" width=\"16\" height=\"16\" \/><\/span>\u00a0S\u00e2n BBQ<\/span><\/p>\n<p class=\"x1e56ztr\"><span class=\"x193iq5w xeuugli x13faqbe x1vvkbs x1xmvt09 x6prxxf xvq8zen xo1l8bm xzsf02u\"><span class=\"x3nfvp2 x1j61x8r x1fcty0u xdj266r xhhsvwb xat24cr xgzva0m xxymvpz xlup9mm x1kky2od\"><img decoding=\"async\" src=\"https:\/\/static.xx.fbcdn.net\/images\/emoji.php\/v9\/t46\/1.5\/16\/1f379.png\" alt=\"\ud83c\udf79\" width=\"16\" height=\"16\" \/><\/span>\u00a0S\u00e2n th\u01b0\u1ee3ng ng\u1eafm view th\u00e0nh ph\u1ed1<\/span><\/p>\n<p class=\"x1e56ztr\"><span class=\"x193iq5w xeuugli x13faqbe x1vvkbs x1xmvt09 x6prxxf xvq8zen xo1l8bm xzsf02u\"><span class=\"x3nfvp2 x1j61x8r x1fcty0u xdj266r xhhsvwb xat24cr xgzva0m xxymvpz xlup9mm x1kky2od\"><img decoding=\"async\" src=\"https:\/\/static.xx.fbcdn.net\/images\/emoji.php\/v9\/t43\/1.5\/16\/1f695.png\" alt=\"\ud83d\ude95\" width=\"16\" height=\"16\" \/><\/span>\u00a0B\u00e3i xe r\u1ed9ng (3 xe 7 ch\u1ed7, v\u00f4 \u0111\u01b0\u1ee3c xe 16 ch\u1ed7)<\/span><\/p>\n<p><img decoding=\"async\" class=\"aligncenter wp-image-27862 size-full\" src=\"https:\/\/dalatreview.vn\/wp-content\/uploads\/2023\/03\/159a8408dc41001f595080.jpg\" alt=\"Villa H\u1ed3 Tuy\u1ec1n L\u00e2m \u0110\u00e0 L\u1ea1t 06 Ph\u00f2ng\" width=\"2048\" height=\"1536\" \/><\/p>\n<p><img decoding=\"async\" class=\"aligncenter wp-image-27861 size-full\" src=\"https:\/\/dalatreview.vn\/wp-content\/uploads\/2023\/03\/36a5a03af873242d7d6291.jpg\" alt=\"Villa H\u1ed3 Tuy\u1ec1n L\u00e2m \u0110\u00e0 L\u1ea1t 06 Ph\u00f2ng\" width=\"2048\" height=\"1536\" \/><\/p>\n<p><img decoding=\"async\" class=\"aligncenter wp-image-27859 size-full\" src=\"https:\/\/dalatreview.vn\/wp-content\/uploads\/2023\/03\/6dfa41681921c57f9c3078.jpg\" alt=\"Villa H\u1ed3 Tuy\u1ec1n L\u00e2m \u0110\u00e0 L\u1ea1t 06 Ph\u00f2ng\" width=\"2048\" height=\"1536\" \/><\/p>\n<hr \/>\n<p>\u2013 \u0110\u1ea7y \u0111\u1ee7 ti\u1ec7n nghi nh\u01b0 \u1edf nh\u00e0. Ph\u00f2ng kh\u00e1ch r\u1ed9ng r\u00e3i, c\u00f3 sofa tivi, t\u1ee7 l\u1ea1nh,.. tha h\u1ed3 sinh ho\u1ea1t chung v\u1edbi nhau.<\/p>\n<p>\u2013 C\u00f3 di\u1ec7n t\u00edch \u0111\u1ec3 n\u01b0\u1edbng BBQ ngo\u00e0i tr\u1eddi v\u1eeba \u0103n v\u1eeba ng\u1eafm c\u1ea3nh v\u1ec1 \u0111\u00eam.<\/p>\n<p>\u2013 C\u00f3 ch\u1ed7 \u0111\u1eadu xe m\u00e1y, xe h\u01a1i an to\u00e0n mi\u1ec5n ph\u00ed.<\/p>\n<p>\u2013 Y\u00ean t\u0129nh, an ninh 24\/24, s\u1ea1ch s\u1ebd, tho\u00e1ng m\u00e1t, view thi\u00ean nhi\u00ean si\u00eau \u0111\u1eb9p.<\/p>\n<p>\u2013 B\u1ebfp t\u1ef1 do n\u1ea5u n\u01b0\u1edbng \u0111\u1ea7y \u0111\u1ee7 d\u1ee5ng c\u1ee5 v\u00e0 gia v\u1ecb.<\/p>\n<p>\u2013 Ch\u00eca kho\u00e1 trao tay tha h\u1ed3 ri\u00eang t\u01b0<\/p>\n<p><img decoding=\"async\" class=\"aligncenter wp-image-27860 size-full\" src=\"https:\/\/dalatreview.vn\/wp-content\/uploads\/2023\/03\/6f0e5f8307cadb9482db82.jpg\" alt=\"Villa H\u1ed3 Tuy\u1ec1n L\u00e2m \u0110\u00e0 L\u1ea1t 06 Ph\u00f2ng\" width=\"2048\" height=\"1536\" \/><\/p>\n<h2 id=\"4-gia-phong\"><span style=\"color: #003300;\"><strong><span class=\"_4yxo\">4.<\/span>\u00a0Gi\u00e1 ph\u00f2ng<\/strong><\/span><\/h2>\n<p class=\"x1e56ztr\"><span class=\"x193iq5w xeuugli x13faqbe x1vvkbs x1xmvt09 x6prxxf xvq8zen xo1l8bm xzsf02u\"><span class=\"x3nfvp2 x1j61x8r x1fcty0u xdj266r xhhsvwb xat24cr xgzva0m xxymvpz xlup9mm x1kky2od\"><img decoding=\"async\" src=\"https:\/\/static.xx.fbcdn.net\/images\/emoji.php\/v9\/t5\/1.5\/16\/1f4cc.png\" alt=\"\ud83d\udccc\" width=\"16\" height=\"16\" \/><\/span> V\u1ecb tr\u00ed: H\u1ed3 Tuy\u1ec1n L\u00e2m. C\u00e1ch ch\u1ee3 \u0110\u00e0 L\u1ea1t 6km.<\/span><\/p>\n<p>Li\u00ean h\u1ec7 ngay \u0111\u1ec3 nh\u1eadn \u0111\u01b0\u1ee3c b\u00e1o gi\u00e1 t\u1ed1t nh\u1ea5t.<\/p>\n<h2 id=\"5-lien-he\"><span style=\"color: #003300;\"><strong>5. Li\u00ean h\u1ec7<\/strong><\/span><\/h2>\n<p>S\u0110T\/Zalo: 0968 249 297 &#8211; <a href=\"https:\/\/zalo.me\/0968249297\" target=\"_blank\" rel=\"noopener\">Li\u00ean h\u1ec7 ngay \u0111\u1ec3 \u0111\u01b0\u1ee3c t\u01b0 v\u1ea5n<\/a><\/p>\n<p>Xem th\u00eam c\u00e1c b\u00e0i vi\u1ebft kh\u00e1c t\u1ea1i: <a href=\"https:\/\/dalatreview.vn\/en\/cho-nghi\/villa\/\">Villa \u0110\u00e0 L\u1ea1t <\/a><\/p>\n<\/div>","protected":false},"excerpt":{"rendered":"<p>Danh m\u1ee5c ch\u00ednh Villa H\u1ed3 Tuy\u1ec1n L\u00e2m \u0110\u00e0 L\u1ea1t 06 Ph\u00f2ng 1. V\u1ecb tr\u00ed 2. Decor 3. D\u1ecbch v\u1ee5 &amp; Ti\u1ec7n nghi 4.\u00a0Gi\u00e1 ph\u00f2ng 5. Li\u00ean h\u1ec7 Villa H\u1ed3 Tuy\u1ec1n L\u00e2m \u0110\u00e0 L\u1ea1t 06 Ph\u00f2ng 1. V\u1ecb tr\u00ed Villa t\u1ecda l\u1ea1c t\u1ea1i \u0111\u01b0\u1eddng Hoa H\u1ed3ng, khu H\u1ed3 Tuy\u1ec1n L\u00e2m, TP \u0110\u00e0 L\u1ea1t. C\u00e1ch ch\u1ee3 7-10 [&hellip;]<\/p>","protected":false},"featured_media":27863,"comment_status":"open","ping_status":"closed","template":"","meta":{"_acf_changed":false,"rank_math_lock_modified_date":false},"product_cat":[29,2262,45],"product_tag":[],"acf":[],"_links":{"self":[{"href":"https:\/\/dalatreview.vn\/en\/wp-json\/wp\/v2\/product\/27858"}],"collection":[{"href":"https:\/\/dalatreview.vn\/en\/wp-json\/wp\/v2\/product"}],"about":[{"href":"https:\/\/dalatreview.vn\/en\/wp-json\/wp\/v2\/types\/product"}],"replies":[{"embeddable":true,"href":"https:\/\/dalatreview.vn\/en\/wp-json\/wp\/v2\/comments?post=27858"}],"wp:featuredmedia":[{"embeddable":true,"href":"https:\/\/dalatreview.vn\/en\/wp-json\/wp\/v2\/media\/27863"}],"wp:attachment":[{"href":"https:\/\/dalatreview.vn\/en\/wp-json\/wp\/v2\/media?parent=27858"}],"wp:term":[{"taxonomy":"product_cat","embeddable":true,"href":"https:\/\/dalatreview.vn\/en\/wp-json\/wp\/v2\/product_cat?post=27858"},{"taxonomy":"product_tag","embeddable":true,"href":"https:\/\/dalatreview.vn\/en\/wp-json\/wp\/v2\/product_tag?post=27858"}],"curies":[{"name":"wp","href":"https:\/\/api.w.org\/{rel}","templated":true}]}}