
{"id":27808,"date":"2023-03-30T10:20:52","date_gmt":"2023-03-30T03:20:52","guid":{"rendered":"https:\/\/dalatreview.vn\/?p=27808"},"modified":"2024-07-16T11:36:56","modified_gmt":"2024-07-16T04:36:56","slug":"top-3-dia-diem-cam-trai-san-may-da-lat","status":"publish","type":"product","link":"https:\/\/dalatreview.vn\/en\/top-3-dia-diem-cam-trai-san-may-da-lat.html","title":{"rendered":"Top 3 \u0111\u1ecba \u0111i\u1ec3m c\u1eafm tr\u1ea1i s\u0103n m\u00e2y \u0110\u00e0 L\u1ea1t \u0111\u1eb9p nao l\u00f2ng"},"content":{"rendered":"<p style=\"text-align: center;\"><span style=\"font-size: 36px;\"><strong><span style=\"font-family: arial, helvetica, sans-serif; color: #003366;\">Top 3 \u0111\u1ecba \u0111i\u1ec3m c\u1eafm tr\u1ea1i s\u0103n m\u00e2y \u0110\u00e0 L\u1ea1t \u0111\u1eb9p nao l\u00f2ng<\/span><\/strong><\/span><\/p>\n<nav class=\"vietrick-auto-toc\">\n<div class=\"box-title\">\n<h3 class=\"toc-title\" id=\"select-menu\">Danh m\u1ee5c ch\u00ednh<\/h3>\n<div><ion-icon name=\"chevron-up-outline\"><\/ion-icon><\/div>\n<\/div>\n<ul class=\"toc-list\">\n<li><a href='https:\/\/dalatreview.vn\/en#tour-cam-trai-san-may-doi-thien-phuc-duc' class='heading-h2 toc-link smooth-scroll'>Tour c\u1eafm tr\u1ea1i s\u0103n m\u00e2y \u0111\u1ed3i Thi\u00ean Ph\u00fac \u0110\u1ee9c<\/a>\n<li><a href='https:\/\/dalatreview.vn\/en#tour-cam-trai-san-may-doi-che-cau-dat' class='heading-h2 toc-link smooth-scroll'>Tour c\u1eafm tr\u1ea1i s\u0103n m\u00e2y \u0111\u1ed3i ch\u00e8 C\u1ea7u \u0110\u1ea5t<\/a>\n<li><a href='https:\/\/dalatreview.vn\/en#tour-cam-trai-san-may-view-thung-lung-o-xuan-tho' class='heading-h2 toc-link smooth-scroll'>Tour c\u1eafm tr\u1ea1i s\u0103n m\u00e2y view thung l\u0169ng \u1edf Xu\u00e2n Th\u1ecd\u00a0<\/a>\n<li><a href='https:\/\/dalatreview.vn\/en#thong-tin-lien-he' class='heading-h2 toc-link smooth-scroll'>Contact information<\/a><\/ul>\n<\/ul>\n<\/li>\n<\/ul>\n<\/nav>\n<h2 id=\"tour-cam-trai-san-may-doi-thien-phuc-duc\"><strong><span style=\"font-size: 24px; font-family: arial, helvetica, sans-serif; color: #003366;\">Tour c\u1eafm tr\u1ea1i s\u0103n m\u00e2y \u0111\u1ed3i Thi\u00ean Ph\u00fac \u0110\u1ee9c<\/span><\/strong><\/h2>\n<p><span style=\"font-size: 16px; font-family: arial, helvetica, sans-serif;\"><strong>Tour c\u1eafm tr\u1ea1i S\u0103n m\u00e2y<\/strong>\u00a0to\u1ea1 l\u1ea1c t\u1ea1i Ph\u01b0\u1edbc L\u00e0nh, th\u00e0nh ph\u1ed1 \u0110\u00e0 L\u1ea1t, n\u01a1i c\u00f3 \u0111\u1ed3i Thi\u00ean Ph\u00fac \u0110\u1ee9c \u2013 m\u1ed9t trong nh\u1eefng \u0111\u1ecba \u0111i\u1ec3m s\u0103n m\u00e2y c\u1ef1c ph\u1ea9m kh\u00f4ng ai l\u00e0 kh\u00f4ng bi\u1ebft \u0111\u1ebfn.<\/span><\/p>\n<p><span style=\"font-size: 16px; font-family: arial, helvetica, sans-serif;\">T\u1ea1i \u0111\u00e2y b\u1ea1n c\u00f3 th\u1ec3 h\u00f2a m\u00ecnh c\u00f9ng thi\u00ean nhi\u00ean, gi\u1eefa r\u1eebng th\u00f4ng b\u00e1t ng\u00e0n. C\u00f9ng b\u1ea1n b\u00e8, ng\u01b0\u1eddi th\u00e2n t\u1eadn h\u01b0\u1edfng nh\u1eefng kho\u1ea3nh kh\u1eafc v\u00e0o m\u1ed7i bu\u1ed5i ho\u00e0ng h\u00f4n hay s\u00e1ng th\u1ee9c d\u1eady v\u1edbi c\u00e1i l\u1ea1nh 10-12\u00b0C , c\u00f9ng ng\u1eafm b\u00ecnh minh, s\u0103n m\u00e2y hay nh\u1eefng d\u1ea3i s\u01b0\u01a1ng m\u00f9 gi\u0103ng k\u00edn c\u1ea3 khu r\u1eebng.<\/span><\/p>\n<p><img decoding=\"async\" class=\"alignnone wp-image-27816 size-full\" src=\"https:\/\/dalatreview.vn\/wp-content\/uploads\/2023\/03\/z4223074713837_e92de6338c182b05092278f15de5536d.jpg\" alt=\"\" width=\"1536\" height=\"2048\"><\/p>\n<p><span style=\"font-size: 16px; font-family: arial, helvetica, sans-serif;\">\u1ede\u00a0<strong>Tour c\u1eafm tr\u1ea1i S\u0103n m\u00e2y \u0111\u1ed3i Thi\u00ean Ph\u00fac \u0110\u1ee9c\u00a0<\/strong>c\u00f3 \u0111a d\u1ea1ng c\u00e1c lo\u1ea1i l\u1ec1u kh\u00e1c nhau, ph\u00f9 h\u1ee3p \u0111i theo c\u1eb7p \u0111\u00f4i, nh\u00f3m b\u1ea1n hay gia \u0111\u00ecnh.<\/span><\/p>\n<p><span style=\"font-size: 16px; font-family: arial, helvetica, sans-serif;\">B\u00ean trong l\u1ec1u \u0111\u01b0\u1ee3c decor r\u1ea5t \u0111\u1eb9p chu\u1ea9n phong c\u00e1ch B\u1eafc \u00c2u, \u0111\u1ea7y \u0111\u1ee7 ti\u1ec7n nghi. L\u1ec1u to s\u1ebd \u0111\u1ee7 ch\u1ed7 n\u1ebfu b\u1ea1n \u0111i v\u1edbi gia \u0111\u00ecnh hay nh\u00f3m b\u1ea1n \u0111\u1ea5y.<\/span><\/p>\n<p><img decoding=\"async\" class=\"alignnone wp-image-27815 size-full\" src=\"https:\/\/dalatreview.vn\/wp-content\/uploads\/2023\/03\/z4089922007030_34fadd3bbe3453f9abb5103907c58389-1.jpg\" alt=\"\" width=\"2048\" height=\"1234\"><\/p>\n<p><span style=\"font-size: 16px; font-family: arial, helvetica, sans-serif;\">\u0110\u1ebfn v\u1edbi\u00a0<strong>Tour c\u1eafm tr\u1ea1i S\u0103n m\u00e2y \u0111\u1ed3i Thi\u00ean Ph\u00fac \u0110\u1ee9c<\/strong>\u00a0b\u1ea1n s\u1ebd \u0111\u01b0\u1ee3c tr\u1ea3i nghi\u1ec7m nh\u1eefng ho\u1ea1t \u0111\u1ed9ng sau:<\/span><\/p>\n<p><span style=\"font-size: 16px; font-family: arial, helvetica, sans-serif;\">+ Ng\u1eafm ho\u00e0ng h\u00f4n d\u1ea7n bu\u00f4ng tr\u00ean \u0111\u1ec9nh \u0111\u1ed3i<\/span><\/p>\n<p><span style=\"font-size: 16px; font-family: arial, helvetica, sans-serif;\">+ C\u1ea3m nh\u1eadn nh\u1eefng m\u00f3n \u0103n ngon t\u1ea1i ti\u1ec7c BBQ t\u1ed1i<\/span><\/p>\n<p><span style=\"font-size: 16px; font-family: arial, helvetica, sans-serif;\">+ Th\u1ee9c d\u1eady cu\u1ed9n ch\u0103n ng\u1eafm m\u00e2y t\u1ea1i l\u1ec1u m\u00e0 kh\u00f4ng c\u1ea7n \u0111i \u0111\u00e2u xa<\/span><\/p>\n<p><span style=\"font-size: 16px; font-family: arial, helvetica, sans-serif;\">+ Th\u01b0\u1edfng th\u1ee9c b\u1eefa s\u00e1ng, tr\u00e0 v\u00e0 nh\u1eefng ly c\u00e0 ph\u00ea n\u00f3ng<\/span><\/p>\n<p><strong><span style=\"font-size: 16px; font-family: arial, helvetica, sans-serif;\">Gi\u00e1 ch\u1ec9 750,000\/ kh\u00e1ch<\/span><\/strong><\/p>\n<p><img decoding=\"async\" class=\"aligncenter wp-image-27574 size-full\" src=\"https:\/\/dalatreview.vn\/wp-content\/uploads\/2023\/03\/328344298_3187551524817403_6680041068285972223_n.jpg\" alt=\"Top 3 \u0111\u1ecba \u0111i\u1ec3m c\u1eafm tr\u1ea1i s\u0103n m\u00e2y \u0110\u00e0 L\u1ea1t \u0111\u1eb9p nao l\u00f2ng\" width=\"1215\" height=\"841\" \/><\/p>\n<h2 id=\"tour-cam-trai-san-may-doi-che-cau-dat\"><span style=\"color: #003366;\"><strong><span style=\"font-size: 24px; font-family: arial, helvetica, sans-serif;\">Tour c\u1eafm tr\u1ea1i s\u0103n m\u00e2y \u0111\u1ed3i ch\u00e8 C\u1ea7u \u0110\u1ea5t<\/span><\/strong><\/span><\/h2>\n<p><span style=\"font-size: 16px; font-family: arial, helvetica, sans-serif;\">\u0110\u1ed5i mood cho c\u00e1c camp-ers mu\u1ed1n \u0111i C\u1eafm tr\u1ea1i nh\u01b0ng l\u1ea1i c\u00f3 \u201ct\u1ea5t t\u1ea7n t\u1eadt\u201d kh\u1ecfi ph\u1ea3i lo mang v\u00e1c l\u1ec1u tr\u1ea1i hay \u0111i \u0111\u00e2u xa, c\u0169ng ch\u1eb3ng thi\u1ebfu th\u00fa vui. Th\u00ec ch\u1ec9 c\u00f3 \u1ee5n xe t\u1edbi n\u01a1i th\u00f4iii b\u1ea1n \u01a1i\u00a0<\/span><\/p>\n<p><span style=\"font-size: 16px; font-family: arial, helvetica, sans-serif;\">Nh\u1eefng chi\u1ebfc L\u1ec0U size L\u1edaN t\u1eeb 13 \u2013 24m2 \u0111\u01b0\u1ee3c b\u1ed1 tr\u00ed \u0111\u1ed1i di\u1ec7n THUNG L\u0168NG M\u00c2Y \u0111\u01b0\u1ee3c trang b\u1ecb \u0111\u1ea7y \u0111\u1ee7 gi\u01b0\u1eddng ng\u1ee7, n\u1ed9i th\u1ea5t c\u01a1 b\u1ea3n sang ch\u1ea3nh. <\/span><\/p>\n<p><span style=\"font-size: 16px; font-family: arial, helvetica, sans-serif;\">Khu nh\u00e0 v\u1ec7 sinh \u1ed1p g\u1ed7 x\u1ecbn x\u00f2 s\u1ea1ch s\u1ebd, \u0111\u1ea7y \u0111\u1ee7 ti\u1ec7n l\u1ee3i, trang b\u1ecb m\u00e1y t\u1eafm n\u01b0\u1edbc n\u00f3ng ngay trong khu tr\u1ea1i.<\/span><\/p>\n<p><img decoding=\"async\" class=\"alignnone wp-image-27822 size-full\" src=\"https:\/\/dalatreview.vn\/wp-content\/uploads\/2023\/03\/z4223075595382_6445a6ac513ca0e7a56a683f58b3d71e.jpg\" alt=\"\" width=\"2048\" height=\"1366\"><\/p>\n<p><span style=\"font-size: 16px; font-family: arial, helvetica, sans-serif;\"><strong>C\u1eafm tr\u1ea1i s\u0103n m\u00e2y \u0111\u1ed3i ch\u00e8 C\u1ea7u \u0110\u1ea5t<\/strong> \u0111ang \u00e1p d\u1ee5ng \u0111\u1ed3ng th\u1eddi \u01b0u \u0111\u00e3i gi\u00e1 nh\u00f3m:\u00a0\u201c\u0110I C\u00c0NG \u0110\u00d4NG C\u00c0NG R\u1eba\u201d v\u00e0 \u01afu \u0111\u00e3i t\u1eb7ng \u201cTh\u1ebb d\u1ecbch v\u1ee5 mi\u1ec5n ph\u00ed tham quan\u201d<\/span><\/p>\n<p><span style=\"font-size: 16px; font-family: arial, helvetica, sans-serif;\"><strong>Ch\u1ec9 t\u1eeb 1.100.000 vn\u0111\/ ng\u01b0\u1eddi, d\u1ecbch v\u1ee5 tr\u1ecdn g\u00f3i bao g\u1ed3m:<\/strong><\/span><\/p>\n<p><span style=\"font-size: 16px; font-family: arial, helvetica, sans-serif;\">L\u01b0u tr\u00fa l\u1ec1u tr\u1ea1i cao c\u1ea5p<\/span><\/p>\n<p><span style=\"font-size: 16px; font-family: arial, helvetica, sans-serif;\">Welcome drink<\/span><\/p>\n<p><span style=\"font-size: 16px; font-family: arial, helvetica, sans-serif;\">Ti\u1ec7c BBQ t\u1ed1i 7-8 m\u00f3n (c\u00f3 refill)<\/span><\/p>\n<p><span style=\"font-size: 16px; font-family: arial, helvetica, sans-serif;\">b\u1eefa s\u00e1ng k\u00e8m n\u01b0\u1edbc<\/span><\/p>\n<p><span style=\"font-size: 16px; font-family: arial, helvetica, sans-serif;\">n\u01b0\u1edbc su\u1ed1i 500ml\/pax\u00a0<\/span><\/p>\n<p><span style=\"font-size: 16px; font-family: arial, helvetica, sans-serif;\">B\u00e3i \u0111\u1ed7 xe r\u1ed9ng r\u00e3i, thu\u1eadn ti\u1ec7n<\/span><\/p>\n<p><span style=\"font-size: 16px; font-family: arial, helvetica, sans-serif;\">Nh\u00e2n vi\u00ean si\u00eau nhi\u1ec7t t\u00ecnh<\/span><\/p>\n<p><img decoding=\"async\" class=\"aligncenter wp-image-27820 size-full\" src=\"https:\/\/dalatreview.vn\/wp-content\/uploads\/2023\/03\/22-1.jpg\" alt=\"Top 3 \u0111\u1ecba \u0111i\u1ec3m c\u1eafm tr\u1ea1i s\u0103n m\u00e2y \u0110\u00e0 L\u1ea1t \u0111\u1eb9p nao l\u00f2ng\" width=\"1440\" height=\"960\" \/><\/p>\n<p><span style=\"font-size: 16px; font-family: arial, helvetica, sans-serif;\"><strong>\u0110\u1eb7c bi\u1ec7t \u01b0u \u0111\u00e3i khi l\u01b0u tr\u00fa t\u1ea1i \u0111\u00e2y b\u1ea1n s\u1ebd \u0111\u01b0\u1ee3c mi\u1ec5n ph\u00ed c\u00e1c \u0111i\u1ec3m tham quan du l\u1ecbch n\u1ed5i ti\u1ebfng b\u1eadc nh\u1ea5t t\u1ea1i \u0110\u00e0 L\u1ea1t <\/strong><strong>T\u1ed4NG \u01afU \u0110\u00c3I L\u00caN \u0110\u1ebeN H\u01a0N: 420.000 vn\u0111<\/strong><\/span><\/p>\n<p><span style=\"font-size: 16px; font-family: arial, helvetica, sans-serif;\">C\u1ed4NG TR\u1edcI BALI<\/span><\/p>\n<p><span style=\"font-size: 16px; font-family: arial, helvetica, sans-serif;\">Ng\u00f4i nh\u00e0 nh\u1ecf tr\u00ean Th\u1ea3o Nguy\u00ean<\/span><\/p>\n<p><span style=\"font-size: 16px; font-family: arial, helvetica, sans-serif;\">KDL SU\u1ed0I M\u01a0<\/span><\/p>\n<p><span style=\"font-size: 16px; font-family: arial, helvetica, sans-serif;\">THI\u00caN \u0110\u01af\u1edcNG S\u0102N M\u00c2Y C\u1ea6U \u0110\u1ea4T<\/span><\/p>\n<p><span style=\"font-size: 16px; font-family: arial, helvetica, sans-serif;\">\u0110\u1ed2I CH\u00c8 v\u00e0 TUABIN \u0110I\u1ec6N GI\u00d3<\/span><\/p>\n<p><span style=\"font-size: 16px; font-family: arial, helvetica, sans-serif;\"><strong>Gi\u00e1 t\u1eeb 1,100,000\/ kh\u00e1ch\u00a0<\/strong><\/span><\/p>\n<p><img decoding=\"async\" class=\"aligncenter wp-image-27823 size-full\" src=\"https:\/\/dalatreview.vn\/wp-content\/uploads\/2023\/03\/17-1.jpg\" alt=\"Top 3 \u0111\u1ecba \u0111i\u1ec3m c\u1eafm tr\u1ea1i s\u0103n m\u00e2y \u0110\u00e0 L\u1ea1t \u0111\u1eb9p nao l\u00f2ng\" width=\"2048\" height=\"1364\" \/><\/p>\n<h2 id=\"tour-cam-trai-san-may-view-thung-lung-o-xuan-tho\"><span style=\"color: #003366;\"><strong><span style=\"font-size: 24px; font-family: arial, helvetica, sans-serif;\">Tour c\u1eafm tr\u1ea1i s\u0103n m\u00e2y view thung l\u0169ng \u1edf Xu\u00e2n Th\u1ecd\u00a0<\/span><\/strong><\/span><\/h2>\n<p><span style=\"font-size: 16px; font-family: arial, helvetica, sans-serif;\">\u0110i c\u1eafm tr\u1ea1i nh\u01b0ng ng\u1ea1i ch\u1edd wc chung \u0111\u00f4ng \u0111\u00fac? T\u1ea1i Tour c\u1eafm tr\u1ea1i Xu\u00e2n Th\u1ecd m\u1ed7i l\u1ec1u \u0111\u1ec1u c\u00f3 wc ri\u00eang view thi\u00ean nhi\u00ean, b\u1ed3n t\u1eafm s\u1ed1ng \u1ea3o c\u1ef1c ch\u1ea5t.<\/span><\/p>\n<p><img decoding=\"async\" class=\"alignnone wp-image-27826 size-full\" src=\"https:\/\/dalatreview.vn\/wp-content\/uploads\/2023\/03\/z4088085173456_a199e871b8ef1e4b62e1f3ee7083a695.jpg\" alt=\"\" width=\"2048\" height=\"1310\"><\/p>\n<p><span style=\"font-size: 16px; font-family: arial, helvetica, sans-serif;\"><span class=\"text\">Chi ph\u00ed TR\u1eccN G\u00d3I 1 \u0110\u00caM gi\u00e1 t\u1eeb 1,100,000\/ kh\u00e1ch bao g\u1ed3m:<\/span><\/span><\/p>\n<p><span style=\"font-size: 16px; font-family: arial, helvetica, sans-serif;\"><span class=\"text\">Tr\u1ea3i nghi\u1ec7m ngh\u1ec9 d\u01b0\u1ee1ng t\u1ea1i l\u1ec1u hai gi\u01b0\u1eddng size KING<\/span><\/span><\/p>\n<p><span style=\"font-size: 16px; font-family: arial, helvetica, sans-serif;\">WC ri\u00eang bi\u1ec7t c\u00f9ng b\u1ed3n t\u1eafm ngo\u00e0i tr\u1eddi<\/span><\/p>\n<p><span style=\"font-size: 16px; font-family: arial, helvetica, sans-serif;\"><span class=\"x3nfvp2 x1j61x8r x1fcty0u xdj266r xhhsvwb xat24cr xgzva0m xxymvpz xlup9mm x1kky2od\">T<\/span>i\u1ec7c BBQ bu\u1ed5i t\u1ed1i c\u00f9ng SET MENU 9 M\u00d3N<\/span><\/p>\n<p><span style=\"font-size: 16px; font-family: arial, helvetica, sans-serif;\">B\u1eefa \u0103n s\u00e1ng<\/span><\/p>\n<p><span style=\"font-size: 16px; font-family: arial, helvetica, sans-serif;\">D\u1ecbch v\u1ee5 theo chu\u1ea9n kh\u00e1ch s\u1ea1n.<\/span><\/p>\n<p><img decoding=\"async\" class=\"alignnone wp-image-27828 size-full\" src=\"https:\/\/dalatreview.vn\/wp-content\/uploads\/2023\/03\/z4126655106389_f1a02982072f2d558153ce7c05d4820a-scaled-1.jpg\" alt=\"\" width=\"2560\" height=\"1920\"><\/p>\n<p><span style=\"font-size: 20px;\"><strong><span style=\"font-family: arial, helvetica, sans-serif;\"><span class=\"text\">Gi\u00e1 \u00e1p d\u1ee5ng:<\/span><\/span><\/strong><\/span><\/p>\n<p><span style=\"font-size: 16px; font-family: arial, helvetica, sans-serif;\"><strong><span class=\"text\">NG\u01af\u1edcI L\u1edaN &amp; TR\u1eba EM TR\u00caN 12 TU\u1ed4I:<\/span><\/strong><\/span><\/p>\n<p><span style=\"font-size: 16px; font-family: arial, helvetica, sans-serif;\"><span class=\"text\">Khu A: 2.200.000\/ l\u1ec1u 2 ng\u01b0\u1eddi\/ \u0111\u00eam &#8211; <\/span><span class=\"text\">4.400.000\/ l\u1ec1u 4 ng\u01b0\u1eddi\/ \u0111\u00eam<\/span><\/span><\/p>\n<p><span style=\"font-size: 16px; font-family: arial, helvetica, sans-serif;\"><span class=\"text\">Khu B, C: 2.600.000\/ l\u1ec1u 2 ng\u01b0\u1eddi\/ \u0111\u00eam \u2013 5.200.000\/ l\u1ec1u 4 ng\u01b0\u1eddi\/ \u0111\u00eam<\/span><\/span><\/p>\n<p><span style=\"font-size: 16px; font-family: arial, helvetica, sans-serif;\"><strong><span class=\"text\">TR\u1eba EM T\u1eea 6-12 TU\u1ed4I:<\/span><\/strong><\/span><\/p>\n<p><span style=\"font-size: 16px; font-family: arial, helvetica, sans-serif;\"><span class=\"text\">Khu A: 550.000\u0111\/ tr\u1ebb em\/ \u0111\u00eam<\/span><\/span><\/p>\n<p><span style=\"font-size: 16px; font-family: arial, helvetica, sans-serif;\"><span class=\"text\">Khu B, C: 650.000\u0111\/ tr\u1ebb em\/ \u0111\u00eam<\/span><\/span><\/p>\n<p><span style=\"font-size: 16px; font-family: arial, helvetica, sans-serif;\"><span class=\"text\"><strong>Tr\u1ebb em d\u01b0\u1edbi 6 tu\u1ed5i:<\/strong> mi\u1ec5n ph\u00ed ti\u1ec1n l\u1ec1u tr\u1ea1i (kh\u00f4ng bao g\u1ed3m \u0111i\u1ec3m t\u00e2m s\u00e1ng v\u00e0 BBQ)\u00a0<\/span><\/span><\/p>\n<p><img decoding=\"async\" class=\"alignnone wp-image-27829 size-full\" src=\"https:\/\/dalatreview.vn\/wp-content\/uploads\/2023\/03\/z4126655168879_fe6c2575ac9885e8fae71cdd7e204853-1.jpg\" alt=\"\" width=\"2048\" height=\"1536\"><\/p>\n<p><span style=\"font-size: 16px; font-family: arial, helvetica, sans-serif;\"><strong>\u0110\u1eb7c bi\u1ec7t \u01b0u \u0111\u00e3i khi l\u01b0u tr\u00fa t\u1ea1i \u0111\u00e2y:<\/strong><\/span><\/p>\n<p><span style=\"font-size: 16px; font-family: arial, helvetica, sans-serif;\"><strong>Mi\u1ec5n ph\u00ed c\u00e1c \u0111i\u1ec3m tham quan du l\u1ecbch:<\/strong><\/span><\/p>\n<p><span style=\"font-size: 16px; font-family: arial, helvetica, sans-serif;\">\u2013 C\u1ed4NG TR\u1edcI BALI<\/span><\/p>\n<p><span style=\"font-size: 16px; font-family: arial, helvetica, sans-serif;\">\u2013 M\u1ed8NG \u0110\u00c0O HOA<\/span><\/p>\n<p><span style=\"font-size: 16px; font-family: arial, helvetica, sans-serif;\">\u2013 THI\u00caN \u0110\u01af\u1edcNG S\u0102N M\u00c2Y C\u1ea6U \u0110\u1ea4T<\/span><\/p>\n<p><span style=\"font-size: 16px; font-family: arial, helvetica, sans-serif;\">\u2013 PANORAMA C\u1ea6U \u0110\u1ea4T<\/span><\/p>\n<p><span style=\"font-size: 16px; font-family: arial, helvetica, sans-serif;\"><strong>Gi\u00e1 t\u1eeb 1,100,000\/ kh\u00e1ch\u00a0<\/strong><\/span><\/p>\n<p><img decoding=\"async\" class=\"alignnone wp-image-27827 size-full\" src=\"https:\/\/dalatreview.vn\/wp-content\/uploads\/2023\/03\/z4088086027011_420f433ba4e555c515880aa97c5538d7.jpg\" alt=\"\" width=\"2560\" height=\"1920\"><\/p>\n<h2 class=\"x11i5rnm xat24cr x1mh8g0r x1vvkbs xtlvy1s x126k92a\" id=\"thong-tin-lien-he\"><span style=\"font-size: 24px; color: #003366;\"><strong>Contact information<\/strong><\/span><\/h2>\n<p class=\"row\">Hotline: 0968.249.297 \u2013\u00a0<a href=\"https:\/\/zalo.me\/0968249297\" target=\"_blank\" rel=\"noopener\">Li\u00ean h\u1ec7 t\u01b0 v\u1ea5n \u0111\u1eb7t tour ngay<\/a><\/p>\n<p class=\"row\">Xem th\u00eam b\u00e0i vi\u1ebft kh\u00e1c t\u1ea1i:\u00a0<a href=\"https:\/\/dalatreview.vn\/en\/tour\/tour-camping-da-lat\/\">Camping Da Lat<\/a><\/p>","protected":false},"excerpt":{"rendered":"<p>Top 3 \u0111\u1ecba \u0111i\u1ec3m c\u1eafm tr\u1ea1i s\u0103n m\u00e2y \u0110\u00e0 L\u1ea1t \u0111\u1eb9p nao l\u00f2ng Danh m\u1ee5c ch\u00ednh Tour c\u1eafm tr\u1ea1i s\u0103n m\u00e2y \u0111\u1ed3i Thi\u00ean Ph\u00fac \u0110\u1ee9c Tour c\u1eafm tr\u1ea1i s\u0103n m\u00e2y \u0111\u1ed3i ch\u00e8 C\u1ea7u \u0110\u1ea5t Tour c\u1eafm tr\u1ea1i s\u0103n m\u00e2y view thung l\u0169ng \u1edf Xu\u00e2n Th\u1ecd\u00a0 Th\u00f4ng tin li\u00ean h\u1ec7 Tour c\u1eafm tr\u1ea1i s\u0103n m\u00e2y \u0111\u1ed3i [&hellip;]<\/p>","protected":false},"featured_media":27822,"comment_status":"open","ping_status":"closed","template":"","meta":{"_acf_changed":false,"rank_math_lock_modified_date":false},"product_cat":[28],"product_tag":[],"acf":[],"_links":{"self":[{"href":"https:\/\/dalatreview.vn\/en\/wp-json\/wp\/v2\/product\/27808"}],"collection":[{"href":"https:\/\/dalatreview.vn\/en\/wp-json\/wp\/v2\/product"}],"about":[{"href":"https:\/\/dalatreview.vn\/en\/wp-json\/wp\/v2\/types\/product"}],"replies":[{"embeddable":true,"href":"https:\/\/dalatreview.vn\/en\/wp-json\/wp\/v2\/comments?post=27808"}],"wp:featuredmedia":[{"embeddable":true,"href":"https:\/\/dalatreview.vn\/en\/wp-json\/wp\/v2\/media\/27822"}],"wp:attachment":[{"href":"https:\/\/dalatreview.vn\/en\/wp-json\/wp\/v2\/media?parent=27808"}],"wp:term":[{"taxonomy":"product_cat","embeddable":true,"href":"https:\/\/dalatreview.vn\/en\/wp-json\/wp\/v2\/product_cat?post=27808"},{"taxonomy":"product_tag","embeddable":true,"href":"https:\/\/dalatreview.vn\/en\/wp-json\/wp\/v2\/product_tag?post=27808"}],"curies":[{"name":"wp","href":"https:\/\/api.w.org\/{rel}","templated":true}]}}