
{"id":27560,"date":"2023-03-23T15:41:47","date_gmt":"2023-03-23T08:41:47","guid":{"rendered":"https:\/\/dalatreview.vn\/?p=27560"},"modified":"2024-07-10T12:05:18","modified_gmt":"2024-07-10T05:05:18","slug":"villa-dong-da-da-lat-6-phong","status":"publish","type":"product","link":"https:\/\/dalatreview.vn\/en\/villa-dong-da-da-lat-6-phong.html","title":{"rendered":"Villa \u0110\u1ed1ng \u0110a \u0110\u00e0 L\u1ea1t 6 ph\u00f2ng"},"content":{"rendered":"<nav class=\"vietrick-auto-toc\">\n<div class=\"box-title\">\n<h3 class=\"toc-title\" id=\"select-menu\">Danh m\u1ee5c ch\u00ednh<\/h3>\n<div><ion-icon name=\"chevron-up-outline\"><\/ion-icon><\/div>\n<\/div>\n<ul class=\"toc-list\"><\/ul>\n<li><a href='https:\/\/dalatreview.vn\/en#villa-dong-da-da-lat-6-phong' class='heading-h1 toc-link smooth-scroll'>\u00a0\u00a0Villa \u0110\u1ed1ng \u0110a \u0110\u00e0 L\u1ea1t 6 ph\u00f2ng \u00a0<\/a>\n<li><a href='https:\/\/dalatreview.vn\/en#1-vi-tri' class='heading-h1 toc-link smooth-scroll'>1. V\u1ecb tr\u00ed<\/a>\n<li><a href='https:\/\/dalatreview.vn\/en#2-decor' class='heading-h1 toc-link smooth-scroll'>2. Decor<\/a>\n<li><a href='https:\/\/dalatreview.vn\/en#3-dich-vu-tien-nghi' class='heading-h1 toc-link smooth-scroll'>3. D\u1ecbch v\u1ee5 &amp; Ti\u1ec7n nghi<\/a>\n<li><a href='https:\/\/dalatreview.vn\/en#4-gia-phong' class='heading-h1 toc-link smooth-scroll'>4. Gi\u00e1 ph\u00f2ng<\/a>\n<li><a href='https:\/\/dalatreview.vn\/en#5-lien-he' class='heading-h1 toc-link smooth-scroll'>5. Li\u00ean h\u1ec7<\/a><\/ul>\n<\/li>\n<\/ul>\n<\/nav>\n<h1 style=\"text-align: center;\" id=\"villa-dong-da-da-lat-6-phong\"><strong><span style=\"color: #003300;\">\u00a0\u00a0Villa \u0110\u1ed1ng \u0110a \u0110\u00e0 L\u1ea1t 6 ph\u00f2ng \u00a0<\/span><\/strong><\/h1>\n<h1 id=\"1-vi-tri\"><span style=\"font-size: 24px; color: #003300;\"><strong>1. V\u1ecb tr\u00ed<\/strong><\/span><\/h1>\n<p>\ud83d\udd05 Villa \u0110\u00e0 L\u1ea1t t\u1ecda l\u1ea1c ngay khu v\u1ef1c trung t\u00e2m, \u0111\u01b0\u1eddng \u0110\u1ed1ng \u0110a, ch\u1ec9 c\u00e1ch ch\u1ee3 5 ph\u00fat ch\u1ea1y xe, d\u1ec5 d\u00e0ng di chuy\u1ec3n t\u1edbi c\u00e1c \u0111\u1ecba \u0111i\u1ec3m tham quan, mua s\u1eafm v\u00e0 \u0103n u\u1ed1ng.<\/p>\n<p>C\u00e1ch ch\u1ee3 \u0110\u00e0 L\u1ea1t 2km \u2013 n\u1eb1m trong khu y\u00ean t\u0129nh, view \u0111\u1ed3i n\u00fai , khu\u00f4n vi\u00ean r\u1ed9ng r\u00e3i.<\/p>\n<p>\u1ede \u0111\u00e2y thi\u00ean nhi\u00ean trong l\u00e0nh m\u00e1t m\u1ebb, s\u1ea1ch s\u1ebd an ninh. Con ng\u01b0\u1eddi l\u1ea1i th\u00e2n thi\u1ec7n d\u1ec5 m\u1ebfn r\u1ea5t th\u00edch h\u1ee3p l\u1ef1a ch\u1ecdn l\u00e0m \u0111i\u1ec3m ngh\u1ec9 d\u01b0\u1ee1ng.<\/p>\n<p><img decoding=\"async\" class=\"aligncenter wp-image-27561 size-full\" src=\"https:\/\/dalatreview.vn\/wp-content\/uploads\/2023\/03\/3-1.jpg\" alt=\"\u00a0\u00a0Villa \u0110\u1ed1ng \u0110a \u0110\u00e0 L\u1ea1t 6 ph\u00f2ng\" width=\"978\" height=\"652\" \/><\/p>\n<h1 id=\"2-decor\"><span style=\"font-size: 24px; color: #003300;\"><strong><span class=\"_4yxo _4yxp\">2. Decor<\/span><\/strong><\/span><\/h1>\n<p>Villa \u0110\u1ed1ng \u0110a r\u1ed9ng r\u00e3i tho\u00e1ng m\u00e1t, decor \u0111\u01a1n gi\u1ea3n, hi\u1ec7n \u0111\u1ea1i, phong c\u00e1ch s\u00e1ng tr\u1ecdng v\u00e0 \u0111\u1ea7y \u0111\u1ee7 ti\u1ec7n nghi.<\/p>\n<p>Thi\u1ebft k\u1ebf theo kh\u00f4ng gian m\u1edf, c\u00f3 ban c\u00f4ng view cao tho\u00e1ng \u0111\u00e3ng.<\/p>\n<p>C\u00f3 khu v\u1ef1c \u0111\u1ec3 xe, sinh ho\u1ea1t chung v\u00e0 sinh ho\u1ea1t ri\u00eang c\u1ee7a m\u1ed7i ng\u01b0\u1eddi.<\/p>\n<p><img decoding=\"async\" class=\"aligncenter wp-image-27566 size-full\" src=\"https:\/\/dalatreview.vn\/wp-content\/uploads\/2023\/03\/z4205138596415_718d6e81d10164d8629586a7a4663a1a-1.jpg\" alt=\"\u00a0\u00a0Villa \u0110\u1ed1ng \u0110a \u0110\u00e0 L\u1ea1t 6 ph\u00f2ng\" width=\"1280\" height=\"855\" \/><\/p>\n<div class=\"x11i5rnm xat24cr x1mh8g0r x1vvkbs xdj266r x126k92a\">\n<div dir=\"auto\"><span class=\"x3nfvp2 x1j61x8r x1fcty0u xdj266r xhhsvwb xat24cr xgzva0m xxymvpz xlup9mm x1kky2od\"><img decoding=\"async\" src=\"https:\/\/static.xx.fbcdn.net\/images\/emoji.php\/v9\/t35\/1.5\/16\/1f3d5.png\" alt=\"\ud83c\udfd5\" width=\"16\" height=\"16\" \/><\/span> 1 chi\u1ebfc villa xanh m\u01b0\u1edbt v\u1edbi view th\u00e0nh ph\u1ed1 th\u01a1 m\u1ed9ng<\/div>\n<div dir=\"auto\"><\/div>\n<\/div>\n<div class=\"x11i5rnm xat24cr x1mh8g0r x1vvkbs xtlvy1s x126k92a\">\n<div dir=\"auto\">\u00a0<span class=\"x3nfvp2 x1j61x8r x1fcty0u xdj266r xhhsvwb xat24cr xgzva0m xxymvpz xlup9mm x1kky2od\"><img decoding=\"async\" src=\"https:\/\/static.xx.fbcdn.net\/images\/emoji.php\/v9\/t7b\/1.5\/16\/2728.png\" alt=\"\u2728\" width=\"16\" height=\"16\" \/><\/span> View th\u00e0nh ph\u1ed1 \u0110\u00e0 L\u1ea1t si\u00eau \u0111\u1eb9p, th\u1ee9c gi\u1ea5c v\u1edbi view b\u00ecnh minh ngay t\u1ea1i ph\u00f2ng.<\/div>\n<div dir=\"auto\"><\/div>\n<div dir=\"auto\"><span class=\"x3nfvp2 x1j61x8r x1fcty0u xdj266r xhhsvwb xat24cr xgzva0m xxymvpz xlup9mm x1kky2od\"><img decoding=\"async\" src=\"https:\/\/static.xx.fbcdn.net\/images\/emoji.php\/v9\/t7b\/1.5\/16\/2728.png\" alt=\"\u2728\" width=\"16\" height=\"16\" \/><\/span> S\u00e2n n\u01b0\u1edbng BBQ ngo\u00e0i tr\u1eddi c\u00f9ng view si\u00eau x\u1ecbn s\u00f2.<\/div>\n<div dir=\"auto\"><\/div>\n<div dir=\"auto\"><img decoding=\"async\" class=\"aligncenter wp-image-27568 size-full\" src=\"https:\/\/dalatreview.vn\/wp-content\/uploads\/2023\/03\/z4205138639518_782a4ca9c7f7dba829ce51ed7ee20992.jpg\" alt=\"\u00a0\u00a0Villa \u0110\u1ed1ng \u0110a \u0110\u00e0 L\u1ea1t 6 ph\u00f2ng\" width=\"978\" height=\"546\" \/><\/div>\n<div dir=\"auto\">\n<h1 id=\"3-dich-vu-tien-nghi\"><span style=\"font-size: 24px; color: #003300;\"><strong>3. D\u1ecbch v\u1ee5 &amp; Ti\u1ec7n nghi<\/strong><\/span><\/h1>\n<div class=\"pt-2\">\n<p>Villa \u0110\u1ed1ng \u0110a g\u1ed3m c\u00f3 6 ph\u00f2ng ng\u1ee7 \u0111\u01a1n v\u00e0 1 ph\u00f2ng \u0111\u00f4i<\/p>\n<div dir=\"auto\">S\u1ee9c ch\u1ee9a 16-20 kh\u00e1ch. WC ri\u00eang t\u1eebng ph\u00f2ng.<\/div>\n<p>C\u00f3 nh\u00e0 t\u1eafm, wc ri\u00eang v\u00e0 \u0111\u1ea7y \u0111\u1ee7 \u0111\u1ed3 d\u00f9ng c\u00e1 nh\u00e2n c\u1ea7n thi\u1ebft trong ph\u00f2ng.<\/p>\n<p><img decoding=\"async\" class=\"aligncenter wp-image-27562 size-full\" src=\"https:\/\/dalatreview.vn\/wp-content\/uploads\/2023\/03\/4-3.jpg\" alt=\"\u00a0\u00a0Villa \u0110\u1ed1ng \u0110a \u0110\u00e0 L\u1ea1t 6 ph\u00f2ng\" width=\"978\" height=\"652\" \/><\/p>\n<p><img decoding=\"async\" class=\"aligncenter wp-image-27567 size-full\" src=\"https:\/\/dalatreview.vn\/wp-content\/uploads\/2023\/03\/z4205138600734_067384a757cc0b845c59b4be13ab4404-1.jpg\" alt=\"\u00a0\u00a0Villa \u0110\u1ed1ng \u0110a \u0110\u00e0 L\u1ea1t 6 ph\u00f2ng\" width=\"1080\" height=\"810\" \/><\/p>\n<p>&#8212;<\/p>\n<p>\u2013 \u0110\u1ea7y \u0111\u1ee7 ti\u1ec7n nghi nh\u01b0 \u1edf nh\u00e0. C\u00f3 tivi, t\u1ee7 l\u1ea1nh, internet,\u2026<\/p>\n<p>\u2013 Ph\u00f2ng kh\u00e1ch, b\u1ebfp, sang tr\u1ecdng \u0111\u1ea7y \u0111\u1ee7 ti\u1ec7n nghi, kho\u1ea3ng s\u00e2n r\u1ed9ng t\u01b0\u01a1i m\u00e1t v\u1edbi h\u1ed3 c\u00e1 Koi t\u1ea1o c\u1ea3m th\u01b0 gi\u00e3n cho du kh\u00e1ch v\u00e0 t\u1ed5 ch\u1ee9c ti\u1ec7c BBQ tho\u1ea3i m\u00e1i.<\/p>\n<p>\u2013 C\u00f3 di\u1ec7n t\u00edch \u0111\u1ec3 n\u01b0\u1edbng BBQ ngo\u00e0i tr\u1eddi.<\/p>\n<p>\u2013 C\u00f3 ch\u1ed7 \u0111\u1eadu xe m\u00e1y, xe h\u01a1i an to\u00e0n mi\u1ec5n ph\u00ed.<\/p>\n<p>\u2013 Y\u00ean t\u0129nh, an ninh 24\/24, s\u1ea1ch s\u1ebd, tho\u00e1ng m\u00e1t, view thi\u00ean nhi\u00ean si\u00eau \u0111\u1eb9p.<\/p>\n<p>\u2013 B\u1ebfp t\u1ef1 do n\u1ea5u n\u01b0\u1edbng \u0111\u1ea7y \u0111\u1ee7 d\u1ee5ng c\u1ee5 v\u00e0 gia v\u1ecb.<\/p>\n<p>\u2013 Ch\u00eca kho\u00e1 trao tay tha h\u1ed3 ri\u00eang t\u01b0.<\/p>\n<p><span data-sheets-value=\"{&quot;1&quot;:2,&quot;2&quot;:&quot;An S\u01a1n\\nC\u00e1ch ch\u1ee3 5km&quot;}\" data-sheets-userformat=\"{&quot;2&quot;:25597,&quot;3&quot;:{&quot;1&quot;:0},&quot;5&quot;:{&quot;1&quot;:[{&quot;1&quot;:2,&quot;2&quot;:0,&quot;5&quot;:{&quot;1&quot;:2,&quot;2&quot;:0}},{&quot;1&quot;:0,&quot;2&quot;:0,&quot;3&quot;:3},{&quot;1&quot;:1,&quot;2&quot;:0,&quot;4&quot;:1}]},&quot;6&quot;:{&quot;1&quot;:[{&quot;1&quot;:2,&quot;2&quot;:0,&quot;5&quot;:{&quot;1&quot;:2,&quot;2&quot;:0}},{&quot;1&quot;:0,&quot;2&quot;:0,&quot;3&quot;:3},{&quot;1&quot;:1,&quot;2&quot;:0,&quot;4&quot;:1}]},&quot;7&quot;:{&quot;1&quot;:[{&quot;1&quot;:2,&quot;2&quot;:0,&quot;5&quot;:{&quot;1&quot;:2,&quot;2&quot;:0}},{&quot;1&quot;:0,&quot;2&quot;:0,&quot;3&quot;:3},{&quot;1&quot;:1,&quot;2&quot;:0,&quot;4&quot;:1}]},&quot;8&quot;:{&quot;1&quot;:[{&quot;1&quot;:2,&quot;2&quot;:0,&quot;5&quot;:{&quot;1&quot;:2,&quot;2&quot;:0}},{&quot;1&quot;:0,&quot;2&quot;:0,&quot;3&quot;:3},{&quot;1&quot;:1,&quot;2&quot;:0,&quot;4&quot;:1}]},&quot;9&quot;:1,&quot;10&quot;:1,&quot;11&quot;:4,&quot;12&quot;:0,&quot;16&quot;:15,&quot;17&quot;:1}\">\u0110\u1ecba ch\u1ec9: \u0111\u01b0\u1eddng \u0110\u1ed1ng \u0110a, \u0110\u00e0 L\u1ea1t \u2013 C\u00e1ch ch\u1ee3 2km.<\/span><\/p>\n<p><img decoding=\"async\" class=\"aligncenter wp-image-27565 size-full\" src=\"https:\/\/dalatreview.vn\/wp-content\/uploads\/2023\/03\/z4205138560643_a2fe912bbaaa7ca0615dc8865276c3ee.jpg\" alt=\"\u00a0\u00a0Villa \u0110\u1ed1ng \u0110a \u0110\u00e0 L\u1ea1t 6 ph\u00f2ng\" width=\"978\" height=\"652\" \/><\/p>\n<h1 class=\"clear\" id=\"4-gia-phong\"><span style=\"font-size: 24px; color: #003300;\"><strong><span class=\"_4yxo\">4.<\/span> Gi\u00e1 ph\u00f2ng<\/strong><\/span><\/h1>\n<div class=\"pt-2\">\n<article class=\"post-content\">\n<div class=\"anh_wtm_m\">\n<div class=\"mws_content\">\n<article class=\"post-content\">\n<div class=\"anh_wtm_m\">\n<div class=\"mws_content\">\n<article class=\"post-content\">\n<div class=\"anh_wtm_m\">\n<div class=\"mws_content\">\n<article class=\"post-content\">\n<div class=\"anh_wtm_m\">\n<div class=\"mws_content\">\n<article class=\"post-content\">\n<div class=\"anh_wtm_m\">\n<div class=\"mws_content\">\n<p>Li\u00ean h\u1ec7 \u0111\u1ec3 \u0111\u01b0\u1ee3c \u0110\u00e0 L\u1ea1t Review t\u01b0 v\u1ea5n.<\/p>\n<h1 id=\"5-lien-he\"><span style=\"font-size: 24px; color: #003300;\"><strong>5. Li\u00ean h\u1ec7<\/strong><\/span><\/h1>\n<p>Fanpage:\u00a0<a href=\"https:\/\/www.facebook.com\/booking.dalatreview.vn\/\">Booking \u0110\u00e0 L\u1ea1t \u2013 www.dalatreview.vn<\/a><\/p>\n<\/div>\n<\/div>\n<\/article>\n<\/div>\n<\/div>\n<\/article>\n<\/div>\n<\/div>\n<\/article>\n<\/div>\n<\/div>\n<\/article>\n<\/div>\n<\/div>\n<\/article>\n<\/div>\n<\/div>\n<\/div>\n<\/div>\n<div class=\"x11i5rnm xat24cr x1mh8g0r x1vvkbs xtlvy1s x126k92a\">\n<div dir=\"auto\"><a href=\"https:\/\/zalo.me\/0968249297\" target=\"_blank\" rel=\"noopener\">Li\u00ean h\u1ec7 \u0111\u1eb7t ngay<\/a>: 0968.249.297<\/div>\n<\/div>","protected":false},"excerpt":{"rendered":"<p>Villa \u0110\u00e0 L\u1ea1t t\u1ecda l\u1ea1c ngay khu v\u1ef1c trung t\u00e2m, \u0111\u01b0\u1eddng \u0110\u1ed1ng \u0110a, ch\u1ec9 c\u00e1ch ch\u1ee3 5 ph\u00fat ch\u1ea1y xe, d\u1ec5 d\u00e0ng di chuy\u1ec3n t\u1edbi c\u00e1c \u0111\u1ecba \u0111i\u1ec3m tham quan, mua s\u1eafm v\u00e0 \u0103n u\u1ed1ng.<\/p>\n<p>C\u00e1ch ch\u1ee3 \u0110\u00e0 L\u1ea1t 2km \u2013 n\u1eb1m trong khu y\u00ean t\u0129nh, view \u0111\u1ed3i n\u00fai , khu\u00f4n vi\u00ean r\u1ed9ng r\u00e3i.<\/p>","protected":false},"featured_media":27561,"comment_status":"open","ping_status":"closed","template":"","meta":{"_acf_changed":false,"rank_math_lock_modified_date":false},"product_cat":[29,2262,45],"product_tag":[],"acf":[],"_links":{"self":[{"href":"https:\/\/dalatreview.vn\/en\/wp-json\/wp\/v2\/product\/27560"}],"collection":[{"href":"https:\/\/dalatreview.vn\/en\/wp-json\/wp\/v2\/product"}],"about":[{"href":"https:\/\/dalatreview.vn\/en\/wp-json\/wp\/v2\/types\/product"}],"replies":[{"embeddable":true,"href":"https:\/\/dalatreview.vn\/en\/wp-json\/wp\/v2\/comments?post=27560"}],"wp:featuredmedia":[{"embeddable":true,"href":"https:\/\/dalatreview.vn\/en\/wp-json\/wp\/v2\/media\/27561"}],"wp:attachment":[{"href":"https:\/\/dalatreview.vn\/en\/wp-json\/wp\/v2\/media?parent=27560"}],"wp:term":[{"taxonomy":"product_cat","embeddable":true,"href":"https:\/\/dalatreview.vn\/en\/wp-json\/wp\/v2\/product_cat?post=27560"},{"taxonomy":"product_tag","embeddable":true,"href":"https:\/\/dalatreview.vn\/en\/wp-json\/wp\/v2\/product_tag?post=27560"}],"curies":[{"name":"wp","href":"https:\/\/api.w.org\/{rel}","templated":true}]}}