
{"id":27432,"date":"2023-03-17T10:52:06","date_gmt":"2023-03-17T03:52:06","guid":{"rendered":"https:\/\/dalatreview.vn\/?p=27432"},"modified":"2024-07-16T11:37:11","modified_gmt":"2024-07-16T04:37:11","slug":"tour-cam-trai-cheo-sup-ho-tuyen-lam-2n1d","status":"publish","type":"product","link":"https:\/\/dalatreview.vn\/en\/tour-cam-trai-cheo-sup-ho-tuyen-lam-2n1d.html","title":{"rendered":"Tour c\u1eafm tr\u1ea1i ch\u00e8o sup H\u1ed3 Tuy\u1ec1n L\u00e2m 2N1\u0110"},"content":{"rendered":"<p style=\"text-align: center;\"><span style=\"font-size: 32px;\"><strong><span style=\"color: #003300;\">Tour c\u1eafm tr\u1ea1i ch\u00e8o sup H\u1ed3 Tuy\u1ec1n L\u00e2m 2N1\u0110<\/span><\/strong><\/span><\/p>\n<p class=\"x11i5rnm xat24cr x1mh8g0r x1vvkbs xtlvy1s x126k92a\"><span style=\"font-size: 16px; font-family: arial, helvetica, sans-serif;\">M\u1ed9t combo tuy\u1ec7t v\u1eddi m\u00f9a n\u00e0y \u0111\u00f3 l\u00e0 ch\u00e8o sup ng\u1eafm ho\u00e0ng h\u00f4n v\u00e0 c\u1eafm tr\u1ea1i s\u0103n m\u00e2y \u0111\u00f3n b\u00ecnh minh \u0111\u00f3 nha. <span class=\"x3nfvp2 x1j61x8r x1fcty0u xdj266r xhhsvwb xat24cr xgzva0m xxymvpz xlup9mm x1kky2od\"><img decoding=\"async\" src=\"https:\/\/static.xx.fbcdn.net\/images\/emoji.php\/v9\/t35\/1.5\/16\/1f3d5.png\" alt=\"\ud83c\udfd5\ufe0f\" width=\"16\" height=\"16\" \/><\/span><span class=\"x3nfvp2 x1j61x8r x1fcty0u xdj266r xhhsvwb xat24cr xgzva0m xxymvpz xlup9mm x1kky2od\"><img decoding=\"async\" src=\"https:\/\/static.xx.fbcdn.net\/images\/emoji.php\/v9\/t43\/1.5\/16\/1f332.png\" alt=\"\ud83c\udf32\" width=\"16\" height=\"16\" \/><\/span><\/span><\/p>\n<p dir=\"auto\"><span style=\"font-size: 16px; font-family: arial, helvetica, sans-serif;\">Tranh th\u1ee7 &#8220;thanh xu\u00e2n&#8221; v\u00e0 thi\u00ean nhi\u00ean xinh \u0111\u1eb9p m\u00ecnh c\u00f9ng nhau tr\u1ea3i nghi\u1ec7m.<\/span><\/p>\n<div dir=\"auto\"><img decoding=\"async\" class=\"aligncenter wp-image-27434 size-full\" src=\"https:\/\/dalatreview.vn\/wp-content\/uploads\/2023\/03\/z4129187812716_cc7f39f7c44d99ec9ffb1ba457c21158.jpg\" alt=\"Tour c\u1eafm tr\u1ea1i ch\u00e8o sup H\u1ed3 Tuy\u1ec1n L\u00e2m 2N1\u0110\" width=\"1280\" height=\"852\" \/><\/div>\n<div dir=\"auto\">\n<p class=\"x11i5rnm xat24cr x1mh8g0r x1vvkbs xdj266r x126k92a\"><span style=\"font-size: 16px; font-family: arial, helvetica, sans-serif;\">T\u1ea4T C\u1ea2 G\u00d3I G\u1eccN TRONG CHUY\u1ebeN TREKKING, CH\u00c8O SUP, C\u1eaeM TR\u1ea0I \u0110\u00c0 L\u1ea0T <span class=\"x3nfvp2 x1j61x8r x1fcty0u xdj266r xhhsvwb xat24cr xgzva0m xxymvpz xlup9mm x1kky2od\"><img decoding=\"async\" src=\"https:\/\/static.xx.fbcdn.net\/images\/emoji.php\/v9\/tf3\/1.5\/16\/2764.png\" alt=\"\u2764\ufe0f\" width=\"16\" height=\"16\" \/><\/span><\/span><\/p>\n<p dir=\"auto\"><span style=\"font-size: 16px; font-family: arial, helvetica, sans-serif;\">T\u1ea1m &#8220;tr\u1ed1n&#8221; ti\u1ebfng b\u00e1o th\u1ee9c \u1ed3n \u00e0o hay ti\u1ebfng c\u00f2i xe bim bim v\u00e0 c\u1ea3 kh\u00f3i b\u1ee5i c\u1ee7a th\u00e0nh ph\u1ed1. M\u00ecnh c\u00f9ng nhau v\u00e0o r\u1eebng trekking, c\u1eafm tr\u1ea1i, ch\u00e8o SUP \u0111\u00f3n ho\u00e0ng h\u1ed3n ng\u1ecdt ng\u00e0o \u1edf r\u1eebng.<\/span><\/p>\n<p dir=\"auto\"><span style=\"font-size: 16px; font-family: arial, helvetica, sans-serif;\">M\u1ecdi m\u1ec7t m\u1ecfi s\u1ebd tan bi\u1ebfn khi b\u1ea1n nh\u00ecn ng\u1eafm c\u1ea3nh thi\u00ean nhi\u00ean xinh \u0111\u1eb9p c\u1ee7a n\u00fai r\u1eebng, khi b\u1ea1n th\u01b0\u1edfng th\u1ee9c b\u1eefa BBQ si\u00eau ngon, khi b\u1ea1n ch\u00e8o SUP ng\u1eafm to\u00e0n c\u1ea3nh h\u1ed3 Tuy\u1ec1n L\u00e2m, khi nh\u00e2m nhi t\u00e1ch cafe s\u1edbm mai sao m\u1ed9t gi\u1ea5c ng\u1ee7 th\u1eadt ngon gi\u1eefa r\u1eebng. <span class=\"x3nfvp2 x1j61x8r x1fcty0u xdj266r xhhsvwb xat24cr xgzva0m xxymvpz xlup9mm x1kky2od\"><img decoding=\"async\" src=\"https:\/\/static.xx.fbcdn.net\/images\/emoji.php\/v9\/t2f\/1.5\/16\/26fa.png\" alt=\"\u26fa\" width=\"16\" height=\"16\" \/><\/span><span class=\"x3nfvp2 x1j61x8r x1fcty0u xdj266r xhhsvwb xat24cr xgzva0m xxymvpz xlup9mm x1kky2od\"><img decoding=\"async\" src=\"https:\/\/static.xx.fbcdn.net\/images\/emoji.php\/v9\/t43\/1.5\/16\/1f332.png\" alt=\"\ud83c\udf32\" width=\"16\" height=\"16\" \/><\/span><\/span><\/p>\n<\/div>\n<p><span style=\"font-size: 16px; font-family: arial, helvetica, sans-serif;\">Bu\u1ed5i s\u1edbm m\u00e0 ng\u1ed3i th\u1ea3nh th\u01a1i \u0111\u00f3n \u00f4ng m\u1eb7t tr\u1eddi c\u00f9ng m\u00e2y b\u1ec1nh b\u1ed3ng. Nh\u00e2m nhi t\u00e1ch cafe \u0111\u00f3n nh\u1eefng tia n\u1eafng \u0111\u1ea7u ti\u00ean trong ng\u00e0y. <span class=\"x3nfvp2 x1j61x8r x1fcty0u xdj266r xhhsvwb xat24cr xgzva0m xxymvpz xlup9mm x1kky2od\"><img decoding=\"async\" src=\"https:\/\/static.xx.fbcdn.net\/images\/emoji.php\/v9\/tf3\/1.5\/16\/2764.png\" alt=\"\u2764\ufe0f\" width=\"16\" height=\"16\" \/><\/span><\/span><\/p>\n<div dir=\"auto\"><img decoding=\"async\" class=\"aligncenter wp-image-27438 size-full\" src=\"https:\/\/dalatreview.vn\/wp-content\/uploads\/2023\/03\/z4129187825087_0973bd873a699697099c957ee3bf61f3.jpg\" alt=\"Tour c\u1eafm tr\u1ea1i ch\u00e8o sup H\u1ed3 Tuy\u1ec1n L\u00e2m 2N1\u0110\" width=\"2560\" height=\"1920\" \/><\/div>\n<div class=\"x11i5rnm xat24cr x1mh8g0r x1vvkbs xtlvy1s x126k92a\">\n<p dir=\"auto\"><span style=\"font-size: 20px;\"><strong>T\u1ee5i m\u00ecnh lu\u00f4n c\u00f3 \u0111\u1ee7 c\u00e1c h\u00e0nh tr\u00ecnh:<\/strong><\/span><\/p>\n<p dir=\"auto\"><span style=\"font-size: 16px;\"><span class=\"x3nfvp2 x1j61x8r x1fcty0u xdj266r xhhsvwb xat24cr xgzva0m xxymvpz xlup9mm x1kky2od\"><img decoding=\"async\" src=\"https:\/\/static.xx.fbcdn.net\/images\/emoji.php\/v9\/t43\/1.5\/16\/1f332.png\" alt=\"\ud83c\udf32\" width=\"16\" height=\"16\" \/><\/span> Ch\u00e8o SUP<\/span><\/p>\n<p dir=\"auto\"><span style=\"font-size: 16px;\"><span class=\"x3nfvp2 x1j61x8r x1fcty0u xdj266r xhhsvwb xat24cr xgzva0m xxymvpz xlup9mm x1kky2od\"><img decoding=\"async\" src=\"https:\/\/static.xx.fbcdn.net\/images\/emoji.php\/v9\/t43\/1.5\/16\/1f332.png\" alt=\"\ud83c\udf32\" width=\"16\" height=\"16\" \/><\/span> Ch\u00e8o SUP, trekking, c\u1eafm tr\u1ea1i<\/span><\/p>\n<p dir=\"auto\"><span style=\"font-size: 16px;\"><span class=\"x3nfvp2 x1j61x8r x1fcty0u xdj266r xhhsvwb xat24cr xgzva0m xxymvpz xlup9mm x1kky2od\"><img decoding=\"async\" src=\"https:\/\/static.xx.fbcdn.net\/images\/emoji.php\/v9\/t43\/1.5\/16\/1f332.png\" alt=\"\ud83c\udf32\" width=\"16\" height=\"16\" \/><\/span> C\u1eafm tr\u1ea1i s\u0103n m\u00e2y<\/span><\/p>\n<p dir=\"auto\"><span style=\"font-size: 16px;\"><span class=\"x3nfvp2 x1j61x8r x1fcty0u xdj266r xhhsvwb xat24cr xgzva0m xxymvpz xlup9mm x1kky2od\"><img decoding=\"async\" src=\"https:\/\/static.xx.fbcdn.net\/images\/emoji.php\/v9\/t43\/1.5\/16\/1f332.png\" alt=\"\ud83c\udf32\" width=\"16\" height=\"16\" \/><\/span> C\u1eafm tr\u1ea1i trong r\u1eebng.<\/span><\/p>\n<p dir=\"auto\"><span style=\"font-size: 16px;\"><span class=\"x3nfvp2 x1j61x8r x1fcty0u xdj266r xhhsvwb xat24cr xgzva0m xxymvpz xlup9mm x1kky2od\"><img decoding=\"async\" src=\"https:\/\/static.xx.fbcdn.net\/images\/emoji.php\/v9\/t43\/1.5\/16\/1f332.png\" alt=\"\ud83c\udf32\" width=\"16\" height=\"16\" \/><\/span> Tour c\u00e0o c\u00e0o.<\/span><\/p>\n<p dir=\"auto\"><span style=\"font-size: 16px;\"><span class=\"x3nfvp2 x1j61x8r x1fcty0u xdj266r xhhsvwb xat24cr xgzva0m xxymvpz xlup9mm x1kky2od\"><img decoding=\"async\" src=\"https:\/\/static.xx.fbcdn.net\/images\/emoji.php\/v9\/t43\/1.5\/16\/1f332.png\" alt=\"\ud83c\udf32\" width=\"16\" height=\"16\" \/><\/span> Tour \u0111\u1ea1p xe.<\/span><\/p>\n<p dir=\"auto\"><span style=\"font-size: 16px;\">V\u00e0&#8230;c\u00e1c cung \u0111\u01b0\u1eddng trekking \u0111\u01b0\u1eddng d\u00e0i n\u1eefa \u0111\u00f3.<\/span><\/p>\n<nav class=\"vietrick-auto-toc\">\n<div class=\"box-title\">\n<h3 class=\"toc-title\" id=\"select-menu\">Danh m\u1ee5c ch\u00ednh<\/h3>\n<div><ion-icon name=\"chevron-up-outline\"><\/ion-icon><\/div>\n<\/div>\n<ul class=\"toc-list\">\n<li><a href='https:\/\/dalatreview.vn\/en#lich-trinh' class='heading-h2 toc-link smooth-scroll'>L\u1ecaCH TR\u00ccNH<\/a>\n<li><a href='https:\/\/dalatreview.vn\/en#gia-tour' class='heading-h2 toc-link smooth-scroll'>GI\u00c1 TOUR<\/a>\n<li><a href='https:\/\/dalatreview.vn\/en#chinh-sach-tour' class='heading-h2 toc-link smooth-scroll'>CH\u00cdNH S\u00c1CH TOUR<\/a>\n<li><a href='https:\/\/dalatreview.vn\/en#thong-tin-lien-he' class='heading-h2 toc-link smooth-scroll'>TH\u00d4NG TIN LI\u00caN H\u1ec6<\/a><\/ul>\n<\/ul>\n<\/li>\n<\/ul>\n<\/nav>\n<h2 dir=\"auto\" id=\"lich-trinh\"><strong>L\u1ecaCH TR\u00ccNH<\/strong><\/h2>\n<p><img decoding=\"async\" class=\"aligncenter wp-image-28859 size-full\" src=\"https:\/\/dalatreview.vn\/wp-content\/uploads\/2023\/03\/z4237486200309_8b3371acd1ef6402f353e67a957f8719.jpg\" alt=\"c\u1eafm tr\u1ea1i\" width=\"1413\" height=\"1466\" \/><\/p>\n<p dir=\"auto\"><span style=\"font-size: 20px;\"><strong>NG\u00c0Y 1<\/strong><\/span><\/p>\n<div dir=\"auto\">\n<div class=\"css-1dbjc4n r-1awozwy r-18u37iz r-1s2bzr4 r-bnwqim r-136ojw6\">\n<ul style=\"list-style-type: disc;\">\n<li class=\"css-901oao r-cwxd7f r-1sixt3s r-1b43r93 r-majxgm r-rjixqe r-1b7u577 r-fdjqy7\" dir=\"auto\"><span style=\"font-size: 16px; font-family: arial, helvetica, sans-serif;\">15:00-15:30 Kh\u00e1ch g\u1eb7p h\u01b0\u1edbng d\u1eabn vi\u00ean t\u1ea1i \u0111i\u1ec3m h\u1eb9n, sau \u0111\u00f3 c\u00f9ng t\u1ef1 di chuy\u1ec3n \u0111\u1ebfn khu c\u1eafm tr\u1ea1i.<\/span><\/li>\n<li class=\"css-901oao r-cwxd7f r-1sixt3s r-1b43r93 r-majxgm r-rjixqe r-1b7u577 r-fdjqy7\" dir=\"auto\"><span style=\"font-size: 16px; font-family: arial, helvetica, sans-serif;\">15:30-17:30 T\u1edbi n\u01a1i, kh\u00e1ch \u0111\u01b0\u1ee3c ph\u1ed5 bi\u1ebfn m\u1ed9t s\u1ed1 l\u01b0u \u00fd an to\u00e0n khi c\u1eafm tr\u1ea1i, sau \u0111\u00f3 \u0111\u01b0\u1ee3c cung c\u1ea5p thuy\u1ec1n SUP, tay ch\u00e8o, \u00e1o phao. Kh\u00e1ch \u0111\u01b0\u1ee3c h\u01b0\u1edbng d\u1eabn c\u00e1ch ch\u00e8o v\u00e0 x\u1eed l\u00fd nh\u1eefng t\u00ecnh hu\u1ed1ng trong l\u00fac tr\u1ea3i nghi\u1ec7m.<\/span><\/li>\n<li class=\"css-901oao r-cwxd7f r-1sixt3s r-1b43r93 r-majxgm r-rjixqe r-1b7u577 r-fdjqy7\" dir=\"auto\"><span style=\"font-size: 16px; font-family: arial, helvetica, sans-serif;\">17:30-18:00 Tr\u1edf l\u1ea1i khu v\u1ef1c c\u1eafm tr\u1ea1i ngh\u1ec9 ng\u01a1i v\u00e0 c\u00f9ng nhau chu\u1ea9n b\u1ecb b\u1eefa t\u1ed1i.<\/span><\/li>\n<li class=\"css-901oao r-cwxd7f r-1sixt3s r-1b43r93 r-majxgm r-rjixqe r-1b7u577 r-fdjqy7\" dir=\"auto\"><span style=\"font-size: 16px; font-family: arial, helvetica, sans-serif;\">18:00-00:00 Th\u01b0\u1edfng th\u1ee9c b\u1eefa t\u1ed1i b\u00ean l\u1eeda tr\u1ea1i, khoai b\u1eafp n\u01b0\u1edbng. K\u1ebft giao v\u1edbi nh\u1eefng ng\u01b0\u1eddi b\u1ea1n m\u1edbi v\u00e0 c\u0169 ho\u1eb7c gi\u1eef l\u1ea1i kh\u00f4ng cho gian cho ri\u00eang m\u00ecnh. L\u1eeda tr\u1ea1i s\u1ebd \u0111\u01b0\u1ee3c th\u1eafp s\u00e1ng cho \u0111\u1ebfn khi th\u00e0nh vi\u00ean cu\u1ed1i c\u00f9ng v\u00e0o l\u1ec1u ngh\u1ec9 ng\u01a1i.<\/span><\/li>\n<\/ul>\n<p><img decoding=\"async\" class=\"aligncenter wp-image-27436 size-full\" src=\"https:\/\/dalatreview.vn\/wp-content\/uploads\/2023\/03\/z4129187815152_f34a1448102485e03daed913b9e379d7.jpg\" alt=\"Tour c\u1eafm tr\u1ea1i ch\u00e8o sup H\u1ed3 Tuy\u1ec1n L\u00e2m 2N1\u0110\" width=\"2560\" height=\"1920\" \/><\/p>\n<\/div>\n<div class=\"css-1dbjc4n r-1s2bzr4 r-bnwqim\">\n<p dir=\"auto\"><span style=\"font-size: 20px;\"><strong>NG\u00c0Y 2<\/strong><\/span><\/p>\n<div class=\"css-1dbjc4n r-1s2bzr4 r-bnwqim\">\n<div class=\"css-1dbjc4n r-1awozwy r-18u37iz r-1s2bzr4 r-bnwqim r-136ojw6\">\n<ul style=\"list-style-type: disc;\">\n<li class=\"css-901oao r-cwxd7f r-1sixt3s r-1b43r93 r-majxgm r-rjixqe r-1b7u577 r-fdjqy7\" dir=\"auto\"><span style=\"font-size: 16px; font-family: arial, helvetica, sans-serif;\">05:00-06:00 Th\u1ee9c d\u1eady \u0111\u00f3n \u00e1nh b\u00ecnh minh, th\u1ea3 \u00e1nh nh\u00ecn v\u1ec1 m\u1eb7t h\u1ed3 \u0111ang ph\u1ea3ng ph\u1ea5t m\u1ed9t l\u00e0n s\u01b0\u01a1ng m\u1ecfng, c\u1ea3m nh\u1eadn s\u1ef1 s\u1ed1ng \u0111\u1ed9ng c\u1ee7a thi\u00ean nhi\u00ean.<\/span><\/li>\n<li class=\"css-901oao r-cwxd7f r-1sixt3s r-1b43r93 r-majxgm r-rjixqe r-1b7u577 r-fdjqy7\" dir=\"auto\"><span style=\"font-size: 16px; font-family: arial, helvetica, sans-serif;\">06:00-06:30 C\u00f9ng nhau d\u00f9ng b\u1eefa s\u00e1ng nh\u1eb9 b\u00ean b\u1ebfp l\u1eeda tr\u1ea1i v\u00e0 th\u01b0\u1edfng th\u1ee9c t\u00e1ch c\u00e0 ph\u00ea v\u1eeba m\u1edbi pha.<\/span><\/li>\n<li class=\"css-901oao r-cwxd7f r-1sixt3s r-1b43r93 r-majxgm r-rjixqe r-1b7u577 r-fdjqy7\" dir=\"auto\"><span style=\"font-size: 16px; font-family: arial, helvetica, sans-serif;\">06:30-08:30 B\u1ea1n ti\u1ebfp t\u1ee5c tr\u1ea3i nghi\u1ec7m c\u1ea3m gi\u00e1c ch\u00e8o thuy\u1ec1n SUP tr\u00ean h\u1ed3 v\u00e0o bu\u1ed5i s\u00e1ng, khi m\u1eb7t h\u1ed3 v\u1eabn c\u00f2n m\u1edd s\u01b0\u01a1ng.<\/span><\/li>\n<li class=\"css-901oao r-cwxd7f r-1sixt3s r-1b43r93 r-majxgm r-rjixqe r-1b7u577 r-fdjqy7\" dir=\"auto\"><span style=\"font-size: 16px; font-family: arial, helvetica, sans-serif;\">08:30-09:00 C\u00f9ng nhau thu d\u1ecdn l\u1ec1u tr\u1ea1i v\u00e0 v\u1ec7 sinh khu v\u1ef1c xung quanh v\u00ec m\u1ed9t \u0110\u00e0 L\u1ea1t Xanh, tr\u1ea3i nghi\u1ec7m xanh. K\u1ebft th\u00fac h\u00e0nh tr\u00ecnh.<\/span><\/li>\n<\/ul>\n<p><img decoding=\"async\" class=\"aligncenter wp-image-27446 size-full\" src=\"https:\/\/dalatreview.vn\/wp-content\/uploads\/2023\/03\/z4147421640020_08b0f067310d5d212146eb09032d10df.jpg\" alt=\"Tour c\u1eafm tr\u1ea1i ch\u00e8o sup H\u1ed3 Tuy\u1ec1n L\u00e2m 2N1\u0110\" width=\"1281\" height=\"1272\" \/><\/p>\n<\/div>\n<\/div>\n<p dir=\"auto\"><span style=\"font-size: 20px;\"><strong>L\u01afU \u00dd<\/strong><\/span><\/p>\n<div dir=\"auto\">\n<ul>\n<li><span style=\"font-family: arial, helvetica, sans-serif; font-size: 16px;\">Mang theo qu\u1ea7n \u00e1o \u1ea5m<\/span><\/li>\n<li><span style=\"font-family: arial, helvetica, sans-serif; font-size: 16px;\">Gi\u00e0y, m\u0169, v\u1edb\/t\u1ea5t, g\u0103ng tay<\/span><\/li>\n<li><span style=\"font-family: arial, helvetica, sans-serif; font-size: 16px;\">\u00c1o m\u01b0a c\u00e1 nh\u00e2n<\/span><\/li>\n<li><span style=\"font-family: arial, helvetica, sans-serif; font-size: 16px;\">T\u00fai ch\u1ed1ng n\u01b0\u1edbc<\/span><\/li>\n<li><span style=\"font-family: arial, helvetica, sans-serif; font-size: 16px;\">Nh\u1eefng d\u1ee5ng c\u1ee5 v\u1ec7 sinh c\u00e1 nh\u00e2n<\/span><\/li>\n<\/ul>\n<\/div>\n<h2 id=\"gia-tour\"><span style=\"font-size: 24px;\"><strong>GI\u00c1 TOUR<\/strong><\/span><\/h2>\n<table style=\"border-collapse: collapse; width: 65.1197%; height: 211px;\">\n<tbody>\n<tr style=\"height: 24px;\">\n<td style=\"width: 16.6593%; height: 24px;\"><span style=\"font-family: arial, helvetica, sans-serif; font-size: 16px;\"><strong>C\u00e1c g\u00f3i d\u1ecbch v\u1ee5\u00a0<\/strong><\/span><\/td>\n<td style=\"width: 4.06592%; height: 24px;\"><span style=\"font-family: arial, helvetica, sans-serif; font-size: 16px;\"><strong>Gi\u00e1 tour<\/strong><\/span><\/td>\n<\/tr>\n<tr style=\"height: 24px;\">\n<td style=\"width: 16.6593%; height: 24px;\"><span style=\"font-family: arial, helvetica, sans-serif; font-size: 16px;\">C\u1eafm tr\u1ea1i qua \u0111\u00eam + BBQ \u0103n s\u00e1ng + Ch\u00e8o sup<\/span><\/td>\n<td style=\"width: 4.06592%; height: 24px;\"><span style=\"font-family: arial, helvetica, sans-serif; font-size: 16px;\">900.000\/ ng\u01b0\u1eddi<\/span><\/td>\n<\/tr>\n<tr style=\"height: 19px;\">\n<td style=\"width: 16.6593%; height: 19px;\"><span style=\"font-family: arial, helvetica, sans-serif; font-size: 16px;\">C\u1eafm tr\u1ea1i qua \u0111\u00eam + BBQ \u0103n s\u00e1ng + Ch\u00e8o sup + \u0110\u01b0a \u0111\u00f3n t\u1eeb trung t\u00e2m<\/span><\/td>\n<td style=\"width: 4.06592%; height: 19px;\"><span style=\"font-family: arial, helvetica, sans-serif; font-size: 16px;\">1.050.000\/ ng\u01b0\u1eddi<\/span><\/td>\n<\/tr>\n<tr style=\"height: 24px;\">\n<td style=\"width: 16.6593%; height: 24px;\"><span style=\"font-family: arial, helvetica, sans-serif; font-size: 16px;\">C\u1eafm tr\u1ea1i qua \u0111\u00eam + BBQ \u0103n s\u00e1ng + Ch\u00e8o sup + Trekking (2km)<\/span><\/td>\n<td style=\"width: 4.06592%; height: 24px;\"><span style=\"font-family: arial, helvetica, sans-serif; font-size: 16px;\">1.250.000\/ ng\u01b0\u1eddi<\/span><\/td>\n<\/tr>\n<tr style=\"height: 24px;\">\n<td style=\"width: 16.6593%; height: 24px;\"><span style=\"font-family: arial, helvetica, sans-serif; font-size: 16px;\">C\u1eafm tr\u1ea1i qua \u0111\u00eam + BBQ \u0103n s\u00e1ng + Ch\u00e8o sup + Trekking (9km)<\/span><\/td>\n<td style=\"width: 4.06592%; height: 24px;\"><span style=\"font-family: arial, helvetica, sans-serif; font-size: 16px;\">1.700.000\/ ng\u01b0\u1eddi<\/span><\/td>\n<\/tr>\n<tr style=\"height: 24px;\">\n<td style=\"width: 16.6593%; height: 24px;\"><span style=\"font-family: arial, helvetica, sans-serif; font-size: 16px;\">Ch\u00e8o sup<\/span><\/td>\n<td style=\"width: 4.06592%; height: 24px;\"><span style=\"font-family: arial, helvetica, sans-serif; font-size: 16px;\">400.000\/ ng\u01b0\u1eddi<\/span><\/td>\n<\/tr>\n<tr style=\"height: 24px;\">\n<td style=\"width: 16.6593%; height: 24px;\"><span style=\"font-family: arial, helvetica, sans-serif; font-size: 16px;\">Ch\u00e8o sup + BBQ<\/span><\/td>\n<td style=\"width: 4.06592%; height: 24px;\"><span style=\"font-family: arial, helvetica, sans-serif; font-size: 16px;\">650.000\/ ng\u01b0\u1eddi<\/span><\/td>\n<\/tr>\n<tr style=\"height: 24px;\">\n<td style=\"width: 16.6593%; height: 24px;\"><span style=\"font-family: arial, helvetica, sans-serif; font-size: 16px;\">Ch\u00e8o sup + trekking<\/span><\/td>\n<td style=\"width: 4.06592%; height: 24px;\"><span style=\"font-family: arial, helvetica, sans-serif; font-size: 16px;\">600.000\/ ng\u01b0\u1eddi<\/span><\/td>\n<\/tr>\n<tr style=\"height: 24px;\">\n<td style=\"width: 16.6593%; height: 24px;\"><span style=\"font-family: arial, helvetica, sans-serif; font-size: 16px;\">Tour c\u1eafm tr\u1ea1i \u0111\u1ed3i c\u1ecf h\u1ed3ng<\/span><\/td>\n<td style=\"width: 4.06592%; height: 24px;\"><span style=\"font-family: arial, helvetica, sans-serif; font-size: 16px;\">650.000\/ ng\u01b0\u1eddi <\/span><\/td>\n<\/tr>\n<\/tbody>\n<\/table>\n<h2 id=\"chinh-sach-tour\"><img decoding=\"async\" class=\"aligncenter wp-image-27451 size-full\" src=\"https:\/\/dalatreview.vn\/wp-content\/uploads\/2023\/03\/tour-le.png\" alt=\"Tour c\u1eafm tr\u1ea1i ch\u00e8o sup H\u1ed3 Tuy\u1ec1n L\u00e2m 2N1\u0110\" width=\"1800\" height=\"600\" \/><strong>CH\u00cdNH S\u00c1CH TOUR<\/strong><\/h2>\n<p><span style=\"font-family: arial, helvetica, sans-serif; font-size: 16px;\">Tr\u1ebb em ch\u00e8o chung sup v\u1edbi ng\u01b0\u1eddi l\u1edbn.<\/span><br \/>\n<span style=\"font-family: arial, helvetica, sans-serif; font-size: 16px;\">B\u00e9 d\u01b0\u1edbi 5 tu\u1ed5i mi\u1ec5n ph\u00ed<\/span><br \/>\n<span style=\"font-family: arial, helvetica, sans-serif; font-size: 16px;\">B\u00e9 5-10 tu\u1ed5i v\u00e0 cao d\u01b0\u1edbi 1.2m: 1\/2 v\u00e9<\/span><br \/>\n<span style=\"font-family: arial, helvetica, sans-serif; font-size: 16px;\">B\u00e9 tr\u00ean 10 tu\u1ed5i ho\u1eb7c cao tr\u00ean 1.2m: 1 v\u00e9<\/span><\/p>\n<p class=\"st-section-title\"><strong>Gi\u00e1 tour Bao g\u1ed3m<\/strong><\/p>\n<ul class=\"include\">\n<li><i class=\"input-icon st-border-radius field-icon fa\"><\/i><span style=\"font-family: arial, helvetica, sans-serif; font-size: 16px;\">H\u01b0\u1edbng d\u1eabn vi\u00ean<\/span><\/li>\n<li><span style=\"font-family: arial, helvetica, sans-serif; font-size: 16px;\"><i class=\"input-icon st-border-radius field-icon fa\"><\/i>\u0102n t\u1ed1i<\/span><\/li>\n<li><span style=\"font-family: arial, helvetica, sans-serif; font-size: 16px;\"><i class=\"input-icon st-border-radius field-icon fa\"><\/i>\u0102n s\u00e1ng<\/span><\/li>\n<li><span style=\"font-family: arial, helvetica, sans-serif; font-size: 16px;\"><i class=\"input-icon st-border-radius field-icon fa\"><\/i>N\u01b0\u1edbc U\u1ed1ng<\/span><\/li>\n<li><span style=\"font-family: arial, helvetica, sans-serif; font-size: 16px;\"><i class=\"input-icon st-border-radius field-icon fa\"><\/i>C\u00e1c thi\u1ebft b\u1ecb v\u00e0 v\u1eadt d\u1ee5ng cho l\u1ec1u tr\u1ea1i (\u0111\u1ec7m h\u01a1i, t\u00fai ng\u1ee7, t\u1ea5m c\u00e1ch nhi\u1ec7t,..)<\/span><\/li>\n<li><span style=\"font-family: arial, helvetica, sans-serif; font-size: 16px;\"><i class=\"input-icon st-border-radius field-icon fa\"><\/i>Thuy\u1ec1n sup<\/span><\/li>\n<li><span style=\"font-family: arial, helvetica, sans-serif; font-size: 16px;\"><i class=\"input-icon st-border-radius field-icon fa\"><\/i>\u00c1o phao<\/span><\/li>\n<li><span style=\"font-family: arial, helvetica, sans-serif; font-size: 16px;\"><i class=\"input-icon st-border-radius field-icon fa\"><\/i>M\u00e1i ch\u00e8o<\/span><\/li>\n<\/ul>\n<p class=\"st-section-title\"><strong>Kh\u00f4ng bao g\u1ed3m<\/strong><\/p>\n<div class=\"col-lg-6\">\n<ul class=\"exclude\">\n<li><span style=\"font-size: 16px; font-family: arial, helvetica, sans-serif;\">C\u00e1c chi ph\u00ed c\u00e1 nh\u00e2n kh\u00e1c kh\u00f4ng n\u1eb1m trong danh m\u1ee5c bao g\u1ed3m<\/span><\/li>\n<li><span style=\"font-size: 16px; font-family: arial, helvetica, sans-serif;\">Chi ph\u00ed tham quan c\u00e1c \u0111i\u1ec3m kh\u00f4ng n\u1eb1m trong danh m\u1ee5c bao g\u1ed3m<\/span><\/li>\n<li><span style=\"font-size: 16px; font-family: arial, helvetica, sans-serif;\">Thu\u1ebf gi\u00e1 tr\u1ecb gia t\u0103ng<\/span><\/li>\n<\/ul>\n<p><img decoding=\"async\" class=\"aligncenter wp-image-27444 size-full\" src=\"https:\/\/dalatreview.vn\/wp-content\/uploads\/2023\/03\/z4171170471640_0cd4fbd45c4b43c5891c136c2546c09f.jpg\" alt=\"Tour c\u1eafm tr\u1ea1i ch\u00e8o sup H\u1ed3 Tuy\u1ec1n L\u00e2m 2N1\u0110\" width=\"2347\" height=\"1847\" \/><\/p>\n<\/div>\n<h2 id=\"thong-tin-lien-he\"><strong>TH\u00d4NG TIN LI\u00caN H\u1ec6<\/strong><\/h2>\n<p class=\"row\"><span style=\"font-family: arial, helvetica, sans-serif; font-size: 16px;\">\ud83d\udcde Hotline: <a href=\"https:\/\/zalo.me\/0968249297\" target=\"_blank\" rel=\"noopener\">0968.249.297<\/a><\/span><\/p>\n<p class=\"row\"><span style=\"font-family: arial, helvetica, sans-serif; font-size: 16px;\">Xem th\u00eam b\u00e0i vi\u1ebft kh\u00e1c t\u1ea1i: <a href=\"https:\/\/dalatreview.vn\/en\/tour\/tour-camping-da-lat\/\">Camping Da Lat<\/a><\/span><\/p>\n<\/div>\n<\/div>\n<\/div>","protected":false},"excerpt":{"rendered":"<p>Tour c\u1eafm tr\u1ea1i ch\u00e8o sup H\u1ed3 Tuy\u1ec1n L\u00e2m 2N1\u0110 M\u1ed9t combo tuy\u1ec7t v\u1eddi m\u00f9a n\u00e0y \u0111\u00f3 l\u00e0 ch\u00e8o sup ng\u1eafm ho\u00e0ng h\u00f4n v\u00e0 c\u1eafm tr\u1ea1i s\u0103n m\u00e2y \u0111\u00f3n b\u00ecnh minh \u0111\u00f3 nha. Tranh th\u1ee7 &#8220;thanh xu\u00e2n&#8221; v\u00e0 thi\u00ean nhi\u00ean xinh \u0111\u1eb9p m\u00ecnh c\u00f9ng nhau tr\u1ea3i nghi\u1ec7m. T\u1ea4T C\u1ea2 G\u00d3I G\u1eccN TRONG CHUY\u1ebeN TREKKING, CH\u00c8O SUP, [&hellip;]<\/p>","protected":false},"featured_media":27437,"comment_status":"open","ping_status":"closed","template":"","meta":{"_acf_changed":false,"rank_math_lock_modified_date":false},"product_cat":[28],"product_tag":[],"acf":[],"_links":{"self":[{"href":"https:\/\/dalatreview.vn\/en\/wp-json\/wp\/v2\/product\/27432"}],"collection":[{"href":"https:\/\/dalatreview.vn\/en\/wp-json\/wp\/v2\/product"}],"about":[{"href":"https:\/\/dalatreview.vn\/en\/wp-json\/wp\/v2\/types\/product"}],"replies":[{"embeddable":true,"href":"https:\/\/dalatreview.vn\/en\/wp-json\/wp\/v2\/comments?post=27432"}],"wp:featuredmedia":[{"embeddable":true,"href":"https:\/\/dalatreview.vn\/en\/wp-json\/wp\/v2\/media\/27437"}],"wp:attachment":[{"href":"https:\/\/dalatreview.vn\/en\/wp-json\/wp\/v2\/media?parent=27432"}],"wp:term":[{"taxonomy":"product_cat","embeddable":true,"href":"https:\/\/dalatreview.vn\/en\/wp-json\/wp\/v2\/product_cat?post=27432"},{"taxonomy":"product_tag","embeddable":true,"href":"https:\/\/dalatreview.vn\/en\/wp-json\/wp\/v2\/product_tag?post=27432"}],"curies":[{"name":"wp","href":"https:\/\/api.w.org\/{rel}","templated":true}]}}