
{"id":27253,"date":"2023-03-13T10:57:07","date_gmt":"2023-03-13T03:57:07","guid":{"rendered":"https:\/\/dalatreview.vn\/?p=27253"},"modified":"2024-07-17T16:04:11","modified_gmt":"2024-07-17T09:04:11","slug":"cho-thue-den-leu-cam-trai-da-lat-gia-re","status":"publish","type":"product","link":"https:\/\/dalatreview.vn\/en\/cho-thue-den-leu-cam-trai-da-lat-gia-re.html","title":{"rendered":"Cho thu\u00ea \u0111\u00e8n l\u1ec1u c\u1eafm tr\u1ea1i \u0110\u00e0 L\u1ea1t gi\u00e1 r\u1ebb"},"content":{"rendered":"<nav class=\"vietrick-auto-toc\">\n<div class=\"box-title\">\n<h3 class=\"toc-title\" id=\"select-menu\">Danh m\u1ee5c ch\u00ednh<\/h3>\n<div><ion-icon name=\"chevron-up-outline\"><\/ion-icon><\/div>\n<\/div>\n<ul class=\"toc-list\">\n<li><a href='https:\/\/dalatreview.vn\/en#cho-thue-den-leu-cam-trai-da-lat-gia-re' class='heading-h2 toc-link smooth-scroll'>Cho thu\u00ea \u0111\u00e8n l\u1ec1u c\u1eafm tr\u1ea1i \u0110\u00e0 L\u1ea1t gi\u00e1 r\u1ebb\u00a0<\/a>\n<li><a href='https:\/\/dalatreview.vn\/en#1-thue-den-leu-cam-trai-da-lat' class='heading-h2 toc-link smooth-scroll'>1. Thu\u00ea \u0111\u00e8n l\u1ec1u c\u1eafm tr\u1ea1i \u0110\u00e0 L\u1ea1t<\/a>\n<li><a href='https:\/\/dalatreview.vn\/en#2-bang-gia-dich-vu-thue-den-leu-cam-trai-da-lat' class='heading-h2 toc-link smooth-scroll'>2. B\u1ea3ng gi\u00e1 d\u1ecbch v\u1ee5 thu\u00ea \u0111\u00e8n l\u1ec1u c\u1eafm tr\u1ea1i \u0110\u00e0 L\u1ea1t<\/a>\n<li><a href='https:\/\/dalatreview.vn\/en#3-thong-tin-lien-he' class='heading-h2 toc-link smooth-scroll'>3. Th\u00f4ng Tin Li\u00ean H\u1ec7<\/a><\/ul>\n<\/ul>\n<\/li>\n<\/ul>\n<\/nav>\n<h2 style=\"text-align: center\" id=\"cho-thue-den-leu-cam-trai-da-lat-gia-re\"><span style=\"color: #003300\"><strong>Cho thu\u00ea \u0111\u00e8n l\u1ec1u c\u1eafm tr\u1ea1i \u0110\u00e0 L\u1ea1t gi\u00e1 r\u1ebb\u00a0<\/strong><\/span><\/h2>\n<p>N\u1ebfu nh\u01b0 b\u1ea1n \u0111ang chu\u1ea9n cho m\u1ed9t chuy\u1ebfn \u0111i camping v\u00e0 c\u1ea7n ph\u1ea3i trang b\u1ecb nh\u1eefng m\u00f3n \u0111\u1ed3 c\u1ea7n thi\u1ebft nh\u01b0 l\u1ec1u c\u1eafm tr\u1ea1i, \u0111\u00e8n l\u1ec1u,\u2026. \u0110\u1ec3 c\u00f3 m\u1ed9t chuy\u1ebfn camping \u0111\u01b0\u1ee3c ho\u00e0n h\u1ea3o, tr\u1ecdn v\u1eb9n v\u00e0 t\u1ed1i \u01b0u chi ph\u00ed nh\u1ea5t th\u00ec b\u1ea1n c\u00f3 th\u1ec3 t\u00ecm \u0111\u1ebfn nh\u1eefng \u0111\u01a1n v\u1ecb cho thu\u00ea l\u1ec1u tr\u1ea1i gi\u00e1 r\u1ebb t\u1ea1i \u0110\u00e0 L\u1ea1t. C\u00f9ng t\u00ecm hi\u1ec3u r\u00f5 h\u01a1n trong b\u00e0i vi\u1ebft n\u00e0y c\u1ee7a Camping Art \u0110\u00e0 L\u1ea1t nh\u00e9!<\/p>\n<h2 id=\"1-thue-den-leu-cam-trai-da-lat\"><span style=\"color: #003300\"><strong>1. Thu\u00ea \u0111\u00e8n l\u1ec1u c\u1eafm tr\u1ea1i \u0110\u00e0 L\u1ea1t<\/strong><\/span><\/h2>\n<p>Khi \u0111i c\u1eafm tr\u1ea1i d\u00e3 ngo\u1ea1i ngo\u00e0i tr\u1eddi, vi\u1ec7c t\u1eadn h\u01b0\u1edfng kh\u00f4ng gian n\u01a1i c\u1eafm tr\u1ea1i s\u1ebd l\u00e0 m\u1ed9t tr\u1ea3i nghi\u1ec7m tuy\u1ec7t v\u1eddi m\u00e0 b\u1ea5t c\u1ee9 ai c\u0169ng kh\u00f4ng mu\u1ed1n b\u1ecf l\u1ee1. V\u00e0 quan tr\u1ecdng kh\u00f4ng k\u00e9m l\u00e0 nh\u1eefng gi\u00e2y ph\u00fat check in, ch\u1ee5p \u1ea3nh c\u1ef1c chill t\u1ea1i n\u01a1i c\u1eafm tr\u1ea1i.<img decoding=\"async\" class=\"aligncenter wp-image-27313 size-full\" src=\"https:\/\/dalatreview.vn\/wp-content\/uploads\/2023\/03\/z4177827565123_19660ca226722a6694ebf7d7ac965c6a.jpg\" alt=\"Cho thu\u00ea \u0111\u00e8n l\u1ec1u c\u1eafm tr\u1ea1i \u0110\u00e0 L\u1ea1t gi\u00e1 r\u1ebb\" width=\"2046\" height=\"1165\" \/>Th\u1ebf n\u00ean, nh\u1eefng lo\u1ea1i \u0111\u00e8n trang tr\u00ed nh\u01b0 \u0111\u00e8n b\u00e3o c\u1ed5 \u0111i\u1ec3n c\u1ef1c k\u00ec quan tr\u1ecdng gi\u00fap cho b\u1ea1n nh\u1eefng m\u1ed9t kh\u00f4ng gian \u1ea5m c\u00fang v\u00e0 nh\u1eefng b\u1ee9c \u1ea3nh c\u1ef1c \u0111\u1eb9p khi \u0111i c\u1eafm tr\u1ea1i.<\/p>\n<p><img decoding=\"async\" class=\"aligncenter wp-image-34328 size-full\" src=\"https:\/\/dalatreview.vn\/wp-content\/uploads\/2023\/03\/z4913639113738_a600c31682f0bc7174d0fbe6ab3ca8d0.jpg\" alt=\"\u0111\u00e8n l\u1ec1u c\u1eafm tr\u1ea1i\" width=\"1024\" height=\"1024\" srcset=\"https:\/\/dalatreview.vn\/wp-content\/uploads\/2023\/03\/z4913639113738_a600c31682f0bc7174d0fbe6ab3ca8d0.jpg 1024w, https:\/\/dalatreview.vn\/wp-content\/uploads\/2023\/03\/z4913639113738_a600c31682f0bc7174d0fbe6ab3ca8d0-300x300.jpg 300w, https:\/\/dalatreview.vn\/wp-content\/uploads\/2023\/03\/z4913639113738_a600c31682f0bc7174d0fbe6ab3ca8d0-100x100.jpg 100w, https:\/\/dalatreview.vn\/wp-content\/uploads\/2023\/03\/z4913639113738_a600c31682f0bc7174d0fbe6ab3ca8d0-600x600.jpg 600w\" sizes=\"(max-width: 1024px) 100vw, 1024px\" \/><\/p>\n<p>Vi\u1ec7c thu\u00ea \u0111\u00e8n l\u1ec1u c\u1eafm tr\u1ea1i s\u1ebd gi\u00fap b\u1ea1n trang tr\u00ed xung quanh l\u1ec1u lung linh h\u01a1n v\u00e0 c\u00f3 nh\u1eefng background s\u1ed1ng \u1ea3o x\u1ecbn s\u00f2 cho nh\u1eefng b\u1ee9c \u1ea3nh tri\u1ec7u like.<img decoding=\"async\" class=\"aligncenter wp-image-27315 size-full\" src=\"https:\/\/dalatreview.vn\/wp-content\/uploads\/2023\/03\/z4177825040976_fe68ed66eca8317a68b2ddb630759ac1.jpg\" alt=\"Cho thu\u00ea \u0111\u00e8n l\u1ec1u c\u1eafm tr\u1ea1i \u0110\u00e0 L\u1ea1t gi\u00e1 r\u1ebb\" width=\"2048\" height=\"1365\" \/>Th\u1ebf n\u00ean, vi\u1ec7c thu\u00ea \u0111\u00e8n l\u1ec1u c\u1eafm gi\u00fap cho b\u1ea1n nh\u1eefng m\u1ed9t kh\u00f4ng gian \u1ea5m c\u00fang v\u00e0 nh\u1eefng b\u1ee9c \u1ea3nh c\u1ef1c \u0111\u1eb9p khi \u0111i c\u1eafm tr\u1ea1i.\u0110\u00e8n v\u1eeba s\u1eed d\u1ee5ng l\u00e0m \u0111\u00e8n l\u1ec1u v\u1eeba s\u1eed d\u1ee5ng l\u00e0m \u0111\u00e8n \u0111\u1ec3 b\u00e0n ngo\u00e0i tr\u1eddi khi \u0111i c\u1eafm tr\u1ea1i.<\/p>\n<p><img decoding=\"async\" class=\"aligncenter wp-image-34331 size-full\" src=\"https:\/\/dalatreview.vn\/wp-content\/uploads\/2023\/03\/378044295_326851106539076_7823717181820213542_n.jpg\" alt=\"\u0111\u00e8n l\u1ec1u c\u1eafm tr\u1ea1i\" width=\"1536\" height=\"2048\" srcset=\"https:\/\/dalatreview.vn\/wp-content\/uploads\/2023\/03\/378044295_326851106539076_7823717181820213542_n.jpg 1536w, https:\/\/dalatreview.vn\/wp-content\/uploads\/2023\/03\/378044295_326851106539076_7823717181820213542_n-600x800.jpg 600w\" sizes=\"(max-width: 1536px) 100vw, 1536px\" \/><\/p>\n<h2 id=\"2-bang-gia-dich-vu-thue-den-leu-cam-trai-da-lat\"><span style=\"color: #003300\"><strong>2. B\u1ea3ng gi\u00e1 d\u1ecbch v\u1ee5 thu\u00ea \u0111\u00e8n l\u1ec1u c\u1eafm tr\u1ea1i \u0110\u00e0 L\u1ea1t<\/strong><\/span><\/h2>\n<p><strong>Gi\u00e1 thu\u00ea: 20.000\u0111\/1 l\u01b0\u1ee3t thu\u00ea<\/strong><\/p>\n<p>\u2013 \u0110\u00e8n s\u1eed d\u1ee5ng ngu\u1ed3n s\u1ea1c, khi s\u1ea1c \u0111\u1ea7y c\u00f3 th\u1ec3 th\u1eafp s\u00e1ng th\u1eddi gian d\u00e0i t\u1eeb 4 &#8211; 5 ti\u1ebfng. Gi\u00fap khu tr\u1ea1i c\u1ee7a b\u1ea1n \u0111\u1eb9p lung linh v\u00e0 ch\u1ee5p \u1ea3nh c\u1ef1c chill.<\/p>\n<p>\u2013 \u0110\u00e8n c\u00f3 thi\u1ebft k\u1ebf g\u1ecdn c\u00f3 th\u1ec3 th\u1ec3 d\u00f9ng \u0111\u00e8n c\u1ea7m tay \u0111\u1ec3 di chuy\u1ec3n, treo ho\u1eb7c m\u00f3c l\u00ean cao.<\/p>\n<p>\u2013 C\u00f3 quai c\u1ea7m \u0111\u1ec3 ti\u1ec7n x\u00e1ch ho\u1eb7c treo.<\/p>\n<p>\u2013 \u0110\u00e8n c\u00f3 th\u1ec3 d\u00f9ng nh\u01b0 pin d\u1ef1 ph\u00f2ng \u0111\u1ec3 s\u1ea1c \u0111i\u1ec7n tho\u1ea1i, m\u00e1y t\u00ednh.<\/p>\n<p>\u2013 \u0110\u00e8n kh\u00f4ng t\u1ecfa nhi\u1ec7t, kh\u00f4ng d\u00f9ng d\u1ea7u, l\u1eeda ch\u1ed1ng ch\u00e1y n\u1ed5 v\u00e0 an to\u00e0n cho ng\u01b0\u1eddi l\u1edbn v\u00e0 tr\u1ebb nh\u1ecf.<\/p>\n<p><strong>Quy tr\u00ecnh giao nh\u1eadn l\u1ec1u c\u1eafm tr\u1ea1i:<\/strong><\/p>\n<p>\u2013 Kh\u00e1ch sau khi nh\u1eadn l\u1ec1u, ki\u1ec3m tra \u0111\u1ea7y \u0111\u1ee7 s\u1ed1 l\u01b0\u1ee3ng \u0111\u1ea7y \u0111\u1ee7 ph\u1ee5 ki\u1ec7n, khung l\u1ec1u c\u00f3 g\u00e3y hay kh\u00f4ng.<\/p>\n<p>\u2013 Kh\u00e1ch k\u00fd v\u00e0o h\u00f3a \u0111\u01a1n s\u1ed1 l\u01b0\u1ee3ng v\u00e0 nh\u1eefng v\u1eadt d\u1ee5ng thu\u00ea.<\/p>\n<p>\u2013 Kh\u00e1ch c\u1ecdc Ch\u1ee9ng Minh Nh\u00e2n D\u00e2n v\u00e0 tr\u1ea3 ti\u1ec1n thu\u00ea \u0111\u1ed3 tr\u01b0\u1edbc, ho\u1eb7c tr\u1ea3 ti\u1ec1n thu\u00ea \u0111\u1ed3 tr\u01b0\u1edbc v\u00e0 c\u1ecdc ti\u1ec1n \u0111\u1ed3 thu\u00ea.<\/p>\n<p>\u2013 Sau khi thu\u00ea \u0111\u1ed3 xong. B\u00ean thu\u00ea l\u1ec1u s\u1ebd ki\u1ec3m tra \u0111\u1ed3 thu\u00ea so s\u00e1nh v\u1edbi h\u00f3a \u0111\u01a1n s\u1ed1 l\u01b0\u1ee3ng v\u00e0 nh\u1eefng v\u1eadt d\u1ee5ng thu\u00ea v\u00e0 tr\u1ea3 l\u1ea1i Ch\u1ee9ng Minh Nh\u00e2n D\u00e2n ho\u1eb7c ti\u1ec1n c\u1ecdc c\u1ee7a kh\u00e1ch.<\/p>\n<p>N\u1ebfu c\u00e1c b\u1ea1n mu\u1ed1n t\u00ecm n\u01a1i cho thu\u00ea \u0111\u00e8n l\u1ec1u c\u1eafm tr\u1ea1i uy t\u00edn, v\u1eady h\u00e3y \u0111\u1ebfn v\u1edbi Camping Art \u0110\u00e0 L\u1ea1t \u0111\u1ecba \u0111i\u1ec3m chuy\u00ean\u00a0cho thu\u00ea \u0111\u00e8n l\u1ec1u c\u1eafm tr\u1ea1i,\u00a0l\u1ec1u\u00a0ph\u01b0\u1ee3t v\u1edbi nhi\u1ec1u k\u00edch c\u1ee1 \u0111a d\u1ea1ng nh\u01b0:\u00a0l\u1ec1u 2, 4, 6, 12 ng\u01b0\u1eddi v\u1edbi thi\u1ebft k\u1ebf c\u00f3 th\u1ec3 g\u1ea5p g\u1ecdn, r\u1ea5t ti\u1ec7n d\u1ee5ng khi mang \u0111i xa.\u00a0<\/p>\n<p><img decoding=\"async\" class=\"aligncenter wp-image-34315 size-full\" src=\"https:\/\/dalatreview.vn\/wp-content\/uploads\/2023\/03\/z4911120962349_a92e1c27e6bd2475ec8616f07c78c2f4.jpg\" alt=\"b\u1ea3ng gi\u00e1 thu\u00ea l\u1ec1u c\u1eafm tr\u1ea1i\" width=\"2560\" height=\"1440\" srcset=\"https:\/\/dalatreview.vn\/wp-content\/uploads\/2023\/03\/z4911120962349_a92e1c27e6bd2475ec8616f07c78c2f4.jpg 2560w, https:\/\/dalatreview.vn\/wp-content\/uploads\/2023\/03\/z4911120962349_a92e1c27e6bd2475ec8616f07c78c2f4-600x338.jpg 600w\" sizes=\"(max-width: 2560px) 100vw, 2560px\" \/><\/p>\n<h2 id=\"3-thong-tin-lien-he\"><span style=\"color: #003300\"><strong>3. Th\u00f4ng Tin Li\u00ean H\u1ec7<\/strong><\/span><\/h2>\n<p>Hotline: 0968 249 297<\/p>\n<p>Fanpage:\u00a0<a href=\"https:\/\/www.facebook.com\/CampingArtDaLat\" target=\"_blank\" rel=\"noopener\">Camping Art \u0110\u00e0 L\u1ea1t<\/a><\/p>\n<p>Xem th\u00eam c\u00e1c b\u00e0i vi\u1ebft kh\u00e1c t\u1ea1i:\u00a0<a href=\"https:\/\/dalatreview.vn\/en\/\">\u0110\u00e0 L\u1ea1t Review<\/a><\/p>","protected":false},"excerpt":{"rendered":"<p>Danh m\u1ee5c ch\u00ednh Cho thu\u00ea \u0111\u00e8n l\u1ec1u c\u1eafm tr\u1ea1i \u0110\u00e0 L\u1ea1t gi\u00e1 r\u1ebb\u00a0 1. Thu\u00ea \u0111\u00e8n l\u1ec1u c\u1eafm tr\u1ea1i \u0110\u00e0 L\u1ea1t 2. B\u1ea3ng gi\u00e1 d\u1ecbch v\u1ee5 thu\u00ea \u0111\u00e8n l\u1ec1u c\u1eafm tr\u1ea1i \u0110\u00e0 L\u1ea1t 3. Th\u00f4ng Tin Li\u00ean H\u1ec7 Cho thu\u00ea \u0111\u00e8n l\u1ec1u c\u1eafm tr\u1ea1i \u0110\u00e0 L\u1ea1t gi\u00e1 r\u1ebb\u00a0 N\u1ebfu nh\u01b0 b\u1ea1n \u0111ang chu\u1ea9n cho m\u1ed9t [&hellip;]<\/p>","protected":false},"featured_media":34330,"comment_status":"open","ping_status":"closed","template":"","meta":{"_acf_changed":false,"rank_math_lock_modified_date":false},"product_cat":[28],"product_tag":[],"acf":[],"_links":{"self":[{"href":"https:\/\/dalatreview.vn\/en\/wp-json\/wp\/v2\/product\/27253"}],"collection":[{"href":"https:\/\/dalatreview.vn\/en\/wp-json\/wp\/v2\/product"}],"about":[{"href":"https:\/\/dalatreview.vn\/en\/wp-json\/wp\/v2\/types\/product"}],"replies":[{"embeddable":true,"href":"https:\/\/dalatreview.vn\/en\/wp-json\/wp\/v2\/comments?post=27253"}],"wp:featuredmedia":[{"embeddable":true,"href":"https:\/\/dalatreview.vn\/en\/wp-json\/wp\/v2\/media\/34330"}],"wp:attachment":[{"href":"https:\/\/dalatreview.vn\/en\/wp-json\/wp\/v2\/media?parent=27253"}],"wp:term":[{"taxonomy":"product_cat","embeddable":true,"href":"https:\/\/dalatreview.vn\/en\/wp-json\/wp\/v2\/product_cat?post=27253"},{"taxonomy":"product_tag","embeddable":true,"href":"https:\/\/dalatreview.vn\/en\/wp-json\/wp\/v2\/product_tag?post=27253"}],"curies":[{"name":"wp","href":"https:\/\/api.w.org\/{rel}","templated":true}]}}