
{"id":27223,"date":"2023-03-11T10:29:39","date_gmt":"2023-03-11T03:29:39","guid":{"rendered":"https:\/\/dalatreview.vn\/?p=27223"},"modified":"2024-05-18T08:53:36","modified_gmt":"2024-05-18T08:53:36","slug":"tour-cam-trai-san-may-cau-dat-da-lat","status":"publish","type":"product","link":"https:\/\/dalatreview.vn\/en\/tour-cam-trai-san-may-cau-dat-da-lat.html","title":{"rendered":"Tour camping hunting clouds Bridge Earth Da Lat"},"content":{"rendered":"<nav class=\"vietrick-auto-toc\">\n<div class=\"box-title\">\n<h3 class=\"toc-title\" id=\"select-menu\">Danh m\u1ee5c ch\u00ednh<\/h3>\n<div><ion-icon name=\"chevron-up-outline\"><\/ion-icon><\/div>\n<\/div>\n<ul class=\"toc-list\"><\/ul>\n<li><a href='https:\/\/dalatreview.vn\/en#tour-cam-trai-san-may-cau-dat-da-lat' class='heading-h1 toc-link smooth-scroll'>Tour camping hunting clouds Bridge Earth Da Lat\u00a0<\/a><\/ul>\n<\/li>\n<\/ul>\n<\/nav>\n<h1 style=\"text-align: center;\" id=\"tour-cam-trai-san-may-cau-dat-da-lat\"><span style=\"color: #003300;\"><strong>Tour camping hunting clouds Bridge Earth Da Lat\u00a0<\/strong><\/span><\/h1>\n<p><strong>C\u1eafm tr\u1ea1i s\u0103n m\u00e2y \u0111\u1ed3i ch\u00e8 C\u1ea7u \u0110\u1ea5t<\/strong><\/p>\n<div dir=\"auto\"><span class=\"x3nfvp2 x1j61x8r x1fcty0u xdj266r xhhsvwb xat24cr xgzva0m xxymvpz xlup9mm x1kky2od\"><img decoding=\"async\" src=\"https:\/\/static.xx.fbcdn.net\/images\/emoji.php\/v9\/t43\/1.5\/16\/1f332.png\" alt=\"\ud83c\udf32\" width=\"16\" height=\"16\" \/> <\/span>TH\u1ee8C D\u1eacY C\u00d9NG V\u1edaI M\u00c2Y<span class=\"x3nfvp2 x1j61x8r x1fcty0u xdj266r xhhsvwb xat24cr xgzva0m xxymvpz xlup9mm x1kky2od\"><img decoding=\"async\" src=\"https:\/\/static.xx.fbcdn.net\/images\/emoji.php\/v9\/t75\/1.5\/16\/2601.png\" alt=\"\u2601\ufe0f\" width=\"16\" height=\"16\" \/><\/span><span class=\"x3nfvp2 x1j61x8r x1fcty0u xdj266r xhhsvwb xat24cr xgzva0m xxymvpz xlup9mm x1kky2od\"><img decoding=\"async\" src=\"https:\/\/static.xx.fbcdn.net\/images\/emoji.php\/v9\/t75\/1.5\/16\/2601.png\" alt=\"\u2601\ufe0f\" width=\"16\" height=\"16\" \/><\/span><span class=\"x3nfvp2 x1j61x8r x1fcty0u xdj266r xhhsvwb xat24cr xgzva0m xxymvpz xlup9mm x1kky2od\"><img decoding=\"async\" src=\"https:\/\/static.xx.fbcdn.net\/images\/emoji.php\/v9\/t75\/1.5\/16\/2601.png\" alt=\"\u2601\ufe0f\" width=\"16\" height=\"16\" \/><\/span><\/div>\n<div dir=\"auto\">H\u00e3y t\u1ea1m g\u00e1c l\u1ea1i nh\u1eefng b\u1ed9n b\u1ec1 c\u1ee7a cu\u1ed9c s\u1ed1ng, cho ph\u00e9p ch\u00fang m\u00ecnh mang \u0111\u1ebfn cho c\u00e1c b\u1ea1n nh\u1eefng tr\u1ea3i nghi\u1ec7m qu\u00fd gi\u00e1 v\u00e0 nh\u1eefng c\u1ea3m x\u00fac th\u0103ng hoa m\u00e0 thi\u00ean nhi\u00ean ban t\u1eb7ng gi\u1eefa \u0111\u1ea5t tr\u1eddi cao nguy\u00ean \u0110\u00e0 L\u1ea1t. V\u00e0 nh\u1edb, \u0111\u1eebng qu\u00ean m\u1ed9t chi\u1ebfc m\u00e1y \u1ea3nh x\u1ecbn x\u00f2 c\u00f9ng m\u1ed9t ng\u01b0\u1eddi b\u1ea1n c\u00f3 t\u00e2m nh\u00e9 <span class=\"x3nfvp2 x1j61x8r x1fcty0u xdj266r xhhsvwb xat24cr xgzva0m xxymvpz xlup9mm x1kky2od\"><img decoding=\"async\" src=\"https:\/\/static.xx.fbcdn.net\/images\/emoji.php\/v9\/t43\/1.5\/16\/1f970.png\" alt=\"\ud83e\udd70\" width=\"16\" height=\"16\" \/><\/span><\/div>\n<div dir=\"auto\"><strong>C\u1eafm tr\u1ea1i s\u0103n m\u00e2y \u0111\u1ed3i ch\u00e8 C\u1ea7u \u0110\u1ea5t<\/strong> d\u00e0nh cho nh\u1eefng b\u1ea1n y\u00eau thi\u00ean nhi\u00ean, th\u00edch t\u1eadn h\u01b0\u1edfng kh\u00f4ng kh\u00ed n\u00fai r\u1eebng. Quan tr\u1ecdng kh\u00f4ng k\u00e9m l\u00e0 b\u1ea1n c\u00f3 th\u1ec3 s\u0103n \u0111\u01b0\u1ee3c \u0111\u1eb7c s\u1ea3n \u201cM\u00e2y\u201d v\u00e0 c\u00f3 nh\u1eefng k\u1ef7 ni\u1ec7m th\u1eadt \u0111\u1eb9p v\u00e0 \u0111\u00e1ng nh\u1edb <span class=\"x3nfvp2 x1j61x8r x1fcty0u xdj266r xhhsvwb xat24cr xgzva0m xxymvpz xlup9mm x1kky2od\"><img decoding=\"async\" src=\"https:\/\/static.xx.fbcdn.net\/images\/emoji.php\/v9\/t5b\/1.5\/16\/1f60d.png\" alt=\"\ud83d\ude0d\" width=\"16\" height=\"16\" \/><\/span><\/div>\n<div dir=\"auto\"><\/div>\n<div dir=\"auto\"><img decoding=\"async\" class=\"aligncenter wp-image-27234 size-full\" src=\"https:\/\/dalatreview.vn\/wp-content\/uploads\/2023\/03\/14.jpg\" alt=\"Tour c\u1eafm tr\u1ea1i s\u0103n m\u00e2y C\u1ea7u \u0110\u1ea5t \u0110\u00e0 L\u1ea1t\u00a0\" width=\"1280\" height=\"853\" \/><\/div>\n<p>&nbsp;<\/p>\n<p><span class=\"x3nfvp2 x1j61x8r x1fcty0u xdj266r xhhsvwb xat24cr xgzva0m xxymvpz xlup9mm x1kky2od\"><img decoding=\"async\" class=\"\" src=\"https:\/\/static.xx.fbcdn.net\/images\/emoji.php\/v9\/te0\/1.5\/16\/1f340.png\" alt=\"\ud83c\udf40\" width=\"16\" height=\"16\" \/> <\/span>&#8220;TU\u1ed4I THANH XU\u00c2N C\u0168NG NH\u01af M\u00c2Y TR\u1edcI&#8221;.<\/p>\n<p>Thanh xu\u00e2n lu\u00f4n \u0111\u01b0\u1ee3c mang ra \u0111\u1ec3 nh\u1eafc v\u1ec1 nh\u1eefng ho\u00e0i ni\u1ec7m. Tu\u1ed5i tr\u1ebb th\u00ec kh\u00f4ng quay tr\u1edf l\u1ea1i \u0111\u01b0\u1ee3c, n\u1ebfu \u0111am m\u00ea mu\u1ed1n th\u1eed t\u00ecm v\u1ec1 v\u1edbi b\u00ecnh y\u00ean, c\u00f3 nh\u1eefng tr\u1ea3i nghi\u1ec7m m\u1edbi l\u1ea1 t\u1ea1i sao b\u1ea1n kh\u00f4ng th\u1eed t\u00ecm \u0111\u1ebfn v\u1edbi lo\u1ea1i h\u00ecnh Camping. \u0110\u01b0\u1ee3c ng\u1ed3i c\u00f9ng v\u1edbi ng\u01b0\u1eddi m\u00ecnh &#8220;Th\u01b0\u01a1ng&#8221;, c\u00f9ng v\u1edbi nh\u00f3m b\u1ea1n th\u00e2n, t\u1ed1i c\u00f9ng n\u01b0\u1edbng BBQ, nh\u1ea5p mi\u1ebfng r\u01b0\u1ee3u Soju, ng\u00e2n nga m\u1ed9t ch\u00fat v\u1edbi guitar acoustic, off \u0111i\u1ec7n tho\u1ea1i, t\u1ea1m g\u00e1c deadline sang 1 b\u00ean&#8230;ng\u01b0\u1eddi ta g\u1ecdi \u0111\u00f3 l\u00e0 &#8220;Thanh Xu\u00e2n tr\u00f4i qua m\u00e0 kh\u00f4ng h\u1ed1i ti\u1ebfc&#8221; <span class=\"x3nfvp2 x1j61x8r x1fcty0u xdj266r xhhsvwb xat24cr xgzva0m xxymvpz xlup9mm x1kky2od\"><img decoding=\"async\" src=\"https:\/\/static.xx.fbcdn.net\/images\/emoji.php\/v9\/t63\/1.5\/16\/1f343.png\" alt=\"\ud83c\udf43\" width=\"16\" height=\"16\" \/><\/span><span class=\"x3nfvp2 x1j61x8r x1fcty0u xdj266r xhhsvwb xat24cr xgzva0m xxymvpz xlup9mm x1kky2od\"><img decoding=\"async\" src=\"https:\/\/static.xx.fbcdn.net\/images\/emoji.php\/v9\/t63\/1.5\/16\/1f343.png\" alt=\"\ud83c\udf43\" width=\"16\" height=\"16\" \/><\/span><span class=\"x3nfvp2 x1j61x8r x1fcty0u xdj266r xhhsvwb xat24cr xgzva0m xxymvpz xlup9mm x1kky2od\"><img decoding=\"async\" src=\"https:\/\/static.xx.fbcdn.net\/images\/emoji.php\/v9\/t63\/1.5\/16\/1f343.png\" alt=\"\ud83c\udf43\" width=\"16\" height=\"16\" \/><\/span><\/p>\n<p><img decoding=\"async\" class=\"aligncenter wp-image-27238 size-full\" src=\"https:\/\/dalatreview.vn\/wp-content\/uploads\/2023\/03\/z4116769363316_71c2515c399e83c4fe146e5427e5692d.jpg\" alt=\"Tour c\u1eafm tr\u1ea1i s\u0103n m\u00e2y C\u1ea7u \u0110\u1ea5t \u0110\u00e0 L\u1ea1t\u00a0\" width=\"960\" height=\"1280\" \/><\/p>\n<p><span class=\"x3nfvp2 x1j61x8r x1fcty0u xdj266r xhhsvwb xat24cr xgzva0m xxymvpz xlup9mm x1kky2od\"><img decoding=\"async\" src=\"https:\/\/static.xx.fbcdn.net\/images\/emoji.php\/v9\/tda\/1.5\/16\/1f60c.png\" alt=\"\ud83d\ude0c\" width=\"16\" height=\"16\" \/> <\/span>M\u1ed8T CHI\u1ebeC GLAMPING &#8220;T\u1ea4T T\u1ea6N T\u1eacT&#8221;<\/p>\n<div class=\"x11i5rnm xat24cr x1mh8g0r x1vvkbs xtlvy1s x126k92a\">\n<div dir=\"auto\">\u0110\u1ed5i mood cho c\u00e1c camp-ers mu\u1ed1n \u0111i Camping nh\u01b0ng l\u1ea1i c\u00f3 \u201ct\u1ea5t t\u1ea7n t\u1eadt\u201d kh\u1ecfi ph\u1ea3i lo mang v\u00e1c l\u1ec1u tr\u1ea1i hay \u0111i \u0111\u00e2u xa, c\u0169ng ch\u1eb3ng thi\u1ebfu th\u00fa vui. Th\u00ec ch\u1ec9 c\u00f3 \u1ee5n xe t\u1edbi n\u01a1i th\u00f4iii b\u1ea1n \u01a1i <span class=\"x3nfvp2 x1j61x8r x1fcty0u xdj266r xhhsvwb xat24cr xgzva0m xxymvpz xlup9mm x1kky2od\"><img decoding=\"async\" src=\"https:\/\/static.xx.fbcdn.net\/images\/emoji.php\/v9\/td9\/1.5\/16\/1f92a.png\" alt=\"\ud83e\udd2a\" width=\"16\" height=\"16\" \/><\/span><\/div>\n<\/div>\n<div class=\"x11i5rnm xat24cr x1mh8g0r x1vvkbs xtlvy1s x126k92a\">\n<div dir=\"auto\"><strong>C\u1eafm tr\u1ea1i s\u0103n m\u00e2y \u0111\u1ed3i ch\u00e8 C\u1ea7u \u0110\u1ea5t<\/strong> v\u1edbi nhi\u1ec1u concept chanh x\u1ea3 c\u1ee7a em n\u00f3 th\u00ec ch\u1eb3ng th\u1ec3 n\u00e0o thi\u1ebfu h\u00ecnh xinh mang v\u1ec1 \u0111\u01b0\u1ee3c! <span class=\"x3nfvp2 x1j61x8r x1fcty0u xdj266r xhhsvwb xat24cr xgzva0m xxymvpz xlup9mm x1kky2od\"><img decoding=\"async\" src=\"https:\/\/static.xx.fbcdn.net\/images\/emoji.php\/v9\/t10\/1.5\/16\/1f917.png\" alt=\"\ud83e\udd17\" width=\"16\" height=\"16\" \/><\/span><\/div>\n<\/div>\n<div class=\"x11i5rnm xat24cr x1mh8g0r x1vvkbs xtlvy1s x126k92a\">\n<div dir=\"auto\">\u0110\u1eb7c bi\u1ec7t khi \u0111\u1ebfn \u0111\u00e2y\u00a0b\u1ea1n s\u1ebd \u0111\u01b0\u1ee3c tham quan c\u1ea3 khu Thi\u00ean \u0110\u01b0\u1eddng S\u0103n M\u00e2y C\u1ea7u \u0110\u1ea5t m\u00e0 ch\u1eb3ng ph\u1ea3i chi tr\u1ea3 th\u00eam b\u1ea5t k\u00ec kho\u1ea3ng ph\u00ed n\u00e0o n\u00e8<span class=\"x3nfvp2 x1j61x8r x1fcty0u xdj266r xhhsvwb xat24cr xgzva0m xxymvpz xlup9mm x1kky2od\"><img decoding=\"async\" src=\"https:\/\/static.xx.fbcdn.net\/images\/emoji.php\/v9\/t77\/1.5\/16\/1f61a.png\" alt=\"\ud83d\ude1a\" width=\"16\" height=\"16\" \/><\/span><span class=\"x3nfvp2 x1j61x8r x1fcty0u xdj266r xhhsvwb xat24cr xgzva0m xxymvpz xlup9mm x1kky2od\"><img decoding=\"async\" src=\"https:\/\/static.xx.fbcdn.net\/images\/emoji.php\/v9\/t77\/1.5\/16\/1f61a.png\" alt=\"\ud83d\ude1a\" width=\"16\" height=\"16\" \/><\/span><span class=\"x3nfvp2 x1j61x8r x1fcty0u xdj266r xhhsvwb xat24cr xgzva0m xxymvpz xlup9mm x1kky2od\"><img decoding=\"async\" src=\"https:\/\/static.xx.fbcdn.net\/images\/emoji.php\/v9\/t77\/1.5\/16\/1f61a.png\" alt=\"\ud83d\ude1a\" width=\"16\" height=\"16\" \/><\/span><\/div>\n<div dir=\"auto\"><\/div>\n<div dir=\"auto\"><img decoding=\"async\" class=\"aligncenter wp-image-27228 size-full\" src=\"https:\/\/dalatreview.vn\/wp-content\/uploads\/2023\/03\/4-1.jpg\" alt=\"Tour c\u1eafm tr\u1ea1i s\u0103n m\u00e2y C\u1ea7u \u0110\u1ea5t \u0110\u00e0 L\u1ea1t\u00a0\" width=\"1581\" height=\"2048\" \/><\/div>\n<\/div>\n<p><span class=\"x3nfvp2 x1j61x8r x1fcty0u xdj266r xhhsvwb xat24cr xgzva0m xxymvpz xlup9mm x1kky2od\"><span class=\"x3nfvp2 x1j61x8r x1fcty0u xdj266r xhhsvwb xat24cr xgzva0m xxymvpz xlup9mm x1kky2od\"><img decoding=\"async\" src=\"https:\/\/static.xx.fbcdn.net\/images\/emoji.php\/v9\/t35\/1.5\/16\/1f3d5.png\" alt=\"\ud83c\udfd5\ufe0f\" width=\"16\" height=\"16\" \/><\/span> Nh\u1eefng chi\u1ebfc L\u1ec0U size L\u1edaN t\u1eeb 13 &#8211; 24m2 \u0111\u01b0\u1ee3c b\u1ed1 tr\u00ed \u0111\u1ed1i di\u1ec7n THUNG L\u0168NG M\u00c2Y \u0111\u01b0\u1ee3c trang b\u1ecb \u0111\u1ea7y \u0111\u1ee7 gi\u01b0\u1eddng ng\u1ee7, n\u1ed9i th\u1ea5t c\u01a1 b\u1ea3n sang ch\u1ea3nh. Khu nh\u00e0 v\u1ec7 sinh \u1ed1p g\u1ed7 x\u1ecbn x\u00f2 s\u1ea1ch s\u1ebd, \u0111\u1ea7y \u0111\u1ee7 ti\u1ec7n l\u1ee3i, trang b\u1ecb m\u00e1y t\u1eafm n\u01b0\u1edbc n\u00f3ng ngay trong khu tr\u1ea1i.<\/span><\/p>\n<p><img decoding=\"async\" class=\"aligncenter wp-image-27231 size-full\" src=\"https:\/\/dalatreview.vn\/wp-content\/uploads\/2023\/03\/7.jpg\" alt=\"Tour c\u1eafm tr\u1ea1i s\u0103n m\u00e2y C\u1ea7u \u0110\u1ea5t \u0110\u00e0 L\u1ea1t\u00a0\" width=\"2048\" height=\"1365\" \/><\/p>\n<div class=\"x11i5rnm xat24cr x1mh8g0r x1vvkbs xtlvy1s x126k92a\">\n<p dir=\"auto\"><span class=\"x3nfvp2 x1j61x8r x1fcty0u xdj266r xhhsvwb xat24cr xgzva0m xxymvpz xlup9mm x1kky2od\"><img decoding=\"async\" src=\"https:\/\/static.xx.fbcdn.net\/images\/emoji.php\/v9\/t73\/1.5\/16\/1f33b.png\" alt=\"\ud83c\udf3b\" width=\"16\" height=\"16\" \/><\/span> <strong>C\u1eafm tr\u1ea1i s\u0103n m\u00e2y \u0111\u1ed3i ch\u00e8 C\u1ea7u \u0110\u1ea5t<\/strong> \u0111ang \u00e1p d\u1ee5ng \u0111\u1ed3ng th\u1eddi \u01b0u \u0111\u00e3i gi\u00e1 nh\u00f3m:<\/p>\n<p dir=\"auto\">&#8220;\u0110I C\u00c0NG \u0110\u00d4NG C\u00c0NG R\u1eba&#8221; v\u00e0<\/p>\n<p dir=\"auto\">\u01afu \u0111\u00e3i t\u1eb7ng &#8220;Th\u1ebb d\u1ecbch v\u1ee5 mi\u1ec5n ph\u00ed tham quan&#8221;<\/p>\n<p dir=\"auto\"><strong><span class=\"x3nfvp2 x1j61x8r x1fcty0u xdj266r xhhsvwb xat24cr xgzva0m xxymvpz xlup9mm x1kky2od\"><img decoding=\"async\" src=\"https:\/\/static.xx.fbcdn.net\/images\/emoji.php\/v9\/t4a\/1.5\/16\/1f4af.png\" alt=\"\ud83d\udcaf\" width=\"16\" height=\"16\" \/> <\/span>Ch\u1ec9 t\u1eeb 1.000.000 vn\u0111\/ ng\u01b0\u1eddi, d\u1ecbch v\u1ee5 tr\u1ecdn g\u00f3i bao g\u1ed3m:<\/strong><\/p>\n<\/div>\n<div dir=\"auto\"><span class=\"x3nfvp2 x1j61x8r x1fcty0u xdj266r xhhsvwb xat24cr xgzva0m xxymvpz xlup9mm x1kky2od\"><img decoding=\"async\" src=\"https:\/\/static.xx.fbcdn.net\/images\/emoji.php\/v9\/t2f\/1.5\/16\/26fa.png\" alt=\"\u26fa\" width=\"16\" height=\"16\" \/><\/span> L\u01b0u tr\u00fa l\u1ec1u tr\u1ea1i cao c\u1ea5p<\/div>\n<div dir=\"auto\"><span class=\"x3nfvp2 x1j61x8r x1fcty0u xdj266r xhhsvwb xat24cr xgzva0m xxymvpz xlup9mm x1kky2od\"><img decoding=\"async\" src=\"https:\/\/static.xx.fbcdn.net\/images\/emoji.php\/v9\/t18\/1.5\/16\/2615.png\" alt=\"\u2615\" width=\"16\" height=\"16\" \/><\/span> T\u1eb6NG Welcome drink<\/div>\n<div dir=\"auto\"><span class=\"x3nfvp2 x1j61x8r x1fcty0u xdj266r xhhsvwb xat24cr xgzva0m xxymvpz xlup9mm x1kky2od\"><img decoding=\"async\" src=\"https:\/\/static.xx.fbcdn.net\/images\/emoji.php\/v9\/t85\/1.5\/16\/1f356.png\" alt=\"\ud83c\udf56\" width=\"16\" height=\"16\" \/><\/span> T\u1eb6NG Ti\u1ec7c BBQ t\u1ed1i 7-8 m\u00f3n (c\u00f3 refill)<\/div>\n<div dir=\"auto\"><span class=\"x3nfvp2 x1j61x8r x1fcty0u xdj266r xhhsvwb xat24cr xgzva0m xxymvpz xlup9mm x1kky2od\"><img decoding=\"async\" src=\"https:\/\/static.xx.fbcdn.net\/images\/emoji.php\/v9\/t32\/1.5\/16\/1f35c.png\" alt=\"\ud83c\udf5c\" width=\"16\" height=\"16\" \/><\/span> T\u1eb6NG b\u1eefa s\u00e1ng k\u00e8m n\u01b0\u1edbc<\/div>\n<div dir=\"auto\"><span class=\"x3nfvp2 x1j61x8r x1fcty0u xdj266r xhhsvwb xat24cr xgzva0m xxymvpz xlup9mm x1kky2od\"><img decoding=\"async\" src=\"https:\/\/static.xx.fbcdn.net\/images\/emoji.php\/v9\/ta8\/1.5\/16\/1f964.png\" alt=\"\ud83e\udd64\" width=\"16\" height=\"16\" \/><\/span> T\u1eb6NG n\u01b0\u1edbc su\u1ed1i 500ml\/pax<\/div>\n<div dir=\"auto\"><span class=\"x3nfvp2 x1j61x8r x1fcty0u xdj266r xhhsvwb xat24cr xgzva0m xxymvpz xlup9mm x1kky2od\"><img decoding=\"async\" src=\"https:\/\/static.xx.fbcdn.net\/images\/emoji.php\/v9\/tc6\/1.5\/16\/1f698.png\" alt=\"\ud83d\ude98\" width=\"16\" height=\"16\" \/><\/span> B\u00e3i \u0111\u1ed7 xe r\u1ed9ng r\u00e3i, thu\u1eadn ti\u1ec7n<\/div>\n<div dir=\"auto\"><span class=\"x3nfvp2 x1j61x8r x1fcty0u xdj266r xhhsvwb xat24cr xgzva0m xxymvpz xlup9mm x1kky2od\"><img decoding=\"async\" src=\"https:\/\/static.xx.fbcdn.net\/images\/emoji.php\/v9\/t30\/1.5\/16\/1f469_200d_2764_200d_1f468.png\" alt=\"\ud83d\udc69\u200d\u2764\ufe0f\u200d\ud83d\udc68\" width=\"16\" height=\"16\" \/><\/span> Nh\u00e2n vi\u00ean si\u00eau nhi\u1ec7t t\u00ecnh<\/div>\n<div dir=\"auto\"><\/div>\n<div dir=\"auto\"><img decoding=\"async\" class=\"aligncenter wp-image-27235 size-full\" src=\"https:\/\/dalatreview.vn\/wp-content\/uploads\/2023\/03\/16.jpg\" alt=\"Tour c\u1eafm tr\u1ea1i s\u0103n m\u00e2y C\u1ea7u \u0110\u1ea5t \u0110\u00e0 L\u1ea1t\u00a0\" width=\"2048\" height=\"1366\" \/><\/div>\n<div dir=\"auto\"><span class=\"x3nfvp2 x1j61x8r x1fcty0u xdj266r xhhsvwb xat24cr xgzva0m xxymvpz xlup9mm x1kky2od\"><img decoding=\"async\" src=\"https:\/\/static.xx.fbcdn.net\/images\/emoji.php\/v9\/t2f\/1.5\/16\/26fa.png\" alt=\"\u26fa\ufe0f\" width=\"16\" height=\"16\" \/><\/span><strong>\u0110\u1eb7c bi\u1ec7t \u01b0u \u0111\u00e3i khi l\u01b0u tr\u00fa t\u1ea1i \u0111\u00e2y b\u1ea1n s\u1ebd \u0111\u01b0\u1ee3c mi\u1ec5n ph\u00ed c\u00e1c \u0111i\u1ec3m tham quan du l\u1ecbch n\u1ed5i ti\u1ebfng b\u1eadc nh\u1ea5t t\u1ea1i \u0110\u00e0 L\u1ea1t nh\u01b0:<\/strong><\/div>\n<div dir=\"auto\"><strong>T\u1ed4NG \u01afU \u0110\u00c3I L\u00caN \u0110\u1ebeN H\u01a0N: 420.000 vn\u0111<\/strong><\/div>\n<div dir=\"auto\"><span class=\"x3nfvp2 x1j61x8r x1fcty0u xdj266r xhhsvwb xat24cr xgzva0m xxymvpz xlup9mm x1kky2od\"><img decoding=\"async\" src=\"https:\/\/static.xx.fbcdn.net\/images\/emoji.php\/v9\/t43\/1.5\/16\/1f332.png\" alt=\"\ud83c\udf32\" width=\"16\" height=\"16\" \/><\/span> Mi\u1ec5n ph\u00ed tham quan t\u1ea1i C\u1ed4NG TR\u1edcI BALI<\/div>\n<div dir=\"auto\"><span class=\"x3nfvp2 x1j61x8r x1fcty0u xdj266r xhhsvwb xat24cr xgzva0m xxymvpz xlup9mm x1kky2od\"><img decoding=\"async\" src=\"https:\/\/static.xx.fbcdn.net\/images\/emoji.php\/v9\/t43\/1.5\/16\/1f332.png\" alt=\"\ud83c\udf32\" width=\"16\" height=\"16\" \/><\/span> Mi\u1ec5n ph\u00ed tham quan t\u1ea1i Ng\u00f4i nh\u00e0 nh\u1ecf tr\u00ean Th\u1ea3o Nguy\u00ean<\/div>\n<div dir=\"auto\"><span class=\"x3nfvp2 x1j61x8r x1fcty0u xdj266r xhhsvwb xat24cr xgzva0m xxymvpz xlup9mm x1kky2od\"><img decoding=\"async\" src=\"https:\/\/static.xx.fbcdn.net\/images\/emoji.php\/v9\/t43\/1.5\/16\/1f332.png\" alt=\"\ud83c\udf32\" width=\"16\" height=\"16\" \/><\/span> Mi\u1ec5n ph\u00ed tham quan KDL SU\u1ed0I M\u01a0<\/div>\n<div dir=\"auto\"><span class=\"x3nfvp2 x1j61x8r x1fcty0u xdj266r xhhsvwb xat24cr xgzva0m xxymvpz xlup9mm x1kky2od\"><img decoding=\"async\" src=\"https:\/\/static.xx.fbcdn.net\/images\/emoji.php\/v9\/t43\/1.5\/16\/1f332.png\" alt=\"\ud83c\udf32\" width=\"16\" height=\"16\" \/><\/span> Mi\u1ec5n ph\u00ed tham quan t\u1ea1i THI\u00caN \u0110\u01af\u1edcNG S\u0102N M\u00c2Y C\u1ea6U \u0110\u1ea4T<\/div>\n<div dir=\"auto\"><span class=\"x3nfvp2 x1j61x8r x1fcty0u xdj266r xhhsvwb xat24cr xgzva0m xxymvpz xlup9mm x1kky2od\"><img decoding=\"async\" src=\"https:\/\/static.xx.fbcdn.net\/images\/emoji.php\/v9\/t43\/1.5\/16\/1f332.png\" alt=\"\ud83c\udf32\" width=\"16\" height=\"16\" \/><\/span> Mi\u1ec5n ph\u00ed tham quan \u0110\u1ed2I CH\u00c8 v\u00e0 TUABIN \u0110I\u1ec6N GI\u00d3<\/div>\n<div dir=\"auto\"><\/div>\n<div dir=\"auto\"><img decoding=\"async\" class=\"aligncenter wp-image-27239 size-full\" src=\"https:\/\/dalatreview.vn\/wp-content\/uploads\/2023\/03\/z4116769370343_75d3d466863c71027b80d34994a382d5.jpg\" alt=\"Tour c\u1eafm tr\u1ea1i s\u0103n m\u00e2y C\u1ea7u \u0110\u1ea5t \u0110\u00e0 L\u1ea1t\u00a0\" width=\"1920\" height=\"1081\" \/><\/div>\n<div dir=\"auto\"><span class=\"x3nfvp2 x1j61x8r x1fcty0u xdj266r xhhsvwb xat24cr xgzva0m xxymvpz xlup9mm x1kky2od\"><img decoding=\"async\" src=\"https:\/\/static.xx.fbcdn.net\/images\/emoji.php\/v9\/taa\/1.5\/16\/1f449.png\" alt=\"\ud83d\udc49\" width=\"16\" height=\"16\" \/><\/span> M\u1ee9c gi\u00e1 d\u1ecbch v\u1ee5 ph\u00f9 h\u1ee3p v\u1edbi ng\u00e2n s\u00e1ch kh\u00e1ch du l\u1ecbch, \u0111\u1eb7c bi\u1ec7t l\u00e0 c\u00e1c b\u1ea1n tr\u1ebb y\u00eau lo\u1ea1i h\u00ecnh D\u00c3 NGO\u1ea0I SANG CH\u1ea2NH &#8211; G\u1ea6N G\u0168I V\u1edaI THI\u00caN NHI\u00caN \u0111ang HOT H\u00cdT hi\u1ec7n nay.<\/div>\n<div class=\"x11i5rnm xat24cr x1mh8g0r x1vvkbs xtlvy1s x126k92a\">\n<p dir=\"auto\"><span class=\"x3nfvp2 x1j61x8r x1fcty0u xdj266r xhhsvwb xat24cr xgzva0m xxymvpz xlup9mm x1kky2od\"><img decoding=\"async\" src=\"https:\/\/static.xx.fbcdn.net\/images\/emoji.php\/v9\/taa\/1.5\/16\/1f449.png\" alt=\"\ud83d\udc49\" width=\"16\" height=\"16\" \/><\/span> \u0110\u1ebeN V\u1edaI <strong>C\u1eaeM TR\u1ea0I S\u0102N M\u00c2Y \u0110\u1ed2I CH\u00c8 C\u1ea6U \u0110\u1ea4T<\/strong> L\u00c0 \u0110\u1ebeN V\u1edaI NH\u1eeeNG TR\u1ea2I NGHI\u1ec6M M\u1edaI L\u1ea0.<\/p>\n<p dir=\"auto\">Ch\u00fang ta ai r\u1ed3i c\u0169ng c\u00f3 l\u00fac m\u1ec7t m\u1ecfi. Ch\u1ec9 mong r\u1eb1ng b\u1ea5t k\u1ec3 khi n\u00e0o c\u1ea7n d\u1eebng l\u1ea1i, b\u1ea1n c\u0169ng c\u00f3 th\u1ec3 th\u1ea3nh th\u01a1i n\u1eb1m nh\u00ecn \u0111\u1ea5t, nh\u00ecn tr\u1eddi, ng\u1eafm ng\u00e0y tr\u00f4i qua.<span class=\"x3nfvp2 x1j61x8r x1fcty0u xdj266r xhhsvwb xat24cr xgzva0m xxymvpz xlup9mm x1kky2od\"><img decoding=\"async\" src=\"https:\/\/static.xx.fbcdn.net\/images\/emoji.php\/v9\/t43\/1.5\/16\/1f970.png\" alt=\"\ud83e\udd70\" width=\"16\" height=\"16\" \/><\/span><\/p>\n<p dir=\"auto\">C\u00f2n ch\u1ea7n ch\u1edd g\u00ec n\u1eefa m\u00e0 kh\u00f4ng inbox ngay cho ch\u00fang t\u00f4i \u0111\u1ec3 \u0111\u01b0\u1ee3c nh\u1eadn nh\u1eefng \u01b0u \u0111\u00e3i v\u00e0 s\u1ef1 t\u01b0 v\u1ea5n nhi\u1ec7t t\u00e2m nh\u1ea5t !!!<\/p>\n<p dir=\"auto\"><img decoding=\"async\" class=\"aligncenter wp-image-27241 size-full\" src=\"https:\/\/dalatreview.vn\/wp-content\/uploads\/2023\/03\/z4147233338595_a407bbfdeb3d53a4ecc65001b49d056a.jpg\" alt=\"Tour c\u1eafm tr\u1ea1i s\u0103n m\u00e2y C\u1ea7u \u0110\u1ea5t \u0110\u00e0 L\u1ea1t\u00a0\" width=\"1280\" height=\"853\" \/><\/p>\n<\/div>\n<div class=\"x11i5rnm xat24cr x1mh8g0r x1vvkbs xtlvy1s x126k92a\">\n<div dir=\"auto\">========<span class=\"x3nfvp2 x1j61x8r x1fcty0u xdj266r xhhsvwb xat24cr xgzva0m xxymvpz xlup9mm x1kky2od\"><img decoding=\"async\" src=\"https:\/\/static.xx.fbcdn.net\/images\/emoji.php\/v9\/t35\/1.5\/16\/1f3d5.png\" alt=\"\ud83c\udfd5\ufe0f\" width=\"16\" height=\"16\" \/><\/span>========<\/div>\n<div dir=\"auto\"><span class=\"x3nfvp2 x1j61x8r x1fcty0u xdj266r xhhsvwb xat24cr xgzva0m xxymvpz xlup9mm x1kky2od\"><img decoding=\"async\" src=\"https:\/\/static.xx.fbcdn.net\/images\/emoji.php\/v9\/t77\/1.5\/16\/1f33f.png\" alt=\"\ud83c\udf3f\" width=\"16\" height=\"16\" \/><\/span> \u0110\u1ecba ch\u1ec9: \u0110\u1ed3i Ch\u00e8 C\u1ea7u \u0110\u1ea5t (c\u00f3 b\u1ea3ng ch\u1ec9 d\u1eabn \u0111\u1ebfn t\u1eadn n\u01a1i, xe 45 ch\u1ed7 v\u00e0o \u0111\u01b0\u1ee3c).<\/div>\n<div dir=\"auto\"><span class=\"x3nfvp2 x1j61x8r x1fcty0u xdj266r xhhsvwb xat24cr xgzva0m xxymvpz xlup9mm x1kky2od\"><img decoding=\"async\" src=\"https:\/\/static.xx.fbcdn.net\/images\/emoji.php\/v9\/ta9\/1.5\/16\/260e.png\" alt=\"\u260e\" width=\"16\" height=\"16\" \/><\/span> Hotline: 0968.249.297 &#8211; <a href=\"https:\/\/zalo.me\/0968249297\" target=\"_blank\" rel=\"noopener\">Li\u00ean h\u1ec7 t\u01b0 v\u1ea5n ngay<\/a><\/div>\n<div dir=\"auto\"><span class=\"x3nfvp2 x1j61x8r x1fcty0u xdj266r xhhsvwb xat24cr xgzva0m xxymvpz xlup9mm x1kky2od\"><img decoding=\"async\" src=\"https:\/\/static.xx.fbcdn.net\/images\/emoji.php\/v9\/t25\/1.5\/16\/27a1.png\" alt=\"\u27a1\" width=\"16\" height=\"16\" \/><\/span> Xem th\u00eam c\u00e1c b\u00e0i vi\u1ebft kh\u00e1c t\u1ea1i: <a title=\"Camping Da Lat\" href=\"https:\/\/dalatreview.vn\/en\/tour\/tour-camping-da-lat\/\">Camping Da Lat<\/a><\/div>\n<\/div>","protected":false},"excerpt":{"rendered":"<p>Danh m\u1ee5c ch\u00ednh Tour c\u1eafm tr\u1ea1i s\u0103n m\u00e2y C\u1ea7u \u0110\u1ea5t \u0110\u00e0 L\u1ea1t\u00a0 Tour c\u1eafm tr\u1ea1i s\u0103n m\u00e2y C\u1ea7u \u0110\u1ea5t \u0110\u00e0 L\u1ea1t\u00a0 C\u1eafm tr\u1ea1i s\u0103n m\u00e2y \u0111\u1ed3i ch\u00e8 C\u1ea7u \u0110\u1ea5t TH\u1ee8C D\u1eacY C\u00d9NG V\u1edaI M\u00c2Y H\u00e3y t\u1ea1m g\u00e1c l\u1ea1i nh\u1eefng b\u1ed9n b\u1ec1 c\u1ee7a cu\u1ed9c s\u1ed1ng, cho ph\u00e9p ch\u00fang m\u00ecnh mang \u0111\u1ebfn cho c\u00e1c b\u1ea1n nh\u1eefng tr\u1ea3i [&hellip;]<\/p>","protected":false},"featured_media":27228,"comment_status":"open","ping_status":"closed","template":"","meta":{"_acf_changed":false,"rank_math_lock_modified_date":false},"product_cat":[26,27],"product_tag":[],"acf":[],"_links":{"self":[{"href":"https:\/\/dalatreview.vn\/en\/wp-json\/wp\/v2\/product\/27223"}],"collection":[{"href":"https:\/\/dalatreview.vn\/en\/wp-json\/wp\/v2\/product"}],"about":[{"href":"https:\/\/dalatreview.vn\/en\/wp-json\/wp\/v2\/types\/product"}],"replies":[{"embeddable":true,"href":"https:\/\/dalatreview.vn\/en\/wp-json\/wp\/v2\/comments?post=27223"}],"wp:featuredmedia":[{"embeddable":true,"href":"https:\/\/dalatreview.vn\/en\/wp-json\/wp\/v2\/media\/27228"}],"wp:attachment":[{"href":"https:\/\/dalatreview.vn\/en\/wp-json\/wp\/v2\/media?parent=27223"}],"wp:term":[{"taxonomy":"product_cat","embeddable":true,"href":"https:\/\/dalatreview.vn\/en\/wp-json\/wp\/v2\/product_cat?post=27223"},{"taxonomy":"product_tag","embeddable":true,"href":"https:\/\/dalatreview.vn\/en\/wp-json\/wp\/v2\/product_tag?post=27223"}],"curies":[{"name":"wp","href":"https:\/\/api.w.org\/{rel}","templated":true}]}}