
{"id":26931,"date":"2023-03-01T17:09:34","date_gmt":"2023-03-01T10:09:34","guid":{"rendered":"https:\/\/dalatreview.vn\/?p=26931"},"modified":"2024-05-20T03:46:56","modified_gmt":"2024-05-20T03:46:56","slug":"son-hung-hotel-da-lat","status":"publish","type":"product","link":"https:\/\/dalatreview.vn\/en\/son-hung-hotel-da-lat.html","title":{"rendered":"S\u01a1n H\u00f9ng Hotel \u0110\u00e0 L\u1ea1t"},"content":{"rendered":"<nav class=\"vietrick-auto-toc\">\n<div class=\"box-title\">\n<h3 class=\"toc-title\" id=\"select-menu\">Danh m\u1ee5c ch\u00ednh<\/h3>\n<div><ion-icon name=\"chevron-up-outline\"><\/ion-icon><\/div>\n<\/div>\n<ul class=\"toc-list\">\n<li><a href='https:\/\/dalatreview.vn\/en#son-hung-hotel-da-lat' class='heading-h2 toc-link smooth-scroll'>S\u01a1n H\u00f9ng Hotel \u0110\u00e0 L\u1ea1t <\/a>\n<li><a href='https:\/\/dalatreview.vn\/en#1-vi-tri' class='heading-h2 toc-link smooth-scroll'>1. V\u1ecb tr\u00ed<\/a>\n<li><a href='https:\/\/dalatreview.vn\/en#2-decor' class='heading-h2 toc-link smooth-scroll'>2. Decor<\/a>\n<li><a href='https:\/\/dalatreview.vn\/en#3-dich-vu-tien-nghi' class='heading-h2 toc-link smooth-scroll'>3. D\u1ecbch v\u1ee5 &amp; Ti\u1ec7n nghi<\/a>\n<li><a href='https:\/\/dalatreview.vn\/en#4-gia-phong' class='heading-h2 toc-link smooth-scroll'>4.\u00a0Gi\u00e1 ph\u00f2ng<\/a>\n<li><a href='https:\/\/dalatreview.vn\/en#5-lien-he' class='heading-h2 toc-link smooth-scroll'>5. Li\u00ean h\u1ec7<\/a><\/ul>\n<\/ul>\n<\/li>\n<\/ul>\n<\/nav>\n<h2 style=\"text-align: center;\" id=\"son-hung-hotel-da-lat\"><span style=\"color: #008000;\">S\u01a1n H\u00f9ng Hotel \u0110\u00e0 L\u1ea1t <\/span><\/h2>\n<h2 id=\"1-vi-tri\"><span style=\"color: #008000;\"><strong>1. V\u1ecb tr\u00ed<\/strong><\/span><\/h2>\n<p>Kh\u00e1ch s\u1ea1n t\u1ecda l\u1ea1c t\u1ea1i 107 B\u00f9i Th\u1ecb Xu\u00e2n, Ph\u01b0\u1eddng 2, TP \u0110\u00e0 L\u1ea1t. C\u00e1ch trung t\u00e2m ch\u1ec9 t\u1ea7m 1km.<\/p>\n<p>\u0110\u00e2y l\u00e0 v\u1ecb tr\u00ed r\u1ea5t g\u1ea7n v\u1edbi trung t\u00e2m TP, thu\u1eadn ti\u1ec7n cho vi\u1ec7c di chuy\u1ec3n v\u00e0 \u0111i l\u1ea1i t\u1edbi c\u00e1c \u0111i\u1ec3m mua s\u1eafm, \u0103n u\u1ed1ng v\u00e0 vui ch\u01a1i.<\/p>\n<p>Ch\u1ec9 c\u1ea7n b\u1ecf ra 5-7p b\u1ea1n \u0111\u00e3 c\u00f3 th\u1ec3 \u0111\u1ebfn \u0111\u01b0\u1ee3c khu H\u00f2a B\u00ecnh, Ch\u1ee3 \u0110\u00e0 L\u1ea1t, Qu\u1ea3ng Tr\u01b0\u1eddng L\u00e2m Vi\u00ean, H\u1ed3 Xu\u00e2n H\u01b0\u01a1ng,\u2026 v\u00e0 r\u1ea5t nhi\u1ec1u \u0111\u1ecba \u0111i\u1ec3m kh\u00e1c n\u1eefa.<\/p>\n<p><img decoding=\"async\" class=\"alignnone size-full wp-image-26933\" src=\"https:\/\/dalatreview.vn\/wp-content\/uploads\/2023\/03\/KS-Son-Hung--scaled.jpg\" alt=\"\" width=\"2560\" height=\"1920\"><\/p>\n<h2 id=\"2-decor\"><span style=\"color: #008000;\"><strong>2. Decor<\/strong><\/span><\/h2>\n<p>V\u1edbi ti\u00eau chu\u1ea9n kh\u00e1ch s\u1ea1n 2 sao. Hotel \u0111\u01b0\u1ee3c trang b\u1ecb n\u1ed9i th\u1ea5t \u0111\u1ea7y \u0111\u1ee7, ti\u1ec7n nghi.<\/p>\n<p>Thi\u1ebft k\u1ebf v\u1edbi kh\u00f4ng gian m\u1edf r\u1ed9ng r\u00e3i, tho\u00e1ng m\u00e1t gi\u00fap b\u1ea1n c\u1ea3m th\u1ea5y tho\u1ea3i m\u00e1i nh\u1ea5t khi \u0111\u1ebfn \u0111\u00e2y ngh\u1ec9 d\u01b0\u1ee1ng.<\/p>\n<p>Gam m\u00e0u ch\u00ednh c\u1ee7a kh\u00e1ch s\u1ea1n ch\u00ednh l\u00e0 m\u00e0u tr\u1eafng m\u00e1t m\u1ebb k\u1ebft h\u1ee3p v\u1edbi m\u00e0u g\u1ed7 \u1ea5m \u00e1p c\u1ee7a n\u1ed9i th\u1ea5t t\u1ea1o ra c\u1ea3m gi\u00e1c th\u00e2n thu\u1ed9c nh\u01b0 ch\u00ednh c\u0103n nh\u00e0 c\u1ee7a b\u1ea1n v\u1eady.<\/p>\n<p>S\u01a1n H\u00f9ng Hotel h\u1ee9a h\u1eb9n s\u1ebd l\u00e0m h\u00e0i l\u00f2ng b\u1ea1n t\u1eeb ch\u1ea5t l\u01b0\u1ee3ng cho \u0111\u1ebfn gi\u00e1 c\u1ea3 \u0111\u1ea5y nh\u00e9 !<\/p>\n<p><img decoding=\"async\" class=\"alignnone size-full wp-image-26935\" src=\"https:\/\/dalatreview.vn\/wp-content\/uploads\/2023\/03\/KS-Son-Hung-1-scaled.jpg\" alt=\"\" width=\"2560\" height=\"1920\"><\/p>\n<h2 id=\"3-dich-vu-tien-nghi\"><span style=\"color: #008000;\"><strong>3. D\u1ecbch v\u1ee5 &amp; Ti\u1ec7n nghi<\/strong><\/span><\/h2>\n<p>\u2013 Bao g\u1ed3m c\u00e1c ph\u00f2ng d\u00e0nh cho: 2 kh\u00e1ch \u0111\u1ebfn 6 kh\u00e1ch \u0111\u1ea1t ti\u00eau chu\u1ea9n 2 sao.<\/p>\n<p>\u2013 C\u00e1c ph\u00f2ng \u0111\u1ec1u kh\u00e9p k\u00edn. C\u00f3 tivi,\u00a0internet, t\u1ee7 l\u1ea1nh mini v\u00e0 c\u00e1c d\u1ecbch v\u1ee5 kh\u00e1c.<\/p>\n<p>\u2013 \u0110\u1ea7y \u0111\u1ee7 ti\u1ec7n nghi: c\u00f3 n\u00f3ng l\u1ea1nh, wc v\u00e0 c\u00e1c \u0111\u1ed3 d\u00f9ng c\u00e1 nh\u00e2n c\u1ea7n thi\u1ebft.<\/p>\n<p>\u2013 C\u00f3 d\u1ecbch v\u1ee5 d\u1ecdn ph\u00f2ng, gi\u1eb7t \u1ee7i, thu\u00ea xe m\u00e1y-oto&#8230; ngay t\u1ea1i kh\u00e1ch s\u1ea1n.<\/p>\n<p>\u2013 D\u1ecbch v\u1ee5 \u0111\u01b0a \u0111\u00f3n s\u00e2n bay.<\/p>\n<p>\u2013 Nh\u00e2n vi\u00ean c\u1ef1c k\u1ef3 nhi\u1ec7t t\u00ecnh v\u00e0 th\u00e2n thi\u1ec7n 24\/24.<\/p>\n<p>\u2013 G\u1ea7n c\u00e1c \u0111i\u1ec3m vui ch\u01a1i v\u00e0 du l\u1ecbch trong th\u00e0nh ph\u1ed1.<\/p>\n<p><img decoding=\"async\" class=\"alignnone size-full wp-image-26936\" src=\"https:\/\/dalatreview.vn\/wp-content\/uploads\/2023\/03\/Phong-4-khach-10.jpg\" alt=\"\" width=\"2048\" height=\"1355\"><\/p>\n<h2 id=\"4-gia-phong\"><span style=\"color: #008000;\"><strong>4.\u00a0Gi\u00e1 ph\u00f2ng<\/strong><\/span><\/h2>\n<p>Dao d\u1ed9ng t\u1eeb 300k<\/p>\n<p><img decoding=\"async\" class=\"alignnone size-full wp-image-26932\" src=\"https:\/\/dalatreview.vn\/wp-content\/uploads\/2023\/03\/Bang-gia-phong-KS-Son-Hung-2023.png\" alt=\"\" width=\"491\" height=\"332\"><\/p>\n<p><span style=\"color: #003300;\"><strong>NOTE:\u00a0<\/strong><\/span><\/p>\n<p>\u2013 Gi\u00e1 ph\u00f2ng s\u1ebd c\u00f3 bi\u1ebfn \u0111\u1ed9ng v\u00e0o c\u00e1c d\u1ecbp L\u1ec5 T\u1ebft v\u00e0 1 s\u1ed1 giai \u0111o\u1ea1n kh\u00e1c.<\/p>\n<p>Li\u00ean h\u1ec7 \u0111\u1ec3 \u0111\u01b0\u1ee3c \u0110\u00e0 L\u1ea1t Review t\u01b0 v\u1ea5n: 0988.249.297<\/p>\n<h2 id=\"5-lien-he\"><span style=\"color: #008000;\">5. Li\u00ean h\u1ec7<\/span><\/h2>\n<p>Fanpage:\u00a0<a href=\"https:\/\/www.facebook.com\/booking.dalatreview.vn\/\">Booking \u0110\u00e0 L\u1ea1t \u2013 www.dalatreview.vn<\/a><\/p>\n<p>S\u0110T\/Zalo: 0988 249 297<\/p>","protected":false},"excerpt":{"rendered":"<p class=\"p1\">Kh\u00e1ch s\u1ea1n t\u1ecda l\u1ea1c t\u1ea1i 107 B\u00f9i Th\u1ecb Xu\u00e2n, Ph\u01b0\u1eddng 2, TP \u0110\u00e0 L\u1ea1t. C\u00e1ch trung t\u00e2m ch\u1ec9 t\u1ea7m 1km.<\/p>\n<p class=\"p1\">\u0110\u00e2y l\u00e0 v\u1ecb tr\u00ed r\u1ea5t g\u1ea7n v\u1edbi trung t\u00e2m TP, thu\u1eadn ti\u1ec7n cho vi\u1ec7c di chuy\u1ec3n v\u00e0 \u0111i l\u1ea1i t\u1edbi c\u00e1c \u0111i\u1ec3m mua s\u1eafm, \u0103n u\u1ed1ng v\u00e0 vui ch\u01a1i.<\/p>","protected":false},"featured_media":26937,"comment_status":"open","ping_status":"closed","template":"","meta":{"_acf_changed":false,"rank_math_lock_modified_date":false},"product_cat":[29,46],"product_tag":[],"acf":[],"_links":{"self":[{"href":"https:\/\/dalatreview.vn\/en\/wp-json\/wp\/v2\/product\/26931"}],"collection":[{"href":"https:\/\/dalatreview.vn\/en\/wp-json\/wp\/v2\/product"}],"about":[{"href":"https:\/\/dalatreview.vn\/en\/wp-json\/wp\/v2\/types\/product"}],"replies":[{"embeddable":true,"href":"https:\/\/dalatreview.vn\/en\/wp-json\/wp\/v2\/comments?post=26931"}],"wp:featuredmedia":[{"embeddable":true,"href":"https:\/\/dalatreview.vn\/en\/wp-json\/wp\/v2\/media\/26937"}],"wp:attachment":[{"href":"https:\/\/dalatreview.vn\/en\/wp-json\/wp\/v2\/media?parent=26931"}],"wp:term":[{"taxonomy":"product_cat","embeddable":true,"href":"https:\/\/dalatreview.vn\/en\/wp-json\/wp\/v2\/product_cat?post=26931"},{"taxonomy":"product_tag","embeddable":true,"href":"https:\/\/dalatreview.vn\/en\/wp-json\/wp\/v2\/product_tag?post=26931"}],"curies":[{"name":"wp","href":"https:\/\/api.w.org\/{rel}","templated":true}]}}