
{"id":26264,"date":"2023-02-09T16:23:41","date_gmt":"2023-02-09T09:23:41","guid":{"rendered":"https:\/\/dalatreview.vn\/?p=26264"},"modified":"2025-01-16T12:25:32","modified_gmt":"2025-01-16T05:25:32","slug":"tour-glamping-view-hoang-hon-da-lat","status":"publish","type":"product","link":"https:\/\/dalatreview.vn\/en\/tour-glamping-view-hoang-hon-da-lat.html","title":{"rendered":"Tour Glamping view sunset Dalat"},"content":{"rendered":"<p style=\"text-align: center\"><span style=\"font-size: 36px\"><strong><span style=\"color: #003300\">Tour Glamping view sunset Dalat <\/span><\/strong><\/span><\/p>\n<nav class=\"vietrick-auto-toc\">\n<div class=\"box-title\">\n<h3 class=\"toc-title\" id=\"select-menu\">Danh m\u1ee5c ch\u00ednh<\/h3>\n<div><ion-icon name=\"chevron-up-outline\"><\/ion-icon><\/div>\n<\/div>\n<ul class=\"toc-list\">\n<li><a href='https:\/\/dalatreview.vn\/en#gioi-thieu-glamping' class='heading-h2 toc-link smooth-scroll'>Gi\u1edbi thi\u1ec7u Glamping<\/a>\n<li><a href='https:\/\/dalatreview.vn\/en#chi-phi-glamping' class='heading-h2 toc-link smooth-scroll'>Chi ph\u00ed Glamping<\/a>\n<li><a href='https:\/\/dalatreview.vn\/en#uu-diem-glamping' class='heading-h2 toc-link smooth-scroll'>\u01afu \u0111i\u1ec3m Glamping<\/a>\n<li><a href='https:\/\/dalatreview.vn\/en#thong-tin-lien-he' class='heading-h2 toc-link smooth-scroll'>Th\u00f4ng Tin Li\u00ean H\u1ec7<\/a><\/ul>\n<\/ul>\n<\/li>\n<\/ul>\n<\/nav>\n<h2 id=\"gioi-thieu-glamping\"><strong>Gi\u1edbi thi\u1ec7u Glamping<\/strong><\/h2>\n<p>&#8211; Tour Glamping t\u1ea1i Xu\u00e2n Th\u1ecd \u0110\u00e0 L\u1ea1t &#8211; Ho\u00e0ng h\u00f4n r\u1ef1c r\u1ee1 \u0111\u1eb9p \u0111\u1ebfn nao l\u00f2ng\u00a0<\/p>\n<p><img decoding=\"async\" class=\"aligncenter wp-image-26267 size-full\" src=\"https:\/\/dalatreview.vn\/wp-content\/uploads\/2023\/02\/z4088084585703_664c7cb25de33449d643f40450c71c34.jpg\" alt=\"Tour Glamping\" width=\"2560\" height=\"1920\" \/><\/p>\n<p><strong>M\u1ed7i l\u1ec1u s\u1ebd bao g\u1ed3m c\u00e1c ti\u1ec7n \u00edch nh\u01b0 :<\/strong><br \/>\n\u2022 N\u01b0\u1edbc n\u00f3ng l\u1ea1nh,<br \/>\n\u2022 Wifi, qu\u1ea1t,<br \/>\n\u2022 M\u00e1y s\u1ea5y t\u00f3c,<br \/>\n\u2022 Kh\u0103n t\u1eafm,<br \/>\n\u2022 C\u1ed1c u\u1ed1ng n\u01b0\u1edbc,<br \/>\n\u2022 B\u00ecnh si\u00eau t\u1ed1c,<br \/>\n\u2022 D\u00f9,d\u00e9p trong l\u1ec1u,<br \/>\n\u2022 S\u1eefa t\u1eafm d\u1ea7u g\u1ed9i, kem \u0111\u00e1nh r\u0103ng, b\u00e0n ch\u1ea3i,<br \/>\n\u2022 K\u1ec7 treo qu\u1ea7n \u00e1o, m\u00e1y s\u01b0\u1edfi \u1ea5m, qu\u1ea1t.<br \/>\n\u2022 L\u1ec1u s\u1ebd kh\u00f4ng c\u00f3 tivi, t\u1ee7 l\u1ea1nh v\u00e0 kh\u00f4ng \u0111i\u1ec1u h\u00f2a .<br \/>\nM\u1ed7i l\u1ec1u \u0111\u1ec1u c\u00f3 nh\u00e0 v\u1ec7 sinh ri\u00eang ngay b\u00ean c\u1ea1nh v\u00e0 \u0111\u01b0\u1ee3c trang b\u1ecb h\u1ec7 th\u1ed1ng n\u01b0\u1edbc n\u00f3ng l\u1ea1nh \u1ed5n \u0111\u1ecbnh c\u0169ng nh\u01b0 s\u1eed d\u1ee5ng n\u01b0\u1edbc m\u00e1y s\u1ea1ch s\u1ebd<\/p>\n<p><img decoding=\"async\" class=\"aligncenter wp-image-26276 size-full\" src=\"https:\/\/dalatreview.vn\/wp-content\/uploads\/2023\/02\/z4088084965453_2e187f2c672b3e3e0367637bbcbd3139.jpg\" alt=\"Tour Glamping\" width=\"2048\" height=\"1366\" \/><\/p>\n<h2 id=\"chi-phi-glamping\">Chi ph\u00ed Glamping<\/h2>\n<p>+ Tr\u1ea3i nghi\u1ec7m ngh\u1ec9 d\u01b0\u1ee1ng glamping ti\u1ec7n nghi t\u1ea1i l\u1ec1u hai gi\u01b0\u1eddng size KING<\/p>\n<p>+ WC ri\u00eang bi\u1ec7t c\u00f9ng b\u1ed3n t\u1eafm ngo\u00e0i tr\u1eddi<\/p>\n<p>+ Ti\u1ec7c BBQ bu\u1ed5i t\u1ed1i c\u00f9ng SET MENU 9 M\u00d3N<\/p>\n<div dir=\"auto\">+ B\u1eefa \u0103n s\u00e1ng<\/div>\n<p>+ D\u1ecbch v\u1ee5 theo chu\u1ea9n kh\u00e1ch s\u1ea1n.<\/p>\n<p dir=\"auto\"><img decoding=\"async\" class=\"aligncenter wp-image-26275 size-full\" src=\"https:\/\/dalatreview.vn\/wp-content\/uploads\/2023\/02\/z4094207774900_877e28b993725a78d2853cad7b72278e.jpg\" alt=\"Tour Glamping\" width=\"2048\" height=\"1536\" \/><\/p>\n<p><strong>GI\u00c1 TOUR THE CAMPVILLE DALAT\u00a0<\/strong><\/p>\n<p><strong>L\u1ec1u View C\u00e1nh \u0111\u1ed3ng Khu A:<\/strong><\/p>\n<p>\u2013 L\u1ec1u 2 gi\u01b0\u1eddng d\u00e0nh cho 4 kh\u00e1ch: 4.400.000\/ \u0111\u00eam\u00a0<\/p>\n<p><strong>L\u1ec1u View Thung L\u0169ng Khu B &amp; Khu C<\/strong><\/p>\n<p>\u2013 L\u1ec1u 1 gi\u01b0\u1eddng d\u00e0nh cho 2 kh\u00e1ch: 2.600.000\/ \u0111\u00eam\u00a0<\/p>\n<p>(Nh\u00e0 v\u1ec7 sinh b\u00ean c\u1ea1nh l\u1ec1u)<\/p>\n<p>\u2013 L\u1ec1u 2 gi\u01b0\u1eddng d\u00e0nh cho 4 kh\u00e1ch: 5.200.000\/ \u0111\u00eam<\/p>\n<p>(Nh\u00e0 v\u1ec7 sinh b\u00ean c\u1ea1nh l\u1ec1u)<\/p>\n<p><strong>L\u1ec1u View Thung l\u0169ng khu D\u00a0<\/strong><\/p>\n<p>(Nh\u00e0 v\u1ec7 sinh b\u00ean trong l\u1ec1u)<\/p>\n<p>\u2022 L\u1ec1u 1 gi\u01b0\u1eddng d\u00e0nh cho 2 kh\u00e1ch \u2013 Nh\u00e0 v\u1ec7 sinh b\u00ean trong l\u1ec1u: 3.000.000\u0111\/ \u0111\u00eam\u00a0<\/p>\n<p>CH\u00cdNH S\u00c1CH PH\u1ee4 THU<\/p>\n<p>\u0110\u1ed1i v\u1edbi tr\u1ebb em:\u00a0<\/p>\n<p>\u2013 Tr\u1ebb em d\u01b0\u1edbi 110cm: Mi\u1ec5n ph\u00ed ph\u1ee5 thu l\u1ec1u<\/p>\n<p>\u2013 Tr\u1ebb em t\u1eeb 110cm \u2013 140cm: Ph\u1ee5 thu 50%<\/p>\n<p>\u2013 Tr\u1ebb em tr\u00ean 140cm: T\u00ednh gi\u00e1 ng\u01b0\u1eddi l\u1edbn<\/p>\n<p><img decoding=\"async\" class=\"aligncenter wp-image-26277 size-full\" src=\"https:\/\/dalatreview.vn\/wp-content\/uploads\/2023\/02\/z4088085173456_a199e871b8ef1e4b62e1f3ee7083a695.jpg\" alt=\"Tour Glamping\" width=\"2048\" height=\"1310\" \/><\/p>\n<div class=\"x11i5rnm xat24cr x1mh8g0r x1vvkbs xtlvy1s x126k92a\">\n<p dir=\"auto\"><span style=\"font-size: 16px\"><strong>\u00a0\u0110\u1eb7c bi\u1ec7t \u01b0u \u0111\u00e3i khi l\u01b0u tr\u00fa t\u1ea1i \u0111\u00e2y:<\/strong><\/span><\/p>\n<p dir=\"auto\"><span style=\"font-size: 16px\">Mi\u1ec5n ph\u00ed c\u00e1c \u0111i\u1ec3m tham quan du l\u1ecbch:<\/span><\/p>\n<p dir=\"auto\"><span style=\"font-size: 16px\">&#8211; Mi\u1ec5n ph\u00ed tham quan t\u1ea1i C\u1ed4NG TR\u1edcI BALI<\/span><\/p>\n<p dir=\"auto\"><span style=\"font-size: 16px\">&#8211; Mi\u1ec5n ph\u00ed tham quan t\u1ea1i M\u1ed8NG \u0110\u00c0O HOA<\/span><\/p>\n<p dir=\"auto\"><span style=\"font-size: 16px\">&#8211; Mi\u1ec5n ph\u00ed tham quan t\u1ea1i THI\u00caN \u0110\u01af\u1edcNG S\u0102N M\u00c2Y C\u1ea6U \u0110\u1ea4T<\/span><\/p>\n<p dir=\"auto\"><span style=\"font-size: 16px\">&#8211; Mi\u1ec5n ph\u00ed tham quan t\u1ea1i PANORAMA C\u1ea6U \u0110\u1ea4T<\/span><\/p>\n<div dir=\"auto\"><img decoding=\"async\" class=\"alignnone wp-image-26278 size-full\" src=\"https:\/\/dalatreview.vn\/wp-content\/uploads\/2023\/02\/z4088084937075_e7921987c164c22c3976c1160fc1186b.jpg\" alt=\"Tour Glamping\" width=\"2048\" height=\"1365\" \/><\/div>\n<\/div>\n<h2 id=\"uu-diem-glamping\"><span style=\"color: #003300\"><strong>\u01afu \u0111i\u1ec3m Glamping<\/strong><\/span><\/h2>\n<p>+ V\u1ecb\u00a0Tr\u00ed 9\u20ab do n\u1eb1m tr\u00ean \u0110\u1ed3i n\u00ean c\u00f3 th\u1ec3 ng\u1eafm C\u1ea3 B\u00ecnh Minh v\u00e0 Ho\u00e0ng H\u00f4n m\u00e0 bu\u1ed5i \u0111\u00eam c\u00f2n c\u00f3 c\u1ea3 View Nh\u00e0 L\u1ed3ng si\u00eau \u0110\u1eb9p.<\/p>\n<p>+ L\u1ec1u Cao C\u1ea5p 10\u20ab R\u1ea5t R\u1ed9ng r\u00e3i, N\u1ed9i Th\u1ea5t Cao C\u1ea5p v\u00e0 \u0111\u1ea7y \u0111\u1ee7 thi\u1ebft b\u1ecb v\u1ec7 sinh.<\/p>\n<p>+ \u1ea8m Th\u1ef1c 9\u20ab c\u1ea3 bu\u1ed5i \u0103n T\u1ed1i BBQ v\u00e0 \u0103n s\u00e1ng \u0111\u1ec1u \u0111\u01b0\u1ee3c l\u00e0m R\u1ea5t T\u1ec9 M\u1ec9, C\u00f4ng Phu v\u00e0 Ph\u1ea3i Ngon.<\/p>\n<p>+ Nh\u00e2n Vi\u00ean 10\u20ab Th\u00e1i \u0110\u1ed9 Ph\u1ee5c V\u1ee5 V\u00f4 C\u00f9ng T\u1ed1t, Ni\u1ec1m N\u1edf v\u00e0 Nhi\u1ec7t T\u00ecnh<\/p>\n<p>+ C\u00f2n R\u1ea5t R\u1ea5t nhi\u1ec1u \u0111i\u1ec3m C\u1ed9ng khi \u0111\u1ebfn \u0111\u00e2y n\u1eefa<\/p>\n<p><img decoding=\"async\" class=\"aligncenter wp-image-26279 size-full\" src=\"https:\/\/dalatreview.vn\/wp-content\/uploads\/2023\/02\/z4088086027011_420f433ba4e555c515880aa97c5538d7.jpg\" alt=\"Tour Glamping\" width=\"2560\" height=\"1920\" \/><\/p>\n<h2 id=\"thong-tin-lien-he\"><span style=\"color: #003300\"><strong>Th\u00f4ng Tin Li\u00ean H\u1ec7<\/strong><\/span><\/h2>\n<p><strong>Hotline t\u01b0 v\u1ea5n:<\/strong> 0968.249.297\u00a0<\/p>\n<p><strong>\u0110\u1ecba ch\u1ec9:<\/strong> x\u00e3 Xu\u00e2n Th\u1ecd &#8211; Tp \u0110\u00e0 L\u1ea1t &#8211; L\u00e2m \u0110\u1ed3ng<\/p>\n<p>Xem th\u00eam b\u00e0i vi\u1ebft kh\u00e1c t\u1ea1i :\u00a0<a href=\"https:\/\/dalatreview.vn\/en\/tour\/tour-camping-da-lat\/\">\u0110\u00e0 L\u1ea1t Review<\/a><\/p>","protected":false},"excerpt":{"rendered":"<p>Tour Glamping view ho\u00e0ng h\u00f4n \u0110\u00e0 L\u1ea1t Danh m\u1ee5c ch\u00ednh Gi\u1edbi thi\u1ec7u Glamping Chi ph\u00ed Glamping \u01afu \u0111i\u1ec3m Glamping Th\u00f4ng Tin Li\u00ean H\u1ec7 Gi\u1edbi thi\u1ec7u Glamping &#8211; Tour Glamping t\u1ea1i Xu\u00e2n Th\u1ecd \u0110\u00e0 L\u1ea1t &#8211; Ho\u00e0ng h\u00f4n r\u1ef1c r\u1ee1 \u0111\u1eb9p \u0111\u1ebfn nao l\u00f2ng\u00a0 M\u1ed7i l\u1ec1u s\u1ebd bao g\u1ed3m c\u00e1c ti\u1ec7n \u00edch nh\u01b0 : \u2022 N\u01b0\u1edbc [&hellip;]<\/p>","protected":false},"featured_media":26267,"comment_status":"open","ping_status":"closed","template":"","meta":{"_acf_changed":false,"rank_math_lock_modified_date":false},"product_cat":[28,27],"product_tag":[],"acf":[],"_links":{"self":[{"href":"https:\/\/dalatreview.vn\/en\/wp-json\/wp\/v2\/product\/26264"}],"collection":[{"href":"https:\/\/dalatreview.vn\/en\/wp-json\/wp\/v2\/product"}],"about":[{"href":"https:\/\/dalatreview.vn\/en\/wp-json\/wp\/v2\/types\/product"}],"replies":[{"embeddable":true,"href":"https:\/\/dalatreview.vn\/en\/wp-json\/wp\/v2\/comments?post=26264"}],"wp:featuredmedia":[{"embeddable":true,"href":"https:\/\/dalatreview.vn\/en\/wp-json\/wp\/v2\/media\/26267"}],"wp:attachment":[{"href":"https:\/\/dalatreview.vn\/en\/wp-json\/wp\/v2\/media?parent=26264"}],"wp:term":[{"taxonomy":"product_cat","embeddable":true,"href":"https:\/\/dalatreview.vn\/en\/wp-json\/wp\/v2\/product_cat?post=26264"},{"taxonomy":"product_tag","embeddable":true,"href":"https:\/\/dalatreview.vn\/en\/wp-json\/wp\/v2\/product_tag?post=26264"}],"curies":[{"name":"wp","href":"https:\/\/api.w.org\/{rel}","templated":true}]}}