
{"id":25776,"date":"2023-01-14T11:08:03","date_gmt":"2023-01-14T04:08:03","guid":{"rendered":"https:\/\/dalatreview.vn\/?p=25776"},"modified":"2024-07-10T14:33:34","modified_gmt":"2024-07-10T07:33:34","slug":"villa-da-lat-da-tuong-12-phong","status":"publish","type":"product","link":"https:\/\/dalatreview.vn\/en\/villa-da-lat-da-tuong-12-phong.html","title":{"rendered":"Villa \u0110\u00e0 L\u1ea1t D\u00e3 T\u01b0\u1ee3ng 12 Ph\u00f2ng"},"content":{"rendered":"<nav class=\"vietrick-auto-toc\">\n<div class=\"box-title\">\n<h3 class=\"toc-title\" id=\"select-menu\">Danh m\u1ee5c ch\u00ednh<\/h3>\n<div><ion-icon name=\"chevron-up-outline\"><\/ion-icon><\/div>\n<\/div>\n<ul class=\"toc-list\"><\/ul>\n<li><a href='https:\/\/dalatreview.vn\/en#villa-da-lat-da-tuong-12-phong' class='heading-h1 toc-link smooth-scroll'>Villa \u0110\u00e0 L\u1ea1t D\u00e3 T\u01b0\u1ee3ng 12 Ph\u00f2ng<\/a>\n<li><a href='https:\/\/dalatreview.vn\/en#1-vi-tri' class='heading-h1 toc-link smooth-scroll'>1. V\u1ecb tr\u00ed<\/a>\n<li><a href='https:\/\/dalatreview.vn\/en#2-decor' class='heading-h1 toc-link smooth-scroll'>2. Decor<\/a>\n<li><a href='https:\/\/dalatreview.vn\/en#3-dich-vu-tien-nghi' class='heading-h1 toc-link smooth-scroll'>3. D\u1ecbch v\u1ee5 &amp; Ti\u1ec7n nghi<\/a>\n<li><a href='https:\/\/dalatreview.vn\/en#4-gia-phong' class='heading-h1 toc-link smooth-scroll'>4.\u00a0Gi\u00e1 ph\u00f2ng<\/a>\n<li><a href='https:\/\/dalatreview.vn\/en#5-lien-he' class='heading-h1 toc-link smooth-scroll'>5. Li\u00ean h\u1ec7<\/a><\/ul>\n<\/li>\n<\/ul>\n<\/nav>\n<h1 style=\"text-align: center;\" id=\"villa-da-lat-da-tuong-12-phong\"><span style=\"color: #003300;\"><strong>Villa \u0110\u00e0 L\u1ea1t D\u00e3 T\u01b0\u1ee3ng 12 Ph\u00f2ng<\/strong><\/span><\/h1>\n<h1 id=\"1-vi-tri\"><span style=\"font-size: 24px; color: #003300;\"><strong>1. V\u1ecb tr\u00ed<\/strong><\/span><\/h1>\n<p><img decoding=\"async\" class=\"aligncenter wp-image-25777 size-full\" src=\"https:\/\/dalatreview.vn\/wp-content\/uploads\/2023\/01\/1-1.jpg\" alt=\"Villa \u0110\u00e0 L\u1ea1t D\u00e3 T\u01b0\u1ee3ng 12 Ph\u00f2ng\" width=\"1364\" height=\"2048\" \/><\/p>\n<p>Villa t\u1ecda l\u1ea1c t\u1ea1i \u0111\u01b0\u1eddng D\u00e3 T\u01b0\u1ee3ng, Ph\u01b0\u1eddng 5, TP \u0110\u00e0 L\u1ea1t.<\/p>\n<p>C\u00e1ch ch\u1ee3 7-10 ph\u00fat ch\u1ea1y xe, g\u1ea7n qu\u1ea3ng tr\u01b0\u1eddng, c\u00e1c trung t\u00e2m mua s\u1eafm, \u0103n u\u1ed1ng v\u00e0 vui ch\u01a1i.<\/p>\n<p>\u1ede \u0111\u00e2y giao th\u00f4ng thu\u1eadn ti\u1ec7n, con ng\u01b0\u1eddi hi\u1ebfu kh\u00e1ch, thi\u00ean nhi\u00ean l\u1ea1i nao \u0111\u1ed9ng l\u00f2ng ng\u01b0\u1eddi n\u1eefa \u0111\u1ea5y.<\/p>\n<h1 id=\"2-decor\"><span style=\"color: #003300; font-size: 24px;\"><strong><span class=\"_4yxo _4yxp\">2. Decor<\/span><\/strong><\/span><\/h1>\n<p><img decoding=\"async\" class=\"aligncenter wp-image-25778 size-full\" src=\"https:\/\/dalatreview.vn\/wp-content\/uploads\/2023\/01\/4-2.jpg\" alt=\"Villa \u0110\u00e0 L\u1ea1t D\u00e3 T\u01b0\u1ee3ng 12 Ph\u00f2ng\" width=\"2048\" height=\"1364\" \/><\/p>\n<p><img decoding=\"async\" class=\"aligncenter wp-image-25781 size-full\" src=\"https:\/\/dalatreview.vn\/wp-content\/uploads\/2023\/01\/12.jpg\" alt=\"Villa \u0110\u00e0 L\u1ea1t D\u00e3 T\u01b0\u1ee3ng 12 Ph\u00f2ng\" width=\"2048\" height=\"1152\" \/><\/p>\n<p>Villa c\u00f3 view cao r\u1ea5t \u0111\u1eb9p, t\u1eeb ban c\u00f4ng m\u1ed7i ph\u00f2ng b\u1ea1n c\u00f3 th\u1ec3 ng\u1eafm nh\u00ecn b\u00ecnh minh v\u00e0 ho\u00e0ng h\u00f4n, th\u01b0\u1edfng th\u1ee9c c\u00e1i \u0111\u1eb9p trong l\u00e0nh c\u1ee7a thi\u00ean nhi\u00ean. \u0110\u1eb7c bi\u1ec7t v\u1ec1 \u0111\u00eam s\u1ebd th\u1ea5y 1 khung c\u1ea3nh th\u01a1 m\u1ed9ng hi\u1ec7n l\u00ean \u0111\u1eb9p v\u00e0 l\u00e3ng m\u1ea1n \u0111\u1ebfn nao l\u00f2ng.<\/p>\n<p><img decoding=\"async\" class=\"aligncenter wp-image-25780 size-full\" src=\"https:\/\/dalatreview.vn\/wp-content\/uploads\/2023\/01\/11-1.jpg\" alt=\"Villa \u0110\u00e0 L\u1ea1t D\u00e3 T\u01b0\u1ee3ng 12 Ph\u00f2ng\" width=\"2048\" height=\"1536\" \/><\/p>\n<p>C\u0103n nh\u00e0 c\u00f3 thi\u1ebft k\u1ebf hi\u1ec7n \u0111\u1ea1i, ti\u1ec7n \u00edch \u0111\u1ea7y \u0111\u1ee7. V\u1edbi kh\u00f4ng gian m\u1edf r\u1ed9ng r\u00e3i, \u0111\u00f3n \u00e1nh sang t\u1ef1 nhi\u00ean \u1ea5m \u00e1p t\u1ea1o c\u1ea3m gi\u00e1c quen thu\u1ed9c khi b\u1ea1n \u0111\u1ebfn \u0111\u00e2y l\u1ea7n \u0111\u1ea7u. Ngo\u00e0i ra, villa c\u00f2n \u0111\u01b0\u1ee3c trang b\u1ecb b\u1ed9 n\u1ed9i th\u1ea5t cao c\u1ea5p r\u1ea5t sang tr\u1ecdng. Nhi\u1ec1u g\u00f3c s\u1ed1ng \u1ea3o cho b\u1ea1n v\u00e0 gia \u0111\u00ecnh l\u01b0u l\u1ea1i k\u1ec9 ni\u1ec7m b\u00ean nhau khi \u0111\u1ebfn \u0111\u00e2y ngh\u1ec9 d\u01b0\u1ee1ng.<\/p>\n<h1 id=\"3-dich-vu-tien-nghi\"><span style=\"font-size: 24px; color: #003300;\"><strong>3. D\u1ecbch v\u1ee5 &amp; Ti\u1ec7n nghi<\/strong><\/span><\/h1>\n<div class=\"x11i5rnm xat24cr x1mh8g0r x1vvkbs xtlvy1s x126k92a\">\n<p dir=\"auto\">V\u1edbi thi\u1ebft k\u1ebf t\u00e2n c\u1ed5 \u0111i\u1ec3n \u0111\u1ed9c \u0111\u00e1o, b\u1eaft m\u1eaft to\u1ea1 l\u1ea1c t\u1ea1i v\u1ecb tr\u00ed trung t\u00e2m Tp. \u0110\u00e0 L\u1ea1t r\u1ea5t thu\u1eadn ti\u1ec7n cho du kh\u00e1ch \u0111i \u0111\u1ebfn ch\u1ee3 \u0111\u00eam hay c\u00e1c \u0111i\u1ec3m check in, th\u01b0\u1edfng th\u1ee9c \u1ea9m th\u1ef1c n\u1ed5i ti\u1ebfng t\u1ea1i Th\u00e0nh Ph\u1ed1 ng\u00e0n th\u00f4ng.<\/p>\n<\/div>\n<div class=\"x11i5rnm xat24cr x1mh8g0r x1vvkbs xtlvy1s x126k92a\">\n<p dir=\"auto\"><span class=\"x3nfvp2 x1j61x8r x1fcty0u xdj266r xhhsvwb xat24cr xgzva0m xxymvpz xlup9mm x1kky2od\"><img decoding=\"async\" src=\"https:\/\/static.xx.fbcdn.net\/images\/emoji.php\/v9\/td8\/1.5\/16\/2714.png\" alt=\"\u2714\ufe0f\" width=\"16\" height=\"16\" \/><\/span> Villa 12 ph\u00f2ng ng\u1ee7 Ti\u00eau chu\u1ea9n cho 34 &#8211; 36 kh\u00e1ch<\/p>\n<p dir=\"auto\"><span class=\"x3nfvp2 x1j61x8r x1fcty0u xdj266r xhhsvwb xat24cr xgzva0m xxymvpz xlup9mm x1kky2od\"><img decoding=\"async\" src=\"https:\/\/static.xx.fbcdn.net\/images\/emoji.php\/v9\/td8\/1.5\/16\/2714.png\" alt=\"\u2714\ufe0f\" width=\"16\" height=\"16\" \/><\/span> 7 Ph\u00f2ng ng\u1ee7 \u0110\u01a1n + 5 Ph\u00f2ng ng\u1ee7 \u0110\u00f4i v\u1edbi toilet ri\u00eang m\u1ed7i ph\u00f2ng.<\/p>\n<p dir=\"auto\"><img decoding=\"async\" class=\"aligncenter wp-image-25782 size-full\" src=\"https:\/\/dalatreview.vn\/wp-content\/uploads\/2023\/01\/13.jpg\" alt=\"Villa \u0110\u00e0 L\u1ea1t D\u00e3 T\u01b0\u1ee3ng 12 Ph\u00f2ng\" width=\"2047\" height=\"1364\" \/><\/p>\n<p dir=\"auto\"><img decoding=\"async\" class=\"aligncenter wp-image-25784 size-full\" src=\"https:\/\/dalatreview.vn\/wp-content\/uploads\/2023\/01\/19.jpg\" alt=\"Villa \u0110\u00e0 L\u1ea1t D\u00e3 T\u01b0\u1ee3ng 12 Ph\u00f2ng\" width=\"2048\" height=\"1536\" \/><\/p>\n<p dir=\"auto\"><img decoding=\"async\" class=\"aligncenter wp-image-25785 size-full\" src=\"https:\/\/dalatreview.vn\/wp-content\/uploads\/2023\/01\/20-1.jpg\" alt=\"Villa \u0110\u00e0 L\u1ea1t D\u00e3 T\u01b0\u1ee3ng 12 Ph\u00f2ng\" width=\"2048\" height=\"1536\" \/><\/p>\n<p dir=\"auto\"><span class=\"x3nfvp2 x1j61x8r x1fcty0u xdj266r xhhsvwb xat24cr xgzva0m xxymvpz xlup9mm x1kky2od\"><img decoding=\"async\" src=\"https:\/\/static.xx.fbcdn.net\/images\/emoji.php\/v9\/td8\/1.5\/16\/2714.png\" alt=\"\u2714\ufe0f\" width=\"16\" height=\"16\" \/><\/span> C\u00f3 s\u00e2n \u0111\u1eadu xe h\u01a1i tho\u1ea3i m\u00e1i v\u00e0 an ninh.<\/p>\n<p dir=\"auto\"><span class=\"x3nfvp2 x1j61x8r x1fcty0u xdj266r xhhsvwb xat24cr xgzva0m xxymvpz xlup9mm x1kky2od\"><img decoding=\"async\" src=\"https:\/\/static.xx.fbcdn.net\/images\/emoji.php\/v9\/td8\/1.5\/16\/2714.png\" alt=\"\u2714\ufe0f\" width=\"16\" height=\"16\" \/><\/span> B\u1ebfp n\u01b0\u1edbng BBQ ngo\u00e0i tr\u1eddi ,view th\u00e0nh ph\u1ed1 v\u00e0 nh\u00e0 \u0111\u00e8n<\/p>\n<p dir=\"auto\"><span class=\"x3nfvp2 x1j61x8r x1fcty0u xdj266r xhhsvwb xat24cr xgzva0m xxymvpz xlup9mm x1kky2od\"><img decoding=\"async\" src=\"https:\/\/static.xx.fbcdn.net\/images\/emoji.php\/v9\/td8\/1.5\/16\/2714.png\" alt=\"\u2714\ufe0f\" width=\"16\" height=\"16\" \/><\/span> Trang b\u1ecb b\u00e0n Bida, b\u1ebfp \u0111\u1ea7y \u0111\u1ee7 d\u1ee5ng c\u1ee5 n\u1ea5u \u0103n<\/p>\n<p dir=\"auto\"><span class=\"x3nfvp2 x1j61x8r x1fcty0u xdj266r xhhsvwb xat24cr xgzva0m xxymvpz xlup9mm x1kky2od\"><img decoding=\"async\" src=\"https:\/\/static.xx.fbcdn.net\/images\/emoji.php\/v9\/td8\/1.5\/16\/2714.png\" alt=\"\u2714\ufe0f\" width=\"16\" height=\"16\" \/><\/span> V\u1ecb tr\u00ed trung t\u00e2m c\u00e1ch ch\u1ee3 \u0110\u00e0 L\u1ea1t 2.5km<\/p>\n<p dir=\"auto\">\u0110\u1ecba ch\u1ec9: D\u00e3 T\u01b0\u1ee3ng &#8211; P5 &#8211; \u0110\u00e0 L\u1ea1t<\/p>\n<p dir=\"auto\"><img decoding=\"async\" class=\"aligncenter wp-image-25786 size-full\" src=\"https:\/\/dalatreview.vn\/wp-content\/uploads\/2023\/01\/27.jpg\" alt=\"Villa \u0110\u00e0 L\u1ea1t D\u00e3 T\u01b0\u1ee3ng 12 Ph\u00f2ng\" width=\"2048\" height=\"1536\" \/><\/p>\n<p dir=\"auto\">\u2014\u2014\u2014\u2014\u2014\u2014\u2014\u2014\u2014\u2014<\/p>\n<p>\u2013 \u0110\u1ea7y \u0111\u1ee7 ti\u1ec7n nghi nh\u01b0 \u1edf nh\u00e0. Ph\u00f2ng kh\u00e1ch r\u1ed9ng r\u00e3i, c\u00f3 sofa tivi, t\u1ee7 l\u1ea1nh,.. tha h\u1ed3 sinh ho\u1ea1t chung v\u1edbi nhau.<\/p>\n<p>\u2013 C\u00f3 di\u1ec7n t\u00edch \u0111\u1ec3 n\u01b0\u1edbng BBQ ngo\u00e0i tr\u1eddi v\u1eeba \u0103n v\u1eeba ng\u1eafm c\u1ea3nh v\u1ec1 \u0111\u00eam.<\/p>\n<p>\u2013 C\u00f3 ch\u1ed7 \u0111\u1eadu xe m\u00e1y, xe h\u01a1i an to\u00e0n mi\u1ec5n ph\u00ed.<\/p>\n<p>\u2013 Y\u00ean t\u0129nh, an ninh 24\/24, s\u1ea1ch s\u1ebd, tho\u00e1ng m\u00e1t, view thi\u00ean nhi\u00ean si\u00eau \u0111\u1eb9p.<\/p>\n<p>\u2013 B\u1ebfp t\u1ef1 do n\u1ea5u n\u01b0\u1edbng \u0111\u1ea7y \u0111\u1ee7 d\u1ee5ng c\u1ee5 v\u00e0 gia v\u1ecb.<\/p>\n<p>\u2013 Ch\u00eca kho\u00e1 trao tay tha h\u1ed3 ri\u00eang t\u01b0<\/p>\n<h1 id=\"4-gia-phong\"><strong><span class=\"_4yxo\">4.<\/span>\u00a0Gi\u00e1 ph\u00f2ng<\/strong><\/h1>\n<p>Li\u00ean h\u1ec7 \u0111\u1ec3 \u0111\u01b0\u1ee3c \u0110\u00e0 L\u1ea1t Review t\u01b0 v\u1ea5n.<\/p>\n<h1 id=\"5-lien-he\">5. Li\u00ean h\u1ec7<\/h1>\n<p>Fanpage:\u00a0<a href=\"https:\/\/www.facebook.com\/booking.dalatreview.vn\/\">Booking \u0110\u00e0 L\u1ea1t \u2013 www.dalatreview.vn<\/a><\/p>\n<p>S\u0110T\/Zalo: 0968 249 297<\/p>\n<p>&nbsp;<\/p>\n<\/div>","protected":false},"excerpt":{"rendered":"<p class=\"p1\">Villa t\u1ecda l\u1ea1c t\u1ea1i \u0111\u01b0\u1eddng D\u00e3 T\u01b0\u1ee3ng, Ph\u01b0\u1eddng 5, TP \u0110\u00e0 L\u1ea1t.<\/p>\n<p class=\"p1\">C\u00e1ch ch\u1ee3 7-10 ph\u00fat ch\u1ea1y xe, g\u1ea7n qu\u1ea3ng tr\u01b0\u1eddng, c\u00e1c trung t\u00e2m mua s\u1eafm, \u0103n u\u1ed1ng v\u00e0 vui ch\u01a1i.<\/p>","protected":false},"featured_media":25777,"comment_status":"open","ping_status":"closed","template":"","meta":{"_acf_changed":false,"rank_math_lock_modified_date":false},"product_cat":[29,2265,45],"product_tag":[],"acf":[],"_links":{"self":[{"href":"https:\/\/dalatreview.vn\/en\/wp-json\/wp\/v2\/product\/25776"}],"collection":[{"href":"https:\/\/dalatreview.vn\/en\/wp-json\/wp\/v2\/product"}],"about":[{"href":"https:\/\/dalatreview.vn\/en\/wp-json\/wp\/v2\/types\/product"}],"replies":[{"embeddable":true,"href":"https:\/\/dalatreview.vn\/en\/wp-json\/wp\/v2\/comments?post=25776"}],"wp:featuredmedia":[{"embeddable":true,"href":"https:\/\/dalatreview.vn\/en\/wp-json\/wp\/v2\/media\/25777"}],"wp:attachment":[{"href":"https:\/\/dalatreview.vn\/en\/wp-json\/wp\/v2\/media?parent=25776"}],"wp:term":[{"taxonomy":"product_cat","embeddable":true,"href":"https:\/\/dalatreview.vn\/en\/wp-json\/wp\/v2\/product_cat?post=25776"},{"taxonomy":"product_tag","embeddable":true,"href":"https:\/\/dalatreview.vn\/en\/wp-json\/wp\/v2\/product_tag?post=25776"}],"curies":[{"name":"wp","href":"https:\/\/api.w.org\/{rel}","templated":true}]}}