
{"id":25728,"date":"2023-01-13T15:55:29","date_gmt":"2023-01-13T08:55:29","guid":{"rendered":"https:\/\/dalatreview.vn\/?p=25728"},"modified":"2024-07-10T13:47:45","modified_gmt":"2024-07-10T06:47:45","slug":"villa-da-lat-nguyen-huu-canh-8-phong","status":"publish","type":"product","link":"https:\/\/dalatreview.vn\/en\/villa-da-lat-nguyen-huu-canh-8-phong.html","title":{"rendered":"Villa \u0110\u00e0 L\u1ea1t Nguy\u1ec5n H\u1eefu C\u1ea3nh 8 ph\u00f2ng"},"content":{"rendered":"<div class=\"x11i5rnm xat24cr x1mh8g0r x1vvkbs xtlvy1s x126k92a\">\n<nav class=\"vietrick-auto-toc\">\n<div class=\"box-title\">\n<h3 class=\"toc-title\" id=\"select-menu\">Danh m\u1ee5c ch\u00ednh<\/h3>\n<div><ion-icon name=\"chevron-up-outline\"><\/ion-icon><\/div>\n<\/div>\n<ul class=\"toc-list\"><\/ul>\n<li><a href='https:\/\/dalatreview.vn\/en#villa-da-lat-nguyen-huu-canh-8-phong' class='heading-h1 toc-link smooth-scroll'>Villa \u0110\u00e0 L\u1ea1t Nguy\u1ec5n H\u1eefu C\u1ea3nh 8 ph\u00f2ng<\/a>\n<li><a href='https:\/\/dalatreview.vn\/en#1-vi-tri' class='heading-h1 toc-link smooth-scroll'>1. V\u1ecb tr\u00ed<\/a>\n<li><a href='https:\/\/dalatreview.vn\/en#2-decor' class='heading-h1 toc-link smooth-scroll'>2. Decor<\/a>\n<li><a href='https:\/\/dalatreview.vn\/en#3-dich-vu-tien-nghi' class='heading-h1 toc-link smooth-scroll'>3. D\u1ecbch v\u1ee5 &amp; Ti\u1ec7n nghi<\/a>\n<li><a href='https:\/\/dalatreview.vn\/en#4-gia-phong' class='heading-h1 toc-link smooth-scroll'>4.\u00a0Gi\u00e1 ph\u00f2ng<\/a>\n<li><a href='https:\/\/dalatreview.vn\/en#5-lien-he' class='heading-h1 toc-link smooth-scroll'>5. Li\u00ean h\u1ec7<\/a><\/ul>\n<\/li>\n<\/ul>\n<\/nav>\n<h1 dir=\"auto\" style=\"text-align: center;\" id=\"villa-da-lat-nguyen-huu-canh-8-phong\"><strong><span style=\"color: #003300;\">Villa \u0110\u00e0 L\u1ea1t Nguy\u1ec5n H\u1eefu C\u1ea3nh 8 ph\u00f2ng<\/span><\/strong><\/h1>\n<h1 id=\"1-vi-tri\"><span style=\"font-size: 24px; color: #003300;\"><strong>1. V\u1ecb tr\u00ed<\/strong><\/span><\/h1>\n<p><img decoding=\"async\" class=\"aligncenter wp-image-25740 size-full\" src=\"https:\/\/dalatreview.vn\/wp-content\/uploads\/2023\/01\/5001629e73d5b18be8c4.jpg\" alt=\"Villa \u0110\u00e0 L\u1ea1t Nguy\u1ec5n H\u1eefu C\u1ea3nh 8 ph\u00f2ng\" width=\"960\" height=\"515\" \/><\/p>\n<p>Villa t\u1ecda l\u1ea1c t\u1ea1i \u0111\u01b0\u1eddng Nguy\u1ec5n H\u1eefu C\u1ea3nh, Ph\u01b0\u1eddng 8, TP \u0110\u00e0 L\u1ea1t.<\/p>\n<p>C\u00e1ch ch\u1ee3 5 ph\u00fat ch\u1ea1y xe, g\u1ea7n qu\u1ea3ng tr\u01b0\u1eddng, c\u00e1c trung t\u00e2m mua s\u1eafm, \u0103n u\u1ed1ng v\u00e0 vui ch\u01a1i.<\/p>\n<p>\u1ede \u0111\u00e2y giao th\u00f4ng thu\u1eadn ti\u1ec7n, con ng\u01b0\u1eddi hi\u1ebfu kh\u00e1ch, thi\u00ean nhi\u00ean l\u1ea1i nao \u0111\u1ed9ng l\u00f2ng ng\u01b0\u1eddi n\u1eefa \u0111\u1ea5y.<\/p>\n<h1 id=\"2-decor\"><span style=\"font-size: 24px; color: #003300;\"><strong><span class=\"_4yxo _4yxp\">2. Decor<\/span><\/strong><\/span><\/h1>\n<p dir=\"auto\">Villa c\u00f3 view cao r\u1ea5t \u0111\u1eb9p, t\u1eeb ban c\u00f4ng m\u1ed7i ph\u00f2ng b\u1ea1n c\u00f3 th\u1ec3 ng\u1eafm nh\u00ecn b\u00ecnh minh v\u00e0 ho\u00e0ng h\u00f4n, th\u01b0\u1edfng th\u1ee9c c\u00e1i \u0111\u1eb9p trong l\u00e0nh c\u1ee7a thi\u00ean nhi\u00ean.<\/p>\n<p dir=\"auto\">\u0110\u1eb7c bi\u1ec7t v\u1ec1 \u0111\u00eam s\u1ebd th\u1ea5y 1 khung c\u1ea3nh th\u01a1 m\u1ed9ng hi\u1ec7n l\u00ean \u0111\u1eb9p v\u00e0 l\u00e3ng m\u1ea1n \u0111\u1ebfn nao l\u00f2ng.C\u0103n nh\u00e0 c\u00f3 thi\u1ebft k\u1ebf hi\u1ec7n \u0111\u1ea1i, ti\u1ec7n \u00edch \u0111\u1ea7y \u0111\u1ee7.<\/p>\n<p dir=\"auto\">V\u1edbi kh\u00f4ng gian m\u1edf r\u1ed9ng r\u00e3i, \u0111\u00f3n \u00e1nh sang t\u1ef1 nhi\u00ean \u1ea5m \u00e1p t\u1ea1o c\u1ea3m gi\u00e1c quen thu\u1ed9c khi b\u1ea1n \u0111\u1ebfn \u0111\u00e2y l\u1ea7n \u0111\u1ea7u.<\/p>\n<p dir=\"auto\">Ngo\u00e0i ra, villa c\u00f2n \u0111\u01b0\u1ee3c trang b\u1ecb b\u1ed9 n\u1ed9i th\u1ea5t cao c\u1ea5p r\u1ea5t sang tr\u1ecdng. Nhi\u1ec1u g\u00f3c s\u1ed1ng \u1ea3o cho b\u1ea1n v\u00e0 gia \u0111\u00ecnh l\u01b0u l\u1ea1i k\u1ec9 ni\u1ec7m b\u00ean nhau khi \u0111\u1ebfn \u0111\u00e2y ngh\u1ec9 d\u01b0\u1ee1ng.<\/p>\n<p dir=\"auto\"><img decoding=\"async\" class=\"aligncenter wp-image-25736 size-full\" src=\"https:\/\/dalatreview.vn\/wp-content\/uploads\/2023\/01\/8f10268d37c6f598acd7.jpg\" alt=\"Villa \u0110\u00e0 L\u1ea1t Nguy\u1ec5n H\u1eefu C\u1ea3nh 8 ph\u00f2ng\" width=\"960\" height=\"960\" \/><\/p>\n<h1 id=\"3-dich-vu-tien-nghi\"><span style=\"font-size: 24px; color: #003300;\"><strong>3. D\u1ecbch v\u1ee5 &amp; Ti\u1ec7n nghi<\/strong><\/span><\/h1>\n<p dir=\"auto\">Nguy\u00ean c\u0103n 8 ph\u00f2ng ng\u1ee7 \u0111\u1eadm ch\u1ea5t ch\u00e2u \u00c2u sang tr\u1ecdng v\u00e0 tinh t\u1ebf, h\u1ee9a h\u1eb9n s\u1ebd mang l\u1ea1i c\u1ea3m gi\u00e1c tr\u1ea3i nghi\u1ec7m th\u00fa v\u1ecb cho b\u1ea1n v\u00e0 gia \u0111\u00ecnh ng\u01b0\u1eddi th\u00e2n.<\/p>\n<\/div>\n<div class=\"x11i5rnm xat24cr x1mh8g0r x1vvkbs xtlvy1s x126k92a\">\n<p dir=\"auto\">T\u1ed5ng di\u1ec7n t\u00edch g\u1ea7n 950m2<\/p>\n<p dir=\"auto\">Bi\u1ec7t th\u1ef1 8 ph\u00f2ng ng\u1ee7 ( 5 ph\u00f2ng \u0110\u01a1n + 2 ph\u00f2ng \u0110\u00f4i + 1 Ph\u00f2ng 3 Gi\u01b0\u1eddng )<\/p>\n<p dir=\"auto\"><img decoding=\"async\" class=\"aligncenter wp-image-25741 size-full\" src=\"https:\/\/dalatreview.vn\/wp-content\/uploads\/2023\/01\/8592152e0465c63b9f74.jpg\" alt=\"Villa \u0110\u00e0 L\u1ea1t Nguy\u1ec5n H\u1eefu C\u1ea3nh 8 ph\u00f2ng\" width=\"960\" height=\"720\" \/><\/p>\n<p dir=\"auto\"><img decoding=\"async\" class=\"wp-image-25733 aligncenter\" src=\"https:\/\/dalatreview.vn\/wp-content\/uploads\/2023\/01\/4-1-525x700.jpg\" alt=\"\" width=\"960\" height=\"1280\"><\/p>\n<p dir=\"auto\"><img decoding=\"async\" class=\"aligncenter wp-image-25730 size-full\" src=\"https:\/\/dalatreview.vn\/wp-content\/uploads\/2023\/01\/1.jpg\" alt=\"Villa \u0110\u00e0 L\u1ea1t Nguy\u1ec5n H\u1eefu C\u1ea3nh 8 ph\u00f2ng\" width=\"960\" height=\"1280\" \/><\/p>\n<p dir=\"auto\">C\u00f3 s\u00e2n \u0111\u1eadu xe h\u01a1i r\u1ed9ng r\u00e3i tho\u1ea3i m\u00e1i an ninh<\/p>\n<p dir=\"auto\">B\u1ebfp n\u01b0\u1edbng BBQ ngo\u00e0i tr\u1eddi ,view th\u00e0nh ph\u1ed1 v\u00e0 nh\u00e0 \u0111\u00e8n<\/p>\n<p dir=\"auto\">V\u1ecb tr\u00ed trung t\u00e2m c\u00e1ch ch\u1ee3 \u0110\u00e0 L\u1ea1t 4km c\u00f3 th\u1ec3 di chuy\u1ec3n t\u1edbi c\u00e1c \u0111i\u1ec3m du l\u1ecbch thu\u1eadn ti\u1ec7n<\/p>\n<p dir=\"auto\">C\u00f3 qu\u1ea3n gia ban \u0111\u00eam &#8211; Kh\u00f4ng nh\u1eadn th\u00fa c\u01b0ng<\/p>\n<p dir=\"auto\">Ti\u00eau chu\u1ea9n cho 15-20 kh\u00e1ch<\/p>\n<p dir=\"auto\">\u2014\u2014\u2014\u2014\u2014\u2014\u2014\u2014\u2014\u2014<\/p>\n<p dir=\"auto\"><img decoding=\"async\" class=\"aligncenter wp-image-25739 size-full\" src=\"https:\/\/dalatreview.vn\/wp-content\/uploads\/2023\/01\/61de6c627d29bf77e638.jpg\" alt=\"Villa \u0110\u00e0 L\u1ea1t Nguy\u1ec5n H\u1eefu C\u1ea3nh 8 ph\u00f2ng\" width=\"959\" height=\"640\" \/><\/p>\n<p dir=\"auto\"><img decoding=\"async\" class=\"aligncenter wp-image-25735\" src=\"https:\/\/dalatreview.vn\/wp-content\/uploads\/2023\/01\/6.jpg\" alt=\"Villa \u0110\u00e0 L\u1ea1t Nguy\u1ec5n H\u1eefu C\u1ea3nh 8 ph\u00f2ng\" width=\"960\" height=\"1201\" \/><\/p>\n<p>\u2013 \u0110\u1ea7y \u0111\u1ee7 ti\u1ec7n nghi nh\u01b0 \u1edf nh\u00e0. Ph\u00f2ng kh\u00e1ch r\u1ed9ng r\u00e3i, c\u00f3 sofa tivi, t\u1ee7 l\u1ea1nh,.. tha h\u1ed3 sinh ho\u1ea1t chung v\u1edbi nhau.<\/p>\n<p>\u2013 C\u00f3 di\u1ec7n t\u00edch \u0111\u1ec3 n\u01b0\u1edbng BBQ ngo\u00e0i tr\u1eddi v\u1eeba \u0103n v\u1eeba ng\u1eafm c\u1ea3nh v\u1ec1 \u0111\u00eam.<\/p>\n<p>\u2013 C\u00f3 ch\u1ed7 \u0111\u1eadu xe m\u00e1y, xe h\u01a1i an to\u00e0n mi\u1ec5n ph\u00ed.<\/p>\n<p>\u2013 Y\u00ean t\u0129nh, an ninh 24\/24, s\u1ea1ch s\u1ebd, tho\u00e1ng m\u00e1t, view thi\u00ean nhi\u00ean si\u00eau \u0111\u1eb9p.<\/p>\n<p>\u2013 B\u1ebfp t\u1ef1 do n\u1ea5u n\u01b0\u1edbng \u0111\u1ea7y \u0111\u1ee7 d\u1ee5ng c\u1ee5 v\u00e0 gia v\u1ecb.<\/p>\n<p>\u2013 Ch\u00eca kho\u00e1 trao tay tha h\u1ed3 ri\u00eang t\u01b0<\/p>\n<h1 id=\"4-gia-phong\"><span style=\"font-size: 24px; color: #003300;\"><strong><span class=\"_4yxo\">4.<\/span>\u00a0Gi\u00e1 ph\u00f2ng<\/strong><\/span><\/h1>\n<p>Ch\u1ec9 t\u1eeb 9,000,000\/ \u0111\u00eam<\/p>\n<p>Li\u00ean h\u1ec7 \u0111\u1ec3 \u0111\u01b0\u1ee3c \u0110\u00e0 L\u1ea1t Review t\u01b0 v\u1ea5n.<\/p>\n<h1 id=\"5-lien-he\"><span style=\"font-size: 24px; color: #003300;\">5. Li\u00ean h\u1ec7<\/span><\/h1>\n<p>Fanpage:\u00a0<a href=\"https:\/\/www.facebook.com\/booking.dalatreview.vn\/\">Booking \u0110\u00e0 L\u1ea1t \u2013 www.dalatreview.vn<\/a><\/p>\n<p>S\u0110T\/Zalo: 0968 249 297<\/p>\n<p dir=\"auto\">\u0110\u1ecba ch\u1ec9 : Nguy\u1ec5n H\u1eefu C\u1ea3nh &#8211; P.8 &#8211; Th\u00e0nh ph\u1ed1 \u0110\u00e0 l\u1ea1t<\/p>\n<p dir=\"auto\">\n<\/div>","protected":false},"excerpt":{"rendered":"<p class=\"p1\">Villa t\u1ecda l\u1ea1c t\u1ea1i \u0111\u01b0\u1eddng Nguy\u1ec5n H\u1eefu C\u1ea3nh, Ph\u01b0\u1eddng 8, TP \u0110\u00e0 L\u1ea1t.<\/p>\n<p class=\"p1\">C\u00e1ch ch\u1ee3 5 ph\u00fat ch\u1ea1y xe, g\u1ea7n qu\u1ea3ng tr\u01b0\u1eddng, c\u00e1c trung t\u00e2m mua s\u1eafm, \u0103n u\u1ed1ng v\u00e0 vui ch\u01a1i.<\/p>","protected":false},"featured_media":25740,"comment_status":"open","ping_status":"closed","template":"","meta":{"_acf_changed":false,"rank_math_lock_modified_date":false},"product_cat":[29,2265,45],"product_tag":[],"acf":[],"_links":{"self":[{"href":"https:\/\/dalatreview.vn\/en\/wp-json\/wp\/v2\/product\/25728"}],"collection":[{"href":"https:\/\/dalatreview.vn\/en\/wp-json\/wp\/v2\/product"}],"about":[{"href":"https:\/\/dalatreview.vn\/en\/wp-json\/wp\/v2\/types\/product"}],"replies":[{"embeddable":true,"href":"https:\/\/dalatreview.vn\/en\/wp-json\/wp\/v2\/comments?post=25728"}],"wp:featuredmedia":[{"embeddable":true,"href":"https:\/\/dalatreview.vn\/en\/wp-json\/wp\/v2\/media\/25740"}],"wp:attachment":[{"href":"https:\/\/dalatreview.vn\/en\/wp-json\/wp\/v2\/media?parent=25728"}],"wp:term":[{"taxonomy":"product_cat","embeddable":true,"href":"https:\/\/dalatreview.vn\/en\/wp-json\/wp\/v2\/product_cat?post=25728"},{"taxonomy":"product_tag","embeddable":true,"href":"https:\/\/dalatreview.vn\/en\/wp-json\/wp\/v2\/product_tag?post=25728"}],"curies":[{"name":"wp","href":"https:\/\/api.w.org\/{rel}","templated":true}]}}