
{"id":25654,"date":"2023-01-12T11:01:16","date_gmt":"2023-01-12T04:01:16","guid":{"rendered":"https:\/\/dalatreview.vn\/?p=25654"},"modified":"2024-07-10T12:06:05","modified_gmt":"2024-07-10T05:06:05","slug":"villa-da-lat-lam-van-thanh-5-phong","status":"publish","type":"product","link":"https:\/\/dalatreview.vn\/en\/villa-da-lat-lam-van-thanh-5-phong.html","title":{"rendered":"Villa \u0110\u00e0 L\u1ea1t L\u00e2m V\u0103n Th\u1ea1nh 5 Ph\u00f2ng"},"content":{"rendered":"<nav class=\"vietrick-auto-toc\">\n<div class=\"box-title\">\n<h3 class=\"toc-title\" id=\"select-menu\">Danh m\u1ee5c ch\u00ednh<\/h3>\n<div><ion-icon name=\"chevron-up-outline\"><\/ion-icon><\/div>\n<\/div>\n<ul class=\"toc-list\"><\/ul>\n<li><a href='https:\/\/dalatreview.vn\/en#villa-da-lat-lam-van-thanh-5-phong' class='heading-h1 toc-link smooth-scroll'>Villa \u0110\u00e0 L\u1ea1t L\u00e2m V\u0103n Th\u1ea1nh 5 Ph\u00f2ng<\/a>\n<li><a href='https:\/\/dalatreview.vn\/en#1-vi-tri' class='heading-h1 toc-link smooth-scroll'>1. V\u1ecb tr\u00ed<\/a>\n<li><a href='https:\/\/dalatreview.vn\/en#2-decor' class='heading-h1 toc-link smooth-scroll'>2. Decor<\/a>\n<li><a href='https:\/\/dalatreview.vn\/en#3-dich-vu-tien-nghi' class='heading-h1 toc-link smooth-scroll'>3. D\u1ecbch v\u1ee5 &amp; Ti\u1ec7n nghi<\/a>\n<li><a href='https:\/\/dalatreview.vn\/en#4-gia-phong' class='heading-h1 toc-link smooth-scroll'>4.\u00a0Gi\u00e1 ph\u00f2ng<\/a>\n<li><a href='https:\/\/dalatreview.vn\/en#5-lien-he' class='heading-h1 toc-link smooth-scroll'>5. Li\u00ean h\u1ec7<\/a><\/ul>\n<\/li>\n<\/ul>\n<\/nav>\n<h1 style=\"text-align: center;\" id=\"villa-da-lat-lam-van-thanh-5-phong\"><strong><span style=\"color: #003300;\">Villa \u0110\u00e0 L\u1ea1t L\u00e2m V\u0103n Th\u1ea1nh 5 Ph\u00f2ng<\/span><\/strong><\/h1>\n<h1 id=\"1-vi-tri\"><span style=\"font-size: 24px; color: #003300;\"><strong>1. V\u1ecb tr\u00ed<\/strong><\/span><\/h1>\n<p><img decoding=\"async\" class=\"aligncenter wp-image-25658 size-full\" src=\"https:\/\/dalatreview.vn\/wp-content\/uploads\/2023\/01\/9ebe2886b822607c393351.jpg\" alt=\"Villa \u0110\u00e0 L\u1ea1t L\u00e2m V\u0103n Th\u1ea1nh 5 Ph\u00f2ng\" width=\"1280\" height=\"718\" \/><\/p>\n<p>Villa t\u1ecda l\u1ea1c t\u1ea1i \u0111\u01b0\u1eddng L\u00e2m V\u0103n Th\u1ea1nh, P11. Tp \u0110\u00e0 L\u1ea1t.<\/p>\n<p>C\u00e1ch ch\u1ee3 5 ph\u00fat ch\u1ea1y xe, g\u1ea7n qu\u1ea3ng tr\u01b0\u1eddng, c\u00e1c trung t\u00e2m mua s\u1eafm, \u0103n u\u1ed1ng v\u00e0 vui ch\u01a1i.<\/p>\n<p>\u1ede \u0111\u00e2y giao th\u00f4ng thu\u1eadn ti\u1ec7n, con ng\u01b0\u1eddi hi\u1ebfu kh\u00e1ch, thi\u00ean nhi\u00ean l\u1ea1i nao \u0111\u1ed9ng l\u00f2ng ng\u01b0\u1eddi n\u1eefa \u0111\u1ea5y.<\/p>\n<h1 id=\"2-decor\"><span style=\"font-size: 24px; color: #003300;\"><strong><span class=\"_4yxo _4yxp\">2. Decor<\/span><\/strong><\/span><\/h1>\n<p><img decoding=\"async\" class=\"aligncenter wp-image-25657 size-full\" src=\"https:\/\/dalatreview.vn\/wp-content\/uploads\/2023\/01\/8c745945c9e111bf48f040.jpg\" alt=\"Villa \u0110\u00e0 L\u1ea1t L\u00e2m V\u0103n Th\u1ea1nh 5 Ph\u00f2ng\" width=\"1280\" height=\"720\" \/><\/p>\n<p>Villa c\u00f3 view cao r\u1ea5t \u0111\u1eb9p, t\u1eeb ban c\u00f4ng m\u1ed7i ph\u00f2ng b\u1ea1n c\u00f3 th\u1ec3 ng\u1eafm nh\u00ecn b\u00ecnh minh v\u00e0 ho\u00e0ng h\u00f4n, th\u01b0\u1edfng th\u1ee9c c\u00e1i \u0111\u1eb9p trong l\u00e0nh c\u1ee7a thi\u00ean nhi\u00ean. \u0110\u1eb7c bi\u1ec7t v\u1ec1 \u0111\u00eam s\u1ebd th\u1ea5y 1 khung c\u1ea3nh th\u01a1 m\u1ed9ng hi\u1ec7n l\u00ean \u0111\u1eb9p v\u00e0 l\u00e3ng m\u1ea1n \u0111\u1ebfn nao l\u00f2ng.<\/p>\n<p>C\u0103n nh\u00e0 c\u00f3 thi\u1ebft k\u1ebf hi\u1ec7n \u0111\u1ea1i, ti\u1ec7n \u00edch \u0111\u1ea7y \u0111\u1ee7. V\u1edbi kh\u00f4ng gian m\u1edf r\u1ed9ng r\u00e3i, \u0111\u00f3n \u00e1nh sang t\u1ef1 nhi\u00ean \u1ea5m \u00e1p t\u1ea1o c\u1ea3m gi\u00e1c quen thu\u1ed9c khi b\u1ea1n \u0111\u1ebfn \u0111\u00e2y l\u1ea7n \u0111\u1ea7u. Ngo\u00e0i ra, villa c\u00f2n \u0111\u01b0\u1ee3c trang b\u1ecb b\u1ed9 n\u1ed9i th\u1ea5t cao c\u1ea5p r\u1ea5t sang tr\u1ecdng. Nhi\u1ec1u g\u00f3c s\u1ed1ng \u1ea3o cho b\u1ea1n v\u00e0 gia \u0111\u00ecnh l\u01b0u l\u1ea1i k\u1ec9 ni\u1ec7m b\u00ean nhau khi \u0111\u1ebfn \u0111\u00e2y ngh\u1ec9 d\u01b0\u1ee1ng.<\/p>\n<p><img decoding=\"async\" class=\"aligncenter wp-image-25655 size-full\" src=\"https:\/\/dalatreview.vn\/wp-content\/uploads\/2023\/01\/4cf326c1b6656e3b377453.jpg\" alt=\"Villa \u0110\u00e0 L\u1ea1t L\u00e2m V\u0103n Th\u1ea1nh 5 Ph\u00f2ng\" width=\"1280\" height=\"720\" \/><\/p>\n<h1 id=\"3-dich-vu-tien-nghi\"><span style=\"font-size: 24px; color: #003300;\"><strong>3. D\u1ecbch v\u1ee5 &amp; Ti\u1ec7n nghi<\/strong><\/span><\/h1>\n<p class=\"x1heor9g x1qlqyl8 x1pd3egz x1a2a7pz xyorhqc xtvhhri\"><span class=\"x193iq5w xeuugli x13faqbe x1vvkbs x1xmvt09 x6prxxf xvq8zen x1xlr1w8 xi81zsa\"><b>VILLA VIEW HO\u00c0NG H\u00d4N C\u1ef0C CHILL CHO C\u00c1C T\u00ccNH IU<\/b><\/span><\/p>\n<p class=\"x1e56ztr\"><span class=\"x193iq5w xeuugli x13faqbe x1vvkbs x1xmvt09 x6prxxf xvq8zen xo1l8bm xzsf02u\"><span class=\"x3nfvp2 x1j61x8r x1fcty0u xdj266r xhhsvwb xat24cr xgzva0m xxymvpz xlup9mm x1kky2od\"><img decoding=\"async\" src=\"https:\/\/static.xx.fbcdn.net\/images\/emoji.php\/v9\/t4f\/1.5\/16\/1f3e0.png\" alt=\"\ud83c\udfe0\" width=\"16\" height=\"16\" \/><\/span> Villa g\u1ed3m 5 ph\u00f2ng ng\u1ee7 (3 \u0111\u01a1n, 1 \u0111\u00f4i, 1p 3 gi\u01b0\u1eddng), 3wc &#8211; s\u1ee9c ch\u1ee9a 16 &#8211; 18 kh\u00e1ch<\/span><\/p>\n<p class=\"x1e56ztr\"><span class=\"x193iq5w xeuugli x13faqbe x1vvkbs x1xmvt09 x6prxxf xvq8zen xo1l8bm xzsf02u\"><span class=\"x3nfvp2 x1j61x8r x1fcty0u xdj266r xhhsvwb xat24cr xgzva0m xxymvpz xlup9mm x1kky2od\"><img decoding=\"async\" src=\"https:\/\/static.xx.fbcdn.net\/images\/emoji.php\/v9\/t4f\/1.5\/16\/1f3e0.png\" alt=\"\ud83c\udfe0\" width=\"16\" height=\"16\" \/><\/span>\u00a0Phong c\u00e1ch hi\u1ec7n \u0111\u1ea1i, s\u00e2n v\u01b0\u1eddn r\u1ed9ng, c\u00f3 kh\u00f4ng gian xanh trong nh\u00e0, view nh\u00e0 l\u1ed3ng, chi\u1ec1u \u0111\u00f3n ho\u00e0ng h\u00f4n t\u1ea1i nh\u00e0 si\u00eau \u0111\u1eb9p,\u2026<\/span><\/p>\n<p class=\"x1e56ztr\"><span class=\"x193iq5w xeuugli x13faqbe x1vvkbs x1xmvt09 x6prxxf xvq8zen xo1l8bm xzsf02u\"><span class=\"x3nfvp2 x1j61x8r x1fcty0u xdj266r xhhsvwb xat24cr xgzva0m xxymvpz xlup9mm x1kky2od\"><img decoding=\"async\" src=\"https:\/\/static.xx.fbcdn.net\/images\/emoji.php\/v9\/t4f\/1.5\/16\/1f3e0.png\" alt=\"\ud83c\udfe0\" width=\"16\" height=\"16\" \/><\/span>\u00a0B\u1ebfp \u0111\u1ea7y \u0111\u1ee7 d\u1ee5ng c\u1ee5 n\u1ea5u \u0103n, khu BBQ ngo\u00e0i s\u00e2n r\u1ed9ng<\/span><\/p>\n<p class=\"x1e56ztr\"><span class=\"x193iq5w xeuugli x13faqbe x1vvkbs x1xmvt09 x6prxxf xvq8zen xo1l8bm xzsf02u\"><span class=\"x3nfvp2 x1j61x8r x1fcty0u xdj266r xhhsvwb xat24cr xgzva0m xxymvpz xlup9mm x1kky2od\"><img decoding=\"async\" src=\"https:\/\/static.xx.fbcdn.net\/images\/emoji.php\/v9\/t4f\/1.5\/16\/1f3e0.png\" alt=\"\ud83c\udfe0\" width=\"16\" height=\"16\" \/><\/span>\u00a0L\u00e2m V\u0103n Th\u1ea1nh, P11. Tp \u0110\u00e0 L\u1ea1t (h\u1ebbm b\u00f2 D\u00e3 Chi\u1ebfn) &#8211; c\u00e1ch tt 6km &#8211; 10p di chuy\u1ec3n<\/span><\/p>\n<p class=\"x1e56ztr\"><span class=\"x193iq5w xeuugli x13faqbe x1vvkbs x1xmvt09 x6prxxf xvq8zen xo1l8bm xzsf02u\">S\u00e2n \u0111\u00e2u xe 2chi\u1ebfc 16 ch\u1ed7 tho\u1ea3i m\u00e1i<\/span><\/p>\n<p><img decoding=\"async\" class=\"aligncenter wp-image-25659 size-full\" src=\"https:\/\/dalatreview.vn\/wp-content\/uploads\/2023\/01\/38d7f5e06544bd1ae45556.jpg\" alt=\"\" width=\"1280\" height=\"720\"><\/p>\n<p><img decoding=\"async\" class=\"aligncenter wp-image-25656 size-full\" src=\"https:\/\/dalatreview.vn\/wp-content\/uploads\/2023\/01\/7a58196489c0519e08d157.jpg\" alt=\"Villa \u0110\u00e0 L\u1ea1t L\u00e2m V\u0103n Th\u1ea1nh 5 Ph\u00f2ng\" width=\"1280\" height=\"720\" \/><\/p>\n<p><img decoding=\"async\" class=\"aligncenter wp-image-25661 size-full\" src=\"https:\/\/dalatreview.vn\/wp-content\/uploads\/2023\/01\/aa159d250d81d5df8c9059.jpg\" alt=\"Villa \u0110\u00e0 L\u1ea1t L\u00e2m V\u0103n Th\u1ea1nh 5 Ph\u00f2ng\" width=\"1280\" height=\"720\" \/><\/p>\n<p>\u2013 \u0110\u1ea7y \u0111\u1ee7 ti\u1ec7n nghi nh\u01b0 \u1edf nh\u00e0. Ph\u00f2ng kh\u00e1ch r\u1ed9ng r\u00e3i, c\u00f3 sofa tivi, t\u1ee7 l\u1ea1nh,.. tha h\u1ed3 sinh ho\u1ea1t chung v\u1edbi nhau.<\/p>\n<p>\u2013 C\u00f3 di\u1ec7n t\u00edch \u0111\u1ec3 n\u01b0\u1edbng BBQ ngo\u00e0i tr\u1eddi v\u1eeba \u0103n v\u1eeba ng\u1eafm c\u1ea3nh v\u1ec1 \u0111\u00eam.<\/p>\n<p>\u2013 C\u00f3 ch\u1ed7 \u0111\u1eadu xe m\u00e1y, xe h\u01a1i an to\u00e0n mi\u1ec5n ph\u00ed.<\/p>\n<p>\u2013 Y\u00ean t\u0129nh, an ninh 24\/24, s\u1ea1ch s\u1ebd, tho\u00e1ng m\u00e1t, view thi\u00ean nhi\u00ean si\u00eau \u0111\u1eb9p.<\/p>\n<p>\u2013 B\u1ebfp t\u1ef1 do n\u1ea5u n\u01b0\u1edbng \u0111\u1ea7y \u0111\u1ee7 d\u1ee5ng c\u1ee5 v\u00e0 gia v\u1ecb.<\/p>\n<p>\u2013 Ch\u00eca kho\u00e1 trao tay tha h\u1ed3 ri\u00eang t\u01b0<\/p>\n<h1 id=\"4-gia-phong\"><span style=\"font-size: 24px; color: #003300;\"><strong><span class=\"_4yxo\">4.<\/span>\u00a0Gi\u00e1 ph\u00f2ng<\/strong><\/span><\/h1>\n<p>Li\u00ean h\u1ec7 \u0111\u1ec3 \u0111\u01b0\u1ee3c \u0110\u00e0 L\u1ea1t Review t\u01b0 v\u1ea5n.<\/p>\n<h1 id=\"5-lien-he\"><span style=\"font-size: 24px; color: #003300;\">5. Li\u00ean h\u1ec7<\/span><\/h1>\n<p>Fanpage:\u00a0<a href=\"https:\/\/www.facebook.com\/booking.dalatreview.vn\/\">Booking \u0110\u00e0 L\u1ea1t \u2013 www.dalatreview.vn<\/a><\/p>\n<p>S\u0110T\/Zalo: 0968 249 297<\/p>\n<p><img decoding=\"async\" class=\"aligncenter wp-image-25663 size-full\" src=\"https:\/\/dalatreview.vn\/wp-content\/uploads\/2023\/01\/b13a9f750fd1d78f8ec067.jpg\" alt=\"Villa \u0110\u00e0 L\u1ea1t L\u00e2m V\u0103n Th\u1ea1nh 5 Ph\u00f2ng\" width=\"956\" height=\"1276\" \/><\/p>","protected":false},"excerpt":{"rendered":"<p class=\"p1\">Villa t\u1ecda l\u1ea1c t\u1ea1i \u0111\u01b0\u1eddng L\u00e2m V\u0103n Th\u1ea1nh, P11. Tp \u0110\u00e0 L\u1ea1t.<\/p>\n<p class=\"p1\">C\u00e1ch ch\u1ee3 5 ph\u00fat ch\u1ea1y xe, g\u1ea7n qu\u1ea3ng tr\u01b0\u1eddng, c\u00e1c trung t\u00e2m mua s\u1eafm, \u0103n u\u1ed1ng v\u00e0 vui ch\u01a1i.<\/p>\n<p class=\"p1\">\u00a0L\u00e2m V\u0103n Th\u1ea1nh, P11. Tp \u0110\u00e0 L\u1ea1t (h\u1ebbm b\u00f2 D\u00e3 Chi\u1ebfn) &#8211; c\u00e1ch tt 6km &#8211; 10p di chuy\u1ec3n<\/p>","protected":false},"featured_media":25658,"comment_status":"open","ping_status":"closed","template":"","meta":{"_acf_changed":false,"rank_math_lock_modified_date":false},"product_cat":[29,2254,45],"product_tag":[],"acf":[],"_links":{"self":[{"href":"https:\/\/dalatreview.vn\/en\/wp-json\/wp\/v2\/product\/25654"}],"collection":[{"href":"https:\/\/dalatreview.vn\/en\/wp-json\/wp\/v2\/product"}],"about":[{"href":"https:\/\/dalatreview.vn\/en\/wp-json\/wp\/v2\/types\/product"}],"replies":[{"embeddable":true,"href":"https:\/\/dalatreview.vn\/en\/wp-json\/wp\/v2\/comments?post=25654"}],"wp:featuredmedia":[{"embeddable":true,"href":"https:\/\/dalatreview.vn\/en\/wp-json\/wp\/v2\/media\/25658"}],"wp:attachment":[{"href":"https:\/\/dalatreview.vn\/en\/wp-json\/wp\/v2\/media?parent=25654"}],"wp:term":[{"taxonomy":"product_cat","embeddable":true,"href":"https:\/\/dalatreview.vn\/en\/wp-json\/wp\/v2\/product_cat?post=25654"},{"taxonomy":"product_tag","embeddable":true,"href":"https:\/\/dalatreview.vn\/en\/wp-json\/wp\/v2\/product_tag?post=25654"}],"curies":[{"name":"wp","href":"https:\/\/api.w.org\/{rel}","templated":true}]}}