
{"id":25651,"date":"2023-01-12T16:11:20","date_gmt":"2023-01-12T09:11:20","guid":{"rendered":"https:\/\/dalatreview.vn\/?p=25651"},"modified":"2025-01-16T12:24:44","modified_gmt":"2025-01-16T05:24:44","slug":"the-camp-ville-da-lat","status":"publish","type":"product","link":"https:\/\/dalatreview.vn\/en\/the-camp-ville-da-lat.html","title":{"rendered":"The CampVille \u0110\u00e0 L\u1ea1t"},"content":{"rendered":"<nav class=\"vietrick-auto-toc\">\n<div class=\"box-title\">\n<h3 class=\"toc-title\" id=\"select-menu\">Danh m\u1ee5c ch\u00ednh<\/h3>\n<div><ion-icon name=\"chevron-up-outline\"><\/ion-icon><\/div>\n<\/div>\n<ul class=\"toc-list\"><\/ul>\n<li><a href='https:\/\/dalatreview.vn\/en#the-campville-da-lat' class='heading-h1 toc-link smooth-scroll'>The CampVille \u0110\u00e0 L\u1ea1t<\/a>\n<ul>\n<li><a href='https:\/\/dalatreview.vn\/en#1-nhung-diem-dac-biet-cua-the-campville-da-lat' class='heading-h2 toc-link smooth-scroll'>1. Nh\u1eefng \u0111i\u1ec3m \u0111\u1eb7c bi\u1ec7t c\u1ee7a The CampVille \u0110\u00e0 L\u1ea1t<\/a>\n<li><a href='https:\/\/dalatreview.vn\/en#2-trai-nghiem-the-campville-da-lat' class='heading-h2 toc-link smooth-scroll'>2. Tr\u1ea3i nghi\u1ec7m The CampVille \u0110\u00e0 L\u1ea1t\u00a0<\/a>\n<li><a href='https:\/\/dalatreview.vn\/en#3-gia-tour-the-camp-ville-da-lat' class='heading-h2 toc-link smooth-scroll'>3. Gi\u00e1 Tour The Camp &#8211; Ville \u0110\u00e0 L\u1ea1t<\/a>\n<li><a href='https:\/\/dalatreview.vn\/en#4-gia-le-tour-the-camp-ville-da-lat' class='heading-h2 toc-link smooth-scroll'>4. Gi\u00e1 L\u1ec5 Tour The Camp &#8211; Ville \u0110\u00e0 L\u1ea1t<\/a>\n<li><a href='https:\/\/dalatreview.vn\/en#5-thong-tin-lien-he' class='heading-h2 toc-link smooth-scroll'>5. Th\u00f4ng Tin Li\u00ean H\u1ec7<\/a><\/ul>\n<\/ul>\n<\/li>\n<\/ul>\n<\/nav>\n<h1 style=\"text-align: center;\" id=\"the-campville-da-lat\"><span style=\"color: #003300;\"><strong>The CampVille \u0110\u00e0 L\u1ea1t<\/strong><\/span><\/h1>\n<p>B\u1ea1n \u0111ang mu\u1ed1n tr\u1ed1n ch\u1ea1y c\u1ea3 th\u1ebf gi\u1edbi b\u1eb1ng c\u00e1ch s\u1ed1ng h\u00f2a m\u00ecnh v\u00e0o thi\u00ean nhi\u00ean, ng\u1ee7 trong r\u1eebng v\u00e0 tham gia c\u00e1c ho\u1ea1t \u0111\u1ed9ng ngo\u00e0i tr\u1eddi.\u00a0V\u1eady th\u00ec h\u00f4m nay \u0110\u00e0 L\u1ea1t Review s\u1ebd gi\u1edbi thi\u1ec7u \u0111\u1ebfn b\u1ea1n chi\u1ebfc Tour c\u1eafm tr\u1ea1i The Camp &#8211; Ville \u0110\u00e0 L\u1ea1t \u0111\u1ec3 F5 t\u00e2m h\u1ed3n sau nh\u1eefng ng\u00e0y ng\u1eadp tr\u00e0n \u0111\u1ed1ng deadline h\u1eb1ng ng\u00e0y nh\u00e9!!!<\/p>\n<p><img decoding=\"async\" class=\"size-full wp-image-25652 aligncenter\" src=\"https:\/\/dalatreview.vn\/wp-content\/uploads\/2023\/01\/hinh-1-3.jpg\" alt=\"The camp ville \u0110\u00e0 L\u1ea1t\" width=\"2048\" height=\"1365\" \/><\/p>\n<h2 id=\"1-nhung-diem-dac-biet-cua-the-campville-da-lat\"><span style=\"color: #003300;\"><strong>1. Nh\u1eefng \u0111i\u1ec3m \u0111\u1eb7c bi\u1ec7t c\u1ee7a The CampVille \u0110\u00e0 L\u1ea1t<\/strong><\/span><\/h2>\n<p><span style=\"font-family: arial, helvetica, sans-serif; font-size: 16px;\">Thanh xu\u00e2n ai r\u1ed3i c\u0169ng s\u1ebd ph\u1ea3i m\u1ed9t l\u1ea7n tr\u1ea3i qua m\u1ed9t tour c\u1eafm tr\u1ea1i t\u1ea1i \u0110\u00e0 L\u1ea1t. V\u00e0 n\u1ebfu nh\u01b0 b\u1ea1n \u0111ang mu\u1ed1n t\u00ecm m\u1ed9t n\u01a1i b\u00ecnh y\u00ean t\u1ea1m g\u00e1c deadlines sang 1 b\u00ean, s\u00e1ng m\u1edf l\u1ec1u ra ng\u1eafm thung l\u0169ng m\u00e2y h\u00f2a m\u00ecnh m\u00ecnh v\u00e0o thi\u00ean nhi\u00ean \u0111\u1ea7y s\u1eafc th\u01a1 c\u1ee7a \u0110\u00e0 L\u1ea1t th\u00ec \u0111\u1eebng b\u1ecf qua The Camp Ville \u0110\u00e0 L\u1ea1t nh\u00e9!<\/span><\/p>\n<p><img decoding=\"async\" class=\"aligncenter wp-image-32826 size-full\" src=\"https:\/\/dalatreview.vn\/wp-content\/uploads\/2023\/01\/378012595_265707246336684_2306618192908285867_n.jpg\" alt=\"the camp ville \u0111\u00e0 l\u1ea1t \" width=\"2048\" height=\"1536\" \/><\/p>\n<p><span style=\"font-size: 16px;\">\u2714\ufe0fThe Camp Ville \u0110\u00e0 L\u1ea1t l\u00e0 n\u01a1i d\u00e0nh cho nh\u1eefng b\u1ea1n y\u00eau thi\u00ean nhi\u00ean, th\u00edch t\u1eadn h\u01b0\u1edfng kh\u00f4ng kh\u00ed b\u00ecnh y\u00ean.<\/span><\/p>\n<p><span style=\"font-size: 16px;\">\u2714\ufe0f \u0110\u01b0\u1ee3c tr\u1ea3i nghi\u1ec7m ngh\u1ec9 d\u01b0\u1ee1ng t\u1ea1i l\u1ec1u hai gi\u01b0\u1eddng size KING.<\/span><\/p>\n<p><span style=\"font-size: 16px;\">\u2714\ufe0f C\u00f3 khu WC ri\u00eang bi\u1ec7t c\u00f9ng b\u1ed3n t\u1eafm ngo\u00e0i tr\u1eddi.<\/span><\/p>\n<p><span style=\"font-size: 16px;\">\u2714\ufe0f Th\u01b0\u1edfng th\u1ee9c nh\u1eefng b\u1eefa ti\u1ec7c BBQ bu\u1ed5i t\u1ed1i c\u00f9ng SET MENU 9 M\u00d3N<\/span><\/p>\n<p><span style=\"font-size: 16px;\">\u2714\ufe0f T\u1eadn h\u01b0\u1edfng m\u1ecdi d\u1ecbch v\u1ee5 theo chu\u1ea9n kh\u00e1ch s\u1ea1n.<\/span><\/p>\n<div dir=\"auto\"><span style=\"font-size: 16px;\">\u2714\ufe0f \u0110\u1eb7c bi\u1ec7t, b\u1ea1n s\u1ebd \u0111\u01b0\u1ee3c h\u01b0\u1edfng \u01b0u \u0111\u00e3i khi l\u01b0u tr\u00fa t\u1ea1i The Camp Ville \u0110\u00e0 L\u1ea1t:<\/span><\/div>\n<p><span style=\"font-size: 16px;\">\u00a0 \u00a0&#8211; Mi\u1ec5n ph\u00ed c\u00e1c \u0111i\u1ec3m tham quan du l\u1ecbch:<\/span><\/p>\n<p><span style=\"font-size: 16px;\">\u00a0 &#8211;\u00a0 Mi\u1ec5n ph\u00ed tham quan t\u1ea1i C\u1ed5ng tr\u1eddi Bali<\/span><\/p>\n<p><span style=\"font-size: 16px;\">\u00a0 &#8211;\u00a0 Mi\u1ec5n ph\u00ed tham quan t\u1ea1i M\u1ed9ng \u0110\u00e0o Hoa<\/span><\/p>\n<p><span style=\"font-size: 16px;\">\u00a0 &#8211;\u00a0 Mi\u1ec5n ph\u00ed tham quan t\u1ea1i Thi\u00ean \u0111\u01b0\u1eddng s\u0103n m\u00e2y C\u1ea7u \u0110\u1ea5t<\/span><\/p>\n<p><span style=\"font-size: 16px;\">\u00a0 &#8211;\u00a0 Mi\u1ec5n ph\u00ed tham quan t\u1ea1i Panorama C\u1ea7u \u0110\u1ea5t<\/span><\/p>\n<p><span style=\"font-family: arial, helvetica, sans-serif; font-size: 16px;\">\u2714\ufe0f The Camp &#8211; Ville \u0110\u00e0 L\u1ea1t c\u00f3 c\u1ea3 m\u1ed9t kh\u00f4ng gian c\u1ef1c r\u1ed9ng \u0111\u1ec3 b\u1ea1n v\u00e0 gia \u0111\u00ecnh c\u00f3 m\u1ed9t k\u00ec ngh\u1ec9 d\u01b0\u1ee1ng tho\u1ea3i m\u00e1i, h\u00f2a m\u00ecnh c\u00f9ng thi\u00ean nhi\u00ean, v\u00e0o nh\u1eefng ng\u00e0y may m\u1eafn, b\u1ea1n c\u00f2n c\u00f3 th\u1ec3 s\u0103n m\u00e2y ngay t\u1ea1i l\u1ec1u.<\/span><\/p>\n<p><span style=\"font-family: arial, helvetica, sans-serif; font-size: 16px;\">\u2714\ufe0f Ngo\u00e0i ra, t\u1ea1i \u0111\u00e2y c\u00f2n c\u00f3 c\u1ea3 m\u1ed9t qu\u00e1n c\u00e0 ph\u00ea \u0111\u1ec3 b\u1ea1n c\u00f3 th\u1ec3 ng\u1ed3i nh\u00e2m nhi ng\u1eafm c\u1ea3nh v\u00e0 chill c\u00f9ng thi\u00ean nhi\u00ean.<\/span><\/p>\n<p><img decoding=\"async\" class=\"size-full wp-image-34367 aligncenter\" src=\"https:\/\/dalatreview.vn\/wp-content\/uploads\/2023\/01\/hinh-38.jpg\" alt=\"the camp ville dalat\" width=\"1200\" height=\"900\" srcset=\"https:\/\/dalatreview.vn\/wp-content\/uploads\/2023\/01\/hinh-38.jpg 1200w, https:\/\/dalatreview.vn\/wp-content\/uploads\/2023\/01\/hinh-38-600x450.jpg 600w\" sizes=\"(max-width: 1200px) 100vw, 1200px\" \/><\/p>\n<h2 dir=\"auto\" id=\"2-trai-nghiem-the-campville-da-lat\"><span style=\"color: #003300;\"><strong>2. Tr\u1ea3i nghi\u1ec7m The CampVille \u0110\u00e0 L\u1ea1t\u00a0<\/strong><\/span><\/h2>\n<p><span style=\"font-size: 16px;\">\u2714\ufe0f <\/span>The Camp &#8211; Ville \u0110\u00e0 L\u1ea1t t\u1ecda l\u1ea1c t\u1ea1i m\u1ed9t v\u1ecb tr\u00ed \u0111\u1eafc \u0111\u1ecba, m\u1ed9t n\u01a1i m\u00e0 b\u1ea1n c\u00f3 th\u1ec3 ng\u1eafm c\u1ea3 b\u00ecnh minh v\u00e0 ho\u00e0ng h\u00f4n, \u0111\u1eb7c bi\u1ec7t bu\u1ed5i t\u1ed1i n\u01a1i c\u00f2n c\u00f3 c\u1ea3 view ng\u1eafm nh\u00e0 l\u1ed3ng si\u00eau lung linh.<\/p>\n<p><span style=\"font-size: 16px;\">\u2714\ufe0f <\/span>T\u1ed1i \u0111\u1ebfn lai rai \u0111\u1ed3 n\u01b0\u1edbng trong ti\u1ebft tr\u1eddi se l\u1ea1nh c\u1ee7a \u0110\u00e0 L\u1ea1t c\u00f9ng ng\u01b0\u1eddi th\u00e2n, b\u1ea1n b\u00e8 qu\u00e2y qu\u1ea7n b\u00ean b\u1ebfp than \u1ea5m n\u00f3ng r\u1ef1c l\u1eeda.<\/p>\n<p><span style=\"font-size: 16px;\">\u2714\ufe0f <\/span>\u0110\u1ebfn v\u1edbi The Camp &#8211; Ville \u0110\u00e0 L\u1ea1t b\u1ea1n s\u1ebd c\u00f3 nh\u1eefng tr\u1ea3i nghi\u1ec7m m\u1edbi \u0111\u00e1ng nh\u1edb, \u0111\u1eb7c bi\u1ec7t l\u00e0 s\u1ebd kh\u00f4ng ph\u1ea3i th\u1ee9c d\u1eady t\u1eeb 3h s\u00e1ng \u0111\u1ec3 l\u00ean \u0111\u1ed3 \u0111i s\u0103n m\u00e2y trong ti\u1ebft tr\u1eddi se l\u1ea1nh bu\u1ed5i s\u00e1ng.<\/p>\n<p><span style=\"font-size: 16px;\">\u2714\ufe0f <\/span>The Camp &#8211; Ville \u0110\u00e0 L\u1ea1t c\u00f2n c\u00f3 c\u1ea3 m\u1ed9t c\u00e1nh \u0111\u1ed3ng hoa tam gi\u00e1c m\u1ea1ch \u1edf xung quanh l\u1ec1u \u0111\u1ec3 b\u1ea1n c\u00f3 th\u1ec3 h\u00f2a m\u00ecnh v\u00e0o m\u1ed9t thi\u00ean nhi\u00ean \u0111\u1ea7y s\u1eafc th\u01a1.<\/p>\n<p><span style=\"font-size: 16px;\">\u2714\ufe0f <\/span>N\u1ebfu b\u1ea1n gh\u00e9 \u0111\u1ebfn v\u00e0o l\u00fac hoa tam gi\u00e1c m\u1ea1ch ch\u01b0a n\u1edf r\u1ed9 th\u00ec c\u0169ng kh\u00f4ng sao \u0111\u00e2u nh\u00e9, v\u00ec \u1edf \u0111\u00e2y \u0111\u1ee9ng check in g\u00f3c n\u00e0o c\u0169ng \u0111\u1ec1u c\u00f3 \u1ea3nh \u0111\u1eb9p.<\/p>\n<p><span style=\"font-size: 16px;\">\u2714\ufe0f <\/span>\u0110\u1eb7c bi\u1ec7t, The Camp &#8211; Ville \u0110\u00e0 L\u1ea1t ch\u1ec9 c\u00e1ch trung th\u00e0nh ph\u1ed1 13km v\u00e0 \u0111\u01b0\u1eddng \u0111\u1ebfn kh\u00e1 d\u1ec5 di chuy\u1ec3n.<\/p>\n<p><span style=\"font-size: 16px;\">\u2714\ufe0f <\/span>M\u1ed7i l\u1ec1u b\u00ean The Camp &#8211; Ville \u0110\u00e0 L\u1ea1t s\u1ebd \u0111\u1ec1u bao g\u1ed3m c\u00e1c ti\u1ec7n \u00edch nh\u01b0: n\u01b0\u1edbc n\u00f3ng l\u1ea1nh, wifi, qu\u1ea1t, m\u00e1y s\u1ea5y t\u00f3c, kh\u0103n t\u1eafm, c\u1ed1c u\u1ed1ng n\u01b0\u1edbc, b\u00ecnh si\u00eau t\u1ed1c, d\u00f9,d\u00e9p trong l\u1ec1u, s\u1eefa t\u1eafm d\u1ea7u g\u1ed9i, kem \u0111\u00e1nh r\u0103ng, b\u00e0n ch\u1ea3i, k\u1ec7 treo qu\u1ea7n \u00e1o,&#8230; V\u00e0 m\u1ed7i l\u1ec1u \u0111\u1ec1u c\u00f3 nh\u00e0 v\u1ec7 sinh ri\u00eang b\u00ean c\u1ea1nh.<\/p>\n<p><img decoding=\"async\" class=\"size-full wp-image-32828 aligncenter\" src=\"https:\/\/dalatreview.vn\/wp-content\/uploads\/2023\/01\/Vuon-hoa-thanh-pho-da-lat-1.jpg\" alt=\"the campville dalat\" width=\"1200\" height=\"900\" \/><\/p>\n<h2 id=\"3-gia-tour-the-camp-ville-da-lat\"><span style=\"color: #003300;\"><strong>3. Gi\u00e1 Tour The Camp &#8211; Ville \u0110\u00e0 L\u1ea1t<\/strong><\/span><\/h2>\n<p><strong>L\u1ec1u View C\u00e1nh \u0111\u1ed3ng Khu A:<\/strong><\/p>\n<p>&#8211; L\u1ec1u 2 gi\u01b0\u1eddng d\u00e0nh cho 4 kh\u00e1ch: 4.400.000\/ \u0111\u00eam\u00a0<\/p>\n<p><strong>L\u1ec1u View Thung L\u0169ng Khu B &amp; Khu C<\/strong><\/p>\n<p>&#8211; L\u1ec1u 1 gi\u01b0\u1eddng d\u00e0nh cho 2 kh\u00e1ch: 2.600.000\/ \u0111\u00eam\u00a0<\/p>\n<p>(Nh\u00e0 v\u1ec7 sinh b\u00ean c\u1ea1nh l\u1ec1u)<\/p>\n<p>&#8211; L\u1ec1u 2 gi\u01b0\u1eddng d\u00e0nh cho 4 kh\u00e1ch: 5.200.000\/ \u0111\u00eam<\/p>\n<p>(Nh\u00e0 v\u1ec7 sinh b\u00ean c\u1ea1nh l\u1ec1u)<\/p>\n<p><strong>L\u1ec1u View Thung l\u0169ng khu D\u00a0<\/strong><\/p>\n<p>(Nh\u00e0 v\u1ec7 sinh b\u00ean trong l\u1ec1u)<\/p>\n<p>\u2022 L\u1ec1u 1 gi\u01b0\u1eddng d\u00e0nh cho 2 kh\u00e1ch \u2013 Nh\u00e0 v\u1ec7 sinh b\u00ean trong l\u1ec1u: 3.000.000\u0111\/ \u0111\u00eam\u00a0<\/p>\n<p>CH\u00cdNH S\u00c1CH PH\u1ee4 THU<\/p>\n<p>\u0110\u1ed1i v\u1edbi tr\u1ebb em:\u00a0<\/p>\n<p>&#8211; Tr\u1ebb em d\u01b0\u1edbi 110cm: Mi\u1ec5n ph\u00ed ph\u1ee5 thu l\u1ec1u<\/p>\n<p>&#8211; Tr\u1ebb em t\u1eeb 110cm &#8211; 140cm: Ph\u1ee5 thu 50%<\/p>\n<p>&#8211; Tr\u1ebb em tr\u00ean 140cm: T\u00ednh gi\u00e1 ng\u01b0\u1eddi l\u1edbn<\/p>\n<p>L\u01b0u \u00fd: Trong tr\u01b0\u1eddng h\u1ee3p ph\u00e1t sinh h\u01a1n s\u1ed1 l\u01b0\u1ee3ng ng\u01b0\u1eddi quy \u0111\u1ecbnh, khu camp s\u1ebd c\u00f3 nh\u1eefng m\u1ee9c ph\u1ee5 thu sau:<\/p>\n<p>&#8211; L\u1ec1u View Thung L\u0169ng Khu A, toilet b\u00ean trong l\u1ec1u ph\u1ee5 thu 1.200.000 VN\u0110 \/ 1 Ng\u01b0\u1eddi l\u1edbn \/ \u0110\u00eam. Tr\u1ebb em t\u1eeb 110cm &#8211; 140cm ph\u1ee5 ph\u00ed 750.000 VN\u0110 (Tr\u00ean 140cm t\u00ednh 1 ng\u01b0\u1eddi l\u1edbn)<\/p>\n<p>&#8211; L\u1ec1u View Thung L\u0169ng Khu B &amp; Khu C, toilet b\u00ean trong l\u1ec1u ph\u1ee5 thu 1.000.000 VN\u0110 \/ 1 Ng\u01b0\u1eddi l\u1edbn \/ \u0110\u00eam. Tr\u1ebb em t\u1eeb 110cm &#8211; 140cm ph\u1ee5 ph\u00ed 650.000 VN\u0110 (Tr\u00ean 140cm t\u00ednh 1 ng\u01b0\u1eddi l\u1edbn)<\/p>\n<p>&#8211; L\u1ec1u View C\u00e1nh \u0110\u1ed3ng Khu D, toilet b\u00ean trong l\u1ec1u ph\u1ee5 thu 800.000 VN\u0110 \/ 1 Ng\u01b0\u1eddi l\u1edbn \/ \u0110\u00eam. Tr\u1ebb em t\u1eeb 110cm &#8211; 140cm ph\u1ee5 ph\u00ed 550.000 VN\u0110 (Tr\u00ean 140cm t\u00ednh 1 ng\u01b0\u1eddi l\u1edbn)<\/p>\n<p>&#8211; Qu\u00fd kh\u00e1ch l\u01b0u \u00fd \u1edf \u0111\u00fang s\u1ed1 l\u01b0\u1ee3ng ng\u01b0\u1eddi, n\u1ebfu ph\u00e1t sinh th\u00eam vui l\u00f2ng b\u00e1o tr\u01b0\u1edbc cho khu camp, \u0111\u1ec3 The CampVille khai b\u00e1o l\u01b0u tr\u00fa \u0111\u1ea7y \u0111\u1ee7 cho ph\u01b0\u1eddng, x\u00e3.<\/p>\n<p><img decoding=\"async\" class=\"alignnone wp-image-37748 size-full\" src=\"https:\/\/dalatreview.vn\/wp-content\/uploads\/2023\/01\/z5343407805886_69c648aacdebb25d390b6ee69492a4aa.jpg\" alt=\"gi\u00e1 l\u1ec1u thecampville\" width=\"1810\" height=\"2560\" srcset=\"https:\/\/dalatreview.vn\/wp-content\/uploads\/2023\/01\/z5343407805886_69c648aacdebb25d390b6ee69492a4aa.jpg 1810w, https:\/\/dalatreview.vn\/wp-content\/uploads\/2023\/01\/z5343407805886_69c648aacdebb25d390b6ee69492a4aa-600x849.jpg 600w\" sizes=\"(max-width: 1810px) 100vw, 1810px\" \/><\/p>\n<h2 id=\"4-gia-le-tour-the-camp-ville-da-lat\">4. <span style=\"color: #003300;\"><strong>Gi\u00e1 L\u1ec5 Tour The Camp &#8211; Ville \u0110\u00e0 L\u1ea1t<\/strong><\/span><\/h2>\n<p><strong>L\u01b0u \u00fd:<\/strong> The Camp Ville t\u0103ng 25% tr\u00ean gi\u00e1 ni\u00eam y\u1ebft v\u00e0o ng\u00e0y 30\/04 v\u00e0 01\/05<\/p>\n<p><em>L\u1ec1u view c\u00e1nh \u0111\u1ed3ng Khu A:<\/em> 4.400.000 =&gt; 5.500.000\/l\u1ec1u<\/p>\n<p><em>L\u1ec1u view thung l\u0169ng khu B &amp; C 1 gi\u01b0\u1eddng<\/em>: 2.600.000 =&gt; 3.250.000\/l\u1ec1u<\/p>\n<p><em>L\u1ec1u view thung l\u0169ng Khu B &amp; C 2 gi\u01b0\u1eddng<\/em>: 5.200.000 =&gt; 6.500.000\/l\u1ec1u<\/p>\n<p><em>L\u1ec1u view thung l\u0169ng khu D<\/em>: 3.000.000 =&gt; 3.750.000\/ l\u1ec1u<\/p>\n<p>Extra bed: T\u0103ng 25% cho m\u1ed7i h\u1ea1ng l\u1ec1u t\u01b0\u01a1ng \u1ee9ng<\/p>\n<h2 id=\"5-thong-tin-lien-he\"><span style=\"color: #003300;\"><strong>5. Th\u00f4ng Tin Li\u00ean H\u1ec7<\/strong><\/span><\/h2>\n<p><span style=\"font-size: 16px;\">Hotline t\u01b0 v\u1ea5n: 0986 978 394<\/span><\/p>\n<p><span style=\"font-size: 16px;\">Li\u00ean h\u1ec7 book tour: <a href=\"https:\/\/zalo.me\/dalatreview\" target=\"_blank\" rel=\"noopener\">\u0110\u00e0 L\u1ea1t Review T\u1ea5t T\u1ea7n T\u1eadt<\/a><\/span><\/p>\n<p><span style=\"font-size: 16px;\">Xem th\u00eam b\u00e0i vi\u1ebft kh\u00e1c t\u1ea1i : <a href=\"https:\/\/dalatreview.vn\/en\/tour\/\">\u0110\u00e0 L\u1ea1t Review<\/a><\/span><\/p>","protected":false},"excerpt":{"rendered":"<p>Danh m\u1ee5c ch\u00ednh The CampVille \u0110\u00e0 L\u1ea1t 1. Nh\u1eefng \u0111i\u1ec3m \u0111\u1eb7c bi\u1ec7t c\u1ee7a The CampVille \u0110\u00e0 L\u1ea1t 2. Tr\u1ea3i nghi\u1ec7m The CampVille \u0110\u00e0 L\u1ea1t\u00a0 3. Gi\u00e1 Tour The Camp &#8211; Ville \u0110\u00e0 L\u1ea1t 4. Gi\u00e1 L\u1ec5 Tour The Camp &#8211; Ville \u0110\u00e0 L\u1ea1t 5. Th\u00f4ng Tin Li\u00ean H\u1ec7 The CampVille \u0110\u00e0 L\u1ea1t B\u1ea1n \u0111ang mu\u1ed1n [&hellip;]<\/p>","protected":false},"featured_media":32836,"comment_status":"open","ping_status":"closed","template":"","meta":{"_acf_changed":false,"rank_math_lock_modified_date":false},"product_cat":[28,2345],"product_tag":[75],"acf":[],"_links":{"self":[{"href":"https:\/\/dalatreview.vn\/en\/wp-json\/wp\/v2\/product\/25651"}],"collection":[{"href":"https:\/\/dalatreview.vn\/en\/wp-json\/wp\/v2\/product"}],"about":[{"href":"https:\/\/dalatreview.vn\/en\/wp-json\/wp\/v2\/types\/product"}],"replies":[{"embeddable":true,"href":"https:\/\/dalatreview.vn\/en\/wp-json\/wp\/v2\/comments?post=25651"}],"wp:featuredmedia":[{"embeddable":true,"href":"https:\/\/dalatreview.vn\/en\/wp-json\/wp\/v2\/media\/32836"}],"wp:attachment":[{"href":"https:\/\/dalatreview.vn\/en\/wp-json\/wp\/v2\/media?parent=25651"}],"wp:term":[{"taxonomy":"product_cat","embeddable":true,"href":"https:\/\/dalatreview.vn\/en\/wp-json\/wp\/v2\/product_cat?post=25651"},{"taxonomy":"product_tag","embeddable":true,"href":"https:\/\/dalatreview.vn\/en\/wp-json\/wp\/v2\/product_tag?post=25651"}],"curies":[{"name":"wp","href":"https:\/\/api.w.org\/{rel}","templated":true}]}}