
{"id":25399,"date":"2023-01-02T16:36:47","date_gmt":"2023-01-02T09:36:47","guid":{"rendered":"https:\/\/dalatreview.vn\/?p=25399"},"modified":"2024-07-10T12:06:07","modified_gmt":"2024-07-10T05:06:07","slug":"villa-da-lat-nguyen-trung-truc-4-phong","status":"publish","type":"product","link":"https:\/\/dalatreview.vn\/en\/villa-da-lat-nguyen-trung-truc-4-phong.html","title":{"rendered":"Villa \u0110\u00e0 L\u1ea1t Nguy\u1ec5n Trung Tr\u1ef1c 4 ph\u00f2ng"},"content":{"rendered":"<div class=\"x11i5rnm xat24cr x1mh8g0r x1vvkbs xdj266r x126k92a\">\n<nav class=\"vietrick-auto-toc\">\n<div class=\"box-title\">\n<h3 class=\"toc-title\" id=\"select-menu\">Danh m\u1ee5c ch\u00ednh<\/h3>\n<div><ion-icon name=\"chevron-up-outline\"><\/ion-icon><\/div>\n<\/div>\n<ul class=\"toc-list\"><\/ul>\n<li><a href='https:\/\/dalatreview.vn\/en#villa-dep-da-lat-nguyen-trung-truc-4-phong' class='heading-h1 toc-link smooth-scroll'>Villa \u0111\u1eb9p \u0110\u00e0 L\u1ea1t Nguy\u1ec5n Trung Tr\u1ef1c 4 ph\u00f2ng <\/a>\n<li><a href='https:\/\/dalatreview.vn\/en#1-vi-tri' class='heading-h1 toc-link smooth-scroll'>1. V\u1ecb tr\u00ed<\/a>\n<li><a href='https:\/\/dalatreview.vn\/en#2-decor' class='heading-h1 toc-link smooth-scroll'>2. Decor<\/a>\n<li><a href='https:\/\/dalatreview.vn\/en#3-dich-vu-tien-nghi' class='heading-h1 toc-link smooth-scroll'>3. D\u1ecbch v\u1ee5 &amp; Ti\u1ec7n nghi<\/a>\n<li><a href='https:\/\/dalatreview.vn\/en#4-gia-phong' class='heading-h1 toc-link smooth-scroll'>4.\u00a0Gi\u00e1 ph\u00f2ng<\/a>\n<li><a href='https:\/\/dalatreview.vn\/en#5-lien-he' class='heading-h1 toc-link smooth-scroll'>5. Li\u00ean h\u1ec7<\/a><\/ul>\n<\/li>\n<\/ul>\n<\/nav>\n<h1 dir=\"auto\" style=\"text-align: center;\" id=\"villa-dep-da-lat-nguyen-trung-truc-4-phong\"><strong><span style=\"color: #003300;\">Villa \u0111\u1eb9p \u0110\u00e0 L\u1ea1t Nguy\u1ec5n Trung Tr\u1ef1c 4 ph\u00f2ng <\/span><\/strong><\/h1>\n<\/div>\n<h1 dir=\"auto\" id=\"1-vi-tri\"><span style=\"font-size: 24px; color: #003300;\"><strong>1. V\u1ecb tr\u00ed<\/strong><\/span><\/h1>\n<p dir=\"auto\">Villa \u0111\u1eb9p \u0110\u00e0 L\u1ea1t t\u1ecda l\u1ea1c t\u1ea1i \u0111\u01b0\u1eddng Nguy\u1ec5n Trung Tr\u1ef1c, TP \u0110\u00e0 L\u1ea1t.<\/p>\n<p dir=\"auto\">C\u00e1ch ch\u1ee3 5 ph\u00fat ch\u1ea1y xe, g\u1ea7n qu\u1ea3ng tr\u01b0\u1eddng, c\u00e1c trung t\u00e2m mua s\u1eafm, \u0103n u\u1ed1ng v\u00e0 vui ch\u01a1i.<\/p>\n<p dir=\"auto\">\u1ede \u0111\u00e2y giao th\u00f4ng thu\u1eadn ti\u1ec7n, con ng\u01b0\u1eddi hi\u1ebfu kh\u00e1ch, thi\u00ean nhi\u00ean l\u1ea1i nao \u0111\u1ed9ng l\u00f2ng ng\u01b0\u1eddi n\u1eefa \u0111\u1ea5y.<\/p>\n<p dir=\"auto\"><img decoding=\"async\" class=\"aligncenter wp-image-25401 size-full\" src=\"https:\/\/dalatreview.vn\/wp-content\/uploads\/2023\/01\/5.jpg\" alt=\"Villa \u0111\u1eb9p \u0110\u00e0 L\u1ea1t Nguy\u1ec5n Trung Tr\u1ef1c 4 ph\u00f2ng\" width=\"1364\" height=\"2048\" \/><\/p>\n<h1 id=\"2-decor\"><span style=\"font-size: 24px; color: #003300;\"><strong><span class=\"_4yxo _4yxp\">2. Decor<\/span><\/strong><\/span><\/h1>\n<p>Villa c\u00f3 view cao r\u1ea5t \u0111\u1eb9p, t\u1eeb ban c\u00f4ng m\u1ed7i ph\u00f2ng b\u1ea1n c\u00f3 th\u1ec3 ng\u1eafm nh\u00ecn b\u00ecnh minh v\u00e0 ho\u00e0ng h\u00f4n, th\u01b0\u1edfng th\u1ee9c c\u00e1i \u0111\u1eb9p trong l\u00e0nh c\u1ee7a thi\u00ean nhi\u00ean.<\/p>\n<p>\u0110\u1eb7c bi\u1ec7t v\u1ec1 \u0111\u00eam s\u1ebd th\u1ea5y 1 khung c\u1ea3nh th\u01a1 m\u1ed9ng hi\u1ec7n l\u00ean \u0111\u1eb9p v\u00e0 l\u00e3ng m\u1ea1n \u0111\u1ebfn nao l\u00f2ng.<\/p>\n<p>C\u0103n nh\u00e0 c\u00f3 thi\u1ebft k\u1ebf hi\u1ec7n \u0111\u1ea1i, ti\u1ec7n \u00edch \u0111\u1ea7y \u0111\u1ee7. V\u1edbi kh\u00f4ng gian m\u1edf r\u1ed9ng r\u00e3i, \u0111\u00f3n \u00e1nh sang t\u1ef1 nhi\u00ean \u1ea5m \u00e1p t\u1ea1o c\u1ea3m gi\u00e1c quen thu\u1ed9c khi b\u1ea1n \u0111\u1ebfn \u0111\u00e2y l\u1ea7n \u0111\u1ea7u.<\/p>\n<p>Ngo\u00e0i ra, villa c\u00f2n \u0111\u01b0\u1ee3c trang b\u1ecb b\u1ed9 n\u1ed9i th\u1ea5t cao c\u1ea5p r\u1ea5t sang tr\u1ecdng. Nhi\u1ec1u g\u00f3c s\u1ed1ng \u1ea3o cho b\u1ea1n v\u00e0 gia \u0111\u00ecnh l\u01b0u l\u1ea1i k\u1ec9 ni\u1ec7m b\u00ean nhau khi \u0111\u1ebfn \u0111\u00e2y ngh\u1ec9 d\u01b0\u1ee1ng.<\/p>\n<p>&nbsp;<\/p>\n<p><img decoding=\"async\" class=\"aligncenter wp-image-25403 size-full\" src=\"https:\/\/dalatreview.vn\/wp-content\/uploads\/2023\/01\/14.jpg\" alt=\"Villa \u0111\u1eb9p \u0110\u00e0 L\u1ea1t Nguy\u1ec5n Trung Tr\u1ef1c 4 ph\u00f2ng\" width=\"2048\" height=\"1364\" \/><\/p>\n<p><img decoding=\"async\" class=\"aligncenter wp-image-25400 size-full\" src=\"https:\/\/dalatreview.vn\/wp-content\/uploads\/2023\/01\/4.jpg\" alt=\"Villa \u0111\u1eb9p \u0110\u00e0 L\u1ea1t Nguy\u1ec5n Trung Tr\u1ef1c 4 ph\u00f2ng\" width=\"2048\" height=\"1364\" \/><\/p>\n<p>&nbsp;<\/p>\n<h1 id=\"3-dich-vu-tien-nghi\"><span style=\"font-size: 24px; color: #003300;\"><strong>3. D\u1ecbch v\u1ee5 &amp; Ti\u1ec7n nghi<\/strong><\/span><\/h1>\n<div class=\"x11i5rnm xat24cr x1mh8g0r x1vvkbs xdj266r x126k92a\">\n<p dir=\"auto\">Villa \u0110\u00e0 L\u1ea1t Cao C\u1ea5p<\/p>\n<\/div>\n<div dir=\"auto\">Villa 4 ph\u00f2ng ng\u1ee7 phong c\u00e1ch ch\u00e2u \u00c2u sang tr\u1ecdng v\u00e0 tinh t\u1ebf, h\u1ee9a h\u1eb9n s\u1ebd mang l\u1ea1i c\u1ea3m gi\u00e1c tr\u1ea3i nghi\u1ec7m th\u00fa v\u1ecb cho b\u1ea1n v\u00e0 gia \u0111\u00ecnh ng\u01b0\u1eddi th\u00e2n.<\/div>\n<p dir=\"auto\">Ng\u00f4i nh\u00e0 \u0111\u01b0\u1ee3c gia ch\u1ee7 ch\u0103m ch\u00fat t\u1ec9 m\u1ec9 \u0111\u1eb9p t\u1eebng g\u00f3c, \u0111\u1ee9ng \u0111\u00e2u c\u0169ng c\u00f3 th\u1ec3 cho ra l\u00f2 nh\u1eefng b\u1ee9c \u1ea3nh s\u1ed1ng \u1ea3o tri\u1ec7u view.<\/p>\n<div dir=\"auto\">Villa 4 ph\u00f2ng ng\u1ee7 Ti\u00eau chu\u1ea9n cho 8-10 kh\u00e1ch<\/div>\n<div dir=\"auto\"><\/div>\n<p dir=\"auto\"><img decoding=\"async\" class=\"aligncenter wp-image-25412 size-full\" src=\"https:\/\/dalatreview.vn\/wp-content\/uploads\/2023\/01\/28.jpg\" alt=\"Villa \u0111\u1eb9p \u0110\u00e0 L\u1ea1t Nguy\u1ec5n Trung Tr\u1ef1c 4 ph\u00f2ng\" width=\"960\" height=\"640\" \/><\/p>\n<p dir=\"auto\"><img decoding=\"async\" class=\"aligncenter wp-image-25419 size-large\" src=\"https:\/\/dalatreview.vn\/wp-content\/uploads\/2023\/01\/11-1024x682.jpg\" alt=\"\" width=\"1024\" height=\"682\"><\/p>\n<p dir=\"auto\"><img decoding=\"async\" class=\"aligncenter wp-image-25406 size-full\" src=\"https:\/\/dalatreview.vn\/wp-content\/uploads\/2023\/01\/20.jpg\" alt=\"Villa \u0111\u1eb9p \u0110\u00e0 L\u1ea1t Nguy\u1ec5n Trung Tr\u1ef1c 4 ph\u00f2ng\" width=\"960\" height=\"638\" \/><\/p>\n<p dir=\"auto\"><img decoding=\"async\" class=\"aligncenter wp-image-25410 size-large\" src=\"https:\/\/dalatreview.vn\/wp-content\/uploads\/2023\/01\/24-1024x682.jpg\" alt=\"Villa \u0111\u1eb9p \u0110\u00e0 L\u1ea1t Nguy\u1ec5n Trung Tr\u1ef1c 4 ph\u00f2ng\" width=\"1024\" height=\"682\" \/><\/p>\n<div class=\"x11i5rnm xat24cr x1mh8g0r x1vvkbs xtlvy1s x126k92a\">\n<p dir=\"auto\">C\u00f3 s\u00e2n \u0111\u1eadu xe h\u01a1i r\u1ed9ng r\u00e3i tho\u1ea3i m\u00e1i<\/p>\n<p dir=\"auto\">B\u1ebfp n\u01b0\u1edbng BBQ ngo\u00e0i tr\u1eddi ,view th\u00e0nh ph\u1ed1 v\u00e0 nh\u00e0 \u0111\u00e8n<\/p>\n<p dir=\"auto\">V\u1ecb tr\u00ed trung t\u00e2m c\u00e1ch ch\u1ee3 \u0110\u00e0 L\u1ea1t 3km c\u00f3 th\u1ec3 di chuy\u1ec3n t\u1edbi c\u00e1c \u0111i\u1ec3m du l\u1ecbch thu\u1eadn ti\u1ec7n<\/p>\n<p dir=\"auto\">\u2013 \u0110\u1ea7y \u0111\u1ee7 ti\u1ec7n nghi nh\u01b0 \u1edf nh\u00e0. Ph\u00f2ng kh\u00e1ch r\u1ed9ng r\u00e3i, c\u00f3 sofa tivi, t\u1ee7 l\u1ea1nh,.. tha h\u1ed3 sinh ho\u1ea1t chung v\u1edbi nhau.<\/p>\n<div dir=\"auto\">\n<p>\u2013 C\u00f3 di\u1ec7n t\u00edch \u0111\u1ec3 n\u01b0\u1edbng BBQ ngo\u00e0i tr\u1eddi v\u1eeba \u0103n v\u1eeba ng\u1eafm c\u1ea3nh v\u1ec1 \u0111\u00eam.<\/p>\n<p>\u2013 C\u00f3 ch\u1ed7 \u0111\u1eadu xe m\u00e1y, xe h\u01a1i an to\u00e0n mi\u1ec5n ph\u00ed.<\/p>\n<p>\u2013 Y\u00ean t\u0129nh, an ninh 24\/24, s\u1ea1ch s\u1ebd, tho\u00e1ng m\u00e1t, view thi\u00ean nhi\u00ean si\u00eau \u0111\u1eb9p.<\/p>\n<p>\u2013 B\u1ebfp t\u1ef1 do n\u1ea5u n\u01b0\u1edbng \u0111\u1ea7y \u0111\u1ee7 d\u1ee5ng c\u1ee5 v\u00e0 gia v\u1ecb.<\/p>\n<p>\u2013 Ch\u00eca kho\u00e1 trao tay tha h\u1ed3 ri\u00eang t\u01b0<\/p>\n<h1 id=\"4-gia-phong\"><strong><span class=\"_4yxo\">4.<\/span>\u00a0Gi\u00e1 ph\u00f2ng<\/strong><\/h1>\n<p>Li\u00ean h\u1ec7 \u0111\u1ec3 \u0111\u01b0\u1ee3c \u0110\u00e0 L\u1ea1t Review t\u01b0 v\u1ea5n.<\/p>\n<h1 id=\"5-lien-he\"><strong>5. Li\u00ean h\u1ec7<\/strong><\/h1>\n<p>Fanpage:\u00a0<a href=\"https:\/\/www.facebook.com\/booking.dalatreview.vn\/\">Booking \u0110\u00e0 L\u1ea1t \u2013 www.dalatreview.vn<\/a><\/p>\n<\/div>\n<div dir=\"auto\">\u0110\u1ecba ch\u1ec9 : Nguy\u1ec5n Trung Tr\u1ef1c &#8211; P.4 &#8211; Th\u00e0nh ph\u1ed1 \u0110\u00e0 l\u1ea1t<\/div>\n<p dir=\"auto\">Li\u00ean h\u1ec7 t\u01b0 v\u1ea5n \u0111\u1eb7t Villa: 0968.249.297<\/p>\n<\/div>","protected":false},"excerpt":{"rendered":"<p class=\"p1\">C\u00e1ch ch\u1ee3 5 ph\u00fat ch\u1ea1y xe, g\u1ea7n qu\u1ea3ng tr\u01b0\u1eddng, c\u00e1c trung t\u00e2m mua s\u1eafm, \u0103n u\u1ed1ng v\u00e0 vui ch\u01a1i.<\/p>\n<p class=\"p1\">V\u1ecb tr\u00ed trung t\u00e2m c\u00e1ch ch\u1ee3 \u0110\u00e0 L\u1ea1t 3km c\u00f3 th\u1ec3 di chuy\u1ec3n t\u1edbi c\u00e1c \u0111i\u1ec3m du l\u1ecbch thu\u1eadn ti\u1ec7n<\/p>\n<p class=\"p1\">\u2013 \u0110\u1ea7y \u0111\u1ee7 ti\u1ec7n nghi nh\u01b0 \u1edf nh\u00e0. Ph\u00f2ng kh\u00e1ch r\u1ed9ng r\u00e3i, c\u00f3 sofa tivi, t\u1ee7 l\u1ea1nh,.. tha h\u1ed3 sinh ho\u1ea1t chung v\u1edbi nhau.<\/p>\n<p class=\"p1\">\u2013 C\u00f3 di\u1ec7n t\u00edch \u0111\u1ec3 n\u01b0\u1edbng BBQ ngo\u00e0i tr\u1eddi v\u1eeba \u0103n v\u1eeba ng\u1eafm c\u1ea3nh v\u1ec1 \u0111\u00eam.<\/p>\n<p class=\"p1\">\u2013 C\u00f3 ch\u1ed7 \u0111\u1eadu xe m\u00e1y, xe h\u01a1i an to\u00e0n mi\u1ec5n ph\u00ed.<\/p>\n<p class=\"p1\">\u2013 Y\u00ean t\u0129nh, an ninh 24\/24, s\u1ea1ch s\u1ebd, tho\u00e1ng m\u00e1t, view thi\u00ean nhi\u00ean si\u00eau \u0111\u1eb9p.<\/p>\n<p class=\"p1\">\u2013 B\u1ebfp t\u1ef1 do n\u1ea5u n\u01b0\u1edbng \u0111\u1ea7y \u0111\u1ee7 d\u1ee5ng c\u1ee5 v\u00e0 gia v\u1ecb.<\/p>\n<p class=\"p1\">\u2013 Ch\u00eca kho\u00e1 trao tay tha h\u1ed3 ri\u00eang t\u01b0<\/p>","protected":false},"featured_media":25401,"comment_status":"open","ping_status":"closed","template":"","meta":{"_acf_changed":false,"rank_math_lock_modified_date":false},"product_cat":[29,2248,45],"product_tag":[],"acf":[],"_links":{"self":[{"href":"https:\/\/dalatreview.vn\/en\/wp-json\/wp\/v2\/product\/25399"}],"collection":[{"href":"https:\/\/dalatreview.vn\/en\/wp-json\/wp\/v2\/product"}],"about":[{"href":"https:\/\/dalatreview.vn\/en\/wp-json\/wp\/v2\/types\/product"}],"replies":[{"embeddable":true,"href":"https:\/\/dalatreview.vn\/en\/wp-json\/wp\/v2\/comments?post=25399"}],"wp:featuredmedia":[{"embeddable":true,"href":"https:\/\/dalatreview.vn\/en\/wp-json\/wp\/v2\/media\/25401"}],"wp:attachment":[{"href":"https:\/\/dalatreview.vn\/en\/wp-json\/wp\/v2\/media?parent=25399"}],"wp:term":[{"taxonomy":"product_cat","embeddable":true,"href":"https:\/\/dalatreview.vn\/en\/wp-json\/wp\/v2\/product_cat?post=25399"},{"taxonomy":"product_tag","embeddable":true,"href":"https:\/\/dalatreview.vn\/en\/wp-json\/wp\/v2\/product_tag?post=25399"}],"curies":[{"name":"wp","href":"https:\/\/api.w.org\/{rel}","templated":true}]}}