
{"id":25204,"date":"2022-12-23T17:11:41","date_gmt":"2022-12-23T10:11:41","guid":{"rendered":"https:\/\/dalatreview.vn\/?p=25204"},"modified":"2024-07-10T12:06:16","modified_gmt":"2024-07-10T05:06:16","slug":"villa-da-lat-dang-thai-than-5-phong-2","status":"publish","type":"product","link":"https:\/\/dalatreview.vn\/en\/villa-da-lat-dang-thai-than-5-phong-2.html","title":{"rendered":"Villa \u0110\u00e0 L\u1ea1t \u0110\u1eb7ng Th\u00e1i Th\u00e2n 5 ph\u00f2ng"},"content":{"rendered":"<nav class=\"vietrick-auto-toc\">\n<div class=\"box-title\">\n<h3 class=\"toc-title\" id=\"select-menu\">Danh m\u1ee5c ch\u00ednh<\/h3>\n<div><ion-icon name=\"chevron-up-outline\"><\/ion-icon><\/div>\n<\/div>\n<ul class=\"toc-list\"><\/ul>\n<li><a href='https:\/\/dalatreview.vn\/en#villa-da-lat-dang-thai-than-5-phong' class='heading-h1 toc-link smooth-scroll'>Villa \u0110\u00e0 L\u1ea1t \u0110\u1eb7ng Th\u00e1i Th\u00e2n 5 ph\u00f2ng<\/a>\n<li><a href='https:\/\/dalatreview.vn\/en#1-vi-tri' class='heading-h1 toc-link smooth-scroll'>1. V\u1ecb tr\u00ed<\/a>\n<li><a href='https:\/\/dalatreview.vn\/en#2-decor' class='heading-h1 toc-link smooth-scroll'>2. Decor<\/a>\n<li><a href='https:\/\/dalatreview.vn\/en#3-dich-vu-tien-nghi' class='heading-h1 toc-link smooth-scroll'>3. D\u1ecbch v\u1ee5 &amp; Ti\u1ec7n nghi<\/a>\n<li><a href='https:\/\/dalatreview.vn\/en#4-gia-phong' class='heading-h1 toc-link smooth-scroll'>4.\u00a0Gi\u00e1 ph\u00f2ng<\/a>\n<li><a href='https:\/\/dalatreview.vn\/en#5-lien-he' class='heading-h1 toc-link smooth-scroll'>5. Li\u00ean h\u1ec7<\/a><\/ul>\n<\/li>\n<\/ul>\n<\/nav>\n<h1 style=\"text-align: center;\" id=\"villa-da-lat-dang-thai-than-5-phong\"><span style=\"color: #003300;\"><strong><span style=\"font-size: 32px;\">Villa \u0110\u00e0 L\u1ea1t \u0110\u1eb7ng Th\u00e1i Th\u00e2n 5 ph\u00f2ng<\/span><\/strong><\/span><\/h1>\n<h1 id=\"1-vi-tri\"><span style=\"font-size: 24px; color: #003300;\"><strong>1. V\u1ecb tr\u00ed<\/strong><\/span><\/h1>\n<p><img decoding=\"async\" class=\"aligncenter wp-image-25206 size-full\" src=\"https:\/\/dalatreview.vn\/wp-content\/uploads\/2022\/12\/2d0c3823ce30166e4f215.jpg\" alt=\"Villa \u0110\u00e0 L\u1ea1t \u0110\u1eb7ng Th\u00e1i Th\u00e2n 5 ph\u00f2ng\" width=\"1170\" height=\"781\" \/><\/p>\n<p>Villa t\u1ecda l\u1ea1c t\u1ea1i \u0111\u01b0\u1eddng \u0110\u1eb7ng Th\u00e1i Th\u00e2n P3, \u0110\u00e0 L\u1ea1t.<\/p>\n<p>C\u00e1ch ch\u1ee3 7 ph\u00fat ch\u1ea1y xe, g\u1ea7n qu\u1ea3ng tr\u01b0\u1eddng, c\u00e1c trung t\u00e2m mua s\u1eafm, \u0103n u\u1ed1ng v\u00e0 vui ch\u01a1i.<\/p>\n<p>\u1ede \u0111\u00e2y giao th\u00f4ng thu\u1eadn ti\u1ec7n, con ng\u01b0\u1eddi hi\u1ebfu kh\u00e1ch, thi\u00ean nhi\u00ean l\u1ea1i nao \u0111\u1ed9ng l\u00f2ng ng\u01b0\u1eddi n\u1eefa \u0111\u1ea5y.<\/p>\n<h1 id=\"2-decor\"><strong><span class=\"_4yxo _4yxp\">2. Decor<\/span><\/strong><\/h1>\n<p>Villa c\u00f3 view cao r\u1ea5t \u0111\u1eb9p, t\u1eeb ban c\u00f4ng m\u1ed7i ph\u00f2ng b\u1ea1n c\u00f3 th\u1ec3 ng\u1eafm nh\u00ecn b\u00ecnh minh v\u00e0 ho\u00e0ng h\u00f4n, th\u01b0\u1edfng th\u1ee9c c\u00e1i \u0111\u1eb9p trong l\u00e0nh c\u1ee7a thi\u00ean nhi\u00ean.<\/p>\n<p>\u0110\u1eb7c bi\u1ec7t v\u1ec1 \u0111\u00eam s\u1ebd th\u1ea5y 1 khung c\u1ea3nh th\u01a1 m\u1ed9ng hi\u1ec7n l\u00ean \u0111\u1eb9p v\u00e0 l\u00e3ng m\u1ea1n \u0111\u1ebfn nao l\u00f2ng.<\/p>\n<p>C\u0103n nh\u00e0 c\u00f3 thi\u1ebft k\u1ebf hi\u1ec7n \u0111\u1ea1i, ti\u1ec7n \u00edch \u0111\u1ea7y \u0111\u1ee7. V\u1edbi kh\u00f4ng gian m\u1edf r\u1ed9ng r\u00e3i, \u0111\u00f3n \u00e1nh sang t\u1ef1 nhi\u00ean \u1ea5m \u00e1p t\u1ea1o c\u1ea3m gi\u00e1c quen thu\u1ed9c khi b\u1ea1n \u0111\u1ebfn \u0111\u00e2y l\u1ea7n \u0111\u1ea7u.<\/p>\n<p>Ngo\u00e0i ra, villa c\u00f2n \u0111\u01b0\u1ee3c trang b\u1ecb b\u1ed9 n\u1ed9i th\u1ea5t cao c\u1ea5p r\u1ea5t sang tr\u1ecdng. Nhi\u1ec1u g\u00f3c s\u1ed1ng \u1ea3o cho b\u1ea1n v\u00e0 gia \u0111\u00ecnh l\u01b0u l\u1ea1i k\u1ec9 ni\u1ec7m b\u00ean nhau khi \u0111\u1ebfn \u0111\u00e2y ngh\u1ec9 d\u01b0\u1ee1ng.<\/p>\n<p><img decoding=\"async\" class=\"aligncenter wp-image-25211 size-full\" src=\"https:\/\/dalatreview.vn\/wp-content\/uploads\/2022\/12\/c19509b0ffa327fd7eb222.jpg\" alt=\"Villa \u0110\u00e0 L\u1ea1t \u0110\u1eb7ng Th\u00e1i Th\u00e2n 5 ph\u00f2ng\" width=\"2048\" height=\"1365\" \/><\/p>\n<h1 id=\"3-dich-vu-tien-nghi\"><strong>3. D\u1ecbch v\u1ee5 &amp; Ti\u1ec7n nghi<\/strong><\/h1>\n<p><strong>VILLA VIEW R\u1eeaNG TH\u00d4NG KH\u00d4NG TH\u1ec2 B\u1ece L\u1ee0<\/strong><\/p>\n<p>Pine&#8217;s Forest Villa<\/p>\n<p>Tr\u1ea3i nghi\u1ec7m villa n\u00e0y du kh\u00e1ch nh\u01b0 \u0111\u01b0\u1ee3c \u0111\u1eafm ch\u00ecm trong kh\u00f4ng gian xanh l\u1ea1nh r\u1eebng th\u00f4ng t\u1ea1i \u0111\u00e2y , villa \u0111\u1ea7y \u0111\u1ee7 ti\u1ec7n nghi mang l\u1ea1i cho du kh\u00e1ch c\u1ea3m gi\u00e1c tho\u1ea3i m\u00e1i nh\u01b0 \u0111ang \u1edf nh\u00e0.<\/p>\n<p>\u2734\ufe0f Thi\u1ebft k\u1ebf g\u1ed3m 5 Ph\u00f2ng Ng\u1ee7<br \/>\n+ 2 ph\u00f2ng \u0111\u00f4i ( 2 gi\u01b0\u1eddng)<br \/>\n+ 3 Ph\u00f2ng \u0111\u01a1n ( 1 gi\u01b0\u1eddng)<br \/>\nT\u1ed5ng c\u1ed9ng 5wc<\/p>\n<p><img decoding=\"async\" class=\"aligncenter wp-image-25209 size-full\" src=\"https:\/\/dalatreview.vn\/wp-content\/uploads\/2022\/12\/27585435a2267a78233724.jpg\" alt=\"Villa \u0110\u00e0 L\u1ea1t \u0110\u1eb7ng Th\u00e1i Th\u00e2n 5 ph\u00f2ng\" width=\"2048\" height=\"1364\" \/><\/p>\n<p><img decoding=\"async\" class=\"aligncenter wp-image-25210 size-full\" src=\"https:\/\/dalatreview.vn\/wp-content\/uploads\/2022\/12\/c2f9339bc5881dd6449913.jpg\" alt=\"Villa \u0110\u00e0 L\u1ea1t \u0110\u1eb7ng Th\u00e1i Th\u00e2n 5 ph\u00f2ng\" width=\"2048\" height=\"1365\" \/><\/p>\n<p>Ph\u00f2ng kh\u00e1ch, b\u1ebfp, sang tr\u1ecdng \u0111\u1ea7y \u0111\u1ee7 ti\u1ec7n nghi, kho\u1ea3ng s\u00e2n r\u1ed9ng t\u01b0\u01a1i m\u00e1t t\u1ea1o c\u1ea3m th\u01b0 gi\u00e3n cho du kh\u00e1ch v\u00e0 t\u1ed5 ch\u1ee9c ti\u1ec7c BBQ tho\u1ea3i m\u00e1i ng\u1eafm view r\u1eebng th\u00f4ng c\u1ef1c chill m\u00e1t<\/p>\n<p>\ud83d\udd05C\u00e1ch ch\u1ee3 \u0110\u00e0 L\u1ea1t 2km &#8211; n\u1eb1m trong khu bi\u1ec7t th\u1ef1 y\u00ean t\u0129nh, view \u0111\u1ed3i n\u00fai, cung \u0111\u01b0\u1eddng hot nh\u1ea5t t\u1ea1i \u0110\u00e0 L\u1ea1t<\/p>\n<p>Khu\u00f4n vi\u00ean r\u1ed9ng r\u00e3i c\u1ef1c k\u1ef3 r\u1ed9ng th\u00edch h\u1ee3p ngh\u1ec9 d\u01b0\u1ee1ng .<\/p>\n<p>\u0110\u1ecba ch\u1ec9 : h\u1ebbm 3 \u0110\u1eb7ng th\u00e1i th\u00e2n, p3 ( b\u00ean c\u1ea1nh khu du l\u1ecbch l\u00e1 phong)<\/p>\n<p>\u00d4 t\u00f4 4,7 ,16 ch\u1ed7 t\u1eadn n\u01a1i, 29 ch\u1ed7 c\u00e1ch nh\u00e0 100m<\/p>\n<p><img decoding=\"async\" class=\"aligncenter wp-image-25208 size-full\" src=\"https:\/\/dalatreview.vn\/wp-content\/uploads\/2022\/12\/90ff51f3a7e07fbe26f115.jpg\" alt=\"Villa \u0110\u00e0 L\u1ea1t \u0110\u1eb7ng Th\u00e1i Th\u00e2n 5 ph\u00f2ng\" width=\"2048\" height=\"1365\" \/><\/p>\n<p>\u2013 \u0110\u1ea7y \u0111\u1ee7 ti\u1ec7n nghi nh\u01b0 \u1edf nh\u00e0. Ph\u00f2ng kh\u00e1ch r\u1ed9ng r\u00e3i, c\u00f3 sofa tivi, t\u1ee7 l\u1ea1nh,.. tha h\u1ed3 sinh ho\u1ea1t chung v\u1edbi nhau.<\/p>\n<p>\u2013 C\u00f3 di\u1ec7n t\u00edch \u0111\u1ec3 n\u01b0\u1edbng BBQ ngo\u00e0i tr\u1eddi v\u1eeba \u0103n v\u1eeba ng\u1eafm c\u1ea3nh v\u1ec1 \u0111\u00eam.<\/p>\n<p>\u2013 C\u00f3 ch\u1ed7 \u0111\u1eadu xe m\u00e1y, xe h\u01a1i an to\u00e0n mi\u1ec5n ph\u00ed.<\/p>\n<p>\u2013 Y\u00ean t\u0129nh, an ninh 24\/24, s\u1ea1ch s\u1ebd, tho\u00e1ng m\u00e1t, view thi\u00ean nhi\u00ean si\u00eau \u0111\u1eb9p.<\/p>\n<p>\u2013 B\u1ebfp t\u1ef1 do n\u1ea5u n\u01b0\u1edbng \u0111\u1ea7y \u0111\u1ee7 d\u1ee5ng c\u1ee5 v\u00e0 gia v\u1ecb.<\/p>\n<p>\u2013 Ch\u00eca kho\u00e1 trao tay tha h\u1ed3 ri\u00eang t\u01b0<\/p>\n<h1 id=\"4-gia-phong\"><strong><span class=\"_4yxo\">4.<\/span>\u00a0Gi\u00e1 ph\u00f2ng<\/strong><\/h1>\n<p>Li\u00ean h\u1ec7 \u0111\u1ec3 \u0111\u01b0\u1ee3c \u0110\u00e0 L\u1ea1t Review t\u01b0 v\u1ea5n.<\/p>\n<h1 id=\"5-lien-he\"><strong>5. Li\u00ean h\u1ec7<\/strong><\/h1>\n<p>Fanpage:\u00a0<a href=\"https:\/\/www.facebook.com\/booking.dalatreview.vn\/\">Booking \u0110\u00e0 L\u1ea1t \u2013 www.dalatreview.vn<\/a><\/p>\n<p>S\u0110T\/Zalo: 0968 249 297<\/p>\n<p><img decoding=\"async\" class=\"aligncenter wp-image-25205 size-full\" src=\"https:\/\/dalatreview.vn\/wp-content\/uploads\/2022\/12\/1b905680a09378cd218210.jpg\" alt=\"Villa \u0110\u00e0 L\u1ea1t \u0110\u1eb7ng Th\u00e1i Th\u00e2n 5 ph\u00f2ng\" width=\"2048\" height=\"1365\" \/><\/p>","protected":false},"excerpt":{"rendered":"<p class=\"p1\">Villa t\u1ecda l\u1ea1c t\u1ea1i \u0111\u01b0\u1eddng \u0110\u1eb7ng Th\u00e1i Th\u00e2n P3, \u0110\u00e0 L\u1ea1t.<\/p>\n<p class=\"p1\">C\u00e1ch ch\u1ee3 7 ph\u00fat ch\u1ea1y xe, g\u1ea7n qu\u1ea3ng tr\u01b0\u1eddng, c\u00e1c trung t\u00e2m mua s\u1eafm, \u0103n u\u1ed1ng v\u00e0 vui ch\u01a1i.<\/p>","protected":false},"featured_media":25208,"comment_status":"open","ping_status":"closed","template":"","meta":{"_acf_changed":false,"rank_math_lock_modified_date":false},"product_cat":[29,2254,45],"product_tag":[],"acf":[],"_links":{"self":[{"href":"https:\/\/dalatreview.vn\/en\/wp-json\/wp\/v2\/product\/25204"}],"collection":[{"href":"https:\/\/dalatreview.vn\/en\/wp-json\/wp\/v2\/product"}],"about":[{"href":"https:\/\/dalatreview.vn\/en\/wp-json\/wp\/v2\/types\/product"}],"replies":[{"embeddable":true,"href":"https:\/\/dalatreview.vn\/en\/wp-json\/wp\/v2\/comments?post=25204"}],"wp:featuredmedia":[{"embeddable":true,"href":"https:\/\/dalatreview.vn\/en\/wp-json\/wp\/v2\/media\/25208"}],"wp:attachment":[{"href":"https:\/\/dalatreview.vn\/en\/wp-json\/wp\/v2\/media?parent=25204"}],"wp:term":[{"taxonomy":"product_cat","embeddable":true,"href":"https:\/\/dalatreview.vn\/en\/wp-json\/wp\/v2\/product_cat?post=25204"},{"taxonomy":"product_tag","embeddable":true,"href":"https:\/\/dalatreview.vn\/en\/wp-json\/wp\/v2\/product_tag?post=25204"}],"curies":[{"name":"wp","href":"https:\/\/api.w.org\/{rel}","templated":true}]}}