
{"id":25190,"date":"2022-12-23T11:18:06","date_gmt":"2022-12-23T04:18:06","guid":{"rendered":"https:\/\/dalatreview.vn\/?p=25190"},"modified":"2024-07-10T12:10:14","modified_gmt":"2024-07-10T05:10:14","slug":"villa-da-lat-hoang-dieu-4-phong","status":"publish","type":"product","link":"https:\/\/dalatreview.vn\/en\/villa-da-lat-hoang-dieu-4-phong.html","title":{"rendered":"Villa \u0110\u00e0 L\u1ea1t Ho\u00e0ng Di\u1ec7u 4 ph\u00f2ng"},"content":{"rendered":"<nav class=\"vietrick-auto-toc\">\n<div class=\"box-title\">\n<h3 class=\"toc-title\" id=\"select-menu\">Danh m\u1ee5c ch\u00ednh<\/h3>\n<div><ion-icon name=\"chevron-up-outline\"><\/ion-icon><\/div>\n<\/div>\n<ul class=\"toc-list\"><\/ul>\n<li><a href='https:\/\/dalatreview.vn\/en#villa-da-lat-hoang-dieu-4-phong' class='heading-h1 toc-link smooth-scroll'>Villa \u0110\u00e0 L\u1ea1t Ho\u00e0ng Di\u1ec7u 4 ph\u00f2ng <\/a>\n<li><a href='https:\/\/dalatreview.vn\/en#1-vi-tri' class='heading-h1 toc-link smooth-scroll'>1. V\u1ecb tr\u00ed<\/a>\n<li><a href='https:\/\/dalatreview.vn\/en#2-decor' class='heading-h1 toc-link smooth-scroll'>2. Decor<\/a>\n<li><a href='https:\/\/dalatreview.vn\/en#3-dich-vu-tien-nghi' class='heading-h1 toc-link smooth-scroll'>3. D\u1ecbch v\u1ee5 &amp; Ti\u1ec7n nghi<\/a>\n<li><a href='https:\/\/dalatreview.vn\/en#4-gia-phong' class='heading-h1 toc-link smooth-scroll'>4.\u00a0Gi\u00e1 ph\u00f2ng<\/a>\n<li><a href='https:\/\/dalatreview.vn\/en#5-lien-he' class='heading-h1 toc-link smooth-scroll'>5. Li\u00ean h\u1ec7<\/a><\/ul>\n<\/li>\n<\/ul>\n<\/nav>\n<h1 style=\"text-align: center;\" id=\"villa-da-lat-hoang-dieu-4-phong\"><span style=\"color: #003300;\"><strong>Villa \u0110\u00e0 L\u1ea1t Ho\u00e0ng Di\u1ec7u 4 ph\u00f2ng <\/strong><\/span><\/h1>\n<h1 id=\"1-vi-tri\"><span style=\"font-size: 24px; color: #003300;\"><strong>1. V\u1ecb tr\u00ed<\/strong><\/span><\/h1>\n<p><img decoding=\"async\" class=\"aligncenter wp-image-25191 size-full\" src=\"https:\/\/dalatreview.vn\/wp-content\/uploads\/2022\/12\/1b405d8ab2d36a8d33c21.jpg\" alt=\"Villa \u0110\u00e0 L\u1ea1t Ho\u00e0ng Di\u1ec7u 4 ph\u00f2ng\" width=\"2560\" height=\"1920\" \/><\/p>\n<p>Villa t\u1ecda l\u1ea1c t\u1ea1i \u0111\u01b0\u1eddng Ho\u00e0ng Di\u1ec7u, TP \u0110\u00e0 L\u1ea1t.\u00a0C\u00e1ch ch\u1ee3 10 ph\u00fat ch\u1ea1y xe, g\u1ea7n qu\u1ea3ng tr\u01b0\u1eddng, c\u00e1c trung t\u00e2m mua s\u1eafm, \u0103n u\u1ed1ng v\u00e0 vui ch\u01a1i.<\/p>\n<p>\u1ede \u0111\u00e2y giao th\u00f4ng thu\u1eadn ti\u1ec7n, con ng\u01b0\u1eddi hi\u1ebfu kh\u00e1ch, thi\u00ean nhi\u00ean l\u1ea1i nao \u0111\u1ed9ng l\u00f2ng ng\u01b0\u1eddi n\u1eefa \u0111\u1ea5y.<\/p>\n<h1 id=\"2-decor\"><span style=\"font-size: 24px; color: #003300;\"><strong><span class=\"_4yxo _4yxp\">2. Decor<\/span><\/strong><\/span><\/h1>\n<p>Villa c\u00f3 view cao r\u1ea5t \u0111\u1eb9p, t\u1eeb ban c\u00f4ng m\u1ed7i ph\u00f2ng b\u1ea1n c\u00f3 th\u1ec3 ng\u1eafm nh\u00ecn b\u00ecnh minh v\u00e0 ho\u00e0ng h\u00f4n, th\u01b0\u1edfng th\u1ee9c c\u00e1i \u0111\u1eb9p trong l\u00e0nh c\u1ee7a thi\u00ean nhi\u00ean.<\/p>\n<p>\u0110\u1eb7c bi\u1ec7t v\u1ec1 \u0111\u00eam s\u1ebd th\u1ea5y 1 khung c\u1ea3nh th\u01a1 m\u1ed9ng hi\u1ec7n l\u00ean \u0111\u1eb9p v\u00e0 l\u00e3ng m\u1ea1n \u0111\u1ebfn nao l\u00f2ng.<\/p>\n<p>C\u0103n nh\u00e0 c\u00f3 thi\u1ebft k\u1ebf hi\u1ec7n \u0111\u1ea1i, ti\u1ec7n \u00edch \u0111\u1ea7y \u0111\u1ee7. V\u1edbi kh\u00f4ng gian m\u1edf r\u1ed9ng r\u00e3i, \u0111\u00f3n \u00e1nh sang t\u1ef1 nhi\u00ean \u1ea5m \u00e1p t\u1ea1o c\u1ea3m gi\u00e1c quen thu\u1ed9c khi b\u1ea1n \u0111\u1ebfn \u0111\u00e2y l\u1ea7n \u0111\u1ea7u.<\/p>\n<p>Ngo\u00e0i ra, villa c\u00f2n \u0111\u01b0\u1ee3c trang b\u1ecb b\u1ed9 n\u1ed9i th\u1ea5t cao c\u1ea5p r\u1ea5t sang tr\u1ecdng. Nhi\u1ec1u g\u00f3c s\u1ed1ng \u1ea3o cho b\u1ea1n v\u00e0 gia \u0111\u00ecnh l\u01b0u l\u1ea1i k\u1ec9 ni\u1ec7m b\u00ean nhau khi \u0111\u1ebfn \u0111\u00e2y ngh\u1ec9 d\u01b0\u1ee1ng.<\/p>\n<p><img decoding=\"async\" class=\"aligncenter wp-image-25199 size-full\" src=\"https:\/\/dalatreview.vn\/wp-content\/uploads\/2022\/12\/02911b2b5f678739de7629.jpg\" alt=\"Villa \u0110\u00e0 L\u1ea1t Ho\u00e0ng Di\u1ec7u 4 ph\u00f2ng\" width=\"2560\" height=\"1920\" \/><\/p>\n<p><img decoding=\"async\" class=\"aligncenter wp-image-25193 size-full\" src=\"https:\/\/dalatreview.vn\/wp-content\/uploads\/2022\/12\/9fbbaa01ee4d36136f5c30.jpg\" alt=\"Villa \u0110\u00e0 L\u1ea1t Ho\u00e0ng Di\u1ec7u 4 ph\u00f2ng\" width=\"2560\" height=\"1920\" \/><\/p>\n<p><img decoding=\"async\" class=\"aligncenter wp-image-25194 size-full\" src=\"https:\/\/dalatreview.vn\/wp-content\/uploads\/2022\/12\/30a94461ab3873662a2914.jpg\" alt=\"Villa \u0110\u00e0 L\u1ea1t Ho\u00e0ng Di\u1ec7u 4 ph\u00f2ng\" width=\"2560\" height=\"1920\" \/><\/p>\n<h1 id=\"3-dich-vu-tien-nghi\"><span style=\"color: #003300; font-size: 24px;\"><strong>3. D\u1ecbch v\u1ee5 &amp; Ti\u1ec7n nghi<\/strong><\/span><\/h1>\n<p><span class=\"text\">\u2b50\ufe0f Ra m\u1eaft Nguy\u00ean c\u0103n cao c\u1ea5p 4 ph\u00f2ng ng\u1ee7. <\/span><\/p>\n<p><span class=\"text\">\ud83c\udf40 Bao g\u1ed3m 2 t\u1ea7ng c\u00f3 B\u1ebfp &#8211; Kh\u00e1ch &#8211; L\u1ed1i \u0111i ri\u00eang M\u1ed7i t\u1ea7ng thi\u1ebft k\u1ebf d\u1ea1ng Studio 2 ph\u00f2ng ng\u1ee7 wc ri\u00eang t\u1eebng ph\u00f2ng. <\/span><\/p>\n<p><span class=\"text\">\ud83c\udf40 Th\u00edch h\u1ee3p cho gia \u0111\u00ecnh\/ nh\u00f3m b\u1ea1n t\u1eeb 5-10 Kh\u00e1ch <\/span><\/p>\n<p><span class=\"text\">\ud83c\udf40 Ti\u1ec7n nghi B\u1ebfp , Kh\u00e1ch, S\u00e2n BBQ v\u00e0 n\u1ed9i th\u1ea5t hi\u1ec7n \u0111\u1ea1i sang tr\u1ecdng. <\/span><\/p>\n<p><span class=\"text\">\ud83c\udf40 View \u0111\u1ed3i n\u00fai v\u00e0 th\u00e1c Cam Ly c\u1ef1c \u0111\u1eb9p cho c\u1ea3 nh\u00e0 check in m\u1ecdi l\u00fac. <\/span><\/p>\n<p><span class=\"emoji-sizer emoji-outer\">\ud83c\udf3c<\/span><span class=\"text\"> C\u00f3 th\u1ec3 t\u00e1ch c\u0103n, m\u1ed7i c\u0103n 2 ph\u00f2ng ng\u1ee7<\/span><\/p>\n<p><img decoding=\"async\" class=\"aligncenter wp-image-25200 size-full\" src=\"https:\/\/dalatreview.vn\/wp-content\/uploads\/2022\/12\/57694dd3099fd1c1888e21.jpg\" alt=\"Villa \u0110\u00e0 L\u1ea1t Ho\u00e0ng Di\u1ec7u 4 ph\u00f2ng\" width=\"2560\" height=\"1920\" \/><\/p>\n<p><img decoding=\"async\" class=\"aligncenter wp-image-25197 size-full\" src=\"https:\/\/dalatreview.vn\/wp-content\/uploads\/2022\/12\/74f30a494e05965bcf1431.jpg\" alt=\"Villa \u0110\u00e0 L\u1ea1t Ho\u00e0ng Di\u1ec7u 4 ph\u00f2ng\" width=\"2560\" height=\"1920\" \/><\/p>\n<p>&nbsp;<\/p>\n<p><img decoding=\"async\" class=\"aligncenter wp-image-25198 size-full\" src=\"https:\/\/dalatreview.vn\/wp-content\/uploads\/2022\/12\/568ee0430f1ad7448e0b9.jpg\" alt=\"Villa \u0110\u00e0 L\u1ea1t Ho\u00e0ng Di\u1ec7u 4 ph\u00f2ng\" width=\"1920\" height=\"2560\" \/><\/p>\n<p><span class=\"text\">\ud83d\udccd V\u1ecb tr\u00ed g\u1ea7n trung t\u00e2m ch\u1ee3 2km, tuy\u1ebfn \u0111\u01b0\u1eddng t\u1eadp trung nhi\u1ec1u h\u00e0ng qu\u00e1n n\u1ed5i ti\u1ebfng t\u1ea1i \u0110\u00e0 L\u1ea1t nh\u01b0 L\u1ea9u B\u00f2 Ba Toa nh\u00e0 g\u1ed7, B\u00e1nh tr\u00e1ng n\u01b0\u1edbng Ho\u00e0ng Di\u1ec7u, B\u00e1nh m\u00ec x\u00edu m\u1ea1i, c\u00e1c ti\u1ec7m n\u01b0\u1edbng BBQ. <\/span><\/p>\n<p><span class=\"text\">\ud83d\udccd \u0110\u1ecba ch\u1ec9 : Ho\u00e0ng Di\u1ec7u, P5, TP Dalat<\/span><\/p>\n<p>\u2013 \u0110\u1ea7y \u0111\u1ee7 ti\u1ec7n nghi nh\u01b0 \u1edf nh\u00e0. Ph\u00f2ng kh\u00e1ch r\u1ed9ng r\u00e3i, c\u00f3 sofa tivi, t\u1ee7 l\u1ea1nh,.. tha h\u1ed3 sinh ho\u1ea1t chung v\u1edbi nhau.<\/p>\n<p>\u2013 C\u00f3 di\u1ec7n t\u00edch \u0111\u1ec3 n\u01b0\u1edbng BBQ ngo\u00e0i tr\u1eddi v\u1eeba \u0103n v\u1eeba ng\u1eafm c\u1ea3nh v\u1ec1 \u0111\u00eam.<\/p>\n<p>\u2013 C\u00f3 ch\u1ed7 \u0111\u1eadu xe m\u00e1y, xe h\u01a1i an to\u00e0n mi\u1ec5n ph\u00ed.<\/p>\n<p>\u2013 Y\u00ean t\u0129nh, an ninh 24\/24, s\u1ea1ch s\u1ebd, tho\u00e1ng m\u00e1t, view thi\u00ean nhi\u00ean si\u00eau \u0111\u1eb9p.<\/p>\n<p>\u2013 B\u1ebfp t\u1ef1 do n\u1ea5u n\u01b0\u1edbng \u0111\u1ea7y \u0111\u1ee7 d\u1ee5ng c\u1ee5 v\u00e0 gia v\u1ecb.<\/p>\n<p>\u2013 Ch\u00eca kho\u00e1 trao tay tha h\u1ed3 ri\u00eang t\u01b0<\/p>\n<h1 id=\"4-gia-phong\"><span style=\"font-size: 24px; color: #003300;\"><strong><span class=\"_4yxo\">4.<\/span>\u00a0Gi\u00e1 ph\u00f2ng<\/strong><\/span><\/h1>\n<p>Ch\u1ec9 t\u1eeb 3,500,000\/ \u0111\u00eam<\/p>\n<p>Li\u00ean h\u1ec7 \u0111\u1ec3 \u0111\u01b0\u1ee3c \u0110\u00e0 L\u1ea1t Review t\u01b0 v\u1ea5n.<\/p>\n<h1 id=\"5-lien-he\"><span style=\"font-size: 24px; color: #003300;\"><strong>5. Li\u00ean h\u1ec7<\/strong><\/span><\/h1>\n<p>Fanpage:\u00a0<a href=\"https:\/\/www.facebook.com\/booking.dalatreview.vn\/\">Booking \u0110\u00e0 L\u1ea1t \u2013 www.dalatreview.vn<\/a><\/p>\n<p>S\u0110T\/Zalo: 0968 249 297<\/p>\n<p><img decoding=\"async\" class=\"aligncenter wp-image-25192 size-full\" src=\"https:\/\/dalatreview.vn\/wp-content\/uploads\/2022\/12\/8ef14a3ca5657d3b247412.jpg\" alt=\"Villa \u0110\u00e0 L\u1ea1t Ho\u00e0ng Di\u1ec7u 4 ph\u00f2ng\" width=\"2560\" height=\"1920\" \/><\/p>","protected":false},"excerpt":{"rendered":"<p class=\"p1\">Villa t\u1ecda l\u1ea1c t\u1ea1i \u0111\u01b0\u1eddng Ho\u00e0ng Di\u1ec7u, TP \u0110\u00e0 L\u1ea1t.\u00a0C\u00e1ch ch\u1ee3 10 ph\u00fat ch\u1ea1y xe, g\u1ea7n qu\u1ea3ng tr\u01b0\u1eddng, c\u00e1c trung t\u00e2m mua s\u1eafm, \u0103n u\u1ed1ng v\u00e0 vui ch\u01a1i.<\/p>","protected":false},"featured_media":25191,"comment_status":"open","ping_status":"closed","template":"","meta":{"_acf_changed":false,"rank_math_lock_modified_date":false},"product_cat":[29,2248,45],"product_tag":[],"acf":[],"_links":{"self":[{"href":"https:\/\/dalatreview.vn\/en\/wp-json\/wp\/v2\/product\/25190"}],"collection":[{"href":"https:\/\/dalatreview.vn\/en\/wp-json\/wp\/v2\/product"}],"about":[{"href":"https:\/\/dalatreview.vn\/en\/wp-json\/wp\/v2\/types\/product"}],"replies":[{"embeddable":true,"href":"https:\/\/dalatreview.vn\/en\/wp-json\/wp\/v2\/comments?post=25190"}],"wp:featuredmedia":[{"embeddable":true,"href":"https:\/\/dalatreview.vn\/en\/wp-json\/wp\/v2\/media\/25191"}],"wp:attachment":[{"href":"https:\/\/dalatreview.vn\/en\/wp-json\/wp\/v2\/media?parent=25190"}],"wp:term":[{"taxonomy":"product_cat","embeddable":true,"href":"https:\/\/dalatreview.vn\/en\/wp-json\/wp\/v2\/product_cat?post=25190"},{"taxonomy":"product_tag","embeddable":true,"href":"https:\/\/dalatreview.vn\/en\/wp-json\/wp\/v2\/product_tag?post=25190"}],"curies":[{"name":"wp","href":"https:\/\/api.w.org\/{rel}","templated":true}]}}