
{"id":25137,"date":"2022-12-21T16:38:23","date_gmt":"2022-12-21T09:38:23","guid":{"rendered":"https:\/\/dalatreview.vn\/?p=25137"},"modified":"2024-07-10T12:16:32","modified_gmt":"2024-07-10T05:16:32","slug":"villa-thanh-mau-da-lat-4-phong","status":"publish","type":"product","link":"https:\/\/dalatreview.vn\/en\/villa-thanh-mau-da-lat-4-phong.html","title":{"rendered":"Villa Th\u00e1nh M\u1eabu \u0110\u00e0 L\u1ea1t 4 ph\u00f2ng"},"content":{"rendered":"<nav class=\"vietrick-auto-toc\">\n<div class=\"box-title\">\n<h3 class=\"toc-title\" id=\"select-menu\">Danh m\u1ee5c ch\u00ednh<\/h3>\n<div><ion-icon name=\"chevron-up-outline\"><\/ion-icon><\/div>\n<\/div>\n<ul class=\"toc-list\"><\/ul>\n<li><a href='https:\/\/dalatreview.vn\/en#villa-thanh-mau-da-lat-4-phong' class='heading-h1 toc-link smooth-scroll'>Villa Th\u00e1nh M\u1eabu \u0110\u00e0 L\u1ea1t 4 ph\u00f2ng<\/a>\n<li><a href='https:\/\/dalatreview.vn\/en#1-vi-tri' class='heading-h1 toc-link smooth-scroll'>1. V\u1ecb tr\u00ed<\/a>\n<li><a href='https:\/\/dalatreview.vn\/en#2-decor' class='heading-h1 toc-link smooth-scroll'>2. Decor<\/a>\n<li><a href='https:\/\/dalatreview.vn\/en#3-dich-vu-tien-nghi' class='heading-h1 toc-link smooth-scroll'>3. D\u1ecbch v\u1ee5 &amp; Ti\u1ec7n nghi<\/a>\n<li><a href='https:\/\/dalatreview.vn\/en#4-gia-phong' class='heading-h1 toc-link smooth-scroll'>4.\u00a0Gi\u00e1 ph\u00f2ng<\/a>\n<li><a href='https:\/\/dalatreview.vn\/en#5-lien-he' class='heading-h1 toc-link smooth-scroll'>5. Li\u00ean h\u1ec7<\/a><\/ul>\n<\/li>\n<\/ul>\n<\/nav>\n<h1 style=\"text-align: center;\" id=\"villa-thanh-mau-da-lat-4-phong\"><span style=\"color: #003300;\"><strong>Villa Th\u00e1nh M\u1eabu \u0110\u00e0 L\u1ea1t 4 ph\u00f2ng<\/strong><\/span><\/h1>\n<h1 id=\"1-vi-tri\"><span style=\"color: #003300; font-size: 24px;\"><strong>1. V\u1ecb tr\u00ed<\/strong><\/span><\/h1>\n<p><img decoding=\"async\" class=\"aligncenter wp-image-25146 size-full\" src=\"https:\/\/dalatreview.vn\/wp-content\/uploads\/2022\/12\/8338f6c2c3b61be842a74.jpg\" alt=\"Villa Th\u00e1nh M\u1eabu \u0110\u00e0 L\u1ea1t 4 ph\u00f2ng\" width=\"1280\" height=\"960\" \/><\/p>\n<p>Villa \u0110\u00e0 L\u1ea1t n\u1eb1m tr\u00ean \u0111\u01b0\u1eddng Th\u00e1nh M\u1eabu, c\u00e1ch ch\u1ee3 ch\u1ec9 3km, thu\u00e2nn ti\u1ec7n tham quan Thung L\u0169ng T\u00ecnh y\u00eau, \u0110\u1ed3i M\u1ed9ng M\u1edf, XQ S\u1eed Qu\u00e1n, \u0111\u1eb7c bi\u1ec7t \u0111i b\u1ed9 qua tham quan v\u01b0\u1eddn d\u00e2u Nh\u1eadt n\u1ed5i ti\u1ebfng.<\/p>\n<p>V\u1edbi l\u1ed1i thi\u1ebft k\u1ebf hi\u1ec7n \u0111\u1ea1i, n\u1ed9i th\u1ea5t x\u1ecbn s\u00f2, villa h\u1ee9a h\u1eb9n s\u1ebd mang \u0111\u1ebfn s\u1ef1 tho\u1ea3i m\u00e1i nh\u1ea5t cho kh\u00e1ch<\/p>\n<p>C\u00e1ch ch\u1ee3 10 ph\u00fat ch\u1ea1y xe, g\u1ea7n qu\u1ea3ng tr\u01b0\u1eddng, c\u00e1c trung t\u00e2m mua s\u1eafm, \u0103n u\u1ed1ng v\u00e0 vui ch\u01a1i.<\/p>\n<p>\u1ede \u0111\u00e2y giao th\u00f4ng thu\u1eadn ti\u1ec7n, con ng\u01b0\u1eddi hi\u1ebfu kh\u00e1ch, thi\u00ean nhi\u00ean l\u1ea1i nao \u0111\u1ed9ng l\u00f2ng ng\u01b0\u1eddi n\u1eefa \u0111\u1ea5y.<\/p>\n<h1 id=\"2-decor\"><span style=\"font-size: 24px; color: #003300;\"><strong><span class=\"_4yxo _4yxp\">2. Decor<\/span><\/strong><\/span><\/h1>\n<p><img decoding=\"async\" class=\"aligncenter wp-image-25148 size-full\" src=\"https:\/\/dalatreview.vn\/wp-content\/uploads\/2022\/12\/ef3723c116b5ceeb97a429.jpg\" alt=\"Villa Th\u00e1nh M\u1eabu \u0110\u00e0 L\u1ea1t 4 ph\u00f2ng\" width=\"1280\" height=\"853\" \/><\/p>\n<p>Villa c\u00f3 view cao r\u1ea5t \u0111\u1eb9p, t\u1eeb ban c\u00f4ng m\u1ed7i ph\u00f2ng b\u1ea1n c\u00f3 th\u1ec3 ng\u1eafm nh\u00ecn b\u00ecnh minh v\u00e0 ho\u00e0ng h\u00f4n, th\u01b0\u1edfng th\u1ee9c c\u00e1i \u0111\u1eb9p trong l\u00e0nh c\u1ee7a thi\u00ean nhi\u00ean.<\/p>\n<p>\u0110\u1eb7c bi\u1ec7t v\u1ec1 \u0111\u00eam s\u1ebd th\u1ea5y 1 khung c\u1ea3nh th\u01a1 m\u1ed9ng hi\u1ec7n l\u00ean \u0111\u1eb9p v\u00e0 l\u00e3ng m\u1ea1n \u0111\u1ebfn nao l\u00f2ng.<\/p>\n<p>C\u0103n nh\u00e0 c\u00f3 thi\u1ebft k\u1ebf hi\u1ec7n \u0111\u1ea1i, ti\u1ec7n \u00edch \u0111\u1ea7y \u0111\u1ee7. V\u1edbi kh\u00f4ng gian m\u1edf r\u1ed9ng r\u00e3i, \u0111\u00f3n \u00e1nh sang t\u1ef1 nhi\u00ean \u1ea5m \u00e1p t\u1ea1o c\u1ea3m gi\u00e1c quen thu\u1ed9c khi b\u1ea1n \u0111\u1ebfn \u0111\u00e2y l\u1ea7n \u0111\u1ea7u.<\/p>\n<p>Ngo\u00e0i ra, villa c\u00f2n \u0111\u01b0\u1ee3c trang b\u1ecb b\u1ed9 n\u1ed9i th\u1ea5t cao c\u1ea5p r\u1ea5t sang tr\u1ecdng. Nhi\u1ec1u g\u00f3c s\u1ed1ng \u1ea3o cho b\u1ea1n v\u00e0 gia \u0111\u00ecnh l\u01b0u l\u1ea1i k\u1ec9 ni\u1ec7m b\u00ean nhau khi \u0111\u1ebfn \u0111\u00e2y ngh\u1ec9 d\u01b0\u1ee1ng.<\/p>\n<p><img decoding=\"async\" class=\"aligncenter wp-image-25140 size-full\" src=\"https:\/\/dalatreview.vn\/wp-content\/uploads\/2022\/12\/7d2b6ad15fa587fbdeb43.jpg\" alt=\"Villa Th\u00e1nh M\u1eabu \u0110\u00e0 L\u1ea1t 4 ph\u00f2ng\" width=\"1280\" height=\"853\" \/><\/p>\n<p><img decoding=\"async\" class=\"aligncenter wp-image-25139 size-full\" src=\"https:\/\/dalatreview.vn\/wp-content\/uploads\/2022\/12\/5b7bd686e3f23bac62e315.jpg\" alt=\"Villa Th\u00e1nh M\u1eabu \u0110\u00e0 L\u1ea1t 4 ph\u00f2ng\" width=\"1280\" height=\"853\" \/><\/p>\n<h1 id=\"3-dich-vu-tien-nghi\"><span style=\"font-size: 24px; color: #003300;\"><strong>3. D\u1ecbch v\u1ee5 &amp; Ti\u1ec7n nghi<\/strong><\/span><\/h1>\n<p><span class=\"emoji-sizer emoji-outer\">\ud83c\udf3b<\/span><span class=\"text\"> G\u1ed3m c\u00f3: 4p ng\u1ee7 1 gi\u01b0\u1eddng l\u1edbn + 4 wc ( 2 c\u00e1i trong ph\u00f2ng, 2 c\u00e1i b\u00ean ngo\u00e0i) <\/span><\/p>\n<p><span class=\"emoji-sizer emoji-outer\">\ud83c\udf3b<\/span><span class=\"text\"> S\u00e2n \u0111\u1eadu xe oto tho\u1ea3i m\u00e1i, c\u00f3 c\u1eeda an to\u00e0n <\/span><\/p>\n<p><span class=\"emoji-sizer emoji-outer\">\ud83c\udf3b<\/span><span class=\"text\"> Ph\u00f2ng kh\u00e1ch r\u1ed9ng r\u00e3i, \u1ea5m c\u00fang, ti\u1ec7n nghi <\/span><\/p>\n<p><span class=\"emoji-sizer emoji-outer\">\ud83c\udf3b<\/span><span class=\"text\"> B\u1ebfp \u0111\u01b0\u1ee3c thi\u1ebft k\u1ebf hi\u1ec7n \u0111\u1ea1i, c\u00f3 n\u1ed3i c\u01a1m \u0111i\u1ec7n, l\u00f2 vi s\u00f3ng, n\u1ed3i ch\u1ea3o, ch\u00e9n b\u00e1t, b\u00e0n gh\u1ebf, b\u1ebfp l\u1ea9u \u0111i\u1ec7n&#8230; <\/span><\/p>\n<p><span class=\"emoji-sizer emoji-outer\">\ud83c\udf3b<\/span><span class=\"text\"> Khu vui ch\u01a1i chung c\u00f3 b\u00e0n bi l\u1eafc gi\u1ea3i tr\u00ed. <\/span><\/p>\n<p><span class=\"emoji-sizer emoji-outer\">\ud83c\udf3b<\/span><span class=\"text\"> S\u00e2n th\u01b0\u1ee3ng BBQ so chill<\/span><\/p>\n<p><img decoding=\"async\" class=\"wp-image-25144 size-full aligncenter\" src=\"https:\/\/dalatreview.vn\/wp-content\/uploads\/2022\/12\/444d7ab14fc5979bced418.jpg\" alt=\"Villa Th\u00e1nh M\u1eabu \u0110\u00e0 L\u1ea1t 4 ph\u00f2ng\" width=\"1280\" height=\"853\" \/><\/p>\n<p>&nbsp;<\/p>\n<p><img decoding=\"async\" class=\"aligncenter wp-image-25145 size-full\" src=\"https:\/\/dalatreview.vn\/wp-content\/uploads\/2022\/12\/3395bb6d8e1956470f088.jpg\" alt=\"Villa Th\u00e1nh M\u1eabu \u0110\u00e0 L\u1ea1t 4 ph\u00f2ng\" width=\"1280\" height=\"854\" \/><\/p>\n<p><img decoding=\"async\" class=\"aligncenter wp-image-25142 size-full\" src=\"https:\/\/dalatreview.vn\/wp-content\/uploads\/2022\/12\/82e3451d7069a837f17813.jpg\" alt=\"Villa Th\u00e1nh M\u1eabu \u0110\u00e0 L\u1ea1t 4 ph\u00f2ng\" width=\"1280\" height=\"853\" \/><\/p>\n<p>\u2013 \u0110\u1ea7y \u0111\u1ee7 ti\u1ec7n nghi nh\u01b0 \u1edf nh\u00e0. Ph\u00f2ng kh\u00e1ch r\u1ed9ng r\u00e3i, c\u00f3 sofa tivi, t\u1ee7 l\u1ea1nh,.. tha h\u1ed3 sinh ho\u1ea1t chung v\u1edbi nhau.<\/p>\n<p>\u2013 C\u00f3 di\u1ec7n t\u00edch \u0111\u1ec3 n\u01b0\u1edbng BBQ ngo\u00e0i tr\u1eddi v\u1eeba \u0103n v\u1eeba ng\u1eafm c\u1ea3nh v\u1ec1 \u0111\u00eam.<\/p>\n<p>\u2013 C\u00f3 ch\u1ed7 \u0111\u1eadu xe m\u00e1y, xe h\u01a1i an to\u00e0n mi\u1ec5n ph\u00ed.<\/p>\n<p>\u2013 Y\u00ean t\u0129nh, an ninh 24\/24, s\u1ea1ch s\u1ebd, tho\u00e1ng m\u00e1t, view thi\u00ean nhi\u00ean si\u00eau \u0111\u1eb9p.<\/p>\n<p>\u2013 B\u1ebfp t\u1ef1 do n\u1ea5u n\u01b0\u1edbng \u0111\u1ea7y \u0111\u1ee7 d\u1ee5ng c\u1ee5 v\u00e0 gia v\u1ecb.<\/p>\n<p>\u2013 Ch\u00eca kho\u00e1 trao tay tha h\u1ed3 ri\u00eang t\u01b0<\/p>\n<p><img decoding=\"async\" class=\"aligncenter wp-image-25149 size-full\" src=\"https:\/\/dalatreview.vn\/wp-content\/uploads\/2022\/12\/f46fb19584e15cbf05f06.jpg\" alt=\"Villa Th\u00e1nh M\u1eabu \u0110\u00e0 L\u1ea1t 4 ph\u00f2ng\" width=\"1280\" height=\"853\" \/><\/p>\n<h1 id=\"4-gia-phong\"><strong><span class=\"_4yxo\">4.<\/span>\u00a0Gi\u00e1 ph\u00f2ng<\/strong><\/h1>\n<p>Ch\u1ec9 t\u1eeb 3,500,000\/ \u0111\u00eam<\/p>\n<p>Li\u00ean h\u1ec7 \u0111\u1ec3 \u0111\u01b0\u1ee3c \u0110\u00e0 L\u1ea1t Review t\u01b0 v\u1ea5n.<\/p>\n<h1 id=\"5-lien-he\">5. Li\u00ean h\u1ec7<\/h1>\n<p>Fanpage:\u00a0<a href=\"https:\/\/www.facebook.com\/booking.dalatreview.vn\/\">Booking \u0110\u00e0 L\u1ea1t \u2013 www.dalatreview.vn<\/a><\/p>\n<p>S\u0110T\/Zalo: 0968 249 297<\/p>\n<p>&nbsp;<\/p>","protected":false},"excerpt":{"rendered":"<p class=\"p1\">Villa \u0110\u00e0 L\u1ea1t n\u1eb1m tr\u00ean \u0111\u01b0\u1eddng Th\u00e1nh M\u1eabu, c\u00e1ch ch\u1ee3 ch\u1ec9 3km, thu\u00e2nn ti\u1ec7n tham quan Thung L\u0169ng T\u00ecnh y\u00eau, \u0110\u1ed3i M\u1ed9ng M\u1edf, XQ S\u1eed Qu\u00e1n, \u0111\u1eb7c bi\u1ec7t \u0111i b\u1ed9 qua tham quan v\u01b0\u1eddn d\u00e2u Nh\u1eadt n\u1ed5i ti\u1ebfng.C\u00e1ch ch\u1ee3 10 ph\u00fat ch\u1ea1y xe, g\u1ea7n qu\u1ea3ng tr\u01b0\u1eddng, c\u00e1c trung t\u00e2m mua s\u1eafm, \u0103n u\u1ed1ng v\u00e0 vui ch\u01a1i.<\/p>","protected":false},"featured_media":25146,"comment_status":"open","ping_status":"closed","template":"","meta":{"_acf_changed":false,"rank_math_lock_modified_date":false},"product_cat":[29,2248,45],"product_tag":[],"acf":[],"_links":{"self":[{"href":"https:\/\/dalatreview.vn\/en\/wp-json\/wp\/v2\/product\/25137"}],"collection":[{"href":"https:\/\/dalatreview.vn\/en\/wp-json\/wp\/v2\/product"}],"about":[{"href":"https:\/\/dalatreview.vn\/en\/wp-json\/wp\/v2\/types\/product"}],"replies":[{"embeddable":true,"href":"https:\/\/dalatreview.vn\/en\/wp-json\/wp\/v2\/comments?post=25137"}],"wp:featuredmedia":[{"embeddable":true,"href":"https:\/\/dalatreview.vn\/en\/wp-json\/wp\/v2\/media\/25146"}],"wp:attachment":[{"href":"https:\/\/dalatreview.vn\/en\/wp-json\/wp\/v2\/media?parent=25137"}],"wp:term":[{"taxonomy":"product_cat","embeddable":true,"href":"https:\/\/dalatreview.vn\/en\/wp-json\/wp\/v2\/product_cat?post=25137"},{"taxonomy":"product_tag","embeddable":true,"href":"https:\/\/dalatreview.vn\/en\/wp-json\/wp\/v2\/product_tag?post=25137"}],"curies":[{"name":"wp","href":"https:\/\/api.w.org\/{rel}","templated":true}]}}