
{"id":25109,"date":"2022-12-21T10:37:23","date_gmt":"2022-12-21T03:37:23","guid":{"rendered":"https:\/\/dalatreview.vn\/?p=25109"},"modified":"2024-07-10T12:16:44","modified_gmt":"2024-07-10T05:16:44","slug":"villa-da-lat-trinh-hoai-duc-4-phong-2","status":"publish","type":"product","link":"https:\/\/dalatreview.vn\/en\/villa-da-lat-trinh-hoai-duc-4-phong-2.html","title":{"rendered":"Villa \u0110\u00e0 L\u1ea1t Tr\u1ecbnh Ho\u00e0i \u0110\u1ee9c 4 Ph\u00f2ng"},"content":{"rendered":"<nav class=\"vietrick-auto-toc\">\n<div class=\"box-title\">\n<h3 class=\"toc-title\" id=\"select-menu\">Danh m\u1ee5c ch\u00ednh<\/h3>\n<div><ion-icon name=\"chevron-up-outline\"><\/ion-icon><\/div>\n<\/div>\n<ul class=\"toc-list\"><\/ul>\n<li><a href='https:\/\/dalatreview.vn\/en#villa-da-lat-trinh-hoai-duc-4-phong' class='heading-h1 toc-link smooth-scroll'>Villa \u0110\u00e0 L\u1ea1t Tr\u1ecbnh Ho\u00e0i \u0110\u1ee9c 4 Ph\u00f2ng<\/a>\n<li><a href='https:\/\/dalatreview.vn\/en#1-vi-tri' class='heading-h1 toc-link smooth-scroll'>1. V\u1ecb tr\u00ed<\/a>\n<li><a href='https:\/\/dalatreview.vn\/en#2-decor' class='heading-h1 toc-link smooth-scroll'>2. Decor<\/a>\n<li><a href='https:\/\/dalatreview.vn\/en#3-dich-vu-tien-nghi' class='heading-h1 toc-link smooth-scroll'>3. D\u1ecbch v\u1ee5 &amp; Ti\u1ec7n nghi<\/a>\n<li><a href='https:\/\/dalatreview.vn\/en#4-gia-phong' class='heading-h1 toc-link smooth-scroll'>4.\u00a0Gi\u00e1 ph\u00f2ng<\/a>\n<li><a href='https:\/\/dalatreview.vn\/en#5-lien-he' class='heading-h1 toc-link smooth-scroll'>5. Li\u00ean h\u1ec7<\/a><\/ul>\n<\/li>\n<\/ul>\n<\/nav>\n<h1 style=\"text-align: center;\" id=\"villa-da-lat-trinh-hoai-duc-4-phong\"><strong><span style=\"color: #003300;\">Villa \u0110\u00e0 L\u1ea1t Tr\u1ecbnh Ho\u00e0i \u0110\u1ee9c 4 Ph\u00f2ng<\/span><\/strong><\/h1>\n<h1 id=\"1-vi-tri\"><span style=\"font-size: 24px; color: #003300;\"><strong>1. V\u1ecb tr\u00ed<\/strong><\/span><\/h1>\n<p><img decoding=\"async\" class=\"alignnone wp-image-25125 size-full\" src=\"https:\/\/dalatreview.vn\/wp-content\/uploads\/2022\/12\/0A6A1532-scaled-1.jpg\" alt=\"\" width=\"2560\" height=\"1707\"><\/p>\n<p>Villa t\u1ecda l\u1ea1c t\u1ea1i \u0111\u01b0\u1eddng Tr\u1ecbnh Ho\u00e0i \u0110\u1ee9c, Ph\u01b0\u1eddng 11, TP \u0110\u00e0 L\u1ea1t.<\/p>\n<p>C\u00e1ch ch\u1ee3 10 ph\u00fat ch\u1ea1y xe, g\u1ea7n qu\u1ea3ng tr\u01b0\u1eddng, c\u00e1c trung t\u00e2m mua s\u1eafm, \u0103n u\u1ed1ng v\u00e0 vui ch\u01a1i.<\/p>\n<p>\u1ede \u0111\u00e2y giao th\u00f4ng thu\u1eadn ti\u1ec7n, con ng\u01b0\u1eddi hi\u1ebfu kh\u00e1ch, thi\u00ean nhi\u00ean l\u1ea1i nao \u0111\u1ed9ng l\u00f2ng ng\u01b0\u1eddi n\u1eefa \u0111\u1ea5y.<\/p>\n<h1 id=\"2-decor\"><span style=\"font-size: 24px; color: #003300;\"><strong><span class=\"_4yxo _4yxp\">2. Decor<\/span><\/strong><\/span><\/h1>\n<p>Villa c\u00f3 view cao r\u1ea5t \u0111\u1eb9p, t\u1eeb ban c\u00f4ng m\u1ed7i ph\u00f2ng b\u1ea1n c\u00f3 th\u1ec3 ng\u1eafm nh\u00ecn b\u00ecnh minh v\u00e0 ho\u00e0ng h\u00f4n, th\u01b0\u1edfng th\u1ee9c c\u00e1i \u0111\u1eb9p trong l\u00e0nh c\u1ee7a thi\u00ean nhi\u00ean.<\/p>\n<p>\u0110\u1eb7c bi\u1ec7t v\u1ec1 \u0111\u00eam s\u1ebd th\u1ea5y 1 khung c\u1ea3nh th\u01a1 m\u1ed9ng hi\u1ec7n l\u00ean \u0111\u1eb9p v\u00e0 l\u00e3ng m\u1ea1n \u0111\u1ebfn nao l\u00f2ng.<\/p>\n<p>C\u0103n nh\u00e0 c\u00f3 thi\u1ebft k\u1ebf hi\u1ec7n \u0111\u1ea1i, ti\u1ec7n \u00edch \u0111\u1ea7y \u0111\u1ee7. V\u1edbi kh\u00f4ng gian m\u1edf r\u1ed9ng r\u00e3i, \u0111\u00f3n \u00e1nh sang t\u1ef1 nhi\u00ean \u1ea5m \u00e1p t\u1ea1o c\u1ea3m gi\u00e1c quen thu\u1ed9c khi b\u1ea1n \u0111\u1ebfn \u0111\u00e2y l\u1ea7n \u0111\u1ea7u.<\/p>\n<p>Ngo\u00e0i ra, villa c\u00f2n \u0111\u01b0\u1ee3c trang b\u1ecb b\u1ed9 n\u1ed9i th\u1ea5t cao c\u1ea5p r\u1ea5t sang tr\u1ecdng. Nhi\u1ec1u g\u00f3c s\u1ed1ng \u1ea3o cho b\u1ea1n v\u00e0 gia \u0111\u00ecnh l\u01b0u l\u1ea1i k\u1ec9 ni\u1ec7m b\u00ean nhau khi \u0111\u1ebfn \u0111\u00e2y ngh\u1ec9 d\u01b0\u1ee1ng.<\/p>\n<p><img decoding=\"async\" class=\"alignnone wp-image-25114 size-full\" src=\"https:\/\/dalatreview.vn\/wp-content\/uploads\/2022\/12\/0A6A1384-scaled-1.jpg\" alt=\"\" width=\"2560\" height=\"1707\"><\/p>\n<h1 id=\"3-dich-vu-tien-nghi\"><span style=\"font-size: 24px; color: #003300;\"><strong>3. D\u1ecbch v\u1ee5 &amp; Ti\u1ec7n nghi<\/strong><\/span><\/h1>\n<p>8-10 kh\u00e1ch<br \/>\nTi\u1ec7n \u00edch:<br \/>\n\ud83d\udd38 3 ph\u00f2ng ng\u1ee7 &#8211; 2 gi\u01b0\u1eddng 1.8m, 1 gi\u01b0\u1eddng 1,6m v\u1edbi toilet ri\u00eang<br \/>\n\ud83d\udd38 1 ph\u00f2ng dulex &#8211; 1 gi\u01b0\u1eddng 1,8m v\u00e0 1 sofa bed 1,5m v\u1edbi toilet ri\u00eang<br \/>\n\ud83d\udd38 Kh\u00f4ng gian ti\u1ebfp kh\u00e1ch ri\u00eang .<br \/>\n\ud83d\udd38 Kh\u00f4ng gian b\u1ebfp ri\u00eang v\u00e0 khu Dinning r\u1ed9ng r\u00e3i.<br \/>\n\ud83d\udd38 S\u00e2n BBQ ngo\u00e0i tr\u1eddi, S\u00e2n tr\u00e0 s\u00e1ng, tr\u00e0 chi\u1ec1u, c\u1eafm tr\u1ea1i.<br \/>\n\ud83d\udd38 \u0110\u01b0\u1eddng d\u1ec5 \u0111i. Ch\u1ed7 \u0111\u1eadu xe tho\u1ea3i m\u00e1i<br \/>\nPh\u00f9 h\u1ee3p 8 kh\u00e1ch- T\u1ed1i \u0111a 10 kh\u00e1ch. C\u00f3 s\u00e2n t\u1ed5 ch\u1ee9c s\u1ef1 ki\u1ec7n, ti\u1ec7c c\u01b0\u1edbi nh\u1ecf, ti\u1ec7c sinh nh\u1eadt, ti\u1ec7c teabreak , pizza outdoor ( Vui l\u00f2ng li\u00ean h\u1ec7 tr\u01b0\u1edbc)<\/p>\n<p><img decoding=\"async\" class=\"alignnone wp-image-25124 size-full\" src=\"https:\/\/dalatreview.vn\/wp-content\/uploads\/2022\/12\/0A6A1512-scaled-1.jpg\" alt=\"\" width=\"2560\" height=\"1707\"><\/p>\n<p><img decoding=\"async\" class=\"alignnone wp-image-25119 size-full\" src=\"https:\/\/dalatreview.vn\/wp-content\/uploads\/2022\/12\/0A6A1446-scaled-1.jpg\" alt=\"\" width=\"2560\" height=\"1707\"><\/p>\n<p><img decoding=\"async\" class=\"alignnone wp-image-25116 size-full\" src=\"https:\/\/dalatreview.vn\/wp-content\/uploads\/2022\/12\/0A6A1392-scaled-1.jpg\" alt=\"\" width=\"2560\" height=\"1707\"><\/p>\n<p><img decoding=\"async\" class=\"alignnone wp-image-25117 size-full\" src=\"https:\/\/dalatreview.vn\/wp-content\/uploads\/2022\/12\/0A6A1395-scaled-1.jpg\" alt=\"\" width=\"2560\" height=\"1707\"><\/p>\n<p>\u2013 \u0110\u1ea7y \u0111\u1ee7 ti\u1ec7n nghi nh\u01b0 \u1edf nh\u00e0. Ph\u00f2ng kh\u00e1ch r\u1ed9ng r\u00e3i, c\u00f3 sofa tivi, t\u1ee7 l\u1ea1nh,.. tha h\u1ed3 sinh ho\u1ea1t chung v\u1edbi nhau.<\/p>\n<p>\u2013 C\u00f3 di\u1ec7n t\u00edch \u0111\u1ec3 n\u01b0\u1edbng BBQ ngo\u00e0i tr\u1eddi v\u1eeba \u0103n v\u1eeba ng\u1eafm c\u1ea3nh v\u1ec1 \u0111\u00eam.<\/p>\n<p>\u2013 C\u00f3 ch\u1ed7 \u0111\u1eadu xe m\u00e1y, xe h\u01a1i an to\u00e0n mi\u1ec5n ph\u00ed.<\/p>\n<p>\u2013 Y\u00ean t\u0129nh, an ninh 24\/24, s\u1ea1ch s\u1ebd, tho\u00e1ng m\u00e1t, view thi\u00ean nhi\u00ean si\u00eau \u0111\u1eb9p.<\/p>\n<p>\u2013 B\u1ebfp t\u1ef1 do n\u1ea5u n\u01b0\u1edbng \u0111\u1ea7y \u0111\u1ee7 d\u1ee5ng c\u1ee5 v\u00e0 gia v\u1ecb.<\/p>\n<p>\u2013 Ch\u00eca kho\u00e1 trao tay tha h\u1ed3 ri\u00eang t\u01b0<\/p>\n<p><img decoding=\"async\" class=\"alignnone wp-image-25115 size-full\" src=\"https:\/\/dalatreview.vn\/wp-content\/uploads\/2022\/12\/0A6A1386-scaled-1.jpg\" alt=\"\" width=\"2560\" height=\"1707\"><\/p>\n<p><img decoding=\"async\" class=\"aligncenter wp-image-25126 size-full\" src=\"https:\/\/dalatreview.vn\/wp-content\/uploads\/2022\/12\/z3659390096735_b00fb3dca80c01e349c1454d04e89ee8.jpg\" alt=\"Villa \u0110\u00e0 L\u1ea1t Tr\u1ecbnh Ho\u00e0i \u0110\u1ee9c 4 Ph\u00f2ng\" width=\"1241\" height=\"1241\" \/><\/p>\n<h1 id=\"4-gia-phong\"><span style=\"font-size: 24px; color: #003300;\"><strong><span class=\"_4yxo\">4.<\/span>\u00a0Gi\u00e1 ph\u00f2ng<\/strong><\/span><\/h1>\n<p>Ch\u1ec9 t\u1eeb 9,000,000\/ \u0111\u00eam<\/p>\n<p>Li\u00ean h\u1ec7 \u0111\u1ec3 \u0111\u01b0\u1ee3c \u0110\u00e0 L\u1ea1t Review t\u01b0 v\u1ea5n.<\/p>\n<h1 id=\"5-lien-he\"><span style=\"font-size: 24px; color: #003300;\"><strong>5. Li\u00ean h\u1ec7<\/strong><\/span><\/h1>\n<p>Fanpage:\u00a0<a href=\"https:\/\/www.facebook.com\/booking.dalatreview.vn\/\">Booking \u0110\u00e0 L\u1ea1t \u2013 www.dalatreview.vn<\/a><\/p>\n<p>S\u0110T\/Zalo: 0968 249 297<\/p>\n<p><img decoding=\"async\" class=\"alignnone wp-image-25120 size-full\" src=\"https:\/\/dalatreview.vn\/wp-content\/uploads\/2022\/12\/0A6A1455-scaled-1.jpg\" alt=\"\" width=\"2560\" height=\"1707\"><\/p>","protected":false},"excerpt":{"rendered":"<p class=\"p1\">Villa t\u1ecda l\u1ea1c t\u1ea1i \u0111\u01b0\u1eddng Tr\u1ecbnh Ho\u00e0i \u0110\u1ee9c, Ph\u01b0\u1eddng 11, TP \u0110\u00e0 L\u1ea1t.<\/p>\n<p class=\"p1\">C\u00e1ch ch\u1ee3 10 ph\u00fat ch\u1ea1y xe, g\u1ea7n qu\u1ea3ng tr\u01b0\u1eddng, c\u00e1c trung t\u00e2m mua s\u1eafm, \u0103n u\u1ed1ng v\u00e0 vui ch\u01a1i.<\/p>","protected":false},"featured_media":25125,"comment_status":"open","ping_status":"closed","template":"","meta":{"_acf_changed":false,"rank_math_lock_modified_date":false},"product_cat":[29,2248,45],"product_tag":[],"acf":[],"_links":{"self":[{"href":"https:\/\/dalatreview.vn\/en\/wp-json\/wp\/v2\/product\/25109"}],"collection":[{"href":"https:\/\/dalatreview.vn\/en\/wp-json\/wp\/v2\/product"}],"about":[{"href":"https:\/\/dalatreview.vn\/en\/wp-json\/wp\/v2\/types\/product"}],"replies":[{"embeddable":true,"href":"https:\/\/dalatreview.vn\/en\/wp-json\/wp\/v2\/comments?post=25109"}],"wp:featuredmedia":[{"embeddable":true,"href":"https:\/\/dalatreview.vn\/en\/wp-json\/wp\/v2\/media\/25125"}],"wp:attachment":[{"href":"https:\/\/dalatreview.vn\/en\/wp-json\/wp\/v2\/media?parent=25109"}],"wp:term":[{"taxonomy":"product_cat","embeddable":true,"href":"https:\/\/dalatreview.vn\/en\/wp-json\/wp\/v2\/product_cat?post=25109"},{"taxonomy":"product_tag","embeddable":true,"href":"https:\/\/dalatreview.vn\/en\/wp-json\/wp\/v2\/product_tag?post=25109"}],"curies":[{"name":"wp","href":"https:\/\/api.w.org\/{rel}","templated":true}]}}