
{"id":24981,"date":"2022-12-13T17:22:55","date_gmt":"2022-12-13T10:22:55","guid":{"rendered":"https:\/\/dalatreview.vn\/?p=24981"},"modified":"2024-07-10T13:45:03","modified_gmt":"2024-07-10T06:45:03","slug":"villa-nguyen-tu-luc-da-lat-8-phong","status":"publish","type":"product","link":"https:\/\/dalatreview.vn\/en\/villa-nguyen-tu-luc-da-lat-8-phong.html","title":{"rendered":"Villa Nguy\u00ean T\u1eed L\u1ef1c \u0110\u00e0 L\u1ea1t 8 ph\u00f2ng"},"content":{"rendered":"<div id=\"messageView\" class=\"message-view\">\n<div id=\"messageViewContainer\" class=\"message-view__scroll\">\n<div id=\"messageViewScroll\" class=\"message-view__scroll__inner fadeInAndOut\">\n<div class=\"chat-item flx me\">\n<div class=\"chat-content flx flx-col flx-cell me\">\n<div id=\"bb_msg_id_1670921735004\" class=\"chat-message wrap-message rotate-container me -send-time -reaction\" data-node-type=\"bubble-message\">\n<div class=\"\">\n<div class=\"card me last-msg has-status card--text\" data-id=\"div_LastSentMsg_Text\">\n<nav class=\"vietrick-auto-toc\">\n<div class=\"box-title\">\n<h3 class=\"toc-title\" id=\"select-menu\">Danh m\u1ee5c ch\u00ednh<\/h3>\n<div><ion-icon name=\"chevron-up-outline\"><\/ion-icon><\/div>\n<\/div>\n<ul class=\"toc-list\"><\/ul>\n<li><a href='https:\/\/dalatreview.vn\/en#villa-nguyen-tu-luc-da-lat-8-phong' class='heading-h1 toc-link smooth-scroll'>Villa Nguy\u00ean T\u1eed L\u1ef1c \u0110\u00e0 L\u1ea1t 8 ph\u00f2ng<\/a>\n<li><a href='https:\/\/dalatreview.vn\/en#1-vi-tri' class='heading-h1 toc-link smooth-scroll'>1. V\u1ecb tr\u00ed<\/a>\n<li><a href='https:\/\/dalatreview.vn\/en#2-decor' class='heading-h1 toc-link smooth-scroll'>2. Decor<\/a>\n<li><a href='https:\/\/dalatreview.vn\/en#3-dich-vu-tien-nghi' class='heading-h1 toc-link smooth-scroll'>3. D\u1ecbch v\u1ee5 &amp; Ti\u1ec7n nghi<\/a>\n<li><a href='https:\/\/dalatreview.vn\/en#4-gia-phong' class='heading-h1 toc-link smooth-scroll'>4.\u00a0Gi\u00e1 ph\u00f2ng<\/a>\n<li><a href='https:\/\/dalatreview.vn\/en#5-lien-he' class='heading-h1 toc-link smooth-scroll'>5. Li\u00ean h\u1ec7<\/a><\/ul>\n<\/li>\n<\/ul>\n<\/nav>\n<h1 style=\"text-align: center;\" id=\"villa-nguyen-tu-luc-da-lat-8-phong\"><span style=\"color: #003300;\"><strong>Villa Nguy\u00ean T\u1eed L\u1ef1c \u0110\u00e0 L\u1ea1t 8 ph\u00f2ng<\/strong><\/span><\/h1>\n<div>\n<h1 id=\"1-vi-tri\"><span style=\"font-size: 24px; color: #003300;\"><strong>1. V\u1ecb tr\u00ed<\/strong><\/span><\/h1>\n<p><img decoding=\"async\" class=\"aligncenter wp-image-24996 size-full\" src=\"https:\/\/dalatreview.vn\/wp-content\/uploads\/2022\/12\/2c06e8f63f5fe601bf4e2.jpg\" alt=\"Villa Nguy\u00ean T\u1eed L\u1ef1c \u0110\u00e0 L\u1ea1t 8 ph\u00f2ng\" width=\"1113\" height=\"1114\" \/><\/p>\n<p>\ud83d\udd05 Villa T\u1ecda l\u1ea1c ngay khu v\u1ef1c trung t\u00e2m, \u0111\u01b0\u1eddng Tr\u1ea7n Anh T\u00f4ng giao Nguy\u00ean T\u1eed L\u1ef1c, ch\u1ec9 c\u00e1ch ch\u1ee3 5 ph\u00fat ch\u1ea1y xe, d\u1ec5 d\u00e0ng di chuy\u1ec3n t\u1edbi c\u00e1c \u0111\u1ecba \u0111i\u1ec3m tham quan, mua s\u1eafm v\u00e0 \u0103n u\u1ed1ng.<\/p>\n<p>C\u00e1ch ch\u1ee3 \u0110\u00e0 L\u1ea1t 3km \u2013 n\u1eb1m trong khu y\u00ean t\u0129nh, view \u0111\u1ed3i n\u00fai , khu\u00f4n vi\u00ean r\u1ed9ng r\u00e3i.<\/p>\n<p>\u1ede \u0111\u00e2y thi\u00ean nhi\u00ean trong l\u00e0nh m\u00e1t m\u1ebb, s\u1ea1ch s\u1ebd an ninh. Con ng\u01b0\u1eddi l\u1ea1i th\u00e2n thi\u1ec7n d\u1ec5 m\u1ebfn r\u1ea5t th\u00edch h\u1ee3p l\u1ef1a ch\u1ecdn l\u00e0m \u0111i\u1ec3m ngh\u1ec9 d\u01b0\u1ee1ng<\/p>\n<h1 id=\"2-decor\"><span style=\"font-size: 24px; color: #003300;\"><strong><span class=\"_4yxo _4yxp\">2. Decor<\/span><\/strong><\/span><\/h1>\n<p>Villa Nguy\u00ean T\u1eed L\u1ef1c r\u1ed9ng r\u00e3i tho\u00e1ng m\u00e1t, decor \u0111\u01a1n gi\u1ea3n nh\u01b0ng \u0111\u1ea7y \u0111\u1ee7 ti\u1ec7n nghi. Thi\u1ebft k\u1ebf theo kh\u00f4ng gian m\u1edf, c\u00f3 ban c\u00f4ng view cao tho\u00e1ng \u0111\u00e3ng.<\/p>\n<p>C\u0103n villa thi\u1ebft k\u1ebf x\u1ecbn x\u00f2 theo phong c\u00e1ch Minimalism, tr\u1ebb trung hi\u1ec7n \u0111\u1ea1i ngay trung t\u00e2m \u0110\u00e0 L\u1ea1t<\/p>\n<p>C\u00f3 khu v\u1ef1c \u0111\u1ec3 xe, sinh ho\u1ea1t chung v\u00e0 sinh ho\u1ea1t ri\u00eang c\u1ee7a m\u1ed7i ng\u01b0\u1eddi.<\/p>\n<p><img decoding=\"async\" class=\"aligncenter wp-image-25005 size-full\" src=\"https:\/\/dalatreview.vn\/wp-content\/uploads\/2022\/12\/d3042ddbfd72242c7d6315.jpg\" alt=\"Villa Nguy\u00ean T\u1eed L\u1ef1c \u0110\u00e0 L\u1ea1t 8 ph\u00f2ng\" width=\"2560\" height=\"1706\" \/><\/p>\n<p><img decoding=\"async\" class=\"aligncenter wp-image-25002 size-full\" src=\"https:\/\/dalatreview.vn\/wp-content\/uploads\/2022\/12\/b3d70108d1a108ff51b020.jpg\" alt=\"Villa Nguy\u00ean T\u1eed L\u1ef1c \u0110\u00e0 L\u1ea1t 8 ph\u00f2ng\" width=\"2560\" height=\"1706\" \/><\/p>\n<p><img decoding=\"async\" class=\"aligncenter wp-image-24999 size-full\" src=\"https:\/\/dalatreview.vn\/wp-content\/uploads\/2022\/12\/964b6191b1386866312919.jpg\" alt=\"Villa Nguy\u00ean T\u1eed L\u1ef1c \u0110\u00e0 L\u1ea1t 8 ph\u00f2ng\" width=\"2048\" height=\"1364\" \/><\/p>\n<h1 id=\"3-dich-vu-tien-nghi\"><span style=\"font-size: 24px; color: #003300;\"><strong>3. D\u1ecbch v\u1ee5 &amp; Ti\u1ec7n nghi<\/strong><\/span><\/h1>\n<div class=\"pt-2\">\n<div><span class=\"text\">\u2705 Villa g\u1ed3m 8PN (toilet ri\u00eang), 2PN c\u00f3 b\u1ed3n t\u1eafm cho kh\u00e1ch chill.. s\u1ee9c ch\u1ee9a 16 &#8211; 18 kh\u00e1ch<\/span><\/div>\n<div><span class=\"text\">\u2705 Villa \u0111\u01b0\u1ee3c trang b\u1ecb n\u1ed9i th\u1ea5t \u0111\u1ea7y \u0111\u1ee7 ti\u1ec7n nghi, cao c\u1ea5p (c\u00f3 m\u00e1y r\u1eeda ch\u00e9n) <\/span><\/div>\n<div><span class=\"text\">\u2705 S\u00e2n r\u1ed9ng c\u00f3 th\u1ec3 t\u1ed5 ch\u1ee9c c\u00e1c bu\u1ed5i ti\u1ec7c BBQ (setup \u0111\u1ea7y \u0111\u1ee7 d\u1ee5ng c\u1ee5 v\u00e0 b\u00e0n gh\u1ebf) <\/span><\/div>\n<div><span class=\"emoji-sizer emoji-outer\">\ud83d\udd11<\/span><span class=\"text\"> Giao ch\u00eca kho\u00e1 nguy\u00ean c\u0103n kh\u00e1ch c\u00f3 th\u1ec3 t\u1ef1 do sinh ho\u1ea1t. <\/span><\/div>\n<div><span class=\"text\">\u2705 Villa c\u00f3 ch\u1ed7 \u0111\u1eadu xe 4-7-16 ch\u1ed7 <\/span><\/div>\n<div><span class=\"text\">\u2705 Villa c\u00e1ch H\u1ed3 Xu\u00e2n H\u01b0\u01a1ng 3km g\u1ea7n c\u00e1c \u0111i\u1ec3m du l\u1ecbch nh\u01b0 V\u01b0\u1eddn hoa th\u00e0nh ph\u1ed1, \u0110\u1ed3i M\u1ed9ng M\u01a1, Thung L\u0169ng T\u00ecnh Y\u00eau..<\/span><\/div>\n<div><\/div>\n<div><img decoding=\"async\" class=\"alignnone wp-image-24997 size-full\" src=\"https:\/\/dalatreview.vn\/wp-content\/uploads\/2022\/12\/4e43549f84365d68042728.jpg\" alt=\"Villa Nguy\u00ean T\u1eed L\u1ef1c \u0110\u00e0 L\u1ea1t 8 ph\u00f2ng\" width=\"2560\" height=\"1706\" \/><\/div>\n<div><\/div>\n<div><img decoding=\"async\" class=\"alignnone wp-image-25004 size-full\" src=\"https:\/\/dalatreview.vn\/wp-content\/uploads\/2022\/12\/d74b4197913e4860112f26.jpg\" alt=\"Villa Nguy\u00ean T\u1eed L\u1ef1c \u0110\u00e0 L\u1ea1t 8 ph\u00f2ng\" width=\"2560\" height=\"1706\" \/><\/div>\n<div><\/div>\n<div><img decoding=\"async\" class=\"aligncenter wp-image-24995 size-full\" src=\"https:\/\/dalatreview.vn\/wp-content\/uploads\/2022\/12\/1b0299e7494e9010c95f23.jpg\" alt=\"Villa Nguy\u00ean T\u1eed L\u1ef1c \u0110\u00e0 L\u1ea1t 8 ph\u00f2ng\" width=\"2047\" height=\"1364\" \/><\/div>\n<div><\/div>\n<div><img decoding=\"async\" class=\"aligncenter wp-image-24994 size-full\" src=\"https:\/\/dalatreview.vn\/wp-content\/uploads\/2022\/12\/0d1b84c4546d8d33d47c25.jpg\" alt=\"Villa Nguy\u00ean T\u1eed L\u1ef1c \u0110\u00e0 L\u1ea1t 8 ph\u00f2ng\" width=\"2560\" height=\"1706\" \/><\/div>\n<p>\u2014\u2014\u2014\u2014\u2014\u2014\u2014\u2014\u2014\u2014\u2014\u2014\u2014\u2014\u2014\u2014\u2014\u2014\u2013<\/p>\n<p>\u2013 \u0110\u1ea7y \u0111\u1ee7 ti\u1ec7n nghi nh\u01b0 \u1edf nh\u00e0. C\u00f3 tivi, t\u1ee7 l\u1ea1nh, internet,\u2026<\/p>\n<p>\u2013 Ph\u00f2ng kh\u00e1ch, b\u1ebfp, sang tr\u1ecdng \u0111\u1ea7y \u0111\u1ee7 ti\u1ec7n nghi, kho\u1ea3ng s\u00e2n r\u1ed9ng t\u01b0\u01a1i m\u00e1t v\u1edbi h\u1ed3 c\u00e1 Koi t\u1ea1o c\u1ea3m th\u01b0 gi\u00e3n cho du kh\u00e1ch v\u00e0 t\u1ed5 ch\u1ee9c ti\u1ec7c BBQ tho\u1ea3i m\u00e1i.<\/p>\n<p>\u2013 C\u00f3 di\u1ec7n t\u00edch \u0111\u1ec3 n\u01b0\u1edbng BBQ ngo\u00e0i tr\u1eddi.<\/p>\n<p>\u2013 C\u00f3 ch\u1ed7 \u0111\u1eadu xe m\u00e1y, xe h\u01a1i an to\u00e0n mi\u1ec5n ph\u00ed.<\/p>\n<p>\u2013 Y\u00ean t\u0129nh, an ninh 24\/24, s\u1ea1ch s\u1ebd, tho\u00e1ng m\u00e1t, view thi\u00ean nhi\u00ean si\u00eau \u0111\u1eb9p.<\/p>\n<p>\u2013 B\u1ebfp t\u1ef1 do n\u1ea5u n\u01b0\u1edbng \u0111\u1ea7y \u0111\u1ee7 d\u1ee5ng c\u1ee5 v\u00e0 gia v\u1ecb.<\/p>\n<p>\u2013 Ch\u00eca kho\u00e1 trao tay tha h\u1ed3 ri\u00eang t\u01b0<\/p>\n<p><span data-sheets-value=\"{&quot;1&quot;:2,&quot;2&quot;:&quot;An S\u01a1n\\nC\u00e1ch ch\u1ee3 5km&quot;}\" data-sheets-userformat=\"{&quot;2&quot;:25597,&quot;3&quot;:{&quot;1&quot;:0},&quot;5&quot;:{&quot;1&quot;:[{&quot;1&quot;:2,&quot;2&quot;:0,&quot;5&quot;:{&quot;1&quot;:2,&quot;2&quot;:0}},{&quot;1&quot;:0,&quot;2&quot;:0,&quot;3&quot;:3},{&quot;1&quot;:1,&quot;2&quot;:0,&quot;4&quot;:1}]},&quot;6&quot;:{&quot;1&quot;:[{&quot;1&quot;:2,&quot;2&quot;:0,&quot;5&quot;:{&quot;1&quot;:2,&quot;2&quot;:0}},{&quot;1&quot;:0,&quot;2&quot;:0,&quot;3&quot;:3},{&quot;1&quot;:1,&quot;2&quot;:0,&quot;4&quot;:1}]},&quot;7&quot;:{&quot;1&quot;:[{&quot;1&quot;:2,&quot;2&quot;:0,&quot;5&quot;:{&quot;1&quot;:2,&quot;2&quot;:0}},{&quot;1&quot;:0,&quot;2&quot;:0,&quot;3&quot;:3},{&quot;1&quot;:1,&quot;2&quot;:0,&quot;4&quot;:1}]},&quot;8&quot;:{&quot;1&quot;:[{&quot;1&quot;:2,&quot;2&quot;:0,&quot;5&quot;:{&quot;1&quot;:2,&quot;2&quot;:0}},{&quot;1&quot;:0,&quot;2&quot;:0,&quot;3&quot;:3},{&quot;1&quot;:1,&quot;2&quot;:0,&quot;4&quot;:1}]},&quot;9&quot;:1,&quot;10&quot;:1,&quot;11&quot;:4,&quot;12&quot;:0,&quot;16&quot;:15,&quot;17&quot;:1}\">\u0110\u1ecba ch\u1ec9: Nguy\u00ean T\u1eed L\u1ef1c \u2013 C\u00e1ch ch\u1ee3 3km<\/span><\/p>\n<p><img decoding=\"async\" class=\"aligncenter wp-image-25007 size-full\" src=\"https:\/\/dalatreview.vn\/wp-content\/uploads\/2022\/12\/san.jpg\" alt=\"\" width=\"854\" height=\"1281\"><\/p>\n<h1 class=\"clear\" id=\"4-gia-phong\"><span style=\"font-size: 24px; color: #003300;\"><strong><span class=\"_4yxo\">4.<\/span>\u00a0Gi\u00e1 ph\u00f2ng<\/strong><\/span><\/h1>\n<div class=\"pt-2\">\n<article class=\"post-content\">\n<div class=\"anh_wtm_m\">\n<div class=\"mws_content\">\n<article class=\"post-content\">\n<div class=\"anh_wtm_m\">\n<div class=\"mws_content\">\n<article class=\"post-content\">\n<div class=\"anh_wtm_m\">\n<div class=\"mws_content\">\n<article class=\"post-content\">\n<div class=\"anh_wtm_m\">\n<div class=\"mws_content\">\n<article class=\"post-content\">\n<div class=\"anh_wtm_m\">\n<div class=\"mws_content\">\n<p>Li\u00ean h\u1ec7 \u0111\u1ec3 \u0111\u01b0\u1ee3c \u0110\u00e0 L\u1ea1t Review t\u01b0 v\u1ea5n.<\/p>\n<h1 id=\"5-lien-he\"><span style=\"font-size: 24px; color: #003300;\"><strong>5. Li\u00ean h\u1ec7<\/strong><\/span><\/h1>\n<p>Fanpage:\u00a0<a href=\"https:\/\/www.facebook.com\/booking.dalatreview.vn\/\">Booking \u0110\u00e0 L\u1ea1t \u2013 www.dalatreview.vn<\/a><\/p>\n<p>S\u0110T\/Zalo: 0968 249 297<\/p>\n<\/div>\n<\/div>\n<\/article>\n<\/div>\n<\/div>\n<\/article>\n<\/div>\n<\/div>\n<\/article>\n<\/div>\n<\/div>\n<\/article>\n<\/div>\n<\/div>\n<\/article>\n<\/div>\n<\/div>\n<\/div>\n<div><\/div>\n<div><\/div>\n<\/div>\n<\/div>\n<\/div>\n<\/div>\n<\/div>\n<\/div>\n<\/div>\n<\/div>\n<div id=\"chatInput\" class=\"chat-input web\">\n<div class=\"chat-input__content\">\n<div class=\"chat-input__content__input\">\n<div id=\"chatInputv2\" class=\"flx\">\n<div class=\"chat-input-container\">\n<div class=\"flx w100\"><\/div>\n<\/div>\n<\/div>\n<\/div>\n<\/div>\n<\/div>","protected":false},"excerpt":{"rendered":"<p class=\"p1\">Villa T\u1ecda l\u1ea1c ngay khu v\u1ef1c trung t\u00e2m, \u0111\u01b0\u1eddng Tr\u1ea7n Anh T\u00f4ng giao Nguy\u00ean T\u1eed L\u1ef1c, ch\u1ec9 c\u00e1ch ch\u1ee3 5 ph\u00fat ch\u1ea1y xe, d\u1ec5 d\u00e0ng di chuy\u1ec3n t\u1edbi c\u00e1c \u0111\u1ecba \u0111i\u1ec3m tham quan, mua s\u1eafm v\u00e0 \u0103n u\u1ed1ng.<\/p>\n<p class=\"p1\">C\u00e1ch ch\u1ee3 \u0110\u00e0 L\u1ea1t 3km \u2013 n\u1eb1m trong khu y\u00ean t\u0129nh, view \u0111\u1ed3i n\u00fai , khu\u00f4n vi\u00ean r\u1ed9ng r\u00e3i.<\/p>","protected":false},"featured_media":24996,"comment_status":"open","ping_status":"closed","template":"","meta":{"_acf_changed":false,"rank_math_lock_modified_date":false},"product_cat":[29,2265,45],"product_tag":[],"acf":[],"_links":{"self":[{"href":"https:\/\/dalatreview.vn\/en\/wp-json\/wp\/v2\/product\/24981"}],"collection":[{"href":"https:\/\/dalatreview.vn\/en\/wp-json\/wp\/v2\/product"}],"about":[{"href":"https:\/\/dalatreview.vn\/en\/wp-json\/wp\/v2\/types\/product"}],"replies":[{"embeddable":true,"href":"https:\/\/dalatreview.vn\/en\/wp-json\/wp\/v2\/comments?post=24981"}],"wp:featuredmedia":[{"embeddable":true,"href":"https:\/\/dalatreview.vn\/en\/wp-json\/wp\/v2\/media\/24996"}],"wp:attachment":[{"href":"https:\/\/dalatreview.vn\/en\/wp-json\/wp\/v2\/media?parent=24981"}],"wp:term":[{"taxonomy":"product_cat","embeddable":true,"href":"https:\/\/dalatreview.vn\/en\/wp-json\/wp\/v2\/product_cat?post=24981"},{"taxonomy":"product_tag","embeddable":true,"href":"https:\/\/dalatreview.vn\/en\/wp-json\/wp\/v2\/product_tag?post=24981"}],"curies":[{"name":"wp","href":"https:\/\/api.w.org\/{rel}","templated":true}]}}