
{"id":24966,"date":"2022-12-13T15:22:26","date_gmt":"2022-12-13T08:22:26","guid":{"rendered":"https:\/\/dalatreview.vn\/?p=24966"},"modified":"2024-07-10T12:14:39","modified_gmt":"2024-07-10T05:14:39","slug":"villa-thanh-mau-da-lat-6-phong","status":"publish","type":"product","link":"https:\/\/dalatreview.vn\/en\/villa-thanh-mau-da-lat-6-phong.html","title":{"rendered":"Villa Th\u00e1nh M\u1eabu \u0110\u00e0 L\u1ea1t 6 ph\u00f2ng"},"content":{"rendered":"<nav class=\"vietrick-auto-toc\">\n<div class=\"box-title\">\n<h3 class=\"toc-title\" id=\"select-menu\">Danh m\u1ee5c ch\u00ednh<\/h3>\n<div><ion-icon name=\"chevron-up-outline\"><\/ion-icon><\/div>\n<\/div>\n<ul class=\"toc-list\"><\/ul>\n<li><a href='https:\/\/dalatreview.vn\/en#villa-thanh-mau-da-lat-6-phong' class='heading-h1 toc-link smooth-scroll'>Villa Th\u00e1nh M\u1eabu \u0110\u00e0 L\u1ea1t 6 ph\u00f2ng <\/a>\n<li><a href='https:\/\/dalatreview.vn\/en#1-vi-tri' class='heading-h1 toc-link smooth-scroll'>1. V\u1ecb tr\u00ed<\/a>\n<li><a href='https:\/\/dalatreview.vn\/en#2-decor' class='heading-h1 toc-link smooth-scroll'>2. Decor<\/a>\n<li><a href='https:\/\/dalatreview.vn\/en#3-dich-vu-tien-nghi' class='heading-h1 toc-link smooth-scroll'>3. D\u1ecbch v\u1ee5 &amp; Ti\u1ec7n nghi<\/a>\n<li><a href='https:\/\/dalatreview.vn\/en#4-gia-phong' class='heading-h1 toc-link smooth-scroll'>4.\u00a0Gi\u00e1 ph\u00f2ng<\/a>\n<li><a href='https:\/\/dalatreview.vn\/en#5-lien-he' class='heading-h1 toc-link smooth-scroll'>5. Li\u00ean h\u1ec7<\/a><\/ul>\n<\/li>\n<\/ul>\n<\/nav>\n<h1 style=\"text-align: center;\" id=\"villa-thanh-mau-da-lat-6-phong\"><span style=\"color: #003300;\"><strong>Villa Th\u00e1nh M\u1eabu \u0110\u00e0 L\u1ea1t 6 ph\u00f2ng <\/strong><\/span><\/h1>\n<h1 id=\"1-vi-tri\"><span style=\"font-size: 24px; color: #003300;\"><strong>1. V\u1ecb tr\u00ed<\/strong><\/span><\/h1>\n<p><img decoding=\"async\" class=\"alignnone wp-image-24976 size-full\" src=\"https:\/\/dalatreview.vn\/wp-content\/uploads\/2022\/12\/cf56867e5c8e9fd0c69f-scaled-1.jpg\" alt=\"\" width=\"1920\" height=\"2560\"><\/p>\n<p>\ud83d\udd05 Villa Th\u00e1nh M\u1eabu \u0110\u00e0 L\u1ea1t t\u1ecda l\u1ea1c ngay khu v\u1ef1c trung t\u00e2m, \u0111\u01b0\u1eddng Th\u00e1nh M\u1eabu, ch\u1ec9 c\u00e1ch ch\u1ee3 7 ph\u00fat ch\u1ea1y xe, d\u1ec5 d\u00e0ng di chuy\u1ec3n t\u1edbi c\u00e1c \u0111\u1ecba \u0111i\u1ec3m tham quan, mua s\u1eafm v\u00e0 \u0103n u\u1ed1ng.<\/p>\n<p>C\u00e1ch ch\u1ee3 \u0110\u00e0 L\u1ea1t 5km \u2013 n\u1eb1m trong khu y\u00ean t\u0129nh, view \u0111\u1ed3i n\u00fai , khu\u00f4n vi\u00ean r\u1ed9ng r\u00e3i.<\/p>\n<p>\u1ede \u0111\u00e2y thi\u00ean nhi\u00ean trong l\u00e0nh m\u00e1t m\u1ebb, s\u1ea1ch s\u1ebd an ninh. Con ng\u01b0\u1eddi l\u1ea1i th\u00e2n thi\u1ec7n d\u1ec5 m\u1ebfn r\u1ea5t th\u00edch h\u1ee3p l\u1ef1a ch\u1ecdn l\u00e0m \u0111i\u1ec3m ngh\u1ec9 d\u01b0\u1ee1ng.<\/p>\n<h1 id=\"2-decor\"><span style=\"font-size: 24px; color: #003300;\"><strong><span class=\"_4yxo _4yxp\">2. Decor<\/span><\/strong><\/span><\/h1>\n<p>Villa Th\u00e1nh M\u1eabu r\u1ed9ng r\u00e3i tho\u00e1ng m\u00e1t, decor \u0111\u01a1n gi\u1ea3n, hi\u1ec7n \u0111\u1ea1i, phong c\u00e1ch s\u00e1ng tr\u1ecdng v\u00e0 \u0111\u1ea7y \u0111\u1ee7 ti\u1ec7n nghi. Thi\u1ebft k\u1ebf theo kh\u00f4ng gian m\u1edf, c\u00f3 ban c\u00f4ng view cao tho\u00e1ng \u0111\u00e3ng.<\/p>\n<p>C\u00f3 khu v\u1ef1c \u0111\u1ec3 xe, sinh ho\u1ea1t chung v\u00e0 sinh ho\u1ea1t ri\u00eang c\u1ee7a m\u1ed7i ng\u01b0\u1eddi.<\/p>\n<p><img decoding=\"async\" class=\"aligncenter wp-image-24974 size-full\" src=\"https:\/\/dalatreview.vn\/wp-content\/uploads\/2022\/12\/bd9cf9962a14e94ab005.jpg\" alt=\"Villa Th\u00e1nh M\u1eabu \u0110\u00e0 L\u1ea1t 6 ph\u00f2ng\" width=\"2558\" height=\"1440\" \/><\/p>\n<p><img decoding=\"async\" class=\"alignnone wp-image-24972 size-full\" src=\"https:\/\/dalatreview.vn\/wp-content\/uploads\/2022\/12\/a485ab8f780dbb53e21c-scaled.jpg\" alt=\"Villa Th\u00e1nh M\u1eabu \u0110\u00e0 L\u1ea1t 6 ph\u00f2ng\" width=\"2560\" height=\"1440\" \/><\/p>\n<h1 id=\"3-dich-vu-tien-nghi\"><span style=\"font-size: 24px; color: #003300;\"><strong>3. D\u1ecbch v\u1ee5 &amp; Ti\u1ec7n nghi<\/strong><\/span><\/h1>\n<div class=\"pt-2\">\n<p>Villa Th\u00e1nh M\u1eabu g\u1ed3m 6 ph\u00f2ng ng\u1ee7 (4 \u0111\u01a1n 2 \u0111\u00f4i) sang tr\u1ecdng kh\u00e9p k\u00edn. C\u00f3 nh\u00e0 t\u1eafm, wc ri\u00eang v\u00e0 \u0111\u1ea7y \u0111\u1ee7 \u0111\u1ed3 d\u00f9ng c\u00e1 nh\u00e2n c\u1ea7n thi\u1ebft trong ph\u00f2ng.<\/p>\n<p>S\u1ee9c ch\u1ee9a 18 &#8211; 20 kh\u00e1ch<\/p>\n<p><img decoding=\"async\" class=\"alignnone wp-image-24967 size-full\" src=\"https:\/\/dalatreview.vn\/wp-content\/uploads\/2022\/12\/1d426447b7c5749b2dd4-scaled-1.jpg\" alt=\"\" width=\"2560\" height=\"1440\"><\/p>\n<p><img decoding=\"async\" class=\"alignnone wp-image-24977 size-full\" src=\"https:\/\/dalatreview.vn\/wp-content\/uploads\/2022\/12\/d7db11d1c253010d5842-scaled-1.jpg\" alt=\"\" width=\"2560\" height=\"1440\"><\/p>\n<p><img decoding=\"async\" class=\"alignnone wp-image-24970 size-full\" src=\"https:\/\/dalatreview.vn\/wp-content\/uploads\/2022\/12\/4ee66ce3bf617c3f2570-scaled-1.jpg\" alt=\"\" width=\"2560\" height=\"1440\"><\/p>\n<p>\u2013 \u0110\u1ea7y \u0111\u1ee7 ti\u1ec7n nghi nh\u01b0 \u1edf nh\u00e0. C\u00f3 tivi, t\u1ee7 l\u1ea1nh, internet,\u2026<\/p>\n<p>\u2013 Ph\u00f2ng kh\u00e1ch, b\u1ebfp, sang tr\u1ecdng \u0111\u1ea7y \u0111\u1ee7 ti\u1ec7n nghi, kho\u1ea3ng s\u00e2n r\u1ed9ng t\u01b0\u01a1i m\u00e1t v\u1edbi h\u1ed3 c\u00e1 Koi t\u1ea1o c\u1ea3m th\u01b0 gi\u00e3n cho du kh\u00e1ch v\u00e0 t\u1ed5 ch\u1ee9c ti\u1ec7c BBQ tho\u1ea3i m\u00e1i.<\/p>\n<p>\u2013 C\u00f3 di\u1ec7n t\u00edch \u0111\u1ec3 n\u01b0\u1edbng BBQ ngo\u00e0i tr\u1eddi.<\/p>\n<p>\u2013 C\u00f3 ch\u1ed7 \u0111\u1eadu xe m\u00e1y, xe h\u01a1i an to\u00e0n mi\u1ec5n ph\u00ed.<\/p>\n<p>\u2013 Y\u00ean t\u0129nh, an ninh 24\/24, s\u1ea1ch s\u1ebd, tho\u00e1ng m\u00e1t, view thi\u00ean nhi\u00ean si\u00eau \u0111\u1eb9p.<\/p>\n<p>\u2013 B\u1ebfp t\u1ef1 do n\u1ea5u n\u01b0\u1edbng \u0111\u1ea7y \u0111\u1ee7 d\u1ee5ng c\u1ee5 v\u00e0 gia v\u1ecb.<\/p>\n<p>\u2013 Ch\u00eca kho\u00e1 trao tay tha h\u1ed3 ri\u00eang t\u01b0.<\/p>\n<p><span data-sheets-value=\"{&quot;1&quot;:2,&quot;2&quot;:&quot;An S\u01a1n\\nC\u00e1ch ch\u1ee3 5km&quot;}\" data-sheets-userformat=\"{&quot;2&quot;:25597,&quot;3&quot;:{&quot;1&quot;:0},&quot;5&quot;:{&quot;1&quot;:[{&quot;1&quot;:2,&quot;2&quot;:0,&quot;5&quot;:{&quot;1&quot;:2,&quot;2&quot;:0}},{&quot;1&quot;:0,&quot;2&quot;:0,&quot;3&quot;:3},{&quot;1&quot;:1,&quot;2&quot;:0,&quot;4&quot;:1}]},&quot;6&quot;:{&quot;1&quot;:[{&quot;1&quot;:2,&quot;2&quot;:0,&quot;5&quot;:{&quot;1&quot;:2,&quot;2&quot;:0}},{&quot;1&quot;:0,&quot;2&quot;:0,&quot;3&quot;:3},{&quot;1&quot;:1,&quot;2&quot;:0,&quot;4&quot;:1}]},&quot;7&quot;:{&quot;1&quot;:[{&quot;1&quot;:2,&quot;2&quot;:0,&quot;5&quot;:{&quot;1&quot;:2,&quot;2&quot;:0}},{&quot;1&quot;:0,&quot;2&quot;:0,&quot;3&quot;:3},{&quot;1&quot;:1,&quot;2&quot;:0,&quot;4&quot;:1}]},&quot;8&quot;:{&quot;1&quot;:[{&quot;1&quot;:2,&quot;2&quot;:0,&quot;5&quot;:{&quot;1&quot;:2,&quot;2&quot;:0}},{&quot;1&quot;:0,&quot;2&quot;:0,&quot;3&quot;:3},{&quot;1&quot;:1,&quot;2&quot;:0,&quot;4&quot;:1}]},&quot;9&quot;:1,&quot;10&quot;:1,&quot;11&quot;:4,&quot;12&quot;:0,&quot;16&quot;:15,&quot;17&quot;:1}\">\u0110\u1ecba ch\u1ec9: \u0111\u01b0\u1eddng Th\u00e1nh M\u1eabu, \u0110\u00e0 L\u1ea1t \u2013 C\u00e1ch ch\u1ee3 5km.<\/span><\/p>\n<p><img decoding=\"async\" class=\"alignnone wp-image-24973 size-full\" src=\"https:\/\/dalatreview.vn\/wp-content\/uploads\/2022\/12\/b03e4e359db75ee907a6-scaled-1.jpg\" alt=\"\" width=\"2560\" height=\"1920\"><\/p>\n<p><img decoding=\"async\" class=\"alignnone wp-image-24969 size-full\" src=\"https:\/\/dalatreview.vn\/wp-content\/uploads\/2022\/12\/3ab1d1ba0238c1669829-scaled-1.jpg\" alt=\"\" width=\"2560\" height=\"1440\"><\/p>\n<h1 class=\"clear\" id=\"4-gia-phong\"><span style=\"font-size: 24px; color: #003300;\"><strong><span class=\"_4yxo\">4.<\/span>\u00a0Gi\u00e1 ph\u00f2ng<\/strong><\/span><\/h1>\n<div class=\"pt-2\">\n<article class=\"post-content\">\n<div class=\"anh_wtm_m\">\n<div class=\"mws_content\">\n<article class=\"post-content\">\n<div class=\"anh_wtm_m\">\n<div class=\"mws_content\">\n<article class=\"post-content\">\n<div class=\"anh_wtm_m\">\n<div class=\"mws_content\">\n<article class=\"post-content\">\n<div class=\"anh_wtm_m\">\n<div class=\"mws_content\">\n<article class=\"post-content\">\n<div class=\"anh_wtm_m\">\n<div class=\"mws_content\">\n<p>Ch\u1ec9 t\u1eeb 4,500,000\/ \u0111\u00eam<\/p>\n<p>Li\u00ean h\u1ec7 \u0111\u1ec3 \u0111\u01b0\u1ee3c \u0110\u00e0 L\u1ea1t Review t\u01b0 v\u1ea5n.<\/p>\n<h1 id=\"5-lien-he\"><span style=\"font-size: 24px; color: #003300;\"><strong>5. Li\u00ean h\u1ec7<\/strong><\/span><\/h1>\n<p>Fanpage:\u00a0<a href=\"https:\/\/www.facebook.com\/booking.dalatreview.vn\/\">Booking \u0110\u00e0 L\u1ea1t \u2013 www.dalatreview.vn<\/a><\/p>\n<p>S\u0110T\/Zalo: 0968 249 297<\/p>\n<\/div>\n<\/div>\n<\/article>\n<\/div>\n<\/div>\n<\/article>\n<\/div>\n<\/div>\n<\/article>\n<\/div>\n<\/div>\n<\/article>\n<\/div>\n<\/div>\n<\/article>\n<\/div>\n<\/div>","protected":false},"excerpt":{"rendered":"<p class=\"p1\">Villa Th\u00e1nh M\u1eabu \u0110\u00e0 L\u1ea1t t\u1ecda l\u1ea1c ngay khu v\u1ef1c trung t\u00e2m, \u0111\u01b0\u1eddng Th\u00e1nh M\u1eabu, ch\u1ec9 c\u00e1ch ch\u1ee3 7 ph\u00fat ch\u1ea1y xe, d\u1ec5 d\u00e0ng di chuy\u1ec3n t\u1edbi c\u00e1c \u0111\u1ecba \u0111i\u1ec3m tham quan, mua s\u1eafm v\u00e0 \u0103n u\u1ed1ng.<\/p>\n<p class=\"p1\">C\u00e1ch ch\u1ee3 \u0110\u00e0 L\u1ea1t 5km \u2013 n\u1eb1m trong khu y\u00ean t\u0129nh, view \u0111\u1ed3i n\u00fai , khu\u00f4n vi\u00ean r\u1ed9ng r\u00e3i.<\/p>","protected":false},"featured_media":24976,"comment_status":"open","ping_status":"closed","template":"","meta":{"_acf_changed":false,"rank_math_lock_modified_date":false},"product_cat":[29,2262,45],"product_tag":[],"acf":[],"_links":{"self":[{"href":"https:\/\/dalatreview.vn\/en\/wp-json\/wp\/v2\/product\/24966"}],"collection":[{"href":"https:\/\/dalatreview.vn\/en\/wp-json\/wp\/v2\/product"}],"about":[{"href":"https:\/\/dalatreview.vn\/en\/wp-json\/wp\/v2\/types\/product"}],"replies":[{"embeddable":true,"href":"https:\/\/dalatreview.vn\/en\/wp-json\/wp\/v2\/comments?post=24966"}],"wp:featuredmedia":[{"embeddable":true,"href":"https:\/\/dalatreview.vn\/en\/wp-json\/wp\/v2\/media\/24976"}],"wp:attachment":[{"href":"https:\/\/dalatreview.vn\/en\/wp-json\/wp\/v2\/media?parent=24966"}],"wp:term":[{"taxonomy":"product_cat","embeddable":true,"href":"https:\/\/dalatreview.vn\/en\/wp-json\/wp\/v2\/product_cat?post=24966"},{"taxonomy":"product_tag","embeddable":true,"href":"https:\/\/dalatreview.vn\/en\/wp-json\/wp\/v2\/product_tag?post=24966"}],"curies":[{"name":"wp","href":"https:\/\/api.w.org\/{rel}","templated":true}]}}