
{"id":24031,"date":"2022-12-01T08:45:04","date_gmt":"2022-12-01T01:45:04","guid":{"rendered":"https:\/\/dalatreview.vn\/?p=24031"},"modified":"2024-07-10T13:43:29","modified_gmt":"2024-07-10T06:43:29","slug":"villa-khe-sanh-da-lat-2-phong","status":"publish","type":"product","link":"https:\/\/dalatreview.vn\/en\/villa-khe-sanh-da-lat-2-phong.html","title":{"rendered":"Villa Lasol Khe Sanh \u0110\u00e0 L\u1ea1t 2 ph\u00f2ng"},"content":{"rendered":"<nav class=\"vietrick-auto-toc\">\n<div class=\"box-title\">\n<h3 class=\"toc-title\" id=\"select-menu\">Danh m\u1ee5c ch\u00ednh<\/h3>\n<div><ion-icon name=\"chevron-up-outline\"><\/ion-icon><\/div>\n<\/div>\n<ul class=\"toc-list\"><\/ul>\n<li><a href='https:\/\/dalatreview.vn\/en#villa-lasol-khe-sanh-da-lat-2-phong' class='heading-h1 toc-link smooth-scroll'>Villa Lasol Khe Sanh \u0110\u00e0 L\u1ea1t 2 ph\u00f2ng <\/a>\n<li><a href='https:\/\/dalatreview.vn\/en#1-vi-tri' class='heading-h1 toc-link smooth-scroll'>1. V\u1ecb tr\u00ed<\/a>\n<li><a href='https:\/\/dalatreview.vn\/en#3-dich-vu-tien-nghi' class='heading-h1 toc-link smooth-scroll'>3. D\u1ecbch v\u1ee5 &amp; Ti\u1ec7n nghi<\/a>\n<li><a href='https:\/\/dalatreview.vn\/en#4-gia-phong' class='heading-h1 toc-link smooth-scroll'>4.\u00a0Gi\u00e1 ph\u00f2ng<\/a>\n<li><a href='https:\/\/dalatreview.vn\/en#5-lien-he' class='heading-h1 toc-link smooth-scroll'>5. Li\u00ean h\u1ec7<\/a><\/ul>\n<\/li>\n<\/ul>\n<\/nav>\n<h1 style=\"text-align: center;\" id=\"villa-lasol-khe-sanh-da-lat-2-phong\"><strong><span style=\"font-size: 28px; color: #003300;\">Villa Lasol Khe Sanh \u0110\u00e0 L\u1ea1t 2 ph\u00f2ng <\/span><\/strong><\/h1>\n<h1 id=\"1-vi-tri\"><span style=\"font-size: 24px; color: #003300;\"><strong>1. V\u1ecb tr\u00ed<\/strong><\/span><\/h1>\n<p>Villa \u0111\u01b0\u1eddng Khe Sanh thu\u1ed9c ph\u01b0\u1eddng 10, n\u1eb1m ngay g\u1ea7n trung t\u00e2m th\u00e0nh ph\u1ed1 \u0110\u00e0 L\u1ea1t.<\/p>\n<p>Ch\u1ec9 c\u00e1ch ch\u1ee3 5 ph\u00fat ch\u1ea1y xe, giao th\u00f4ng thu\u1eadn ti\u1ec7n cho vi\u1ec7c \u0111i l\u1ea1i \u0103n u\u1ed1ng, mua s\u1eafm v\u00e0 vui ch\u01a1i.<\/p>\n<p>N\u01a1i \u0111\u00e2y l\u00e0 cung \u0111\u01b0\u1eddng h\u1ed9i t\u1ee5 nhi\u1ec1u \u0111\u1ecba \u0111i\u1ec3m n\u1ed5i ti\u1ebfng c\u1ee7a \u0110\u00e0 L\u1ea1t m\u1ed9ng m\u01a1 \u0111\u1ea5y nh\u00e9!<\/p>\n<p><img decoding=\"async\" class=\"alignnone wp-image-24035 size-full\" src=\"https:\/\/dalatreview.vn\/wp-content\/uploads\/2022\/12\/IMG_8445.jpg\" alt=\"Villa Khe Sanh \u0110\u00e0 L\u1ea1t 2 ph\u00f2ng\" width=\"2050\" height=\"1367\" \/>\u00a0<span style=\"font-size: 24px; color: #003300;\"><strong><span class=\"_4yxo _4yxp\">2. Decor<\/span><\/strong><\/span><\/p>\n<p>Villa Khe Sanh r\u1ed9ng r\u00e3i tho\u1ea3i m\u1edbi v\u1edbi thi\u1ebft k\u1ebf theo kh\u00f4ng gian m\u1edf, \u0111\u1ea7y \u0111\u1ee7 ti\u1ec7n \u00edch \u0111\u00e1p \u1ee9ng \u0111\u01b0\u1ee3c m\u1ecdi nhu c\u1ea7u m\u00e0 b\u1ea1n mong mu\u1ed1n.<\/p>\n<p>T\u1eeb c\u0103n nh\u00e0 n\u00e0y b\u1ea1n c\u00f3 th\u1ec3 ng\u1eafm nh\u00ecn 2 view ch\u00ednh qua c\u00e1c khung c\u1eeda k\u00ednh l\u00e0 view \u0111\u1ed3i th\u00f4ng, s\u00e2n v\u01b0\u1eddn r\u1ed9ng, c\u1eeda k\u00ednh ph\u00f2ng ng\u1ee7 l\u1edbn ng\u1eafm tr\u1ecdn v\u1eb9n view 360 \u0111\u1ed9.<\/p>\n<p>Ban ng\u00e0y c\u00f3 th\u1ec3 \u0111\u00f3n ch\u1edd \u0111\u1ec3 ng\u1eafm b\u00ecnh minh c\u0169ng nh\u01b0 ho\u00e0ng h\u00f4n h\u00f2a quy\u1ec7n v\u1edbi b\u1ea7u kh\u00f4ng kh\u00ed trong l\u00e0nh c\u1ee7a thi\u00ean nhi\u00ean \u0111em l\u1ea1i c\u1ea3m gi\u00e1c r\u1ea5t tho\u1ea3i mai v\u00e0 th\u01b0 gi\u00e3n.<\/p>\n<p>Ban \u0111\u00eam b\u1ea1n c\u00f3 th\u1ec3 ng\u1eafm nh\u00ecn s\u1ef1 lung linh l\u1ea5p l\u00e1nh c\u00f3 ch\u00fat huy\u1ec1n \u1ea3o c\u1ee7a \u00e1nh \u0111\u00e8n th\u00e0nh ph\u1ed1 r\u1ea5t l\u00e3ng m\u1ea1n n\u1eefa \u0111\u1ea5y!<\/p>\n<p>Villa \u0111\u01b0\u1ee3c trang b\u1ecb n\u1ed9i th\u1ea5t xinh x\u1eafn, tone xanh sang tr\u1ecdng h\u1ee9a h\u1eb9n mang \u0111\u1ebfn cho b\u1ea1n m\u1ed9t k\u1ef3 ngh\u1ec9 tuy\u1ec7t v\u1eddi.<\/p>\n<p><img decoding=\"async\" class=\"alignnone wp-image-24040 size-full\" src=\"https:\/\/dalatreview.vn\/wp-content\/uploads\/2022\/12\/IMG_8459.jpg\" alt=\"Villa Khe Sanh \u0110\u00e0 L\u1ea1t 2 ph\u00f2ng\" width=\"2050\" height=\"1367\" \/><\/p>\n<p><img decoding=\"async\" class=\"alignnone wp-image-24039 size-full\" src=\"https:\/\/dalatreview.vn\/wp-content\/uploads\/2022\/12\/IMG_8456.jpg\" alt=\"Villa Khe Sanh \u0110\u00e0 L\u1ea1t 2 ph\u00f2ng\" width=\"2050\" height=\"1363\" \/><\/p>\n<h1 id=\"3-dich-vu-tien-nghi\"><span style=\"font-size: 24px; color: #003300;\"><strong>3. D\u1ecbch v\u1ee5 &amp; Ti\u1ec7n nghi<\/strong><\/span><\/h1>\n<p><span data-sheets-value=\"{&quot;1&quot;:2,&quot;2&quot;:&quot;Chi ti\u1ebft: 4Pn-5wc (3p-2pax,1p-4pax) TC 10pax. Max 16. Dc: 91 H\u00f9ng V\u01b0\u01a1ng P11 (KDL Nam H\u1ed3)&quot;}\" data-sheets-userformat=\"{&quot;2&quot;:25597,&quot;3&quot;:{&quot;1&quot;:0},&quot;5&quot;:{&quot;1&quot;:[{&quot;1&quot;:2,&quot;2&quot;:0,&quot;5&quot;:{&quot;1&quot;:2,&quot;2&quot;:0}},{&quot;1&quot;:0,&quot;2&quot;:0,&quot;3&quot;:3},{&quot;1&quot;:1,&quot;2&quot;:0,&quot;4&quot;:1}]},&quot;6&quot;:{&quot;1&quot;:[{&quot;1&quot;:2,&quot;2&quot;:0,&quot;5&quot;:{&quot;1&quot;:2,&quot;2&quot;:0}},{&quot;1&quot;:0,&quot;2&quot;:0,&quot;3&quot;:3},{&quot;1&quot;:1,&quot;2&quot;:0,&quot;4&quot;:1}]},&quot;7&quot;:{&quot;1&quot;:[{&quot;1&quot;:2,&quot;2&quot;:0,&quot;5&quot;:{&quot;1&quot;:2,&quot;2&quot;:0}},{&quot;1&quot;:0,&quot;2&quot;:0,&quot;3&quot;:3},{&quot;1&quot;:1,&quot;2&quot;:0,&quot;4&quot;:1}]},&quot;8&quot;:{&quot;1&quot;:[{&quot;1&quot;:2,&quot;2&quot;:0,&quot;5&quot;:{&quot;1&quot;:2,&quot;2&quot;:0}},{&quot;1&quot;:0,&quot;2&quot;:0,&quot;3&quot;:3},{&quot;1&quot;:1,&quot;2&quot;:0,&quot;4&quot;:1}]},&quot;9&quot;:0,&quot;10&quot;:1,&quot;11&quot;:4,&quot;12&quot;:0,&quot;16&quot;:15,&quot;17&quot;:1}\">Chi ti\u1ebft: 2PN \u2013 2wc (2 ph\u00f2ng \u0111\u01a1n)<\/span><\/p>\n<p><span data-sheets-value=\"{&quot;1&quot;:2,&quot;2&quot;:&quot;Chi ti\u1ebft: 4Pn-5wc (3p-2pax,1p-4pax) TC 10pax. Max 16. Dc: 91 H\u00f9ng V\u01b0\u01a1ng P11 (KDL Nam H\u1ed3)&quot;}\" data-sheets-userformat=\"{&quot;2&quot;:25597,&quot;3&quot;:{&quot;1&quot;:0},&quot;5&quot;:{&quot;1&quot;:[{&quot;1&quot;:2,&quot;2&quot;:0,&quot;5&quot;:{&quot;1&quot;:2,&quot;2&quot;:0}},{&quot;1&quot;:0,&quot;2&quot;:0,&quot;3&quot;:3},{&quot;1&quot;:1,&quot;2&quot;:0,&quot;4&quot;:1}]},&quot;6&quot;:{&quot;1&quot;:[{&quot;1&quot;:2,&quot;2&quot;:0,&quot;5&quot;:{&quot;1&quot;:2,&quot;2&quot;:0}},{&quot;1&quot;:0,&quot;2&quot;:0,&quot;3&quot;:3},{&quot;1&quot;:1,&quot;2&quot;:0,&quot;4&quot;:1}]},&quot;7&quot;:{&quot;1&quot;:[{&quot;1&quot;:2,&quot;2&quot;:0,&quot;5&quot;:{&quot;1&quot;:2,&quot;2&quot;:0}},{&quot;1&quot;:0,&quot;2&quot;:0,&quot;3&quot;:3},{&quot;1&quot;:1,&quot;2&quot;:0,&quot;4&quot;:1}]},&quot;8&quot;:{&quot;1&quot;:[{&quot;1&quot;:2,&quot;2&quot;:0,&quot;5&quot;:{&quot;1&quot;:2,&quot;2&quot;:0}},{&quot;1&quot;:0,&quot;2&quot;:0,&quot;3&quot;:3},{&quot;1&quot;:1,&quot;2&quot;:0,&quot;4&quot;:1}]},&quot;9&quot;:0,&quot;10&quot;:1,&quot;11&quot;:4,&quot;12&quot;:0,&quot;16&quot;:15,&quot;17&quot;:1}\">S\u1ee9c ch\u1ee9a 4 \u2013 6 kh\u00e1ch<\/span><\/p>\n<p><img decoding=\"async\" class=\"alignnone wp-image-24033 size-full\" src=\"https:\/\/dalatreview.vn\/wp-content\/uploads\/2022\/12\/IMG_8438.jpg\" alt=\"Villa Khe Sanh \u0110\u00e0 L\u1ea1t 2 ph\u00f2ng\" width=\"2050\" height=\"1367\" \/><\/p>\n<p><img decoding=\"async\" class=\"alignnone wp-image-24036 size-full\" src=\"https:\/\/dalatreview.vn\/wp-content\/uploads\/2022\/12\/IMG_8449.jpg\" alt=\"Villa Khe Sanh \u0110\u00e0 L\u1ea1t 2 ph\u00f2ng\" width=\"2050\" height=\"1367\" \/><\/p>\n<p><img decoding=\"async\" class=\"alignnone wp-image-24041 size-full\" src=\"https:\/\/dalatreview.vn\/wp-content\/uploads\/2022\/12\/IMG_8461.jpg\" alt=\"Villa Khe Sanh \u0110\u00e0 L\u1ea1t 2 ph\u00f2ng\" width=\"2050\" height=\"1361\" \/><\/p>\n<p>\u2013 \u0110\u1ea7y \u0111\u1ee7 ti\u1ec7n nghi nh\u01b0 \u1edf nh\u00e0. Ph\u00f2ng kh\u00e1ch v\u00e0 s\u00e2n v\u01b0\u1eddn c\u1ef1c r\u1ed9ng, nhi\u1ec1u g\u00f3c chill tha h\u1ed3 sinh ho\u1ea1t chung.<\/p>\n<p>\u2013 C\u00f3 di\u1ec7n t\u00edch \u0111\u1ec3 n\u01b0\u1edbng BBQ ngo\u00e0i tr\u1eddi th\u00edch h\u1ee3p cho gia \u0111\u00ecnh, \u0111o\u00e0n th\u1ec3, h\u1ed9i b\u1ea1n th\u00e2n.<\/p>\n<p>\u2013 C\u00f3 ch\u1ed7 \u0111\u1eadu xe m\u00e1y, xe h\u01a1i an to\u00e0n mi\u1ec5n ph\u00ed. C\u00f3 d\u1ecbch v\u1ee5 thu\u00ea xe m\u00e1y, \u00f4 t\u00f4 n\u1ebfu b\u1ea1n c\u1ea7n.<\/p>\n<p>\u2013 Y\u00ean t\u0129nh, an ninh 24\/24, s\u1ea1ch s\u1ebd, tho\u00e1ng m\u00e1t, view thi\u00ean nhi\u00ean si\u00eau \u0111\u1eb9p.<\/p>\n<p>\u2013 B\u1ebfp t\u1ef1 do n\u1ea5u n\u01b0\u1edbng \u0111\u1ea7y \u0111\u1ee7 d\u1ee5ng c\u1ee5 v\u00e0 gia v\u1ecb.<\/p>\n<p>\u2013 Ch\u00eca kho\u00e1 trao tay tha h\u1ed3 ri\u00eang t\u01b0.<\/p>\n<p><img decoding=\"async\" class=\"alignnone wp-image-24037 size-full\" src=\"https:\/\/dalatreview.vn\/wp-content\/uploads\/2022\/12\/IMG_8453.jpg\" alt=\"Villa Khe Sanh \u0110\u00e0 L\u1ea1t 2 ph\u00f2ng\" width=\"2050\" height=\"1367\" \/><\/p>\n<h1 id=\"4-gia-phong\"><span style=\"font-size: 24px; color: #003300;\"><strong><span class=\"_4yxo\">4.<\/span>\u00a0Gi\u00e1 ph\u00f2ng<\/strong><\/span><\/h1>\n<p>ch\u1ec9 t\u1eeb 2,500,000\/ \u0111\u00eam. Li\u00ean h\u1ec7 SDT\/ Zalo \u0111\u1ec3 \u0111\u01b0\u1ee3c t\u01b0 v\u1ea5n chi ti\u1ebft.<\/p>\n<h1 id=\"5-lien-he\"><span style=\"font-size: 24px; color: #003300;\"><strong>5. Li\u00ean h\u1ec7<\/strong><\/span><\/h1>\n<p>Fanpage:\u00a0<a href=\"https:\/\/www.facebook.com\/booking.dalatreview.vn\/\">Booking \u0110\u00e0 L\u1ea1t \u2013 www.dalatreview.vn<\/a><\/p>\n<p>S\u0110T\/Zalo: 0968 249 297<\/p>","protected":false},"excerpt":{"rendered":"<p>Danh m\u1ee5c ch\u00ednh Villa Lasol Khe Sanh \u0110\u00e0 L\u1ea1t 2 ph\u00f2ng 1. V\u1ecb tr\u00ed 3. D\u1ecbch v\u1ee5 &amp; Ti\u1ec7n nghi 4.\u00a0Gi\u00e1 ph\u00f2ng 5. Li\u00ean h\u1ec7 Villa Lasol Khe Sanh \u0110\u00e0 L\u1ea1t 2 ph\u00f2ng 1. V\u1ecb tr\u00ed Villa \u0111\u01b0\u1eddng Khe Sanh thu\u1ed9c ph\u01b0\u1eddng 10, n\u1eb1m ngay g\u1ea7n trung t\u00e2m th\u00e0nh ph\u1ed1 \u0110\u00e0 L\u1ea1t. Ch\u1ec9 c\u00e1ch ch\u1ee3 [&hellip;]<\/p>","protected":false},"featured_media":24035,"comment_status":"open","ping_status":"closed","template":"","meta":{"_acf_changed":false,"rank_math_lock_modified_date":false},"product_cat":[29,2264,45],"product_tag":[],"acf":[],"_links":{"self":[{"href":"https:\/\/dalatreview.vn\/en\/wp-json\/wp\/v2\/product\/24031"}],"collection":[{"href":"https:\/\/dalatreview.vn\/en\/wp-json\/wp\/v2\/product"}],"about":[{"href":"https:\/\/dalatreview.vn\/en\/wp-json\/wp\/v2\/types\/product"}],"replies":[{"embeddable":true,"href":"https:\/\/dalatreview.vn\/en\/wp-json\/wp\/v2\/comments?post=24031"}],"wp:featuredmedia":[{"embeddable":true,"href":"https:\/\/dalatreview.vn\/en\/wp-json\/wp\/v2\/media\/24035"}],"wp:attachment":[{"href":"https:\/\/dalatreview.vn\/en\/wp-json\/wp\/v2\/media?parent=24031"}],"wp:term":[{"taxonomy":"product_cat","embeddable":true,"href":"https:\/\/dalatreview.vn\/en\/wp-json\/wp\/v2\/product_cat?post=24031"},{"taxonomy":"product_tag","embeddable":true,"href":"https:\/\/dalatreview.vn\/en\/wp-json\/wp\/v2\/product_tag?post=24031"}],"curies":[{"name":"wp","href":"https:\/\/api.w.org\/{rel}","templated":true}]}}