
{"id":24004,"date":"2022-11-30T16:55:32","date_gmt":"2022-11-30T09:55:32","guid":{"rendered":"https:\/\/dalatreview.vn\/?p=24004"},"modified":"2024-07-10T14:39:20","modified_gmt":"2024-07-10T07:39:20","slug":"villa-khoi-nghia-bac-son-da-lat","status":"publish","type":"product","link":"https:\/\/dalatreview.vn\/en\/villa-khoi-nghia-bac-son-da-lat.html","title":{"rendered":"Villa VIP Kh\u1edfi Ngh\u0129a B\u1eafc S\u01a1n \u0110\u00e0 L\u1ea1t 3 &#8211; 7 ph\u00f2ng"},"content":{"rendered":"<nav class=\"vietrick-auto-toc\">\n<div class=\"box-title\">\n<h3 class=\"toc-title\" id=\"select-menu\">Danh m\u1ee5c ch\u00ednh<\/h3>\n<div><ion-icon name=\"chevron-up-outline\"><\/ion-icon><\/div>\n<\/div>\n<ul class=\"toc-list\"><\/ul>\n<li><a href='https:\/\/dalatreview.vn\/en#villa-vip-khoi-nghia-bac-son-da-lat-3-7-phong' class='heading-h1 toc-link smooth-scroll'>Villa VIP Kh\u1edfi Ngh\u0129a B\u1eafc S\u01a1n \u0110\u00e0 L\u1ea1t 3 &#8211; 7 ph\u00f2ng<\/a>\n<li><a href='https:\/\/dalatreview.vn\/en#1-vi-tri' class='heading-h1 toc-link smooth-scroll'>1. V\u1ecb tr\u00ed<\/a>\n<li><a href='https:\/\/dalatreview.vn\/en#3-dich-vu-tien-nghi' class='heading-h1 toc-link smooth-scroll'>3. D\u1ecbch v\u1ee5 &amp; Ti\u1ec7n nghi<\/a>\n<li><a href='https:\/\/dalatreview.vn\/en#4-gia-phong' class='heading-h1 toc-link smooth-scroll'>4.\u00a0Gi\u00e1 ph\u00f2ng<\/a>\n<li><a href='https:\/\/dalatreview.vn\/en#5-lien-he' class='heading-h1 toc-link smooth-scroll'>5. Li\u00ean h\u1ec7<\/a><\/ul>\n<\/li>\n<\/ul>\n<\/nav>\n<h1 style=\"text-align: center;\" id=\"villa-vip-khoi-nghia-bac-son-da-lat-3-7-phong\"><span style=\"font-size: 28px; color: #003300;\"><strong>Villa VIP Kh\u1edfi Ngh\u0129a B\u1eafc S\u01a1n \u0110\u00e0 L\u1ea1t 3 &#8211; 7 ph\u00f2ng<\/strong><\/span><\/h1>\n<h1 id=\"1-vi-tri\"><span style=\"font-size: 24px; color: #003300;\"><strong>1. V\u1ecb tr\u00ed<\/strong><\/span><\/h1>\n<p>Villa t\u1ecda l\u1ea1c g\u1ea7n v\u1ecb tr\u00ed trung t\u00e2m (\u0111\u01b0\u1eddng Kh\u1edfi Ngh\u0129a B\u1eafc S\u01a1n), Ph\u01b0\u1eddng 10,\u00a0TP \u0110\u00e0 L\u1ea1t.<\/p>\n<p>Ch\u1ec9 c\u00e1ch ch\u1ee3 3 ph\u00fat ch\u1ea1y xe, giao th\u1ed9ng thu\u1eadn ti\u1ec7n, c\u1ea3nh quan thi\u00ean nhi\u00ean th\u00ec y\u00ean b\u00ecnh tr\u00e0n \u0111\u1ea7y s\u1ee9c s\u1ed1ng. Con ng\u01b0\u1eddi l\u1ea1i v\u00f4 c\u00f9ng th\u00e2n thi\u1ec7n, d\u1ec5 g\u1ea7n, d\u1ec5 m\u1ebfn.<\/p>\n<p>H\u01a1n n\u1eefa \u0111\u00e2y c\u0169ng l\u00e0 khu v\u1ef1c h\u1ed9i t\u1ee5 r\u1ea5t nhi\u1ec1u \u0111i\u1ec3m \u0103n u\u1ed1ng, mua s\u1eafm v\u00e0 vui ch\u01a1i c\u1ee7a x\u1ee9 s\u1edf s\u01b0\u01a1ng m\u00f9 v\u00ec v\u1eady \u0111\u00e2y s\u1ebd l\u00e0 1 l\u1ef1a ch\u1ecdn tuy\u1ec7t v\u1eddi \u0111\u1ec3 l\u01b0u tr\u00fa khi \u0111i du l\u1ecbch \u1edf \u0110\u00e0 L\u1ea1t \u0111\u1ea5y nh\u00e9!<\/p>\n<p><img decoding=\"async\" class=\"alignnone wp-image-24007 size-full\" src=\"https:\/\/dalatreview.vn\/wp-content\/uploads\/2022\/11\/IMG_3199.jpg\" alt=\"Villa VIP Kh\u1edfi Ngh\u0129a B\u1eafc S\u01a1n \u0110\u00e0 L\u1ea1t 3 - 7 ph\u00f2ng\" width=\"2002\" height=\"1324\" \/> <span style=\"font-size: 24px; color: #003300;\"><strong><span class=\"_4yxo _4yxp\">2. Decor<\/span><\/strong><\/span><\/p>\n<p>Villa l\u00e0 1 c\u0103n bi\u1ec7t th\u1ef1 \u0111\u01b0\u1ee3c x\u00e2y d\u1ef1ng theo ki\u1ebfn tr\u00fac Ph\u00e1p, trong khu bi\u1ec7t th\u1ef1 y\u00ean t\u0129nh, an ninh, nh\u00ecn ra view \u0111\u1ed3i th\u00f4ng. \u0110\u1eb9p t\u1eeb b\u00ean ngo\u00e0i l\u1eabn b\u00ean trong. Tr\u01b0\u1edbc nh\u00e0 s\u1ebd c\u00f3 1 th\u1ea3m c\u1ecf xanh m\u01b0\u1edbt m\u1ec1m m\u1ea1i \u0111\u00f3n ta v\u00e0o nh\u00e0, ng\u1ed3i s\u00e2n n\u00e0y l\u00e0m ti\u1ec7c BBQ th\u00ec chill h\u1ebft n\u1ea5c.<\/p>\n<p>Villa \u0111\u01b0\u1ee3c thi\u1ebft k\u1ebf v\u1edbi kh\u00f4ng gian m\u1edf t\u1eadn d\u1ee5ng l\u1ee3i th\u1ebf view cao \u0111\u00f3n n\u1eafng v\u00e0 gi\u00f3 t\u1ef1 nhi\u00ean r\u1ea5t trong l\u00e0nh \u0111\u1ec3 ban c\u00f4ng b\u1ea1n c\u00f3 th\u1ec3 ng\u1eafm nh\u00ecn \u0111\u01b0\u1ee3c c\u1ea3nh \u0111\u1eb9p h\u00f9ng v\u0129 c\u1ee7a thi\u00ean nhi\u00ean v\u00e0 con ng\u01b0\u1eddi d\u1ef1ng n\u00ean.<\/p>\n<p><img decoding=\"async\" class=\"alignnone wp-image-24008 size-full\" src=\"https:\/\/dalatreview.vn\/wp-content\/uploads\/2022\/11\/IMG_3200.jpg\" alt=\"Villa VIP Kh\u1edfi Ngh\u0129a B\u1eafc S\u01a1n \u0110\u00e0 L\u1ea1t 3 - 7 ph\u00f2ng\" width=\"2050\" height=\"1369\" \/><\/p>\n<p>M\u1ecdi th\u1ee9 trong villa \u0111\u1ec1u \u0111\u01b0\u1ee3c l\u1ef1a ch\u1ecdn, s\u1eafp x\u1ebfp 1 c\u00e1ch t\u1ec9 m\u1ec9 t\u1eeb b\u00f3ng \u0111\u00e8n cho \u0111\u1ebfn tranh \u1ea3nh, c\u00e2y c\u1ed1i. B\u1ed9 b\u00e0n gh\u1ebf sofa, \u0111\u00e0n piano, b\u1ed9 b\u00e0n \u0103n t\u1ea1o c\u1ea3m gi\u00e1c sang tr\u1ecdng v\u00e0 l\u1ecbch s\u1ef1 v\u00f4 c\u00f9ng.<\/p>\n<p>Villa c\u00f3 ph\u00f2ng gi\u1ea3i tr\u00ed, ph\u00f2ng sinh ho\u1ea1t chung v\u00e0 ph\u00f2ng ng\u1ee7 kh\u00e9p k\u00edn t\u1ea1o kho\u1ea3ng kh\u00f4ng gian ri\u00eang t\u01b0 cho m\u1ed7i ng\u01b0\u1eddi, \u0111\u1ea3m b\u1ea3o \u0111\u00e2y s\u1ebd l\u00e0 l\u1ef1a ch\u1ecdn ho\u00e0n h\u1ea3o v\u00e0 tuy\u1ec7t v\u1eddi nh\u1ea5t cho b\u1ea1n khi \u0111i ngh\u1ec9 d\u01b0\u1ee1ng t\u1ea1i \u0110\u00e0 L\u1ea1t m\u1ed9ng m\u01a1. \u0110\u1ebfn \u0111\u00e2y r\u1ed3i b\u1ea1n s\u1ebd kh\u00f4ng mu\u1ed1n chia xa n\u1eefa \u0111\u00e2u!<\/p>\n<p><img decoding=\"async\" class=\"alignnone wp-image-24013 size-full\" src=\"https:\/\/dalatreview.vn\/wp-content\/uploads\/2022\/11\/IMG_3227.jpg\" alt=\"Villa VIP Kh\u1edfi Ngh\u0129a B\u1eafc S\u01a1n \u0110\u00e0 L\u1ea1t 3 - 7 ph\u00f2ng\" width=\"2050\" height=\"1367\" \/><\/p>\n<h1 id=\"3-dich-vu-tien-nghi\"><span style=\"font-size: 24px; color: #003300;\"><strong>3. D\u1ecbch v\u1ee5 &amp; Ti\u1ec7n nghi<\/strong><\/span><\/h1>\n<div class=\"pt-2\">\n<div class=\"pt-2\">\n<p><strong>C\u0103n 3 Ph\u00f2ng:<\/strong><\/p>\n<p><span data-sheets-value=\"{&quot;1&quot;:2,&quot;2&quot;:&quot;KNBS 3 Ph\u00f2ng,3wc 10 Kh\u00e1ch&quot;}\" data-sheets-userformat=\"{&quot;2&quot;:25597,&quot;3&quot;:{&quot;1&quot;:0},&quot;5&quot;:{&quot;1&quot;:[{&quot;1&quot;:2,&quot;2&quot;:0,&quot;5&quot;:{&quot;1&quot;:2,&quot;2&quot;:0}},{&quot;1&quot;:0,&quot;2&quot;:0,&quot;3&quot;:3},{&quot;1&quot;:1,&quot;2&quot;:0,&quot;4&quot;:1}]},&quot;6&quot;:{&quot;1&quot;:[{&quot;1&quot;:2,&quot;2&quot;:0,&quot;5&quot;:{&quot;1&quot;:2,&quot;2&quot;:0}},{&quot;1&quot;:0,&quot;2&quot;:0,&quot;3&quot;:3},{&quot;1&quot;:1,&quot;2&quot;:0,&quot;4&quot;:1}]},&quot;7&quot;:{&quot;1&quot;:[{&quot;1&quot;:2,&quot;2&quot;:0,&quot;5&quot;:{&quot;1&quot;:2,&quot;2&quot;:0}},{&quot;1&quot;:0,&quot;2&quot;:0,&quot;3&quot;:3},{&quot;1&quot;:1,&quot;2&quot;:0,&quot;4&quot;:1}]},&quot;8&quot;:{&quot;1&quot;:[{&quot;1&quot;:2,&quot;2&quot;:0,&quot;5&quot;:{&quot;1&quot;:2,&quot;2&quot;:0}},{&quot;1&quot;:0,&quot;2&quot;:0,&quot;3&quot;:3},{&quot;1&quot;:1,&quot;2&quot;:0,&quot;4&quot;:1}]},&quot;9&quot;:0,&quot;10&quot;:1,&quot;11&quot;:4,&quot;12&quot;:0,&quot;16&quot;:15,&quot;17&quot;:1}\">3 ph\u00f2ng \u0111\u01a1n, 3 wc ri\u00eang<\/span><\/p>\n<p><span data-sheets-value=\"{&quot;1&quot;:2,&quot;2&quot;:&quot;KNBS 3 Ph\u00f2ng,3wc 10 Kh\u00e1ch&quot;}\" data-sheets-userformat=\"{&quot;2&quot;:25597,&quot;3&quot;:{&quot;1&quot;:0},&quot;5&quot;:{&quot;1&quot;:[{&quot;1&quot;:2,&quot;2&quot;:0,&quot;5&quot;:{&quot;1&quot;:2,&quot;2&quot;:0}},{&quot;1&quot;:0,&quot;2&quot;:0,&quot;3&quot;:3},{&quot;1&quot;:1,&quot;2&quot;:0,&quot;4&quot;:1}]},&quot;6&quot;:{&quot;1&quot;:[{&quot;1&quot;:2,&quot;2&quot;:0,&quot;5&quot;:{&quot;1&quot;:2,&quot;2&quot;:0}},{&quot;1&quot;:0,&quot;2&quot;:0,&quot;3&quot;:3},{&quot;1&quot;:1,&quot;2&quot;:0,&quot;4&quot;:1}]},&quot;7&quot;:{&quot;1&quot;:[{&quot;1&quot;:2,&quot;2&quot;:0,&quot;5&quot;:{&quot;1&quot;:2,&quot;2&quot;:0}},{&quot;1&quot;:0,&quot;2&quot;:0,&quot;3&quot;:3},{&quot;1&quot;:1,&quot;2&quot;:0,&quot;4&quot;:1}]},&quot;8&quot;:{&quot;1&quot;:[{&quot;1&quot;:2,&quot;2&quot;:0,&quot;5&quot;:{&quot;1&quot;:2,&quot;2&quot;:0}},{&quot;1&quot;:0,&quot;2&quot;:0,&quot;3&quot;:3},{&quot;1&quot;:1,&quot;2&quot;:0,&quot;4&quot;:1}]},&quot;9&quot;:0,&quot;10&quot;:1,&quot;11&quot;:4,&quot;12&quot;:0,&quot;16&quot;:15,&quot;17&quot;:1}\">S\u1ee9c ch\u1ee9a: 6 &#8211; 10 Kh\u00e1ch<\/span><\/p>\n<p><img decoding=\"async\" class=\"alignnone wp-image-24009 size-full\" src=\"https:\/\/dalatreview.vn\/wp-content\/uploads\/2022\/11\/IMG_3203.jpg\" alt=\"Villa VIP Kh\u1edfi Ngh\u0129a B\u1eafc S\u01a1n \u0110\u00e0 L\u1ea1t 3 - 7 ph\u00f2ng\" width=\"2050\" height=\"1367\" \/><\/p>\n<p><strong>C\u0103n 7 Ph\u00f2ng:<\/strong><\/p>\n<p><span data-sheets-value=\"{&quot;1&quot;:2,&quot;2&quot;:&quot;KNBS 7 Ph\u00f2ng,8wc 20 Kh\u00e1ch&quot;}\" data-sheets-userformat=\"{&quot;2&quot;:25597,&quot;3&quot;:{&quot;1&quot;:0},&quot;5&quot;:{&quot;1&quot;:[{&quot;1&quot;:2,&quot;2&quot;:0,&quot;5&quot;:{&quot;1&quot;:2,&quot;2&quot;:0}},{&quot;1&quot;:0,&quot;2&quot;:0,&quot;3&quot;:3},{&quot;1&quot;:1,&quot;2&quot;:0,&quot;4&quot;:1}]},&quot;6&quot;:{&quot;1&quot;:[{&quot;1&quot;:2,&quot;2&quot;:0,&quot;5&quot;:{&quot;1&quot;:2,&quot;2&quot;:0}},{&quot;1&quot;:0,&quot;2&quot;:0,&quot;3&quot;:3},{&quot;1&quot;:1,&quot;2&quot;:0,&quot;4&quot;:1}]},&quot;7&quot;:{&quot;1&quot;:[{&quot;1&quot;:2,&quot;2&quot;:0,&quot;5&quot;:{&quot;1&quot;:2,&quot;2&quot;:0}},{&quot;1&quot;:0,&quot;2&quot;:0,&quot;3&quot;:3},{&quot;1&quot;:1,&quot;2&quot;:0,&quot;4&quot;:1}]},&quot;8&quot;:{&quot;1&quot;:[{&quot;1&quot;:2,&quot;2&quot;:0,&quot;5&quot;:{&quot;1&quot;:2,&quot;2&quot;:0}},{&quot;1&quot;:0,&quot;2&quot;:0,&quot;3&quot;:3},{&quot;1&quot;:1,&quot;2&quot;:0,&quot;4&quot;:1}]},&quot;9&quot;:0,&quot;10&quot;:1,&quot;11&quot;:4,&quot;12&quot;:0,&quot;16&quot;:15,&quot;17&quot;:1}\">5 \u0111\u01a1n, 1 \u0111\u00f4i, 1 ph\u00f2ng dorm t\u1eadp th\u1ec3 8 gi\u01b0\u1eddng, 8 wc<\/span><\/p>\n<p><span data-sheets-value=\"{&quot;1&quot;:2,&quot;2&quot;:&quot;KNBS 7 Ph\u00f2ng,8wc 20 Kh\u00e1ch&quot;}\" data-sheets-userformat=\"{&quot;2&quot;:25597,&quot;3&quot;:{&quot;1&quot;:0},&quot;5&quot;:{&quot;1&quot;:[{&quot;1&quot;:2,&quot;2&quot;:0,&quot;5&quot;:{&quot;1&quot;:2,&quot;2&quot;:0}},{&quot;1&quot;:0,&quot;2&quot;:0,&quot;3&quot;:3},{&quot;1&quot;:1,&quot;2&quot;:0,&quot;4&quot;:1}]},&quot;6&quot;:{&quot;1&quot;:[{&quot;1&quot;:2,&quot;2&quot;:0,&quot;5&quot;:{&quot;1&quot;:2,&quot;2&quot;:0}},{&quot;1&quot;:0,&quot;2&quot;:0,&quot;3&quot;:3},{&quot;1&quot;:1,&quot;2&quot;:0,&quot;4&quot;:1}]},&quot;7&quot;:{&quot;1&quot;:[{&quot;1&quot;:2,&quot;2&quot;:0,&quot;5&quot;:{&quot;1&quot;:2,&quot;2&quot;:0}},{&quot;1&quot;:0,&quot;2&quot;:0,&quot;3&quot;:3},{&quot;1&quot;:1,&quot;2&quot;:0,&quot;4&quot;:1}]},&quot;8&quot;:{&quot;1&quot;:[{&quot;1&quot;:2,&quot;2&quot;:0,&quot;5&quot;:{&quot;1&quot;:2,&quot;2&quot;:0}},{&quot;1&quot;:0,&quot;2&quot;:0,&quot;3&quot;:3},{&quot;1&quot;:1,&quot;2&quot;:0,&quot;4&quot;:1}]},&quot;9&quot;:0,&quot;10&quot;:1,&quot;11&quot;:4,&quot;12&quot;:0,&quot;16&quot;:15,&quot;17&quot;:1}\">S\u1ee9c ch\u1ee9a: 20 &#8211; 22 Kh\u00e1ch<\/span><\/p>\n<p><img decoding=\"async\" class=\"alignnone wp-image-24014 size-full\" src=\"https:\/\/dalatreview.vn\/wp-content\/uploads\/2022\/11\/IMG_3228.jpg\" alt=\"Villa VIP Kh\u1edfi Ngh\u0129a B\u1eafc S\u01a1n \u0110\u00e0 L\u1ea1t 3 - 7 ph\u00f2ng\" width=\"2050\" height=\"1287\" \/><\/p>\n<p><img decoding=\"async\" class=\"alignnone wp-image-24012 size-full\" src=\"https:\/\/dalatreview.vn\/wp-content\/uploads\/2022\/11\/IMG_3225.jpg\" alt=\"Villa VIP Kh\u1edfi Ngh\u0129a B\u1eafc S\u01a1n \u0110\u00e0 L\u1ea1t 3 - 7 ph\u00f2ng\" width=\"2050\" height=\"1367\" \/><\/p>\n<p>\u2014\u2014\u2014\u2014\u2014\u2014\u2014\u2014\u2014\u2014\u2014\u2014\u2014\u2014\u2014\u2014\u2014\u2014\u2013<\/p>\n<p>\u2013 \u0110\u1ea7y \u0111\u1ee7 ti\u1ec7n nghi nh\u01b0 \u1edf nh\u00e0. Ph\u00f2ng kh\u00e1ch r\u1ed9ng c\u00f3 tivi, l\u00f2 s\u01b0\u1edfi, b\u00e0n gh\u1ebf sofa cao c\u1ea5p.<\/p>\n<p>\u2013 C\u00f3 di\u1ec7n t\u00edch \u0111\u1ec3 n\u01b0\u1edbng BBQ ngo\u00e0i tr\u1eddi tho\u00e1ng \u0111\u00e3ng.<\/p>\n<p>\u2013 C\u00f3 ch\u1ed7 \u0111\u1eadu xe m\u00e1y, xe h\u01a1i an to\u00e0n mi\u1ec5n ph\u00ed.<\/p>\n<p>\u2013 Y\u00ean t\u0129nh, an ninh 24\/24, s\u1ea1ch s\u1ebd, tho\u00e1ng m\u00e1t, view thi\u00ean nhi\u00ean si\u00eau \u0111\u1eb9p.<\/p>\n<p>\u2013 B\u1ebfp t\u1ef1 do n\u1ea5u n\u01b0\u1edbng \u0111\u1ea7y \u0111\u1ee7 d\u1ee5ng c\u1ee5 v\u00e0 gia v\u1ecb.<\/p>\n<p>\u2013 Ch\u00eca kho\u00e1 trao tay tha h\u1ed3 ri\u00eang t\u01b0.<\/p>\n<p><img decoding=\"async\" class=\"alignnone wp-image-24015 size-full\" src=\"https:\/\/dalatreview.vn\/wp-content\/uploads\/2022\/11\/IMG_3230.jpg\" alt=\"Villa VIP Kh\u1edfi Ngh\u0129a B\u1eafc S\u01a1n \u0110\u00e0 L\u1ea1t 3 - 7 ph\u00f2ng\" width=\"2047\" height=\"1341\" \/><\/p>\n<h1 class=\"clear\" id=\"4-gia-phong\"><span style=\"font-size: 24px; color: #003300;\"><strong><span class=\"_4yxo\">4.<\/span>\u00a0Gi\u00e1 ph\u00f2ng<\/strong><\/span><\/h1>\n<div class=\"pt-2\">\n<article class=\"post-content\">\n<div class=\"anh_wtm_m\">\n<div class=\"mws_content\">\n<article class=\"post-content\">\n<div class=\"anh_wtm_m\">\n<div class=\"mws_content\">\n<article class=\"post-content\">\n<div class=\"anh_wtm_m\">\n<div class=\"mws_content\">\n<article class=\"post-content\">\n<div class=\"anh_wtm_m\">\n<div class=\"mws_content\">\n<article class=\"post-content\">\n<div class=\"anh_wtm_m\">\n<div class=\"mws_content\">\n<p>C\u0103n 3 ph\u00f2ng: ch\u1ec9 t\u1eeb 4,500,000\/ \u0111\u00eam<\/p>\n<p>C\u0103n 7 ph\u00f2ng: ch\u1ec9 t\u1eeb 6,000,000\/ \u0111\u00eam<\/p>\n<p>Li\u00ean h\u1ec7 \u0111\u1ec3 \u0111\u01b0\u1ee3c \u0110\u00e0 L\u1ea1t Review t\u01b0 v\u1ea5n.<\/p>\n<p>&nbsp;<\/p>\n<h1 id=\"5-lien-he\"><span style=\"font-size: 24px; color: #003300;\"><strong>5. Li\u00ean h\u1ec7<\/strong><\/span><\/h1>\n<p>Fanpage:\u00a0<a href=\"https:\/\/www.facebook.com\/booking.dalatreview.vn\/\">Booking \u0110\u00e0 L\u1ea1t \u2013 www.dalatreview.vn<\/a><\/p>\n<p>S\u0110T\/Zalo: 0968 249 297<\/p>\n<\/div>\n<\/div>\n<\/article>\n<\/div>\n<\/div>\n<\/article>\n<\/div>\n<\/div>\n<\/article>\n<\/div>\n<\/div>\n<\/article>\n<\/div>\n<\/div>\n<\/article>\n<\/div>\n<\/div>\n<\/div>","protected":false},"excerpt":{"rendered":"<p>Danh m\u1ee5c ch\u00ednh Villa VIP Kh\u1edfi Ngh\u0129a B\u1eafc S\u01a1n \u0110\u00e0 L\u1ea1t 3 &#8211; 7 ph\u00f2ng 1. V\u1ecb tr\u00ed 3. D\u1ecbch v\u1ee5 &amp; Ti\u1ec7n nghi 4.\u00a0Gi\u00e1 ph\u00f2ng 5. Li\u00ean h\u1ec7 Villa VIP Kh\u1edfi Ngh\u0129a B\u1eafc S\u01a1n \u0110\u00e0 L\u1ea1t 3 &#8211; 7 ph\u00f2ng 1. V\u1ecb tr\u00ed Villa t\u1ecda l\u1ea1c g\u1ea7n v\u1ecb tr\u00ed trung t\u00e2m (\u0111\u01b0\u1eddng Kh\u1edfi Ngh\u0129a [&hellip;]<\/p>","protected":false},"featured_media":24007,"comment_status":"open","ping_status":"closed","template":"","meta":{"_acf_changed":false,"rank_math_lock_modified_date":false},"product_cat":[29,2247,2263,45],"product_tag":[],"acf":[],"_links":{"self":[{"href":"https:\/\/dalatreview.vn\/en\/wp-json\/wp\/v2\/product\/24004"}],"collection":[{"href":"https:\/\/dalatreview.vn\/en\/wp-json\/wp\/v2\/product"}],"about":[{"href":"https:\/\/dalatreview.vn\/en\/wp-json\/wp\/v2\/types\/product"}],"replies":[{"embeddable":true,"href":"https:\/\/dalatreview.vn\/en\/wp-json\/wp\/v2\/comments?post=24004"}],"wp:featuredmedia":[{"embeddable":true,"href":"https:\/\/dalatreview.vn\/en\/wp-json\/wp\/v2\/media\/24007"}],"wp:attachment":[{"href":"https:\/\/dalatreview.vn\/en\/wp-json\/wp\/v2\/media?parent=24004"}],"wp:term":[{"taxonomy":"product_cat","embeddable":true,"href":"https:\/\/dalatreview.vn\/en\/wp-json\/wp\/v2\/product_cat?post=24004"},{"taxonomy":"product_tag","embeddable":true,"href":"https:\/\/dalatreview.vn\/en\/wp-json\/wp\/v2\/product_tag?post=24004"}],"curies":[{"name":"wp","href":"https:\/\/api.w.org\/{rel}","templated":true}]}}