
{"id":23788,"date":"2022-11-29T10:35:22","date_gmt":"2022-11-29T03:35:22","guid":{"rendered":"https:\/\/dalatreview.vn\/?p=23788"},"modified":"2024-07-10T14:39:05","modified_gmt":"2024-07-10T07:39:05","slug":"villa-hung-vuong-da-lat","status":"publish","type":"product","link":"https:\/\/dalatreview.vn\/en\/villa-hung-vuong-da-lat.html","title":{"rendered":"White Villa H\u00f9ng V\u01b0\u01a1ng \u0110\u00e0 L\u1ea1t 4-8 ph\u00f2ng"},"content":{"rendered":"<nav class=\"vietrick-auto-toc\">\n<div class=\"box-title\">\n<h3 class=\"toc-title\" id=\"select-menu\">Danh m\u1ee5c ch\u00ednh<\/h3>\n<div><ion-icon name=\"chevron-up-outline\"><\/ion-icon><\/div>\n<\/div>\n<ul class=\"toc-list\"><\/ul>\n<li><a href='https:\/\/dalatreview.vn\/en#white-villa-hung-vuong-da-lat-4-8-phong' class='heading-h1 toc-link smooth-scroll'>White Villa H\u00f9ng V\u01b0\u01a1ng \u0110\u00e0 L\u1ea1t 4 &#8211; 8 ph\u00f2ng<\/a>\n<li><a href='https:\/\/dalatreview.vn\/en#1-vi-tri' class='heading-h1 toc-link smooth-scroll'>1. V\u1ecb tr\u00ed<\/a>\n<li><a href='https:\/\/dalatreview.vn\/en#2-decor' class='heading-h1 toc-link smooth-scroll'>2. Decor<\/a>\n<li><a href='https:\/\/dalatreview.vn\/en#3-dich-vu-tien-nghi' class='heading-h1 toc-link smooth-scroll'>3. D\u1ecbch v\u1ee5 &amp; Ti\u1ec7n nghi<\/a>\n<li><a href='https:\/\/dalatreview.vn\/en#4-gia-phong' class='heading-h1 toc-link smooth-scroll'>4.\u00a0Gi\u00e1 ph\u00f2ng<\/a>\n<li><a href='https:\/\/dalatreview.vn\/en#5-lien-he' class='heading-h1 toc-link smooth-scroll'>5. Li\u00ean h\u1ec7<\/a><\/ul>\n<\/li>\n<\/ul>\n<\/nav>\n<h1 style=\"text-align: center;\" id=\"white-villa-hung-vuong-da-lat-4-8-phong\"><strong><span style=\"font-size: 28px; color: #003300;\">White Villa H\u00f9ng V\u01b0\u01a1ng \u0110\u00e0 L\u1ea1t 4 &#8211; 8 ph\u00f2ng<\/span><\/strong><\/h1>\n<h1 id=\"1-vi-tri\"><span style=\"color: #003300; font-size: 24px;\"><strong>1. V\u1ecb tr\u00ed<\/strong><\/span><\/h1>\n<p><img decoding=\"async\" class=\"alignnone wp-image-23801 size-full\" src=\"https:\/\/dalatreview.vn\/wp-content\/uploads\/2022\/11\/UY_6098.jpg\" alt=\"White Villa H\u00f9ng V\u01b0\u01a1ng \u0110\u00e0 L\u1ea1t 4-8 ph\u00f2ng\" width=\"2050\" height=\"1367\" \/><\/p>\n<p>White Villa \u0111\u01b0\u1eddng H\u00f9ng V\u01b0\u01a1ng thu\u1ed9c ph\u01b0\u1eddng 11, n\u1eb1m trong khu du l\u1ecbch Nam H\u1ed3, Y\u00ean t\u0129nh, an ninh, c\u00f3 b\u1ea3o v\u1ec7 24\/7<\/p>\n<p>N\u1eb1m ngay g\u1ea7n trung t\u00e2m th\u00e0nh ph\u1ed1 \u0110\u00e0 L\u1ea1t. Ch\u1ec9 c\u00e1ch ch\u1ee3 5 ph\u00fat ch\u1ea1y xe, giao th\u00f4ng thu\u1eadn ti\u1ec7n cho vi\u1ec7c \u0111i l\u1ea1i \u0103n u\u1ed1ng, mua s\u1eafm v\u00e0 vui ch\u01a1i.<\/p>\n<p>N\u01a1i \u0111\u00e2y l\u00e0 cung \u0111\u01b0\u1eddng h\u1ed9i t\u1ee5 nhi\u1ec1u \u0111\u1ecba \u0111i\u1ec3m n\u1ed5i ti\u1ebfng c\u1ee7a \u0110\u00e0 L\u1ea1t m\u1ed9ng m\u01a1 \u0111\u1ea5y nh\u00e9!<\/p>\n<h1 id=\"2-decor\"><span style=\"font-size: 24px; color: #003300;\"><strong><span class=\"_4yxo _4yxp\">2. Decor<\/span><\/strong><\/span><\/h1>\n<p>Villa r\u1ed9ng r\u00e3i tho\u1ea3i m\u1edbi v\u1edbi thi\u1ebft k\u1ebf theo kh\u00f4ng gian m\u1edf, nhi\u1ec1u ph\u00f2ng \u0111\u1ea7y \u0111\u1ee7 ti\u1ec7n \u00edch \u0111\u00e1p \u1ee9ng \u0111\u01b0\u1ee3c m\u1ecdi nhu c\u1ea7u m\u00e0 b\u1ea1n mong mu\u1ed1n.<\/p>\n<p>T\u1eeb c\u0103n nh\u00e0 n\u00e0y b\u1ea1n c\u00f3 th\u1ec3 ng\u1eafm nh\u00ecn 2 view ch\u00ednh qua c\u00e1c khung c\u1eeda k\u00ednh l\u00e0 view \u0111\u1ed3i th\u00f4ng, s\u00e2n v\u01b0\u1eddn r\u1ed9ng.<\/p>\n<p>Ban ng\u00e0y c\u00f3 th\u1ec3 \u0111\u00f3n ch\u1edd \u0111\u1ec3 ng\u1eafm b\u00ecnh minh c\u0169ng nh\u01b0 ho\u00e0ng h\u00f4n h\u00f2a quy\u1ec7n v\u1edbi b\u1ea7u kh\u00f4ng kh\u00ed trong l\u00e0nh c\u1ee7a thi\u00ean nhi\u00ean \u0111em l\u1ea1i c\u1ea3m gi\u00e1c r\u1ea5t tho\u1ea3i mai v\u00e0 th\u01b0 gi\u00e3n.<\/p>\n<p>Ban \u0111\u00eam b\u1ea1n c\u00f3 th\u1ec3 ng\u1eafm nh\u00ecn s\u1ef1 lung linh l\u1ea5p l\u00e1nh c\u00f3 ch\u00fat huy\u1ec1n \u1ea3o c\u1ee7a \u00e1nh \u0111\u00e8n th\u00e0nh ph\u1ed1 r\u1ea5t l\u00e3ng m\u1ea1n n\u1eefa \u0111\u1ea5y!<\/p>\n<p><img decoding=\"async\" class=\"alignnone wp-image-23803 size-full\" src=\"https:\/\/dalatreview.vn\/wp-content\/uploads\/2022\/11\/UY_6217.jpg\" alt=\"White Villa H\u00f9ng V\u01b0\u01a1ng \u0110\u00e0 L\u1ea1t 4-8 ph\u00f2ng\" width=\"2050\" height=\"1367\" \/><\/p>\n<p>Villa \u0111\u01b0\u1ee3c trang b\u1ecb n\u1ed9i th\u1ea5t cao c\u1ea5p sang tr\u1ecdng h\u1ee9a h\u1eb9n mang \u0111\u1ebfn cho b\u1ea1n m\u1ed9t k\u1ef3 ngh\u1ec9 tuy\u1ec7t v\u1eddi.<\/p>\n<p><img decoding=\"async\" class=\"alignnone wp-image-23800 size-full\" src=\"https:\/\/dalatreview.vn\/wp-content\/uploads\/2022\/11\/UY_6095.jpg\" alt=\"White Villa H\u00f9ng V\u01b0\u01a1ng \u0110\u00e0 L\u1ea1t 4-8 ph\u00f2ng\" width=\"2050\" height=\"1367\" \/><\/p>\n<h1 id=\"3-dich-vu-tien-nghi\"><span style=\"font-size: 24px; color: #003300;\"><strong>3. D\u1ecbch v\u1ee5 &amp; Ti\u1ec7n nghi<\/strong><\/span><\/h1>\n<p><strong>C\u0103n 4PN<\/strong><\/p>\n<p><span data-sheets-value=\"{&quot;1&quot;:2,&quot;2&quot;:&quot;Chi ti\u1ebft: 4Pn-5wc (3p-2pax,1p-4pax) TC 10pax. Max 16. Dc: 91 H\u00f9ng V\u01b0\u01a1ng P11 (KDL Nam H\u1ed3)&quot;}\" data-sheets-userformat=\"{&quot;2&quot;:25597,&quot;3&quot;:{&quot;1&quot;:0},&quot;5&quot;:{&quot;1&quot;:[{&quot;1&quot;:2,&quot;2&quot;:0,&quot;5&quot;:{&quot;1&quot;:2,&quot;2&quot;:0}},{&quot;1&quot;:0,&quot;2&quot;:0,&quot;3&quot;:3},{&quot;1&quot;:1,&quot;2&quot;:0,&quot;4&quot;:1}]},&quot;6&quot;:{&quot;1&quot;:[{&quot;1&quot;:2,&quot;2&quot;:0,&quot;5&quot;:{&quot;1&quot;:2,&quot;2&quot;:0}},{&quot;1&quot;:0,&quot;2&quot;:0,&quot;3&quot;:3},{&quot;1&quot;:1,&quot;2&quot;:0,&quot;4&quot;:1}]},&quot;7&quot;:{&quot;1&quot;:[{&quot;1&quot;:2,&quot;2&quot;:0,&quot;5&quot;:{&quot;1&quot;:2,&quot;2&quot;:0}},{&quot;1&quot;:0,&quot;2&quot;:0,&quot;3&quot;:3},{&quot;1&quot;:1,&quot;2&quot;:0,&quot;4&quot;:1}]},&quot;8&quot;:{&quot;1&quot;:[{&quot;1&quot;:2,&quot;2&quot;:0,&quot;5&quot;:{&quot;1&quot;:2,&quot;2&quot;:0}},{&quot;1&quot;:0,&quot;2&quot;:0,&quot;3&quot;:3},{&quot;1&quot;:1,&quot;2&quot;:0,&quot;4&quot;:1}]},&quot;9&quot;:0,&quot;10&quot;:1,&quot;11&quot;:4,&quot;12&quot;:0,&quot;16&quot;:15,&quot;17&quot;:1}\">Chi ti\u1ebft: 4PN &#8211; 5wc (3 \u0111\u01a1n 1 \u0111\u00f4i) <\/span><\/p>\n<p><span data-sheets-value=\"{&quot;1&quot;:2,&quot;2&quot;:&quot;Chi ti\u1ebft: 4Pn-5wc (3p-2pax,1p-4pax) TC 10pax. Max 16. Dc: 91 H\u00f9ng V\u01b0\u01a1ng P11 (KDL Nam H\u1ed3)&quot;}\" data-sheets-userformat=\"{&quot;2&quot;:25597,&quot;3&quot;:{&quot;1&quot;:0},&quot;5&quot;:{&quot;1&quot;:[{&quot;1&quot;:2,&quot;2&quot;:0,&quot;5&quot;:{&quot;1&quot;:2,&quot;2&quot;:0}},{&quot;1&quot;:0,&quot;2&quot;:0,&quot;3&quot;:3},{&quot;1&quot;:1,&quot;2&quot;:0,&quot;4&quot;:1}]},&quot;6&quot;:{&quot;1&quot;:[{&quot;1&quot;:2,&quot;2&quot;:0,&quot;5&quot;:{&quot;1&quot;:2,&quot;2&quot;:0}},{&quot;1&quot;:0,&quot;2&quot;:0,&quot;3&quot;:3},{&quot;1&quot;:1,&quot;2&quot;:0,&quot;4&quot;:1}]},&quot;7&quot;:{&quot;1&quot;:[{&quot;1&quot;:2,&quot;2&quot;:0,&quot;5&quot;:{&quot;1&quot;:2,&quot;2&quot;:0}},{&quot;1&quot;:0,&quot;2&quot;:0,&quot;3&quot;:3},{&quot;1&quot;:1,&quot;2&quot;:0,&quot;4&quot;:1}]},&quot;8&quot;:{&quot;1&quot;:[{&quot;1&quot;:2,&quot;2&quot;:0,&quot;5&quot;:{&quot;1&quot;:2,&quot;2&quot;:0}},{&quot;1&quot;:0,&quot;2&quot;:0,&quot;3&quot;:3},{&quot;1&quot;:1,&quot;2&quot;:0,&quot;4&quot;:1}]},&quot;9&quot;:0,&quot;10&quot;:1,&quot;11&quot;:4,&quot;12&quot;:0,&quot;16&quot;:15,&quot;17&quot;:1}\">S\u1ee9c ch\u1ee9a 10 &#8211; 12 kh\u00e1ch<\/span><\/p>\n<p><img decoding=\"async\" class=\"alignnone wp-image-23792 size-full\" src=\"https:\/\/dalatreview.vn\/wp-content\/uploads\/2022\/11\/UY_5984.jpg\" alt=\"White Villa H\u00f9ng V\u01b0\u01a1ng \u0110\u00e0 L\u1ea1t 4-8 ph\u00f2ng\" width=\"2050\" height=\"1330\" \/><\/p>\n<p><img decoding=\"async\" class=\"alignnone wp-image-23802 size-full\" src=\"https:\/\/dalatreview.vn\/wp-content\/uploads\/2022\/11\/UY_6107.jpg\" alt=\"White Villa H\u00f9ng V\u01b0\u01a1ng \u0110\u00e0 L\u1ea1t 4-8 ph\u00f2ng\" width=\"2050\" height=\"1380\" \/><\/p>\n<p><strong>C\u0103n 8PN<\/strong><\/p>\n<p><span data-sheets-value=\"{&quot;1&quot;:2,&quot;2&quot;:&quot;Chi ti\u1ebft: 8P -8wc (8p-2pax) TC 16pax. Max 26;. Dc: 91 H\u00f9ng V\u01b0\u01a1ng P11 (KDL Nam H\u1ed3)&quot;}\" data-sheets-userformat=\"{&quot;2&quot;:25597,&quot;3&quot;:{&quot;1&quot;:0},&quot;5&quot;:{&quot;1&quot;:[{&quot;1&quot;:2,&quot;2&quot;:0,&quot;5&quot;:{&quot;1&quot;:2,&quot;2&quot;:0}},{&quot;1&quot;:0,&quot;2&quot;:0,&quot;3&quot;:3},{&quot;1&quot;:1,&quot;2&quot;:0,&quot;4&quot;:1}]},&quot;6&quot;:{&quot;1&quot;:[{&quot;1&quot;:2,&quot;2&quot;:0,&quot;5&quot;:{&quot;1&quot;:2,&quot;2&quot;:0}},{&quot;1&quot;:0,&quot;2&quot;:0,&quot;3&quot;:3},{&quot;1&quot;:1,&quot;2&quot;:0,&quot;4&quot;:1}]},&quot;7&quot;:{&quot;1&quot;:[{&quot;1&quot;:2,&quot;2&quot;:0,&quot;5&quot;:{&quot;1&quot;:2,&quot;2&quot;:0}},{&quot;1&quot;:0,&quot;2&quot;:0,&quot;3&quot;:3},{&quot;1&quot;:1,&quot;2&quot;:0,&quot;4&quot;:1}]},&quot;8&quot;:{&quot;1&quot;:[{&quot;1&quot;:2,&quot;2&quot;:0,&quot;5&quot;:{&quot;1&quot;:2,&quot;2&quot;:0}},{&quot;1&quot;:0,&quot;2&quot;:0,&quot;3&quot;:3},{&quot;1&quot;:1,&quot;2&quot;:0,&quot;4&quot;:1}]},&quot;9&quot;:0,&quot;10&quot;:1,&quot;11&quot;:4,&quot;12&quot;:0,&quot;16&quot;:15,&quot;17&quot;:1}\">Chi ti\u1ebft: 8PN \u0111\u01a1n, 8WC<\/span><\/p>\n<p><span data-sheets-value=\"{&quot;1&quot;:2,&quot;2&quot;:&quot;Chi ti\u1ebft: 8P -8wc (8p-2pax) TC 16pax. Max 26;. Dc: 91 H\u00f9ng V\u01b0\u01a1ng P11 (KDL Nam H\u1ed3)&quot;}\" data-sheets-userformat=\"{&quot;2&quot;:25597,&quot;3&quot;:{&quot;1&quot;:0},&quot;5&quot;:{&quot;1&quot;:[{&quot;1&quot;:2,&quot;2&quot;:0,&quot;5&quot;:{&quot;1&quot;:2,&quot;2&quot;:0}},{&quot;1&quot;:0,&quot;2&quot;:0,&quot;3&quot;:3},{&quot;1&quot;:1,&quot;2&quot;:0,&quot;4&quot;:1}]},&quot;6&quot;:{&quot;1&quot;:[{&quot;1&quot;:2,&quot;2&quot;:0,&quot;5&quot;:{&quot;1&quot;:2,&quot;2&quot;:0}},{&quot;1&quot;:0,&quot;2&quot;:0,&quot;3&quot;:3},{&quot;1&quot;:1,&quot;2&quot;:0,&quot;4&quot;:1}]},&quot;7&quot;:{&quot;1&quot;:[{&quot;1&quot;:2,&quot;2&quot;:0,&quot;5&quot;:{&quot;1&quot;:2,&quot;2&quot;:0}},{&quot;1&quot;:0,&quot;2&quot;:0,&quot;3&quot;:3},{&quot;1&quot;:1,&quot;2&quot;:0,&quot;4&quot;:1}]},&quot;8&quot;:{&quot;1&quot;:[{&quot;1&quot;:2,&quot;2&quot;:0,&quot;5&quot;:{&quot;1&quot;:2,&quot;2&quot;:0}},{&quot;1&quot;:0,&quot;2&quot;:0,&quot;3&quot;:3},{&quot;1&quot;:1,&quot;2&quot;:0,&quot;4&quot;:1}]},&quot;9&quot;:0,&quot;10&quot;:1,&quot;11&quot;:4,&quot;12&quot;:0,&quot;16&quot;:15,&quot;17&quot;:1}\">S\u1ee9c ch\u1ee9a 16 &#8211; 20 kh\u00e1ch.\u00a0<\/span><\/p>\n<p>&nbsp;<\/p>\n<p><img decoding=\"async\" class=\"alignnone wp-image-23791 size-full\" src=\"https:\/\/dalatreview.vn\/wp-content\/uploads\/2022\/11\/UY_5965.jpg\" alt=\"White Villa H\u00f9ng V\u01b0\u01a1ng \u0110\u00e0 L\u1ea1t 4-8 ph\u00f2ng\" width=\"2050\" height=\"1367\" \/><\/p>\n<p><img decoding=\"async\" class=\"alignnone wp-image-23794 size-full\" src=\"https:\/\/dalatreview.vn\/wp-content\/uploads\/2022\/11\/UY_6007.jpg\" alt=\"White Villa H\u00f9ng V\u01b0\u01a1ng \u0110\u00e0 L\u1ea1t 4-8 ph\u00f2ng\" width=\"2050\" height=\"1367\" \/><\/p>\n<p>\u2013 \u0110\u1ea7y \u0111\u1ee7 ti\u1ec7n nghi nh\u01b0 \u1edf nh\u00e0. Ph\u00f2ng kh\u00e1ch v\u00e0 s\u00e2n v\u01b0\u1eddn c\u1ef1c r\u1ed9ng, nhi\u1ec1u g\u00f3c chill tha h\u1ed3 sinh ho\u1ea1t chung.<\/p>\n<p>\u2013 C\u00f3 di\u1ec7n t\u00edch \u0111\u1ec3 n\u01b0\u1edbng BBQ ngo\u00e0i tr\u1eddi th\u00edch h\u1ee3p cho gia \u0111\u00ecnh, \u0111o\u00e0n th\u1ec3, h\u1ed9i b\u1ea1n th\u00e2n.<\/p>\n<p>\u2013 C\u00f3 ch\u1ed7 \u0111\u1eadu xe m\u00e1y, xe h\u01a1i an to\u00e0n mi\u1ec5n ph\u00ed. C\u00f3 d\u1ecbch v\u1ee5 thu\u00ea xe m\u00e1y, \u00f4 t\u00f4 n\u1ebfu b\u1ea1n c\u1ea7n.<\/p>\n<p>\u2013 Y\u00ean t\u0129nh, an ninh 24\/24, s\u1ea1ch s\u1ebd, tho\u00e1ng m\u00e1t, view thi\u00ean nhi\u00ean si\u00eau \u0111\u1eb9p.<\/p>\n<p>\u2013 B\u1ebfp t\u1ef1 do n\u1ea5u n\u01b0\u1edbng \u0111\u1ea7y \u0111\u1ee7 d\u1ee5ng c\u1ee5 v\u00e0 gia v\u1ecb.<\/p>\n<p>\u2013 Ch\u00eca kho\u00e1 trao tay tha h\u1ed3 ri\u00eang t\u01b0.<\/p>\n<h1 id=\"4-gia-phong\"><span style=\"font-size: 24px; color: #003300;\"><strong><span class=\"_4yxo\">4.<\/span>\u00a0Gi\u00e1 ph\u00f2ng<\/strong><\/span><\/h1>\n<p>ch\u1ec9 t\u1eeb 4,500,000\/ \u0111\u00eam<\/p>\n<h1 id=\"5-lien-he\"><span style=\"font-size: 24px; color: #003300;\"><strong>5. Li\u00ean h\u1ec7<\/strong><\/span><\/h1>\n<p>Fanpage:\u00a0<a href=\"https:\/\/www.facebook.com\/booking.dalatreview.vn\/\">Booking \u0110\u00e0 L\u1ea1t \u2013 www.dalatreview.vn<\/a><\/p>\n<p>S\u0110T\/Zalo: 0968 249 297<\/p>","protected":false},"excerpt":{"rendered":"<p class=\"p1\">White Villa \u0111\u01b0\u1eddng H\u00f9ng V\u01b0\u01a1ng thu\u1ed9c ph\u01b0\u1eddng 11, n\u1eb1m trong khu du l\u1ecbch Nam H\u1ed3, Y\u00ean t\u0129nh, an ninh, c\u00f3 b\u1ea3o v\u1ec7 24\/7<\/p>\n<p class=\"p1\">N\u1eb1m ngay g\u1ea7n trung t\u00e2m th\u00e0nh ph\u1ed1 \u0110\u00e0 L\u1ea1t. Ch\u1ec9 c\u00e1ch ch\u1ee3 5 ph\u00fat ch\u1ea1y xe, giao th\u00f4ng thu\u1eadn ti\u1ec7n cho vi\u1ec7c \u0111i l\u1ea1i \u0103n u\u1ed1ng, mua s\u1eafm v\u00e0 vui ch\u01a1i.<\/p>\n<p class=\"p1\">N\u01a1i \u0111\u00e2y l\u00e0 cung \u0111\u01b0\u1eddng h\u1ed9i t\u1ee5 nhi\u1ec1u \u0111\u1ecba \u0111i\u1ec3m n\u1ed5i ti\u1ebfng c\u1ee7a \u0110\u00e0 L\u1ea1t m\u1ed9ng m\u01a1 \u0111\u1ea5y nh\u00e9!<\/p>\n<p class=\"p2\"><b>\u00a0<\/b><\/p>","protected":false},"featured_media":23801,"comment_status":"open","ping_status":"closed","template":"","meta":{"_acf_changed":false,"rank_math_lock_modified_date":false},"product_cat":[29,2248,2265,45],"product_tag":[],"acf":[],"_links":{"self":[{"href":"https:\/\/dalatreview.vn\/en\/wp-json\/wp\/v2\/product\/23788"}],"collection":[{"href":"https:\/\/dalatreview.vn\/en\/wp-json\/wp\/v2\/product"}],"about":[{"href":"https:\/\/dalatreview.vn\/en\/wp-json\/wp\/v2\/types\/product"}],"replies":[{"embeddable":true,"href":"https:\/\/dalatreview.vn\/en\/wp-json\/wp\/v2\/comments?post=23788"}],"wp:featuredmedia":[{"embeddable":true,"href":"https:\/\/dalatreview.vn\/en\/wp-json\/wp\/v2\/media\/23801"}],"wp:attachment":[{"href":"https:\/\/dalatreview.vn\/en\/wp-json\/wp\/v2\/media?parent=23788"}],"wp:term":[{"taxonomy":"product_cat","embeddable":true,"href":"https:\/\/dalatreview.vn\/en\/wp-json\/wp\/v2\/product_cat?post=23788"},{"taxonomy":"product_tag","embeddable":true,"href":"https:\/\/dalatreview.vn\/en\/wp-json\/wp\/v2\/product_tag?post=23788"}],"curies":[{"name":"wp","href":"https:\/\/api.w.org\/{rel}","templated":true}]}}