
{"id":23420,"date":"2022-11-14T10:10:11","date_gmt":"2022-11-14T03:10:11","guid":{"rendered":"https:\/\/dalatreview.vn\/?p=23420"},"modified":"2024-07-11T08:41:35","modified_gmt":"2024-07-11T01:41:35","slug":"villa-da-lat-khu-an-son-7-phong","status":"publish","type":"product","link":"https:\/\/dalatreview.vn\/en\/villa-da-lat-khu-an-son-7-phong.html","title":{"rendered":"Villa \u0110\u00e0 L\u1ea1t khu An S\u01a1n 7 ph\u00f2ng"},"content":{"rendered":"<nav class=\"vietrick-auto-toc\">\n<div class=\"box-title\">\n<h3 class=\"toc-title\" id=\"select-menu\">Danh m\u1ee5c ch\u00ednh<\/h3>\n<div><ion-icon name=\"chevron-up-outline\"><\/ion-icon><\/div>\n<\/div>\n<ul class=\"toc-list\"><\/ul>\n<li><a href='https:\/\/dalatreview.vn\/en#villa-da-lat-khu-an-son-7-phong' class='heading-h1 toc-link smooth-scroll'>Villa \u0110\u00e0 L\u1ea1t khu An S\u01a1n 7 ph\u00f2ng\u00a0<\/a>\n<li><a href='https:\/\/dalatreview.vn\/en#1-vi-tri' class='heading-h1 toc-link smooth-scroll'>1. V\u1ecb tr\u00ed<\/a>\n<li><a href='https:\/\/dalatreview.vn\/en#2-decor' class='heading-h1 toc-link smooth-scroll'>2. Decor<\/a>\n<li><a href='https:\/\/dalatreview.vn\/en#3-dich-vu-tien-nghi' class='heading-h1 toc-link smooth-scroll'>3. D\u1ecbch v\u1ee5 &amp; Ti\u1ec7n nghi<\/a>\n<li><a href='https:\/\/dalatreview.vn\/en#4-gia-phong' class='heading-h1 toc-link smooth-scroll'>4.\u00a0Gi\u00e1 ph\u00f2ng<\/a>\n<li><a href='https:\/\/dalatreview.vn\/en#5-lien-he' class='heading-h1 toc-link smooth-scroll'>5. Li\u00ean h\u1ec7<\/a><\/ul>\n<\/li>\n<\/ul>\n<\/nav>\n<h1 style=\"text-align: center;\" id=\"villa-da-lat-khu-an-son-7-phong\"><span style=\"color: #003300;\"><strong>Villa \u0110\u00e0 L\u1ea1t khu An S\u01a1n 7 ph\u00f2ng\u00a0<\/strong><\/span><\/h1>\n<h1 id=\"1-vi-tri\"><span style=\"font-size: 24px; color: #003300;\"><strong>1. V\u1ecb tr\u00ed<\/strong><\/span><\/h1>\n<p>\ud83d\udd05 T\u1ecda l\u1ea1c ngay khu v\u1ef1c trung t\u00e2m, khu villa An S\u01a1n, ch\u1ec9 c\u00e1ch ch\u1ee3 7 ph\u00fat ch\u1ea1y xe, d\u1ec5 d\u00e0ng di chuy\u1ec3n t\u1edbi c\u00e1c \u0111\u1ecba \u0111i\u1ec3m tham quan, mua s\u1eafm v\u00e0 \u0103n u\u1ed1ng.<\/p>\n<p>C\u00e1ch ch\u1ee3 \u0110\u00e0 L\u1ea1t 5km &#8211; n\u1eb1m trong khu bi\u1ec7t th\u1ef1 y\u00ean t\u0129nh, view \u0111\u1ed3i n\u00fai , khu\u00f4n vi\u00ean r\u1ed9ng r\u00e3i.<\/p>\n<p><img decoding=\"async\" class=\"alignnone wp-image-23427 size-full\" src=\"https:\/\/dalatreview.vn\/wp-content\/uploads\/2022\/11\/3-scaled-1.jpg\" alt=\"\" width=\"1920\" height=\"2560\"><\/p>\n<p>\u1ede \u0111\u00e2y thi\u00ean nhi\u00ean trong l\u00e0nh m\u00e1t m\u1ebb, s\u1ea1ch s\u1ebd an ninh. Con ng\u01b0\u1eddi l\u1ea1i th\u00e2n thi\u1ec7n d\u1ec5 m\u1ebfn r\u1ea5t th\u00edch h\u1ee3p l\u1ef1a ch\u1ecdn l\u00e0m \u0111i\u1ec3m ngh\u1ec9 d\u01b0\u1ee1ng<\/p>\n<p><img decoding=\"async\" class=\"alignnone wp-image-23425 size-full\" src=\"https:\/\/dalatreview.vn\/wp-content\/uploads\/2022\/11\/1-scaled-1.jpg\" alt=\"\" width=\"2560\" height=\"1920\"><\/p>\n<h1 id=\"2-decor\"><span style=\"font-size: 24px; color: #003300;\"><strong><span class=\"_4yxo _4yxp\">2. Decor<\/span><\/strong><\/span><\/h1>\n<p>Villa r\u1ed9ng r\u00e3i tho\u00e1ng m\u00e1t, decor \u0111\u01a1n gi\u1ea3n nh\u01b0ng \u0111\u1ea7y \u0111\u1ee7 ti\u1ec7n nghi. Thi\u1ebft k\u1ebf theo kh\u00f4ng gian m\u1edf, c\u00f3 ban c\u00f4ng view cao tho\u00e1ng \u0111\u00e3ng.<\/p>\n<p>C\u00f3 khu v\u1ef1c \u0111\u1ec3 xe, sinh ho\u1ea1t chung v\u00e0 sinh ho\u1ea1t ri\u00eang c\u1ee7a m\u1ed7i ng\u01b0\u1eddi.<\/p>\n<p><img decoding=\"async\" class=\"alignnone wp-image-23441 size-full\" src=\"https:\/\/dalatreview.vn\/wp-content\/uploads\/2022\/11\/1.png\" alt=\"\" width=\"1600\" height=\"768\"><\/p>\n<h1 id=\"3-dich-vu-tien-nghi\"><span style=\"font-size: 24px; color: #003300;\"><strong>3. D\u1ecbch v\u1ee5 &amp; Ti\u1ec7n nghi<\/strong><\/span><\/h1>\n<div class=\"pt-2\">\n<p>Villa An S\u01a1n g\u1ed3m 7 ph\u00f2ng ng\u1ee7 sang tr\u1ecdng kh\u00e9p k\u00edn. C\u00f3 nh\u00e0 t\u1eafm, wc v\u00e0 \u0111\u1ea7y \u0111\u1ee7 \u0111\u1ed3 d\u00f9ng c\u00e1 nh\u00e2n c\u1ea7n thi\u1ebft trong ph\u00f2ng.<br \/>\n5 ph\u00f2ng 1 gi\u01b0\u1eddng \u0111\u00f4i<br \/>\n2 ph\u00f2ng 2 gi\u01b0\u1eddng \u0111\u00f4i<\/p>\n<p>T\u1ed5ng c\u1ed9ng 7wc. B\u1ed3n t\u1eafm, b\u1ec3 s\u1ee5c thi\u1ebft b\u1ecb v\u1ec7 sinh cao c\u1ea5p,hi\u1ec7n \u0111\u1ea1i.<\/p>\n<p>S\u1ee9c ch\u1ee9a 18-20 kh\u00e1ch<\/p>\n<p>\u2014\u2014\u2014\u2014\u2014\u2014\u2014\u2014\u2014\u2014\u2014\u2014\u2014\u2014\u2014\u2014\u2014\u2014\u2013<\/p>\n<p>\u2013 \u0110\u1ea7y \u0111\u1ee7 ti\u1ec7n nghi nh\u01b0 \u1edf nh\u00e0. C\u00f3 tivi, t\u1ee7 l\u1ea1nh, internet,\u2026<\/p>\n<p>\u2013 Ph\u00f2ng kh\u00e1ch, b\u1ebfp, sang tr\u1ecdng \u0111\u1ea7y \u0111\u1ee7 ti\u1ec7n nghi, kho\u1ea3ng s\u00e2n r\u1ed9ng t\u01b0\u01a1i m\u00e1t v\u1edbi h\u1ed3 c\u00e1 Koi t\u1ea1o c\u1ea3m th\u01b0 gi\u00e3n cho du kh\u00e1ch v\u00e0 t\u1ed5 ch\u1ee9c ti\u1ec7c BBQ tho\u1ea3i m\u00e1i.<\/p>\n<p>\u2013 C\u00f3 di\u1ec7n t\u00edch \u0111\u1ec3 n\u01b0\u1edbng BBQ ngo\u00e0i tr\u1eddi.<\/p>\n<p>\u2013 C\u00f3 ch\u1ed7 \u0111\u1eadu xe m\u00e1y, xe h\u01a1i an to\u00e0n mi\u1ec5n ph\u00ed.<\/p>\n<p>\u2013 Y\u00ean t\u0129nh, an ninh 24\/24, s\u1ea1ch s\u1ebd, tho\u00e1ng m\u00e1t, view thi\u00ean nhi\u00ean si\u00eau \u0111\u1eb9p.<\/p>\n<p>\u2013 B\u1ebfp t\u1ef1 do n\u1ea5u n\u01b0\u1edbng \u0111\u1ea7y \u0111\u1ee7 d\u1ee5ng c\u1ee5 v\u00e0 gia v\u1ecb.<\/p>\n<p>\u2013 Ch\u00eca kho\u00e1 trao tay tha h\u1ed3 ri\u00eang t\u01b0<\/p>\n<\/div>\n<p><img decoding=\"async\" class=\"alignnone wp-image-23442 size-full\" src=\"https:\/\/dalatreview.vn\/wp-content\/uploads\/2022\/11\/1-1.png\" alt=\"\" width=\"1500\" height=\"1000\"><\/p>\n<p>&nbsp;<\/p>\n<p><img decoding=\"async\" class=\"alignnone wp-image-23443 size-full\" src=\"https:\/\/dalatreview.vn\/wp-content\/uploads\/2022\/11\/2.png\" alt=\"\" width=\"1500\" height=\"1000\"><\/p>\n<p>&nbsp;<\/p>\n<p><img decoding=\"async\" class=\"alignnone wp-image-23444 size-full\" src=\"https:\/\/dalatreview.vn\/wp-content\/uploads\/2022\/11\/3.png\" alt=\"\" width=\"1500\" height=\"1000\"><\/p>\n<p>Villa An S\u01a1n xu\u1ed1ng d\u1ed1c tho\u1ea3i, \u0111\u1eadu oto tru\u1edbc nh\u00e0 (Kh\u00f4ng nh\u1eadn xe 29c)<\/p>\n<p><span data-sheets-value=\"{&quot;1&quot;:2,&quot;2&quot;:&quot;An S\u01a1n\\nC\u00e1ch ch\u1ee3 5km&quot;}\" data-sheets-userformat=\"{&quot;2&quot;:25597,&quot;3&quot;:{&quot;1&quot;:0},&quot;5&quot;:{&quot;1&quot;:[{&quot;1&quot;:2,&quot;2&quot;:0,&quot;5&quot;:{&quot;1&quot;:2,&quot;2&quot;:0}},{&quot;1&quot;:0,&quot;2&quot;:0,&quot;3&quot;:3},{&quot;1&quot;:1,&quot;2&quot;:0,&quot;4&quot;:1}]},&quot;6&quot;:{&quot;1&quot;:[{&quot;1&quot;:2,&quot;2&quot;:0,&quot;5&quot;:{&quot;1&quot;:2,&quot;2&quot;:0}},{&quot;1&quot;:0,&quot;2&quot;:0,&quot;3&quot;:3},{&quot;1&quot;:1,&quot;2&quot;:0,&quot;4&quot;:1}]},&quot;7&quot;:{&quot;1&quot;:[{&quot;1&quot;:2,&quot;2&quot;:0,&quot;5&quot;:{&quot;1&quot;:2,&quot;2&quot;:0}},{&quot;1&quot;:0,&quot;2&quot;:0,&quot;3&quot;:3},{&quot;1&quot;:1,&quot;2&quot;:0,&quot;4&quot;:1}]},&quot;8&quot;:{&quot;1&quot;:[{&quot;1&quot;:2,&quot;2&quot;:0,&quot;5&quot;:{&quot;1&quot;:2,&quot;2&quot;:0}},{&quot;1&quot;:0,&quot;2&quot;:0,&quot;3&quot;:3},{&quot;1&quot;:1,&quot;2&quot;:0,&quot;4&quot;:1}]},&quot;9&quot;:1,&quot;10&quot;:1,&quot;11&quot;:4,&quot;12&quot;:0,&quot;16&quot;:15,&quot;17&quot;:1}\">\u0110\u1ecba ch\u1ec9: khu An S\u01a1n &#8211; C\u00e1ch ch\u1ee3 5km<\/span><\/p>\n<h1 class=\"clear\" id=\"4-gia-phong\"><span style=\"font-size: 24px; color: #003300;\"><strong><span class=\"_4yxo\">4.<\/span>\u00a0Gi\u00e1 ph\u00f2ng<\/strong><\/span><\/h1>\n<div class=\"pt-2\">\n<article class=\"post-content\">\n<div class=\"anh_wtm_m\">\n<div class=\"mws_content\">\n<article class=\"post-content\">\n<div class=\"anh_wtm_m\">\n<div class=\"mws_content\">\n<article class=\"post-content\">\n<div class=\"anh_wtm_m\">\n<div class=\"mws_content\">\n<article class=\"post-content\">\n<div class=\"anh_wtm_m\">\n<div class=\"mws_content\">\n<article class=\"post-content\">\n<div class=\"anh_wtm_m\">\n<div class=\"mws_content\">\n<p>Li\u00ean h\u1ec7 \u0111\u1ec3 \u0111\u01b0\u1ee3c \u0110\u00e0 L\u1ea1t Review t\u01b0 v\u1ea5n.<\/p>\n<h1 id=\"5-lien-he\"><span style=\"font-size: 24px; color: #003300;\"><strong>5. Li\u00ean h\u1ec7<\/strong><\/span><\/h1>\n<p>Fanpage:\u00a0<a href=\"https:\/\/www.facebook.com\/booking.dalatreview.vn\/\">Booking \u0110\u00e0 L\u1ea1t \u2013 www.dalatreview.vn<\/a><\/p>\n<p>S\u0110T\/Zalo: 0968 249 297<\/p>\n<\/div>\n<\/div>\n<\/article>\n<\/div>\n<\/div>\n<\/article>\n<\/div>\n<\/div>\n<\/article>\n<\/div>\n<\/div>\n<\/article>\n<\/div>\n<\/div>\n<\/article>\n<\/div>","protected":false},"excerpt":{"rendered":"<p class=\"p1\">T\u1ecda l\u1ea1c ngay khu v\u1ef1c trung t\u00e2m, khu villa An S\u01a1n, ch\u1ec9 c\u00e1ch ch\u1ee3 7 ph\u00fat ch\u1ea1y xe, d\u1ec5 d\u00e0ng di chuy\u1ec3n t\u1edbi c\u00e1c \u0111\u1ecba \u0111i\u1ec3m tham quan, mua s\u1eafm v\u00e0 \u0103n u\u1ed1ng.<\/p>\n<p class=\"p1\">C\u00e1ch ch\u1ee3 \u0110\u00e0 L\u1ea1t 5km &#8211; n\u1eb1m trong khu bi\u1ec7t th\u1ef1 y\u00ean t\u0129nh, view \u0111\u1ed3i n\u00fai , khu\u00f4n vi\u00ean r\u1ed9ng r\u00e3i.<\/p>","protected":false},"featured_media":23427,"comment_status":"open","ping_status":"closed","template":"","meta":{"_acf_changed":false,"rank_math_lock_modified_date":false},"product_cat":[29,2263,45],"product_tag":[],"acf":[],"_links":{"self":[{"href":"https:\/\/dalatreview.vn\/en\/wp-json\/wp\/v2\/product\/23420"}],"collection":[{"href":"https:\/\/dalatreview.vn\/en\/wp-json\/wp\/v2\/product"}],"about":[{"href":"https:\/\/dalatreview.vn\/en\/wp-json\/wp\/v2\/types\/product"}],"replies":[{"embeddable":true,"href":"https:\/\/dalatreview.vn\/en\/wp-json\/wp\/v2\/comments?post=23420"}],"wp:featuredmedia":[{"embeddable":true,"href":"https:\/\/dalatreview.vn\/en\/wp-json\/wp\/v2\/media\/23427"}],"wp:attachment":[{"href":"https:\/\/dalatreview.vn\/en\/wp-json\/wp\/v2\/media?parent=23420"}],"wp:term":[{"taxonomy":"product_cat","embeddable":true,"href":"https:\/\/dalatreview.vn\/en\/wp-json\/wp\/v2\/product_cat?post=23420"},{"taxonomy":"product_tag","embeddable":true,"href":"https:\/\/dalatreview.vn\/en\/wp-json\/wp\/v2\/product_tag?post=23420"}],"curies":[{"name":"wp","href":"https:\/\/api.w.org\/{rel}","templated":true}]}}