
{"id":23120,"date":"2022-11-04T10:28:23","date_gmt":"2022-11-04T03:28:23","guid":{"rendered":"https:\/\/dalatreview.vn\/?p=23120"},"modified":"2024-07-11T08:44:21","modified_gmt":"2024-07-11T01:44:21","slug":"mits-house-da-lat-6-phong-ngu","status":"publish","type":"product","link":"https:\/\/dalatreview.vn\/en\/mits-house-da-lat-6-phong-ngu.html","title":{"rendered":"M\u00cdT\u2019S HOUSE \u0110\u00c0 L\u1ea0T 6 PH\u00d2NG NG\u1ee6"},"content":{"rendered":"<p style=\"text-align: center;\"><span style=\"color: #008000;\"><strong><span style=\"font-size: 24px;\">M\u00cdT\u2019S HOUSE \u0110\u00c0 L\u1ea0T 6 PH\u00d2NG NG\u1ee6<\/span><\/strong><\/span><\/p>\n<nav class=\"vietrick-auto-toc\">\n<div class=\"box-title\">\n<h3 class=\"toc-title\" id=\"select-menu\">Danh m\u1ee5c ch\u00ednh<\/h3>\n<div><ion-icon name=\"chevron-up-outline\"><\/ion-icon><\/div>\n<\/div>\n<ul class=\"toc-list\">\n<li><a href='https:\/\/dalatreview.vn\/en#1-vi-tri' class='heading-h2 toc-link smooth-scroll'>1. V\u1ecb tr\u00ed<\/a>\n<li><a href='https:\/\/dalatreview.vn\/en#2-decor' class='heading-h2 toc-link smooth-scroll'>2. Decor<\/a>\n<li><a href='https:\/\/dalatreview.vn\/en#3-dich-vu-tien-nghi' class='heading-h2 toc-link smooth-scroll'>3. D\u1ecbch v\u1ee5 &amp; Ti\u1ec7n nghi<\/a>\n<li><a href='https:\/\/dalatreview.vn\/en#4-gia-phong' class='heading-h2 toc-link smooth-scroll'>4.\u00a0Gi\u00e1 ph\u00f2ng<\/a>\n<li><a href='https:\/\/dalatreview.vn\/en#5-lien-he' class='heading-h2 toc-link smooth-scroll'>5. Li\u00ean h\u1ec7<\/a><\/ul>\n<\/ul>\n<\/li>\n<\/ul>\n<\/nav>\n<h2 id=\"1-vi-tri\"><span style=\"color: #008000;\"><strong>1. V\u1ecb tr\u00ed<\/strong><\/span><\/h2>\n<p>T\u1ecda l\u1ea1c ngay v\u1ecb tr\u00ed trung t\u00e2m, \u0111\u01b0\u1eddng Nguy\u1ec5n Trung Tr\u1ef1c \u2013 Ph\u01b0\u1eddng 3 \u2013 \u0110\u00e0 L\u1ea1t l\u00e0 n\u01a1i h\u1ed9i t\u1ee5 nhi\u1ec1u qu\u00e1n c\u00e0 ph\u00ea s\u1ed1ng \u1ea3o si\u00eau ch\u1ea5t, c\u00e1c \u0111i\u1ec3m \u0103n u\u1ed1ng si\u00eau h\u1ea5p d\u1eabn v\u00e0 nh\u1eefng homestay \u1ea5n t\u01b0\u1ee3ng.<\/p>\n<p>M\u00edt\u2019s house ch\u1ec9 c\u00e1ch ch\u1ee3 \u0111\u00eam v\u00e0 qu\u1ea3ng <strong>tr\u01b0\u1eddng<\/strong> t\u1ea7m 10p ch\u1ea1y xe, thu\u1eadn ti\u1ec7n cho vi\u1ec7c \u0111i l\u1ea1i, di chuy\u1ec3n t\u1edbi c\u00e1c \u0111i\u1ec3m tham quan du l\u1ecbch v\u00e0 checkin nh\u01b0: C\u1ed5ng tr\u1eddi Bali, Khu du l\u1ecbch c\u00e1p treo, Th\u00e1c Prenn, Th\u00e1c Datala,\u2026<\/p>\n<p><img decoding=\"async\" class=\"alignnone\" src=\"https:\/\/dalatreview.vn\/wp-content\/uploads\/2022\/11\/mits-house-22-scaled.jpg\" alt=\"m\u00edt's house\" width=\"2560\" height=\"1920\" \/><\/p>\n<h2 id=\"2-decor\"><span style=\"color: #008000;\"><strong><span class=\"_4yxo _4yxp\">2. Decor<\/span><\/strong><\/span><\/h2>\n<p>M\u00edt\u2019s House r\u1ea5t xinh x\u1eafn, thi\u1ebft k\u1ebf theo kh\u00f4ng gian m\u1edf &amp; \u0111\u01b0\u1ee3c decor \u0111\u01a1n gi\u1ea3n v\u1edbi tone m\u00e0u ch\u1ee7 \u0111\u1ea1o l\u00e0 tr\u1eafng v\u00e0ng t\u1ea1o n\u00ean s\u1ef1 sang tr\u1ecdng, g\u1ea7n g\u0169i v\u00e0 \u1ea5m \u00e1p nh\u1ea5t cho du kh\u00e1ch khi \u0111\u1ebfn \u1edf.<\/p>\n<p>Ngo\u00e0i ra c\u0103n nh\u00e0 c\u00f2n \u0111\u01b0\u01a1c trang tr\u00ed th\u00eam 1 s\u1ed1 tranh \u1ea3nh, c\u00e2y xanh v\u00e0 c\u00e1c m\u00f3n \u0111\u1ed3 nh\u1ecf nh\u1eafn, si\u00eau d\u1ec5 th\u01b0\u01a1ng lu\u00f4n \u0111\u1ea5y nh\u00e9.<\/p>\n<p><img decoding=\"async\" class=\"alignnone\" src=\"https:\/\/dalatreview.vn\/wp-content\/uploads\/2022\/11\/mits-house-21-scaled.jpg\" alt=\"m\u00edt's house\" width=\"2560\" height=\"1920\" \/><\/p>\n<h2 id=\"3-dich-vu-tien-nghi\"><span style=\"color: #008000;\"><strong>3. D\u1ecbch v\u1ee5 &amp; Ti\u1ec7n nghi<\/strong><\/span><\/h2>\n<p>G\u1ed3m 6 ph\u00f2ng ng\u1ee7 kh\u00e9p k\u00edn sang tr\u1ecdng: 5 \u0111\u01a1n + 1 \u0111\u00f4i.<\/p>\n<p>7 WC + 1 Ph\u00f2ng kh\u00e1ch + 2 B\u1ebfp<\/p>\n<p>S\u1ee9c ch\u1ee9a t\u1ed1i \u0111a 15 kh\u00e1ch<\/p>\n<p>\u0110\u1ed3 d\u00f9ng cao c\u1ea5p \u0111\u1ea7y \u0111\u1ee7 ti\u1ec7n nghi nh\u01b0 \u1edf nh\u00e0: b\u1ebfp t\u1eeb, \u0111\u1ed3 d\u00f9ng n\u1ea5u \u0103n, t\u1ee7 l\u1ea1nh, m\u00e1y gi\u1eb7t, wifi, internet tivi, smart tivi\u2026\u2026.<\/p>\n<p>\u2013 C\u00f3 di\u1ec7n t\u00edch \u0111\u1ec3 n\u01b0\u1edbng BBQ 15-20 kh\u00e1ch ( s\u00e2n th\u01b0\u1ee3ng )<\/p>\n<p>\u2013 C\u00f3 ch\u1ed7 \u0111\u1eadu xe m\u00e1y, xe h\u01a1i an to\u00e0n.<\/p>\n<p>\u2013 Y\u00ean t\u0129nh, an ninh 24\/24, s\u1ea1ch s\u1ebd, tho\u00e1ng m\u00e1t, view thi\u00ean nhi\u00ean si\u00eau \u0111\u1eb9p.<\/p>\n<p>\u2013 B\u1ebfp t\u1ef1 do n\u1ea5u n\u01b0\u1edbng<\/p>\n<p>\u2013 Ch\u00eca kho\u00e1 trao tay tha h\u1ed3 ri\u00eang t\u01b0, tha h\u1ed3 qu\u1ea9y\u2026<\/p>\n<p>&nbsp;<\/p>\n<p><img decoding=\"async\" class=\"alignnone\" src=\"https:\/\/dalatreview.vn\/wp-content\/uploads\/2022\/11\/mits-house-22-scaled.jpg\" alt=\"m\u00edt's house\" width=\"2560\" height=\"1920\" \/><\/p>\n<h2 id=\"4-gia-phong\"><span style=\"color: #008000;\"><strong><span class=\"_4yxo\">4.<\/span>\u00a0Gi\u00e1 ph\u00f2ng<\/strong><\/span><\/h2>\n<p>Giao \u0111\u1ed9ng t\u1eeb 1.500.000 VND &#8211; 2.500.000 VND<br \/>\nT\u00f9y thu\u1ed9c v\u00e0o t\u1eebng giai \u0111o\u1ea1n.<\/p>\n<p>Li\u00ean h\u1ec7 \u0110\u00e0 L\u1ea1t Review \u0111\u1ec3 \u0111\u01b0\u1ee3c t\u01b0 v\u1ea5n<\/p>\n<h2 id=\"5-lien-he\"><span style=\"color: #008000;\">5. Li\u00ean h\u1ec7<\/span><\/h2>\n<p>Fanpage:\u00a0<a href=\"https:\/\/www.facebook.com\/booking.dalatreview.vn\/\">Booking \u0110\u00e0 L\u1ea1t \u2013 www.dalatreview.vn<\/a><\/p>\n<p>S\u0110T\/Zalo: 0988 249 297<\/p>","protected":false},"excerpt":{"rendered":"<p class=\"p1\">T\u1ecda l\u1ea1c ngay v\u1ecb tr\u00ed trung t\u00e2m, \u0111\u01b0\u1eddng Nguy\u1ec5n Trung Tr\u1ef1c \u2013 Ph\u01b0\u1eddng 3 \u2013 \u0110\u00e0 L\u1ea1t l\u00e0 n\u01a1i h\u1ed9i t\u1ee5 nhi\u1ec1u qu\u00e1n c\u00e0 ph\u00ea s\u1ed1ng \u1ea3o si\u00eau ch\u1ea5t, c\u00e1c \u0111i\u1ec3m \u0103n u\u1ed1ng si\u00eau h\u1ea5p d\u1eabn v\u00e0 nh\u1eefng homestay \u1ea5n t\u01b0\u1ee3ng.<\/p>","protected":false},"featured_media":23131,"comment_status":"open","ping_status":"closed","template":"","meta":{"_acf_changed":false,"rank_math_lock_modified_date":false},"product_cat":[29,2262,45],"product_tag":[],"acf":[],"_links":{"self":[{"href":"https:\/\/dalatreview.vn\/en\/wp-json\/wp\/v2\/product\/23120"}],"collection":[{"href":"https:\/\/dalatreview.vn\/en\/wp-json\/wp\/v2\/product"}],"about":[{"href":"https:\/\/dalatreview.vn\/en\/wp-json\/wp\/v2\/types\/product"}],"replies":[{"embeddable":true,"href":"https:\/\/dalatreview.vn\/en\/wp-json\/wp\/v2\/comments?post=23120"}],"wp:featuredmedia":[{"embeddable":true,"href":"https:\/\/dalatreview.vn\/en\/wp-json\/wp\/v2\/media\/23131"}],"wp:attachment":[{"href":"https:\/\/dalatreview.vn\/en\/wp-json\/wp\/v2\/media?parent=23120"}],"wp:term":[{"taxonomy":"product_cat","embeddable":true,"href":"https:\/\/dalatreview.vn\/en\/wp-json\/wp\/v2\/product_cat?post=23120"},{"taxonomy":"product_tag","embeddable":true,"href":"https:\/\/dalatreview.vn\/en\/wp-json\/wp\/v2\/product_tag?post=23120"}],"curies":[{"name":"wp","href":"https:\/\/api.w.org\/{rel}","templated":true}]}}