
{"id":23091,"date":"2022-11-04T08:27:30","date_gmt":"2022-11-04T01:27:30","guid":{"rendered":"https:\/\/dalatreview.vn\/?p=23091"},"modified":"2024-05-30T03:41:22","modified_gmt":"2024-05-30T03:41:22","slug":"khach-san-phe-la-town-view-hoang-hon-ngay-trung-tam-da-lat","status":"publish","type":"product","link":"https:\/\/dalatreview.vn\/en\/khach-san-phe-la-town-view-hoang-hon-ngay-trung-tam-da-lat.html","title":{"rendered":"Kh\u00e1ch s\u1ea1n Ph\u00ea La Town view ho\u00e0ng h\u00f4n ngay trung t\u00e2m \u0110\u00e0 L\u1ea1t"},"content":{"rendered":"<nav class=\"vietrick-auto-toc\">\n<div class=\"box-title\">\n<h3 class=\"toc-title\" id=\"select-menu\">Danh m\u1ee5c ch\u00ednh<\/h3>\n<div><ion-icon name=\"chevron-up-outline\"><\/ion-icon><\/div>\n<\/div>\n<ul class=\"toc-list\"><\/ul>\n<li><a href='https:\/\/dalatreview.vn\/en#khach-san-phe-la-town-view-hoang-hon-ngay-trung-tam-da-lat' class='heading-h1 toc-link smooth-scroll'>Kh\u00e1ch s\u1ea1n Ph\u00ea La Town view ho\u00e0ng h\u00f4n ngay trung t\u00e2m \u0110\u00e0 L\u1ea1t<\/a>\n<li><a href='https:\/\/dalatreview.vn\/en#1-vi-tri' class='heading-h1 toc-link smooth-scroll'>1.V\u1ecb tr\u00ed<\/a>\n<li><a href='https:\/\/dalatreview.vn\/en#2-decor' class='heading-h1 toc-link smooth-scroll'>2. Decor<\/a>\n<li><a href='https:\/\/dalatreview.vn\/en#3-dich-vu-tien-nghi' class='heading-h1 toc-link smooth-scroll'>3. D\u1ecbch v\u1ee5 &amp; Ti\u1ec7n nghi<\/a>\n<li><a href='https:\/\/dalatreview.vn\/en#4-gia-phong' class='heading-h1 toc-link smooth-scroll'>4.\u00a0Gi\u00e1 ph\u00f2ng<\/a>\n<li><a href='https:\/\/dalatreview.vn\/en#5-lien-he' class='heading-h1 toc-link smooth-scroll'>5. Li\u00ean h\u1ec7<\/a><\/ul>\n<\/li>\n<\/ul>\n<\/nav>\n<h1 style=\"text-align: center;\" id=\"khach-san-phe-la-town-view-hoang-hon-ngay-trung-tam-da-lat\"><strong><span style=\"font-size: 28px; color: #003300;\">Kh\u00e1ch s\u1ea1n Ph\u00ea La Town view ho\u00e0ng h\u00f4n ngay trung t\u00e2m \u0110\u00e0 L\u1ea1t<\/span><\/strong><\/h1>\n<h1 id=\"1-vi-tri\"><strong><span style=\"font-size: 24px; color: #003300;\">1.V\u1ecb tr\u00ed<\/span><\/strong><\/h1>\n<p><strong>Kh\u00e1ch s\u1ea1n Ph\u00ea La \u0110\u00e0 L\u1ea1t<\/strong>\u00a0t\u1ecda l\u1ea1c t\u1ea1i \u0111\u01b0\u1eddng Ho\u00e0ng Hoa Th\u00e1m ngay trung t\u00e2m th\u00e0nh ph\u1ed1 \u0110\u00e0 L\u1ea1t, c\u00e1ch Qu\u1ea3ng tr\u01b0\u1eddng L\u00e2m Vi\u00ean 3 km.<\/p>\n<p>Kh\u00e1ch s\u1ea1n n\u1eb1m trong b\u00e1n k\u00ednh 2,3 km t\u1eeb H\u1ed3 Xu\u00e2n H\u01b0\u01a1ng v\u00e0 2,4 km t\u1eeb C\u00f4ng vi\u00ean Yersin. T\u1eeb \u0111\u00e2y c\u00f3 th\u1ec3 d\u1ec5 d\u00e0ng di chuy\u1ec3n t\u1edbi c\u00e1c \u0111\u1ecba \u0111i\u1ec3m mua s\u1eafm, \u0103n u\u1ed1ng v\u00e0 vui ch\u01a1i trong TP. N\u01a1i \u0111\u00e2y m\u00f4i tr\u01b0\u1eddng trong l\u00e0nh, con ng\u01b0\u1eddi th\u00e2n thi\u1ec7n,\u2026 r\u1ea5t th\u00edch h\u1ee3p \u0111\u1ec3 l\u1ef1a ch\u1ecdn l\u00e0m \u0111i\u1ec3m ngh\u1ec9 d\u01b0\u1ee1ng khi \u0111\u1eb7t ch\u00e2n \u0111\u1ebfn \u0110\u00e0 L\u1ea1t \u0111\u1ea5y nh\u00e9 !<\/p>\n<p>S\u00e2n bay g\u1ea7n nh\u1ea5t l\u00e0 s\u00e2n bay Li\u00ean Kh\u01b0\u01a1ng, c\u00e1ch <strong>Kh\u00e1ch s\u1ea1n Ph\u00ea La \u0110\u00e0 L\u1ea1t<\/strong> 30 km.<\/p>\n<p><img decoding=\"async\" class=\"alignnone wp-image-23112 size-full\" src=\"https:\/\/dalatreview.vn\/wp-content\/uploads\/2022\/11\/B6A6920.jpg\" alt=\"\" width=\"1334\" height=\"2048\"><\/p>\n<h1 id=\"2-decor\"><span style=\"font-size: 24px; color: #003300;\"><strong>2. Decor<\/strong><\/span><\/h1>\n<p><strong>Kh\u00e1ch s\u1ea1n Ph\u00ea La \u0110\u00e0 L\u1ea1t<\/strong> \u0111\u01b0\u1ee3c x\u00e2y d\u1ef1ng theo phong c\u00e1ch hi\u1ec7n \u0111\u1ea1i v\u1edbi kh\u00f4ng gian m\u1edf nh\u1edd c\u00e1c \u00f4 c\u1eeda k\u00ednh \u0111\u00f3n \u00e1nh s\u00e1ng t\u1ef1 nhi\u00ean, mang l\u1ea1i c\u1ea3m gi\u00e1c trong l\u00e0nh v\u00e0 \u1ea5m \u00e1p cho c\u0103n ph\u00f2ng.<\/p>\n<p>Ngay khi b\u01b0\u1edbc ch\u00e2n v\u00e0o s\u1ea3nh l\u1ec5 t\u00e2n, b\u1ea1n \u0111\u00e3 c\u1ea3m nh\u1eadn ngay \u0111\u01b0\u1ee3c s\u1ef1 sang tr\u1ecdng v\u00e0 l\u1ecbch s\u1ef1 c\u1ee7a <strong>Kh\u00e1ch s\u1ea1n Ph\u00ea La \u0110\u00e0 L\u1ea1t<\/strong> b\u1edfi c\u00e1ch trang tr\u00ed c\u1ef1c k\u00ec b\u1eaft m\u1eaft v\u00e0 view \u0111\u1ed3i th\u00f4ng c\u1ef1c k\u1ef3 \u0111\u1eb9p \u2013 Ngay \u1edf \u0111\u00e2y b\u1ea1n c\u0169ng \u0111\u00e3 c\u00f3 th\u1ec3 tha h\u1ed3 s\u1ed1ng \u1ea3o v\u00e0 checkin m\u00e0 kh\u00f4ng c\u1ea7n \u0111i \u0111\u00e2u xa nh\u00e9!<\/p>\n<p><img decoding=\"async\" class=\"alignnone wp-image-23111 size-full\" src=\"https:\/\/dalatreview.vn\/wp-content\/uploads\/2022\/11\/B6A6907.jpg\" alt=\"\" width=\"2048\" height=\"1365\"><\/p>\n<p>Ngo\u00e0i ra, t\u1ea5t c\u1ea3 c\u00e1c ph\u00f2ng c\u1ee7a kh\u00e1ch s\u1ea1n \u0111\u1ec1u \u0111\u01b0\u1ee3c trang b\u1ecb n\u1ed9i th\u1ea5t cao c\u1ea5p, \u0111\u1ea7y \u0111\u1ee7 v\u00e0 ti\u1ec7n nghi. Decor \u0111\u01a1n gi\u1ea3n, t\u1ea1o kh\u00f4ng gian r\u1ed9ng r\u00e3i, tho\u00e1ng m\u00e1t v\u00e0 s\u1ea1ch s\u1ebd cho b\u1ea1n khi l\u01b0u tr\u00fa t\u1ea1i \u0111\u00e2y.<\/p>\n<p>H\u1ee9a h\u1eb9n <strong>Kh\u00e1ch s\u1ea1n Ph\u00ea La \u0110\u00e0 L\u1ea1t<\/strong> s\u1ebd l\u00e0m h\u00e0i l\u00f2ng v\u00e0 \u0111\u00e1p \u1ee9ng \u0111\u01b0\u1ee3c t\u1ea5t c\u1ea3 c\u00e1c y\u00eau c\u1ea7u c\u1ee7a b\u1ea1n c\u0169ng nh\u01b0 gia \u0111\u00ecnh ng\u01b0\u1eddi th\u00e2n khi \u0111\u1ebfn \u0111\u00e2y ngh\u1ec9 d\u01b0\u1ee1ng.<\/p>\n<p><img decoding=\"async\" class=\"alignnone wp-image-23113 size-full\" src=\"https:\/\/dalatreview.vn\/wp-content\/uploads\/2022\/11\/B6A6932.jpg\" alt=\"\" width=\"2048\" height=\"1310\"><\/p>\n<h1 id=\"3-dich-vu-tien-nghi\"><span style=\"font-size: 24px; color: #003300;\"><strong>3. D\u1ecbch v\u1ee5 &amp; Ti\u1ec7n nghi<\/strong><\/span><\/h1>\n<p>&nbsp;<\/p>\n<p><img decoding=\"async\" class=\"alignnone wp-image-23105 size-full\" src=\"https:\/\/dalatreview.vn\/wp-content\/uploads\/2022\/11\/B6A6668.jpg\" alt=\"\" width=\"2048\" height=\"1252\"><\/p>\n<p>\u2013 Bao g\u1ed3m c\u00e1c ph\u00f2ng d\u00e0nh cho: 2 kh\u00e1ch, 3 kh\u00e1ch v\u00e0 4 kh\u00e1ch \u0111\u1ea1t ti\u00eau chu\u1ea9n 3 sao.<\/p>\n<p>\u2013 C\u00e1c ph\u00f2ng \u0111\u1ec1u kh\u00e9p k\u00edn. C\u00f3 tivi,\u00a0internet, t\u1ee7 l\u1ea1nh mini v\u00e0 c\u00e1c d\u1ecbch v\u1ee5 kh\u00e1c.<\/p>\n<p>\u2013 \u0110\u1ea7y \u0111\u1ee7 ti\u1ec7n nghi: c\u00f3 n\u00f3ng l\u1ea1nh, wc, b\u1ed3n t\u1eafm v\u00e0 c\u00e1c \u0111\u1ed3 d\u00f9ng c\u00e1 nh\u00e2n c\u1ea7n thi\u1ebft.<\/p>\n<p>\u2013 Nh\u00e0 h\u00e0ng \u0103n u\u1ed1ng \u0111\u1ea1t ti\u00eau chu\u1ea9n an to\u00e0n, v\u1ec7 sinh s\u1ea1ch s\u1ebd.<\/p>\n<p>\u2013 Mi\u1ec5n ph\u00ed b\u1eefa \u0103n s\u00e1ng: \u0103n buffet ( v\u00e0o cu\u1ed1i tu\u1ea7n ) ho\u1eb7c \u0103n ph\u1ea7n ( v\u00e0o c\u00e1c ng\u00e0y \u0111\u1ea7u tu\u1ea7n ).<\/p>\n<p>\u2013 C\u00f3 d\u1ecbch v\u1ee5 d\u1ecdn ph\u00f2ng, gi\u1eb7t \u1ee7i, thu\u00ea xe m\u00e1y-oto, thu\u00ea m\u00e1y t\u00ednh l\u00e0m vi\u1ec7c ngay t\u1ea1i kh\u00e1ch s\u1ea1n.<\/p>\n<p>\u2013 D\u1ecbch v\u1ee5 \u0111\u01b0a \u0111\u00f3n s\u00e2n bay.<\/p>\n<p>\u2013 C\u00f3 s\u1ea3nh gala t\u1ed5 ch\u1ee9c s\u1ef1 ki\u1ec7n, ti\u1ec7c sinh nh\u1eadt v\u00e0 c\u00e1c b\u1eefa ti\u1ec7c kh\u00e1c theo y\u00eau c\u1ea7u c\u1ee7a kh\u00e1ch h\u00e0ng.<\/p>\n<p>\u2013 Nh\u00e2n vi\u00ean c\u1ef1c k\u1ef3 nhi\u1ec7t t\u00ecnh v\u00e0 th\u00e2n thi\u1ec7n.<\/p>\n<p>\u2013 G\u1ea7n c\u00e1c \u0111i\u1ec3m vui ch\u01a1i v\u00e0 du l\u1ecbch trong th\u00e0nh ph\u1ed1.<\/p>\n<h1 id=\"4-gia-phong\"><span style=\"font-size: 24px; color: #003300;\"><strong>4.\u00a0Gi\u00e1 ph\u00f2ng<\/strong><\/span><\/h1>\n<p>&nbsp;<\/p>\n<p><img decoding=\"async\" class=\"alignnone wp-image-23102 size-full\" src=\"https:\/\/dalatreview.vn\/wp-content\/uploads\/2022\/11\/B6A6561-Pano-scaled.jpg\" alt=\"\" width=\"2560\" height=\"1309\"><\/p>\n<table style=\"width: 64.6387%; height: 377px;\" width=\"740\">\n<tbody>\n<tr style=\"height: 24px;\">\n<td style=\"width: 29.6385%; text-align: center; height: 72px;\" rowspan=\"3\" width=\"184\"><strong>Lo<\/strong><strong>\u1ea1<\/strong><strong>i ph\u00f2ng<\/strong><\/td>\n<td style=\"width: 56.4468%; text-align: center; height: 24px;\" colspan=\"4\" width=\"442\"><strong>Gi\u00e1 b\u00e1n l\u1ebb<\/strong><\/td>\n<\/tr>\n<tr style=\"height: 24px;\">\n<td style=\"width: 28.3796%; text-align: center; height: 24px;\" colspan=\"2\" width=\"178\"><strong>M\u00f9a th\u1ea5p \u0111i\u1ec3m<\/strong><\/td>\n<td style=\"width: 28.0672%; text-align: center; height: 24px;\" colspan=\"2\" width=\"174\"><strong>M\u00f9a cao \u0111i\u1ec3m<\/strong><\/td>\n<\/tr>\n<tr style=\"height: 24px;\">\n<td style=\"width: 13.9665%; text-align: center; height: 24px;\" width=\"86\"><strong>\u0110\u1ea7u tu\u1ea7n<\/strong><\/td>\n<td style=\"width: 14.4131%; text-align: center; height: 24px;\" width=\"92\"><strong>Cu\u1ed1i tu\u1ea7n<\/strong><\/td>\n<td style=\"width: 14.191%; text-align: center; height: 24px;\" width=\"86\"><strong>\u0110\u1ea7u tu\u1ea7n<\/strong><\/td>\n<td style=\"width: 13.8762%; text-align: center; height: 24px;\" width=\"88\"><strong>Cu\u1ed1i tu\u1ea7n<\/strong><\/td>\n<\/tr>\n<tr style=\"height: 48px;\">\n<td style=\"width: 29.6385%; height: 48px;\" width=\"184\"><strong>Bungalow <\/strong><strong>Persimmon Garden<\/strong><br \/>\n15 Double &#8211; 1 Queen bed<\/td>\n<td style=\"width: 13.9665%; height: 48px;\" width=\"86\">750,000<\/td>\n<td style=\"width: 14.4131%; height: 48px;\" width=\"92\">950,000<\/td>\n<td style=\"width: 14.191%; height: 48px;\" width=\"86\">850,000<\/td>\n<td style=\"width: 13.8762%; height: 48px;\" width=\"88\">1,000,000<\/td>\n<\/tr>\n<tr style=\"height: 10px;\">\n<td style=\"width: 29.6385%; height: 10px;\" width=\"184\"><strong>Superior \u2013 No window\u00a0 \u00a0 \u00a0 \u00a0 \u00a0 \u00a0 \u00a0 \u00a0 \u00a0 \u00a0 \u00a0 \u00a0 \u00a0 <\/strong><\/p>\n<p>03 Double &#8211; 1 Queen bed<\/td>\n<td style=\"width: 13.9665%; height: 10px;\" width=\"86\">750,000<\/td>\n<td style=\"width: 14.4131%; height: 10px;\" width=\"92\">950,000<\/td>\n<td style=\"width: 14.191%; height: 10px;\" width=\"86\">850,000<\/td>\n<td style=\"width: 13.8762%; height: 10px;\" width=\"88\">1,000,000<\/td>\n<\/tr>\n<tr style=\"height: 72px;\">\n<td style=\"width: 29.6385%; height: 72px;\" width=\"184\"><strong>Ph\u00ea La Town Deluxe<br \/>\n<\/strong>07 Double &#8211; 1 Queen bed<br \/>\n02 Twin &#8211; 2 Single bed<\/td>\n<td style=\"width: 13.9665%; height: 72px;\" width=\"86\">950,000<\/td>\n<td style=\"width: 14.4131%; height: 72px;\" width=\"92\">1,150,000<\/td>\n<td style=\"width: 14.191%; height: 72px;\" width=\"86\">1,150,000<\/td>\n<td style=\"width: 13.8762%; height: 72px;\" width=\"88\">1,350,000<\/td>\n<\/tr>\n<tr style=\"height: 48px;\">\n<td style=\"width: 29.6385%; height: 48px;\" width=\"184\"><strong>Premium Deluxe<br \/>\n<\/strong>06 double \u2013 1 Queen bed<\/td>\n<td style=\"width: 13.9665%; height: 48px;\" width=\"86\">1,050,000<\/td>\n<td style=\"width: 14.4131%; height: 48px;\" width=\"92\">1,250,000<\/td>\n<td style=\"width: 14.191%; height: 48px;\" width=\"86\">1,350,000<\/td>\n<td style=\"width: 13.8762%; height: 48px;\" width=\"88\">1,550,000<\/td>\n<\/tr>\n<tr style=\"height: 48px;\">\n<td style=\"width: 29.6385%; height: 48px;\" width=\"184\"><strong>FAMILY<br \/>\n<\/strong>08 Family &#8211; 2 Queen bed<\/td>\n<td style=\"width: 13.9665%; height: 48px;\" width=\"86\">1,550,000<\/td>\n<td style=\"width: 14.4131%; height: 48px;\" width=\"92\">1,750,000<\/td>\n<td style=\"width: 14.191%; height: 48px;\" width=\"86\">1,750,000<\/td>\n<td style=\"width: 13.8762%; height: 48px;\" width=\"88\">1,950,000<\/td>\n<\/tr>\n<tr style=\"height: 10px;\">\n<td style=\"width: 29.6385%; height: 10px;\" width=\"184\"><strong>Ph\u00ea La Town Executive\u00a0 \u00a0 \u00a0 \u00a0 \u00a0 \u00a0 \u00a0 \u00a0 \u00a0 \u00a0 \u00a0 \u00a0 <\/strong><\/p>\n<p>05 double \u2013 queen bed<\/td>\n<td style=\"width: 13.9665%; height: 10px;\" width=\"86\">1,550,000<\/td>\n<td style=\"width: 14.4131%; height: 10px;\" width=\"92\">1,750,000<\/td>\n<td style=\"width: 14.191%; height: 10px;\" width=\"86\">1,750,000<\/td>\n<td style=\"width: 13.8762%; height: 10px;\" width=\"88\">1,950,000<\/td>\n<\/tr>\n<tr style=\"height: 21px;\">\n<td style=\"width: 29.6385%; height: 21px;\" width=\"184\"><strong>Ph\u00ea La Town Luxury\u00a0 \u00a0 \u00a0 \u00a0 \u00a0 \u00a0 \u00a0 \u00a0 \u00a0 \u00a0 \u00a0 \u00a0 \u00a0 \u00a0 \u00a0 \u00a0 <\/strong><\/p>\n<p>02 Double &#8211; 1 Queen bed<\/td>\n<td style=\"width: 13.9665%; height: 21px;\" width=\"86\">1,650,000<\/td>\n<td style=\"width: 14.4131%; height: 21px;\" width=\"92\">1,850,000<\/td>\n<td style=\"width: 14.191%; height: 21px;\" width=\"86\">1,950,000<\/td>\n<td style=\"width: 13.8762%; height: 21px;\" width=\"88\">2,150,000<\/td>\n<\/tr>\n<tr style=\"height: 48px;\">\n<td style=\"width: 29.6385%; height: 48px;\" width=\"184\"><strong>Ph\u00ea La Town Suite<br \/>\n<\/strong>Flowers garden View<\/td>\n<td style=\"width: 13.9665%; height: 48px;\" width=\"86\">1,950,000<\/td>\n<td style=\"width: 14.4131%; height: 48px;\" width=\"92\">2,150,000<\/td>\n<td style=\"width: 14.191%; height: 48px;\" width=\"86\">2,150,000<\/td>\n<td style=\"width: 13.8762%; height: 48px;\" width=\"88\">2,350,000<\/td>\n<\/tr>\n<\/tbody>\n<\/table>\n<p><strong>NOTE:\u00a0<\/strong><\/p>\n<p>\u2013 Gi\u00e1 ph\u00f2ng \u0111\u00e3 bao g\u1ed3m b\u1eefa s\u00e1ng t\u1ea1i nh\u00e0 h\u00e0ng c\u1ee7a KS.<\/p>\n<p>\u0110\u1ea7u tu\u1ea7n \u0103n ph\u1ea7n ho\u1eb7c buffet (t\u00f9y ch\u1ec9nh v\u00e0o l\u01b0\u1ee3ng kh\u00e1ch). Cu\u1ed1i tu\u1ea7n s\u1ebd \u0103n buffet.<\/p>\n<p>\u2013 Extra bed: 400,000\/ \u0111\u00eam<\/p>\n<p>\u2013 Gi\u00e1 ph\u00f2ng s\u1ebd c\u00f3 bi\u1ebfn \u0111\u1ed9ng v\u00e0o c\u00e1c d\u1ecbp L\u1ec5 T\u1ebft v\u00e0 1 s\u1ed1 giai \u0111o\u1ea1n kh\u00e1c.<\/p>\n<p><img decoding=\"async\" class=\"alignnone wp-image-23104 size-full\" src=\"https:\/\/dalatreview.vn\/wp-content\/uploads\/2022\/11\/B6A6586.jpg\" alt=\"\" width=\"2048\" height=\"1310\"><\/p>\n<h1 id=\"5-lien-he\"><span style=\"font-size: 24px; color: #003300;\"><strong>5. Li\u00ean h\u1ec7<\/strong><\/span><\/h1>\n<p>Fanpage:\u00a0<a href=\"https:\/\/www.facebook.com\/booking.dalatreview.vn\/\">Booking \u0110\u00e0 L\u1ea1t \u2013 www.dalatreview.vn<\/a><\/p>\n<p>S\u0110T\/Zalo: 0968 249 297<\/p>\n<p><img decoding=\"async\" class=\"alignnone wp-image-23111 size-full\" src=\"https:\/\/dalatreview.vn\/wp-content\/uploads\/2022\/11\/B6A6907.jpg\" alt=\"\" width=\"2048\" height=\"1365\"><\/p>","protected":false},"excerpt":{"rendered":"<p><strong>Kh\u00e1ch s\u1ea1n Ph\u00ea La \u0110\u00e0 L\u1ea1t<\/strong>\u00a0t\u1ecda l\u1ea1c t\u1ea1i \u0111\u01b0\u1eddng Ho\u00e0ng Hoa Th\u00e1m ngay trung t\u00e2m th\u00e0nh ph\u1ed1 \u0110\u00e0 L\u1ea1t, c\u00e1ch Qu\u1ea3ng tr\u01b0\u1eddng L\u00e2m Vi\u00ean 3 km.<\/p>\n<p>Kh\u00e1ch s\u1ea1n n\u1eb1m trong b\u00e1n k\u00ednh 2,3 km t\u1eeb H\u1ed3 Xu\u00e2n H\u01b0\u01a1ng v\u00e0 2,4 km t\u1eeb C\u00f4ng vi\u00ean Yersin. T\u1eeb \u0111\u00e2y c\u00f3 th\u1ec3 d\u1ec5 d\u00e0ng di chuy\u1ec3n t\u1edbi c\u00e1c \u0111\u1ecba \u0111i\u1ec3m mua s\u1eafm, \u0103n u\u1ed1ng v\u00e0 vui ch\u01a1i trong TP. N\u01a1i \u0111\u00e2y m\u00f4i tr\u01b0\u1eddng trong l\u00e0nh, con ng\u01b0\u1eddi th\u00e2n thi\u1ec7n,\u2026 r\u1ea5t th\u00edch h\u1ee3p \u0111\u1ec3 l\u1ef1a ch\u1ecdn l\u00e0m \u0111i\u1ec3m ngh\u1ec9 d\u01b0\u1ee1ng khi \u0111\u1eb7t ch\u00e2n \u0111\u1ebfn \u0110\u00e0 L\u1ea1t \u0111\u1ea5y nh\u00e9 !<\/p>\n<p>&nbsp;<\/p>","protected":false},"featured_media":23112,"comment_status":"open","ping_status":"closed","template":"","meta":{"_acf_changed":false,"rank_math_lock_modified_date":false},"product_cat":[29,46],"product_tag":[],"acf":[],"_links":{"self":[{"href":"https:\/\/dalatreview.vn\/en\/wp-json\/wp\/v2\/product\/23091"}],"collection":[{"href":"https:\/\/dalatreview.vn\/en\/wp-json\/wp\/v2\/product"}],"about":[{"href":"https:\/\/dalatreview.vn\/en\/wp-json\/wp\/v2\/types\/product"}],"replies":[{"embeddable":true,"href":"https:\/\/dalatreview.vn\/en\/wp-json\/wp\/v2\/comments?post=23091"}],"wp:featuredmedia":[{"embeddable":true,"href":"https:\/\/dalatreview.vn\/en\/wp-json\/wp\/v2\/media\/23112"}],"wp:attachment":[{"href":"https:\/\/dalatreview.vn\/en\/wp-json\/wp\/v2\/media?parent=23091"}],"wp:term":[{"taxonomy":"product_cat","embeddable":true,"href":"https:\/\/dalatreview.vn\/en\/wp-json\/wp\/v2\/product_cat?post=23091"},{"taxonomy":"product_tag","embeddable":true,"href":"https:\/\/dalatreview.vn\/en\/wp-json\/wp\/v2\/product_tag?post=23091"}],"curies":[{"name":"wp","href":"https:\/\/api.w.org\/{rel}","templated":true}]}}