
{"id":23066,"date":"2022-11-03T09:56:57","date_gmt":"2022-11-03T02:56:57","guid":{"rendered":"https:\/\/dalatreview.vn\/?p=23066"},"modified":"2025-11-16T15:53:24","modified_gmt":"2025-11-16T08:53:24","slug":"xe-giuong-doi-nguyen-kim-tuyen-sai-gon-da-lat","status":"publish","type":"product","link":"https:\/\/dalatreview.vn\/en\/xe-giuong-doi-nguyen-kim-tuyen-sai-gon-da-lat.html","title":{"rendered":"Xe gi\u01b0\u1eddng \u0111\u00f4i Nguy\u1ec5n Kim tuy\u1ebfn S\u00e0i G\u00f2n &#8211; \u0110\u00e0 L\u1ea1t"},"content":{"rendered":"<nav class=\"vietrick-auto-toc\">\n<div class=\"box-title\">\n<h3 class=\"toc-title\" id=\"select-menu\">Danh m\u1ee5c ch\u00ednh<\/h3>\n<div><ion-icon name=\"chevron-up-outline\"><\/ion-icon><\/div>\n<\/div>\n<ul class=\"toc-list\">\n<li><a href='https:\/\/dalatreview.vn\/en#xe-giuong-doi-nguyen-kim-tuyen-sai-gon-da-lat' class='heading-h2 toc-link smooth-scroll'>Xe gi\u01b0\u1eddng \u0111\u00f4i Nguy\u1ec5n Kim tuy\u1ebfn S\u00e0i G\u00f2n &#8211; \u0110\u00e0 L\u1ea1t<\/a>\n<li><a href='https:\/\/dalatreview.vn\/en#1-tai-sao-nen-chon-lua-xe-giuong-doi-nguyen-kim-limousine' class='heading-h2 toc-link smooth-scroll'>1. T\u1ea1i sao n\u00ean ch\u1ecdn l\u1ef1a xe gi\u01b0\u1eddng \u0111\u00f4i Nguy\u1ec5n Kim Limousine?<\/a>\n<li><a href='https:\/\/dalatreview.vn\/en#2-lich-trinh-thoi-gian-khoi-hanh-xe-giuong-doi-nguyen-kim-limousine' class='heading-h2 toc-link smooth-scroll'>2. L\u1ecbch tr\u00ecnh th\u1eddi gian kh\u1edfi h\u00e0nh xe gi\u01b0\u1eddng \u0111\u00f4i Nguy\u1ec5n Kim Limousine<\/a>\n<li><a href='https:\/\/dalatreview.vn\/en#3-cap-nhat-gia-ve-xe-giuong-doi-nguyen-kim-limousine' class='heading-h2 toc-link smooth-scroll'>3. C\u1eadp nh\u1eadt gi\u00e1 v\u00e9 xe gi\u01b0\u1eddng \u0111\u00f4i Nguy\u1ec5n Kim Limousine<\/a>\n<li><a href='https:\/\/dalatreview.vn\/en#4-thong-tin-lien-he' class='heading-h2 toc-link smooth-scroll'>4. Th\u00f4ng tin li\u00ean h\u1ec7<\/a><\/ul>\n<\/ul>\n<\/li>\n<\/ul>\n<\/nav>\n<h2 style=\"text-align: center;\" id=\"xe-giuong-doi-nguyen-kim-tuyen-sai-gon-da-lat\"><span style=\"color: #003300;\"><strong>Xe gi\u01b0\u1eddng \u0111\u00f4i Nguy\u1ec5n Kim tuy\u1ebfn S\u00e0i G\u00f2n &#8211; \u0110\u00e0 L\u1ea1t<\/strong><\/span><\/h2>\n<p><span style=\"font-size: 16px;\">Bao nhie\u0302u chuye\u0302\u0301n xe cu\u0303ng ho\u0302ng \u0111u\u0309 \u0111e\u0302\u0309 cho\u031b\u0309 he\u0302\u0301t ca\u0301c t\u00edn \u0111\u1ed3 &#8220;nghi\u1ec7n \u0110a\u0300 La\u0323t&#8221;, ba\u0323n na\u0300o \u0111ang ca\u0302\u0300n mo\u0323\u0302t chuye\u0302\u0301n xe xi\u0323n xo\u0300, tho\u1ea3i ma\u0301i thi\u0300 ph\u1ea3i note la\u0323i ngay nha\u0300 xe na\u0300y v\u00e0 book v\u00e9 \u0111i \u0110\u00e0 L\u1ea1t ch\u01a1i Festival hoa l\u1eb9 lu\u00f4n nhaaa<\/span><\/p>\n<p><img decoding=\"async\" class=\"aligncenter wp-image-23067 size-full\" src=\"https:\/\/dalatreview.vn\/wp-content\/uploads\/2022\/11\/hinh-1-4.jpg\" alt=\"Xe gi\u01b0\u1eddng \u0111\u00f4i Nguy\u1ec5n Kim tuy\u1ebfn S\u00e0i G\u00f2n - \u0110\u00e0 L\u1ea1t\" width=\"1365\" height=\"1365\" \/><\/p>\n<h2 id=\"1-tai-sao-nen-chon-lua-xe-giuong-doi-nguyen-kim-limousine\"><span style=\"color: #003300;\"><strong>1. T\u1ea1i sao n\u00ean ch\u1ecdn l\u1ef1a xe gi\u01b0\u1eddng \u0111\u00f4i Nguy\u1ec5n Kim Limousine?<\/strong><\/span><\/h2>\n<p><span style=\"font-size: 16px;\">Nguy\u1ec5n Kim Limousine hi\u1ec7n \u0111ang khai th\u00e1c h\u1ec7 th\u1ed1ng xe gi\u01b0\u1eddng n\u1eb1m cao c\u1ea5p v\u1edbi c\u00e1c d\u00f2ng xe t\u1eeb 20 cho \u0111\u1ebfn 22 ph\u00f2ng, trong \u0111\u00f3 bao g\u1ed3m c\u00e1c lo\u1ea1i ph\u00f2ng \u0111\u01a1n v\u00e0 c\u1ea3 ph\u00f2ng \u0111\u00f4i cho tuy\u1ebfn S\u00e0i G\u00f2n &#8211; \u0110\u00e0 L\u1ea1t<\/span><\/p>\n<p><img decoding=\"async\" class=\"aligncenter wp-image-23071 size-full\" src=\"https:\/\/dalatreview.vn\/wp-content\/uploads\/2022\/11\/hinh-2-3.jpg\" alt=\"Xe gi\u01b0\u1eddng \u0111\u00f4i Nguy\u1ec5n Kim tuy\u1ebfn S\u00e0i G\u00f2n - \u0110\u00e0 L\u1ea1t\" width=\"1280\" height=\"853\" \/><\/p>\n<p><span style=\"font-size: 16px;\">V\u1edbi h\u1ec7 th\u1ed1ng xe ph\u00f2ng n\u1eb1m cao c\u1ea5p, m\u1ed7i chi\u1ebfc xe c\u1ee7a Nguy\u1ec5n Kim Limousine \u0111\u01b0\u1ee3c v\u00ed nh\u01b0 &#8220;Cung \u0111i\u1ec7n ho\u00e0ng gia&#8221; bao g\u1ed3m 2 d\u00e3y ph\u00f2ng \u1edf hai b\u00ean h\u00f4ng v\u00e0 l\u1ed1i \u0111i chung \u1edf ch\u00ednh gi\u1eefa<\/span><\/p>\n<p><img decoding=\"async\" class=\"size-full wp-image-23072 aligncenter\" src=\"https:\/\/dalatreview.vn\/wp-content\/uploads\/2022\/11\/hinh-3-4.jpg\" alt=\"Xe gi\u01b0\u1eddng \u0111\u00f4i Nguy\u1ec5n Kim tuy\u1ebfn S\u00e0i G\u00f2n - \u0110\u00e0 L\u1ea1t\" width=\"1200\" height=\"900\" \/><\/p>\n<p><span style=\"font-size: 16px;\">T\u1ea5t c\u00e1c m\u1ed7i ph\u00f2ng s\u1ebd \u0111\u1ec1u \u0111\u01b0\u1ee3c trang b\u1ecb \u0111\u1ea7y \u0111\u1ee7 \u0111\u1ea7y \u0111\u1ee7 ti\u1ec7n nghi t\u1eeb: tivi m\u00e0n h\u00ecnh ph\u1eb3ng, tai nghe ch\u1ea5t l\u01b0\u1ee3ng cao, gi\u01b0\u1eddng n\u1ec7m c\u00f3 t\u00edch h\u1ee3p massage. c\u1ed1ng s\u1ea1c, wifi t\u1ed1c \u0111\u1ed9 cao,.. \u0111\u1eb7c bi\u1ec7t, c\u00f3 c\u1ea3 t\u1ee7 thu\u1ed1c y t\u1ebf cho h\u00e0nh kh\u00e1ch s\u1eed d\u1ee5ng.<\/span><\/p>\n<p><img decoding=\"async\" class=\"aligncenter wp-image-23073 size-full\" src=\"https:\/\/dalatreview.vn\/wp-content\/uploads\/2022\/11\/hinh-4-3.jpg\" alt=\"Xe gi\u01b0\u1eddng \u0111\u00f4i Nguy\u1ec5n Kim tuy\u1ebfn S\u00e0i G\u00f2n - \u0110\u00e0 L\u1ea1t\" width=\"1280\" height=\"852\" \/><\/p>\n<p><span style=\"font-size: 16px;\">Nguy\u1ec5n Kim Limousine c\u00f2n \u0111\u1ea7u t\u01b0 h\u00e0ng lo\u1ea1t c\u00e1c xe cabin ph\u00f2ng \u0111\u00f4i \u0111i \u0110\u00e0 l\u1ea1t &#8211; S\u00e0i G\u00f2n \u0111\u1ea7y \u0111\u1ee7 ti\u1ec7n nghi, m\u1ed7i ph\u00f2ng s\u1ebd \u0111\u1ec1u trang b\u1ecb c\u00e1c ch\u1ee9c n\u0103ng hi\u1ec7n \u0111\u1ea1i, k\u00edch th\u01b0\u1edbc gi\u01b0\u1eddng r\u1ed9ng tr\u00ean 1m2 d\u00e0nh cho 2 ng\u01b0\u1eddi l\u1edbn n\u1eb1m.<\/span><\/p>\n<p><img decoding=\"async\" class=\"aligncenter wp-image-23074 size-full\" src=\"https:\/\/dalatreview.vn\/wp-content\/uploads\/2022\/11\/hinh-5-4.jpg\" alt=\"Xe gi\u01b0\u1eddng \u0111\u00f4i Nguy\u1ec5n Kim tuy\u1ebfn S\u00e0i G\u00f2n - \u0110\u00e0 L\u1ea1t\" width=\"1200\" height=\"900\" \/><\/p>\n<p><span style=\"font-size: 16px;\">Xe c\u1ee7a Nguy\u1ec5n Kim Limousine \u0111\u1ec1u l\u00e0 d\u00f2ng xe nh\u1eadp kh\u1ea9u nguy\u00ean chi\u1ebfc t\u1eeb H\u00e0n Qu\u1ed1c n\u00ean mang m\u1ed9t ngo\u1ea1i h\u00ecnh \u1ea5n t\u01b0\u1ee3ng. N\u1ed9i th\u1ea5t b\u00ean trong \u0111\u01b0\u1ee3c trang b\u1ecb v\u00f4 c\u00f9ng hi\u1ec7n \u0111\u1ea1i, sang tr\u1ecdng \u0111\u00e1p \u1ee9ng cho nhu c\u1ea7u di chuy\u1ec3n c\u1ee7a h\u00e0nh kh\u00e1ch trong su\u1ed1t h\u00e0nh tr\u00ecnh c\u1ee7a m\u00ecnh.<\/span><\/p>\n<p><span style=\"font-size: 16px;\">\u0110\u1ed1i v\u1edbi nh\u1eefng gia \u0111\u00ecnh c\u00f3 tr\u1ebb em hay nh\u1eefng c\u1eb7p \u0111\u00f4i mu\u1ed1n \u0111i du l\u1ecbch c\u00f9ng nhau m\u00e0 mu\u1ed1n c\u00f3 m\u1ed9t kh\u00f4ng gian ri\u00eang t\u01b0 tr\u00ean xe th\u00ec vi\u1ec7c l\u1ef1a ch\u1ecdn xe ph\u00f2ng n\u1eb1m 2 ng\u01b0\u1eddi c\u1ee7a nh\u00e0 xe n\u00e0y s\u1ebd l\u00e0 m\u1ed9t l\u1ef1a ch\u1ecdn v\u00f4 c\u00f9ng h\u1ee3p l\u00fd!<\/span><\/p>\n<h2 id=\"2-lich-trinh-thoi-gian-khoi-hanh-xe-giuong-doi-nguyen-kim-limousine\"><span style=\"color: #003300;\"><strong>2. L\u1ecbch tr\u00ecnh th\u1eddi gian kh\u1edfi h\u00e0nh xe gi\u01b0\u1eddng \u0111\u00f4i Nguy\u1ec5n Kim Limousine<\/strong><\/span><\/h2>\n<p><span style=\"font-size: 16px;\">Nguy\u1ec5n Kim Limousine c\u00f3 l\u1ecbch tr\u00ecnh di chuy\u1ec3n kh\u00e1 d\u00e0y \u0111\u1eb7c. V\u1eadn chuy\u1ec3n h\u00e0nh kh\u00e1ch di chuy\u1ec3n tuy\u1ebfn S\u00e0i G\u00f2n \u0111i \u0110\u00e0 L\u1ea1t v\u00e0 ng\u01b0\u1ee3c l\u1ea1i.<\/span><\/p>\n<p><span style=\"font-size: 16px;\">V\u00ec v\u1eady, n\u1ebfu b\u1ea1n c\u00f3 nhu c\u1ea7u di chuy\u1ec3n v\u00e0o ng\u00e0y n\u00e0o, khung gi\u1edd n\u00e0o th\u00ec \u0111\u1ec1u c\u00f3 li\u00ean h\u1ec7 tr\u01b0\u1edbc \u0111\u1ec3 c\u00f3 th\u1ec3 l\u1ef1a ch\u1ecdn chuy\u1ebfn \u0111i ph\u00f9 h\u1ee3p v\u1edbi m\u00ecnh!!!<\/span><\/p>\n<table style=\"border-collapse: collapse; width: 100%; height: 34px;\">\n<tbody>\n<tr style=\"height: 24px;\">\n<td style=\"width: 50%; text-align: center; height: 24px;\"><span style=\"font-size: 16px;\"><strong>L\u1ed9 tr\u00ecnh tuy\u1ebfn S\u00e0i G\u00f2n &#8211; \u0110\u00e0 L\u1ea1t\u00a0<\/strong><\/span><\/td>\n<td style=\"width: 50%; text-align: center; height: 24px;\"><span style=\"font-size: 16px;\"><strong>L\u1ed9 tr\u00ecnh tuy\u1ebfn \u0110\u00e0 L\u1ea1t &#8211; S\u00e0i G\u00f2n<\/strong><\/span><\/td>\n<\/tr>\n<tr style=\"height: 10px;\">\n<td style=\"width: 50%; height: 10px;\"><span style=\"font-size: 16px;\">Gi\u1edd kh\u1edfi h\u00e0nh: 12 chuy\u1ebfn\/ng\u00e0y, b\u1eaft \u0111\u1ea7u t\u1eeb 7h30 &#8211; 23h30<\/span><\/td>\n<td style=\"width: 50%; height: 10px;\"><span style=\"font-size: 16px;\">Gi\u1edd kh\u1edfi h\u00e0nh: 12 chuy\u1ebfn\/ng\u00e0y, b\u1eaft \u0111\u1ea7u t\u1eeb 10h30 &#8211; 22h00<\/span><\/td>\n<\/tr>\n<\/tbody>\n<\/table>\n<p><span style=\"font-size: 16px;\">C\u00e1c \u0111\u1ecba \u0111i\u1ec3m trung chuy\u1ec3n \u0111\u00f3n kh\u00e1ch t\u1ea1i S\u00e0i G\u00f2n:<\/span><\/p>\n<p><span style=\"font-size: 16px;\">\u2714\ufe0f Ng\u00e3 t\u01b0 H\u00e0ng Xanh<\/span><\/p>\n<p><span style=\"font-size: 16px;\">\u2714\ufe0f Ng\u00e3 ba Ph\u1ea1m V\u0103n \u0110\u1ed3ng<\/span><\/p>\n<p><span style=\"font-size: 16px;\">C\u00e1c \u0111\u1ecba \u0111i\u1ec3m trung chuy\u1ec3n \u0111\u00f3n kh\u00e1ch t\u1ea1i \u0110\u00e0 L\u1ea1t:<\/span><\/p>\n<p><span style=\"font-size: 16px;\">\u2714\ufe0f N\u1ed9i \u00f4 th\u00e0nh ph\u1ed1 \u0110\u00e0 L\u1ea1t, b\u00e1n k\u00ednh 5km<\/span><\/p>\n<p><span style=\"font-size: 16px;\">\u2714\ufe0f B\u1ebfn xe li\u00ean t\u1ec9nh \u0110\u00e0 L\u1ea1t<\/span><\/p>\n<p><img decoding=\"async\" class=\"aligncenter wp-image-23075 size-full\" src=\"https:\/\/dalatreview.vn\/wp-content\/uploads\/2022\/11\/hinh-6-4.jpg\" alt=\"Xe gi\u01b0\u1eddng \u0111\u00f4i Nguy\u1ec5n Kim tuy\u1ebfn S\u00e0i G\u00f2n - \u0110\u00e0 L\u1ea1t\" width=\"1200\" height=\"900\" \/><\/p>\n<h2 id=\"3-cap-nhat-gia-ve-xe-giuong-doi-nguyen-kim-limousine\"><span style=\"color: #003300;\"><strong>3. C\u1eadp nh\u1eadt gi\u00e1 v\u00e9 xe gi\u01b0\u1eddng \u0111\u00f4i Nguy\u1ec5n Kim Limousine<\/strong><\/span><\/h2>\n<p><span style=\"font-size: 16px;\">Xe gi\u01b0\u1eddng \u0111\u00f4i Nguy\u1ec5n Kim Limousine c\u00f3 m\u1ee9c gi\u00e1: 750.000\u0111\/ph\u00f2ng (n\u1eb1m t\u1ed1i \u0111a 2 ng\u01b0\u1eddi l\u1edbn, gi\u1edbi h\u1ea1n 130kg)<\/span><\/p>\n<p><span style=\"font-size: 16px;\">Xe gi\u01b0\u1eddng \u0111\u01a1n Nguy\u1ec5n Kim Limousine c\u00f3 m\u1ee9c gi\u00e1: 399.000\u0111\/ph\u00f2ng (n\u1eb1m t\u1ed1i \u0111a 1 ng\u01b0\u1eddi l\u1edbn v\u00e0 1 tr\u1ebb em d\u01b0\u1edbi 5 tu\u1ed5i)<\/span><\/p>\n<p><span style=\"font-size: 16px;\">Gi\u00e1 v\u00e9 tr\u00ean \u0111\u00e3 bao g\u1ed3m:<\/span><\/p>\n<p><span style=\"font-size: 16px;\">\u2714\ufe0f B\u1ea3o hi\u1ec3m h\u00e0nh kh\u00e1ch<\/span><\/p>\n<p><span style=\"font-size: 16px;\">\u2714\ufe0f Kh\u0103n l\u1ea1nh, n\u01b0\u1edbc u\u1ed1ng, wifi free<\/span><\/p>\n<p><span style=\"font-size: 16px;\">\u2714\ufe0f C\u00e1c d\u1ecbch v\u1ee5 ti\u1ec7n \u00edch tr\u00ean xe<\/span><\/p>\n<p><span style=\"font-size: 16px;\">\u2714\ufe0f \u0110\u01b0a \u0111\u00f3n mi\u1ec5n ph\u00ed c\u00e1c \u0111\u1ecba \u0111i\u1ec3m theo quy \u0111\u1ecbnh<\/span><\/p>\n<p><img decoding=\"async\" class=\"size-full wp-image-23076 aligncenter\" src=\"https:\/\/dalatreview.vn\/wp-content\/uploads\/2022\/11\/hinh-7-4.jpg\" alt=\"Xe gi\u01b0\u1eddng \u0111\u00f4i Nguy\u1ec5n Kim tuy\u1ebfn S\u00e0i G\u00f2n - \u0110\u00e0 L\u1ea1t\" width=\"1365\" height=\"1365\" \/><\/p>\n<h2 id=\"4-thong-tin-lien-he\"><span style=\"color: #003300;\"><strong>4. Th\u00f4ng tin li\u00ean h\u1ec7<\/strong><\/span><\/h2>\n<p><span style=\"font-size: 16px;\">\u0110\u1ec3 \u0111\u00e1p \u1ee9ng m\u1ecdi nhu c\u1ea7u di chuy\u1ec3n b\u1eb1ng xe kh\u00e1ch Nguy\u1ec5n Kim Limousine b\u1ea1n c\u00f3 th\u1ec3 vui l\u00f2ng li\u00ean h\u1ec7 theo th\u00f4ng tin chi ti\u1ebft d\u01b0\u1edbi \u0111\u00e2y:<\/span><\/p>\n<p><span style=\"font-size: 16px;\">Holine \u0111\u1eb7t v\u00e9: 0989249297<\/span><\/p>\n<p><span style=\"font-size: 16px;\">Xem th\u00eam b\u00e0i vi\u1ebft kh\u00e1c t\u1ea1i: <a href=\"https:\/\/dalatreview.vn\/en\/\">\u0110\u00e0 L\u1ea1t Review<\/a><\/span><\/p>","protected":false},"excerpt":{"rendered":"<p>Danh m\u1ee5c ch\u00ednh Xe gi\u01b0\u1eddng \u0111\u00f4i Nguy\u1ec5n Kim tuy\u1ebfn S\u00e0i G\u00f2n &#8211; \u0110\u00e0 L\u1ea1t 1. T\u1ea1i sao n\u00ean ch\u1ecdn l\u1ef1a xe gi\u01b0\u1eddng \u0111\u00f4i Nguy\u1ec5n Kim Limousine? 2. L\u1ecbch tr\u00ecnh th\u1eddi gian kh\u1edfi h\u00e0nh xe gi\u01b0\u1eddng \u0111\u00f4i Nguy\u1ec5n Kim Limousine 3. C\u1eadp nh\u1eadt gi\u00e1 v\u00e9 xe gi\u01b0\u1eddng \u0111\u00f4i Nguy\u1ec5n Kim Limousine 4. Th\u00f4ng tin li\u00ean h\u1ec7 [&hellip;]<\/p>","protected":false},"featured_media":23077,"comment_status":"open","ping_status":"closed","template":"","meta":{"_acf_changed":false,"rank_math_lock_modified_date":false},"product_cat":[73,78],"product_tag":[],"acf":[],"_links":{"self":[{"href":"https:\/\/dalatreview.vn\/en\/wp-json\/wp\/v2\/product\/23066"}],"collection":[{"href":"https:\/\/dalatreview.vn\/en\/wp-json\/wp\/v2\/product"}],"about":[{"href":"https:\/\/dalatreview.vn\/en\/wp-json\/wp\/v2\/types\/product"}],"replies":[{"embeddable":true,"href":"https:\/\/dalatreview.vn\/en\/wp-json\/wp\/v2\/comments?post=23066"}],"wp:featuredmedia":[{"embeddable":true,"href":"https:\/\/dalatreview.vn\/en\/wp-json\/wp\/v2\/media\/23077"}],"wp:attachment":[{"href":"https:\/\/dalatreview.vn\/en\/wp-json\/wp\/v2\/media?parent=23066"}],"wp:term":[{"taxonomy":"product_cat","embeddable":true,"href":"https:\/\/dalatreview.vn\/en\/wp-json\/wp\/v2\/product_cat?post=23066"},{"taxonomy":"product_tag","embeddable":true,"href":"https:\/\/dalatreview.vn\/en\/wp-json\/wp\/v2\/product_tag?post=23066"}],"curies":[{"name":"wp","href":"https:\/\/api.w.org\/{rel}","templated":true}]}}